{"id":4530,"date":"2016-03-02T18:27:03","date_gmt":"2016-03-02T17:27:03","guid":{"rendered":"https:\/\/www.starremedies.com\/?page_id=4530"},"modified":"2025-02-05T12:49:08","modified_gmt":"2025-02-05T11:49:08","slug":"creams","status":"publish","type":"page","link":"https:\/\/www.starremedies.com\/it\/brands\/starremedies\/creams\/","title":{"rendered":"Crema base, 100% naturale, per ogni pelle"},"content":{"rendered":"<section class=\"section section_breadcrumbs\" id=\"section_842400570\">\n\t\t<div class=\"section-bg fill\" >\n\t\t\t\t\t\t\t\t\t\n\t\t\t\n\n\t\t<\/div>\n\n\t\t\n\n\t\t<div class=\"section-content relative\">\n\t\t\t\n<div class=\"row breadcrumbs-row\"  id=\"row-1380085760\">\n\n\t<div id=\"col-296963847\" class=\"col small-12 large-12\"  >\n\t\t\t\t<div class=\"col-inner\"  >\n\t\t\t\n\t\t\t\n\t<div id=\"text-2291961710\" class=\"text breadcrumbs\">\n\t\t\n<span><span><a href=\"https:\/\/www.starremedies.com\/it\/\">Casa<\/a><\/span><\/span>\n\t\t\t<\/div>\n\t\n\t\t<\/div>\n\t\t\t\t\t<\/div>\n\n\t\n\n<style>\n#row-1380085760 > .col > .col-inner {\n  padding: 0px 0px 0px 0px;\n}\n<\/style>\n<\/div>\n\t\t<\/div>\n\n\t\t\n<style>\n#section_842400570 {\n  padding-top: 0px;\n  padding-bottom: 0px;\n  margin-bottom: 0px;\n}\n<\/style>\n\t<\/section>\n\t\n\n\t<section class=\"section products_row\" id=\"section_2042110956\">\n\t\t<div class=\"section-bg fill\" >\n\t\t\t\t\t\t\t\t\t\n\t\t\t\n\n\t\t<\/div>\n\n\t\t\n\n\t\t<div class=\"section-content relative\">\n\t\t\t\n<div class=\"row align-middle align-center\"  id=\"row-1794155234\">\n\n\t<div id=\"col-1031110531\" class=\"col medium-2 small-12 large-2\"  >\n\t\t\t\t<div class=\"col-inner text-center\"  >\n\t\t\t\n\t\t\t\n\t<div class=\"img has-hover x md-x lg-x y md-y lg-y\" id=\"image_1569891469\">\n\t\t\t\t\t\t\t\t<div class=\"img-inner dark\" >\n\t\t\t<img decoding=\"async\" width=\"250\" height=\"250\" src=\"https:\/\/www.starremedies.com\/wp-content\/uploads\/2022\/12\/sr_logo_transparent.png\" class=\"attachment-original size-original\" alt=\"\" srcset=\"https:\/\/www.starremedies.com\/wp-content\/uploads\/2022\/12\/sr_logo_transparent.png 250w, https:\/\/www.starremedies.com\/wp-content\/uploads\/2022\/12\/sr_logo_transparent-80x80.png 80w\" sizes=\"(max-width: 250px) 100vw, 250px\" \/>\t\t\t\t\t\t\n\t\t\t\t\t<\/div>\n\t\t\t\t\t\t\t\t\n<style>\n#image_1569891469 {\n  width: 100%;\n}\n<\/style>\n\t<\/div>\n\t\n\t\t<\/div>\n\t\t\t\t\t<\/div>\n\n\t\n\n\t<div id=\"col-1682814513\" class=\"col small-12 large-12\"  >\n\t\t\t\t<div class=\"col-inner text-center\"  >\n\t\t\t\n\t\t\t\n\t<div id=\"text-3311130612\" class=\"text\">\n\t\t\n<h1>CREMA BASE, 100% NATURALE, PER OGNI PELLE<\/h1>\n\t\t\n<style>\n#text-3311130612 {\n  text-align: center;\n}\n<\/style>\n\t<\/div>\n\t\n\t\t<\/div>\n\t\t\t\t\t<\/div>\n\n\t\n<\/div>\n\t\t<\/div>\n\n\t\t\n<style>\n#section_2042110956 {\n  padding-top: 30px;\n  padding-bottom: 30px;\n  background-color: rgb(247, 247, 247);\n}\n<\/style>\n\t<\/section>\n\t\n\n\t<section class=\"section\" id=\"section_237708478\">\n\t\t<div class=\"section-bg fill\" >\n\t\t\t\t\t\t\t\t\t\n\t\t\t\n\n\t\t<\/div>\n\n\t\t\n\n\t\t<div class=\"section-content relative\">\n\t\t\t\n<div class=\"row\"  id=\"row-259170269\">\n\n\t<div id=\"col-594168494\" class=\"col medium-10 small-12 large-10\"  >\n\t\t\t\t<div class=\"col-inner\"  >\n\t\t\t\n\t\t\t\n<h2>Crema base<\/h2>\n<p>Un'eccellente crema base naturale pura 100% che non \u00e8 stata testata sugli animali e quindi non \u00e8 testata sugli animali. Questo \u00e8 un requisito fondamentale per i nostri prodotti: cruelty-free. Questa crema base \u00e8 completamente priva di sostanze petrolchimiche, lanolina, sodio dodecil solfato, parabeni, coloranti, dietanolamina (DEA), profumo e altri additivi non necessari.<\/p>\n<p>La crema base naturale \u00e8 ideale per tutti i tipi di pelle e si caratterizza per offrire la stessa qualit\u00e0 dei marchi esclusivi pi\u00f9 famosi. Questa crema pu\u00f2 essere utilizzata anche come base per una crema idratante e per creme per mani, viso e piedi.<\/p>\n<p>Inoltre, questa crema pu\u00f2 essere utilizzata anche pura o in combinazione con oli essenziali, oli vegetali, tinture, acque aromatiche, idrolati, estratti di erbe essiccate, estratti di piante CO2, profumi naturali e micas.<\/p>\n<h3><strong>La crema contiene:<\/strong><\/h3>\n<p>Aqua, Glicerina, Alcool cetearilico, Acido stearico, Trigliceride caprilico\/caprico, Glicerina stearato BE, Aloe Barbadensis, Isopropyl Palmitate, Olio di Cosos Nucifera (Cocco), Olio di San Giovanni, Calendula Officinalis, Olio di Triticum Vulgare, Citrus Grandis (Semi di Pompelmo) ) Estratto, Fenossietanolo, Etilesiglicerina, Trietanolamina, Olio di Cymbopogon Felxuosus (Citronella), Acido Citrico, Citrale, Geraniolo, Citronellolo, Limonene, Linalolo<br \/><strong><br \/>Disponibile in:<\/strong><br \/>500 grammi<\/p>\n\t\t<\/div>\n\t\t\t\t\t<\/div>\n\n\t\n\n\t<div id=\"col-2136280382\" class=\"col medium-2 small-12 large-2\"  >\n\t\t\t\t<div class=\"col-inner text-center\"  >\n\t\t\t\n\t\t\t\n\t<div class=\"img has-hover x md-x lg-x y md-y lg-y\" id=\"image_1452439103\">\n\t\t\t\t\t\t\t\t<div class=\"img-inner dark\" >\n\t\t\t<img decoding=\"async\" width=\"300\" height=\"300\" src=\"https:\/\/www.starremedies.com\/wp-content\/uploads\/2016\/03\/srbc500-300x300.jpg\" class=\"attachment-medium size-medium\" alt=\"\" srcset=\"https:\/\/www.starremedies.com\/wp-content\/uploads\/2016\/03\/srbc500-300x300.jpg 300w, https:\/\/www.starremedies.com\/wp-content\/uploads\/2016\/03\/srbc500-80x80.jpg 80w, https:\/\/www.starremedies.com\/wp-content\/uploads\/2016\/03\/srbc500-36x36.jpg 36w, https:\/\/www.starremedies.com\/wp-content\/uploads\/2016\/03\/srbc500-180x180.jpg 180w, https:\/\/www.starremedies.com\/wp-content\/uploads\/2016\/03\/srbc500-120x120.jpg 120w, https:\/\/www.starremedies.com\/wp-content\/uploads\/2016\/03\/srbc500-450x450.jpg 450w, https:\/\/www.starremedies.com\/wp-content\/uploads\/2016\/03\/srbc500.jpg 500w\" sizes=\"(max-width: 300px) 100vw, 300px\" \/>\t\t\t\t\t\t\n\t\t\t\t\t<\/div>\n\t\t\t\t\t\t\t\t\n<style>\n#image_1452439103 {\n  width: 100%;\n}\n<\/style>\n\t<\/div>\n\t\n\t\t<\/div>\n\t\t\t\t\t<\/div>\n\n\t\n\n\t<div id=\"col-749588810\" class=\"col small-12 large-12\"  >\n\t\t\t\t<div class=\"col-inner\"  >\n\t\t\t\n\t\t\t\n<h2>Acquistare le essenze floreali e i prodotti Star Remedies<\/h2>\n<p>Le essenze floreali e i prodotti Star Remedies possono essere ordinati separatamente a\u00a0<a href=\"https:\/\/www.starremediesshop.com\/it\/floweressences\/starremedies\/creams\/\" target=\"_blank\" rel=\"noopener\">starremediesshop.com<\/a><\/p>\n<p>Siete imprenditori, professionisti o terapeuti e siete interessati ai prodotti Star Remedies.\u00a0<a href=\"https:\/\/www.starremedies.com\/it\/companies\/\">Registrazione tramite il modulo di registrazione per le aziende<\/a>\u00a0e per terapisti e professionisti,\u00a0<a href=\"https:\/\/www.starremedies.com\/it\/companies\/\">il modulo di registrazione per i professionisti<\/a>.<\/p>\n\t\t<\/div>\n\t\t\t\t\n<style>\n#col-749588810 > .col-inner {\n  margin: 75px 0px 0px 0px;\n}\n<\/style>\n\t<\/div>\n\n\t\n<\/div>\n\t\t<\/div>\n\n\t\t\n<style>\n#section_237708478 {\n  padding-top: 30px;\n  padding-bottom: 30px;\n}\n<\/style>\n\t<\/section>","protected":false},"excerpt":{"rendered":"","protected":false},"author":1,"featured_media":0,"parent":3856,"menu_order":0,"comment_status":"closed","ping_status":"closed","template":"page-blank.php","meta":{"footnotes":""},"class_list":["post-4530","page","type-page","status-publish","hentry"],"yoast_head":"<!-- This site is optimized with the Yoast SEO plugin v27.5 - https:\/\/yoast.com\/product\/yoast-seo-wordpress\/ -->\n<title>Base cream, 100% natural, for every skin - Star Remedies<\/title>\n<meta name=\"description\" content=\"Base cream based on 100% natural ingredients and used by luxury brands worldwide. Suitable for mixing essential oils, Bach flowers.\" \/>\n<meta name=\"robots\" content=\"index, follow, max-snippet:-1, max-image-preview:large, max-video-preview:-1\" \/>\n<link rel=\"canonical\" href=\"https:\/\/www.starremedies.com\/it\/brands\/starremedies\/creams\/\" \/>\n<meta property=\"og:locale\" content=\"it_IT\" \/>\n<meta property=\"og:type\" content=\"article\" \/>\n<meta property=\"og:title\" content=\"Base cream, 100% natural, for every skin - Star Remedies\" \/>\n<meta property=\"og:description\" content=\"Base cream based on 100% natural ingredients and used by luxury brands worldwide. Suitable for mixing essential oils, Bach flowers.\" \/>\n<meta property=\"og:url\" content=\"https:\/\/www.starremedies.com\/it\/brands\/starremedies\/creams\/\" \/>\n<meta property=\"og:site_name\" content=\"Star Remedies\" \/>\n<meta property=\"article:publisher\" content=\"https:\/\/www.facebook.com\/starremedies\/\" \/>\n<meta property=\"article:modified_time\" content=\"2025-02-05T11:49:08+00:00\" \/>\n<meta name=\"twitter:card\" content=\"summary_large_image\" \/>\n<script type=\"application\/ld+json\" class=\"yoast-schema-graph\">{\"@context\":\"https:\\\/\\\/schema.org\",\"@graph\":[{\"@type\":\"WebPage\",\"@id\":\"https:\\\/\\\/www.starremedies.com\\\/brands\\\/starremedies\\\/creams\\\/\",\"url\":\"https:\\\/\\\/www.starremedies.com\\\/brands\\\/starremedies\\\/creams\\\/\",\"name\":\"Base cream, 100% natural, for every skin - Star Remedies\",\"isPartOf\":{\"@id\":\"https:\\\/\\\/www.starremedies.com\\\/#website\"},\"datePublished\":\"2016-03-02T17:27:03+00:00\",\"dateModified\":\"2025-02-05T11:49:08+00:00\",\"description\":\"Base cream based on 100% natural ingredients and used by luxury brands worldwide. Suitable for mixing essential oils, Bach flowers.\",\"breadcrumb\":{\"@id\":\"https:\\\/\\\/www.starremedies.com\\\/brands\\\/starremedies\\\/creams\\\/#breadcrumb\"},\"inLanguage\":\"it-IT\",\"potentialAction\":[{\"@type\":\"ReadAction\",\"target\":[\"https:\\\/\\\/www.starremedies.com\\\/brands\\\/starremedies\\\/creams\\\/\"]}]},{\"@type\":\"BreadcrumbList\",\"@id\":\"https:\\\/\\\/www.starremedies.com\\\/brands\\\/starremedies\\\/creams\\\/#breadcrumb\",\"itemListElement\":[{\"@type\":\"ListItem\",\"position\":1,\"name\":\"Home\",\"item\":\"https:\\\/\\\/www.starremedies.com\\\/\"},{\"@type\":\"ListItem\",\"position\":2,\"name\":\"Our Brands\",\"item\":\"https:\\\/\\\/www.starremedies.com\\\/brands\\\/\"},{\"@type\":\"ListItem\",\"position\":3,\"name\":\"Star Remedies Flower Essences\",\"item\":\"https:\\\/\\\/www.starremedies.com\\\/brands\\\/starremedies\\\/\"},{\"@type\":\"ListItem\",\"position\":4,\"name\":\"Base cream, 100% natural, for every skin\"}]},{\"@type\":\"WebSite\",\"@id\":\"https:\\\/\\\/www.starremedies.com\\\/#website\",\"url\":\"https:\\\/\\\/www.starremedies.com\\\/\",\"name\":\"Star Remedies\",\"description\":\"\",\"publisher\":{\"@id\":\"https:\\\/\\\/www.starremedies.com\\\/#organization\"},\"potentialAction\":[{\"@type\":\"SearchAction\",\"target\":{\"@type\":\"EntryPoint\",\"urlTemplate\":\"https:\\\/\\\/www.starremedies.com\\\/?s={search_term_string}\"},\"query-input\":{\"@type\":\"PropertyValueSpecification\",\"valueRequired\":true,\"valueName\":\"search_term_string\"}}],\"inLanguage\":\"it-IT\"},{\"@type\":\"Organization\",\"@id\":\"https:\\\/\\\/www.starremedies.com\\\/#organization\",\"name\":\"Star Remedies\",\"url\":\"https:\\\/\\\/www.starremedies.com\\\/\",\"logo\":{\"@type\":\"ImageObject\",\"inLanguage\":\"it-IT\",\"@id\":\"https:\\\/\\\/www.starremedies.com\\\/#\\\/schema\\\/logo\\\/image\\\/\",\"url\":\"https:\\\/\\\/www.starremedies.com\\\/wp-content\\\/uploads\\\/2016\\\/02\\\/srl.gif\",\"contentUrl\":\"https:\\\/\\\/www.starremedies.com\\\/wp-content\\\/uploads\\\/2016\\\/02\\\/srl.gif\",\"width\":250,\"height\":250,\"caption\":\"Star Remedies\"},\"image\":{\"@id\":\"https:\\\/\\\/www.starremedies.com\\\/#\\\/schema\\\/logo\\\/image\\\/\"},\"sameAs\":[\"https:\\\/\\\/www.facebook.com\\\/starremedies\\\/\",\"https:\\\/\\\/www.instagram.com\\\/starremedies\\\/\"]}]}<\/script>\n<!-- \/ Yoast SEO plugin. -->","yoast_head_json":{"title":"Crema base, 100% naturale, per ogni pelle - Star Remedies","description":"Crema base a base di ingredienti naturali 100%, utilizzata da marchi di lusso in tutto il mondo. Adatta per miscelare oli essenziali, fiori di Bach.","robots":{"index":"index","follow":"follow","max-snippet":"max-snippet:-1","max-image-preview":"max-image-preview:large","max-video-preview":"max-video-preview:-1"},"canonical":"https:\/\/www.starremedies.com\/it\/brands\/starremedies\/creams\/","og_locale":"it_IT","og_type":"article","og_title":"Base cream, 100% natural, for every skin - Star Remedies","og_description":"Base cream based on 100% natural ingredients and used by luxury brands worldwide. Suitable for mixing essential oils, Bach flowers.","og_url":"https:\/\/www.starremedies.com\/it\/brands\/starremedies\/creams\/","og_site_name":"Star Remedies","article_publisher":"https:\/\/www.facebook.com\/starremedies\/","article_modified_time":"2025-02-05T11:49:08+00:00","twitter_card":"summary_large_image","schema":{"@context":"https:\/\/schema.org","@graph":[{"@type":"WebPage","@id":"https:\/\/www.starremedies.com\/brands\/starremedies\/creams\/","url":"https:\/\/www.starremedies.com\/brands\/starremedies\/creams\/","name":"Crema base, 100% naturale, per ogni pelle - Star Remedies","isPartOf":{"@id":"https:\/\/www.starremedies.com\/#website"},"datePublished":"2016-03-02T17:27:03+00:00","dateModified":"2025-02-05T11:49:08+00:00","description":"Crema base a base di ingredienti naturali 100%, utilizzata da marchi di lusso in tutto il mondo. Adatta per miscelare oli essenziali, fiori di Bach.","breadcrumb":{"@id":"https:\/\/www.starremedies.com\/brands\/starremedies\/creams\/#breadcrumb"},"inLanguage":"it-IT","potentialAction":[{"@type":"ReadAction","target":["https:\/\/www.starremedies.com\/brands\/starremedies\/creams\/"]}]},{"@type":"BreadcrumbList","@id":"https:\/\/www.starremedies.com\/brands\/starremedies\/creams\/#breadcrumb","itemListElement":[{"@type":"ListItem","position":1,"name":"Home","item":"https:\/\/www.starremedies.com\/"},{"@type":"ListItem","position":2,"name":"Our Brands","item":"https:\/\/www.starremedies.com\/brands\/"},{"@type":"ListItem","position":3,"name":"Star Remedies Flower Essences","item":"https:\/\/www.starremedies.com\/brands\/starremedies\/"},{"@type":"ListItem","position":4,"name":"Base cream, 100% natural, for every skin"}]},{"@type":"WebSite","@id":"https:\/\/www.starremedies.com\/#website","url":"https:\/\/www.starremedies.com\/","name":"Rimedi stellari","description":"","publisher":{"@id":"https:\/\/www.starremedies.com\/#organization"},"potentialAction":[{"@type":"SearchAction","target":{"@type":"EntryPoint","urlTemplate":"https:\/\/www.starremedies.com\/?s={search_term_string}"},"query-input":{"@type":"PropertyValueSpecification","valueRequired":true,"valueName":"search_term_string"}}],"inLanguage":"it-IT"},{"@type":"Organization","@id":"https:\/\/www.starremedies.com\/#organization","name":"Rimedi stellari","url":"https:\/\/www.starremedies.com\/","logo":{"@type":"ImageObject","inLanguage":"it-IT","@id":"https:\/\/www.starremedies.com\/#\/schema\/logo\/image\/","url":"https:\/\/www.starremedies.com\/wp-content\/uploads\/2016\/02\/srl.gif","contentUrl":"https:\/\/www.starremedies.com\/wp-content\/uploads\/2016\/02\/srl.gif","width":250,"height":250,"caption":"Star Remedies"},"image":{"@id":"https:\/\/www.starremedies.com\/#\/schema\/logo\/image\/"},"sameAs":["https:\/\/www.facebook.com\/starremedies\/","https:\/\/www.instagram.com\/starremedies\/"]}]}},"_links":{"self":[{"href":"https:\/\/www.starremedies.com\/it\/wp-json\/wp\/v2\/pages\/4530","targetHints":{"allow":["GET"]}}],"collection":[{"href":"https:\/\/www.starremedies.com\/it\/wp-json\/wp\/v2\/pages"}],"about":[{"href":"https:\/\/www.starremedies.com\/it\/wp-json\/wp\/v2\/types\/page"}],"author":[{"embeddable":true,"href":"https:\/\/www.starremedies.com\/it\/wp-json\/wp\/v2\/users\/1"}],"replies":[{"embeddable":true,"href":"https:\/\/www.starremedies.com\/it\/wp-json\/wp\/v2\/comments?post=4530"}],"version-history":[{"count":10,"href":"https:\/\/www.starremedies.com\/it\/wp-json\/wp\/v2\/pages\/4530\/revisions"}],"predecessor-version":[{"id":27976,"href":"https:\/\/www.starremedies.com\/it\/wp-json\/wp\/v2\/pages\/4530\/revisions\/27976"}],"up":[{"embeddable":true,"href":"https:\/\/www.starremedies.com\/it\/wp-json\/wp\/v2\/pages\/3856"}],"wp:attachment":[{"href":"https:\/\/www.starremedies.com\/it\/wp-json\/wp\/v2\/media?parent=4530"}],"curies":[{"name":"wp","href":"https:\/\/api.w.org\/{rel}","templated":true}]}}