{"id":4511,"date":"2016-03-01T12:19:39","date_gmt":"2016-03-01T11:19:39","guid":{"rendered":"https:\/\/www.starremedies.com\/?page_id=4511"},"modified":"2025-02-04T13:50:39","modified_gmt":"2025-02-04T12:50:39","slug":"cint","status":"publish","type":"page","link":"https:\/\/www.starremedies.com\/it\/brands\/cint\/","title":{"rendered":"Dietmar Kr\u00e4mer - CINT"},"content":{"rendered":"<section class=\"section section_breadcrumbs\" id=\"section_2047776159\">\n\t\t<div class=\"section-bg fill\" >\n\t\t\t\t\t\t\t\t\t\n\t\t\t\n\n\t\t<\/div>\n\n\t\t\n\n\t\t<div class=\"section-content relative\">\n\t\t\t\n<div class=\"row breadcrumbs-row\"  id=\"row-688186657\">\n\n\t<div id=\"col-1928241102\" class=\"col small-12 large-12\"  >\n\t\t\t\t<div class=\"col-inner\"  >\n\t\t\t\n\t\t\t\n\t<div id=\"text-1831149183\" class=\"text breadcrumbs\">\n\t\t\n<span><span><a href=\"https:\/\/www.starremedies.com\/it\/\">Casa<\/a><\/span><\/span>\n\t\t\t<\/div>\n\t\n\t\t<\/div>\n\t\t\t\t\t<\/div>\n\n\t\n\n<style>\n#row-688186657 > .col > .col-inner {\n  padding: 0px 0px 0px 0px;\n}\n<\/style>\n<\/div>\n\t\t<\/div>\n\n\t\t\n<style>\n#section_2047776159 {\n  padding-top: 0px;\n  padding-bottom: 0px;\n  margin-bottom: 0px;\n}\n<\/style>\n\t<\/section>\n\t\n\n\t<section class=\"section products_row\" id=\"section_1866243053\">\n\t\t<div class=\"section-bg fill\" >\n\t\t\t\t\t\t\t\t\t\n\t\t\t\n\n\t\t<\/div>\n\n\t\t\n\n\t\t<div class=\"section-content relative\">\n\t\t\t\n<div class=\"row align-middle align-center\"  id=\"row-1746454058\">\n\n\t<div id=\"col-332863141\" class=\"col medium-3 small-9 large-3\"  >\n\t\t\t\t<div class=\"col-inner text-center\"  >\n\t\t\t\n\t\t\t\n\t<div class=\"img has-hover x md-x lg-x y md-y lg-y\" id=\"image_430440265\">\n\t\t\t\t\t\t\t\t<div class=\"img-inner dark\" >\n\t\t\t<img decoding=\"async\" width=\"200\" height=\"203\" src=\"https:\/\/www.starremedies.com\/wp-content\/uploads\/2016\/03\/logo-cint-1.gif\" class=\"attachment-original size-original\" alt=\"\" \/>\t\t\t\t\t\t\n\t\t\t\t\t<\/div>\n\t\t\t\t\t\t\t\t\n<style>\n#image_430440265 {\n  width: 70%;\n}\n<\/style>\n\t<\/div>\n\t\n\t\t<\/div>\n\t\t\t\t\t<\/div>\n\n\t\n\n\t<div id=\"col-495326168\" class=\"col small-12 large-12\"  >\n\t\t\t\t<div class=\"col-inner text-center\"  >\n\t\t\t\n\t\t\t\n\t<div id=\"text-1502560923\" class=\"text\">\n\t\t\n<h1>DIETMAR KR\u00c4MER - PRODOTTI CINT<\/h1>\n\t\t\n<style>\n#text-1502560923 {\n  text-align: center;\n}\n<\/style>\n\t<\/div>\n\t\n\t\t<\/div>\n\t\t\t\t\t<\/div>\n\n\t\n<\/div>\n\t\t<\/div>\n\n\t\t\n<style>\n#section_1866243053 {\n  padding-top: 30px;\n  padding-bottom: 30px;\n  background-color: rgb(247, 247, 247);\n}\n<\/style>\n\t<\/section>\n\t\n\n\t<section class=\"section\" id=\"section_1008135358\">\n\t\t<div class=\"section-bg fill\" >\n\t\t\t\t\t\t\t\t\t\n\t\t\t\n\n\t\t<\/div>\n\n\t\t\n\n\t\t<div class=\"section-content relative\">\n\t\t\t\n<div class=\"row\"  id=\"row-1459232829\">\n\n\t<div id=\"col-1421006257\" class=\"col small-12 large-12\"  >\n\t\t\t\t<div class=\"col-inner\"  >\n\t\t\t\n\t\t\t\n<h2>FORMAZIONE C.I.N.T. BENELUX E DIETMAR KR\u00c4MER<\/h2>\n<p>Il C.I.N.T. Benelux Opleidingen \u00e8 l'unico centro di formazione autorizzato nel Benelux che insegna il Metodo secondo Dietmar Kr\u00e4mer con fiori di Bach, oli essenziali, metalli, pietre preziose, colori e suoni. L'intero corso di formazione \u00e8 tenuto sia dal nostro team olandese, guidato da Madeleine Meuwessen &amp; amp; Micha Meuwessen, sia da Dietmar Kramer, che insegna a sua volta alcuni moduli. Visitate anche\u00a0<a href=\"https:\/\/www.cint.nl\/\" target=\"_blank\" rel=\"noopener\">www.cint.nl<\/a><\/p>\n\t\t<\/div>\n\t\t\t\t\t<\/div>\n\n\t\n\n\t<div id=\"col-1025508623\" class=\"col small-12 large-12\"  >\n\t\t\t\t<div class=\"col-inner\"  >\n\t\t\t\n\t\t\t\n\t<div id=\"gap-732509965\" class=\"gap-element clearfix\" style=\"display:block; height:auto;\">\n\t\t\n<style>\n#gap-732509965 {\n  padding-top: 75px;\n}\n<\/style>\n\t<\/div>\n\t\n\t\t<\/div>\n\t\t\t\t\t<\/div>\n\n\t\n\n\t<div id=\"col-345145390\" class=\"col medium-4 small-12 large-4\"  >\n\t\t\t\t<div class=\"col-inner text-center\"  >\n\t\t\t\n\t\t\t\n<h3>OLI ESSENZIALI - DIETMAR KR\u00c4MER - CINT<\/h3>\n\t<div class=\"img has-hover x md-x lg-x y md-y lg-y\" id=\"image_499808720\">\n\t\t\t\t\t\t\t\t<div class=\"img-inner dark\" >\n\t\t\t<img decoding=\"async\" width=\"200\" height=\"203\" src=\"https:\/\/www.starremedies.com\/wp-content\/uploads\/2016\/03\/logo-cint-1.gif\" class=\"attachment-original size-original\" alt=\"\" \/>\t\t\t\t\t\t\n\t\t\t\t\t<\/div>\n\t\t\t\t\t\t\t\t\n<style>\n#image_499808720 {\n  width: 50%;\n}\n<\/style>\n\t<\/div>\n\t\n<h4>OLI ESSENZIALI<\/h4>\n<p>Questi 38 oli essenziali molto particolari sono tutti destinati esclusivamente all'uso esterno e alle Nuove terapie con oli essenziali di Dietmar Kr\u00e4mer.<\/p>\n<a href=\"https:\/\/www.starremediesshop.com\/it\/cint\/essentialsoilscint\/\" class=\"button primary\" >\n\t\t<span>Oli essenziali - Dietmar Kramer disponibili nel nostro negozio<\/span>\n\t<\/a>\n\n\t\t<\/div>\n\t\t\t\t\t<\/div>\n\n\t\n\n\t<div id=\"col-374852141\" class=\"col medium-4 small-12 large-4\"  >\n\t\t\t\t<div class=\"col-inner text-center\"  >\n\t\t\t\n\t\t\t\n<h3>PIETRE PREZIOSE - DIETMAR KR\u00c4MER - CINT<\/h3>\n\t<div class=\"img has-hover x md-x lg-x y md-y lg-y\" id=\"image_2145298715\">\n\t\t\t\t\t\t\t\t<div class=\"img-inner dark\" >\n\t\t\t<img decoding=\"async\" width=\"200\" height=\"203\" src=\"https:\/\/www.starremedies.com\/wp-content\/uploads\/2016\/03\/logo-cint-1.gif\" class=\"attachment-original size-original\" alt=\"\" \/>\t\t\t\t\t\t\n\t\t\t\t\t<\/div>\n\t\t\t\t\t\t\t\t\n<style>\n#image_2145298715 {\n  width: 50%;\n}\n<\/style>\n\t<\/div>\n\t\n<h4>GEMME<\/h4>\n<p>Queste 38 gemme molto particolari sono tutte destinate esclusivamente all'uso esterno e alle Nuove terapie di Dietmar Kr\u00e4mer con le gemme.<\/p>\n<a href=\"https:\/\/www.starremediesshop.com\/it\/cint\/gemstones\/\" class=\"button primary\" >\n\t\t<span>Pietre preziose - Dietmar Kramer disponibili nel nostro negozio<\/span>\n\t<\/a>\n\n\t\t<\/div>\n\t\t\t\t\t<\/div>\n\n\t\n\n\t<div id=\"col-980568565\" class=\"col medium-4 small-12 large-4\"  >\n\t\t\t\t<div class=\"col-inner text-center\"  >\n\t\t\t\n\t\t\t\n<h3>PRODOTTI - DIETMAR KR\u00c4MER - CINT<\/h3>\n\t<div class=\"img has-hover x md-x lg-x y md-y lg-y\" id=\"image_2093056457\">\n\t\t\t\t\t\t\t\t<div class=\"img-inner dark\" >\n\t\t\t<img decoding=\"async\" width=\"200\" height=\"203\" src=\"https:\/\/www.starremedies.com\/wp-content\/uploads\/2016\/03\/logo-cint-1.gif\" class=\"attachment-original size-original\" alt=\"\" \/>\t\t\t\t\t\t\n\t\t\t\t\t<\/div>\n\t\t\t\t\t\t\t\t\n<style>\n#image_2093056457 {\n  width: 50%;\n}\n<\/style>\n\t<\/div>\n\t\n<h4>PRODOTTI CINT<\/h4>\n<p>Poster con mappe del corpo, cd dei toni, cd dei chakra, set di fogli colorati e metalli; tutto da utilizzare con le Nuove Terapie di Dietmar Kr\u00e4mer.<\/p>\n<a href=\"https:\/\/www.starremediesshop.com\/it\/cint\/\" class=\"button primary\" >\n\t\t<span>CINT - Dietmar Kramer disponibile nel nostro negozio<\/span>\n\t<\/a>\n\n\t\t<\/div>\n\t\t\t\t\t<\/div>\n\n\t\n<\/div>\n\t\t<\/div>\n\n\t\t\n<style>\n#section_1008135358 {\n  padding-top: 30px;\n  padding-bottom: 30px;\n}\n<\/style>\n\t<\/section>\n\t\n\n\t<section class=\"section\" id=\"section_1119971033\">\n\t\t<div class=\"section-bg fill\" >\n\t\t\t\t\t\t\t\t\t\n\t\t\t\n\n\t\t<\/div>\n\n\t\t\n\n\t\t<div class=\"section-content relative\">\n\t\t\t\n<div class=\"row align-middle\"  id=\"row-1731077851\">\n\n\t<div id=\"col-1309917690\" class=\"col medium-3 small-12 large-3\"  >\n\t\t\t\t<div class=\"col-inner\"  >\n\t\t\t\n\t\t\t\n\t<div class=\"img has-hover x md-x lg-x y md-y lg-y\" id=\"image_946548148\">\n\t\t\t\t\t\t\t\t<div class=\"img-inner box-shadow-2 box-shadow-3-hover dark\" >\n\t\t\t<img decoding=\"async\" width=\"300\" height=\"200\" src=\"https:\/\/www.starremedies.com\/wp-content\/uploads\/2024\/07\/pipetflesjes300.webp\" class=\"attachment-original size-original\" alt=\"\" srcset=\"https:\/\/www.starremedies.com\/wp-content\/uploads\/2024\/07\/pipetflesjes300.webp 300w, https:\/\/www.starremedies.com\/wp-content\/uploads\/2024\/07\/pipetflesjes300-18x12.webp 18w\" sizes=\"(max-width: 300px) 100vw, 300px\" \/>\t\t\t\t\t\t\n\t\t\t\t\t<\/div>\n\t\t\t\t\t\t\t\t\n<style>\n#image_946548148 {\n  width: 100%;\n}\n<\/style>\n\t<\/div>\n\t\n\t\t<\/div>\n\t\t\t\t\t<\/div>\n\n\t\n\n\t<div id=\"col-1336059814\" class=\"col medium-8 small-12 large-8\"  >\n\t\t\t\t<div class=\"col-inner text-center\"  >\n\t\t\t\n\t\t\t\n\t<div id=\"text-3162901937\" class=\"text\">\n\t\t\n<h3>Bottiglie e bicchieri per pipette<\/h3>\n<p>Vendita all'ingrosso di diversi tipi di pipette da 10, 20, 30 e 50 ml con o senza chiusura di garanzia e altri oggetti in vetro come barattoli per olio e bottiglie per olio con contagocce.<\/p>\n\t\t\n<style>\n#text-3162901937 {\n  color: rgb(255, 255, 255);\n}\n#text-3162901937 > * {\n  color: rgb(255, 255, 255);\n}\n<\/style>\n\t<\/div>\n\t\n<a href=\"https:\/\/www.starremedies.com\/it\/glassware\/\" class=\"button white is-underline\" >\n\t\t<span>Clicca qui!<\/span>\n\t<\/a>\n\n\t\t<\/div>\n\t\t\t\t\t<\/div>\n\n\t\n<\/div>\n\t\t<\/div>\n\n\t\t\n<style>\n#section_1119971033 {\n  padding-top: 30px;\n  padding-bottom: 30px;\n  background-color: #577631;\n}\n<\/style>\n\t<\/section>\n\t\n\n\t<section class=\"section\" id=\"section_819528663\">\n\t\t<div class=\"section-bg fill\" >\n\t\t\t\t\t\t\t\t\t\n\t\t\t\n\n\t\t<\/div>\n\n\t\t\n\n\t\t<div class=\"section-content relative\">\n\t\t\t\n<div class=\"row\"  id=\"row-932181247\">\n\n\t<div id=\"col-847618481\" class=\"col small-12 large-12\"  >\n\t\t\t\t<div class=\"col-inner\"  >\n\t\t\t\n\t\t\t\n<h2>Acquista i prodotti C.I.N.T. | Dietmar Kr\u00e4mer<\/h2>\n<p>I prodotti C.I.N.T. possono essere ordinati separatamente a <a href=\"https:\/\/www.starremediesshop.com\/it\/cint\/\" target=\"_blank\" rel=\"noopener\">starremediesshop.com<\/a><\/p>\n<p>Siete imprenditori, professionisti o terapeuti e siete interessati ai prodotti Star Remedies. <a href=\"https:\/\/www.starremedies.com\/it\/companies\/\">Registrazione tramite il modulo di registrazione per le aziende<\/a> e per terapisti e professionisti, <a href=\"https:\/\/www.starremedies.com\/it\/companies\/\">il modulo di registrazione per i professionisti<\/a>.<\/p>\n\t\t<\/div>\n\t\t\t\t\n<style>\n#col-847618481 > .col-inner {\n  padding: 25px 0px 0px 0px;\n}\n<\/style>\n\t<\/div>\n\n\t\n<\/div>\n\t\t<\/div>\n\n\t\t\n<style>\n#section_819528663 {\n  padding-top: 30px;\n  padding-bottom: 30px;\n}\n<\/style>\n\t<\/section>","protected":false},"excerpt":{"rendered":"","protected":false},"author":1,"featured_media":0,"parent":4107,"menu_order":0,"comment_status":"closed","ping_status":"closed","template":"page-blank.php","meta":{"footnotes":""},"class_list":["post-4511","page","type-page","status-publish","hentry"],"yoast_head":"<!-- This site is optimized with the Yoast SEO plugin v27.5 - https:\/\/yoast.com\/product\/yoast-seo-wordpress\/ -->\n<title>Essential oil, precious stones, colors and metals - Dietmar Kr\u00e4mer<\/title>\n<meta name=\"description\" content=\"Essential oil, oils, gems, color lamp set, metal set, gem set, skin zone maps and all other products according to the new therapies\" \/>\n<meta name=\"robots\" content=\"index, follow, max-snippet:-1, max-image-preview:large, max-video-preview:-1\" \/>\n<link rel=\"canonical\" href=\"https:\/\/www.starremedies.com\/it\/brands\/cint\/\" \/>\n<meta property=\"og:locale\" content=\"it_IT\" \/>\n<meta property=\"og:type\" content=\"article\" \/>\n<meta property=\"og:title\" content=\"Essential oil, precious stones, colors and metals - Dietmar Kr\u00e4mer\" \/>\n<meta property=\"og:description\" content=\"Essential oil, oils, gems, color lamp set, metal set, gem set, skin zone maps and all other products according to the new therapies\" \/>\n<meta property=\"og:url\" content=\"https:\/\/www.starremedies.com\/it\/brands\/cint\/\" \/>\n<meta property=\"og:site_name\" content=\"Star Remedies\" \/>\n<meta property=\"article:publisher\" content=\"https:\/\/www.facebook.com\/starremedies\/\" \/>\n<meta property=\"article:modified_time\" content=\"2025-02-04T12:50:39+00:00\" \/>\n<meta name=\"twitter:card\" content=\"summary_large_image\" \/>\n<script type=\"application\/ld+json\" class=\"yoast-schema-graph\">{\"@context\":\"https:\\\/\\\/schema.org\",\"@graph\":[{\"@type\":\"WebPage\",\"@id\":\"https:\\\/\\\/www.starremedies.com\\\/brands\\\/cint\\\/\",\"url\":\"https:\\\/\\\/www.starremedies.com\\\/brands\\\/cint\\\/\",\"name\":\"Essential oil, precious stones, colors and metals - Dietmar Kr\u00e4mer\",\"isPartOf\":{\"@id\":\"https:\\\/\\\/www.starremedies.com\\\/#website\"},\"datePublished\":\"2016-03-01T11:19:39+00:00\",\"dateModified\":\"2025-02-04T12:50:39+00:00\",\"description\":\"Essential oil, oils, gems, color lamp set, metal set, gem set, skin zone maps and all other products according to the new therapies\",\"breadcrumb\":{\"@id\":\"https:\\\/\\\/www.starremedies.com\\\/brands\\\/cint\\\/#breadcrumb\"},\"inLanguage\":\"it-IT\",\"potentialAction\":[{\"@type\":\"ReadAction\",\"target\":[\"https:\\\/\\\/www.starremedies.com\\\/brands\\\/cint\\\/\"]}]},{\"@type\":\"BreadcrumbList\",\"@id\":\"https:\\\/\\\/www.starremedies.com\\\/brands\\\/cint\\\/#breadcrumb\",\"itemListElement\":[{\"@type\":\"ListItem\",\"position\":1,\"name\":\"Home\",\"item\":\"https:\\\/\\\/www.starremedies.com\\\/\"},{\"@type\":\"ListItem\",\"position\":2,\"name\":\"Our Brands\",\"item\":\"https:\\\/\\\/www.starremedies.com\\\/brands\\\/\"},{\"@type\":\"ListItem\",\"position\":3,\"name\":\"Dietmar Kr\u00e4mer &#8211; CINT\"}]},{\"@type\":\"WebSite\",\"@id\":\"https:\\\/\\\/www.starremedies.com\\\/#website\",\"url\":\"https:\\\/\\\/www.starremedies.com\\\/\",\"name\":\"Star Remedies\",\"description\":\"\",\"publisher\":{\"@id\":\"https:\\\/\\\/www.starremedies.com\\\/#organization\"},\"potentialAction\":[{\"@type\":\"SearchAction\",\"target\":{\"@type\":\"EntryPoint\",\"urlTemplate\":\"https:\\\/\\\/www.starremedies.com\\\/?s={search_term_string}\"},\"query-input\":{\"@type\":\"PropertyValueSpecification\",\"valueRequired\":true,\"valueName\":\"search_term_string\"}}],\"inLanguage\":\"it-IT\"},{\"@type\":\"Organization\",\"@id\":\"https:\\\/\\\/www.starremedies.com\\\/#organization\",\"name\":\"Star Remedies\",\"url\":\"https:\\\/\\\/www.starremedies.com\\\/\",\"logo\":{\"@type\":\"ImageObject\",\"inLanguage\":\"it-IT\",\"@id\":\"https:\\\/\\\/www.starremedies.com\\\/#\\\/schema\\\/logo\\\/image\\\/\",\"url\":\"https:\\\/\\\/www.starremedies.com\\\/wp-content\\\/uploads\\\/2016\\\/02\\\/srl.gif\",\"contentUrl\":\"https:\\\/\\\/www.starremedies.com\\\/wp-content\\\/uploads\\\/2016\\\/02\\\/srl.gif\",\"width\":250,\"height\":250,\"caption\":\"Star Remedies\"},\"image\":{\"@id\":\"https:\\\/\\\/www.starremedies.com\\\/#\\\/schema\\\/logo\\\/image\\\/\"},\"sameAs\":[\"https:\\\/\\\/www.facebook.com\\\/starremedies\\\/\",\"https:\\\/\\\/www.instagram.com\\\/starremedies\\\/\"]}]}<\/script>\n<!-- \/ Yoast SEO plugin. -->","yoast_head_json":{"title":"Olio essenziale, pietre preziose, colori e metalli - Dietmar Kr\u00e4mer","description":"Olio essenziale, oli, gemme, set di lampade colorate, set di metalli, set di gemme, mappe delle zone cutanee e tutti gli altri prodotti secondo le nuove terapie","robots":{"index":"index","follow":"follow","max-snippet":"max-snippet:-1","max-image-preview":"max-image-preview:large","max-video-preview":"max-video-preview:-1"},"canonical":"https:\/\/www.starremedies.com\/it\/brands\/cint\/","og_locale":"it_IT","og_type":"article","og_title":"Essential oil, precious stones, colors and metals - Dietmar Kr\u00e4mer","og_description":"Essential oil, oils, gems, color lamp set, metal set, gem set, skin zone maps and all other products according to the new therapies","og_url":"https:\/\/www.starremedies.com\/it\/brands\/cint\/","og_site_name":"Star Remedies","article_publisher":"https:\/\/www.facebook.com\/starremedies\/","article_modified_time":"2025-02-04T12:50:39+00:00","twitter_card":"summary_large_image","schema":{"@context":"https:\/\/schema.org","@graph":[{"@type":"WebPage","@id":"https:\/\/www.starremedies.com\/brands\/cint\/","url":"https:\/\/www.starremedies.com\/brands\/cint\/","name":"Olio essenziale, pietre preziose, colori e metalli - Dietmar Kr\u00e4mer","isPartOf":{"@id":"https:\/\/www.starremedies.com\/#website"},"datePublished":"2016-03-01T11:19:39+00:00","dateModified":"2025-02-04T12:50:39+00:00","description":"Olio essenziale, oli, gemme, set di lampade colorate, set di metalli, set di gemme, mappe delle zone cutanee e tutti gli altri prodotti secondo le nuove terapie","breadcrumb":{"@id":"https:\/\/www.starremedies.com\/brands\/cint\/#breadcrumb"},"inLanguage":"it-IT","potentialAction":[{"@type":"ReadAction","target":["https:\/\/www.starremedies.com\/brands\/cint\/"]}]},{"@type":"BreadcrumbList","@id":"https:\/\/www.starremedies.com\/brands\/cint\/#breadcrumb","itemListElement":[{"@type":"ListItem","position":1,"name":"Home","item":"https:\/\/www.starremedies.com\/"},{"@type":"ListItem","position":2,"name":"Our Brands","item":"https:\/\/www.starremedies.com\/brands\/"},{"@type":"ListItem","position":3,"name":"Dietmar Kr\u00e4mer &#8211; CINT"}]},{"@type":"WebSite","@id":"https:\/\/www.starremedies.com\/#website","url":"https:\/\/www.starremedies.com\/","name":"Rimedi stellari","description":"","publisher":{"@id":"https:\/\/www.starremedies.com\/#organization"},"potentialAction":[{"@type":"SearchAction","target":{"@type":"EntryPoint","urlTemplate":"https:\/\/www.starremedies.com\/?s={search_term_string}"},"query-input":{"@type":"PropertyValueSpecification","valueRequired":true,"valueName":"search_term_string"}}],"inLanguage":"it-IT"},{"@type":"Organization","@id":"https:\/\/www.starremedies.com\/#organization","name":"Rimedi stellari","url":"https:\/\/www.starremedies.com\/","logo":{"@type":"ImageObject","inLanguage":"it-IT","@id":"https:\/\/www.starremedies.com\/#\/schema\/logo\/image\/","url":"https:\/\/www.starremedies.com\/wp-content\/uploads\/2016\/02\/srl.gif","contentUrl":"https:\/\/www.starremedies.com\/wp-content\/uploads\/2016\/02\/srl.gif","width":250,"height":250,"caption":"Star Remedies"},"image":{"@id":"https:\/\/www.starremedies.com\/#\/schema\/logo\/image\/"},"sameAs":["https:\/\/www.facebook.com\/starremedies\/","https:\/\/www.instagram.com\/starremedies\/"]}]}},"_links":{"self":[{"href":"https:\/\/www.starremedies.com\/it\/wp-json\/wp\/v2\/pages\/4511","targetHints":{"allow":["GET"]}}],"collection":[{"href":"https:\/\/www.starremedies.com\/it\/wp-json\/wp\/v2\/pages"}],"about":[{"href":"https:\/\/www.starremedies.com\/it\/wp-json\/wp\/v2\/types\/page"}],"author":[{"embeddable":true,"href":"https:\/\/www.starremedies.com\/it\/wp-json\/wp\/v2\/users\/1"}],"replies":[{"embeddable":true,"href":"https:\/\/www.starremedies.com\/it\/wp-json\/wp\/v2\/comments?post=4511"}],"version-history":[{"count":9,"href":"https:\/\/www.starremedies.com\/it\/wp-json\/wp\/v2\/pages\/4511\/revisions"}],"predecessor-version":[{"id":27936,"href":"https:\/\/www.starremedies.com\/it\/wp-json\/wp\/v2\/pages\/4511\/revisions\/27936"}],"up":[{"embeddable":true,"href":"https:\/\/www.starremedies.com\/it\/wp-json\/wp\/v2\/pages\/4107"}],"wp:attachment":[{"href":"https:\/\/www.starremedies.com\/it\/wp-json\/wp\/v2\/media?parent=4511"}],"curies":[{"name":"wp","href":"https:\/\/api.w.org\/{rel}","templated":true}]}}