{"id":4299,"date":"2016-02-23T18:20:03","date_gmt":"2016-02-23T17:20:03","guid":{"rendered":"https:\/\/www.starremedies.com\/?page_id=4299"},"modified":"2025-02-05T12:49:53","modified_gmt":"2025-02-05T11:49:53","slug":"woodenboxes","status":"publish","type":"page","link":"https:\/\/www.starremedies.com\/it\/woodenboxes\/","title":{"rendered":"Scatole di legno su misura"},"content":{"rendered":"<section class=\"section section_breadcrumbs\" id=\"section_301707485\">\n\t\t<div class=\"section-bg fill\" >\n\t\t\t\t\t\t\t\t\t\n\t\t\t\n\n\t\t<\/div>\n\n\t\t\n\n\t\t<div class=\"section-content relative\">\n\t\t\t\n<div class=\"row breadcrumbs-row\"  id=\"row-1407697175\">\n\n\t<div id=\"col-1307948452\" class=\"col small-12 large-12\"  >\n\t\t\t\t<div class=\"col-inner\"  >\n\t\t\t\n\t\t\t\n\t<div id=\"text-1065002395\" class=\"text breadcrumbs\">\n\t\t\n<span><span><a href=\"https:\/\/www.starremedies.com\/it\/\">Casa<\/a><\/span><\/span>\n\t\t\t<\/div>\n\t\n\t\t<\/div>\n\t\t\t\t\t<\/div>\n\n\t\n\n<style>\n#row-1407697175 > .col > .col-inner {\n  padding: 0px 0px 0px 0px;\n}\n<\/style>\n<\/div>\n\t\t<\/div>\n\n\t\t\n<style>\n#section_301707485 {\n  padding-top: 0px;\n  padding-bottom: 0px;\n  margin-bottom: 0px;\n}\n<\/style>\n\t<\/section>\n\t\n\n\t<section class=\"section products_row\" id=\"section_838393322\">\n\t\t<div class=\"section-bg fill\" >\n\t\t\t\t\t\t\t\t\t\n\t\t\t\n\n\t\t<\/div>\n\n\t\t\n\n\t\t<div class=\"section-content relative\">\n\t\t\t\n<div class=\"row align-middle align-center\"  id=\"row-51454253\">\n\n\t<div id=\"col-1166015267\" class=\"col medium-2 small-12 large-2\"  >\n\t\t\t\t<div class=\"col-inner text-center\"  >\n\t\t\t\n\t\t\t\n\t<div class=\"img has-hover x md-x lg-x y md-y lg-y\" id=\"image_1951199804\">\n\t\t\t\t\t\t\t\t<div class=\"img-inner dark\" >\n\t\t\t<img decoding=\"async\" width=\"250\" height=\"250\" src=\"https:\/\/www.starremedies.com\/wp-content\/uploads\/2022\/12\/sr_logo_transparent.png\" class=\"attachment-original size-original\" alt=\"\" srcset=\"https:\/\/www.starremedies.com\/wp-content\/uploads\/2022\/12\/sr_logo_transparent.png 250w, https:\/\/www.starremedies.com\/wp-content\/uploads\/2022\/12\/sr_logo_transparent-80x80.png 80w\" sizes=\"(max-width: 250px) 100vw, 250px\" \/>\t\t\t\t\t\t\n\t\t\t\t\t<\/div>\n\t\t\t\t\t\t\t\t\n<style>\n#image_1951199804 {\n  width: 100%;\n}\n<\/style>\n\t<\/div>\n\t\n\t\t<\/div>\n\t\t\t\t\t<\/div>\n\n\t\n\n\t<div id=\"col-570895949\" class=\"col small-12 large-12\"  >\n\t\t\t\t<div class=\"col-inner text-center\"  >\n\t\t\t\n\t\t\t\n\t<div id=\"text-3004464799\" class=\"text\">\n\t\t\n<h1>SCATOLE DI LEGNO<\/h1>\n\t\t\n<style>\n#text-3004464799 {\n  text-align: center;\n}\n<\/style>\n\t<\/div>\n\t\n\t\t<\/div>\n\t\t\t\t\t<\/div>\n\n\t\n<\/div>\n\t\t<\/div>\n\n\t\t\n<style>\n#section_838393322 {\n  padding-top: 30px;\n  padding-bottom: 30px;\n  background-color: rgb(247, 247, 247);\n}\n<\/style>\n\t<\/section>\n\t\n\n\t<section class=\"section\" id=\"section_909710804\">\n\t\t<div class=\"section-bg fill\" >\n\t\t\t\t\t\t\t\t\t\n\t\t\t\n\n\t\t<\/div>\n\n\t\t\n\n\t\t<div class=\"section-content relative\">\n\t\t\t\n<div class=\"row align-center\"  id=\"row-1516571978\">\n\n\t<div id=\"col-1095585923\" class=\"col medium-12 small-12 large-10\"  >\n\t\t\t\t<div class=\"col-inner\"  >\n\t\t\t\n\t\t\t\n<h2>Casse di legno; su misura<\/h2>\n<p>Realizzare casse di legno di alta qualit\u00e0 su misura \u00e8 una delle nostre passioni. Star Remedies B.V. \u00e8 uno dei fornitori leader nel settore delle casse di legno di alta qualit\u00e0 realizzate su misura. Inoltre, \u00e8 possibile avere casse per vino e casse per champagne realizzate interamente secondo i propri desideri. Una cassa di legno; su misura.<\/p>\n<p>Le nostre scatole di legno si distinguono per l'altissima qualit\u00e0, caratterizzata da un aspetto bello, vario e pregiato. Grazie alle esperienze tradizionali del passato applicate al presente, possiamo aiutarvi a creare scatole di legno innovative, pratiche e soprattutto di alta qualit\u00e0, puntando sulla qualit\u00e0. Fin dalla nostra nascita, ci siamo concentrati esclusivamente sulla produzione di scatole di legno di alta qualit\u00e0.<\/p>\n<p><strong>Rispettoso dell'ambiente<\/strong><br \/>Utilizzando legno di alta qualit\u00e0 dell'UE, emettiamo meno CO2 rispetto all'importazione di legno. Le foreste in cui viene raccolto il legno sono sotto controllo e per ogni albero raccolto, 2 alberi vengono ripianificati. Utilizzando competenze antiche e tradizionali, trasformiamo ogni scatola di legno di qualsiasi forma o dimensione in un prodotto di alta qualit\u00e0.<\/p>\n<p><strong>Metodi<\/strong><br \/>Le nostre casse di legno sono realizzate su misura utilizzando tecniche tradizionali di lavorazione del legno e processi di produzione semiautomatici.<\/p>\n<p><strong>Specie legnose<\/strong><br \/>Per le casse di legno utilizziamo diversi tipi di legno, come il Lindehout e il Pinewood, perch\u00e9 questi tipi di legno provengono dall'UE, sono raccolti localmente e sono quindi immediatamente disponibili. Questi tipi di legno sono estremamente adatti alla realizzazione di casse in legno perch\u00e9 sono sia resistenti che leggeri, in modo da poter essere facilmente lavorati e da poter essere dotati di vari strati di vernice e di una vasta gamma di colori. \u00c8 inoltre possibile scegliere tra specie legnose come faggio, betulla e pioppo e, su richiesta, anche legno duro certificato.<\/p>\n<p><strong>Processo di essiccazione<\/strong><br \/>Il legno grezzo viene trasformato in tavole, che vengono poi impilate all'aria aperta, con una distanza tra le tavole che d\u00e0 loro il tempo di respirare. Le tavole di legno vengono poi stagionate in forni speciali per 3-5 giorni.<\/p>\n<p><strong>Processo di produzione<\/strong><br \/>Dopo la stagionatura e l'asciugatura del legno, le tavole vengono segate in pannelli sottili che vengono poi utilizzati per realizzare il prodotto desiderato. Dopodich\u00e9, si procede alla scanalatura e all'inserimento delle cerniere, sia visibili che nascoste. Oltre alla scanalatura tradizionale, possiamo installare anche una speciale scanalatura a V che assicura che la cassa di legno non si apra oltre i 90 gradi. Dopo l'applicazione delle cerniere, le casse vengono accuratamente carteggiate e poi vengono spruzzate in speciali cabine di verniciatura dove viene aspirata la vernice in eccesso. Nelle cabine di verniciatura vengono applicati i colori desiderati e un rivestimento protetto. L'asciugatura delle casse di legno dura da 2 a 3 giorni, dopodich\u00e9 si applica la pastella. Le casse di legno vengono quindi controllate ancora una volta per verificarne la qualit\u00e0 e poi vengono imballate.<\/p>\n<p><strong>Design<\/strong><br \/>Potete anche lasciarci progettare le vostre scatole di legno in base ai vostri gusti e desideri. La progettazione avviene con un discorso reciproco, in modo che i vostri desideri siano incorporati nel modello finale. Inoltre, potete anche decidere voi stessi quali caratteristiche deve avere la cassetta di legno, tra cui il colore, la forma, le dimensioni, il contenuto, le cerniere ecc. ecc.<\/p>\n<p><strong>Prezzi<\/strong><br \/>Tutte le casse di legno sono realizzate su misura e pertanto Star Remedies B.V. formula un preventivo solo in base alla vostra richiesta specifica contenente il tipo di cassa, le dimensioni, il colore e altri desideri. L'offerta \u00e8 sempre corredata da tabelle di prezzo per quantit\u00e0 che vanno da un minimo di 50 a un massimo di 8.000 pezzi. Il nostro\u00a0<a href=\"https:\/\/www.starremedies.com\/it\/termsandconditions\/\">termini e condizioni\u00a0<\/a>si applicano a tutte le nostre consegne e quotazioni.<\/p>\n<p><strong>Effettuare l'ordine<\/strong><br \/>Effettuare un ordine con noi \u00e8 semplice. Dopo aver ricevuto una richiesta d'ordine ufficialmente scritta, vi invieremo un disegno digitale con le misure che dovrete firmare per approvazione, anche con un timbro aziendale. Inoltre, riceverete una conferma con i prezzi concordati e i desideri che ci avete comunicato per iscritto. Le casse di legno vengono fornite FOB (free on board). La spedizione dalla nostra sede nei Paesi Bassi \u00e8 a vostro carico. Naturalmente possiamo anche organizzare la spedizione per voi con vettori come K\u00fchne &amp; amp; Nagel, Wim Bosman Logistics, UPS, Fedex e altri. Dopo aver ricevuto i documenti firmati, con la vostra firma e il vostro timbro, e dopo aver ricevuto l'acconto, inizieremo a produrre i vostri prodotti.<\/p>\n<p><strong>Dimensione minima dell'ordine<\/strong><br \/>L'ordine minimo \u00e8 di 50 scatole di legno.<\/p>\n<p><strong>Tempo di produzione<\/strong><br \/>Il tempo medio di consegna, ad esempio per 1000 scatole di legno, \u00e8 di almeno 6-8 settimane. Gli ordini pi\u00f9 grandi sono soggetti a tempi di consegna concordati. A partire dalla conferma dell'ordine via fax o per posta e dalla ricezione dell'acconto da parte nostra, inizieremo a produrre il prodotto. L'ordine sar\u00e0 accettato da noi solo dopo aver ricevuto tutti i documenti con la vostra firma e la data su ogni pagina.<\/p>\n<p><strong>Pagamento<\/strong><br \/>Per i clienti del Benelux, al momento dell'ordine si applica un deposito di 50%, mentre per la consegna si deve pagare il restante 50%. Per gli altri Paesi si applica un deposito di 100%.<\/p>\n\t\t<\/div>\n\t\t\t\t\t<\/div>\n\n\t\n\n\t<div id=\"col-1109211974\" class=\"col medium-4 small-12 large-2 medium-col-first\"  >\n\t\t\t\t<div class=\"col-inner text-center\"  >\n\t\t\t\n\t\t\t\n\t<div class=\"img has-hover x md-x lg-x y md-y lg-y\" id=\"image_637825072\">\n\t\t\t\t\t\t\t\t<div class=\"img-inner dark\" >\n\t\t\t<img decoding=\"async\" width=\"250\" height=\"276\" src=\"https:\/\/www.starremedies.com\/wp-content\/uploads\/2016\/02\/houtenkist.gif\" class=\"attachment-medium size-medium\" alt=\"\" \/>\t\t\t\t\t\t\n\t\t\t\t\t<\/div>\n\t\t\t\t\t\t\t\t\n<style>\n#image_637825072 {\n  width: 75%;\n}\n@media (min-width:550px) {\n  #image_637825072 {\n    width: 90%;\n  }\n}\n@media (min-width:850px) {\n  #image_637825072 {\n    width: 100%;\n  }\n}\n<\/style>\n\t<\/div>\n\t\n\t\t<\/div>\n\t\t\t\t\t<\/div>\n\n\t\n\n\t<div id=\"col-1551960448\" class=\"col small-12 large-12\"  >\n\t\t\t\t<div class=\"col-inner\"  >\n\t\t\t\n\t\t\t\n<h2>Acquistare le scatole di legno di essenze floreali Star Remedies<\/h2>\n<p>Le scatole di legno di Star Remedies Flower Essences possono essere ordinate separatamente a\u00a0<a href=\"https:\/\/www.starremediesshop.com\/it\/bachfloweressences\/woodenboxes\/\" target=\"_blank\" rel=\"noopener\">starremediesshop.com<\/a><\/p>\n<p>Siete imprenditori, professionisti o terapeuti e siete interessati ai prodotti Star Remedies.\u00a0<a href=\"https:\/\/www.starremedies.com\/it\/companies\/\">Registrazione tramite il modulo di registrazione per le aziende<\/a>\u00a0e per terapisti e professionisti,\u00a0<a href=\"https:\/\/www.starremedies.com\/it\/companies\/\">il modulo di registrazione per i professionisti<\/a>.<\/p>\n\t\t<\/div>\n\t\t\t\t\n<style>\n#col-1551960448 > .col-inner {\n  margin: 75px 0px 0px 0px;\n}\n<\/style>\n\t<\/div>\n\n\t\n<\/div>\n\t\t<\/div>\n\n\t\t\n<style>\n#section_909710804 {\n  padding-top: 30px;\n  padding-bottom: 30px;\n}\n<\/style>\n\t<\/section>","protected":false},"excerpt":{"rendered":"","protected":false},"author":1,"featured_media":0,"parent":0,"menu_order":0,"comment_status":"closed","ping_status":"closed","template":"page-blank.php","meta":{"footnotes":""},"class_list":["post-4299","page","type-page","status-publish","hentry"],"yoast_head":"<!-- This site is optimized with the Yoast SEO plugin v27.5 - https:\/\/yoast.com\/product\/yoast-seo-wordpress\/ -->\n<title>Custom made high quality wooden boxes - Star Remedies<\/title>\n<meta name=\"description\" content=\"High quality wooden boxes made to measure according to your wishes. Each wooden box is completely manual work with a lot of possibilities in terms of color, shape, content and finish.\" \/>\n<meta name=\"robots\" content=\"index, follow, max-snippet:-1, max-image-preview:large, max-video-preview:-1\" \/>\n<link rel=\"canonical\" href=\"https:\/\/www.starremedies.com\/it\/woodenboxes\/\" \/>\n<meta property=\"og:locale\" content=\"it_IT\" \/>\n<meta property=\"og:type\" content=\"article\" \/>\n<meta property=\"og:title\" content=\"Custom made high quality wooden boxes - Star Remedies\" \/>\n<meta property=\"og:description\" content=\"High quality wooden boxes made to measure according to your wishes. Each wooden box is completely manual work with a lot of possibilities in terms of color, shape, content and finish.\" \/>\n<meta property=\"og:url\" content=\"https:\/\/www.starremedies.com\/it\/woodenboxes\/\" \/>\n<meta property=\"og:site_name\" content=\"Star Remedies\" \/>\n<meta property=\"article:publisher\" content=\"https:\/\/www.facebook.com\/starremedies\/\" \/>\n<meta property=\"article:modified_time\" content=\"2025-02-05T11:49:53+00:00\" \/>\n<meta name=\"twitter:card\" content=\"summary_large_image\" \/>\n<script type=\"application\/ld+json\" class=\"yoast-schema-graph\">{\"@context\":\"https:\\\/\\\/schema.org\",\"@graph\":[{\"@type\":\"WebPage\",\"@id\":\"https:\\\/\\\/www.starremedies.com\\\/woodenboxes\\\/\",\"url\":\"https:\\\/\\\/www.starremedies.com\\\/woodenboxes\\\/\",\"name\":\"Custom made high quality wooden boxes - Star Remedies\",\"isPartOf\":{\"@id\":\"https:\\\/\\\/www.starremedies.com\\\/#website\"},\"datePublished\":\"2016-02-23T17:20:03+00:00\",\"dateModified\":\"2025-02-05T11:49:53+00:00\",\"description\":\"High quality wooden boxes made to measure according to your wishes. Each wooden box is completely manual work with a lot of possibilities in terms of color, shape, content and finish.\",\"breadcrumb\":{\"@id\":\"https:\\\/\\\/www.starremedies.com\\\/woodenboxes\\\/#breadcrumb\"},\"inLanguage\":\"it-IT\",\"potentialAction\":[{\"@type\":\"ReadAction\",\"target\":[\"https:\\\/\\\/www.starremedies.com\\\/woodenboxes\\\/\"]}]},{\"@type\":\"BreadcrumbList\",\"@id\":\"https:\\\/\\\/www.starremedies.com\\\/woodenboxes\\\/#breadcrumb\",\"itemListElement\":[{\"@type\":\"ListItem\",\"position\":1,\"name\":\"Home\",\"item\":\"https:\\\/\\\/www.starremedies.com\\\/\"},{\"@type\":\"ListItem\",\"position\":2,\"name\":\"Custom made wooden boxes\"}]},{\"@type\":\"WebSite\",\"@id\":\"https:\\\/\\\/www.starremedies.com\\\/#website\",\"url\":\"https:\\\/\\\/www.starremedies.com\\\/\",\"name\":\"Star Remedies\",\"description\":\"\",\"publisher\":{\"@id\":\"https:\\\/\\\/www.starremedies.com\\\/#organization\"},\"potentialAction\":[{\"@type\":\"SearchAction\",\"target\":{\"@type\":\"EntryPoint\",\"urlTemplate\":\"https:\\\/\\\/www.starremedies.com\\\/?s={search_term_string}\"},\"query-input\":{\"@type\":\"PropertyValueSpecification\",\"valueRequired\":true,\"valueName\":\"search_term_string\"}}],\"inLanguage\":\"it-IT\"},{\"@type\":\"Organization\",\"@id\":\"https:\\\/\\\/www.starremedies.com\\\/#organization\",\"name\":\"Star Remedies\",\"url\":\"https:\\\/\\\/www.starremedies.com\\\/\",\"logo\":{\"@type\":\"ImageObject\",\"inLanguage\":\"it-IT\",\"@id\":\"https:\\\/\\\/www.starremedies.com\\\/#\\\/schema\\\/logo\\\/image\\\/\",\"url\":\"https:\\\/\\\/www.starremedies.com\\\/wp-content\\\/uploads\\\/2016\\\/02\\\/srl.gif\",\"contentUrl\":\"https:\\\/\\\/www.starremedies.com\\\/wp-content\\\/uploads\\\/2016\\\/02\\\/srl.gif\",\"width\":250,\"height\":250,\"caption\":\"Star Remedies\"},\"image\":{\"@id\":\"https:\\\/\\\/www.starremedies.com\\\/#\\\/schema\\\/logo\\\/image\\\/\"},\"sameAs\":[\"https:\\\/\\\/www.facebook.com\\\/starremedies\\\/\",\"https:\\\/\\\/www.instagram.com\\\/starremedies\\\/\"]}]}<\/script>\n<!-- \/ Yoast SEO plugin. -->","yoast_head_json":{"title":"Scatole di legno su misura di alta qualit\u00e0 - Star Remedies","description":"Scatole in legno di alta qualit\u00e0 realizzate su misura secondo i vostri desideri. Ogni scatola di legno \u00e8 un lavoro completamente manuale con molte possibilit\u00e0 in termini di colore, forma, contenuto e finitura.","robots":{"index":"index","follow":"follow","max-snippet":"max-snippet:-1","max-image-preview":"max-image-preview:large","max-video-preview":"max-video-preview:-1"},"canonical":"https:\/\/www.starremedies.com\/it\/woodenboxes\/","og_locale":"it_IT","og_type":"article","og_title":"Custom made high quality wooden boxes - Star Remedies","og_description":"High quality wooden boxes made to measure according to your wishes. Each wooden box is completely manual work with a lot of possibilities in terms of color, shape, content and finish.","og_url":"https:\/\/www.starremedies.com\/it\/woodenboxes\/","og_site_name":"Star Remedies","article_publisher":"https:\/\/www.facebook.com\/starremedies\/","article_modified_time":"2025-02-05T11:49:53+00:00","twitter_card":"summary_large_image","schema":{"@context":"https:\/\/schema.org","@graph":[{"@type":"WebPage","@id":"https:\/\/www.starremedies.com\/woodenboxes\/","url":"https:\/\/www.starremedies.com\/woodenboxes\/","name":"Scatole di legno su misura di alta qualit\u00e0 - Star Remedies","isPartOf":{"@id":"https:\/\/www.starremedies.com\/#website"},"datePublished":"2016-02-23T17:20:03+00:00","dateModified":"2025-02-05T11:49:53+00:00","description":"Scatole in legno di alta qualit\u00e0 realizzate su misura secondo i vostri desideri. Ogni scatola di legno \u00e8 un lavoro completamente manuale con molte possibilit\u00e0 in termini di colore, forma, contenuto e finitura.","breadcrumb":{"@id":"https:\/\/www.starremedies.com\/woodenboxes\/#breadcrumb"},"inLanguage":"it-IT","potentialAction":[{"@type":"ReadAction","target":["https:\/\/www.starremedies.com\/woodenboxes\/"]}]},{"@type":"BreadcrumbList","@id":"https:\/\/www.starremedies.com\/woodenboxes\/#breadcrumb","itemListElement":[{"@type":"ListItem","position":1,"name":"Home","item":"https:\/\/www.starremedies.com\/"},{"@type":"ListItem","position":2,"name":"Custom made wooden boxes"}]},{"@type":"WebSite","@id":"https:\/\/www.starremedies.com\/#website","url":"https:\/\/www.starremedies.com\/","name":"Rimedi stellari","description":"","publisher":{"@id":"https:\/\/www.starremedies.com\/#organization"},"potentialAction":[{"@type":"SearchAction","target":{"@type":"EntryPoint","urlTemplate":"https:\/\/www.starremedies.com\/?s={search_term_string}"},"query-input":{"@type":"PropertyValueSpecification","valueRequired":true,"valueName":"search_term_string"}}],"inLanguage":"it-IT"},{"@type":"Organization","@id":"https:\/\/www.starremedies.com\/#organization","name":"Rimedi stellari","url":"https:\/\/www.starremedies.com\/","logo":{"@type":"ImageObject","inLanguage":"it-IT","@id":"https:\/\/www.starremedies.com\/#\/schema\/logo\/image\/","url":"https:\/\/www.starremedies.com\/wp-content\/uploads\/2016\/02\/srl.gif","contentUrl":"https:\/\/www.starremedies.com\/wp-content\/uploads\/2016\/02\/srl.gif","width":250,"height":250,"caption":"Star Remedies"},"image":{"@id":"https:\/\/www.starremedies.com\/#\/schema\/logo\/image\/"},"sameAs":["https:\/\/www.facebook.com\/starremedies\/","https:\/\/www.instagram.com\/starremedies\/"]}]}},"_links":{"self":[{"href":"https:\/\/www.starremedies.com\/it\/wp-json\/wp\/v2\/pages\/4299","targetHints":{"allow":["GET"]}}],"collection":[{"href":"https:\/\/www.starremedies.com\/it\/wp-json\/wp\/v2\/pages"}],"about":[{"href":"https:\/\/www.starremedies.com\/it\/wp-json\/wp\/v2\/types\/page"}],"author":[{"embeddable":true,"href":"https:\/\/www.starremedies.com\/it\/wp-json\/wp\/v2\/users\/1"}],"replies":[{"embeddable":true,"href":"https:\/\/www.starremedies.com\/it\/wp-json\/wp\/v2\/comments?post=4299"}],"version-history":[{"count":9,"href":"https:\/\/www.starremedies.com\/it\/wp-json\/wp\/v2\/pages\/4299\/revisions"}],"predecessor-version":[{"id":27977,"href":"https:\/\/www.starremedies.com\/it\/wp-json\/wp\/v2\/pages\/4299\/revisions\/27977"}],"wp:attachment":[{"href":"https:\/\/www.starremedies.com\/it\/wp-json\/wp\/v2\/media?parent=4299"}],"curies":[{"name":"wp","href":"https:\/\/api.w.org\/{rel}","templated":true}]}}