{"id":3602,"date":"2016-02-21T12:15:39","date_gmt":"2016-02-21T11:15:39","guid":{"rendered":"https:\/\/www.starremedies.com\/?page_id=3602"},"modified":"2025-02-06T10:45:33","modified_gmt":"2025-02-06T09:45:33","slug":"bachflowersbydietmarkramer","status":"publish","type":"page","link":"https:\/\/www.starremedies.com\/it\/bachflowersbydietmarkramer\/","title":{"rendered":"Le interrelazioni tra i fiori di Bach di Dietmar Kr\u00e4mer"},"content":{"rendered":"<section class=\"section section_breadcrumbs\" id=\"section_1224681999\">\n\t\t<div class=\"section-bg fill\" >\n\t\t\t\t\t\t\t\t\t\n\t\t\t\n\n\t\t<\/div>\n\n\t\t\n\n\t\t<div class=\"section-content relative\">\n\t\t\t\n<div class=\"row breadcrumbs-row\"  id=\"row-1448215794\">\n\n\t<div id=\"col-582966084\" class=\"col small-12 large-12\"  >\n\t\t\t\t<div class=\"col-inner\"  >\n\t\t\t\n\t\t\t\n\t<div id=\"text-1231738806\" class=\"text breadcrumbs\">\n\t\t\n<span><span><a href=\"https:\/\/www.starremedies.com\/it\/\">Casa<\/a><\/span><\/span>\n\t\t\t<\/div>\n\t\n\t\t<\/div>\n\t\t\t\t\t<\/div>\n\n\t\n\n<style>\n#row-1448215794 > .col > .col-inner {\n  padding: 0px 0px 0px 0px;\n}\n<\/style>\n<\/div>\n\t\t<\/div>\n\n\t\t\n<style>\n#section_1224681999 {\n  padding-top: 0px;\n  padding-bottom: 0px;\n  margin-bottom: 0px;\n}\n<\/style>\n\t<\/section>\n\t\n\n\t<section class=\"section products_row\" id=\"section_1435282879\">\n\t\t<div class=\"section-bg fill\" >\n\t\t\t\t\t\t\t\t\t\n\t\t\t\n\n\t\t<\/div>\n\n\t\t\n\n\t\t<div class=\"section-content relative\">\n\t\t\t\n<div class=\"row align-middle align-center\"  id=\"row-351029417\">\n\n\t<div id=\"col-534684542\" class=\"col medium-2 small-12 large-2\"  >\n\t\t\t\t<div class=\"col-inner text-center\"  >\n\t\t\t\n\t\t\t\n\t<div class=\"img has-hover x md-x lg-x y md-y lg-y\" id=\"image_900248852\">\n\t\t\t\t\t\t\t\t<div class=\"img-inner dark\" >\n\t\t\t<img decoding=\"async\" width=\"90\" height=\"124\" src=\"https:\/\/www.starremedies.com\/wp-content\/uploads\/2016\/02\/Foto_1.jpg\" class=\"attachment-original size-original\" alt=\"\" \/>\t\t\t\t\t\t\n\t\t\t\t\t<\/div>\n\t\t\t\t\t\t\t\t\n<style>\n#image_900248852 {\n  width: 100%;\n}\n<\/style>\n\t<\/div>\n\t\n\t\t<\/div>\n\t\t\t\t\t<\/div>\n\n\t\n\n\t<div id=\"col-1920382036\" class=\"col small-12 large-12\"  >\n\t\t\t\t<div class=\"col-inner text-center\"  >\n\t\t\t\n\t\t\t\n\t<div id=\"text-478886076\" class=\"text\">\n\t\t\n<h1>LE INTERRELAZIONI TRA I FIORI DI BACH DI DIETMAR KR\u00c4MER<\/h1>\n\t\t\n<style>\n#text-478886076 {\n  text-align: center;\n}\n<\/style>\n\t<\/div>\n\t\n\t\t<\/div>\n\t\t\t\t\t<\/div>\n\n\t\n<\/div>\n\t\t<\/div>\n\n\t\t\n<style>\n#section_1435282879 {\n  padding-top: 30px;\n  padding-bottom: 30px;\n  background-color: rgb(247, 247, 247);\n}\n<\/style>\n\t<\/section>\n\t\n\n\t<section class=\"section\" id=\"section_310050372\">\n\t\t<div class=\"section-bg fill\" >\n\t\t\t\t\t\t\t\t\t\n\t\t\t\n\n\t\t<\/div>\n\n\t\t\n\n\t\t<div class=\"section-content relative\">\n\t\t\t\n<div class=\"row\"  id=\"row-1007924188\">\n\n\t<div id=\"col-2004107167\" class=\"col small-12 large-12\"  >\n\t\t\t\t<div class=\"col-inner\"  >\n\t\t\t\n\t\t\t\n<h2 style=\"text-align: center;\">Relazioni, diagnosi e applicazione<\/h2>\n<h3>Le relazioni tra le essenze floreali di Bach e le zone cutanee<\/h3>\n<p>Dopo anni di ricerche, Dietmar Kr\u00e4mer ha suddiviso il corpo in 243 zone cutanee, ciascuna corrispondente a un'essenza di fiori di Bach. Edward Bach trattava gi\u00e0 i pazienti con impacchi di fiori di Bach. Bach pensava che il metodo dovesse essere il pi\u00f9 semplice possibile. \"Quando ho fame, vado in giardino e raccolgo un cespo di lattuga. Se ho paura, prendo una dose di Mimulus\". La terapia a zona dei fiori di Bach rende il trattamento ancora pi\u00f9 semplice. Le essenze ammissibili possono essere lette direttamente dal corpo, solo in base alla localizzazione dei disturbi. Vengono regolarmente persone che accusano un \"intestino spastico\", che danno un luogo sgradevole sul lato sinistro dell'addome. La zona cutanea \u00e8 Mimulus. Trattando questo punto con impacchi o creme, il punto sgradevole scompare e la persona non ha pi\u00f9 problemi con l'intestino.<\/p>\n<div class=\"is-divider divider clearfix\" style=\"margin-top:35px;margin-bottom:35px;\"><\/div>\n<h3>La relazione tra le essenze floreali di Bach e i meridiani<\/h3>\n<p>Quando si assumevano le spore complete, spesso si verificavano reazioni che non potevano essere spiegate dalla teoria della floriterapia di Bach, ma dalla teoria dell'agopuntura e dalla teoria dell'omeopatia. Dietmar Kr\u00e4mer sta studiando sistematicamente le conseguenze che l'assunzione delle spore intere comportava. Ha notato, ad esempio, che gli stati d'animo negativi continuavano a peggiorare nonostante l'assunzione delle essenze giuste - una reazione nota solo all'omeopatia. Ad esempio, un'affezione da Olivo migliorava con l'assunzione di Olivo e Impatiens; con l'assunzione contemporanea di Impatiens, Olivo e Quercia, la situazione peggiorava. Se si osserva la somiglianza tra la traccia di Impatiens e il meridiano del fegato, un'indicazione importante di questo meridiano \u00e8: stati di esaurimento, mentre la traccia di Impatiens pu\u00f2 essere brevemente descritta come la traccia floreale del sovraccarico fisico e della rapina del corpo. Sar\u00e0 chiaro che non si pu\u00f2 mai seguire una sola traccia, ma solo una combinazione di tracce con le essenze esterne secondo il Ciclo dei Cambiamenti.<\/p>\n<p>Le 38 concezioni archetipiche negative dell'anima descritte dal Dr. Bach si applicano anche ad altri livelli di efficacia terapeutica. Dopo molte ricerche, Kr\u00e4mer ha scoperto che 38 pietre preziose lavorano a livello mentale e 38 oli essenziali a livello emozionale. I diversi corpi dell'uomo e i metodi di guarigione che agiscono su di essi.<\/p>\n<div class=\"is-divider divider clearfix\" style=\"margin-top:35px;margin-bottom:35px;\"><\/div>\n<h3>Il rapporto tra le essenze floreali di Bach e i chakra<\/h3>\n<p>Si \u00e8 scoperto che i chakra controllano il ciclo di controllo dell'energia nei meridiani: si tratta di un aspetto ancora sconosciuto della funzione dei chakra. Il Dr. Bach ha quindi cercato una cura per le malattie croniche. Il metodo Dietmar Kr\u00e4mer tratta i disturbi cronici. Le possibilit\u00e0 dei rimedi sembrano davvero illimitate. Spesso viene anche reclamato.... Se avete una profonda tristezza senza una causa riconoscibile, potete prendere queste e queste essenze. Il lungo periodo in cui ho lavorato con le essenze ha dimostrato che ci sono 19 stati d'animo da cui pu\u00f2 derivare una profonda tristezza senza alcuna causa riconoscibile. Una buona anamnesi analitica \u00e8 quindi molto importante. Io stesso sono suo collaboratore e insieme abbiamo fondato il C.I.N.T., il centro internazionale per le nuove terapie, e la formazione viene impartita in Germania, Austria, Svizzera, Italia, Paesi Bassi e Belgio.<\/p>\n<div class=\"is-divider divider clearfix\" style=\"margin-top:35px;margin-bottom:35px;\"><\/div>\n<h3>Tenere conto delle relazioni tra i fiori<\/h3>\n<p>Le relazioni tra i fiori permettono di determinare quale fiore copre l'aspetto superficiale di un disturbo e quale la causa pi\u00f9 profonda. In questo modo si stabilisce una classificazione gerarchica che determina la terapia futura. Si tratta di uno strumento molto importante, soprattutto quando il paziente ha apparentemente bisogno di un gran numero di fiori e non sa da dove cominciare. Se i disturbi veri e propri sono stati rimossi, allora questa classificazione pu\u00f2 essere utilizzata per scoprire quali concetti animici negativi nascosti hanno portato ai disturbi esistenti. In questo modo possiamo, se lo desideriamo, continuare la terapia con l'obiettivo di espandere la coscienza.<\/p>\n<div class=\"is-divider divider clearfix\" style=\"margin-top:35px;margin-bottom:35px;\"><\/div>\n<h3>Diagnosi in base alle aree cutanee dei fiori di Bach<\/h3>\n<p>Ogni fiore \u00e8 associato a zone della pelle, paragonabili alle zone riflesse dei piedi. Negli stati d'animo negativi, in questi punti si verificano alterazioni della struttura energetica, spesso accompagnate da dolori o disturbi della sensibilit\u00e0. In questo modo possiamo fare diagnosi floreali basandoci esclusivamente sulla localizzazione.<\/p>\n<div class=\"is-divider divider clearfix\" style=\"margin-top:35px;margin-bottom:35px;\"><\/div>\n<h3>Applicazioni dei fiori di bach sulla pelle<\/h3>\n<p>Applicando direttamente i fiori in questione (in composizione diluita) sulle zone disturbate, possiamo aumentare notevolmente l'effetto dei fiori. In questo modo, non solo gli stati d'animo negativi si ristabiliscono molto pi\u00f9 velocemente rispetto all'assunzione di gocce, ma anche i disturbi fisici di solito scompaiono immediatamente dopo l'applicazione dei fiori sulla pelle. La terapia con i fiori di Bach non \u00e8 quindi solo igiene dell'anima per \"armonizzare la psiche\", come viene spesso raccomandato, ma anche una terapia per il trattamento dei disturbi fisici.<\/p>\n<div class=\"is-divider divider clearfix\" style=\"margin-top:35px;margin-bottom:35px;\"><\/div>\n<h3>Opzioni diagnostiche oggettive<\/h3>\n<p>Esistono corrispondenze gestionali tra i tracciati dei fiori di Bach da un lato, che derivano dalle relazioni reciproche tra i fiori di Bach, e i meridiani dell'agopuntura. In definitiva, i meridiani e i tracciati dei fiori di Bach sono manifestazioni dello stesso principio, ma a due livelli vibrazionali diversi. Questo fatto fornisce tutta una serie di nuove opzioni diagnostiche e terapeutiche. Per esempio, possiamo dedurre dal percorso del meridiano quali sono i tracciati floreali di cui abbiamo bisogno. Lo stesso vale per l'orologio cinese dei meridiani, che offre punti di partenza per la scelta dei fiori di Bach giusti nel caso di disturbi che si manifestano in un momento specifico. Con l'aiuto dei nuovi punti di prova e di terapia sulle linee lunari scoperte da Dietmar Kramer, le controparti dei meridiani dell'agopuntura a un livello materiale ancora pi\u00f9 fine, possiamo fare una diagnosi oggettiva dei fiori di Bach, soprattutto nei casi pi\u00f9 difficili da diagnosticare. In questo modo, non solo gli stati d'animo negativi si recuperano molto pi\u00f9 rapidamente rispetto all'assunzione di gocce, ma anche i disturbi fisici possono scomparire pi\u00f9 rapidamente dopo l'applicazione dei fiori sulla pelle.<\/p>\n\t\t<\/div>\n\t\t\t\t\t<\/div>\n\n\t\n<\/div>\n<div class=\"row\"  id=\"row-359612688\">\n\n\t<div id=\"col-1551714286\" class=\"col medium-6 small-12 large-3\"  >\n\t\t\t\t<div class=\"col-inner\"  >\n\t\t\t\n\t\t\t\n<h4>Supporta con<\/h4>\n<ul>\n<li>Disturbi emotivi dell'umore<\/li>\n<li>Problemi di cambiamento<\/li>\n<li>Adattarsi a nuove situazioni<\/li>\n<li>Paura con cause note e sconosciute<\/li>\n<li>Sovraccarico emotivo<\/li>\n<li>Immagine personale negativa di s\u00e9<\/li>\n<li>Traumi emotivi<\/li>\n<\/ul>\n\t\t<\/div>\n\t\t\t\t\t<\/div>\n\n\t\n\n\t<div id=\"col-1475800996\" class=\"col medium-6 small-12 large-3\"  >\n\t\t\t\t<div class=\"col-inner\"  >\n\t\t\t\n\t\t\t\n<h4>Trattamento e risultati<\/h4>\n<p>Affrontare gli squilibri emotivi accumulati nel corso degli anni non si risolve in pochi giorni. La regola che si usa \u00e8: il numero di anni in cui si \u00e8 disturbati da qualcosa, il numero di mesi necessari per risolvere il problema.<\/p>\n\t\t<\/div>\n\t\t\t\t\t<\/div>\n\n\t\n\n\t<div id=\"col-1494010053\" class=\"col medium-6 small-12 large-3\"  >\n\t\t\t\t<div class=\"col-inner\"  >\n\t\t\t\n\t\t\t\n<h4>Anamnesi<\/h4>\n<p>\u00c8 sempre importante fare una buona diagnosi e quindi valutare la causa dei problemi emotivi. Questo permette di lavorare a fondo con le emozioni e di risolvere i problemi emotivi esistenti.<\/p>\n\t\t<\/div>\n\t\t\t\t\t<\/div>\n\n\t\n\n\t<div id=\"col-723479518\" class=\"col medium-6 small-12 large-3\"  >\n\t\t\t\t<div class=\"col-inner\"  >\n\t\t\t\n\t\t\t\n<h4>Concentrarsi sulle persone<\/h4>\n<p>Con la floriterapia di Bach, la persona \u00e8 al centro e non il sintomo. Le essenze di Bach sono in grado di affrontare i problemi alla base dello squilibrio. Le essenze floreali di Bach e la floriterapia di Bach trasformano gli stati d'animo negativi in qualit\u00e0 positive.<\/p>\n\t\t<\/div>\n\t\t\t\t\t<\/div>\n\n\t\n\n\t<div id=\"col-2009973694\" class=\"col small-12 large-12\"  >\n\t\t\t\t<div class=\"col-inner\"  >\n\t\t\t\n\t\t\t\n<div class=\"message-box relative dark\" style=\"padding-top:10px;padding-bottom:10px;\"><div class=\"message-box-bg-image bg-fill fill\" ><\/div><div class=\"message-box-bg-overlay bg-fill fill\" style=\"background-color:rgb(87, 117, 53);\"><\/div><div class=\"container relative\"><div class=\"inner last-reset\">\n<div class=\"row align-middle align-center\"  id=\"row-227683924\">\n\n\t<div id=\"col-1573923960\" class=\"col medium-2 small-12 large-2\"  >\n\t\t\t\t<div class=\"col-inner text-center\"  >\n\t\t\t\n\t\t\t\n<p><span style=\"font-size: 500%;\">!<\/span><\/p>\n\t\t<\/div>\n\t\t\t\t\t<\/div>\n\n\t\n\n\t<div id=\"col-294125029\" class=\"col medium-9 small-12 large-9\"  >\n\t\t\t\t<div class=\"col-inner\"  >\n\t\t\t\n\t\t\t\n<p><strong>LE ESSENZE FLOREALI DI BACH E LA FLORITERAPIA DI BACH NON SOSTITUISCONO IL MEDICO O IL MEDICO SPECIALISTA. \u00c8 SEMPRE NECESSARIO CONSULTARE PRIMA IL PROPRIO MEDICO.<\/strong><\/p>\n\t\t<\/div>\n\t\t\t\t\t<\/div>\n\n\t\n<\/div>\n<\/div><\/div><\/div>\n\t\t<\/div>\n\t\t\t\t\t<\/div>\n\n\t\n<\/div>\n\t\t<\/div>\n\n\t\t\n<style>\n#section_310050372 {\n  padding-top: 30px;\n  padding-bottom: 30px;\n}\n<\/style>\n\t<\/section>","protected":false},"excerpt":{"rendered":"","protected":false},"author":1,"featured_media":0,"parent":0,"menu_order":0,"comment_status":"closed","ping_status":"closed","template":"page-blank.php","meta":{"footnotes":""},"class_list":["post-3602","page","type-page","status-publish","hentry"],"yoast_head":"<!-- This site is optimized with the Yoast SEO plugin v27.5 - https:\/\/yoast.com\/product\/yoast-seo-wordpress\/ -->\n<title>The interrelationships between bach flowers by Dietmar Kr\u00e4mer - Star Remedies<\/title>\n<meta name=\"description\" content=\"The relationships between the Bach flowers. After years of research, Dietmar Kr\u00e4mer has divided the body into 243 bach flower body map zones.\" \/>\n<meta name=\"robots\" content=\"index, follow, max-snippet:-1, max-image-preview:large, max-video-preview:-1\" \/>\n<link rel=\"canonical\" href=\"https:\/\/www.starremedies.com\/it\/bachflowersbydietmarkramer\/\" \/>\n<meta property=\"og:locale\" content=\"it_IT\" \/>\n<meta property=\"og:type\" content=\"article\" \/>\n<meta property=\"og:title\" content=\"The interrelationships between bach flowers by Dietmar Kr\u00e4mer - Star Remedies\" \/>\n<meta property=\"og:description\" content=\"The relationships between the Bach flowers. After years of research, Dietmar Kr\u00e4mer has divided the body into 243 bach flower body map zones.\" \/>\n<meta property=\"og:url\" content=\"https:\/\/www.starremedies.com\/it\/bachflowersbydietmarkramer\/\" \/>\n<meta property=\"og:site_name\" content=\"Star Remedies\" \/>\n<meta property=\"article:publisher\" content=\"https:\/\/www.facebook.com\/starremedies\/\" \/>\n<meta property=\"article:modified_time\" content=\"2025-02-06T09:45:33+00:00\" \/>\n<meta name=\"twitter:card\" content=\"summary_large_image\" \/>\n<script type=\"application\/ld+json\" class=\"yoast-schema-graph\">{\"@context\":\"https:\\\/\\\/schema.org\",\"@graph\":[{\"@type\":\"WebPage\",\"@id\":\"https:\\\/\\\/www.starremedies.com\\\/bachflowersbydietmarkramer\\\/\",\"url\":\"https:\\\/\\\/www.starremedies.com\\\/bachflowersbydietmarkramer\\\/\",\"name\":\"The interrelationships between bach flowers by Dietmar Kr\u00e4mer - Star Remedies\",\"isPartOf\":{\"@id\":\"https:\\\/\\\/www.starremedies.com\\\/#website\"},\"datePublished\":\"2016-02-21T11:15:39+00:00\",\"dateModified\":\"2025-02-06T09:45:33+00:00\",\"description\":\"The relationships between the Bach flowers. After years of research, Dietmar Kr\u00e4mer has divided the body into 243 bach flower body map zones.\",\"breadcrumb\":{\"@id\":\"https:\\\/\\\/www.starremedies.com\\\/bachflowersbydietmarkramer\\\/#breadcrumb\"},\"inLanguage\":\"it-IT\",\"potentialAction\":[{\"@type\":\"ReadAction\",\"target\":[\"https:\\\/\\\/www.starremedies.com\\\/bachflowersbydietmarkramer\\\/\"]}]},{\"@type\":\"BreadcrumbList\",\"@id\":\"https:\\\/\\\/www.starremedies.com\\\/bachflowersbydietmarkramer\\\/#breadcrumb\",\"itemListElement\":[{\"@type\":\"ListItem\",\"position\":1,\"name\":\"Home\",\"item\":\"https:\\\/\\\/www.starremedies.com\\\/\"},{\"@type\":\"ListItem\",\"position\":2,\"name\":\"The interrelationships between bach flowers by Dietmar Kr\u00e4mer\"}]},{\"@type\":\"WebSite\",\"@id\":\"https:\\\/\\\/www.starremedies.com\\\/#website\",\"url\":\"https:\\\/\\\/www.starremedies.com\\\/\",\"name\":\"Star Remedies\",\"description\":\"\",\"publisher\":{\"@id\":\"https:\\\/\\\/www.starremedies.com\\\/#organization\"},\"potentialAction\":[{\"@type\":\"SearchAction\",\"target\":{\"@type\":\"EntryPoint\",\"urlTemplate\":\"https:\\\/\\\/www.starremedies.com\\\/?s={search_term_string}\"},\"query-input\":{\"@type\":\"PropertyValueSpecification\",\"valueRequired\":true,\"valueName\":\"search_term_string\"}}],\"inLanguage\":\"it-IT\"},{\"@type\":\"Organization\",\"@id\":\"https:\\\/\\\/www.starremedies.com\\\/#organization\",\"name\":\"Star Remedies\",\"url\":\"https:\\\/\\\/www.starremedies.com\\\/\",\"logo\":{\"@type\":\"ImageObject\",\"inLanguage\":\"it-IT\",\"@id\":\"https:\\\/\\\/www.starremedies.com\\\/#\\\/schema\\\/logo\\\/image\\\/\",\"url\":\"https:\\\/\\\/www.starremedies.com\\\/wp-content\\\/uploads\\\/2016\\\/02\\\/srl.gif\",\"contentUrl\":\"https:\\\/\\\/www.starremedies.com\\\/wp-content\\\/uploads\\\/2016\\\/02\\\/srl.gif\",\"width\":250,\"height\":250,\"caption\":\"Star Remedies\"},\"image\":{\"@id\":\"https:\\\/\\\/www.starremedies.com\\\/#\\\/schema\\\/logo\\\/image\\\/\"},\"sameAs\":[\"https:\\\/\\\/www.facebook.com\\\/starremedies\\\/\",\"https:\\\/\\\/www.instagram.com\\\/starremedies\\\/\"]}]}<\/script>\n<!-- \/ Yoast SEO plugin. -->","yoast_head_json":{"title":"Le interrelazioni tra i fiori di bach di Dietmar Kr\u00e4mer - Rimedi stellari","description":"Le relazioni tra i fiori di Bach. Dopo anni di ricerche, Dietmar Kr\u00e4mer ha suddiviso il corpo in 243 zone della mappa corporea dei fiori di Bach.","robots":{"index":"index","follow":"follow","max-snippet":"max-snippet:-1","max-image-preview":"max-image-preview:large","max-video-preview":"max-video-preview:-1"},"canonical":"https:\/\/www.starremedies.com\/it\/bachflowersbydietmarkramer\/","og_locale":"it_IT","og_type":"article","og_title":"The interrelationships between bach flowers by Dietmar Kr\u00e4mer - Star Remedies","og_description":"The relationships between the Bach flowers. After years of research, Dietmar Kr\u00e4mer has divided the body into 243 bach flower body map zones.","og_url":"https:\/\/www.starremedies.com\/it\/bachflowersbydietmarkramer\/","og_site_name":"Star Remedies","article_publisher":"https:\/\/www.facebook.com\/starremedies\/","article_modified_time":"2025-02-06T09:45:33+00:00","twitter_card":"summary_large_image","schema":{"@context":"https:\/\/schema.org","@graph":[{"@type":"WebPage","@id":"https:\/\/www.starremedies.com\/bachflowersbydietmarkramer\/","url":"https:\/\/www.starremedies.com\/bachflowersbydietmarkramer\/","name":"Le interrelazioni tra i fiori di bach di Dietmar Kr\u00e4mer - Rimedi stellari","isPartOf":{"@id":"https:\/\/www.starremedies.com\/#website"},"datePublished":"2016-02-21T11:15:39+00:00","dateModified":"2025-02-06T09:45:33+00:00","description":"Le relazioni tra i fiori di Bach. Dopo anni di ricerche, Dietmar Kr\u00e4mer ha suddiviso il corpo in 243 zone della mappa corporea dei fiori di Bach.","breadcrumb":{"@id":"https:\/\/www.starremedies.com\/bachflowersbydietmarkramer\/#breadcrumb"},"inLanguage":"it-IT","potentialAction":[{"@type":"ReadAction","target":["https:\/\/www.starremedies.com\/bachflowersbydietmarkramer\/"]}]},{"@type":"BreadcrumbList","@id":"https:\/\/www.starremedies.com\/bachflowersbydietmarkramer\/#breadcrumb","itemListElement":[{"@type":"ListItem","position":1,"name":"Home","item":"https:\/\/www.starremedies.com\/"},{"@type":"ListItem","position":2,"name":"The interrelationships between bach flowers by Dietmar Kr\u00e4mer"}]},{"@type":"WebSite","@id":"https:\/\/www.starremedies.com\/#website","url":"https:\/\/www.starremedies.com\/","name":"Rimedi stellari","description":"","publisher":{"@id":"https:\/\/www.starremedies.com\/#organization"},"potentialAction":[{"@type":"SearchAction","target":{"@type":"EntryPoint","urlTemplate":"https:\/\/www.starremedies.com\/?s={search_term_string}"},"query-input":{"@type":"PropertyValueSpecification","valueRequired":true,"valueName":"search_term_string"}}],"inLanguage":"it-IT"},{"@type":"Organization","@id":"https:\/\/www.starremedies.com\/#organization","name":"Rimedi stellari","url":"https:\/\/www.starremedies.com\/","logo":{"@type":"ImageObject","inLanguage":"it-IT","@id":"https:\/\/www.starremedies.com\/#\/schema\/logo\/image\/","url":"https:\/\/www.starremedies.com\/wp-content\/uploads\/2016\/02\/srl.gif","contentUrl":"https:\/\/www.starremedies.com\/wp-content\/uploads\/2016\/02\/srl.gif","width":250,"height":250,"caption":"Star Remedies"},"image":{"@id":"https:\/\/www.starremedies.com\/#\/schema\/logo\/image\/"},"sameAs":["https:\/\/www.facebook.com\/starremedies\/","https:\/\/www.instagram.com\/starremedies\/"]}]}},"_links":{"self":[{"href":"https:\/\/www.starremedies.com\/it\/wp-json\/wp\/v2\/pages\/3602","targetHints":{"allow":["GET"]}}],"collection":[{"href":"https:\/\/www.starremedies.com\/it\/wp-json\/wp\/v2\/pages"}],"about":[{"href":"https:\/\/www.starremedies.com\/it\/wp-json\/wp\/v2\/types\/page"}],"author":[{"embeddable":true,"href":"https:\/\/www.starremedies.com\/it\/wp-json\/wp\/v2\/users\/1"}],"replies":[{"embeddable":true,"href":"https:\/\/www.starremedies.com\/it\/wp-json\/wp\/v2\/comments?post=3602"}],"version-history":[{"count":9,"href":"https:\/\/www.starremedies.com\/it\/wp-json\/wp\/v2\/pages\/3602\/revisions"}],"predecessor-version":[{"id":27985,"href":"https:\/\/www.starremedies.com\/it\/wp-json\/wp\/v2\/pages\/3602\/revisions\/27985"}],"wp:attachment":[{"href":"https:\/\/www.starremedies.com\/it\/wp-json\/wp\/v2\/media?parent=3602"}],"curies":[{"name":"wp","href":"https:\/\/api.w.org\/{rel}","templated":true}]}}