{"id":3573,"date":"2016-02-21T11:29:28","date_gmt":"2016-02-21T10:29:28","guid":{"rendered":"https:\/\/www.starremedies.com\/?page_id=3573"},"modified":"2025-02-05T10:31:03","modified_gmt":"2025-02-05T09:31:03","slug":"madeleine","status":"publish","type":"page","link":"https:\/\/www.starremedies.com\/it\/madeleine\/","title":{"rendered":"La terapia dei fiori di Bach di Madeleine Meuwessen"},"content":{"rendered":"<section class=\"section section_breadcrumbs\" id=\"section_1463255385\">\n\t\t<div class=\"section-bg fill\" >\n\t\t\t\t\t\t\t\t\t\n\t\t\t\n\n\t\t<\/div>\n\n\t\t\n\n\t\t<div class=\"section-content relative\">\n\t\t\t\n<div class=\"row breadcrumbs-row\"  id=\"row-1817101586\">\n\n\t<div id=\"col-1484448304\" class=\"col small-12 large-12\"  >\n\t\t\t\t<div class=\"col-inner\"  >\n\t\t\t\n\t\t\t\n\t<div id=\"text-1141985582\" class=\"text breadcrumbs\">\n\t\t\n<span><span><a href=\"https:\/\/www.starremedies.com\/it\/\">Casa<\/a><\/span><\/span>\n\t\t\t<\/div>\n\t\n\t\t<\/div>\n\t\t\t\t\t<\/div>\n\n\t\n\n<style>\n#row-1817101586 > .col > .col-inner {\n  padding: 0px 0px 0px 0px;\n}\n<\/style>\n<\/div>\n\t\t<\/div>\n\n\t\t\n<style>\n#section_1463255385 {\n  padding-top: 0px;\n  padding-bottom: 0px;\n  margin-bottom: 0px;\n}\n<\/style>\n\t<\/section>\n\t\n\n\t<section class=\"section products_row\" id=\"section_480102374\">\n\t\t<div class=\"section-bg fill\" >\n\t\t\t\t\t\t\t\t\t\n\t\t\t\n\n\t\t<\/div>\n\n\t\t\n\n\t\t<div class=\"section-content relative\">\n\t\t\t\n<div class=\"row align-middle align-center\"  id=\"row-188055653\">\n\n\t<div id=\"col-891494684\" class=\"col medium-2 small-12 large-2\"  >\n\t\t\t\t<div class=\"col-inner text-center\"  >\n\t\t\t\n\t\t\t\n\t<div class=\"img has-hover x md-x lg-x y md-y lg-y\" id=\"image_1175021828\">\n\t\t\t\t\t\t\t\t<div class=\"img-inner dark\" >\n\t\t\t<img decoding=\"async\" width=\"300\" height=\"300\" src=\"https:\/\/www.starremedies.com\/wp-content\/uploads\/2016\/02\/madeleine.jpg\" class=\"attachment-original size-original\" alt=\"\" srcset=\"https:\/\/www.starremedies.com\/wp-content\/uploads\/2016\/02\/madeleine.jpg 300w, https:\/\/www.starremedies.com\/wp-content\/uploads\/2016\/02\/madeleine-80x80.jpg 80w, https:\/\/www.starremedies.com\/wp-content\/uploads\/2016\/02\/madeleine-36x36.jpg 36w, https:\/\/www.starremedies.com\/wp-content\/uploads\/2016\/02\/madeleine-180x180.jpg 180w, https:\/\/www.starremedies.com\/wp-content\/uploads\/2016\/02\/madeleine-120x120.jpg 120w\" sizes=\"(max-width: 300px) 100vw, 300px\" \/>\t\t\t\t\t\t\n\t\t\t\t\t<\/div>\n\t\t\t\t\t\t\t\t\n<style>\n#image_1175021828 {\n  width: 100%;\n}\n<\/style>\n\t<\/div>\n\t\n\t\t<\/div>\n\t\t\t\t\t<\/div>\n\n\t\n\n\t<div id=\"col-1201016868\" class=\"col small-12 large-12\"  >\n\t\t\t\t<div class=\"col-inner text-center\"  >\n\t\t\t\n\t\t\t\n\t<div id=\"text-4230951532\" class=\"text\">\n\t\t\n<h1>FLORITERAPIA DI BACH DI MADELEINE MEUWESSEN<\/h1>\n\t\t\n<style>\n#text-4230951532 {\n  text-align: center;\n}\n<\/style>\n\t<\/div>\n\t\n\t\t<\/div>\n\t\t\t\t\t<\/div>\n\n\t\n<\/div>\n\t\t<\/div>\n\n\t\t\n<style>\n#section_480102374 {\n  padding-top: 30px;\n  padding-bottom: 30px;\n  background-color: rgb(247, 247, 247);\n}\n<\/style>\n\t<\/section>\n\t\n\n\t<section class=\"section\" id=\"section_1166369407\">\n\t\t<div class=\"section-bg fill\" >\n\t\t\t\t\t\t\t\t\t\n\t\t\t\n\n\t\t<\/div>\n\n\t\t\n\n\t\t<div class=\"section-content relative\">\n\t\t\t\n<div class=\"row\"  id=\"row-1063487483\">\n\n\t<div id=\"col-357103197\" class=\"col small-12 large-12\"  >\n\t\t\t\t<div class=\"col-inner\"  >\n\t\t\t\n\t\t\t\n\t<div id=\"text-3199160526\" class=\"text\">\n\t\t\n<p><a href=\"https:\/\/www.starremedies.com\/it\/madeleine\/#treat\">Trattare le persone, non le malattie<\/a>\u00a0|\u00a0<a href=\"https:\/\/www.starremedies.com\/it\/madeleine\/#body\">Recupero del corpo e della mente<\/a>\u00a0|\u00a0<a href=\"https:\/\/www.starremedies.com\/it\/madeleine\/#7bach\">7 Gruppi Bach<\/a>\u00a0|\u00a0<a href=\"https:\/\/www.starremedies.com\/it\/madeleine\/#rescue\">Essenza di primo soccorso<\/a>\u00a0|\u00a0<a href=\"https:\/\/www.starremedies.com\/it\/madeleine\/#practice\">Da Pratica<\/a><\/p>\n\t\t\n<style>\n#text-3199160526 {\n  text-align: center;\n}\n<\/style>\n\t<\/div>\n\t\n<span class=\"scroll-to\" data-label=\"Scroll to: #treat\" data-bullet=\"true\" data-link=\"#treat\" data-title=\"Treat People - not illness\"><a name=\"treat\"><\/a><\/span>\n<h2>Trattare le persone e non la loro malattia<\/h2>\n<blockquote>\n<p>La malattia non \u00e8 una punizione crudele, ma solo una correzione; uno strumento che la nostra stessa psiche usa per sottolineare i nostri errori, per impedirci di commettere errori pi\u00f9 gravi e per prevenire ulteriori danni - e per ricondurci sul sentiero della verit\u00e0 e della luce, che non abbiamo mai lasciato.\u00a0<em><strong>Edward Bach<\/strong><\/em><\/p>\n<\/blockquote>\n<p>Il dottor Edward Bach credeva allora che il modo di pensare e l'atteggiamento nei confronti della vita giocassero un ruolo importante nello sviluppo e nella cura delle malattie. Per lui, la malattia era una mancanza di armonia tra corpo e mente. Egli ipotizzava che se una persona non si sente felice, dopo qualche tempo potrebbe svilupparsi una malattia.<\/p>\n<p>Con un esempio voglio chiarire come funziona in pratica:<\/p>\n<p>Immaginate: due persone che non sono in alcun modo imparentate tra loro ricevono entrambe un grosso shock. Il primo \u00e8 coinvolto in un incidente. \u00c8 terribilmente scioccato, ma non ha nulla di fisico. Dopo qualche settimana inizia a soffrire di mal di testa e si ammala. La seconda persona, direttore di una grande azienda, deve improvvisamente affrontare una crisi finanziaria. Quando apprende la notizia, subisce un forte shock e, dopo pochi giorni, un'infezione al braccio sinistro.<\/p>\n<p>Normalmente si dovrebbero somministrare trattamenti diversi per questi due stati, ma quando si osserva lo stato psicologico delle persone, \u00e8 molto chiaro che entrambe hanno subito uno shock, anche se i loro corpi hanno reagito in modo molto diverso a questa situazione. Secondo il metodo di Edward Bach si somministra l'essenza che aiuta a neutralizzare lo shock.<\/p>\n<p>Edward Bach cercava nella natura, tra l'altro in Galles, i mezzi per i suoi metodi di guarigione, cio\u00e8 per convertire lo stato d'animo dell'uomo da un atteggiamento negativo verso la vita o l'attitudine a un atteggiamento positivo.<\/p>\n<p>La trov\u00f2 sotto forma di fiori di piante selvatiche, arbusti, cespugli e alberi. Da qui svilupp\u00f2 37 essenze, la 38esima delle quali non era ricavata dai fiori, ma da una fonte alla quale gli abitanti del luogo attribuiscono da tempo immemorabile un effetto curativo.<\/p>\n<div class=\"is-divider divider clearfix\" style=\"margin-top:35px;margin-bottom:35px;\"><\/div>\n\t\t<\/div>\n\t\t\t\t\t<\/div>\n\n\t\n\n\t<div id=\"col-588751448\" class=\"col medium-9 small-12 large-9\"  >\n\t\t\t\t<div class=\"col-inner\"  >\n\t\t\t\n\t\t\t\n<span class=\"scroll-to\" data-label=\"Scroll to: #body\" data-bullet=\"true\" data-link=\"#body\" data-title=\"Body &amp; Mind Recovery\"><a name=\"body\"><\/a><\/span>\n<h3>Recupero del corpo e della mente<\/h3>\n<blockquote>\n<p>Il dottor Bach, omeopata, scopr\u00ec negli anni '30 che alcuni tipi di fiori portano armonia alla mente umana. Le loro forze positive possono sbloccare le condizioni negative. Egli ipotizz\u00f2 che se una persona non si sente felice, dopo qualche tempo potrebbe svilupparsi una malattia.<\/p>\n<\/blockquote>\n<p>Per esempio, una persona pu\u00f2 essere oppressa dal senso di colpa o pu\u00f2 essere eccessivamente preoccupata per il benessere degli altri, non riesce a dire \"no\" per paura di perdere. Ci sono molti stati d'animo che fanno s\u00ec che le persone \"non si sentano bene\". Questo pu\u00f2 causare disturbi come disturbi alla pelle, alla testa e allo stomaco, infiammazioni e dolori senza una causa chiara. In seguito possono insorgere vere e proprie malattie. Cercando la causa, ovvero la mancanza di felicit\u00e0 nella vita, si guarisce anche il corpo! Il Dr. Bach ha creato 38 tinture di fiori, ognuna delle quali agisce su specifici stati d'animo. Possono, ad esempio, porre rimedio a preoccupazioni, paure intense, irritazione, tristezza e incertezza. Anche la stanchezza, il pessimismo e l'impazienza possono essere rimediati efficacemente.<\/p>\n<p>Le tinture vengono assunte sotto forma di gocce.<\/p>\n<p>Se del caso, vengono anche trasformati in unguenti per trattare in modo sorprendentemente efficace le aree problematiche all'interno e all'esterno del corpo. A breve termine, le persone inizieranno a sentirsi pi\u00f9 a loro agio e soprattutto pi\u00f9 se stesse. I tratti negativi \"congeniti\" del carattere possono scomparire definitivamente grazie alla terapia Bloesem, lasciando il posto a una sensazione positiva, a pi\u00f9 forza, vitalit\u00e0 e felicit\u00e0 nella vita. Le malattie possono essere prevenute in questo modo e quindi questo farmaco molto semplice da usare pu\u00f2 essere consigliato a chiunque non si senta in modo ottimale dal punto di vista mentale ed emotivo.<\/p>\n<p>Le essenze di Blossom possono essere applicate a tutti gli adulti, compresi i bambini lamentosi, indaffarati, gelosi o aggressivi. Molti cani timorosi o aggressivi sono gi\u00e0 diventati un piacevole animale domestico con questo semplice trattamento. L'effetto di altri farmaci non viene in alcun modo influenzato.<\/p>\n<p>Con questo metodo di guarigione Bach aveva in mente che doveva essere facile da applicare. Con le essenze di Blossom in casa, si possono facilmente attenuare molti problemi in molte situazioni.<\/p>\n<p>Con la paura degli esami, lo shock per gli incidenti, il pianto dei neonati e dei bambini con la paura o la nostalgia di casa, \u00e8 uno strumento efficace. Anche la tristezza e la paura del divorzio o della morte, la rassegnazione e lo sconforto della disoccupazione possono essere modificati. Adolescenti aggressivi o inavvicinabili, suoceri risentiti o critici, membri della famiglia stressati o esausti: con questo metodo naturale possono tornare pace e armonia.<\/p>\n<p>\u00c8 quasi meraviglioso, perch\u00e9 anche se apparentemente una situazione non cambia da sola, si pu\u00f2 fare qualcosa per tutti questi stati d'animo! Semplicemente perch\u00e9 l'atteggiamento interiore cambia con i poteri curativi della fioritura. Con questo metodo di guarigione unico e innovativo, Bach ha decisamente precorso i tempi.<\/p>\n<p>Ha aperto la strada a un nuovo modo di guarire: il recupero del corpo e della mente.<\/p>\n\t\t<\/div>\n\t\t\t\t\t<\/div>\n\n\t\n\n\t<div id=\"col-834842959\" class=\"col medium-3 small-12 large-3\"  >\n\t\t\t\t<div class=\"col-inner\"  >\n\t\t\t\n\t\t\t\n\t<div class=\"img has-hover x md-x lg-x y md-y lg-y\" id=\"image_2131291941\">\n\t\t\t\t\t\t\t\t<div class=\"img-inner dark\" >\n\t\t\t<img decoding=\"async\" width=\"250\" height=\"250\" src=\"https:\/\/www.starremedies.com\/wp-content\/uploads\/2016\/02\/edward_bach-3.jpg\" class=\"attachment-large size-large\" alt=\"\" srcset=\"https:\/\/www.starremedies.com\/wp-content\/uploads\/2016\/02\/edward_bach-3.jpg 250w, https:\/\/www.starremedies.com\/wp-content\/uploads\/2016\/02\/edward_bach-3-80x80.jpg 80w, https:\/\/www.starremedies.com\/wp-content\/uploads\/2016\/02\/edward_bach-3-36x36.jpg 36w, https:\/\/www.starremedies.com\/wp-content\/uploads\/2016\/02\/edward_bach-3-180x180.jpg 180w, https:\/\/www.starremedies.com\/wp-content\/uploads\/2016\/02\/edward_bach-3-120x120.jpg 120w\" sizes=\"(max-width: 250px) 100vw, 250px\" \/>\t\t\t\t\t\t\n\t\t\t\t\t<\/div>\n\t\t\t\t\t\t\t\t\n<style>\n#image_2131291941 {\n  width: 100%;\n}\n<\/style>\n\t<\/div>\n\t\n\t\t<\/div>\n\t\t\t\t\t<\/div>\n\n\t\n\n\t<div id=\"col-386235986\" class=\"col small-12 large-12\"  >\n\t\t\t\t<div class=\"col-inner\"  >\n\t\t\t\n\t\t\t\n<span class=\"scroll-to\" data-label=\"Scroll to: #7bach\" data-bullet=\"true\" data-link=\"#7bach\" data-title=\"7 Bach Groups\"><a name=\"7bach\"><\/a><\/span>\n<div class=\"is-divider divider clearfix\" style=\"margin-top:35px;margin-bottom:35px;\"><\/div>\n<h4>7 Gruppi Bach<\/h4>\n<p>Edward Bach si bas\u00f2 sulle sue scoperte e le divise in 7 gruppi: i 7 gruppi di Bach. Questi 7 gruppi di Bach derivano direttamente dai nosodi di Bach da lui sviluppati.<\/p>\n<ol>\n<li>Paura<\/li>\n<li>Incertezza<\/li>\n<li>Insufficiente interesse per il presente<\/li>\n<li>Solitudine<\/li>\n<li>Ipersensibilit\u00e0 alle influenze e alle idee<\/li>\n<li>Sconforto e disperazione<\/li>\n<li>Eccessiva preoccupazione per il benessere degli altri.<\/li>\n<\/ol>\n<div class=\"is-divider divider clearfix\" style=\"margin-top:35px;margin-bottom:35px;\"><\/div>\n<span class=\"scroll-to\" data-label=\"Scroll to: #rescue\" data-bullet=\"true\" data-link=\"#rescue\" data-title=\"First Aid Essence\"><a name=\"rescue\"><\/a><\/span>\n<h4>Essenza di primo soccorso; Essenza di soccorso, Essenza di emergenza, Cinque fiori.<\/h4>\n<p>Edward Bach svilupp\u00f2 anche un'essenza di pronto soccorso. Inizialmente, questa essenza di pronto soccorso era composta esclusivamente da Rock Rose. In seguito aggiunse altri fiori di Bach per venire in soccorso.<\/p>\n<p>L'essenza di pronto soccorso \u00e8 una combinazione di fiori gi\u00e0 pronta, che pu\u00f2 essere somministrata come primo soccorso in caso di emergenze di ogni tipo.<\/p>\n<p>La miscela contiene le seguenti essenze:<\/p>\n<ul>\n<li>Stella di Betlemme<\/li>\n<li>Rosa di roccia<\/li>\n<li>Impatiens<\/li>\n<li>Ciliegia e prugna<\/li>\n<li>Clematide<\/li>\n<\/ul>\n<p>In caso di incidenti gravi e in situazioni di pericolo di vita, deve essere somministrata da tutti come primo soccorso, sempre che non sia presente un medico. Tuttavia, l'essenza di primo soccorso non \u00e8 assolutamente un \"sostituto\" del medico. NON LASCIARE CHE L'ESSENZA DI PRIMO SOCCORSO DIVENTI UN'ABITUDINE REGOLARE. UN'ESSENZA DI PRIMO SOCCORSO; RESCUE, EMERGENCY ESSENCE, FIVE FLOWER SONO DESTINATI ESCLUSIVAMENTE ALLE EMERGENZE EMOTIVE. LE ESSENZE DI PRONTO SOCCORSO NON SERVONO A COMPENSARE UNO STILE DI VITA POCO SAGGIO. LE ESSENZE FLOREALI DI BACH E LA FLORITERAPIA DI BACH NON SOSTITUISCONO IL MEDICO O IL MEDICO SPECIALISTA. \u00c8 SEMPRE NECESSARIO CONSULTARE PRIMA IL PROPRIO MEDICO.<\/p>\n<div class=\"is-divider divider clearfix\" style=\"margin-top:35px;margin-bottom:35px;\"><\/div>\n<span class=\"scroll-to\" data-label=\"Scroll to: #practice\" data-bullet=\"true\" data-link=\"#practice\" data-title=\"From Practice\"><a name=\"practice\"><\/a><\/span>\n<h4>Dalla pratica<\/h4>\n<p><em><strong>Per illustrare quanto detto sopra:<\/strong><\/em><\/p>\n<p>Anni fa un membro dello staff del centro Bach in Inghilterra mi disse: \"Se sono affondato durante una notte, ne prendo qualche goccia al mattino e riesco a superare la giornata\". Sono rimasto molto sorpreso. Non mi era mai venuto in mente. Ma quando ho iniziato a pensarci meglio, ho immaginato che potesse essere cos\u00ec. Se una volta si \u00e8 bevuto davvero molto alcol, credo che anche questo sia una sorta di shock. Il termine shock si riferisce a tutto ci\u00f2 che pu\u00f2 disturbare l'equilibrio armonico del nostro sistema di energie.<\/p>\n<p>Vedete quindi che l'essenza di pronto soccorso viene utilizzata come una sorta di olio di Haarlemmer, mentre, se necessario, questa essenza pu\u00f2 salvare delle vite. Sostengo addirittura che l'uso prolungato dell'essenza di pronto soccorso pu\u00f2 portare a disordini di cui non si conosce la provenienza. Per esempio, una persona \u00e8 venuta a prendere l'essenza di pronto soccorso da me ogni mese per un periodo di tempo prolungato. Quando le ho chiesto perch\u00e9 ne prendeva una bottiglia cos\u00ec spesso, mi ha risposto che riusciva a consumarla.<\/p>\n<p>Le consigliai di fare qualcosa per se stessa, ad esempio di iniziare la terapia bach (che aveva seguito per 17 anni, settimanalmente, con uno psichiatra), ma lei lo trovava troppo spaventoso, preferiva non lasciare che le cose che stava affrontando venissero a galla. Non volevo pi\u00f9 venderle un flacone e ho cercato chiaramente di spiegarle cosa poteva emergere con un uso prolungato. Forse non avrei dovuto dirlo, ma credo che si debbano fornire informazioni chiare quando si lavora con le essenze. Purtroppo non l'ho pi\u00f9 vista.<\/p>\n<p><a href=\"https:\/\/blog.madeleinemeuwessen.nl\/it\/\" target=\"_blank\" rel=\"noopener\">Per saperne di pi\u00f9 sulle esperienze pratiche di Madeleine, visitate il suo blog.<\/a><\/p>\n<div class=\"is-divider divider clearfix\" style=\"margin-top:35px;margin-bottom:35px;\"><\/div>\n\t\t<\/div>\n\t\t\t\t\t<\/div>\n\n\t\n\n\t<div id=\"col-2078963610\" class=\"col medium-6 small-12 large-3\"  >\n\t\t\t\t<div class=\"col-inner\"  >\n\t\t\t\n\t\t\t\n<h4>Supporta con<\/h4>\n<ul>\n<li>Disturbi emotivi dell'umore<\/li>\n<li>Problemi di cambiamento<\/li>\n<li>Adattarsi a nuove situazioni<\/li>\n<li>Paura con cause note e sconosciute<\/li>\n<li>Sovraccarico emotivo<\/li>\n<li>Immagine personale negativa di s\u00e9<\/li>\n<li>Traumi emotivi<\/li>\n<\/ul>\n\t\t<\/div>\n\t\t\t\t\t<\/div>\n\n\t\n\n\t<div id=\"col-1264460547\" class=\"col medium-6 small-12 large-3\"  >\n\t\t\t\t<div class=\"col-inner\"  >\n\t\t\t\n\t\t\t\n<h4>Trattamento e risultati<\/h4>\n<p>Affrontare gli squilibri emotivi accumulati nel corso degli anni non si risolve in pochi giorni. La regola che si usa \u00e8: il numero di anni in cui si \u00e8 disturbati da qualcosa, il numero di mesi necessari per risolvere il problema.<\/p>\n\t\t<\/div>\n\t\t\t\t\t<\/div>\n\n\t\n\n\t<div id=\"col-1454045385\" class=\"col medium-6 small-12 large-3\"  >\n\t\t\t\t<div class=\"col-inner\"  >\n\t\t\t\n\t\t\t\n<h4 id=\"headline-882-3573\" class=\"ct-headline\">Anamnesi<\/h4>\n<div id=\"_rich_text-887-3573\" class=\"oxy-rich-text c-padding-xs\">\n<p>\u00c8 sempre importante fare una buona diagnosi e quindi valutare la causa dei problemi emotivi. Questo permette di lavorare a fondo con le emozioni e di risolvere i problemi emotivi esistenti.<\/p>\n<\/div>\n\t\t<\/div>\n\t\t\t\t\t<\/div>\n\n\t\n\n\t<div id=\"col-109388395\" class=\"col medium-6 small-12 large-3\"  >\n\t\t\t\t<div class=\"col-inner\"  >\n\t\t\t\n\t\t\t\n<h4>Concentrarsi sulle persone<\/h4>\n<p>Con la floriterapia di Bach, la persona \u00e8 al centro e non il sintomo. Le essenze di Bach sono in grado di affrontare i problemi alla base dello squilibrio. Le essenze floreali di Bach e la floriterapia di Bach trasformano gli stati d'animo negativi in qualit\u00e0 positive.<\/p>\n\t\t<\/div>\n\t\t\t\t\t<\/div>\n\n\t\n<\/div>\n\t\t<\/div>\n\n\t\t\n<style>\n#section_1166369407 {\n  padding-top: 30px;\n  padding-bottom: 30px;\n}\n<\/style>\n\t<\/section>","protected":false},"excerpt":{"rendered":"","protected":false},"author":1,"featured_media":0,"parent":0,"menu_order":0,"comment_status":"closed","ping_status":"closed","template":"page-blank.php","meta":{"footnotes":""},"class_list":["post-3573","page","type-page","status-publish","hentry"],"yoast_head":"<!-- This site is optimized with the Yoast SEO plugin v27.6 - https:\/\/yoast.com\/product\/yoast-seo-wordpress\/ -->\n<title>Bach flower therapy by Madeleine Meuwessen - Star Remedies<\/title>\n<meta name=\"description\" content=\"Bach flower therapy turns negative states of mind into positive traits. The bach flower therapy by Madeleine Meuwessen.\" \/>\n<meta name=\"robots\" content=\"index, follow, max-snippet:-1, max-image-preview:large, max-video-preview:-1\" \/>\n<link rel=\"canonical\" href=\"https:\/\/www.starremedies.com\/it\/madeleine\/\" \/>\n<meta property=\"og:locale\" content=\"it_IT\" \/>\n<meta property=\"og:type\" content=\"article\" \/>\n<meta property=\"og:title\" content=\"Bach flower therapy by Madeleine Meuwessen - Star Remedies\" \/>\n<meta property=\"og:description\" content=\"Bach flower therapy turns negative states of mind into positive traits. The bach flower therapy by Madeleine Meuwessen.\" \/>\n<meta property=\"og:url\" content=\"https:\/\/www.starremedies.com\/it\/madeleine\/\" \/>\n<meta property=\"og:site_name\" content=\"Star Remedies\" \/>\n<meta property=\"article:publisher\" content=\"https:\/\/www.facebook.com\/starremedies\/\" \/>\n<meta property=\"article:modified_time\" content=\"2025-02-05T09:31:03+00:00\" \/>\n<meta name=\"twitter:card\" content=\"summary_large_image\" \/>\n<script type=\"application\/ld+json\" class=\"yoast-schema-graph\">{\"@context\":\"https:\\\/\\\/schema.org\",\"@graph\":[{\"@type\":\"WebPage\",\"@id\":\"https:\\\/\\\/www.starremedies.com\\\/madeleine\\\/\",\"url\":\"https:\\\/\\\/www.starremedies.com\\\/madeleine\\\/\",\"name\":\"Bach flower therapy by Madeleine Meuwessen - Star Remedies\",\"isPartOf\":{\"@id\":\"https:\\\/\\\/www.starremedies.com\\\/#website\"},\"datePublished\":\"2016-02-21T10:29:28+00:00\",\"dateModified\":\"2025-02-05T09:31:03+00:00\",\"description\":\"Bach flower therapy turns negative states of mind into positive traits. The bach flower therapy by Madeleine Meuwessen.\",\"breadcrumb\":{\"@id\":\"https:\\\/\\\/www.starremedies.com\\\/madeleine\\\/#breadcrumb\"},\"inLanguage\":\"it-IT\",\"potentialAction\":[{\"@type\":\"ReadAction\",\"target\":[\"https:\\\/\\\/www.starremedies.com\\\/madeleine\\\/\"]}]},{\"@type\":\"BreadcrumbList\",\"@id\":\"https:\\\/\\\/www.starremedies.com\\\/madeleine\\\/#breadcrumb\",\"itemListElement\":[{\"@type\":\"ListItem\",\"position\":1,\"name\":\"Home\",\"item\":\"https:\\\/\\\/www.starremedies.com\\\/\"},{\"@type\":\"ListItem\",\"position\":2,\"name\":\"Bach flower therapy by Madeleine Meuwessen\"}]},{\"@type\":\"WebSite\",\"@id\":\"https:\\\/\\\/www.starremedies.com\\\/#website\",\"url\":\"https:\\\/\\\/www.starremedies.com\\\/\",\"name\":\"Star Remedies\",\"description\":\"\",\"publisher\":{\"@id\":\"https:\\\/\\\/www.starremedies.com\\\/#organization\"},\"potentialAction\":[{\"@type\":\"SearchAction\",\"target\":{\"@type\":\"EntryPoint\",\"urlTemplate\":\"https:\\\/\\\/www.starremedies.com\\\/?s={search_term_string}\"},\"query-input\":{\"@type\":\"PropertyValueSpecification\",\"valueRequired\":true,\"valueName\":\"search_term_string\"}}],\"inLanguage\":\"it-IT\"},{\"@type\":\"Organization\",\"@id\":\"https:\\\/\\\/www.starremedies.com\\\/#organization\",\"name\":\"Star Remedies\",\"url\":\"https:\\\/\\\/www.starremedies.com\\\/\",\"logo\":{\"@type\":\"ImageObject\",\"inLanguage\":\"it-IT\",\"@id\":\"https:\\\/\\\/www.starremedies.com\\\/#\\\/schema\\\/logo\\\/image\\\/\",\"url\":\"https:\\\/\\\/www.starremedies.com\\\/wp-content\\\/uploads\\\/2016\\\/02\\\/srl.gif\",\"contentUrl\":\"https:\\\/\\\/www.starremedies.com\\\/wp-content\\\/uploads\\\/2016\\\/02\\\/srl.gif\",\"width\":250,\"height\":250,\"caption\":\"Star Remedies\"},\"image\":{\"@id\":\"https:\\\/\\\/www.starremedies.com\\\/#\\\/schema\\\/logo\\\/image\\\/\"},\"sameAs\":[\"https:\\\/\\\/www.facebook.com\\\/starremedies\\\/\",\"https:\\\/\\\/www.instagram.com\\\/starremedies\\\/\"]}]}<\/script>\n<!-- \/ Yoast SEO plugin. -->","yoast_head_json":{"title":"La terapia dei fiori di Bach di Madeleine Meuwessen - Rimedi stellari","description":"La floriterapia di Bach trasforma gli stati d'animo negativi in tratti positivi. La terapia dei fiori di Bach di Madeleine Meuwessen.","robots":{"index":"index","follow":"follow","max-snippet":"max-snippet:-1","max-image-preview":"max-image-preview:large","max-video-preview":"max-video-preview:-1"},"canonical":"https:\/\/www.starremedies.com\/it\/madeleine\/","og_locale":"it_IT","og_type":"article","og_title":"Bach flower therapy by Madeleine Meuwessen - Star Remedies","og_description":"Bach flower therapy turns negative states of mind into positive traits. The bach flower therapy by Madeleine Meuwessen.","og_url":"https:\/\/www.starremedies.com\/it\/madeleine\/","og_site_name":"Star Remedies","article_publisher":"https:\/\/www.facebook.com\/starremedies\/","article_modified_time":"2025-02-05T09:31:03+00:00","twitter_card":"summary_large_image","schema":{"@context":"https:\/\/schema.org","@graph":[{"@type":"WebPage","@id":"https:\/\/www.starremedies.com\/madeleine\/","url":"https:\/\/www.starremedies.com\/madeleine\/","name":"La terapia dei fiori di Bach di Madeleine Meuwessen - Rimedi stellari","isPartOf":{"@id":"https:\/\/www.starremedies.com\/#website"},"datePublished":"2016-02-21T10:29:28+00:00","dateModified":"2025-02-05T09:31:03+00:00","description":"La floriterapia di Bach trasforma gli stati d'animo negativi in tratti positivi. La terapia dei fiori di Bach di Madeleine Meuwessen.","breadcrumb":{"@id":"https:\/\/www.starremedies.com\/madeleine\/#breadcrumb"},"inLanguage":"it-IT","potentialAction":[{"@type":"ReadAction","target":["https:\/\/www.starremedies.com\/madeleine\/"]}]},{"@type":"BreadcrumbList","@id":"https:\/\/www.starremedies.com\/madeleine\/#breadcrumb","itemListElement":[{"@type":"ListItem","position":1,"name":"Home","item":"https:\/\/www.starremedies.com\/"},{"@type":"ListItem","position":2,"name":"Bach flower therapy by Madeleine Meuwessen"}]},{"@type":"WebSite","@id":"https:\/\/www.starremedies.com\/#website","url":"https:\/\/www.starremedies.com\/","name":"Rimedi stellari","description":"","publisher":{"@id":"https:\/\/www.starremedies.com\/#organization"},"potentialAction":[{"@type":"SearchAction","target":{"@type":"EntryPoint","urlTemplate":"https:\/\/www.starremedies.com\/?s={search_term_string}"},"query-input":{"@type":"PropertyValueSpecification","valueRequired":true,"valueName":"search_term_string"}}],"inLanguage":"it-IT"},{"@type":"Organization","@id":"https:\/\/www.starremedies.com\/#organization","name":"Rimedi stellari","url":"https:\/\/www.starremedies.com\/","logo":{"@type":"ImageObject","inLanguage":"it-IT","@id":"https:\/\/www.starremedies.com\/#\/schema\/logo\/image\/","url":"https:\/\/www.starremedies.com\/wp-content\/uploads\/2016\/02\/srl.gif","contentUrl":"https:\/\/www.starremedies.com\/wp-content\/uploads\/2016\/02\/srl.gif","width":250,"height":250,"caption":"Star Remedies"},"image":{"@id":"https:\/\/www.starremedies.com\/#\/schema\/logo\/image\/"},"sameAs":["https:\/\/www.facebook.com\/starremedies\/","https:\/\/www.instagram.com\/starremedies\/"]}]}},"_links":{"self":[{"href":"https:\/\/www.starremedies.com\/it\/wp-json\/wp\/v2\/pages\/3573","targetHints":{"allow":["GET"]}}],"collection":[{"href":"https:\/\/www.starremedies.com\/it\/wp-json\/wp\/v2\/pages"}],"about":[{"href":"https:\/\/www.starremedies.com\/it\/wp-json\/wp\/v2\/types\/page"}],"author":[{"embeddable":true,"href":"https:\/\/www.starremedies.com\/it\/wp-json\/wp\/v2\/users\/1"}],"replies":[{"embeddable":true,"href":"https:\/\/www.starremedies.com\/it\/wp-json\/wp\/v2\/comments?post=3573"}],"version-history":[{"count":10,"href":"https:\/\/www.starremedies.com\/it\/wp-json\/wp\/v2\/pages\/3573\/revisions"}],"predecessor-version":[{"id":27965,"href":"https:\/\/www.starremedies.com\/it\/wp-json\/wp\/v2\/pages\/3573\/revisions\/27965"}],"wp:attachment":[{"href":"https:\/\/www.starremedies.com\/it\/wp-json\/wp\/v2\/media?parent=3573"}],"curies":[{"name":"wp","href":"https:\/\/api.w.org\/{rel}","templated":true}]}}