{"id":3386,"date":"2016-02-19T12:21:48","date_gmt":"2016-02-19T11:21:48","guid":{"rendered":"https:\/\/www.starremedies.com\/?page_id=3386"},"modified":"2025-02-04T13:19:30","modified_gmt":"2025-02-04T12:19:30","slug":"ainsworths","status":"publish","type":"page","link":"https:\/\/www.starremedies.com\/it\/brands\/ainsworths\/","title":{"rendered":"Ainsworths Essenze di Fiori di Bach"},"content":{"rendered":"<section class=\"section section_breadcrumbs\" id=\"section_525523800\">\n\t\t<div class=\"section-bg fill\" >\n\t\t\t\t\t\t\t\t\t\n\t\t\t\n\n\t\t<\/div>\n\n\t\t\n\n\t\t<div class=\"section-content relative\">\n\t\t\t\n<div class=\"row breadcrumbs-row\"  id=\"row-2089920051\">\n\n\t<div id=\"col-421378098\" class=\"col small-12 large-12\"  >\n\t\t\t\t<div class=\"col-inner\"  >\n\t\t\t\n\t\t\t\n\t<div id=\"text-147457207\" class=\"text breadcrumbs\">\n\t\t\n<span><span><a href=\"https:\/\/www.starremedies.com\/it\/\">Casa<\/a><\/span><\/span>\n\t\t\t<\/div>\n\t\n\t\t<\/div>\n\t\t\t\t\t<\/div>\n\n\t\n\n<style>\n#row-2089920051 > .col > .col-inner {\n  padding: 0px 0px 0px 0px;\n}\n<\/style>\n<\/div>\n\t\t<\/div>\n\n\t\t\n<style>\n#section_525523800 {\n  padding-top: 0px;\n  padding-bottom: 0px;\n  margin-bottom: 0px;\n}\n<\/style>\n\t<\/section>\n\t\n\n\t<section class=\"section products_row\" id=\"section_1837114769\">\n\t\t<div class=\"section-bg fill\" >\n\t\t\t\t\t\t\t\t\t\n\t\t\t\n\n\t\t<\/div>\n\n\t\t\n\n\t\t<div class=\"section-content relative\">\n\t\t\t\n<div class=\"row align-middle align-center\"  id=\"row-302141170\">\n\n\t<div id=\"col-445627741\" class=\"col medium-4 small-8 large-2\"  >\n\t\t\t\t<div class=\"col-inner text-center\"  >\n\t\t\t\n\t\t\t\n\t<div class=\"img has-hover x md-x lg-x y md-y lg-y\" id=\"image_2085995021\">\n\t\t\t\t\t\t\t\t<div class=\"img-inner dark\" >\n\t\t\t<img decoding=\"async\" width=\"4186\" height=\"783\" src=\"https:\/\/www.starremedies.com\/wp-content\/uploads\/2016\/02\/Ainsworhts-logo.png\" class=\"attachment-original size-original\" alt=\"\" srcset=\"https:\/\/www.starremedies.com\/wp-content\/uploads\/2016\/02\/Ainsworhts-logo.png 4186w, https:\/\/www.starremedies.com\/wp-content\/uploads\/2016\/02\/Ainsworhts-logo-300x56.png 300w, https:\/\/www.starremedies.com\/wp-content\/uploads\/2016\/02\/Ainsworhts-logo-768x144.png 768w, https:\/\/www.starremedies.com\/wp-content\/uploads\/2016\/02\/Ainsworhts-logo-1030x193.png 1030w, https:\/\/www.starremedies.com\/wp-content\/uploads\/2016\/02\/Ainsworhts-logo-1500x281.png 1500w, https:\/\/www.starremedies.com\/wp-content\/uploads\/2016\/02\/Ainsworhts-logo-705x132.png 705w, https:\/\/www.starremedies.com\/wp-content\/uploads\/2016\/02\/Ainsworhts-logo-450x84.png 450w\" sizes=\"(max-width: 4186px) 100vw, 4186px\" \/>\t\t\t\t\t\t\n\t\t\t\t\t<\/div>\n\t\t\t\t\t\t\t\t\n<style>\n#image_2085995021 {\n  width: 100%;\n}\n<\/style>\n\t<\/div>\n\t\n\t\t<\/div>\n\t\t\t\t\n<style>\n#col-445627741 > .col-inner {\n  padding: 50px 0px 0px 0px;\n}\n<\/style>\n\t<\/div>\n\n\t\n\n\t<div id=\"col-1076203673\" class=\"col small-12 large-12\"  >\n\t\t\t\t<div class=\"col-inner text-center\"  >\n\t\t\t\n\t\t\t\n\t<div id=\"text-2025435052\" class=\"text\">\n\t\t\n<h1>AINSWORTHS ESSENZE FLOREALI ORIGINALI DI BACH<\/h1>\n<h2>secondo edward bach<\/h2>\n<p><strong>Diluizione 1 su 240<\/strong><br \/>\n<strong>bottiglie originali<\/strong><br \/>\n<strong>fatto a mano in Inghilterra<\/strong><\/p>\n\t\t\n<style>\n#text-2025435052 {\n  text-align: center;\n}\n<\/style>\n\t<\/div>\n\t\n\t\t<\/div>\n\t\t\t\t\t<\/div>\n\n\t\n<\/div>\n\t\t<\/div>\n\n\t\t\n<style>\n#section_1837114769 {\n  padding-top: 30px;\n  padding-bottom: 30px;\n  background-color: rgb(247, 247, 247);\n}\n<\/style>\n\t<\/section>\n\t\n\n\t<section class=\"section\" id=\"section_1615697853\">\n\t\t<div class=\"section-bg fill\" >\n\t\t\t\t\t\t\t\t\t\n\t\t\t\n\n\t\t<\/div>\n\n\t\t\n\n\t\t<div class=\"section-content relative\">\n\t\t\t\n<div class=\"row\"  id=\"row-214121938\">\n\n\t<div id=\"col-1354700126\" class=\"col medium-6 small-12 large-6\"  >\n\t\t\t\t<div class=\"col-inner\"  >\n\t\t\t\n\t\t\t\n<div class=\"row align-center\"  id=\"row-592744783\">\n\n\t<div id=\"col-843823052\" class=\"col medium-4 small-4 large-2\"  >\n\t\t\t\t<div class=\"col-inner\"  >\n\t\t\t\n\t\t\t\n\t<div class=\"img has-hover x md-x lg-x y md-y lg-y\" id=\"image_1505365495\">\n\t\t\t\t\t\t\t\t<div class=\"img-inner dark\" >\n\t\t\t<img decoding=\"async\" width=\"100\" height=\"100\" src=\"https:\/\/www.starremedies.com\/wp-content\/uploads\/2016\/02\/gmp.png\" class=\"attachment-large size-large\" alt=\"\" srcset=\"https:\/\/www.starremedies.com\/wp-content\/uploads\/2016\/02\/gmp.png 100w, https:\/\/www.starremedies.com\/wp-content\/uploads\/2016\/02\/gmp-80x80.png 80w, https:\/\/www.starremedies.com\/wp-content\/uploads\/2016\/02\/gmp-36x36.png 36w\" sizes=\"(max-width: 100px) 100vw, 100px\" \/>\t\t\t\t\t\t\n\t\t\t\t\t<\/div>\n\t\t\t\t\t\t\t\t\n<style>\n#image_1505365495 {\n  width: 100%;\n}\n<\/style>\n\t<\/div>\n\t\n\t\t<\/div>\n\t\t\t\t\t<\/div>\n\n\t\n\n\t<div id=\"col-188174776\" class=\"col small-12 large-12\"  >\n\t\t\t\t<div class=\"col-inner\"  >\n\t\t\t\n\t\t\t\n<h3>Qualit\u00e0 riconosciuta<\/h3>\n<p>Sua Maest\u00e0 la Regina Elisabetta, il Principe di Galles, il Principe Carlo e la defunta Regina Madre hanno personalmente premiato Ainsworths con il predicato di fornitore della corte reale. Da anni le essenze di Fiori di Bach Ainsworths sono utilizzate dalla Casa Reale inglese. Le essenze di Fiori di Bach Ainsworths sono prodotte esattamente con lo stesso metodo con cui le produceva il Dr. Edward Bach e sono quindi Essenze di Fiori di Bach Originali.<\/p>\n\t\t<\/div>\n\t\t\t\t\t<\/div>\n\n\t\n<\/div>\n\t\t<\/div>\n\t\t\t\t\t<\/div>\n\n\t\n\n\t<div id=\"col-1135161952\" class=\"col medium-6 small-12 large-6\"  >\n\t\t\t\t<div class=\"col-inner\"  >\n\t\t\t\n\t\t\t\n<div class=\"row align-center\"  id=\"row-1589568591\">\n\n\t<div id=\"col-1799514646\" class=\"col medium-6 small-6 large-3\"  >\n\t\t\t\t<div class=\"col-inner\"  >\n\t\t\t\n\t\t\t\n\t<div class=\"img has-hover x md-x lg-x y md-y lg-y\" id=\"image_1279480384\">\n\t\t\t\t\t\t\t\t<div class=\"img-inner dark\" >\n\t\t\t<img decoding=\"async\" width=\"172\" height=\"108\" src=\"https:\/\/www.starremedies.com\/wp-content\/uploads\/2016\/02\/warrants.png\" class=\"attachment-large size-large\" alt=\"\" \/>\t\t\t\t\t\t\n\t\t\t\t\t<\/div>\n\t\t\t\t\t\t\t\t\n<style>\n#image_1279480384 {\n  width: 100%;\n}\n<\/style>\n\t<\/div>\n\t\n\t\t<\/div>\n\t\t\t\t\t<\/div>\n\n\t\n\n\t<div id=\"col-2069534638\" class=\"col small-12 large-12\"  >\n\t\t\t\t<div class=\"col-inner\"  >\n\t\t\t\n\t\t\t\n<h3>Fornitore reale<\/h3>\n<p>Ainsworths ha l'onore di essere stata nominata Royal Warrant Holder per la fornitura dei suoi medicinali omeopatici a S.M. la Regina, S.M. la Regina Madre e S.M. il Principe di Galles. Approvato con tre riconoscimenti come fornitore della Casa Reale su nomina di S.A.R. il Principe Carlo, S.M. la Regina e S.M. la Regina Madre. Questa nomina viene concessa solo alle aziende con standard esemplari.<\/p>\n\t\t<\/div>\n\t\t\t\t\t<\/div>\n\n\t\n<\/div>\n\t\t<\/div>\n\t\t\t\t\t<\/div>\n\n\t\n\n\t<div id=\"col-1881938793\" class=\"col small-12 large-12\"  >\n\t\t\t\t<div class=\"col-inner\"  >\n\t\t\t\n\t\t\t\n<div class=\"row align-center\"  id=\"row-909825407\">\n\n\t<div id=\"col-1936431444\" class=\"col medium-3 small-6 large-2\"  >\n\t\t\t\t<div class=\"col-inner text-center\"  >\n\t\t\t\n\t\t\t\n\t<div class=\"img has-hover x md-x lg-x y md-y lg-y\" id=\"image_425865653\">\n\t\t\t\t\t\t\t\t<div class=\"img-inner dark\" >\n\t\t\t<img decoding=\"async\" width=\"150\" height=\"75\" src=\"https:\/\/www.starremedies.com\/wp-content\/uploads\/2016\/02\/1240.gif\" class=\"attachment-original size-original\" alt=\"\" \/>\t\t\t\t\t\t\n\t\t\t\t\t<\/div>\n\t\t\t\t\t\t\t\t\n<style>\n#image_425865653 {\n  width: 90%;\n}\n<\/style>\n\t<\/div>\n\t\n\t\t<\/div>\n\t\t\t\t\t<\/div>\n\n\t\n\n\t<div id=\"col-962341207\" class=\"col small-12 large-12\"  >\n\t\t\t\t<div class=\"col-inner\"  >\n\t\t\t\n\t\t\t\n<h2>Essenze floreali di Bach originali<\/h2>\n<p>Le essenze floreali di Bach sono essenziali come quando sono state scoperte. Da Ainsworths si preparano le essenze delle stesse piante utilizzate dal Dr. Edward Bach. Vengono utilizzate solo specie che crescono in natura. Le essenze dei Fiori di Bach di Ainsworths sono preparate a base di brandy con una diluizione di 1:240. Edward Bach ha creato le sue essenze di Bach. Le essenze di Fiori di Bach Ainsworths sono disponibili sia sfuse che in set da 10 ml. Sebbene il Dr. Edward Bach fosse un omeopata di professione, ha dichiarato chiaramente che le sue essenze floreali di Bach non erano e non sono assolutamente preparati omeopatici.<\/p>\n\t\t<\/div>\n\t\t\t\t\t<\/div>\n\n\t\n<\/div>\n\t\t<\/div>\n\t\t\t\t\t<\/div>\n\n\t\n\n\t<div id=\"col-1410483018\" class=\"col medium-6 small-12 large-6\"  >\n\t\t\t\t<div class=\"col-inner\"  >\n\t\t\t\n\t\t\t\n<div class=\"row align-center\"  id=\"row-1043006433\">\n\n\t<div id=\"col-2129581\" class=\"col medium-8 small-12 large-8\"  >\n\t\t\t\t<div class=\"col-inner\"  >\n\t\t\t\n\t\t\t\n\t<div class=\"img has-hover x md-x lg-x y md-y lg-y\" id=\"image_159338721\">\n\t\t\t\t\t\t\t\t<div class=\"img-inner dark\" >\n\t\t\t<img decoding=\"async\" width=\"500\" height=\"500\" src=\"https:\/\/www.starremedies.com\/wp-content\/uploads\/2021\/08\/Ainworths-Emergency-Cream.jpg\" class=\"attachment-original size-original\" alt=\"\" srcset=\"https:\/\/www.starremedies.com\/wp-content\/uploads\/2021\/08\/Ainworths-Emergency-Cream.jpg 500w, https:\/\/www.starremedies.com\/wp-content\/uploads\/2021\/08\/Ainworths-Emergency-Cream-300x300.jpg 300w, https:\/\/www.starremedies.com\/wp-content\/uploads\/2021\/08\/Ainworths-Emergency-Cream-80x80.jpg 80w\" sizes=\"(max-width: 500px) 100vw, 500px\" \/>\t\t\t\t\t\t\n\t\t\t\t\t<\/div>\n\t\t\t\t\t\t\t\t\n<style>\n#image_159338721 {\n  width: 100%;\n}\n<\/style>\n\t<\/div>\n\t\n\t\t<\/div>\n\t\t\t\t\t<\/div>\n\n\t\n\n\t<div id=\"col-400542274\" class=\"col small-12 large-12\"  >\n\t\t\t\t<div class=\"col-inner\"  >\n\t\t\t\n\t\t\t\n<h3>Crema d'emergenza Ainsworths<\/h3>\n<p>Questa crema \u00e8 prodotta con una formulazione unica, 100% naturale e contenente solo conservanti naturali. Questo \u00e8 particolarmente importante per una crema ai fiori di bach, che \u00e8 intesa come una crema \"olistica\" delicata. L'uso di conservanti naturali preserva l'energia naturale del prodotto.<\/p>\n<p>La crema d'emergenza Ainsworths contiene solo 100% ingredienti naturali!<\/p>\n<p>Composizione: Stella di Betlemme, Rosa di roccia, Impatiens, Ciliegio, Clematide, Mimolo, Aspen, Castagno bianco.<\/p>\n\t\t<\/div>\n\t\t\t\t\t<\/div>\n\n\t\n<\/div>\n\t\t<\/div>\n\t\t\t\t\t<\/div>\n\n\t\n\n\t<div id=\"col-1814025821\" class=\"col medium-6 small-12 large-6\"  >\n\t\t\t\t<div class=\"col-inner\"  >\n\t\t\t\n\t\t\t\n<div class=\"row align-center\"  id=\"row-1014845352\">\n\n\t<div id=\"col-751408918\" class=\"col medium-8 small-12 large-8\"  >\n\t\t\t\t<div class=\"col-inner\"  >\n\t\t\t\n\t\t\t\n\t<div class=\"img has-hover x md-x lg-x y md-y lg-y\" id=\"image_231486855\">\n\t\t\t\t\t\t\t\t<div class=\"img-inner dark\" >\n\t\t\t<img decoding=\"async\" width=\"500\" height=\"500\" src=\"https:\/\/www.starremedies.com\/wp-content\/uploads\/2021\/08\/Recovery-Remedy.jpg\" class=\"attachment-original size-original\" alt=\"\" srcset=\"https:\/\/www.starremedies.com\/wp-content\/uploads\/2021\/08\/Recovery-Remedy.jpg 500w, https:\/\/www.starremedies.com\/wp-content\/uploads\/2021\/08\/Recovery-Remedy-300x300.jpg 300w, https:\/\/www.starremedies.com\/wp-content\/uploads\/2021\/08\/Recovery-Remedy-80x80.jpg 80w\" sizes=\"(max-width: 500px) 100vw, 500px\" \/>\t\t\t\t\t\t\n\t\t\t\t\t<\/div>\n\t\t\t\t\t\t\t\t\n<style>\n#image_231486855 {\n  width: 100%;\n}\n<\/style>\n\t<\/div>\n\t\n\t\t<\/div>\n\t\t\t\t\t<\/div>\n\n\t\n\n\t<div id=\"col-1743264224\" class=\"col small-12 large-12\"  >\n\t\t\t\t<div class=\"col-inner\"  >\n\t\t\t\n\t\t\t\n<h3>Ainsworths Recovery Plus<\/h3>\n<p>L'essenza combinata Recovery di Ainsworths con l'aggiunta di essenze di fiori<\/p>\n\t\t<\/div>\n\t\t\t\t\t<\/div>\n\n\t\n<\/div>\n\t\t<\/div>\n\t\t\t\t\t<\/div>\n\n\t\n\n\t<div id=\"col-2066685460\" class=\"col small-12 large-12\"  >\n\t\t\t\t<div class=\"col-inner\"  >\n\t\t\t\n\t\t\t\n<div class=\"row align-center\"  id=\"row-1497220470\">\n\n\t<div id=\"col-505563095\" class=\"col medium-3 small-6 large-2\"  >\n\t\t\t\t<div class=\"col-inner text-center\"  >\n\t\t\t\n\t\t\t\n\t<div class=\"img has-hover x md-x lg-x y md-y lg-y\" id=\"image_208875411\">\n\t\t\t\t\t\t\t\t<div class=\"img-inner dark\" >\n\t\t\t<img decoding=\"async\" width=\"150\" height=\"75\" src=\"https:\/\/www.starremedies.com\/wp-content\/uploads\/2016\/02\/1240.gif\" class=\"attachment-original size-original\" alt=\"\" \/>\t\t\t\t\t\t\n\t\t\t\t\t<\/div>\n\t\t\t\t\t\t\t\t\n<style>\n#image_208875411 {\n  width: 90%;\n}\n<\/style>\n\t<\/div>\n\t\n\t\t<\/div>\n\t\t\t\t\t<\/div>\n\n\t\n\n\t<div id=\"col-261542181\" class=\"col small-12 large-12\"  >\n\t\t\t\t<div class=\"col-inner\"  >\n\t\t\t\n\t\t\t\n<h3>Diluizione 1 su 240<\/h3>\n<p>Ainsworths produce essenze di Fiori di Bach in conformit\u00e0 con gli scritti del Dr. med. Edward Bach, con una diluizione da 1 a 240. Ci\u00f2 significa che 1 goccia di tintura madre \u00e8 diluita in 240 gocce di brandy. Questo presenta un potente fiore di Bach. NOTA: 1 su 240 \u00e8 diverso da 1 su 240%!<\/p>\n<h4>Autentico<\/h4>\n<p>Ainsworths produce nello stesso modo in cui il Dr. Edward Bach produceva le sue essenze di Bach. Il processo di produzione prevede molto lavoro manuale e l'attenzione ai fiori di Bach \u00e8 essenziale. Ainsworths produce le Essenze Originali di Fiori di Bach esattamente come e nello spirito del Dr. Edward Bach e di Nora Weeks.<\/p>\n<h4>Natura<\/h4>\n<p>Le essenze dei Fiori di Bach di Ainsworths sono ricavate da piante, arbusti e alberi che crescono in zone dove non ci sono persone.<\/p>\n\t\t<\/div>\n\t\t\t\t\n<style>\n#col-261542181 > .col-inner {\n  padding: 0px 0px 75px 0px;\n}\n<\/style>\n\t<\/div>\n\n\t\n\n\t<div id=\"col-2071290543\" class=\"col small-12 large-12\"  >\n\t\t\t\t<div class=\"col-inner\"  >\n\t\t\t\n\t\t\t\n<h2>Acquistare ESSENZE DI FIORI BACH<\/h2>\n<p>Le Essenze dei Fiori di Bach di Ainsworths possono essere ordinate separatamente presso\u00a0<a href=\"https:\/\/www.starremediesshop.com\/it\/bachfloweressences\/ainsworths\/\" target=\"_blank\" rel=\"noopener\">starremediesshop.com<\/a><\/p>\n<p>Siete imprenditori, professionisti o terapeuti e siete interessati ai prodotti Star Remedies.\u00a0<a href=\"https:\/\/www.starremedies.com\/it\/companies\/\">Registrazione tramite il modulo di registrazione per le aziende<\/a>\u00a0e per terapisti e professionisti,\u00a0<a href=\"https:\/\/www.starremedies.com\/it\/companies\/\">il modulo di registrazione per i professionisti<\/a>.<\/p>\n\t\t<\/div>\n\t\t\t\t\t<\/div>\n\n\t\n<\/div>\n\t\t<\/div>\n\t\t\t\t\t<\/div>\n\n\t\n<\/div>\n\t\t<\/div>\n\n\t\t\n<style>\n#section_1615697853 {\n  padding-top: 30px;\n  padding-bottom: 30px;\n}\n<\/style>\n\t<\/section>","protected":false},"excerpt":{"rendered":"","protected":false},"author":1,"featured_media":0,"parent":4107,"menu_order":0,"comment_status":"closed","ping_status":"closed","template":"page-blank.php","meta":{"footnotes":""},"class_list":["post-3386","page","type-page","status-publish","hentry"],"yoast_head":"<!-- This site is optimized with the Yoast SEO plugin v27.5 - https:\/\/yoast.com\/product\/yoast-seo-wordpress\/ -->\n<title>Ainsworths bach flower essences - original bach flowers<\/title>\n<meta name=\"description\" content=\"Ainsworths bach flower essences are made according to the method of Edward Bach and have the original dilution of 1 in 240. Bach flowers from England.\" \/>\n<meta name=\"robots\" content=\"index, follow, max-snippet:-1, max-image-preview:large, max-video-preview:-1\" \/>\n<link rel=\"canonical\" href=\"https:\/\/www.starremedies.com\/it\/brands\/ainsworths\/\" \/>\n<meta property=\"og:locale\" content=\"it_IT\" \/>\n<meta property=\"og:type\" content=\"article\" \/>\n<meta property=\"og:title\" content=\"Ainsworths bach flower essences - original bach flowers\" \/>\n<meta property=\"og:description\" content=\"Ainsworths bach flower essences are made according to the method of Edward Bach and have the original dilution of 1 in 240. Bach flowers from England.\" \/>\n<meta property=\"og:url\" content=\"https:\/\/www.starremedies.com\/it\/brands\/ainsworths\/\" \/>\n<meta property=\"og:site_name\" content=\"Star Remedies\" \/>\n<meta property=\"article:publisher\" content=\"https:\/\/www.facebook.com\/starremedies\/\" \/>\n<meta property=\"article:modified_time\" content=\"2025-02-04T12:19:30+00:00\" \/>\n<meta name=\"twitter:card\" content=\"summary_large_image\" \/>\n<script type=\"application\/ld+json\" class=\"yoast-schema-graph\">{\"@context\":\"https:\\\/\\\/schema.org\",\"@graph\":[{\"@type\":\"WebPage\",\"@id\":\"https:\\\/\\\/www.starremedies.com\\\/brands\\\/ainsworths\\\/\",\"url\":\"https:\\\/\\\/www.starremedies.com\\\/brands\\\/ainsworths\\\/\",\"name\":\"Ainsworths bach flower essences - original bach flowers\",\"isPartOf\":{\"@id\":\"https:\\\/\\\/www.starremedies.com\\\/#website\"},\"datePublished\":\"2016-02-19T11:21:48+00:00\",\"dateModified\":\"2025-02-04T12:19:30+00:00\",\"description\":\"Ainsworths bach flower essences are made according to the method of Edward Bach and have the original dilution of 1 in 240. Bach flowers from England.\",\"breadcrumb\":{\"@id\":\"https:\\\/\\\/www.starremedies.com\\\/brands\\\/ainsworths\\\/#breadcrumb\"},\"inLanguage\":\"it-IT\",\"potentialAction\":[{\"@type\":\"ReadAction\",\"target\":[\"https:\\\/\\\/www.starremedies.com\\\/brands\\\/ainsworths\\\/\"]}]},{\"@type\":\"BreadcrumbList\",\"@id\":\"https:\\\/\\\/www.starremedies.com\\\/brands\\\/ainsworths\\\/#breadcrumb\",\"itemListElement\":[{\"@type\":\"ListItem\",\"position\":1,\"name\":\"Home\",\"item\":\"https:\\\/\\\/www.starremedies.com\\\/\"},{\"@type\":\"ListItem\",\"position\":2,\"name\":\"Our Brands\",\"item\":\"https:\\\/\\\/www.starremedies.com\\\/brands\\\/\"},{\"@type\":\"ListItem\",\"position\":3,\"name\":\"Ainsworths Bach Flowers Essences\"}]},{\"@type\":\"WebSite\",\"@id\":\"https:\\\/\\\/www.starremedies.com\\\/#website\",\"url\":\"https:\\\/\\\/www.starremedies.com\\\/\",\"name\":\"Star Remedies\",\"description\":\"\",\"publisher\":{\"@id\":\"https:\\\/\\\/www.starremedies.com\\\/#organization\"},\"potentialAction\":[{\"@type\":\"SearchAction\",\"target\":{\"@type\":\"EntryPoint\",\"urlTemplate\":\"https:\\\/\\\/www.starremedies.com\\\/?s={search_term_string}\"},\"query-input\":{\"@type\":\"PropertyValueSpecification\",\"valueRequired\":true,\"valueName\":\"search_term_string\"}}],\"inLanguage\":\"it-IT\"},{\"@type\":\"Organization\",\"@id\":\"https:\\\/\\\/www.starremedies.com\\\/#organization\",\"name\":\"Star Remedies\",\"url\":\"https:\\\/\\\/www.starremedies.com\\\/\",\"logo\":{\"@type\":\"ImageObject\",\"inLanguage\":\"it-IT\",\"@id\":\"https:\\\/\\\/www.starremedies.com\\\/#\\\/schema\\\/logo\\\/image\\\/\",\"url\":\"https:\\\/\\\/www.starremedies.com\\\/wp-content\\\/uploads\\\/2016\\\/02\\\/srl.gif\",\"contentUrl\":\"https:\\\/\\\/www.starremedies.com\\\/wp-content\\\/uploads\\\/2016\\\/02\\\/srl.gif\",\"width\":250,\"height\":250,\"caption\":\"Star Remedies\"},\"image\":{\"@id\":\"https:\\\/\\\/www.starremedies.com\\\/#\\\/schema\\\/logo\\\/image\\\/\"},\"sameAs\":[\"https:\\\/\\\/www.facebook.com\\\/starremedies\\\/\",\"https:\\\/\\\/www.instagram.com\\\/starremedies\\\/\"]}]}<\/script>\n<!-- \/ Yoast SEO plugin. -->","yoast_head_json":{"title":"Ainsworths bach flower essences - fiori di bach originali","description":"Le essenze floreali di Bach di Ainsworths sono prodotte secondo il metodo di Edward Bach e hanno la diluizione originale di 1 su 240. Fiori di Bach provenienti dall'Inghilterra.","robots":{"index":"index","follow":"follow","max-snippet":"max-snippet:-1","max-image-preview":"max-image-preview:large","max-video-preview":"max-video-preview:-1"},"canonical":"https:\/\/www.starremedies.com\/it\/brands\/ainsworths\/","og_locale":"it_IT","og_type":"article","og_title":"Ainsworths bach flower essences - original bach flowers","og_description":"Ainsworths bach flower essences are made according to the method of Edward Bach and have the original dilution of 1 in 240. Bach flowers from England.","og_url":"https:\/\/www.starremedies.com\/it\/brands\/ainsworths\/","og_site_name":"Star Remedies","article_publisher":"https:\/\/www.facebook.com\/starremedies\/","article_modified_time":"2025-02-04T12:19:30+00:00","twitter_card":"summary_large_image","schema":{"@context":"https:\/\/schema.org","@graph":[{"@type":"WebPage","@id":"https:\/\/www.starremedies.com\/brands\/ainsworths\/","url":"https:\/\/www.starremedies.com\/brands\/ainsworths\/","name":"Ainsworths bach flower essences - fiori di bach originali","isPartOf":{"@id":"https:\/\/www.starremedies.com\/#website"},"datePublished":"2016-02-19T11:21:48+00:00","dateModified":"2025-02-04T12:19:30+00:00","description":"Le essenze floreali di Bach di Ainsworths sono prodotte secondo il metodo di Edward Bach e hanno la diluizione originale di 1 su 240. Fiori di Bach provenienti dall'Inghilterra.","breadcrumb":{"@id":"https:\/\/www.starremedies.com\/brands\/ainsworths\/#breadcrumb"},"inLanguage":"it-IT","potentialAction":[{"@type":"ReadAction","target":["https:\/\/www.starremedies.com\/brands\/ainsworths\/"]}]},{"@type":"BreadcrumbList","@id":"https:\/\/www.starremedies.com\/brands\/ainsworths\/#breadcrumb","itemListElement":[{"@type":"ListItem","position":1,"name":"Home","item":"https:\/\/www.starremedies.com\/"},{"@type":"ListItem","position":2,"name":"Our Brands","item":"https:\/\/www.starremedies.com\/brands\/"},{"@type":"ListItem","position":3,"name":"Ainsworths Bach Flowers Essences"}]},{"@type":"WebSite","@id":"https:\/\/www.starremedies.com\/#website","url":"https:\/\/www.starremedies.com\/","name":"Rimedi stellari","description":"","publisher":{"@id":"https:\/\/www.starremedies.com\/#organization"},"potentialAction":[{"@type":"SearchAction","target":{"@type":"EntryPoint","urlTemplate":"https:\/\/www.starremedies.com\/?s={search_term_string}"},"query-input":{"@type":"PropertyValueSpecification","valueRequired":true,"valueName":"search_term_string"}}],"inLanguage":"it-IT"},{"@type":"Organization","@id":"https:\/\/www.starremedies.com\/#organization","name":"Rimedi stellari","url":"https:\/\/www.starremedies.com\/","logo":{"@type":"ImageObject","inLanguage":"it-IT","@id":"https:\/\/www.starremedies.com\/#\/schema\/logo\/image\/","url":"https:\/\/www.starremedies.com\/wp-content\/uploads\/2016\/02\/srl.gif","contentUrl":"https:\/\/www.starremedies.com\/wp-content\/uploads\/2016\/02\/srl.gif","width":250,"height":250,"caption":"Star Remedies"},"image":{"@id":"https:\/\/www.starremedies.com\/#\/schema\/logo\/image\/"},"sameAs":["https:\/\/www.facebook.com\/starremedies\/","https:\/\/www.instagram.com\/starremedies\/"]}]}},"_links":{"self":[{"href":"https:\/\/www.starremedies.com\/it\/wp-json\/wp\/v2\/pages\/3386","targetHints":{"allow":["GET"]}}],"collection":[{"href":"https:\/\/www.starremedies.com\/it\/wp-json\/wp\/v2\/pages"}],"about":[{"href":"https:\/\/www.starremedies.com\/it\/wp-json\/wp\/v2\/types\/page"}],"author":[{"embeddable":true,"href":"https:\/\/www.starremedies.com\/it\/wp-json\/wp\/v2\/users\/1"}],"replies":[{"embeddable":true,"href":"https:\/\/www.starremedies.com\/it\/wp-json\/wp\/v2\/comments?post=3386"}],"version-history":[{"count":10,"href":"https:\/\/www.starremedies.com\/it\/wp-json\/wp\/v2\/pages\/3386\/revisions"}],"predecessor-version":[{"id":27929,"href":"https:\/\/www.starremedies.com\/it\/wp-json\/wp\/v2\/pages\/3386\/revisions\/27929"}],"up":[{"embeddable":true,"href":"https:\/\/www.starremedies.com\/it\/wp-json\/wp\/v2\/pages\/4107"}],"wp:attachment":[{"href":"https:\/\/www.starremedies.com\/it\/wp-json\/wp\/v2\/media?parent=3386"}],"curies":[{"name":"wp","href":"https:\/\/api.w.org\/{rel}","templated":true}]}}