{"id":27285,"date":"2022-12-12T11:34:02","date_gmt":"2022-12-12T10:34:02","guid":{"rendered":"https:\/\/www.starremedies.com\/?page_id=27285"},"modified":"2025-02-04T13:38:15","modified_gmt":"2025-02-04T12:38:15","slug":"scottish-highland-essences","status":"publish","type":"page","link":"https:\/\/www.starremedies.com\/it\/brands\/starremedies\/scottish-highland-essences\/","title":{"rendered":"Scottish Highland Essences"},"content":{"rendered":"<section class=\"section section_breadcrumbs\" id=\"section_1501663294\">\n\t\t<div class=\"section-bg fill\" >\n\t\t\t\t\t\t\t\t\t\n\t\t\t\n\n\t\t<\/div>\n\n\t\t\n\n\t\t<div class=\"section-content relative\">\n\t\t\t\n<div class=\"row breadcrumbs-row\"  id=\"row-1236893717\">\n\n\t<div id=\"col-1727440661\" class=\"col small-12 large-12\"  >\n\t\t\t\t<div class=\"col-inner\"  >\n\t\t\t\n\t\t\t\n\t<div id=\"text-992316475\" class=\"text breadcrumbs\">\n\t\t\n<span><span><a href=\"https:\/\/www.starremedies.com\/it\/\">Casa<\/a><\/span><\/span>\n\t\t\t<\/div>\n\t\n\t\t<\/div>\n\t\t\t\t\t<\/div>\n\n\t\n\n<style>\n#row-1236893717 > .col > .col-inner {\n  padding: 0px 0px 0px 0px;\n}\n<\/style>\n<\/div>\n\t\t<\/div>\n\n\t\t\n<style>\n#section_1501663294 {\n  padding-top: 0px;\n  padding-bottom: 0px;\n  margin-bottom: 0px;\n}\n<\/style>\n\t<\/section>\n\t\n\n\t<section class=\"section products_row\" id=\"section_650117191\">\n\t\t<div class=\"section-bg fill\" >\n\t\t\t\t\t\t\t\t\t\n\t\t\t\n\n\t\t<\/div>\n\n\t\t\n\n\t\t<div class=\"section-content relative\">\n\t\t\t\n<div class=\"row align-middle align-center\"  id=\"row-1625646655\">\n\n\t<div id=\"col-571143572\" class=\"col medium-3 small-9 large-3\"  >\n\t\t\t\t<div class=\"col-inner text-center\"  >\n\t\t\t\n\t\t\t\n\t<div class=\"img has-hover x md-x lg-x y md-y lg-y\" id=\"image_94308462\">\n\t\t\t\t\t\t\t\t<div class=\"img-inner dark\" >\n\t\t\t<img decoding=\"async\" width=\"500\" height=\"500\" src=\"https:\/\/www.starremedies.com\/wp-content\/uploads\/2022\/12\/scottish-highland-essences-logo.webp\" class=\"attachment-original size-original\" alt=\"\" srcset=\"https:\/\/www.starremedies.com\/wp-content\/uploads\/2022\/12\/scottish-highland-essences-logo.webp 500w, https:\/\/www.starremedies.com\/wp-content\/uploads\/2022\/12\/scottish-highland-essences-logo-300x300.webp 300w, https:\/\/www.starremedies.com\/wp-content\/uploads\/2022\/12\/scottish-highland-essences-logo-80x80.webp 80w\" sizes=\"(max-width: 500px) 100vw, 500px\" \/>\t\t\t\t\t\t\n\t\t\t\t\t<\/div>\n\t\t\t\t\t\t\t\t\n<style>\n#image_94308462 {\n  width: 100%;\n}\n@media (min-width:850px) {\n  #image_94308462 {\n    width: 70%;\n  }\n}\n<\/style>\n\t<\/div>\n\t\n\t\t<\/div>\n\t\t\t\t\t<\/div>\n\n\t\n\n\t<div id=\"col-2140344588\" class=\"col small-12 large-12\"  >\n\t\t\t\t<div class=\"col-inner text-center\"  >\n\t\t\t\n\t\t\t\n\t<div id=\"text-1490353439\" class=\"text\">\n\t\t\n<h1>ESSENZE SCOZZESI DELLE HIGHLANDS<\/h1>\n\t\t\n<style>\n#text-1490353439 {\n  text-align: center;\n}\n<\/style>\n\t<\/div>\n\t\n\t\t<\/div>\n\t\t\t\t\t<\/div>\n\n\t\n<\/div>\n\t\t<\/div>\n\n\t\t\n<style>\n#section_650117191 {\n  padding-top: 30px;\n  padding-bottom: 30px;\n  background-color: rgb(247, 247, 247);\n}\n<\/style>\n\t<\/section>\n\t\n\n\t<section class=\"section\" id=\"section_994315648\">\n\t\t<div class=\"section-bg fill\" >\n\t\t\t\t\t\t\t\t\t\n\t\t\t\n\n\t\t<\/div>\n\n\t\t\n\n\t\t<div class=\"section-content relative\">\n\t\t\t\n<div class=\"row align-center\"  id=\"row-60506219\">\n\n\t<div id=\"col-1491148346\" class=\"col small-12 large-12\"  >\n\t\t\t\t<div class=\"col-inner\"  >\n\t\t\t\n\t\t\t\n<h2 style=\"text-align: center;\">BOTTIGLIE DI SCOTTISH HIGHLAND ESSENCES<\/h2>\n<p>Le essenze vibrazionali Star Remedies 7 essentials possono essere ordinate separatamente a\u00a0<a href=\"https:\/\/www.starremediesshop.com\/it\/floweressences\/starremedies\/sevenessentials\/\" target=\"_blank\" rel=\"noopener\">starremediesshop.com<\/a><\/p>\n<p>Siete imprenditori, professionisti o terapeuti e siete interessati ai prodotti Star Remedies.\u00a0<a href=\"https:\/\/www.starremedies.com\/it\/companies\/\">Registrazione tramite il modulo di registrazione per le aziende<\/a>\u00a0e per terapisti e professionisti,\u00a0<a href=\"https:\/\/www.starremedies.com\/it\/companies\/\">il modulo di registrazione per i professionisti<\/a>.<\/p>\n<p>Le Essenze delle Highlands scozzesi sono state sviluppate per aiutare le persone ad evolvere il proprio percorso spirituale, sfruttando le qualit\u00e0 vibrazionali che la natura offre e mettendole a disposizione di coloro che hanno bisogno di sviluppare il proprio percorso spirituale.<\/p>\n\t\t<\/div>\n\t\t\t\t\t<\/div>\n\n\t\n\n\t<div id=\"col-1831125148\" class=\"col medium-6 small-12 large-3\"  >\n\t\t\t\t<div class=\"col-inner text-center\"  >\n\t\t\t\n\t\t\t\n\t<div id=\"text-1636436376\" class=\"text\">\n\t\t\n<h3 class=\"uppercase\">Culloden<\/h3>\n\t\t\n<style>\n#text-1636436376 {\n  font-size: 0.9rem;\n  text-align: center;\n}\n<\/style>\n\t<\/div>\n\t\n\t<div class=\"img has-hover x md-x lg-x y md-y lg-y\" id=\"image_1706373688\">\n\t\t\t\t\t\t\t\t<div class=\"img-inner dark\" style=\"margin:0px 50px 0px 50px;\">\n\t\t\t<img decoding=\"async\" width=\"300\" height=\"300\" src=\"https:\/\/www.starremedies.com\/wp-content\/uploads\/2022\/12\/culloden-300x300.jpg\" class=\"attachment-medium size-medium\" alt=\"\" srcset=\"https:\/\/www.starremedies.com\/wp-content\/uploads\/2022\/12\/culloden-300x300.jpg 300w, https:\/\/www.starremedies.com\/wp-content\/uploads\/2022\/12\/culloden-80x80.jpg 80w, https:\/\/www.starremedies.com\/wp-content\/uploads\/2022\/12\/culloden.jpg 500w\" sizes=\"(max-width: 300px) 100vw, 300px\" \/>\t\t\t\t\t\t\n\t\t\t\t\t<\/div>\n\t\t\t\t\t\t\t\t\n<style>\n#image_1706373688 {\n  width: 100%;\n}\n@media (min-width:550px) {\n  #image_1706373688 {\n    width: 70%;\n  }\n}\n@media (min-width:850px) {\n  #image_1706373688 {\n    width: 100%;\n  }\n}\n<\/style>\n\t<\/div>\n\t\n\t<div id=\"text-752585384\" class=\"text\">\n\t\t\n<p>Permette all'umanit\u00e0 di credere in ci\u00f2 per cui si batte senza soccombere alle influenze esterne. D\u00e0 la forza interiore per andare avanti, per quanto grande o pesante sia la resistenza dall'esterno.<\/p>\n<p>Segui il tuo re, segui il tuo dio, sii libero e io ti libero. Segui la luce e vai in pace.<\/p>\n\t\t\n<style>\n#text-752585384 {\n  font-size: 0.9rem;\n  text-align: left;\n}\n<\/style>\n\t<\/div>\n\t\n\t\t<\/div>\n\t\t\t\t\t<\/div>\n\n\t\n\n\t<div id=\"col-1886918749\" class=\"col medium-6 small-12 large-3\"  >\n\t\t\t\t<div class=\"col-inner text-center\"  >\n\t\t\t\n\t\t\t\n\t<div id=\"text-3943450731\" class=\"text\">\n\t\t\n<h3 class=\"uppercase\">Cappella di Rosslyn<\/h3>\n\t\t\n<style>\n#text-3943450731 {\n  font-size: 0.9rem;\n  text-align: center;\n}\n<\/style>\n\t<\/div>\n\t\n\t<div class=\"img has-hover x md-x lg-x y md-y lg-y\" id=\"image_934666887\">\n\t\t\t\t\t\t\t\t<div class=\"img-inner dark\" style=\"margin:0px 50px 0px 50px;\">\n\t\t\t<img decoding=\"async\" width=\"500\" height=\"500\" src=\"https:\/\/www.starremedies.com\/wp-content\/uploads\/2022\/12\/rosslyn.jpg\" class=\"attachment-original size-original\" alt=\"\" srcset=\"https:\/\/www.starremedies.com\/wp-content\/uploads\/2022\/12\/rosslyn.jpg 500w, https:\/\/www.starremedies.com\/wp-content\/uploads\/2022\/12\/rosslyn-300x300.jpg 300w, https:\/\/www.starremedies.com\/wp-content\/uploads\/2022\/12\/rosslyn-80x80.jpg 80w\" sizes=\"(max-width: 500px) 100vw, 500px\" \/>\t\t\t\t\t\t\n\t\t\t\t\t<\/div>\n\t\t\t\t\t\t\t\t\n<style>\n#image_934666887 {\n  width: 100%;\n}\n@media (min-width:550px) {\n  #image_934666887 {\n    width: 70%;\n  }\n}\n@media (min-width:850px) {\n  #image_934666887 {\n    width: 100%;\n  }\n}\n<\/style>\n\t<\/div>\n\t\n\t<div id=\"text-4079311925\" class=\"text\">\n\t\t\n<p>Assicura che le persone siano in grado di sviluppare il loro vero cammino spirituale, senza ostacoli e rimuovendo qualsiasi blocco. Una volta utilizzato, questo rimedio consente di percorrere effettivamente il cammino spirituale. Si pu\u00f2 paragonare alla rimozione del tappo da una bottiglia di champagne.<\/p>\n<p>Assumendo questa essenza, il blocco spirituale (leggi: tappo) scompare e le persone sono in grado di svilupparsi spiritualmente perch\u00e9 l'energia pu\u00f2 fluire dallo spirituale al fisico.<\/p>\n<p>Assicura che il proprio pezzo divino e la connessione con il divino siano effettivamente stabiliti. Assicura che la consapevolezza del sentiero spirituale diventi tangibile, in modo che diventi una parte tangibile del proprio sviluppo.<\/p>\n\t\t\n<style>\n#text-4079311925 {\n  font-size: 0.9rem;\n  text-align: left;\n}\n<\/style>\n\t<\/div>\n\t\n\t\t<\/div>\n\t\t\t\t\t<\/div>\n\n\t\n\n\t<div id=\"col-1348155992\" class=\"col small-12 large-12\"  >\n\t\t\t\t<div class=\"col-inner\"  >\n\t\t\t\n\t\t\t\n<h2>Acquistare le essenze delle Highlands scozzesi<\/h2>\n<p>Le Essenze delle Highlands scozzesi possono essere ordinate separatamente a\u00a0<a href=\"https:\/\/www.starremediesshop.com\/it\/floweressences\/starremedies\/scottishhighlandessences\/\">starremediesshop.com<\/a><\/p>\n<p>Siete imprenditori, professionisti o terapeuti e siete interessati ai prodotti Star Remedies.\u00a0<a href=\"https:\/\/www.starremedies.com\/it\/companies\/\">Registrazione tramite il modulo di registrazione per le aziende<\/a>\u00a0e per terapisti e professionisti,\u00a0<a href=\"https:\/\/www.starremedies.com\/it\/companies\/\">il modulo di registrazione per i professionisti<\/a>.<\/p>\n\t\t<\/div>\n\t\t\t\t\n<style>\n#col-1348155992 > .col-inner {\n  padding: 75px 0px 0px 0px;\n}\n<\/style>\n\t<\/div>\n\n\t\n<\/div>\n\t\t<\/div>\n\n\t\t\n<style>\n#section_994315648 {\n  padding-top: 30px;\n  padding-bottom: 30px;\n}\n<\/style>\n\t<\/section>","protected":false},"excerpt":{"rendered":"","protected":false},"author":1,"featured_media":0,"parent":3856,"menu_order":0,"comment_status":"closed","ping_status":"closed","template":"page-blank.php","meta":{"footnotes":""},"class_list":["post-27285","page","type-page","status-publish","hentry"],"yoast_head":"<!-- This site is optimized with the Yoast SEO plugin v27.3 - https:\/\/yoast.com\/product\/yoast-seo-wordpress\/ -->\n<title>Scottish Highland Essences - Star Remedies<\/title>\n<meta name=\"robots\" content=\"index, follow, max-snippet:-1, max-image-preview:large, max-video-preview:-1\" \/>\n<link rel=\"canonical\" href=\"https:\/\/www.starremedies.com\/it\/brands\/starremedies\/scottish-highland-essences\/\" \/>\n<meta property=\"og:locale\" content=\"it_IT\" \/>\n<meta property=\"og:type\" content=\"article\" \/>\n<meta property=\"og:title\" content=\"Scottish Highland Essences - Star Remedies\" \/>\n<meta property=\"og:url\" content=\"https:\/\/www.starremedies.com\/it\/brands\/starremedies\/scottish-highland-essences\/\" \/>\n<meta property=\"og:site_name\" content=\"Star Remedies\" \/>\n<meta property=\"article:publisher\" content=\"https:\/\/www.facebook.com\/starremedies\/\" \/>\n<meta property=\"article:modified_time\" content=\"2025-02-04T12:38:15+00:00\" \/>\n<meta name=\"twitter:card\" content=\"summary_large_image\" \/>\n<script type=\"application\/ld+json\" class=\"yoast-schema-graph\">{\"@context\":\"https:\\\/\\\/schema.org\",\"@graph\":[{\"@type\":\"WebPage\",\"@id\":\"https:\\\/\\\/www.starremedies.com\\\/brands\\\/starremedies\\\/scottish-highland-essences\\\/\",\"url\":\"https:\\\/\\\/www.starremedies.com\\\/brands\\\/starremedies\\\/scottish-highland-essences\\\/\",\"name\":\"Scottish Highland Essences - Star Remedies\",\"isPartOf\":{\"@id\":\"https:\\\/\\\/www.starremedies.com\\\/#website\"},\"datePublished\":\"2022-12-12T10:34:02+00:00\",\"dateModified\":\"2025-02-04T12:38:15+00:00\",\"breadcrumb\":{\"@id\":\"https:\\\/\\\/www.starremedies.com\\\/brands\\\/starremedies\\\/scottish-highland-essences\\\/#breadcrumb\"},\"inLanguage\":\"it-IT\",\"potentialAction\":[{\"@type\":\"ReadAction\",\"target\":[\"https:\\\/\\\/www.starremedies.com\\\/brands\\\/starremedies\\\/scottish-highland-essences\\\/\"]}]},{\"@type\":\"BreadcrumbList\",\"@id\":\"https:\\\/\\\/www.starremedies.com\\\/brands\\\/starremedies\\\/scottish-highland-essences\\\/#breadcrumb\",\"itemListElement\":[{\"@type\":\"ListItem\",\"position\":1,\"name\":\"Home\",\"item\":\"https:\\\/\\\/www.starremedies.com\\\/\"},{\"@type\":\"ListItem\",\"position\":2,\"name\":\"Our Brands\",\"item\":\"https:\\\/\\\/www.starremedies.com\\\/brands\\\/\"},{\"@type\":\"ListItem\",\"position\":3,\"name\":\"Star Remedies Flower Essences\",\"item\":\"https:\\\/\\\/www.starremedies.com\\\/brands\\\/starremedies\\\/\"},{\"@type\":\"ListItem\",\"position\":4,\"name\":\"Scottish Highland Essences\"}]},{\"@type\":\"WebSite\",\"@id\":\"https:\\\/\\\/www.starremedies.com\\\/#website\",\"url\":\"https:\\\/\\\/www.starremedies.com\\\/\",\"name\":\"Star Remedies\",\"description\":\"\",\"publisher\":{\"@id\":\"https:\\\/\\\/www.starremedies.com\\\/#organization\"},\"potentialAction\":[{\"@type\":\"SearchAction\",\"target\":{\"@type\":\"EntryPoint\",\"urlTemplate\":\"https:\\\/\\\/www.starremedies.com\\\/?s={search_term_string}\"},\"query-input\":{\"@type\":\"PropertyValueSpecification\",\"valueRequired\":true,\"valueName\":\"search_term_string\"}}],\"inLanguage\":\"it-IT\"},{\"@type\":\"Organization\",\"@id\":\"https:\\\/\\\/www.starremedies.com\\\/#organization\",\"name\":\"Star Remedies\",\"url\":\"https:\\\/\\\/www.starremedies.com\\\/\",\"logo\":{\"@type\":\"ImageObject\",\"inLanguage\":\"it-IT\",\"@id\":\"https:\\\/\\\/www.starremedies.com\\\/#\\\/schema\\\/logo\\\/image\\\/\",\"url\":\"https:\\\/\\\/www.starremedies.com\\\/wp-content\\\/uploads\\\/2016\\\/02\\\/srl.gif\",\"contentUrl\":\"https:\\\/\\\/www.starremedies.com\\\/wp-content\\\/uploads\\\/2016\\\/02\\\/srl.gif\",\"width\":250,\"height\":250,\"caption\":\"Star Remedies\"},\"image\":{\"@id\":\"https:\\\/\\\/www.starremedies.com\\\/#\\\/schema\\\/logo\\\/image\\\/\"},\"sameAs\":[\"https:\\\/\\\/www.facebook.com\\\/starremedies\\\/\",\"https:\\\/\\\/www.instagram.com\\\/starremedies\\\/\"]}]}<\/script>\n<!-- \/ Yoast SEO plugin. -->","yoast_head_json":{"title":"Essenze delle Highlands scozzesi - Star Remedies","robots":{"index":"index","follow":"follow","max-snippet":"max-snippet:-1","max-image-preview":"max-image-preview:large","max-video-preview":"max-video-preview:-1"},"canonical":"https:\/\/www.starremedies.com\/it\/brands\/starremedies\/scottish-highland-essences\/","og_locale":"it_IT","og_type":"article","og_title":"Scottish Highland Essences - Star Remedies","og_url":"https:\/\/www.starremedies.com\/it\/brands\/starremedies\/scottish-highland-essences\/","og_site_name":"Star Remedies","article_publisher":"https:\/\/www.facebook.com\/starremedies\/","article_modified_time":"2025-02-04T12:38:15+00:00","twitter_card":"summary_large_image","schema":{"@context":"https:\/\/schema.org","@graph":[{"@type":"WebPage","@id":"https:\/\/www.starremedies.com\/brands\/starremedies\/scottish-highland-essences\/","url":"https:\/\/www.starremedies.com\/brands\/starremedies\/scottish-highland-essences\/","name":"Essenze delle Highlands scozzesi - Star Remedies","isPartOf":{"@id":"https:\/\/www.starremedies.com\/#website"},"datePublished":"2022-12-12T10:34:02+00:00","dateModified":"2025-02-04T12:38:15+00:00","breadcrumb":{"@id":"https:\/\/www.starremedies.com\/brands\/starremedies\/scottish-highland-essences\/#breadcrumb"},"inLanguage":"it-IT","potentialAction":[{"@type":"ReadAction","target":["https:\/\/www.starremedies.com\/brands\/starremedies\/scottish-highland-essences\/"]}]},{"@type":"BreadcrumbList","@id":"https:\/\/www.starremedies.com\/brands\/starremedies\/scottish-highland-essences\/#breadcrumb","itemListElement":[{"@type":"ListItem","position":1,"name":"Home","item":"https:\/\/www.starremedies.com\/"},{"@type":"ListItem","position":2,"name":"Our Brands","item":"https:\/\/www.starremedies.com\/brands\/"},{"@type":"ListItem","position":3,"name":"Star Remedies Flower Essences","item":"https:\/\/www.starremedies.com\/brands\/starremedies\/"},{"@type":"ListItem","position":4,"name":"Scottish Highland Essences"}]},{"@type":"WebSite","@id":"https:\/\/www.starremedies.com\/#website","url":"https:\/\/www.starremedies.com\/","name":"Rimedi stellari","description":"","publisher":{"@id":"https:\/\/www.starremedies.com\/#organization"},"potentialAction":[{"@type":"SearchAction","target":{"@type":"EntryPoint","urlTemplate":"https:\/\/www.starremedies.com\/?s={search_term_string}"},"query-input":{"@type":"PropertyValueSpecification","valueRequired":true,"valueName":"search_term_string"}}],"inLanguage":"it-IT"},{"@type":"Organization","@id":"https:\/\/www.starremedies.com\/#organization","name":"Rimedi stellari","url":"https:\/\/www.starremedies.com\/","logo":{"@type":"ImageObject","inLanguage":"it-IT","@id":"https:\/\/www.starremedies.com\/#\/schema\/logo\/image\/","url":"https:\/\/www.starremedies.com\/wp-content\/uploads\/2016\/02\/srl.gif","contentUrl":"https:\/\/www.starremedies.com\/wp-content\/uploads\/2016\/02\/srl.gif","width":250,"height":250,"caption":"Star Remedies"},"image":{"@id":"https:\/\/www.starremedies.com\/#\/schema\/logo\/image\/"},"sameAs":["https:\/\/www.facebook.com\/starremedies\/","https:\/\/www.instagram.com\/starremedies\/"]}]}},"_links":{"self":[{"href":"https:\/\/www.starremedies.com\/it\/wp-json\/wp\/v2\/pages\/27285","targetHints":{"allow":["GET"]}}],"collection":[{"href":"https:\/\/www.starremedies.com\/it\/wp-json\/wp\/v2\/pages"}],"about":[{"href":"https:\/\/www.starremedies.com\/it\/wp-json\/wp\/v2\/types\/page"}],"author":[{"embeddable":true,"href":"https:\/\/www.starremedies.com\/it\/wp-json\/wp\/v2\/users\/1"}],"replies":[{"embeddable":true,"href":"https:\/\/www.starremedies.com\/it\/wp-json\/wp\/v2\/comments?post=27285"}],"version-history":[{"count":5,"href":"https:\/\/www.starremedies.com\/it\/wp-json\/wp\/v2\/pages\/27285\/revisions"}],"predecessor-version":[{"id":27932,"href":"https:\/\/www.starremedies.com\/it\/wp-json\/wp\/v2\/pages\/27285\/revisions\/27932"}],"up":[{"embeddable":true,"href":"https:\/\/www.starremedies.com\/it\/wp-json\/wp\/v2\/pages\/3856"}],"wp:attachment":[{"href":"https:\/\/www.starremedies.com\/it\/wp-json\/wp\/v2\/media?parent=27285"}],"curies":[{"name":"wp","href":"https:\/\/api.w.org\/{rel}","templated":true}]}}