{"id":6313,"date":"2020-03-06T13:10:03","date_gmt":"2020-03-06T12:10:03","guid":{"rendered":"https:\/\/www.starremedies.com\/?page_id=6313"},"modified":"2025-03-19T13:55:26","modified_gmt":"2025-03-19T12:55:26","slug":"one-nutrition-first-defence","status":"publish","type":"page","link":"https:\/\/www.starremedies.com\/fr\/brands\/one-nutrition-first-defence\/","title":{"rendered":"One Nutrition FIRST DEFENCE"},"content":{"rendered":"<section class=\"section section_breadcrumbs\" id=\"section_1531807173\">\n\t\t<div class=\"section-bg fill\" >\n\t\t\t\t\t\t\t\t\t\n\t\t\t\n\n\t\t<\/div>\n\n\t\t\n\n\t\t<div class=\"section-content relative\">\n\t\t\t\n<div class=\"row breadcrumbs-row\"  id=\"row-1872513191\">\n\n\t<div id=\"col-2015887104\" class=\"col small-12 large-12\"  >\n\t\t\t\t<div class=\"col-inner\"  >\n\t\t\t\n\t\t\t\n\t<div id=\"text-2786410395\" class=\"text breadcrumbs\">\n\t\t\n<span><span><a href=\"https:\/\/www.starremedies.com\/fr\/\">Accueil<\/a><\/span><\/span>\n\t\t\t<\/div>\n\t\n\t\t<\/div>\n\t\t\t\t\t<\/div>\n\n\t\n\n<style>\n#row-1872513191 > .col > .col-inner {\n  padding: 0px 0px 0px 0px;\n}\n<\/style>\n<\/div>\n\t\t<\/div>\n\n\t\t\n<style>\n#section_1531807173 {\n  padding-top: 0px;\n  padding-bottom: 0px;\n  margin-bottom: 0px;\n}\n<\/style>\n\t<\/section>\n\t\n\n\t<section class=\"section products_row\" id=\"section_157077423\">\n\t\t<div class=\"section-bg fill\" >\n\t\t\t\t\t\t\t\t\t\n\t\t\t\n\n\t\t<\/div>\n\n\t\t\n\n\t\t<div class=\"section-content relative\">\n\t\t\t\n<div class=\"row align-middle align-center\"  id=\"row-830442064\">\n\n\t<div id=\"col-350410201\" class=\"col medium-3 small-12 large-3\"  >\n\t\t\t\t<div class=\"col-inner text-center\"  >\n\t\t\t\n\t\t\t\n\t<div class=\"img has-hover x md-x lg-x y md-y lg-y\" id=\"image_1777677378\">\n\t\t\t\t\t\t\t\t<div class=\"img-inner dark\" >\n\t\t\t<img decoding=\"async\" width=\"500\" height=\"500\" src=\"https:\/\/www.starremedies.com\/wp-content\/uploads\/2025\/03\/One-Nutrition-First-Defence.jpg\" class=\"attachment-original size-original\" alt=\"\" srcset=\"https:\/\/www.starremedies.com\/wp-content\/uploads\/2025\/03\/One-Nutrition-First-Defence.jpg 500w, https:\/\/www.starremedies.com\/wp-content\/uploads\/2025\/03\/One-Nutrition-First-Defence-300x300.jpg 300w, https:\/\/www.starremedies.com\/wp-content\/uploads\/2025\/03\/One-Nutrition-First-Defence-80x80.jpg 80w, https:\/\/www.starremedies.com\/wp-content\/uploads\/2025\/03\/One-Nutrition-First-Defence-12x12.jpg 12w\" sizes=\"(max-width: 500px) 100vw, 500px\" \/>\t\t\t\t\t\t\n\t\t\t\t\t<\/div>\n\t\t\t\t\t\t\t\t\n<style>\n#image_1777677378 {\n  width: 100%;\n}\n<\/style>\n\t<\/div>\n\t\n\t\t<\/div>\n\t\t\t\t\n<style>\n#col-350410201 > .col-inner {\n  padding: 25px 0px 0px 0px;\n}\n<\/style>\n\t<\/div>\n\n\t\n\n\t<div id=\"col-1392228848\" class=\"col small-12 large-12\"  >\n\t\t\t\t<div class=\"col-inner text-center\"  >\n\t\t\t\n\t\t\t\n\t<div id=\"text-4202343885\" class=\"text\">\n\t\t\n<h1 class=\"uppercase\">One Nutrition FIRST DEFENCE<\/h1>\n\t\t\n<style>\n#text-4202343885 {\n  text-align: center;\n}\n<\/style>\n\t<\/div>\n\t\n\t\t<\/div>\n\t\t\t\t\t<\/div>\n\n\t\n<\/div>\n\t\t<\/div>\n\n\t\t\n<style>\n#section_157077423 {\n  padding-top: 30px;\n  padding-bottom: 30px;\n  background-color: rgb(247, 247, 247);\n}\n<\/style>\n\t<\/section>\n\t\n\n\t<section class=\"section\" id=\"section_411654509\">\n\t\t<div class=\"section-bg fill\" >\n\t\t\t\t\t\t\t\t\t\n\t\t\t\n\n\t\t<\/div>\n\n\t\t\n\n\t\t<div class=\"section-content relative\">\n\t\t\t\n<div class=\"row align-center\"  id=\"row-1889570023\">\n\n\t<div id=\"col-1656446840\" class=\"col small-12 large-12\"  >\n\t\t\t\t<div class=\"col-inner\"  >\n\t\t\t\n\t\t\t\n<h2>Pourquoi choisir ONE NUTRITION FIRST DEFENCE ?<\/h2>\n<p>Les quatre puissants ingr\u00e9dients naturels sont formul\u00e9s dans notre laboratoire de mani\u00e8re \u00e0 maximiser l'activit\u00e9 antioxydante du m\u00e9lange et \u00e0 cr\u00e9er une synergie positive dans la formulation. Cela signifie que chaque mg de First Defence, en tant qu'entit\u00e9 compl\u00e8te, d\u00e9livre plus d'unit\u00e9s ABEL\u00ae-RAC par mg que la somme des scores ABEL\u00ae-RAC en mg des composants. La synergie entre les diff\u00e9rents ingr\u00e9dients peut \u00eatre quantifi\u00e9e et utilis\u00e9e pour reproduire un lot identique.<\/p>\n<p>Notre m\u00e9thode de formulation nous oblige \u00e0 quantifier l'activit\u00e9 de chaque ingr\u00e9dient individuellement et \u00e0 ajuster la formulation pour chaque nouveau lot. Cette approche rigoureuse nous permet de reproduire parfaitement l'efficacit\u00e9 du produit lot par lot et de nous assurer que l'organisme peut utiliser le m\u00e9lange de mani\u00e8re r\u00e9p\u00e9table et pr\u00e9visible.<\/p>\n<p>First Defence contient ABEL\u00ae-RAC score 400.000 unit\u00e9s \/ mg au moment de la production<\/p>\n<p><strong>Mode d'emploi :<\/strong><br \/>Pour un entretien quotidien, prendre 1 g\u00e9lule par jour avec de la nourriture. Si n\u00e9cessaire, un maximum de 4 g\u00e9lules peut \u00eatre pris par jour.<\/p>\n<p><strong>Ingr\u00e9dients :<\/strong><br \/>NLT-400\u00ae (Extraits de : th\u00e9 vert, p\u00e9pins de raisin, grenade et \u00e9corce de pin), capsule \u00e9caille - Oxi-Zeal \u2122 (Pullulan). Convient aux v\u00e9g\u00e9tariens et aux v\u00e9g\u00e9taliens.<\/p>\n\t\t<\/div>\n\t\t\t\t\t<\/div>\n\n\t\n\n\t<div id=\"col-1329155763\" class=\"col small-12 large-12\"  >\n\t\t\t\t<div class=\"col-inner\"  >\n\t\t\t\n\t\t\t\n\t<div id=\"text-1450908374\" class=\"text\">\n\t\t\n<h3 class=\"uppercase\">ONE NUTRITION FIRST DEFENCE - 30 G\u00c9LULES<\/h3>\n\t\t\n<style>\n#text-1450908374 {\n  text-align: center;\n}\n<\/style>\n\t<\/div>\n\t\n\t\t<\/div>\n\t\t\t\t\t<\/div>\n\n\t\n\n\t<div id=\"col-1168949822\" class=\"col medium-4 small-12 large-4\"  >\n\t\t\t\t<div class=\"col-inner\"  >\n\t\t\t\n\t\t\t\n\t<div class=\"img has-hover x md-x lg-x y md-y lg-y\" id=\"image_1498362030\">\n\t\t\t\t\t\t\t\t<div class=\"img-inner dark\" >\n\t\t\t<img decoding=\"async\" width=\"500\" height=\"500\" src=\"https:\/\/www.starremedies.com\/wp-content\/uploads\/2025\/03\/One-Nutrition-First-Defence.jpg\" class=\"attachment-original size-original\" alt=\"\" srcset=\"https:\/\/www.starremedies.com\/wp-content\/uploads\/2025\/03\/One-Nutrition-First-Defence.jpg 500w, https:\/\/www.starremedies.com\/wp-content\/uploads\/2025\/03\/One-Nutrition-First-Defence-300x300.jpg 300w, https:\/\/www.starremedies.com\/wp-content\/uploads\/2025\/03\/One-Nutrition-First-Defence-80x80.jpg 80w, https:\/\/www.starremedies.com\/wp-content\/uploads\/2025\/03\/One-Nutrition-First-Defence-12x12.jpg 12w\" sizes=\"(max-width: 500px) 100vw, 500px\" \/>\t\t\t\t\t\t\n\t\t\t\t\t<\/div>\n\t\t\t\t\t\t\t\t\n<style>\n#image_1498362030 {\n  width: 100%;\n}\n<\/style>\n\t<\/div>\n\t\n\t\t<\/div>\n\t\t\t\t\t<\/div>\n\n\t\n\n\t<div id=\"col-1614599669\" class=\"col small-12 large-12\"  >\n\t\t\t\t<div class=\"col-inner\"  >\n\t\t\t\n\t\t\t\n<h2>Acheter ONE NUTRITION FIRST DEFENCE<\/h2>\n<p>ONE NUTRITION P4-IMMUNE peut \u00eatre command\u00e9 s\u00e9par\u00e9ment \u00e0 l'adresse suivante\u00a0<a href=\"https:\/\/www.starremediesshop.com\/onenutrion\/one-nutrition-first-defence\/\" target=\"_blank\" rel=\"noopener\">starremediesshop.com<\/a><\/p>\n<p>Vous \u00eates entrepreneur, professionnel ou th\u00e9rapeute, et vous \u00eates int\u00e9ress\u00e9 par les produits Star Remedies.\u00a0<a href=\"https:\/\/www.starremedies.com\/fr\/companies\/\">S'inscrire via le formulaire d'inscription pour les entreprises<\/a>\u00a0et pour les th\u00e9rapeutes et les professionnels,\u00a0<a href=\"https:\/\/www.starremedies.com\/fr\/companies\/\">le formulaire d'inscription pour les professionnels<\/a>.<\/p>\n\t\t<\/div>\n\t\t\t\t\t<\/div>\n\n\t\n<\/div>\n\t\t<\/div>\n\n\t\t\n<style>\n#section_411654509 {\n  padding-top: 30px;\n  padding-bottom: 30px;\n}\n<\/style>\n\t<\/section>","protected":false},"excerpt":{"rendered":"","protected":false},"author":1,"featured_media":0,"parent":4107,"menu_order":0,"comment_status":"closed","ping_status":"closed","template":"page-blank.php","meta":{"footnotes":""},"class_list":["post-6313","page","type-page","status-publish","hentry"],"yoast_head":"<!-- This site is optimized with the Yoast SEO plugin v27.5 - https:\/\/yoast.com\/product\/yoast-seo-wordpress\/ -->\n<title>One Nutrition P4-Immune<\/title>\n<meta name=\"description\" content=\"NLT-400\u00ae (Extracts of: Green tea, Grape seed, Pomegranate and Pine bark), capsule scale - Oxi-Zeal \u2122 (Pullulan). Suitable for vegetarians and vegans.\" \/>\n<meta name=\"robots\" content=\"index, follow, max-snippet:-1, max-image-preview:large, max-video-preview:-1\" \/>\n<link rel=\"canonical\" href=\"https:\/\/www.starremedies.com\/fr\/brands\/one-nutrition-first-defence\/\" \/>\n<meta property=\"og:locale\" content=\"fr_FR\" \/>\n<meta property=\"og:type\" content=\"article\" \/>\n<meta property=\"og:title\" content=\"One Nutrition P4-Immune\" \/>\n<meta property=\"og:description\" content=\"NLT-400\u00ae (Extracts of: Green tea, Grape seed, Pomegranate and Pine bark), capsule scale - Oxi-Zeal \u2122 (Pullulan). Suitable for vegetarians and vegans.\" \/>\n<meta property=\"og:url\" content=\"https:\/\/www.starremedies.com\/fr\/brands\/one-nutrition-first-defence\/\" \/>\n<meta property=\"og:site_name\" content=\"Star Remedies\" \/>\n<meta property=\"article:publisher\" content=\"https:\/\/www.facebook.com\/starremedies\/\" \/>\n<meta property=\"article:modified_time\" content=\"2025-03-19T12:55:26+00:00\" \/>\n<meta name=\"twitter:card\" content=\"summary_large_image\" \/>\n<meta name=\"twitter:label1\" content=\"Dur\u00e9e de lecture estim\u00e9e\" \/>\n\t<meta name=\"twitter:data1\" content=\"2 minutes\" \/>\n<script type=\"application\/ld+json\" class=\"yoast-schema-graph\">{\"@context\":\"https:\\\/\\\/schema.org\",\"@graph\":[{\"@type\":\"WebPage\",\"@id\":\"https:\\\/\\\/www.starremedies.com\\\/brands\\\/one-nutrition-first-defence\\\/\",\"url\":\"https:\\\/\\\/www.starremedies.com\\\/brands\\\/one-nutrition-first-defence\\\/\",\"name\":\"One Nutrition P4-Immune\",\"isPartOf\":{\"@id\":\"https:\\\/\\\/www.starremedies.com\\\/#website\"},\"datePublished\":\"2020-03-06T12:10:03+00:00\",\"dateModified\":\"2025-03-19T12:55:26+00:00\",\"description\":\"NLT-400\u00ae (Extracts of: Green tea, Grape seed, Pomegranate and Pine bark), capsule scale - Oxi-Zeal \u2122 (Pullulan). Suitable for vegetarians and vegans.\",\"breadcrumb\":{\"@id\":\"https:\\\/\\\/www.starremedies.com\\\/brands\\\/one-nutrition-first-defence\\\/#breadcrumb\"},\"inLanguage\":\"fr-FR\",\"potentialAction\":[{\"@type\":\"ReadAction\",\"target\":[\"https:\\\/\\\/www.starremedies.com\\\/brands\\\/one-nutrition-first-defence\\\/\"]}]},{\"@type\":\"BreadcrumbList\",\"@id\":\"https:\\\/\\\/www.starremedies.com\\\/brands\\\/one-nutrition-first-defence\\\/#breadcrumb\",\"itemListElement\":[{\"@type\":\"ListItem\",\"position\":1,\"name\":\"Home\",\"item\":\"https:\\\/\\\/www.starremedies.com\\\/\"},{\"@type\":\"ListItem\",\"position\":2,\"name\":\"Our Brands\",\"item\":\"https:\\\/\\\/www.starremedies.com\\\/brands\\\/\"},{\"@type\":\"ListItem\",\"position\":3,\"name\":\"One Nutrition FIRST DEFENCE\"}]},{\"@type\":\"WebSite\",\"@id\":\"https:\\\/\\\/www.starremedies.com\\\/#website\",\"url\":\"https:\\\/\\\/www.starremedies.com\\\/\",\"name\":\"Star Remedies\",\"description\":\"\",\"publisher\":{\"@id\":\"https:\\\/\\\/www.starremedies.com\\\/#organization\"},\"potentialAction\":[{\"@type\":\"SearchAction\",\"target\":{\"@type\":\"EntryPoint\",\"urlTemplate\":\"https:\\\/\\\/www.starremedies.com\\\/?s={search_term_string}\"},\"query-input\":{\"@type\":\"PropertyValueSpecification\",\"valueRequired\":true,\"valueName\":\"search_term_string\"}}],\"inLanguage\":\"fr-FR\"},{\"@type\":\"Organization\",\"@id\":\"https:\\\/\\\/www.starremedies.com\\\/#organization\",\"name\":\"Star Remedies\",\"url\":\"https:\\\/\\\/www.starremedies.com\\\/\",\"logo\":{\"@type\":\"ImageObject\",\"inLanguage\":\"fr-FR\",\"@id\":\"https:\\\/\\\/www.starremedies.com\\\/#\\\/schema\\\/logo\\\/image\\\/\",\"url\":\"https:\\\/\\\/www.starremedies.com\\\/wp-content\\\/uploads\\\/2016\\\/02\\\/srl.gif\",\"contentUrl\":\"https:\\\/\\\/www.starremedies.com\\\/wp-content\\\/uploads\\\/2016\\\/02\\\/srl.gif\",\"width\":250,\"height\":250,\"caption\":\"Star Remedies\"},\"image\":{\"@id\":\"https:\\\/\\\/www.starremedies.com\\\/#\\\/schema\\\/logo\\\/image\\\/\"},\"sameAs\":[\"https:\\\/\\\/www.facebook.com\\\/starremedies\\\/\",\"https:\\\/\\\/www.instagram.com\\\/starremedies\\\/\"]}]}<\/script>\n<!-- \/ Yoast SEO plugin. -->","yoast_head_json":{"title":"One Nutrition P4-Immune","description":"NLT-400\u00ae (Extraits de : th\u00e9 vert, p\u00e9pins de raisin, grenade et \u00e9corce de pin), capsule \u00e9caille - Oxi-Zeal \u2122 (Pullulan). Convient aux v\u00e9g\u00e9tariens et aux v\u00e9g\u00e9taliens.","robots":{"index":"index","follow":"follow","max-snippet":"max-snippet:-1","max-image-preview":"max-image-preview:large","max-video-preview":"max-video-preview:-1"},"canonical":"https:\/\/www.starremedies.com\/fr\/brands\/one-nutrition-first-defence\/","og_locale":"fr_FR","og_type":"article","og_title":"One Nutrition P4-Immune","og_description":"NLT-400\u00ae (Extracts of: Green tea, Grape seed, Pomegranate and Pine bark), capsule scale - Oxi-Zeal \u2122 (Pullulan). Suitable for vegetarians and vegans.","og_url":"https:\/\/www.starremedies.com\/fr\/brands\/one-nutrition-first-defence\/","og_site_name":"Star Remedies","article_publisher":"https:\/\/www.facebook.com\/starremedies\/","article_modified_time":"2025-03-19T12:55:26+00:00","twitter_card":"summary_large_image","twitter_misc":{"Dur\u00e9e de lecture estim\u00e9e":"2 minutes"},"schema":{"@context":"https:\/\/schema.org","@graph":[{"@type":"WebPage","@id":"https:\/\/www.starremedies.com\/brands\/one-nutrition-first-defence\/","url":"https:\/\/www.starremedies.com\/brands\/one-nutrition-first-defence\/","name":"One Nutrition P4-Immune","isPartOf":{"@id":"https:\/\/www.starremedies.com\/#website"},"datePublished":"2020-03-06T12:10:03+00:00","dateModified":"2025-03-19T12:55:26+00:00","description":"NLT-400\u00ae (Extraits de : th\u00e9 vert, p\u00e9pins de raisin, grenade et \u00e9corce de pin), capsule \u00e9caille - Oxi-Zeal \u2122 (Pullulan). Convient aux v\u00e9g\u00e9tariens et aux v\u00e9g\u00e9taliens.","breadcrumb":{"@id":"https:\/\/www.starremedies.com\/brands\/one-nutrition-first-defence\/#breadcrumb"},"inLanguage":"fr-FR","potentialAction":[{"@type":"ReadAction","target":["https:\/\/www.starremedies.com\/brands\/one-nutrition-first-defence\/"]}]},{"@type":"BreadcrumbList","@id":"https:\/\/www.starremedies.com\/brands\/one-nutrition-first-defence\/#breadcrumb","itemListElement":[{"@type":"ListItem","position":1,"name":"Home","item":"https:\/\/www.starremedies.com\/"},{"@type":"ListItem","position":2,"name":"Our Brands","item":"https:\/\/www.starremedies.com\/brands\/"},{"@type":"ListItem","position":3,"name":"One Nutrition FIRST DEFENCE"}]},{"@type":"WebSite","@id":"https:\/\/www.starremedies.com\/#website","url":"https:\/\/www.starremedies.com\/","name":"Rem\u00e8des d'\u00e9toiles","description":"","publisher":{"@id":"https:\/\/www.starremedies.com\/#organization"},"potentialAction":[{"@type":"SearchAction","target":{"@type":"EntryPoint","urlTemplate":"https:\/\/www.starremedies.com\/?s={search_term_string}"},"query-input":{"@type":"PropertyValueSpecification","valueRequired":true,"valueName":"search_term_string"}}],"inLanguage":"fr-FR"},{"@type":"Organization","@id":"https:\/\/www.starremedies.com\/#organization","name":"Rem\u00e8des d'\u00e9toiles","url":"https:\/\/www.starremedies.com\/","logo":{"@type":"ImageObject","inLanguage":"fr-FR","@id":"https:\/\/www.starremedies.com\/#\/schema\/logo\/image\/","url":"https:\/\/www.starremedies.com\/wp-content\/uploads\/2016\/02\/srl.gif","contentUrl":"https:\/\/www.starremedies.com\/wp-content\/uploads\/2016\/02\/srl.gif","width":250,"height":250,"caption":"Star Remedies"},"image":{"@id":"https:\/\/www.starremedies.com\/#\/schema\/logo\/image\/"},"sameAs":["https:\/\/www.facebook.com\/starremedies\/","https:\/\/www.instagram.com\/starremedies\/"]}]}},"_links":{"self":[{"href":"https:\/\/www.starremedies.com\/fr\/wp-json\/wp\/v2\/pages\/6313","targetHints":{"allow":["GET"]}}],"collection":[{"href":"https:\/\/www.starremedies.com\/fr\/wp-json\/wp\/v2\/pages"}],"about":[{"href":"https:\/\/www.starremedies.com\/fr\/wp-json\/wp\/v2\/types\/page"}],"author":[{"embeddable":true,"href":"https:\/\/www.starremedies.com\/fr\/wp-json\/wp\/v2\/users\/1"}],"replies":[{"embeddable":true,"href":"https:\/\/www.starremedies.com\/fr\/wp-json\/wp\/v2\/comments?post=6313"}],"version-history":[{"count":12,"href":"https:\/\/www.starremedies.com\/fr\/wp-json\/wp\/v2\/pages\/6313\/revisions"}],"predecessor-version":[{"id":27996,"href":"https:\/\/www.starremedies.com\/fr\/wp-json\/wp\/v2\/pages\/6313\/revisions\/27996"}],"up":[{"embeddable":true,"href":"https:\/\/www.starremedies.com\/fr\/wp-json\/wp\/v2\/pages\/4107"}],"wp:attachment":[{"href":"https:\/\/www.starremedies.com\/fr\/wp-json\/wp\/v2\/media?parent=6313"}],"curies":[{"name":"wp","href":"https:\/\/api.w.org\/{rel}","templated":true}]}}