{"id":5207,"date":"2016-12-15T15:48:57","date_gmt":"2016-12-15T14:48:57","guid":{"rendered":"https:\/\/www.starremedies.com\/?page_id=5207"},"modified":"2025-02-04T14:37:00","modified_gmt":"2025-02-04T13:37:00","slug":"mindfulnessbynature","status":"publish","type":"page","link":"https:\/\/www.starremedies.com\/fr\/brands\/starremedies\/mindfulnessbynature\/","title":{"rendered":"Mindfulness by Nature - Un baume pour l'\u00e2me - Madeleine Meuwessen"},"content":{"rendered":"<section class=\"section section_breadcrumbs\" id=\"section_25700007\">\n\t\t<div class=\"section-bg fill\" >\n\t\t\t\t\t\t\t\t\t\n\t\t\t\n\n\t\t<\/div>\n\n\t\t\n\n\t\t<div class=\"section-content relative\">\n\t\t\t\n<div class=\"row breadcrumbs-row\"  id=\"row-1319240220\">\n\n\t<div id=\"col-576597203\" class=\"col small-12 large-12\"  >\n\t\t\t\t<div class=\"col-inner\"  >\n\t\t\t\n\t\t\t\n\t<div id=\"text-3085493073\" class=\"text breadcrumbs\">\n\t\t\n<span><span><a href=\"https:\/\/www.starremedies.com\/fr\/\">Accueil<\/a><\/span><\/span>\n\t\t\t<\/div>\n\t\n\t\t<\/div>\n\t\t\t\t\t<\/div>\n\n\t\n\n<style>\n#row-1319240220 > .col > .col-inner {\n  padding: 0px 0px 0px 0px;\n}\n<\/style>\n<\/div>\n\t\t<\/div>\n\n\t\t\n<style>\n#section_25700007 {\n  padding-top: 0px;\n  padding-bottom: 0px;\n  margin-bottom: 0px;\n}\n<\/style>\n\t<\/section>\n\t\n\n\t<section class=\"section products_row\" id=\"section_1813099587\">\n\t\t<div class=\"section-bg fill\" >\n\t\t\t\t\t\t\t\t\t\n\t\t\t\n\n\t\t<\/div>\n\n\t\t\n\n\t\t<div class=\"section-content relative\">\n\t\t\t\n<div class=\"row align-middle align-center\"  id=\"row-1185051780\">\n\n\t<div id=\"col-1942553536\" class=\"col medium-3 small-9 large-3\"  >\n\t\t\t\t<div class=\"col-inner text-center\"  >\n\t\t\t\n\t\t\t\n\t<div class=\"img has-hover x md-x lg-x y md-y lg-y\" id=\"image_2026471568\">\n\t\t\t\t\t\t\t\t<div class=\"img-inner dark\" >\n\t\t\t<img decoding=\"async\" width=\"500\" height=\"500\" src=\"https:\/\/www.starremedies.com\/wp-content\/uploads\/2022\/12\/mindfulnessbynature_greenbg.png\" class=\"attachment-original size-original\" alt=\"\" srcset=\"https:\/\/www.starremedies.com\/wp-content\/uploads\/2022\/12\/mindfulnessbynature_greenbg.png 500w, https:\/\/www.starremedies.com\/wp-content\/uploads\/2022\/12\/mindfulnessbynature_greenbg-300x300.png 300w, https:\/\/www.starremedies.com\/wp-content\/uploads\/2022\/12\/mindfulnessbynature_greenbg-80x80.png 80w\" sizes=\"(max-width: 500px) 100vw, 500px\" \/>\t\t\t\t\t\t\n\t\t\t\t\t<\/div>\n\t\t\t\t\t\t\t\t\n<style>\n#image_2026471568 {\n  width: 80%;\n}\n<\/style>\n\t<\/div>\n\t\n\t\t<\/div>\n\t\t\t\t\t<\/div>\n\n\t\n\n\t<div id=\"col-743577654\" class=\"col small-12 large-12\"  >\n\t\t\t\t<div class=\"col-inner text-center\"  >\n\t\t\t\n\t\t\t\n\t<div id=\"text-627233436\" class=\"text\">\n\t\t\n<h1>LA PLEINE CONSCIENCE PAR LA NATURE - UN BAUME POUR L'\u00c2ME - MADELEINE MEUWESSEN<\/h1>\n\t\t\n<style>\n#text-627233436 {\n  text-align: center;\n}\n<\/style>\n\t<\/div>\n\t\n\t\t<\/div>\n\t\t\t\t\t<\/div>\n\n\t\n<\/div>\n\t\t<\/div>\n\n\t\t\n<style>\n#section_1813099587 {\n  padding-top: 30px;\n  padding-bottom: 30px;\n  background-color: rgb(247, 247, 247);\n}\n<\/style>\n\t<\/section>\n\t\n\n\t<section class=\"section\" id=\"section_330584465\">\n\t\t<div class=\"section-bg fill\" >\n\t\t\t\t\t\t\t\t\t\n\t\t\t\n\n\t\t<\/div>\n\n\t\t\n\n\t\t<div class=\"section-content relative\">\n\t\t\t\n<div class=\"row align-center\"  id=\"row-1266454209\">\n\n\t<div id=\"col-419281059\" class=\"col small-12 large-12\"  >\n\t\t\t\t<div class=\"col-inner\"  >\n\t\t\t\n\t\t\t\n<h2>Livre reli\u00e9<\/h2>\n<p>Dans ce livret, je voudrais parler \u00e0 tous ceux qui s'int\u00e9ressent d'une mani\u00e8re ou d'une autre au fonctionnement des essences de fleurs et aux treize combinaisons que nous avons faites, mon fils Micha et moi-m\u00eame, avec les rem\u00e8des de l'\u00e9toile. Nous avons r\u00e9alis\u00e9 ces combinaisons au cours des derni\u00e8res ann\u00e9es, nous les avons test\u00e9es dans la pratique et nous les avons compl\u00e9t\u00e9es. Les essences de fleurs de Star Remedies, disponibles en 53 flacons de 10 ml chacun, sont fabriqu\u00e9es \u00e0 partir de plantes et de fleurs sauvages que l'on trouve aussi bien aux Pays-Bas que dans le reste du monde. En plus des essences de fleurs traditionnelles, une essence est fabriqu\u00e9e \u00e0 partir d'une pierre semi-pr\u00e9cieuse. Les rem\u00e8des Star Remedies sont fabriqu\u00e9s par nos soins dans la plus grande tranquillit\u00e9 et avec l'intention de respecter la fleur. Cela permet aux fleurs et aux pierres pr\u00e9cieuses de transmettre toutes leurs qualit\u00e9s \u00e0 l'eau de source. Les rem\u00e8des \u00e9toil\u00e9s ont une large bande passante, c'est-\u00e0-dire qu'ils agissent sur tous les aspects et niveaux d'un probl\u00e8me \u00e9motionnel ou d'un \u00e9tat d'esprit n\u00e9gatif, ce qui signifie qu'ils s'attaquent \u00e0 l'ensemble dans la largeur. Sur les 53 essences de fleurs, 14 combinaisons uniques et pr\u00eates \u00e0 l'emploi ont \u00e9t\u00e9 \u00e9labor\u00e9es, qui conviennent parfaitement au probl\u00e8me qui vous pr\u00e9occupe. Elles peuvent facilement \u00eatre utilis\u00e9es quotidiennement et apportent un soutien \u00e9motionnel.<\/p>\n<p>Madeleine Meuwessen<\/p>\n\t\t<\/div>\n\t\t\t\t\t<\/div>\n\n\t\n\n\t<div id=\"col-2116065512\" class=\"col medium-4 small-12 large-4\"  >\n\t\t\t\t<div class=\"col-inner\"  >\n\t\t\t\n\t\t\t\n\t<div class=\"img has-hover x md-x lg-x y md-y lg-y\" id=\"image_1405038343\">\n\t\t\t\t\t\t\t\t<div class=\"img-inner dark\" >\n\t\t\t\t\t\t\t\t\t\n\t\t\t\t\t<\/div>\n\t\t\t\t\t\t\t\t\n<style>\n#image_1405038343 {\n  width: 100%;\n}\n<\/style>\n\t<\/div>\n\t\n\t\t<\/div>\n\t\t\t\t\t<\/div>\n\n\t\n\n\t<div id=\"col-775626689\" class=\"col small-12 large-12\"  >\n\t\t\t\t<div class=\"col-inner\"  >\n\t\t\t\n\t\t\t\n<h2>Acheter les \u00e9lixirs floraux et les produits de Star Remedies<\/h2>\n<p>Les \u00e9lixirs floraux et les produits Star Remedies peuvent \u00eatre command\u00e9s s\u00e9par\u00e9ment \u00e0 l'adresse suivante\u00a0<a href=\"https:\/\/www.starremediesshop.com\/fr\/starremedies\/mindfulness-by-nature-book\/\" target=\"_blank\" rel=\"noopener\">starremediesshop.com<\/a><\/p>\n<p>Vous \u00eates entrepreneur, professionnel ou th\u00e9rapeute, et vous \u00eates int\u00e9ress\u00e9 par les produits Star Remedies.\u00a0<a href=\"https:\/\/www.starremedies.com\/fr\/companies\/\">S'inscrire via le formulaire d'inscription pour les entreprises<\/a>\u00a0et pour les th\u00e9rapeutes et les professionnels,\u00a0<a href=\"https:\/\/www.starremedies.com\/fr\/companies\/\">le formulaire d'inscription pour les professionnels<\/a>.<\/p>\n\t\t<\/div>\n\t\t\t\t\n<style>\n#col-775626689 > .col-inner {\n  padding: 0px 0px 75px 0px;\n}\n<\/style>\n\t<\/div>\n\n\t\n<\/div>\n\t\t<\/div>\n\n\t\t\n<style>\n#section_330584465 {\n  padding-top: 30px;\n  padding-bottom: 30px;\n}\n<\/style>\n\t<\/section>","protected":false},"excerpt":{"rendered":"","protected":false},"author":1,"featured_media":0,"parent":3856,"menu_order":0,"comment_status":"closed","ping_status":"closed","template":"page-blank.php","meta":{"footnotes":""},"class_list":["post-5207","page","type-page","status-publish","hentry"],"yoast_head":"<!-- This site is optimized with the Yoast SEO plugin v27.5 - https:\/\/yoast.com\/product\/yoast-seo-wordpress\/ -->\n<title>Mindfulness by Nature - Balm for the soul - Madeleine Meuwessen<\/title>\n<meta name=\"description\" content=\"In this book, Madeleine Meuwessen talks about how the Star Remedies flower essences work and about the 14 combinations of essences.\" \/>\n<meta name=\"robots\" content=\"index, follow, max-snippet:-1, max-image-preview:large, max-video-preview:-1\" \/>\n<link rel=\"canonical\" href=\"https:\/\/www.starremedies.com\/fr\/brands\/starremedies\/mindfulnessbynature\/\" \/>\n<meta property=\"og:locale\" content=\"fr_FR\" \/>\n<meta property=\"og:type\" content=\"article\" \/>\n<meta property=\"og:title\" content=\"Mindfulness by Nature - Balm for the soul - Madeleine Meuwessen\" \/>\n<meta property=\"og:description\" content=\"In this book, Madeleine Meuwessen talks about how the Star Remedies flower essences work and about the 14 combinations of essences.\" \/>\n<meta property=\"og:url\" content=\"https:\/\/www.starremedies.com\/fr\/brands\/starremedies\/mindfulnessbynature\/\" \/>\n<meta property=\"og:site_name\" content=\"Star Remedies\" \/>\n<meta property=\"article:publisher\" content=\"https:\/\/www.facebook.com\/starremedies\/\" \/>\n<meta property=\"article:modified_time\" content=\"2025-02-04T13:37:00+00:00\" \/>\n<meta name=\"twitter:card\" content=\"summary_large_image\" \/>\n<script type=\"application\/ld+json\" class=\"yoast-schema-graph\">{\"@context\":\"https:\\\/\\\/schema.org\",\"@graph\":[{\"@type\":\"WebPage\",\"@id\":\"https:\\\/\\\/www.starremedies.com\\\/brands\\\/starremedies\\\/mindfulnessbynature\\\/\",\"url\":\"https:\\\/\\\/www.starremedies.com\\\/brands\\\/starremedies\\\/mindfulnessbynature\\\/\",\"name\":\"Mindfulness by Nature - Balm for the soul - Madeleine Meuwessen\",\"isPartOf\":{\"@id\":\"https:\\\/\\\/www.starremedies.com\\\/#website\"},\"datePublished\":\"2016-12-15T14:48:57+00:00\",\"dateModified\":\"2025-02-04T13:37:00+00:00\",\"description\":\"In this book, Madeleine Meuwessen talks about how the Star Remedies flower essences work and about the 14 combinations of essences.\",\"breadcrumb\":{\"@id\":\"https:\\\/\\\/www.starremedies.com\\\/brands\\\/starremedies\\\/mindfulnessbynature\\\/#breadcrumb\"},\"inLanguage\":\"fr-FR\",\"potentialAction\":[{\"@type\":\"ReadAction\",\"target\":[\"https:\\\/\\\/www.starremedies.com\\\/brands\\\/starremedies\\\/mindfulnessbynature\\\/\"]}]},{\"@type\":\"BreadcrumbList\",\"@id\":\"https:\\\/\\\/www.starremedies.com\\\/brands\\\/starremedies\\\/mindfulnessbynature\\\/#breadcrumb\",\"itemListElement\":[{\"@type\":\"ListItem\",\"position\":1,\"name\":\"Home\",\"item\":\"https:\\\/\\\/www.starremedies.com\\\/\"},{\"@type\":\"ListItem\",\"position\":2,\"name\":\"Our Brands\",\"item\":\"https:\\\/\\\/www.starremedies.com\\\/brands\\\/\"},{\"@type\":\"ListItem\",\"position\":3,\"name\":\"Star Remedies Flower Essences\",\"item\":\"https:\\\/\\\/www.starremedies.com\\\/brands\\\/starremedies\\\/\"},{\"@type\":\"ListItem\",\"position\":4,\"name\":\"Mindfulness by Nature &#8211; Balm for the soul &#8211; Madeleine Meuwessen\"}]},{\"@type\":\"WebSite\",\"@id\":\"https:\\\/\\\/www.starremedies.com\\\/#website\",\"url\":\"https:\\\/\\\/www.starremedies.com\\\/\",\"name\":\"Star Remedies\",\"description\":\"\",\"publisher\":{\"@id\":\"https:\\\/\\\/www.starremedies.com\\\/#organization\"},\"potentialAction\":[{\"@type\":\"SearchAction\",\"target\":{\"@type\":\"EntryPoint\",\"urlTemplate\":\"https:\\\/\\\/www.starremedies.com\\\/?s={search_term_string}\"},\"query-input\":{\"@type\":\"PropertyValueSpecification\",\"valueRequired\":true,\"valueName\":\"search_term_string\"}}],\"inLanguage\":\"fr-FR\"},{\"@type\":\"Organization\",\"@id\":\"https:\\\/\\\/www.starremedies.com\\\/#organization\",\"name\":\"Star Remedies\",\"url\":\"https:\\\/\\\/www.starremedies.com\\\/\",\"logo\":{\"@type\":\"ImageObject\",\"inLanguage\":\"fr-FR\",\"@id\":\"https:\\\/\\\/www.starremedies.com\\\/#\\\/schema\\\/logo\\\/image\\\/\",\"url\":\"https:\\\/\\\/www.starremedies.com\\\/wp-content\\\/uploads\\\/2016\\\/02\\\/srl.gif\",\"contentUrl\":\"https:\\\/\\\/www.starremedies.com\\\/wp-content\\\/uploads\\\/2016\\\/02\\\/srl.gif\",\"width\":250,\"height\":250,\"caption\":\"Star Remedies\"},\"image\":{\"@id\":\"https:\\\/\\\/www.starremedies.com\\\/#\\\/schema\\\/logo\\\/image\\\/\"},\"sameAs\":[\"https:\\\/\\\/www.facebook.com\\\/starremedies\\\/\",\"https:\\\/\\\/www.instagram.com\\\/starremedies\\\/\"]}]}<\/script>\n<!-- \/ Yoast SEO plugin. -->","yoast_head_json":{"title":"Mindfulness by Nature - Un baume pour l'\u00e2me - Madeleine Meuwessen","description":"Dans ce livre, Madeleine Meuwessen explique le fonctionnement des \u00e9lixirs floraux Star Remedies et les 14 combinaisons d'essences.","robots":{"index":"index","follow":"follow","max-snippet":"max-snippet:-1","max-image-preview":"max-image-preview:large","max-video-preview":"max-video-preview:-1"},"canonical":"https:\/\/www.starremedies.com\/fr\/brands\/starremedies\/mindfulnessbynature\/","og_locale":"fr_FR","og_type":"article","og_title":"Mindfulness by Nature - Balm for the soul - Madeleine Meuwessen","og_description":"In this book, Madeleine Meuwessen talks about how the Star Remedies flower essences work and about the 14 combinations of essences.","og_url":"https:\/\/www.starremedies.com\/fr\/brands\/starremedies\/mindfulnessbynature\/","og_site_name":"Star Remedies","article_publisher":"https:\/\/www.facebook.com\/starremedies\/","article_modified_time":"2025-02-04T13:37:00+00:00","twitter_card":"summary_large_image","schema":{"@context":"https:\/\/schema.org","@graph":[{"@type":"WebPage","@id":"https:\/\/www.starremedies.com\/brands\/starremedies\/mindfulnessbynature\/","url":"https:\/\/www.starremedies.com\/brands\/starremedies\/mindfulnessbynature\/","name":"Mindfulness by Nature - Un baume pour l'\u00e2me - Madeleine Meuwessen","isPartOf":{"@id":"https:\/\/www.starremedies.com\/#website"},"datePublished":"2016-12-15T14:48:57+00:00","dateModified":"2025-02-04T13:37:00+00:00","description":"Dans ce livre, Madeleine Meuwessen explique le fonctionnement des \u00e9lixirs floraux Star Remedies et les 14 combinaisons d'essences.","breadcrumb":{"@id":"https:\/\/www.starremedies.com\/brands\/starremedies\/mindfulnessbynature\/#breadcrumb"},"inLanguage":"fr-FR","potentialAction":[{"@type":"ReadAction","target":["https:\/\/www.starremedies.com\/brands\/starremedies\/mindfulnessbynature\/"]}]},{"@type":"BreadcrumbList","@id":"https:\/\/www.starremedies.com\/brands\/starremedies\/mindfulnessbynature\/#breadcrumb","itemListElement":[{"@type":"ListItem","position":1,"name":"Home","item":"https:\/\/www.starremedies.com\/"},{"@type":"ListItem","position":2,"name":"Our Brands","item":"https:\/\/www.starremedies.com\/brands\/"},{"@type":"ListItem","position":3,"name":"Star Remedies Flower Essences","item":"https:\/\/www.starremedies.com\/brands\/starremedies\/"},{"@type":"ListItem","position":4,"name":"Mindfulness by Nature &#8211; Balm for the soul &#8211; Madeleine Meuwessen"}]},{"@type":"WebSite","@id":"https:\/\/www.starremedies.com\/#website","url":"https:\/\/www.starremedies.com\/","name":"Rem\u00e8des d'\u00e9toiles","description":"","publisher":{"@id":"https:\/\/www.starremedies.com\/#organization"},"potentialAction":[{"@type":"SearchAction","target":{"@type":"EntryPoint","urlTemplate":"https:\/\/www.starremedies.com\/?s={search_term_string}"},"query-input":{"@type":"PropertyValueSpecification","valueRequired":true,"valueName":"search_term_string"}}],"inLanguage":"fr-FR"},{"@type":"Organization","@id":"https:\/\/www.starremedies.com\/#organization","name":"Rem\u00e8des d'\u00e9toiles","url":"https:\/\/www.starremedies.com\/","logo":{"@type":"ImageObject","inLanguage":"fr-FR","@id":"https:\/\/www.starremedies.com\/#\/schema\/logo\/image\/","url":"https:\/\/www.starremedies.com\/wp-content\/uploads\/2016\/02\/srl.gif","contentUrl":"https:\/\/www.starremedies.com\/wp-content\/uploads\/2016\/02\/srl.gif","width":250,"height":250,"caption":"Star Remedies"},"image":{"@id":"https:\/\/www.starremedies.com\/#\/schema\/logo\/image\/"},"sameAs":["https:\/\/www.facebook.com\/starremedies\/","https:\/\/www.instagram.com\/starremedies\/"]}]}},"_links":{"self":[{"href":"https:\/\/www.starremedies.com\/fr\/wp-json\/wp\/v2\/pages\/5207","targetHints":{"allow":["GET"]}}],"collection":[{"href":"https:\/\/www.starremedies.com\/fr\/wp-json\/wp\/v2\/pages"}],"about":[{"href":"https:\/\/www.starremedies.com\/fr\/wp-json\/wp\/v2\/types\/page"}],"author":[{"embeddable":true,"href":"https:\/\/www.starremedies.com\/fr\/wp-json\/wp\/v2\/users\/1"}],"replies":[{"embeddable":true,"href":"https:\/\/www.starremedies.com\/fr\/wp-json\/wp\/v2\/comments?post=5207"}],"version-history":[{"count":8,"href":"https:\/\/www.starremedies.com\/fr\/wp-json\/wp\/v2\/pages\/5207\/revisions"}],"predecessor-version":[{"id":27952,"href":"https:\/\/www.starremedies.com\/fr\/wp-json\/wp\/v2\/pages\/5207\/revisions\/27952"}],"up":[{"embeddable":true,"href":"https:\/\/www.starremedies.com\/fr\/wp-json\/wp\/v2\/pages\/3856"}],"wp:attachment":[{"href":"https:\/\/www.starremedies.com\/fr\/wp-json\/wp\/v2\/media?parent=5207"}],"curies":[{"name":"wp","href":"https:\/\/api.w.org\/{rel}","templated":true}]}}