{"id":4530,"date":"2016-03-02T18:27:03","date_gmt":"2016-03-02T17:27:03","guid":{"rendered":"https:\/\/www.starremedies.com\/?page_id=4530"},"modified":"2025-02-05T12:49:08","modified_gmt":"2025-02-05T11:49:08","slug":"creams","status":"publish","type":"page","link":"https:\/\/www.starremedies.com\/fr\/brands\/starremedies\/creams\/","title":{"rendered":"Cr\u00e8me de base, 100% naturelle, pour toutes les peaux"},"content":{"rendered":"<section class=\"section section_breadcrumbs\" id=\"section_1447907964\">\n\t\t<div class=\"section-bg fill\" >\n\t\t\t\t\t\t\t\t\t\n\t\t\t\n\n\t\t<\/div>\n\n\t\t\n\n\t\t<div class=\"section-content relative\">\n\t\t\t\n<div class=\"row breadcrumbs-row\"  id=\"row-81068134\">\n\n\t<div id=\"col-856013760\" class=\"col small-12 large-12\"  >\n\t\t\t\t<div class=\"col-inner\"  >\n\t\t\t\n\t\t\t\n\t<div id=\"text-195495189\" class=\"text breadcrumbs\">\n\t\t\n<span><span><a href=\"https:\/\/www.starremedies.com\/fr\/\">Accueil<\/a><\/span><\/span>\n\t\t\t<\/div>\n\t\n\t\t<\/div>\n\t\t\t\t\t<\/div>\n\n\t\n\n<style>\n#row-81068134 > .col > .col-inner {\n  padding: 0px 0px 0px 0px;\n}\n<\/style>\n<\/div>\n\t\t<\/div>\n\n\t\t\n<style>\n#section_1447907964 {\n  padding-top: 0px;\n  padding-bottom: 0px;\n  margin-bottom: 0px;\n}\n<\/style>\n\t<\/section>\n\t\n\n\t<section class=\"section products_row\" id=\"section_1959723415\">\n\t\t<div class=\"section-bg fill\" >\n\t\t\t\t\t\t\t\t\t\n\t\t\t\n\n\t\t<\/div>\n\n\t\t\n\n\t\t<div class=\"section-content relative\">\n\t\t\t\n<div class=\"row align-middle align-center\"  id=\"row-1315607987\">\n\n\t<div id=\"col-931524056\" class=\"col medium-2 small-12 large-2\"  >\n\t\t\t\t<div class=\"col-inner text-center\"  >\n\t\t\t\n\t\t\t\n\t<div class=\"img has-hover x md-x lg-x y md-y lg-y\" id=\"image_546826929\">\n\t\t\t\t\t\t\t\t<div class=\"img-inner dark\" >\n\t\t\t<img decoding=\"async\" width=\"250\" height=\"250\" src=\"https:\/\/www.starremedies.com\/wp-content\/uploads\/2022\/12\/sr_logo_transparent.png\" class=\"attachment-original size-original\" alt=\"\" srcset=\"https:\/\/www.starremedies.com\/wp-content\/uploads\/2022\/12\/sr_logo_transparent.png 250w, https:\/\/www.starremedies.com\/wp-content\/uploads\/2022\/12\/sr_logo_transparent-80x80.png 80w\" sizes=\"(max-width: 250px) 100vw, 250px\" \/>\t\t\t\t\t\t\n\t\t\t\t\t<\/div>\n\t\t\t\t\t\t\t\t\n<style>\n#image_546826929 {\n  width: 100%;\n}\n<\/style>\n\t<\/div>\n\t\n\t\t<\/div>\n\t\t\t\t\t<\/div>\n\n\t\n\n\t<div id=\"col-925090446\" class=\"col small-12 large-12\"  >\n\t\t\t\t<div class=\"col-inner text-center\"  >\n\t\t\t\n\t\t\t\n\t<div id=\"text-367069734\" class=\"text\">\n\t\t\n<h1>CR\u00c8ME DE BASE, 100% NATURAL, POUR CHAQUE PEAU<\/h1>\n\t\t\n<style>\n#text-367069734 {\n  text-align: center;\n}\n<\/style>\n\t<\/div>\n\t\n\t\t<\/div>\n\t\t\t\t\t<\/div>\n\n\t\n<\/div>\n\t\t<\/div>\n\n\t\t\n<style>\n#section_1959723415 {\n  padding-top: 30px;\n  padding-bottom: 30px;\n  background-color: rgb(247, 247, 247);\n}\n<\/style>\n\t<\/section>\n\t\n\n\t<section class=\"section\" id=\"section_1573193792\">\n\t\t<div class=\"section-bg fill\" >\n\t\t\t\t\t\t\t\t\t\n\t\t\t\n\n\t\t<\/div>\n\n\t\t\n\n\t\t<div class=\"section-content relative\">\n\t\t\t\n<div class=\"row\"  id=\"row-1656608799\">\n\n\t<div id=\"col-633343883\" class=\"col medium-10 small-12 large-10\"  >\n\t\t\t\t<div class=\"col-inner\"  >\n\t\t\t\n\t\t\t\n<h2>Cr\u00e8me de base<\/h2>\n<p>Une excellente cr\u00e8me de base 100% purement naturelle qui n'a pas \u00e9t\u00e9 test\u00e9e sur les animaux et qui n'est donc pas test\u00e9e sur les animaux. Il s'agit d'une condition pr\u00e9alable pour nos produits : l'absence de cruaut\u00e9. Cette cr\u00e8me de base est totalement exempte de produits p\u00e9trochimiques, de lanoline, de sodium dod\u00e9cyl sulfate, de parab\u00e8nes, de colorants, de di\u00e9thanolamine (DEA), de parfum et d'autres additifs inutiles.<\/p>\n<p>La cr\u00e8me de base naturelle est id\u00e9ale pour tous les types de peau et se caract\u00e9rise par le fait qu'elle offre la m\u00eame qualit\u00e9 que les marques exclusives plus c\u00e9l\u00e8bres. Cette cr\u00e8me peut \u00e9galement \u00eatre utilis\u00e9e comme base pour une cr\u00e8me hydratante et pour des cr\u00e8mes pour les mains, le visage et les pieds.<\/p>\n<p>En outre, cette cr\u00e8me peut \u00eatre utilis\u00e9e pure ou en combinaison avec des huiles essentielles, des huiles v\u00e9g\u00e9tales, des teintures, des eaux aromatiques, des hydrolats, des extraits d'herbes s\u00e9ch\u00e9es, des extraits de plantes au CO2, des parfums naturels et des micas.<\/p>\n<h3><strong>La cr\u00e8me contient :<\/strong><\/h3>\n<p>Aqua, Glycerin, Cetearyl Alcohol, Stearic Acid, Caprylic \/ capric Triglyceride, Glycerine Stearate BE, Aloe Barbadensis, Isopropyl Palmitate, Cosos Nucifera (Coconut) Oil, St. John Worth Oil, Calendula Officinalis, Triticum Vulgare Oil, Citrus Grandis (Grapefruit Seed) ) Extrait, Phenoxyethanol, Ethylhexyglycerin, Triethanolamine, Cymbopogon Felxuosus (Lemongrass) Oil, Citric Acid, Citral, Geraniol, Citronellol, Limonene, Linalool<br \/><strong><br \/>Disponible en :<\/strong><br \/>500 grammes<\/p>\n\t\t<\/div>\n\t\t\t\t\t<\/div>\n\n\t\n\n\t<div id=\"col-394810911\" class=\"col medium-2 small-12 large-2\"  >\n\t\t\t\t<div class=\"col-inner text-center\"  >\n\t\t\t\n\t\t\t\n\t<div class=\"img has-hover x md-x lg-x y md-y lg-y\" id=\"image_1339869720\">\n\t\t\t\t\t\t\t\t<div class=\"img-inner dark\" >\n\t\t\t<img decoding=\"async\" width=\"300\" height=\"300\" src=\"https:\/\/www.starremedies.com\/wp-content\/uploads\/2016\/03\/srbc500-300x300.jpg\" class=\"attachment-medium size-medium\" alt=\"\" srcset=\"https:\/\/www.starremedies.com\/wp-content\/uploads\/2016\/03\/srbc500-300x300.jpg 300w, https:\/\/www.starremedies.com\/wp-content\/uploads\/2016\/03\/srbc500-80x80.jpg 80w, https:\/\/www.starremedies.com\/wp-content\/uploads\/2016\/03\/srbc500-36x36.jpg 36w, https:\/\/www.starremedies.com\/wp-content\/uploads\/2016\/03\/srbc500-180x180.jpg 180w, https:\/\/www.starremedies.com\/wp-content\/uploads\/2016\/03\/srbc500-120x120.jpg 120w, https:\/\/www.starremedies.com\/wp-content\/uploads\/2016\/03\/srbc500-450x450.jpg 450w, https:\/\/www.starremedies.com\/wp-content\/uploads\/2016\/03\/srbc500.jpg 500w\" sizes=\"(max-width: 300px) 100vw, 300px\" \/>\t\t\t\t\t\t\n\t\t\t\t\t<\/div>\n\t\t\t\t\t\t\t\t\n<style>\n#image_1339869720 {\n  width: 100%;\n}\n<\/style>\n\t<\/div>\n\t\n\t\t<\/div>\n\t\t\t\t\t<\/div>\n\n\t\n\n\t<div id=\"col-2007599000\" class=\"col small-12 large-12\"  >\n\t\t\t\t<div class=\"col-inner\"  >\n\t\t\t\n\t\t\t\n<h2>Acheter les \u00e9lixirs floraux et les produits de Star Remedies<\/h2>\n<p>Les \u00e9lixirs floraux et les produits Star Remedies peuvent \u00eatre command\u00e9s s\u00e9par\u00e9ment \u00e0 l'adresse suivante\u00a0<a href=\"https:\/\/www.starremediesshop.com\/fr\/floweressences\/starremedies\/creams\/\" target=\"_blank\" rel=\"noopener\">starremediesshop.com<\/a><\/p>\n<p>Vous \u00eates entrepreneur, professionnel ou th\u00e9rapeute, et vous \u00eates int\u00e9ress\u00e9 par les produits Star Remedies.\u00a0<a href=\"https:\/\/www.starremedies.com\/fr\/companies\/\">S'inscrire via le formulaire d'inscription pour les entreprises<\/a>\u00a0et pour les th\u00e9rapeutes et les professionnels,\u00a0<a href=\"https:\/\/www.starremedies.com\/fr\/companies\/\">le formulaire d'inscription pour les professionnels<\/a>.<\/p>\n\t\t<\/div>\n\t\t\t\t\n<style>\n#col-2007599000 > .col-inner {\n  margin: 75px 0px 0px 0px;\n}\n<\/style>\n\t<\/div>\n\n\t\n<\/div>\n\t\t<\/div>\n\n\t\t\n<style>\n#section_1573193792 {\n  padding-top: 30px;\n  padding-bottom: 30px;\n}\n<\/style>\n\t<\/section>","protected":false},"excerpt":{"rendered":"","protected":false},"author":1,"featured_media":0,"parent":3856,"menu_order":0,"comment_status":"closed","ping_status":"closed","template":"page-blank.php","meta":{"footnotes":""},"class_list":["post-4530","page","type-page","status-publish","hentry"],"yoast_head":"<!-- This site is optimized with the Yoast SEO plugin v27.6 - https:\/\/yoast.com\/product\/yoast-seo-wordpress\/ -->\n<title>Base cream, 100% natural, for every skin - Star Remedies<\/title>\n<meta name=\"description\" content=\"Base cream based on 100% natural ingredients and used by luxury brands worldwide. Suitable for mixing essential oils, Bach flowers.\" \/>\n<meta name=\"robots\" content=\"index, follow, max-snippet:-1, max-image-preview:large, max-video-preview:-1\" \/>\n<link rel=\"canonical\" href=\"https:\/\/www.starremedies.com\/fr\/brands\/starremedies\/creams\/\" \/>\n<meta property=\"og:locale\" content=\"fr_FR\" \/>\n<meta property=\"og:type\" content=\"article\" \/>\n<meta property=\"og:title\" content=\"Base cream, 100% natural, for every skin - Star Remedies\" \/>\n<meta property=\"og:description\" content=\"Base cream based on 100% natural ingredients and used by luxury brands worldwide. Suitable for mixing essential oils, Bach flowers.\" \/>\n<meta property=\"og:url\" content=\"https:\/\/www.starremedies.com\/fr\/brands\/starremedies\/creams\/\" \/>\n<meta property=\"og:site_name\" content=\"Star Remedies\" \/>\n<meta property=\"article:publisher\" content=\"https:\/\/www.facebook.com\/starremedies\/\" \/>\n<meta property=\"article:modified_time\" content=\"2025-02-05T11:49:08+00:00\" \/>\n<meta name=\"twitter:card\" content=\"summary_large_image\" \/>\n<script type=\"application\/ld+json\" class=\"yoast-schema-graph\">{\"@context\":\"https:\\\/\\\/schema.org\",\"@graph\":[{\"@type\":\"WebPage\",\"@id\":\"https:\\\/\\\/www.starremedies.com\\\/brands\\\/starremedies\\\/creams\\\/\",\"url\":\"https:\\\/\\\/www.starremedies.com\\\/brands\\\/starremedies\\\/creams\\\/\",\"name\":\"Base cream, 100% natural, for every skin - Star Remedies\",\"isPartOf\":{\"@id\":\"https:\\\/\\\/www.starremedies.com\\\/#website\"},\"datePublished\":\"2016-03-02T17:27:03+00:00\",\"dateModified\":\"2025-02-05T11:49:08+00:00\",\"description\":\"Base cream based on 100% natural ingredients and used by luxury brands worldwide. Suitable for mixing essential oils, Bach flowers.\",\"breadcrumb\":{\"@id\":\"https:\\\/\\\/www.starremedies.com\\\/brands\\\/starremedies\\\/creams\\\/#breadcrumb\"},\"inLanguage\":\"fr-FR\",\"potentialAction\":[{\"@type\":\"ReadAction\",\"target\":[\"https:\\\/\\\/www.starremedies.com\\\/brands\\\/starremedies\\\/creams\\\/\"]}]},{\"@type\":\"BreadcrumbList\",\"@id\":\"https:\\\/\\\/www.starremedies.com\\\/brands\\\/starremedies\\\/creams\\\/#breadcrumb\",\"itemListElement\":[{\"@type\":\"ListItem\",\"position\":1,\"name\":\"Home\",\"item\":\"https:\\\/\\\/www.starremedies.com\\\/\"},{\"@type\":\"ListItem\",\"position\":2,\"name\":\"Our Brands\",\"item\":\"https:\\\/\\\/www.starremedies.com\\\/brands\\\/\"},{\"@type\":\"ListItem\",\"position\":3,\"name\":\"Star Remedies Flower Essences\",\"item\":\"https:\\\/\\\/www.starremedies.com\\\/brands\\\/starremedies\\\/\"},{\"@type\":\"ListItem\",\"position\":4,\"name\":\"Base cream, 100% natural, for every skin\"}]},{\"@type\":\"WebSite\",\"@id\":\"https:\\\/\\\/www.starremedies.com\\\/#website\",\"url\":\"https:\\\/\\\/www.starremedies.com\\\/\",\"name\":\"Star Remedies\",\"description\":\"\",\"publisher\":{\"@id\":\"https:\\\/\\\/www.starremedies.com\\\/#organization\"},\"potentialAction\":[{\"@type\":\"SearchAction\",\"target\":{\"@type\":\"EntryPoint\",\"urlTemplate\":\"https:\\\/\\\/www.starremedies.com\\\/?s={search_term_string}\"},\"query-input\":{\"@type\":\"PropertyValueSpecification\",\"valueRequired\":true,\"valueName\":\"search_term_string\"}}],\"inLanguage\":\"fr-FR\"},{\"@type\":\"Organization\",\"@id\":\"https:\\\/\\\/www.starremedies.com\\\/#organization\",\"name\":\"Star Remedies\",\"url\":\"https:\\\/\\\/www.starremedies.com\\\/\",\"logo\":{\"@type\":\"ImageObject\",\"inLanguage\":\"fr-FR\",\"@id\":\"https:\\\/\\\/www.starremedies.com\\\/#\\\/schema\\\/logo\\\/image\\\/\",\"url\":\"https:\\\/\\\/www.starremedies.com\\\/wp-content\\\/uploads\\\/2016\\\/02\\\/srl.gif\",\"contentUrl\":\"https:\\\/\\\/www.starremedies.com\\\/wp-content\\\/uploads\\\/2016\\\/02\\\/srl.gif\",\"width\":250,\"height\":250,\"caption\":\"Star Remedies\"},\"image\":{\"@id\":\"https:\\\/\\\/www.starremedies.com\\\/#\\\/schema\\\/logo\\\/image\\\/\"},\"sameAs\":[\"https:\\\/\\\/www.facebook.com\\\/starremedies\\\/\",\"https:\\\/\\\/www.instagram.com\\\/starremedies\\\/\"]}]}<\/script>\n<!-- \/ Yoast SEO plugin. -->","yoast_head_json":{"title":"Cr\u00e8me de base, 100% naturelle, pour chaque peau - Star Remedies","description":"Cr\u00e8me de base \u00e0 base d'ingr\u00e9dients naturels 100% utilis\u00e9e par des marques de luxe dans le monde entier. Convient pour m\u00e9langer les huiles essentielles, les fleurs de Bach.","robots":{"index":"index","follow":"follow","max-snippet":"max-snippet:-1","max-image-preview":"max-image-preview:large","max-video-preview":"max-video-preview:-1"},"canonical":"https:\/\/www.starremedies.com\/fr\/brands\/starremedies\/creams\/","og_locale":"fr_FR","og_type":"article","og_title":"Base cream, 100% natural, for every skin - Star Remedies","og_description":"Base cream based on 100% natural ingredients and used by luxury brands worldwide. Suitable for mixing essential oils, Bach flowers.","og_url":"https:\/\/www.starremedies.com\/fr\/brands\/starremedies\/creams\/","og_site_name":"Star Remedies","article_publisher":"https:\/\/www.facebook.com\/starremedies\/","article_modified_time":"2025-02-05T11:49:08+00:00","twitter_card":"summary_large_image","schema":{"@context":"https:\/\/schema.org","@graph":[{"@type":"WebPage","@id":"https:\/\/www.starremedies.com\/brands\/starremedies\/creams\/","url":"https:\/\/www.starremedies.com\/brands\/starremedies\/creams\/","name":"Cr\u00e8me de base, 100% naturelle, pour chaque peau - Star Remedies","isPartOf":{"@id":"https:\/\/www.starremedies.com\/#website"},"datePublished":"2016-03-02T17:27:03+00:00","dateModified":"2025-02-05T11:49:08+00:00","description":"Cr\u00e8me de base \u00e0 base d'ingr\u00e9dients naturels 100% utilis\u00e9e par des marques de luxe dans le monde entier. Convient pour m\u00e9langer les huiles essentielles, les fleurs de Bach.","breadcrumb":{"@id":"https:\/\/www.starremedies.com\/brands\/starremedies\/creams\/#breadcrumb"},"inLanguage":"fr-FR","potentialAction":[{"@type":"ReadAction","target":["https:\/\/www.starremedies.com\/brands\/starremedies\/creams\/"]}]},{"@type":"BreadcrumbList","@id":"https:\/\/www.starremedies.com\/brands\/starremedies\/creams\/#breadcrumb","itemListElement":[{"@type":"ListItem","position":1,"name":"Home","item":"https:\/\/www.starremedies.com\/"},{"@type":"ListItem","position":2,"name":"Our Brands","item":"https:\/\/www.starremedies.com\/brands\/"},{"@type":"ListItem","position":3,"name":"Star Remedies Flower Essences","item":"https:\/\/www.starremedies.com\/brands\/starremedies\/"},{"@type":"ListItem","position":4,"name":"Base cream, 100% natural, for every skin"}]},{"@type":"WebSite","@id":"https:\/\/www.starremedies.com\/#website","url":"https:\/\/www.starremedies.com\/","name":"Rem\u00e8des d'\u00e9toiles","description":"","publisher":{"@id":"https:\/\/www.starremedies.com\/#organization"},"potentialAction":[{"@type":"SearchAction","target":{"@type":"EntryPoint","urlTemplate":"https:\/\/www.starremedies.com\/?s={search_term_string}"},"query-input":{"@type":"PropertyValueSpecification","valueRequired":true,"valueName":"search_term_string"}}],"inLanguage":"fr-FR"},{"@type":"Organization","@id":"https:\/\/www.starremedies.com\/#organization","name":"Rem\u00e8des d'\u00e9toiles","url":"https:\/\/www.starremedies.com\/","logo":{"@type":"ImageObject","inLanguage":"fr-FR","@id":"https:\/\/www.starremedies.com\/#\/schema\/logo\/image\/","url":"https:\/\/www.starremedies.com\/wp-content\/uploads\/2016\/02\/srl.gif","contentUrl":"https:\/\/www.starremedies.com\/wp-content\/uploads\/2016\/02\/srl.gif","width":250,"height":250,"caption":"Star Remedies"},"image":{"@id":"https:\/\/www.starremedies.com\/#\/schema\/logo\/image\/"},"sameAs":["https:\/\/www.facebook.com\/starremedies\/","https:\/\/www.instagram.com\/starremedies\/"]}]}},"_links":{"self":[{"href":"https:\/\/www.starremedies.com\/fr\/wp-json\/wp\/v2\/pages\/4530","targetHints":{"allow":["GET"]}}],"collection":[{"href":"https:\/\/www.starremedies.com\/fr\/wp-json\/wp\/v2\/pages"}],"about":[{"href":"https:\/\/www.starremedies.com\/fr\/wp-json\/wp\/v2\/types\/page"}],"author":[{"embeddable":true,"href":"https:\/\/www.starremedies.com\/fr\/wp-json\/wp\/v2\/users\/1"}],"replies":[{"embeddable":true,"href":"https:\/\/www.starremedies.com\/fr\/wp-json\/wp\/v2\/comments?post=4530"}],"version-history":[{"count":10,"href":"https:\/\/www.starremedies.com\/fr\/wp-json\/wp\/v2\/pages\/4530\/revisions"}],"predecessor-version":[{"id":27976,"href":"https:\/\/www.starremedies.com\/fr\/wp-json\/wp\/v2\/pages\/4530\/revisions\/27976"}],"up":[{"embeddable":true,"href":"https:\/\/www.starremedies.com\/fr\/wp-json\/wp\/v2\/pages\/3856"}],"wp:attachment":[{"href":"https:\/\/www.starremedies.com\/fr\/wp-json\/wp\/v2\/media?parent=4530"}],"curies":[{"name":"wp","href":"https:\/\/api.w.org\/{rel}","templated":true}]}}