{"id":4511,"date":"2016-03-01T12:19:39","date_gmt":"2016-03-01T11:19:39","guid":{"rendered":"https:\/\/www.starremedies.com\/?page_id=4511"},"modified":"2025-02-04T13:50:39","modified_gmt":"2025-02-04T12:50:39","slug":"cint","status":"publish","type":"page","link":"https:\/\/www.starremedies.com\/fr\/brands\/cint\/","title":{"rendered":"Dietmar Kr\u00e4mer - CINT"},"content":{"rendered":"<section class=\"section section_breadcrumbs\" id=\"section_1080430358\">\n\t\t<div class=\"section-bg fill\" >\n\t\t\t\t\t\t\t\t\t\n\t\t\t\n\n\t\t<\/div>\n\n\t\t\n\n\t\t<div class=\"section-content relative\">\n\t\t\t\n<div class=\"row breadcrumbs-row\"  id=\"row-1175535769\">\n\n\t<div id=\"col-563470927\" class=\"col small-12 large-12\"  >\n\t\t\t\t<div class=\"col-inner\"  >\n\t\t\t\n\t\t\t\n\t<div id=\"text-2811898445\" class=\"text breadcrumbs\">\n\t\t\n<span><span><a href=\"https:\/\/www.starremedies.com\/fr\/\">Accueil<\/a><\/span><\/span>\n\t\t\t<\/div>\n\t\n\t\t<\/div>\n\t\t\t\t\t<\/div>\n\n\t\n\n<style>\n#row-1175535769 > .col > .col-inner {\n  padding: 0px 0px 0px 0px;\n}\n<\/style>\n<\/div>\n\t\t<\/div>\n\n\t\t\n<style>\n#section_1080430358 {\n  padding-top: 0px;\n  padding-bottom: 0px;\n  margin-bottom: 0px;\n}\n<\/style>\n\t<\/section>\n\t\n\n\t<section class=\"section products_row\" id=\"section_598257139\">\n\t\t<div class=\"section-bg fill\" >\n\t\t\t\t\t\t\t\t\t\n\t\t\t\n\n\t\t<\/div>\n\n\t\t\n\n\t\t<div class=\"section-content relative\">\n\t\t\t\n<div class=\"row align-middle align-center\"  id=\"row-1037217227\">\n\n\t<div id=\"col-461756352\" class=\"col medium-3 small-9 large-3\"  >\n\t\t\t\t<div class=\"col-inner text-center\"  >\n\t\t\t\n\t\t\t\n\t<div class=\"img has-hover x md-x lg-x y md-y lg-y\" id=\"image_1291115764\">\n\t\t\t\t\t\t\t\t<div class=\"img-inner dark\" >\n\t\t\t<img decoding=\"async\" width=\"200\" height=\"203\" src=\"https:\/\/www.starremedies.com\/wp-content\/uploads\/2016\/03\/logo-cint-1.gif\" class=\"attachment-original size-original\" alt=\"\" \/>\t\t\t\t\t\t\n\t\t\t\t\t<\/div>\n\t\t\t\t\t\t\t\t\n<style>\n#image_1291115764 {\n  width: 70%;\n}\n<\/style>\n\t<\/div>\n\t\n\t\t<\/div>\n\t\t\t\t\t<\/div>\n\n\t\n\n\t<div id=\"col-1785949744\" class=\"col small-12 large-12\"  >\n\t\t\t\t<div class=\"col-inner text-center\"  >\n\t\t\t\n\t\t\t\n\t<div id=\"text-3592538130\" class=\"text\">\n\t\t\n<h1>DIETMAR KR\u00c4MER - PRODUITS CINT<\/h1>\n\t\t\n<style>\n#text-3592538130 {\n  text-align: center;\n}\n<\/style>\n\t<\/div>\n\t\n\t\t<\/div>\n\t\t\t\t\t<\/div>\n\n\t\n<\/div>\n\t\t<\/div>\n\n\t\t\n<style>\n#section_598257139 {\n  padding-top: 30px;\n  padding-bottom: 30px;\n  background-color: rgb(247, 247, 247);\n}\n<\/style>\n\t<\/section>\n\t\n\n\t<section class=\"section\" id=\"section_1639653599\">\n\t\t<div class=\"section-bg fill\" >\n\t\t\t\t\t\t\t\t\t\n\t\t\t\n\n\t\t<\/div>\n\n\t\t\n\n\t\t<div class=\"section-content relative\">\n\t\t\t\n<div class=\"row\"  id=\"row-1179183039\">\n\n\t<div id=\"col-2007785793\" class=\"col small-12 large-12\"  >\n\t\t\t\t<div class=\"col-inner\"  >\n\t\t\t\n\t\t\t\n<h2>C.I.N.T. BENELUX TRAINING &amp; DIETMAR KR\u00c4MER<\/h2>\n<p>C.I.N.T. Benelux Opleidingen est le seul centre de formation agr\u00e9\u00e9 au Benelux qui enseigne la m\u00e9thode de Dietmar Kr\u00e4mer avec des fleurs de Bach, des huiles essentielles, des m\u00e9taux, des pierres pr\u00e9cieuses, des couleurs et des sons. L'ensemble de la formation est dispens\u00e9 par notre \u00e9quipe n\u00e9erlandaise, dirig\u00e9e par Madeleine Meuwessen &amp; amp ; Micha Meuwessen, ainsi que par Dietmar Kramer, qui enseigne lui-m\u00eame certains modules. Visitez aussi\u00a0<a href=\"https:\/\/www.cint.nl\/\" target=\"_blank\" rel=\"noopener\">www.cint.nl<\/a><\/p>\n\t\t<\/div>\n\t\t\t\t\t<\/div>\n\n\t\n\n\t<div id=\"col-123632470\" class=\"col small-12 large-12\"  >\n\t\t\t\t<div class=\"col-inner\"  >\n\t\t\t\n\t\t\t\n\t<div id=\"gap-1381235324\" class=\"gap-element clearfix\" style=\"display:block; height:auto;\">\n\t\t\n<style>\n#gap-1381235324 {\n  padding-top: 75px;\n}\n<\/style>\n\t<\/div>\n\t\n\t\t<\/div>\n\t\t\t\t\t<\/div>\n\n\t\n\n\t<div id=\"col-563298260\" class=\"col medium-4 small-12 large-4\"  >\n\t\t\t\t<div class=\"col-inner text-center\"  >\n\t\t\t\n\t\t\t\n<h3>HUILES ESSENTIELLES - DIETMAR KR\u00c4MER - CINT<\/h3>\n\t<div class=\"img has-hover x md-x lg-x y md-y lg-y\" id=\"image_1262089289\">\n\t\t\t\t\t\t\t\t<div class=\"img-inner dark\" >\n\t\t\t<img decoding=\"async\" width=\"200\" height=\"203\" src=\"https:\/\/www.starremedies.com\/wp-content\/uploads\/2016\/03\/logo-cint-1.gif\" class=\"attachment-original size-original\" alt=\"\" \/>\t\t\t\t\t\t\n\t\t\t\t\t<\/div>\n\t\t\t\t\t\t\t\t\n<style>\n#image_1262089289 {\n  width: 50%;\n}\n<\/style>\n\t<\/div>\n\t\n<h4>HUILES ESSENTIELLES<\/h4>\n<p>Ces 38 huiles essentielles tout \u00e0 fait uniques sont toutes exclusivement destin\u00e9es \u00e0 l'usage externe et aux Nouvelles th\u00e9rapies par les huiles essentielles de Dietmar Kr\u00e4mer.<\/p>\n<a href=\"https:\/\/www.starremediesshop.com\/fr\/cint\/essentialsoilscint\/\" class=\"button primary\" >\n\t\t<span>Huiles essentielles - Dietmar Kramer disponible dans notre magasin<\/span>\n\t<\/a>\n\n\t\t<\/div>\n\t\t\t\t\t<\/div>\n\n\t\n\n\t<div id=\"col-1117980620\" class=\"col medium-4 small-12 large-4\"  >\n\t\t\t\t<div class=\"col-inner text-center\"  >\n\t\t\t\n\t\t\t\n<h3>PIERRES PR\u00c9CIEUSES - DIETMAR KR\u00c4MER - CINT<\/h3>\n\t<div class=\"img has-hover x md-x lg-x y md-y lg-y\" id=\"image_411850696\">\n\t\t\t\t\t\t\t\t<div class=\"img-inner dark\" >\n\t\t\t<img decoding=\"async\" width=\"200\" height=\"203\" src=\"https:\/\/www.starremedies.com\/wp-content\/uploads\/2016\/03\/logo-cint-1.gif\" class=\"attachment-original size-original\" alt=\"\" \/>\t\t\t\t\t\t\n\t\t\t\t\t<\/div>\n\t\t\t\t\t\t\t\t\n<style>\n#image_411850696 {\n  width: 50%;\n}\n<\/style>\n\t<\/div>\n\t\n<h4>PIERRES PR\u00c9CIEUSES<\/h4>\n<p>Ces 38 pierres pr\u00e9cieuses uniques sont toutes exclusivement destin\u00e9es \u00e0 un usage externe et aux nouvelles th\u00e9rapies de Dietmar Kr\u00e4mer avec les pierres pr\u00e9cieuses.<\/p>\n<a href=\"https:\/\/www.starremediesshop.com\/fr\/cint\/gemstones\/\" class=\"button primary\" >\n\t\t<span>Les pierres pr\u00e9cieuses - Dietmar Kramer disponibles dans notre magasin<\/span>\n\t<\/a>\n\n\t\t<\/div>\n\t\t\t\t\t<\/div>\n\n\t\n\n\t<div id=\"col-1855636605\" class=\"col medium-4 small-12 large-4\"  >\n\t\t\t\t<div class=\"col-inner text-center\"  >\n\t\t\t\n\t\t\t\n<h3>PRODUITS - DIETMAR KR\u00c4MER - CINT<\/h3>\n\t<div class=\"img has-hover x md-x lg-x y md-y lg-y\" id=\"image_586371502\">\n\t\t\t\t\t\t\t\t<div class=\"img-inner dark\" >\n\t\t\t<img decoding=\"async\" width=\"200\" height=\"203\" src=\"https:\/\/www.starremedies.com\/wp-content\/uploads\/2016\/03\/logo-cint-1.gif\" class=\"attachment-original size-original\" alt=\"\" \/>\t\t\t\t\t\t\n\t\t\t\t\t<\/div>\n\t\t\t\t\t\t\t\t\n<style>\n#image_586371502 {\n  width: 50%;\n}\n<\/style>\n\t<\/div>\n\t\n<h4>PRODUITS CINT<\/h4>\n<p>Affiches de cartes corporelles, cd de tonalit\u00e9s, cd de chakras, jeu de feuilles de couleur et m\u00e9taux ; tous pour utilisation avec les Nouvelles Th\u00e9rapies de Dietmar Kr\u00e4mer.<\/p>\n<a href=\"https:\/\/www.starremediesshop.com\/fr\/cint\/\" class=\"button primary\" >\n\t\t<span>CINT - Dietmar Kramer disponible dans notre magasin<\/span>\n\t<\/a>\n\n\t\t<\/div>\n\t\t\t\t\t<\/div>\n\n\t\n<\/div>\n\t\t<\/div>\n\n\t\t\n<style>\n#section_1639653599 {\n  padding-top: 30px;\n  padding-bottom: 30px;\n}\n<\/style>\n\t<\/section>\n\t\n\n\t<section class=\"section\" id=\"section_1899966469\">\n\t\t<div class=\"section-bg fill\" >\n\t\t\t\t\t\t\t\t\t\n\t\t\t\n\n\t\t<\/div>\n\n\t\t\n\n\t\t<div class=\"section-content relative\">\n\t\t\t\n<div class=\"row align-middle\"  id=\"row-245165496\">\n\n\t<div id=\"col-1043071254\" class=\"col medium-3 small-12 large-3\"  >\n\t\t\t\t<div class=\"col-inner\"  >\n\t\t\t\n\t\t\t\n\t<div class=\"img has-hover x md-x lg-x y md-y lg-y\" id=\"image_552263194\">\n\t\t\t\t\t\t\t\t<div class=\"img-inner box-shadow-2 box-shadow-3-hover dark\" >\n\t\t\t<img decoding=\"async\" width=\"300\" height=\"200\" src=\"https:\/\/www.starremedies.com\/wp-content\/uploads\/2024\/07\/pipetflesjes300.webp\" class=\"attachment-original size-original\" alt=\"\" srcset=\"https:\/\/www.starremedies.com\/wp-content\/uploads\/2024\/07\/pipetflesjes300.webp 300w, https:\/\/www.starremedies.com\/wp-content\/uploads\/2024\/07\/pipetflesjes300-18x12.webp 18w\" sizes=\"(max-width: 300px) 100vw, 300px\" \/>\t\t\t\t\t\t\n\t\t\t\t\t<\/div>\n\t\t\t\t\t\t\t\t\n<style>\n#image_552263194 {\n  width: 100%;\n}\n<\/style>\n\t<\/div>\n\t\n\t\t<\/div>\n\t\t\t\t\t<\/div>\n\n\t\n\n\t<div id=\"col-1822202619\" class=\"col medium-8 small-12 large-8\"  >\n\t\t\t\t<div class=\"col-inner text-center\"  >\n\t\t\t\n\t\t\t\n\t<div id=\"text-3762583114\" class=\"text\">\n\t\t\n<h3>Bouteille de pipette et verrerie<\/h3>\n<p>Vente en gros de nombreux types de pipettes en 10, 20, 30 et 50 ml avec ou sans garantie et d'autres articles en verre tels que des pots \u00e0 huile et des flacons d'huile avec compte-gouttes.<\/p>\n\t\t\n<style>\n#text-3762583114 {\n  color: rgb(255, 255, 255);\n}\n#text-3762583114 > * {\n  color: rgb(255, 255, 255);\n}\n<\/style>\n\t<\/div>\n\t\n<a href=\"https:\/\/www.starremedies.com\/fr\/glassware\/\" class=\"button white is-underline\" >\n\t\t<span>Cliquez ici !<\/span>\n\t<\/a>\n\n\t\t<\/div>\n\t\t\t\t\t<\/div>\n\n\t\n<\/div>\n\t\t<\/div>\n\n\t\t\n<style>\n#section_1899966469 {\n  padding-top: 30px;\n  padding-bottom: 30px;\n  background-color: #577631;\n}\n<\/style>\n\t<\/section>\n\t\n\n\t<section class=\"section\" id=\"section_583695953\">\n\t\t<div class=\"section-bg fill\" >\n\t\t\t\t\t\t\t\t\t\n\t\t\t\n\n\t\t<\/div>\n\n\t\t\n\n\t\t<div class=\"section-content relative\">\n\t\t\t\n<div class=\"row\"  id=\"row-743761896\">\n\n\t<div id=\"col-976859057\" class=\"col small-12 large-12\"  >\n\t\t\t\t<div class=\"col-inner\"  >\n\t\t\t\n\t\t\t\n<h2>Acheter des produits C.I.N.T. | Dietmar Kr\u00e4mer<\/h2>\n<p>Les produits C.I.N.T. peuvent \u00eatre command\u00e9s s\u00e9par\u00e9ment \u00e0 l'adresse suivante <a href=\"https:\/\/www.starremediesshop.com\/fr\/cint\/\" target=\"_blank\" rel=\"noopener\">starremediesshop.com<\/a><\/p>\n<p>Vous \u00eates entrepreneur, professionnel ou th\u00e9rapeute, et vous \u00eates int\u00e9ress\u00e9 par les produits Star Remedies. <a href=\"https:\/\/www.starremedies.com\/fr\/companies\/\">S'inscrire via le formulaire d'inscription pour les entreprises<\/a> et pour les th\u00e9rapeutes et les professionnels, <a href=\"https:\/\/www.starremedies.com\/fr\/companies\/\">le formulaire d'inscription pour les professionnels<\/a>.<\/p>\n\t\t<\/div>\n\t\t\t\t\n<style>\n#col-976859057 > .col-inner {\n  padding: 25px 0px 0px 0px;\n}\n<\/style>\n\t<\/div>\n\n\t\n<\/div>\n\t\t<\/div>\n\n\t\t\n<style>\n#section_583695953 {\n  padding-top: 30px;\n  padding-bottom: 30px;\n}\n<\/style>\n\t<\/section>","protected":false},"excerpt":{"rendered":"","protected":false},"author":1,"featured_media":0,"parent":4107,"menu_order":0,"comment_status":"closed","ping_status":"closed","template":"page-blank.php","meta":{"footnotes":""},"class_list":["post-4511","page","type-page","status-publish","hentry"],"yoast_head":"<!-- This site is optimized with the Yoast SEO plugin v27.5 - https:\/\/yoast.com\/product\/yoast-seo-wordpress\/ -->\n<title>Essential oil, precious stones, colors and metals - Dietmar Kr\u00e4mer<\/title>\n<meta name=\"description\" content=\"Essential oil, oils, gems, color lamp set, metal set, gem set, skin zone maps and all other products according to the new therapies\" \/>\n<meta name=\"robots\" content=\"index, follow, max-snippet:-1, max-image-preview:large, max-video-preview:-1\" \/>\n<link rel=\"canonical\" href=\"https:\/\/www.starremedies.com\/fr\/brands\/cint\/\" \/>\n<meta property=\"og:locale\" content=\"fr_FR\" \/>\n<meta property=\"og:type\" content=\"article\" \/>\n<meta property=\"og:title\" content=\"Essential oil, precious stones, colors and metals - Dietmar Kr\u00e4mer\" \/>\n<meta property=\"og:description\" content=\"Essential oil, oils, gems, color lamp set, metal set, gem set, skin zone maps and all other products according to the new therapies\" \/>\n<meta property=\"og:url\" content=\"https:\/\/www.starremedies.com\/fr\/brands\/cint\/\" \/>\n<meta property=\"og:site_name\" content=\"Star Remedies\" \/>\n<meta property=\"article:publisher\" content=\"https:\/\/www.facebook.com\/starremedies\/\" \/>\n<meta property=\"article:modified_time\" content=\"2025-02-04T12:50:39+00:00\" \/>\n<meta name=\"twitter:card\" content=\"summary_large_image\" \/>\n<script type=\"application\/ld+json\" class=\"yoast-schema-graph\">{\"@context\":\"https:\\\/\\\/schema.org\",\"@graph\":[{\"@type\":\"WebPage\",\"@id\":\"https:\\\/\\\/www.starremedies.com\\\/brands\\\/cint\\\/\",\"url\":\"https:\\\/\\\/www.starremedies.com\\\/brands\\\/cint\\\/\",\"name\":\"Essential oil, precious stones, colors and metals - Dietmar Kr\u00e4mer\",\"isPartOf\":{\"@id\":\"https:\\\/\\\/www.starremedies.com\\\/#website\"},\"datePublished\":\"2016-03-01T11:19:39+00:00\",\"dateModified\":\"2025-02-04T12:50:39+00:00\",\"description\":\"Essential oil, oils, gems, color lamp set, metal set, gem set, skin zone maps and all other products according to the new therapies\",\"breadcrumb\":{\"@id\":\"https:\\\/\\\/www.starremedies.com\\\/brands\\\/cint\\\/#breadcrumb\"},\"inLanguage\":\"fr-FR\",\"potentialAction\":[{\"@type\":\"ReadAction\",\"target\":[\"https:\\\/\\\/www.starremedies.com\\\/brands\\\/cint\\\/\"]}]},{\"@type\":\"BreadcrumbList\",\"@id\":\"https:\\\/\\\/www.starremedies.com\\\/brands\\\/cint\\\/#breadcrumb\",\"itemListElement\":[{\"@type\":\"ListItem\",\"position\":1,\"name\":\"Home\",\"item\":\"https:\\\/\\\/www.starremedies.com\\\/\"},{\"@type\":\"ListItem\",\"position\":2,\"name\":\"Our Brands\",\"item\":\"https:\\\/\\\/www.starremedies.com\\\/brands\\\/\"},{\"@type\":\"ListItem\",\"position\":3,\"name\":\"Dietmar Kr\u00e4mer &#8211; CINT\"}]},{\"@type\":\"WebSite\",\"@id\":\"https:\\\/\\\/www.starremedies.com\\\/#website\",\"url\":\"https:\\\/\\\/www.starremedies.com\\\/\",\"name\":\"Star Remedies\",\"description\":\"\",\"publisher\":{\"@id\":\"https:\\\/\\\/www.starremedies.com\\\/#organization\"},\"potentialAction\":[{\"@type\":\"SearchAction\",\"target\":{\"@type\":\"EntryPoint\",\"urlTemplate\":\"https:\\\/\\\/www.starremedies.com\\\/?s={search_term_string}\"},\"query-input\":{\"@type\":\"PropertyValueSpecification\",\"valueRequired\":true,\"valueName\":\"search_term_string\"}}],\"inLanguage\":\"fr-FR\"},{\"@type\":\"Organization\",\"@id\":\"https:\\\/\\\/www.starremedies.com\\\/#organization\",\"name\":\"Star Remedies\",\"url\":\"https:\\\/\\\/www.starremedies.com\\\/\",\"logo\":{\"@type\":\"ImageObject\",\"inLanguage\":\"fr-FR\",\"@id\":\"https:\\\/\\\/www.starremedies.com\\\/#\\\/schema\\\/logo\\\/image\\\/\",\"url\":\"https:\\\/\\\/www.starremedies.com\\\/wp-content\\\/uploads\\\/2016\\\/02\\\/srl.gif\",\"contentUrl\":\"https:\\\/\\\/www.starremedies.com\\\/wp-content\\\/uploads\\\/2016\\\/02\\\/srl.gif\",\"width\":250,\"height\":250,\"caption\":\"Star Remedies\"},\"image\":{\"@id\":\"https:\\\/\\\/www.starremedies.com\\\/#\\\/schema\\\/logo\\\/image\\\/\"},\"sameAs\":[\"https:\\\/\\\/www.facebook.com\\\/starremedies\\\/\",\"https:\\\/\\\/www.instagram.com\\\/starremedies\\\/\"]}]}<\/script>\n<!-- \/ Yoast SEO plugin. -->","yoast_head_json":{"title":"Huile essentielle, pierres pr\u00e9cieuses, couleurs et m\u00e9taux - Dietmar Kr\u00e4mer","description":"Huiles essentielles, huiles, pierres pr\u00e9cieuses, set de lampes de couleur, set de m\u00e9taux, set de pierres pr\u00e9cieuses, cartes des zones cutan\u00e9es et tous les autres produits conformes aux nouvelles th\u00e9rapies.","robots":{"index":"index","follow":"follow","max-snippet":"max-snippet:-1","max-image-preview":"max-image-preview:large","max-video-preview":"max-video-preview:-1"},"canonical":"https:\/\/www.starremedies.com\/fr\/brands\/cint\/","og_locale":"fr_FR","og_type":"article","og_title":"Essential oil, precious stones, colors and metals - Dietmar Kr\u00e4mer","og_description":"Essential oil, oils, gems, color lamp set, metal set, gem set, skin zone maps and all other products according to the new therapies","og_url":"https:\/\/www.starremedies.com\/fr\/brands\/cint\/","og_site_name":"Star Remedies","article_publisher":"https:\/\/www.facebook.com\/starremedies\/","article_modified_time":"2025-02-04T12:50:39+00:00","twitter_card":"summary_large_image","schema":{"@context":"https:\/\/schema.org","@graph":[{"@type":"WebPage","@id":"https:\/\/www.starremedies.com\/brands\/cint\/","url":"https:\/\/www.starremedies.com\/brands\/cint\/","name":"Huile essentielle, pierres pr\u00e9cieuses, couleurs et m\u00e9taux - Dietmar Kr\u00e4mer","isPartOf":{"@id":"https:\/\/www.starremedies.com\/#website"},"datePublished":"2016-03-01T11:19:39+00:00","dateModified":"2025-02-04T12:50:39+00:00","description":"Huiles essentielles, huiles, pierres pr\u00e9cieuses, set de lampes de couleur, set de m\u00e9taux, set de pierres pr\u00e9cieuses, cartes des zones cutan\u00e9es et tous les autres produits conformes aux nouvelles th\u00e9rapies.","breadcrumb":{"@id":"https:\/\/www.starremedies.com\/brands\/cint\/#breadcrumb"},"inLanguage":"fr-FR","potentialAction":[{"@type":"ReadAction","target":["https:\/\/www.starremedies.com\/brands\/cint\/"]}]},{"@type":"BreadcrumbList","@id":"https:\/\/www.starremedies.com\/brands\/cint\/#breadcrumb","itemListElement":[{"@type":"ListItem","position":1,"name":"Home","item":"https:\/\/www.starremedies.com\/"},{"@type":"ListItem","position":2,"name":"Our Brands","item":"https:\/\/www.starremedies.com\/brands\/"},{"@type":"ListItem","position":3,"name":"Dietmar Kr\u00e4mer &#8211; CINT"}]},{"@type":"WebSite","@id":"https:\/\/www.starremedies.com\/#website","url":"https:\/\/www.starremedies.com\/","name":"Rem\u00e8des d'\u00e9toiles","description":"","publisher":{"@id":"https:\/\/www.starremedies.com\/#organization"},"potentialAction":[{"@type":"SearchAction","target":{"@type":"EntryPoint","urlTemplate":"https:\/\/www.starremedies.com\/?s={search_term_string}"},"query-input":{"@type":"PropertyValueSpecification","valueRequired":true,"valueName":"search_term_string"}}],"inLanguage":"fr-FR"},{"@type":"Organization","@id":"https:\/\/www.starremedies.com\/#organization","name":"Rem\u00e8des d'\u00e9toiles","url":"https:\/\/www.starremedies.com\/","logo":{"@type":"ImageObject","inLanguage":"fr-FR","@id":"https:\/\/www.starremedies.com\/#\/schema\/logo\/image\/","url":"https:\/\/www.starremedies.com\/wp-content\/uploads\/2016\/02\/srl.gif","contentUrl":"https:\/\/www.starremedies.com\/wp-content\/uploads\/2016\/02\/srl.gif","width":250,"height":250,"caption":"Star Remedies"},"image":{"@id":"https:\/\/www.starremedies.com\/#\/schema\/logo\/image\/"},"sameAs":["https:\/\/www.facebook.com\/starremedies\/","https:\/\/www.instagram.com\/starremedies\/"]}]}},"_links":{"self":[{"href":"https:\/\/www.starremedies.com\/fr\/wp-json\/wp\/v2\/pages\/4511","targetHints":{"allow":["GET"]}}],"collection":[{"href":"https:\/\/www.starremedies.com\/fr\/wp-json\/wp\/v2\/pages"}],"about":[{"href":"https:\/\/www.starremedies.com\/fr\/wp-json\/wp\/v2\/types\/page"}],"author":[{"embeddable":true,"href":"https:\/\/www.starremedies.com\/fr\/wp-json\/wp\/v2\/users\/1"}],"replies":[{"embeddable":true,"href":"https:\/\/www.starremedies.com\/fr\/wp-json\/wp\/v2\/comments?post=4511"}],"version-history":[{"count":9,"href":"https:\/\/www.starremedies.com\/fr\/wp-json\/wp\/v2\/pages\/4511\/revisions"}],"predecessor-version":[{"id":27936,"href":"https:\/\/www.starremedies.com\/fr\/wp-json\/wp\/v2\/pages\/4511\/revisions\/27936"}],"up":[{"embeddable":true,"href":"https:\/\/www.starremedies.com\/fr\/wp-json\/wp\/v2\/pages\/4107"}],"wp:attachment":[{"href":"https:\/\/www.starremedies.com\/fr\/wp-json\/wp\/v2\/media?parent=4511"}],"curies":[{"name":"wp","href":"https:\/\/api.w.org\/{rel}","templated":true}]}}