{"id":4453,"date":"2016-02-24T17:10:58","date_gmt":"2016-02-24T16:10:58","guid":{"rendered":"https:\/\/www.starremedies.com\/?page_id=4453"},"modified":"2025-02-04T13:51:53","modified_gmt":"2025-02-04T12:51:53","slug":"essentialoil","status":"publish","type":"page","link":"https:\/\/www.starremedies.com\/fr\/essentialoil\/","title":{"rendered":"Huile essentielle"},"content":{"rendered":"<section class=\"section section_breadcrumbs\" id=\"section_2118001874\">\n\t\t<div class=\"section-bg fill\" >\n\t\t\t\t\t\t\t\t\t\n\t\t\t\n\n\t\t<\/div>\n\n\t\t\n\n\t\t<div class=\"section-content relative\">\n\t\t\t\n<div class=\"row breadcrumbs-row\"  id=\"row-887626394\">\n\n\t<div id=\"col-1060090667\" class=\"col small-12 large-12\"  >\n\t\t\t\t<div class=\"col-inner\"  >\n\t\t\t\n\t\t\t\n\t<div id=\"text-2728247029\" class=\"text breadcrumbs\">\n\t\t\n<span><span><a href=\"https:\/\/www.starremedies.com\/fr\/\">Accueil<\/a><\/span><\/span>\n\t\t\t<\/div>\n\t\n\t\t<\/div>\n\t\t\t\t\t<\/div>\n\n\t\n\n<style>\n#row-887626394 > .col > .col-inner {\n  padding: 0px 0px 0px 0px;\n}\n<\/style>\n<\/div>\n\t\t<\/div>\n\n\t\t\n<style>\n#section_2118001874 {\n  padding-top: 0px;\n  padding-bottom: 0px;\n  margin-bottom: 0px;\n}\n<\/style>\n\t<\/section>\n\t\n\n\t<section class=\"section products_row\" id=\"section_1269015407\">\n\t\t<div class=\"section-bg fill\" >\n\t\t\t\t\t\t\t\t\t\n\t\t\t\n\n\t\t<\/div>\n\n\t\t\n\n\t\t<div class=\"section-content relative\">\n\t\t\t\n<div class=\"row align-middle align-center\"  id=\"row-1302619521\">\n\n\t<div id=\"col-919955008\" class=\"col medium-4 small-12 large-4\"  >\n\t\t\t\t<div class=\"col-inner text-center\"  >\n\t\t\t\n\t\t\t\n\t<div class=\"img has-hover x md-x lg-x y md-y lg-y\" id=\"image_1566857148\">\n\t\t\t\t\t\t\t\t<div class=\"img-inner dark\" >\n\t\t\t<img decoding=\"async\" width=\"300\" height=\"200\" src=\"https:\/\/www.starremedies.com\/wp-content\/uploads\/2022\/12\/cint2-300x200.webp\" class=\"attachment-medium size-medium\" alt=\"\" srcset=\"https:\/\/www.starremedies.com\/wp-content\/uploads\/2022\/12\/cint2-300x200.webp 300w, https:\/\/www.starremedies.com\/wp-content\/uploads\/2022\/12\/cint2-1030x687.webp 1030w, https:\/\/www.starremedies.com\/wp-content\/uploads\/2022\/12\/cint2-768x512.webp 768w, https:\/\/www.starremedies.com\/wp-content\/uploads\/2022\/12\/cint2-1536x1024.webp 1536w, https:\/\/www.starremedies.com\/wp-content\/uploads\/2022\/12\/cint2.webp 1800w\" sizes=\"(max-width: 300px) 100vw, 300px\" \/>\t\t\t\t\t\t\n\t\t\t\t\t<\/div>\n\t\t\t\t\t\t\t\t\n<style>\n#image_1566857148 {\n  width: 100%;\n}\n<\/style>\n\t<\/div>\n\t\n\t\t<\/div>\n\t\t\t\t\t<\/div>\n\n\t\n\n\t<div id=\"col-2057361188\" class=\"col small-12 large-12\"  >\n\t\t\t\t<div class=\"col-inner text-center\"  >\n\t\t\t\n\t\t\t\n\t<div id=\"text-2114315229\" class=\"text\">\n\t\t\n<h1>HUILE ESSENTIELLE<\/h1>\n\t\t\n<style>\n#text-2114315229 {\n  text-align: center;\n}\n<\/style>\n\t<\/div>\n\t\n\t\t<\/div>\n\t\t\t\t\t<\/div>\n\n\t\n<\/div>\n\t\t<\/div>\n\n\t\t\n<style>\n#section_1269015407 {\n  padding-top: 30px;\n  padding-bottom: 30px;\n  background-color: rgb(247, 247, 247);\n}\n<\/style>\n\t<\/section>\n\t\n\n\t<section class=\"section\" id=\"section_904719438\">\n\t\t<div class=\"section-bg fill\" >\n\t\t\t\t\t\t\t\t\t\n\t\t\t\n\n\t\t<\/div>\n\n\t\t\n\n\t\t<div class=\"section-content relative\">\n\t\t\t\n<div class=\"row\"  id=\"row-1215303118\">\n\n\t<div id=\"col-1063813903\" class=\"col small-12 large-12\"  >\n\t\t\t\t<div class=\"col-inner\"  >\n\t\t\t\n\t\t\t\n<h2>Qu'est-ce qu'une huile essentielle ?<\/h2>\n<p>L'huile essentielle est utilis\u00e9e depuis l'Antiquit\u00e9 et bien avant. Les huiles essentielles se d\u00e9clinent en plusieurs types, de l'\u00e9ph\u00e9m\u00e8re au tr\u00e8s sirupeux. Les huiles essentielles sont extraites de plantes, de fleurs, de feuilles, d'\u00e9corces ou de bois par diff\u00e9rents proc\u00e9d\u00e9s d'extraction.<\/p>\n<p>L'huile essentielle est disponible \u00e0 des prix allant de bon march\u00e9 \u00e0 cher, en fonction de la qualit\u00e9 et de la raret\u00e9 de l'huile essentielle. Un autre aspect tr\u00e8s important est le processus de production qui d\u00e9termine la quantit\u00e9 et la qualit\u00e9 de l'huile essentielle. Les huiles essentielles bon march\u00e9, comme l'huile d'orange, sont simples et bon march\u00e9 en raison du grand nombre de producteurs d'oranges. Les huiles essentielles pr\u00e9cieuses, comme l'huile de narcisse, sont un processus qui prend du temps et n\u00e9cessite une grande quantit\u00e9 de mati\u00e8res premi\u00e8res.<\/p>\n<h3>Huiles essentielles<\/h3>\n<p>Les huiles essentielles peuvent \u00eatre utilis\u00e9es de diff\u00e9rentes mani\u00e8res. Les huiles essentielles peuvent \u00eatre \u00e9vapor\u00e9es dans\u00a0<a href=\"https:\/\/www.starremediesshop.com\/fr\/essentialoilburner\/\">br\u00fbleurs d'huiles essentielles\u00a0<\/a>Les huiles essentielles peuvent \u00eatre appliqu\u00e9es sur les v\u00eatements et le linge (attention au type et \u00e0 la nature de l'huile essentielle utilis\u00e9e) !) Il est tr\u00e8s important de savoir que les huiles essentielles sont en fait des concentr\u00e9s et qu'elles ne conviennent donc pas pour \u00eatre appliqu\u00e9es en goutte \u00e0 goutte sur des surfaces en plastique ou vernies. Il en va de m\u00eame pour les baignoires en plastique. L'huile essentielle est \u00e9galement agr\u00e9able dans le bain, mais l'huile essentielle flotte sur l'eau et ne se m\u00e9lange pas.<\/p>\n<p>Il est d\u00e9conseill\u00e9 d'appliquer l'huile essentielle purement sur la peau. Il est pr\u00e9f\u00e9rable de m\u00e9langer l'huile avec de l'huile de jojoba ou de l'huile d'amande.<\/p>\n<p><strong>Important \u00e0 savoir<\/strong><br \/>&gt; Ne pas utiliser en interne (ne convient pas \u00e0 la consommation)<br \/>&gt; Ne pas utiliser pendant la grossesse<br \/>&gt; Tenir hors de port\u00e9e des enfants<br \/>&gt; Tenir hors de port\u00e9e d'un feu ouvert<br \/>&gt; Ne convient qu'\u00e0 un usage externe ; \u00e9viter tout contact avec les yeux et la bouche.<\/p>\n<h4>Comment les huiles essentielles sont-elles extraites \/ fabriqu\u00e9es ?<\/h4>\n<p>Il existe de nombreuses m\u00e9thodes de production d'huiles essentielles.<\/p>\n<p><strong>Distillation \u00e0 la vapeur<\/strong><br \/>La vapeur est envoy\u00e9e par les parties de la plante, apr\u00e8s quoi l'huile pr\u00e9sente dans la plante ou la fleur s'\u00e9vapore. Apr\u00e8s refroidissement et pr\u00e9cipitation dans l'eau, l'huile peut \u00eatre s\u00e9par\u00e9e de l'eau<\/p>\n<p><strong>Appuyer sur<\/strong><br \/>Cette m\u00e9thode d'extraction est fr\u00e9quemment utilis\u00e9e avec les agrumes et est g\u00e9n\u00e9ralement extraite de la peau.<\/p>\n<p><strong>Distillation s\u00e8che<\/strong><br \/>Cette m\u00e9thode permet notamment de chauffer lentement le bois, ce qui provoque l'\u00e9vaporation de l'huile, qui est ensuite condens\u00e9e \u00e0 nouveau.<\/p>\n<p><strong>Extraction de liquide<\/strong><br \/>Cette m\u00e9thode est un processus de production tr\u00e8s intestinal avec le rendement le plus faible, ce qui rend ces types d'huiles essentielles tr\u00e8s ch\u00e8res. Ces huiles essentielles sont appel\u00e9es absolues.<\/p>\n<p><strong>La cuisine<\/strong><br \/>Cette m\u00e9thode d'extraction par voie liquide (eau) permet de capter la vapeur d'eau.<\/p>\n<p><strong>Enfleurage<\/strong><br \/>Il s'agit d'une m\u00e9thode merveilleuse et ancienne de fabrication d'huile essentielle. Pour ce faire, on utilisait et on utilise toujours de la graisse animale, apr\u00e8s quoi on presse, entre autres, des p\u00e9tales de rose. La graisse est \u00e9tal\u00e9e sur de grandes surfaces \u00e0 l'aide d'un treillis. Une fois que la graisse a absorb\u00e9 l'huile essentielle, elle est bouillie dans de l'alcool. L'alcool s'\u00e9vapore et l'huile essentielle est pr\u00e9cipit\u00e9e sous forme de liquide.<\/p>\n<h4>Star Remedies Huiles essentielles<\/h4>\n<p>Nous produisons diverses huiles essentielles de tr\u00e8s haute qualit\u00e9. Les informations sur nos huiles essentielles seront bient\u00f4t mises en ligne.<\/p>\n<h2>\u00a0<\/h2>\n<h2>Acheter les huiles essentielles Star Remedies<\/h2>\n<p>Les huiles essentielles Star Remedies peuvent \u00eatre command\u00e9es s\u00e9par\u00e9ment \u00e0 l'adresse suivante\u00a0<a href=\"https:\/\/www.starremediesshop.com\/fr\/cint\/essentialsoilscint\/\" target=\"_blank\" rel=\"noopener\">starremediesshop.com<\/a><\/p>\n<p>Vous \u00eates entrepreneur, professionnel ou th\u00e9rapeute, et vous \u00eates int\u00e9ress\u00e9 par les produits Star Remedies.\u00a0<a href=\"https:\/\/www.starremedies.com\/fr\/companies\/\">S'inscrire via le formulaire d'inscription pour les entreprises<\/a>\u00a0et pour les th\u00e9rapeutes et les professionnels,\u00a0<a href=\"https:\/\/www.starremedies.com\/fr\/companies\/\">le formulaire d'inscription pour les professionnels<\/a>.<\/p>\n\t\t<\/div>\n\t\t\t\t\t<\/div>\n\n\t\n<\/div>\n\t\t<\/div>\n\n\t\t\n<style>\n#section_904719438 {\n  padding-top: 30px;\n  padding-bottom: 30px;\n}\n<\/style>\n\t<\/section>","protected":false},"excerpt":{"rendered":"","protected":false},"author":1,"featured_media":0,"parent":0,"menu_order":0,"comment_status":"closed","ping_status":"closed","template":"page-blank.php","meta":{"footnotes":""},"class_list":["post-4453","page","type-page","status-publish","hentry"],"yoast_head":"<!-- This site is optimized with the Yoast SEO plugin v27.3 - https:\/\/yoast.com\/product\/yoast-seo-wordpress\/ -->\n<title>Organic Essentials Oils - Star Remedies<\/title>\n<meta name=\"description\" content=\"Essential oil (either aromatic, volatile or essential oil). The essential oils are extracted from plants. Essential oil; wellbeing for your body\" \/>\n<meta name=\"robots\" content=\"index, follow, max-snippet:-1, max-image-preview:large, max-video-preview:-1\" \/>\n<link rel=\"canonical\" href=\"https:\/\/www.starremedies.com\/fr\/essentialoil\/\" \/>\n<meta property=\"og:locale\" content=\"fr_FR\" \/>\n<meta property=\"og:type\" content=\"article\" \/>\n<meta property=\"og:title\" content=\"Organic Essentials Oils - Star Remedies\" \/>\n<meta property=\"og:description\" content=\"Essential oil (either aromatic, volatile or essential oil). The essential oils are extracted from plants. Essential oil; wellbeing for your body\" \/>\n<meta property=\"og:url\" content=\"https:\/\/www.starremedies.com\/fr\/essentialoil\/\" \/>\n<meta property=\"og:site_name\" content=\"Star Remedies\" \/>\n<meta property=\"article:publisher\" content=\"https:\/\/www.facebook.com\/starremedies\/\" \/>\n<meta property=\"article:modified_time\" content=\"2025-02-04T12:51:53+00:00\" \/>\n<meta name=\"twitter:card\" content=\"summary_large_image\" \/>\n<script type=\"application\/ld+json\" class=\"yoast-schema-graph\">{\"@context\":\"https:\\\/\\\/schema.org\",\"@graph\":[{\"@type\":\"WebPage\",\"@id\":\"https:\\\/\\\/www.starremedies.com\\\/essentialoil\\\/\",\"url\":\"https:\\\/\\\/www.starremedies.com\\\/essentialoil\\\/\",\"name\":\"Organic Essentials Oils - Star Remedies\",\"isPartOf\":{\"@id\":\"https:\\\/\\\/www.starremedies.com\\\/#website\"},\"datePublished\":\"2016-02-24T16:10:58+00:00\",\"dateModified\":\"2025-02-04T12:51:53+00:00\",\"description\":\"Essential oil (either aromatic, volatile or essential oil). The essential oils are extracted from plants. Essential oil; wellbeing for your body\",\"breadcrumb\":{\"@id\":\"https:\\\/\\\/www.starremedies.com\\\/essentialoil\\\/#breadcrumb\"},\"inLanguage\":\"fr-FR\",\"potentialAction\":[{\"@type\":\"ReadAction\",\"target\":[\"https:\\\/\\\/www.starremedies.com\\\/essentialoil\\\/\"]}]},{\"@type\":\"BreadcrumbList\",\"@id\":\"https:\\\/\\\/www.starremedies.com\\\/essentialoil\\\/#breadcrumb\",\"itemListElement\":[{\"@type\":\"ListItem\",\"position\":1,\"name\":\"Home\",\"item\":\"https:\\\/\\\/www.starremedies.com\\\/\"},{\"@type\":\"ListItem\",\"position\":2,\"name\":\"Essential oil\"}]},{\"@type\":\"WebSite\",\"@id\":\"https:\\\/\\\/www.starremedies.com\\\/#website\",\"url\":\"https:\\\/\\\/www.starremedies.com\\\/\",\"name\":\"Star Remedies\",\"description\":\"\",\"publisher\":{\"@id\":\"https:\\\/\\\/www.starremedies.com\\\/#organization\"},\"potentialAction\":[{\"@type\":\"SearchAction\",\"target\":{\"@type\":\"EntryPoint\",\"urlTemplate\":\"https:\\\/\\\/www.starremedies.com\\\/?s={search_term_string}\"},\"query-input\":{\"@type\":\"PropertyValueSpecification\",\"valueRequired\":true,\"valueName\":\"search_term_string\"}}],\"inLanguage\":\"fr-FR\"},{\"@type\":\"Organization\",\"@id\":\"https:\\\/\\\/www.starremedies.com\\\/#organization\",\"name\":\"Star Remedies\",\"url\":\"https:\\\/\\\/www.starremedies.com\\\/\",\"logo\":{\"@type\":\"ImageObject\",\"inLanguage\":\"fr-FR\",\"@id\":\"https:\\\/\\\/www.starremedies.com\\\/#\\\/schema\\\/logo\\\/image\\\/\",\"url\":\"https:\\\/\\\/www.starremedies.com\\\/wp-content\\\/uploads\\\/2016\\\/02\\\/srl.gif\",\"contentUrl\":\"https:\\\/\\\/www.starremedies.com\\\/wp-content\\\/uploads\\\/2016\\\/02\\\/srl.gif\",\"width\":250,\"height\":250,\"caption\":\"Star Remedies\"},\"image\":{\"@id\":\"https:\\\/\\\/www.starremedies.com\\\/#\\\/schema\\\/logo\\\/image\\\/\"},\"sameAs\":[\"https:\\\/\\\/www.facebook.com\\\/starremedies\\\/\",\"https:\\\/\\\/www.instagram.com\\\/starremedies\\\/\"]}]}<\/script>\n<!-- \/ Yoast SEO plugin. -->","yoast_head_json":{"title":"Huiles essentielles biologiques - Star Remedies","description":"Huile essentielle (soit aromatique, volatile ou essentielle). Les huiles essentielles sont extraites des plantes. L'huile essentielle ; le bien-\u00eatre pour votre corps","robots":{"index":"index","follow":"follow","max-snippet":"max-snippet:-1","max-image-preview":"max-image-preview:large","max-video-preview":"max-video-preview:-1"},"canonical":"https:\/\/www.starremedies.com\/fr\/essentialoil\/","og_locale":"fr_FR","og_type":"article","og_title":"Organic Essentials Oils - Star Remedies","og_description":"Essential oil (either aromatic, volatile or essential oil). The essential oils are extracted from plants. Essential oil; wellbeing for your body","og_url":"https:\/\/www.starremedies.com\/fr\/essentialoil\/","og_site_name":"Star Remedies","article_publisher":"https:\/\/www.facebook.com\/starremedies\/","article_modified_time":"2025-02-04T12:51:53+00:00","twitter_card":"summary_large_image","schema":{"@context":"https:\/\/schema.org","@graph":[{"@type":"WebPage","@id":"https:\/\/www.starremedies.com\/essentialoil\/","url":"https:\/\/www.starremedies.com\/essentialoil\/","name":"Huiles essentielles biologiques - Star Remedies","isPartOf":{"@id":"https:\/\/www.starremedies.com\/#website"},"datePublished":"2016-02-24T16:10:58+00:00","dateModified":"2025-02-04T12:51:53+00:00","description":"Huile essentielle (soit aromatique, volatile ou essentielle). Les huiles essentielles sont extraites des plantes. L'huile essentielle ; le bien-\u00eatre pour votre corps","breadcrumb":{"@id":"https:\/\/www.starremedies.com\/essentialoil\/#breadcrumb"},"inLanguage":"fr-FR","potentialAction":[{"@type":"ReadAction","target":["https:\/\/www.starremedies.com\/essentialoil\/"]}]},{"@type":"BreadcrumbList","@id":"https:\/\/www.starremedies.com\/essentialoil\/#breadcrumb","itemListElement":[{"@type":"ListItem","position":1,"name":"Home","item":"https:\/\/www.starremedies.com\/"},{"@type":"ListItem","position":2,"name":"Essential oil"}]},{"@type":"WebSite","@id":"https:\/\/www.starremedies.com\/#website","url":"https:\/\/www.starremedies.com\/","name":"Rem\u00e8des d'\u00e9toiles","description":"","publisher":{"@id":"https:\/\/www.starremedies.com\/#organization"},"potentialAction":[{"@type":"SearchAction","target":{"@type":"EntryPoint","urlTemplate":"https:\/\/www.starremedies.com\/?s={search_term_string}"},"query-input":{"@type":"PropertyValueSpecification","valueRequired":true,"valueName":"search_term_string"}}],"inLanguage":"fr-FR"},{"@type":"Organization","@id":"https:\/\/www.starremedies.com\/#organization","name":"Rem\u00e8des d'\u00e9toiles","url":"https:\/\/www.starremedies.com\/","logo":{"@type":"ImageObject","inLanguage":"fr-FR","@id":"https:\/\/www.starremedies.com\/#\/schema\/logo\/image\/","url":"https:\/\/www.starremedies.com\/wp-content\/uploads\/2016\/02\/srl.gif","contentUrl":"https:\/\/www.starremedies.com\/wp-content\/uploads\/2016\/02\/srl.gif","width":250,"height":250,"caption":"Star Remedies"},"image":{"@id":"https:\/\/www.starremedies.com\/#\/schema\/logo\/image\/"},"sameAs":["https:\/\/www.facebook.com\/starremedies\/","https:\/\/www.instagram.com\/starremedies\/"]}]}},"_links":{"self":[{"href":"https:\/\/www.starremedies.com\/fr\/wp-json\/wp\/v2\/pages\/4453","targetHints":{"allow":["GET"]}}],"collection":[{"href":"https:\/\/www.starremedies.com\/fr\/wp-json\/wp\/v2\/pages"}],"about":[{"href":"https:\/\/www.starremedies.com\/fr\/wp-json\/wp\/v2\/types\/page"}],"author":[{"embeddable":true,"href":"https:\/\/www.starremedies.com\/fr\/wp-json\/wp\/v2\/users\/1"}],"replies":[{"embeddable":true,"href":"https:\/\/www.starremedies.com\/fr\/wp-json\/wp\/v2\/comments?post=4453"}],"version-history":[{"count":6,"href":"https:\/\/www.starremedies.com\/fr\/wp-json\/wp\/v2\/pages\/4453\/revisions"}],"predecessor-version":[{"id":27937,"href":"https:\/\/www.starremedies.com\/fr\/wp-json\/wp\/v2\/pages\/4453\/revisions\/27937"}],"wp:attachment":[{"href":"https:\/\/www.starremedies.com\/fr\/wp-json\/wp\/v2\/media?parent=4453"}],"curies":[{"name":"wp","href":"https:\/\/api.w.org\/{rel}","templated":true}]}}