{"id":4436,"date":"2016-02-24T15:56:53","date_gmt":"2016-02-24T14:56:53","guid":{"rendered":"https:\/\/www.starremedies.com\/?page_id=4436"},"modified":"2025-02-04T13:58:44","modified_gmt":"2025-02-04T12:58:44","slug":"essentialoilburner","status":"publish","type":"page","link":"https:\/\/www.starremedies.com\/fr\/essentialoilburner\/","title":{"rendered":"Br\u00fbleur d'huiles essentielles"},"content":{"rendered":"<section class=\"section section_breadcrumbs\" id=\"section_1111319920\">\n\t\t<div class=\"section-bg fill\" >\n\t\t\t\t\t\t\t\t\t\n\t\t\t\n\n\t\t<\/div>\n\n\t\t\n\n\t\t<div class=\"section-content relative\">\n\t\t\t\n<div class=\"row breadcrumbs-row\"  id=\"row-767597994\">\n\n\t<div id=\"col-1521714753\" class=\"col small-12 large-12\"  >\n\t\t\t\t<div class=\"col-inner\"  >\n\t\t\t\n\t\t\t\n\t<div id=\"text-1712634065\" class=\"text breadcrumbs\">\n\t\t\n<span><span><a href=\"https:\/\/www.starremedies.com\/fr\/\">Accueil<\/a><\/span><\/span>\n\t\t\t<\/div>\n\t\n\t\t<\/div>\n\t\t\t\t\t<\/div>\n\n\t\n\n<style>\n#row-767597994 > .col > .col-inner {\n  padding: 0px 0px 0px 0px;\n}\n<\/style>\n<\/div>\n\t\t<\/div>\n\n\t\t\n<style>\n#section_1111319920 {\n  padding-top: 0px;\n  padding-bottom: 0px;\n  margin-bottom: 0px;\n}\n<\/style>\n\t<\/section>\n\t\n\n\t<section class=\"section products_row\" id=\"section_569592188\">\n\t\t<div class=\"section-bg fill\" >\n\t\t\t\t\t\t\t\t\t\n\t\t\t\n\n\t\t<\/div>\n\n\t\t\n\n\t\t<div class=\"section-content relative\">\n\t\t\t\n<div class=\"row align-middle align-center\"  id=\"row-562026229\">\n\n\t<div id=\"col-550325336\" class=\"col medium-2 small-12 large-2\"  >\n\t\t\t\t<div class=\"col-inner text-center\"  >\n\t\t\t\n\t\t\t\n\t<div class=\"img has-hover x md-x lg-x y md-y lg-y\" id=\"image_1336315349\">\n\t\t\t\t\t\t\t\t<div class=\"img-inner dark\" >\n\t\t\t<img decoding=\"async\" width=\"190\" height=\"253\" src=\"https:\/\/www.starremedies.com\/wp-content\/uploads\/2016\/02\/oliebrander-wit.jpg\" class=\"attachment-original size-original\" alt=\"\" \/>\t\t\t\t\t\t\n\t\t\t\t\t<\/div>\n\t\t\t\t\t\t\t\t\n<style>\n#image_1336315349 {\n  width: 100%;\n}\n<\/style>\n\t<\/div>\n\t\n\t\t<\/div>\n\t\t\t\t\n<style>\n#col-550325336 > .col-inner {\n  padding: 25px 0px 0px 0px;\n}\n<\/style>\n\t<\/div>\n\n\t\n\n\t<div id=\"col-167294878\" class=\"col small-12 large-12\"  >\n\t\t\t\t<div class=\"col-inner text-center\"  >\n\t\t\t\n\t\t\t\n\t<div id=\"text-3638675858\" class=\"text\">\n\t\t\n<h1>BR\u00dbLEUR D'HUILES ESSENTIELLES<\/h1>\n\t\t\n<style>\n#text-3638675858 {\n  text-align: center;\n}\n<\/style>\n\t<\/div>\n\t\n\t\t<\/div>\n\t\t\t\t\t<\/div>\n\n\t\n<\/div>\n\t\t<\/div>\n\n\t\t\n<style>\n#section_569592188 {\n  padding-top: 30px;\n  padding-bottom: 30px;\n  background-color: rgb(247, 247, 247);\n}\n<\/style>\n\t<\/section>\n\t\n\n\t<section class=\"section\" id=\"section_1542450001\">\n\t\t<div class=\"section-bg fill\" >\n\t\t\t\t\t\t\t\t\t\n\t\t\t\n\n\t\t<\/div>\n\n\t\t\n\n\t\t<div class=\"section-content relative\">\n\t\t\t\n<div class=\"row align-middle\"  id=\"row-122906934\">\n\n\t<div id=\"col-1937591982\" class=\"col medium-10 small-12 large-10\"  >\n\t\t\t\t<div class=\"col-inner\"  >\n\t\t\t\n\t\t\t\n<h2>Br\u00fbleurs d'huiles essentielles<\/h2>\n<p>Br\u00fbleur d'huiles essentielles unique en c\u00e9ramique avec fleur de Frangipanier. Br\u00fbleur d'huiles essentielles. Une fa\u00e7on \u00e9l\u00e9gante et pratique de diffuser les propri\u00e9t\u00e9s et qualit\u00e9s uniques des huiles essentielles. Sentez votre \u00e9quilibre lorsque votre maison, votre cabinet, vos toilettes, votre salon, votre bureau, votre salle de bain ou d'autres pi\u00e8ces se remplissent de votre huile essentielle pr\u00e9f\u00e9r\u00e9e. Nos \u00e9vaporateurs d'huile sont fabriqu\u00e9s en c\u00e9ramique 100% avec une belle et \u00e9paisse couche de gla\u00e7ure. Le br\u00fbleur d'huile est facile \u00e0 utiliser ; l'\u00e9vaporateur d'odeurs est rempli d'eau, puis quelques gouttes sont ajout\u00e9es.<\/p>\n<p><a href=\"https:\/\/www.starremediesshop.com\/fr\/essentialoilburner\/\" target=\"_blank\" rel=\"noopener\">Disponible en stock\u00a0<\/a><\/p>\n\t\t<\/div>\n\t\t\t\t\t<\/div>\n\n\t\n\n\t<div id=\"col-674449703\" class=\"col medium-2 small-12 large-2\"  >\n\t\t\t\t<div class=\"col-inner text-center\"  >\n\t\t\t\n\t\t\t\n\t<div class=\"img has-hover x md-x lg-x y md-y lg-y\" id=\"image_1307087373\">\n\t\t\t\t\t\t\t\t<div class=\"img-inner dark\" >\n\t\t\t<img decoding=\"async\" width=\"190\" height=\"253\" src=\"https:\/\/www.starremedies.com\/wp-content\/uploads\/2016\/02\/oliebrander-lichtgroen.jpg\" class=\"attachment-medium size-medium\" alt=\"\" \/>\t\t\t\t\t\t\n\t\t\t\t\t<\/div>\n\t\t\t\t\t\t\t\t\n<style>\n#image_1307087373 {\n  width: 100%;\n}\n<\/style>\n\t<\/div>\n\t\n\t\t<\/div>\n\t\t\t\t\t<\/div>\n\n\t\n\n\t<div id=\"col-1660472480\" class=\"col medium-10 small-12 large-10\"  >\n\t\t\t\t<div class=\"col-inner\"  >\n\t\t\t\n\t\t\t\n<h3>Petit br\u00fbleur d'huiles essentielles<\/h3>\n<p>Hauteur du br\u00fbleur d'huile essentielle : 11,5 cm Diam\u00e8tre du br\u00fbleur d'huile essentielle : 10 cm | Capacit\u00e9 du r\u00e9cipient : 150 ml.<\/p>\n\t\t<\/div>\n\t\t\t\t\t<\/div>\n\n\t\n\n\t<div id=\"col-2069804775\" class=\"col medium-2 small-12 large-2\"  >\n\t\t\t\t<div class=\"col-inner text-center\"  >\n\t\t\t\n\t\t\t\n\t<div class=\"img has-hover x md-x lg-x y md-y lg-y\" id=\"image_1224601176\">\n\t\t\t\t\t\t\t\t<div class=\"img-inner dark\" >\n\t\t\t<img decoding=\"async\" width=\"190\" height=\"253\" src=\"https:\/\/www.starremedies.com\/wp-content\/uploads\/2016\/02\/oliebrander-wit2.jpg\" class=\"attachment-medium size-medium\" alt=\"\" \/>\t\t\t\t\t\t\n\t\t\t\t\t<\/div>\n\t\t\t\t\t\t\t\t\n<style>\n#image_1224601176 {\n  width: 100%;\n}\n<\/style>\n\t<\/div>\n\t\n\t\t<\/div>\n\t\t\t\t\t<\/div>\n\n\t\n\n\t<div id=\"col-911907391\" class=\"col medium-10 small-12 large-10\"  >\n\t\t\t\t<div class=\"col-inner\"  >\n\t\t\t\n\t\t\t\n<h3>grand br\u00fbleur d'huiles essentielles<\/h3>\n<p>Hauteur du br\u00fbleur d'huile essentielle : 11,5 cm Diam\u00e8tre du br\u00fbleur d'huile essentielle : 10 cm | Capacit\u00e9 du r\u00e9cipient : 150 ml.<\/p>\n\t\t<\/div>\n\t\t\t\t\t<\/div>\n\n\t\n\n\t<div id=\"col-1452994087\" class=\"col medium-2 small-12 large-2\"  >\n\t\t\t\t<div class=\"col-inner text-center\"  >\n\t\t\t\n\t\t\t\n\t<div class=\"img has-hover x md-x lg-x y md-y lg-y\" id=\"image_1953765575\">\n\t\t\t\t\t\t\t\t<div class=\"img-inner dark\" >\n\t\t\t<img decoding=\"async\" width=\"190\" height=\"253\" src=\"https:\/\/www.starremedies.com\/wp-content\/uploads\/2016\/02\/oliebrander-bruin-groot.jpg\" class=\"attachment-medium size-medium\" alt=\"\" \/>\t\t\t\t\t\t\n\t\t\t\t\t<\/div>\n\t\t\t\t\t\t\t\t\n<style>\n#image_1953765575 {\n  width: 100%;\n}\n<\/style>\n\t<\/div>\n\t\n\t\t<\/div>\n\t\t\t\t\t<\/div>\n\n\t\n\n\t<div id=\"col-1303232947\" class=\"col small-12 large-12\"  >\n\t\t\t\t<div class=\"col-inner\"  >\n\t\t\t\n\t\t\t\n\t<div id=\"text-2981353046\" class=\"text\">\n\t\t\n<h2 class=\"uppercase\">br\u00fbleurs d'huiles essentielles couleurs disponibles<\/h2>\n<p>Vert clair | Blanc cass\u00e9 \/ ivoire | Violet | Marron \/ cuivre (rouille) Noir | Marron<\/p>\n\t\t\n<style>\n#text-2981353046 {\n  text-align: center;\n}\n<\/style>\n\t<\/div>\n\t\n\t\t<\/div>\n\t\t\t\t\t<\/div>\n\n\t\n\n\t<div id=\"col-390722935\" class=\"col medium-4 small-12 large-3\"  >\n\t\t\t\t<div class=\"col-inner text-center\"  >\n\t\t\t\n\t\t\t\n\t<div class=\"img has-hover x md-x lg-x y md-y lg-y\" id=\"image_1383136142\">\n\t\t\t\t\t\t\t\t<div class=\"img-inner dark\" >\n\t\t\t<img decoding=\"async\" width=\"190\" height=\"253\" src=\"https:\/\/www.starremedies.com\/wp-content\/uploads\/2016\/02\/oliebrander-zwart2.jpg\" class=\"attachment-medium size-medium\" alt=\"\" \/>\t\t\t\t\t\t\n\t\t\t\t\t<\/div>\n\t\t\t\t\t\t\t\t\n<style>\n#image_1383136142 {\n  width: 75%;\n}\n<\/style>\n\t<\/div>\n\t\n\t\t<\/div>\n\t\t\t\t\t<\/div>\n\n\t\n\n\t<div id=\"col-1760704280\" class=\"col medium-4 small-12 large-3\"  >\n\t\t\t\t<div class=\"col-inner text-center\"  >\n\t\t\t\n\t\t\t\n\t<div class=\"img has-hover x md-x lg-x y md-y lg-y\" id=\"image_527070559\">\n\t\t\t\t\t\t\t\t<div class=\"img-inner dark\" >\n\t\t\t<img decoding=\"async\" width=\"190\" height=\"253\" src=\"https:\/\/www.starremedies.com\/wp-content\/uploads\/2016\/02\/oliebrander-zwart.jpg\" class=\"attachment-medium size-medium\" alt=\"\" \/>\t\t\t\t\t\t\n\t\t\t\t\t<\/div>\n\t\t\t\t\t\t\t\t\n<style>\n#image_527070559 {\n  width: 75%;\n}\n<\/style>\n\t<\/div>\n\t\n\t\t<\/div>\n\t\t\t\t\t<\/div>\n\n\t\n\n\t<div id=\"col-1315644934\" class=\"col medium-4 small-12 large-3\"  >\n\t\t\t\t<div class=\"col-inner text-center\"  >\n\t\t\t\n\t\t\t\n\t<div class=\"img has-hover x md-x lg-x y md-y lg-y\" id=\"image_541035173\">\n\t\t\t\t\t\t\t\t<div class=\"img-inner dark\" >\n\t\t\t<img decoding=\"async\" width=\"190\" height=\"253\" src=\"https:\/\/www.starremedies.com\/wp-content\/uploads\/2016\/02\/oliebrander-lichtgroen.jpg\" class=\"attachment-medium size-medium\" alt=\"\" \/>\t\t\t\t\t\t\n\t\t\t\t\t<\/div>\n\t\t\t\t\t\t\t\t\n<style>\n#image_541035173 {\n  width: 75%;\n}\n<\/style>\n\t<\/div>\n\t\n\t\t<\/div>\n\t\t\t\t\t<\/div>\n\n\t\n\n\t<div id=\"col-382999434\" class=\"col medium-4 small-12 large-3\"  >\n\t\t\t\t<div class=\"col-inner text-center\"  >\n\t\t\t\n\t\t\t\n\t<div class=\"img has-hover x md-x lg-x y md-y lg-y\" id=\"image_1801216480\">\n\t\t\t\t\t\t\t\t<div class=\"img-inner dark\" >\n\t\t\t<img decoding=\"async\" width=\"190\" height=\"253\" src=\"https:\/\/www.starremedies.com\/wp-content\/uploads\/2016\/02\/oliebrander-lichtgroen2.jpg\" class=\"attachment-medium size-medium\" alt=\"\" \/>\t\t\t\t\t\t\n\t\t\t\t\t<\/div>\n\t\t\t\t\t\t\t\t\n<style>\n#image_1801216480 {\n  width: 75%;\n}\n<\/style>\n\t<\/div>\n\t\n\t\t<\/div>\n\t\t\t\t\t<\/div>\n\n\t\n\n\t<div id=\"col-2025237377\" class=\"col medium-4 small-12 large-3\"  >\n\t\t\t\t<div class=\"col-inner text-center\"  >\n\t\t\t\n\t\t\t\n\t<div class=\"img has-hover x md-x lg-x y md-y lg-y\" id=\"image_546882067\">\n\t\t\t\t\t\t\t\t<div class=\"img-inner dark\" >\n\t\t\t<img decoding=\"async\" width=\"190\" height=\"253\" src=\"https:\/\/www.starremedies.com\/wp-content\/uploads\/2016\/02\/oliebrander-violet.jpg\" class=\"attachment-medium size-medium\" alt=\"\" \/>\t\t\t\t\t\t\n\t\t\t\t\t<\/div>\n\t\t\t\t\t\t\t\t\n<style>\n#image_546882067 {\n  width: 75%;\n}\n<\/style>\n\t<\/div>\n\t\n\t\t<\/div>\n\t\t\t\t\t<\/div>\n\n\t\n\n\t<div id=\"col-1731189244\" class=\"col medium-4 small-12 large-3\"  >\n\t\t\t\t<div class=\"col-inner text-center\"  >\n\t\t\t\n\t\t\t\n\t<div class=\"img has-hover x md-x lg-x y md-y lg-y\" id=\"image_2116450421\">\n\t\t\t\t\t\t\t\t<div class=\"img-inner dark\" >\n\t\t\t<img decoding=\"async\" width=\"190\" height=\"253\" src=\"https:\/\/www.starremedies.com\/wp-content\/uploads\/2016\/02\/oliebrander-violet2.jpg\" class=\"attachment-medium size-medium\" alt=\"\" \/>\t\t\t\t\t\t\n\t\t\t\t\t<\/div>\n\t\t\t\t\t\t\t\t\n<style>\n#image_2116450421 {\n  width: 75%;\n}\n<\/style>\n\t<\/div>\n\t\n\t\t<\/div>\n\t\t\t\t\t<\/div>\n\n\t\n\n\t<div id=\"col-461801434\" class=\"col medium-4 small-12 large-3\"  >\n\t\t\t\t<div class=\"col-inner text-center\"  >\n\t\t\t\n\t\t\t\n\t<div class=\"img has-hover x md-x lg-x y md-y lg-y\" id=\"image_879439208\">\n\t\t\t\t\t\t\t\t<div class=\"img-inner dark\" >\n\t\t\t<img decoding=\"async\" width=\"190\" height=\"253\" src=\"https:\/\/www.starremedies.com\/wp-content\/uploads\/2016\/02\/oliebrander-wit.jpg\" class=\"attachment-medium size-medium\" alt=\"\" \/>\t\t\t\t\t\t\n\t\t\t\t\t<\/div>\n\t\t\t\t\t\t\t\t\n<style>\n#image_879439208 {\n  width: 75%;\n}\n<\/style>\n\t<\/div>\n\t\n\t\t<\/div>\n\t\t\t\t\t<\/div>\n\n\t\n\n\t<div id=\"col-1911440932\" class=\"col medium-4 small-12 large-3\"  >\n\t\t\t\t<div class=\"col-inner text-center\"  >\n\t\t\t\n\t\t\t\n\t<div class=\"img has-hover x md-x lg-x y md-y lg-y\" id=\"image_818838092\">\n\t\t\t\t\t\t\t\t<div class=\"img-inner dark\" >\n\t\t\t<img decoding=\"async\" width=\"190\" height=\"253\" src=\"https:\/\/www.starremedies.com\/wp-content\/uploads\/2016\/02\/oliebrander-wit2.jpg\" class=\"attachment-medium size-medium\" alt=\"\" \/>\t\t\t\t\t\t\n\t\t\t\t\t<\/div>\n\t\t\t\t\t\t\t\t\n<style>\n#image_818838092 {\n  width: 75%;\n}\n<\/style>\n\t<\/div>\n\t\n\t\t<\/div>\n\t\t\t\t\t<\/div>\n\n\t\n\n\t<div id=\"col-333550072\" class=\"col medium-4 small-12 large-3\"  >\n\t\t\t\t<div class=\"col-inner text-center\"  >\n\t\t\t\n\t\t\t\n\t<div class=\"img has-hover x md-x lg-x y md-y lg-y\" id=\"image_691078634\">\n\t\t\t\t\t\t\t\t<div class=\"img-inner dark\" >\n\t\t\t<img decoding=\"async\" width=\"190\" height=\"253\" src=\"https:\/\/www.starremedies.com\/wp-content\/uploads\/2016\/02\/oliebrander-bruin.jpg\" class=\"attachment-medium size-medium\" alt=\"\" \/>\t\t\t\t\t\t\n\t\t\t\t\t<\/div>\n\t\t\t\t\t\t\t\t\n<style>\n#image_691078634 {\n  width: 75%;\n}\n<\/style>\n\t<\/div>\n\t\n\t\t<\/div>\n\t\t\t\t\t<\/div>\n\n\t\n\n\t<div id=\"col-1345610195\" class=\"col medium-4 small-12 large-3\"  >\n\t\t\t\t<div class=\"col-inner text-center\"  >\n\t\t\t\n\t\t\t\n\t<div class=\"img has-hover x md-x lg-x y md-y lg-y\" id=\"image_1242073783\">\n\t\t\t\t\t\t\t\t<div class=\"img-inner dark\" >\n\t\t\t<img decoding=\"async\" width=\"190\" height=\"253\" src=\"https:\/\/www.starremedies.com\/wp-content\/uploads\/2016\/02\/oliebrander-bruin2.jpg\" class=\"attachment-medium size-medium\" alt=\"\" \/>\t\t\t\t\t\t\n\t\t\t\t\t<\/div>\n\t\t\t\t\t\t\t\t\n<style>\n#image_1242073783 {\n  width: 75%;\n}\n<\/style>\n\t<\/div>\n\t\n\t\t<\/div>\n\t\t\t\t\t<\/div>\n\n\t\n\n\t<div id=\"col-1244261293\" class=\"col medium-4 small-12 large-3\"  >\n\t\t\t\t<div class=\"col-inner text-center\"  >\n\t\t\t\n\t\t\t\n\t<div class=\"img has-hover x md-x lg-x y md-y lg-y\" id=\"image_259703659\">\n\t\t\t\t\t\t\t\t<div class=\"img-inner dark\" >\n\t\t\t<img decoding=\"async\" width=\"190\" height=\"253\" src=\"https:\/\/www.starremedies.com\/wp-content\/uploads\/2016\/02\/oliebrander-zwart-groot.jpg\" class=\"attachment-medium size-medium\" alt=\"\" \/>\t\t\t\t\t\t\n\t\t\t\t\t<\/div>\n\t\t\t\t\t\t\t\t\n<style>\n#image_259703659 {\n  width: 75%;\n}\n<\/style>\n\t<\/div>\n\t\n\t\t<\/div>\n\t\t\t\t\t<\/div>\n\n\t\n\n\t<div id=\"col-1208522251\" class=\"col medium-4 small-12 large-3\"  >\n\t\t\t\t<div class=\"col-inner text-center\"  >\n\t\t\t\n\t\t\t\n\t<div class=\"img has-hover x md-x lg-x y md-y lg-y\" id=\"image_1825784966\">\n\t\t\t\t\t\t\t\t<div class=\"img-inner dark\" >\n\t\t\t<img decoding=\"async\" width=\"190\" height=\"253\" src=\"https:\/\/www.starremedies.com\/wp-content\/uploads\/2016\/02\/oliebrander-bruin-groot.jpg\" class=\"attachment-medium size-medium\" alt=\"\" \/>\t\t\t\t\t\t\n\t\t\t\t\t<\/div>\n\t\t\t\t\t\t\t\t\n<style>\n#image_1825784966 {\n  width: 75%;\n}\n<\/style>\n\t<\/div>\n\t\n\t\t<\/div>\n\t\t\t\t\t<\/div>\n\n\t\n\n\t<div id=\"col-1350759469\" class=\"col small-12 large-12\"  >\n\t\t\t\t<div class=\"col-inner\"  >\n\t\t\t\n\t\t\t\n<h2>Acheter des br\u00fbleurs d'huiles essentielles<\/h2>\n<p>Les br\u00fbleurs d'huiles essentielles peuvent \u00eatre command\u00e9s s\u00e9par\u00e9ment \u00e0 l'adresse suivante\u00a0<a href=\"https:\/\/www.starremediesshop.com\/fr\/essentialoilburner\/\" target=\"_blank\" rel=\"noopener\">starremediesshop.com<\/a><\/p>\n<p>Vous \u00eates entrepreneur, professionnel ou th\u00e9rapeute, et vous \u00eates int\u00e9ress\u00e9 par les produits Star Remedies.\u00a0<a href=\"https:\/\/www.starremedies.com\/fr\/companies\/\">S'inscrire via le formulaire d'inscription pour les entreprises<\/a>\u00a0et pour les th\u00e9rapeutes et les professionnels,\u00a0<a href=\"https:\/\/www.starremedies.com\/fr\/companies\/\">le formulaire d'inscription pour les professionnels<\/a>.<\/p>\n\t\t<\/div>\n\t\t\t\t\t<\/div>\n\n\t\n<\/div>\n\t\t<\/div>\n\n\t\t\n<style>\n#section_1542450001 {\n  padding-top: 30px;\n  padding-bottom: 30px;\n}\n<\/style>\n\t<\/section>","protected":false},"excerpt":{"rendered":"","protected":false},"author":1,"featured_media":0,"parent":0,"menu_order":0,"comment_status":"closed","ping_status":"closed","template":"page-blank.php","meta":{"footnotes":""},"class_list":["post-4436","page","type-page","status-publish","hentry"],"yoast_head":"<!-- This site is optimized with the Yoast SEO plugin v27.6 - https:\/\/yoast.com\/product\/yoast-seo-wordpress\/ -->\n<title>Ceramic essential oil burner (large &amp; small models) - Star Remedies<\/title>\n<meta name=\"description\" content=\"Essential oil burner, oil evaporators, aroma diffuser, oil burner &amp; odor evaporator. Ideal for the living room, practice and other spaces. 100% ceramic!\" \/>\n<meta name=\"robots\" content=\"index, follow, max-snippet:-1, max-image-preview:large, max-video-preview:-1\" \/>\n<link rel=\"canonical\" href=\"https:\/\/www.starremedies.com\/fr\/essentialoilburner\/\" \/>\n<meta property=\"og:locale\" content=\"fr_FR\" \/>\n<meta property=\"og:type\" content=\"article\" \/>\n<meta property=\"og:title\" content=\"Ceramic essential oil burner (large &amp; small models) - Star Remedies\" \/>\n<meta property=\"og:description\" content=\"Essential oil burner, oil evaporators, aroma diffuser, oil burner &amp; odor evaporator. Ideal for the living room, practice and other spaces. 100% ceramic!\" \/>\n<meta property=\"og:url\" content=\"https:\/\/www.starremedies.com\/fr\/essentialoilburner\/\" \/>\n<meta property=\"og:site_name\" content=\"Star Remedies\" \/>\n<meta property=\"article:publisher\" content=\"https:\/\/www.facebook.com\/starremedies\/\" \/>\n<meta property=\"article:modified_time\" content=\"2025-02-04T12:58:44+00:00\" \/>\n<meta name=\"twitter:card\" content=\"summary_large_image\" \/>\n<script type=\"application\/ld+json\" class=\"yoast-schema-graph\">{\"@context\":\"https:\\\/\\\/schema.org\",\"@graph\":[{\"@type\":\"WebPage\",\"@id\":\"https:\\\/\\\/www.starremedies.com\\\/essentialoilburner\\\/\",\"url\":\"https:\\\/\\\/www.starremedies.com\\\/essentialoilburner\\\/\",\"name\":\"Ceramic essential oil burner (large & small models) - Star Remedies\",\"isPartOf\":{\"@id\":\"https:\\\/\\\/www.starremedies.com\\\/#website\"},\"datePublished\":\"2016-02-24T14:56:53+00:00\",\"dateModified\":\"2025-02-04T12:58:44+00:00\",\"description\":\"Essential oil burner, oil evaporators, aroma diffuser, oil burner & odor evaporator. Ideal for the living room, practice and other spaces. 100% ceramic!\",\"breadcrumb\":{\"@id\":\"https:\\\/\\\/www.starremedies.com\\\/essentialoilburner\\\/#breadcrumb\"},\"inLanguage\":\"fr-FR\",\"potentialAction\":[{\"@type\":\"ReadAction\",\"target\":[\"https:\\\/\\\/www.starremedies.com\\\/essentialoilburner\\\/\"]}]},{\"@type\":\"BreadcrumbList\",\"@id\":\"https:\\\/\\\/www.starremedies.com\\\/essentialoilburner\\\/#breadcrumb\",\"itemListElement\":[{\"@type\":\"ListItem\",\"position\":1,\"name\":\"Home\",\"item\":\"https:\\\/\\\/www.starremedies.com\\\/\"},{\"@type\":\"ListItem\",\"position\":2,\"name\":\"Essential oil burner\"}]},{\"@type\":\"WebSite\",\"@id\":\"https:\\\/\\\/www.starremedies.com\\\/#website\",\"url\":\"https:\\\/\\\/www.starremedies.com\\\/\",\"name\":\"Star Remedies\",\"description\":\"\",\"publisher\":{\"@id\":\"https:\\\/\\\/www.starremedies.com\\\/#organization\"},\"potentialAction\":[{\"@type\":\"SearchAction\",\"target\":{\"@type\":\"EntryPoint\",\"urlTemplate\":\"https:\\\/\\\/www.starremedies.com\\\/?s={search_term_string}\"},\"query-input\":{\"@type\":\"PropertyValueSpecification\",\"valueRequired\":true,\"valueName\":\"search_term_string\"}}],\"inLanguage\":\"fr-FR\"},{\"@type\":\"Organization\",\"@id\":\"https:\\\/\\\/www.starremedies.com\\\/#organization\",\"name\":\"Star Remedies\",\"url\":\"https:\\\/\\\/www.starremedies.com\\\/\",\"logo\":{\"@type\":\"ImageObject\",\"inLanguage\":\"fr-FR\",\"@id\":\"https:\\\/\\\/www.starremedies.com\\\/#\\\/schema\\\/logo\\\/image\\\/\",\"url\":\"https:\\\/\\\/www.starremedies.com\\\/wp-content\\\/uploads\\\/2016\\\/02\\\/srl.gif\",\"contentUrl\":\"https:\\\/\\\/www.starremedies.com\\\/wp-content\\\/uploads\\\/2016\\\/02\\\/srl.gif\",\"width\":250,\"height\":250,\"caption\":\"Star Remedies\"},\"image\":{\"@id\":\"https:\\\/\\\/www.starremedies.com\\\/#\\\/schema\\\/logo\\\/image\\\/\"},\"sameAs\":[\"https:\\\/\\\/www.facebook.com\\\/starremedies\\\/\",\"https:\\\/\\\/www.instagram.com\\\/starremedies\\\/\"]}]}<\/script>\n<!-- \/ Yoast SEO plugin. -->","yoast_head_json":{"title":"Br\u00fbleur d'huiles essentielles en c\u00e9ramique (petits et grands mod\u00e8les) - Star Remedies","description":"Br\u00fbleur d'huile essentielle, \u00e9vaporateur d'huile, diffuseur d'ar\u00f4me, br\u00fbleur d'huile et \u00e9vaporateur d'odeur. Id\u00e9al pour le salon, le cabinet et d'autres espaces. 100% c\u00e9ramique !","robots":{"index":"index","follow":"follow","max-snippet":"max-snippet:-1","max-image-preview":"max-image-preview:large","max-video-preview":"max-video-preview:-1"},"canonical":"https:\/\/www.starremedies.com\/fr\/essentialoilburner\/","og_locale":"fr_FR","og_type":"article","og_title":"Ceramic essential oil burner (large & small models) - Star Remedies","og_description":"Essential oil burner, oil evaporators, aroma diffuser, oil burner & odor evaporator. Ideal for the living room, practice and other spaces. 100% ceramic!","og_url":"https:\/\/www.starremedies.com\/fr\/essentialoilburner\/","og_site_name":"Star Remedies","article_publisher":"https:\/\/www.facebook.com\/starremedies\/","article_modified_time":"2025-02-04T12:58:44+00:00","twitter_card":"summary_large_image","schema":{"@context":"https:\/\/schema.org","@graph":[{"@type":"WebPage","@id":"https:\/\/www.starremedies.com\/essentialoilburner\/","url":"https:\/\/www.starremedies.com\/essentialoilburner\/","name":"Br\u00fbleur d'huiles essentielles en c\u00e9ramique (petits et grands mod\u00e8les) - Star Remedies","isPartOf":{"@id":"https:\/\/www.starremedies.com\/#website"},"datePublished":"2016-02-24T14:56:53+00:00","dateModified":"2025-02-04T12:58:44+00:00","description":"Br\u00fbleur d'huile essentielle, \u00e9vaporateur d'huile, diffuseur d'ar\u00f4me, br\u00fbleur d'huile et \u00e9vaporateur d'odeur. Id\u00e9al pour le salon, le cabinet et d'autres espaces. 100% c\u00e9ramique !","breadcrumb":{"@id":"https:\/\/www.starremedies.com\/essentialoilburner\/#breadcrumb"},"inLanguage":"fr-FR","potentialAction":[{"@type":"ReadAction","target":["https:\/\/www.starremedies.com\/essentialoilburner\/"]}]},{"@type":"BreadcrumbList","@id":"https:\/\/www.starremedies.com\/essentialoilburner\/#breadcrumb","itemListElement":[{"@type":"ListItem","position":1,"name":"Home","item":"https:\/\/www.starremedies.com\/"},{"@type":"ListItem","position":2,"name":"Essential oil burner"}]},{"@type":"WebSite","@id":"https:\/\/www.starremedies.com\/#website","url":"https:\/\/www.starremedies.com\/","name":"Rem\u00e8des d'\u00e9toiles","description":"","publisher":{"@id":"https:\/\/www.starremedies.com\/#organization"},"potentialAction":[{"@type":"SearchAction","target":{"@type":"EntryPoint","urlTemplate":"https:\/\/www.starremedies.com\/?s={search_term_string}"},"query-input":{"@type":"PropertyValueSpecification","valueRequired":true,"valueName":"search_term_string"}}],"inLanguage":"fr-FR"},{"@type":"Organization","@id":"https:\/\/www.starremedies.com\/#organization","name":"Rem\u00e8des d'\u00e9toiles","url":"https:\/\/www.starremedies.com\/","logo":{"@type":"ImageObject","inLanguage":"fr-FR","@id":"https:\/\/www.starremedies.com\/#\/schema\/logo\/image\/","url":"https:\/\/www.starremedies.com\/wp-content\/uploads\/2016\/02\/srl.gif","contentUrl":"https:\/\/www.starremedies.com\/wp-content\/uploads\/2016\/02\/srl.gif","width":250,"height":250,"caption":"Star Remedies"},"image":{"@id":"https:\/\/www.starremedies.com\/#\/schema\/logo\/image\/"},"sameAs":["https:\/\/www.facebook.com\/starremedies\/","https:\/\/www.instagram.com\/starremedies\/"]}]}},"_links":{"self":[{"href":"https:\/\/www.starremedies.com\/fr\/wp-json\/wp\/v2\/pages\/4436","targetHints":{"allow":["GET"]}}],"collection":[{"href":"https:\/\/www.starremedies.com\/fr\/wp-json\/wp\/v2\/pages"}],"about":[{"href":"https:\/\/www.starremedies.com\/fr\/wp-json\/wp\/v2\/types\/page"}],"author":[{"embeddable":true,"href":"https:\/\/www.starremedies.com\/fr\/wp-json\/wp\/v2\/users\/1"}],"replies":[{"embeddable":true,"href":"https:\/\/www.starremedies.com\/fr\/wp-json\/wp\/v2\/comments?post=4436"}],"version-history":[{"count":10,"href":"https:\/\/www.starremedies.com\/fr\/wp-json\/wp\/v2\/pages\/4436\/revisions"}],"predecessor-version":[{"id":27938,"href":"https:\/\/www.starremedies.com\/fr\/wp-json\/wp\/v2\/pages\/4436\/revisions\/27938"}],"wp:attachment":[{"href":"https:\/\/www.starremedies.com\/fr\/wp-json\/wp\/v2\/media?parent=4436"}],"curies":[{"name":"wp","href":"https:\/\/api.w.org\/{rel}","templated":true}]}}