{"id":4299,"date":"2016-02-23T18:20:03","date_gmt":"2016-02-23T17:20:03","guid":{"rendered":"https:\/\/www.starremedies.com\/?page_id=4299"},"modified":"2025-02-05T12:49:53","modified_gmt":"2025-02-05T11:49:53","slug":"woodenboxes","status":"publish","type":"page","link":"https:\/\/www.starremedies.com\/fr\/woodenboxes\/","title":{"rendered":"Bo\u00eetes en bois sur mesure"},"content":{"rendered":"<section class=\"section section_breadcrumbs\" id=\"section_1494733771\">\n\t\t<div class=\"section-bg fill\" >\n\t\t\t\t\t\t\t\t\t\n\t\t\t\n\n\t\t<\/div>\n\n\t\t\n\n\t\t<div class=\"section-content relative\">\n\t\t\t\n<div class=\"row breadcrumbs-row\"  id=\"row-66486189\">\n\n\t<div id=\"col-798765703\" class=\"col small-12 large-12\"  >\n\t\t\t\t<div class=\"col-inner\"  >\n\t\t\t\n\t\t\t\n\t<div id=\"text-3828849000\" class=\"text breadcrumbs\">\n\t\t\n<span><span><a href=\"https:\/\/www.starremedies.com\/fr\/\">Accueil<\/a><\/span><\/span>\n\t\t\t<\/div>\n\t\n\t\t<\/div>\n\t\t\t\t\t<\/div>\n\n\t\n\n<style>\n#row-66486189 > .col > .col-inner {\n  padding: 0px 0px 0px 0px;\n}\n<\/style>\n<\/div>\n\t\t<\/div>\n\n\t\t\n<style>\n#section_1494733771 {\n  padding-top: 0px;\n  padding-bottom: 0px;\n  margin-bottom: 0px;\n}\n<\/style>\n\t<\/section>\n\t\n\n\t<section class=\"section products_row\" id=\"section_1967436908\">\n\t\t<div class=\"section-bg fill\" >\n\t\t\t\t\t\t\t\t\t\n\t\t\t\n\n\t\t<\/div>\n\n\t\t\n\n\t\t<div class=\"section-content relative\">\n\t\t\t\n<div class=\"row align-middle align-center\"  id=\"row-363728191\">\n\n\t<div id=\"col-556158422\" class=\"col medium-2 small-12 large-2\"  >\n\t\t\t\t<div class=\"col-inner text-center\"  >\n\t\t\t\n\t\t\t\n\t<div class=\"img has-hover x md-x lg-x y md-y lg-y\" id=\"image_553511814\">\n\t\t\t\t\t\t\t\t<div class=\"img-inner dark\" >\n\t\t\t<img decoding=\"async\" width=\"250\" height=\"250\" src=\"https:\/\/www.starremedies.com\/wp-content\/uploads\/2022\/12\/sr_logo_transparent.png\" class=\"attachment-original size-original\" alt=\"\" srcset=\"https:\/\/www.starremedies.com\/wp-content\/uploads\/2022\/12\/sr_logo_transparent.png 250w, https:\/\/www.starremedies.com\/wp-content\/uploads\/2022\/12\/sr_logo_transparent-80x80.png 80w\" sizes=\"(max-width: 250px) 100vw, 250px\" \/>\t\t\t\t\t\t\n\t\t\t\t\t<\/div>\n\t\t\t\t\t\t\t\t\n<style>\n#image_553511814 {\n  width: 100%;\n}\n<\/style>\n\t<\/div>\n\t\n\t\t<\/div>\n\t\t\t\t\t<\/div>\n\n\t\n\n\t<div id=\"col-219427664\" class=\"col small-12 large-12\"  >\n\t\t\t\t<div class=\"col-inner text-center\"  >\n\t\t\t\n\t\t\t\n\t<div id=\"text-1239526579\" class=\"text\">\n\t\t\n<h1>BO\u00ceTES EN BOIS<\/h1>\n\t\t\n<style>\n#text-1239526579 {\n  text-align: center;\n}\n<\/style>\n\t<\/div>\n\t\n\t\t<\/div>\n\t\t\t\t\t<\/div>\n\n\t\n<\/div>\n\t\t<\/div>\n\n\t\t\n<style>\n#section_1967436908 {\n  padding-top: 30px;\n  padding-bottom: 30px;\n  background-color: rgb(247, 247, 247);\n}\n<\/style>\n\t<\/section>\n\t\n\n\t<section class=\"section\" id=\"section_611380597\">\n\t\t<div class=\"section-bg fill\" >\n\t\t\t\t\t\t\t\t\t\n\t\t\t\n\n\t\t<\/div>\n\n\t\t\n\n\t\t<div class=\"section-content relative\">\n\t\t\t\n<div class=\"row align-center\"  id=\"row-568384029\">\n\n\t<div id=\"col-727898678\" class=\"col medium-12 small-12 large-10\"  >\n\t\t\t\t<div class=\"col-inner\"  >\n\t\t\t\n\t\t\t\n<h2>Caisses en bois ; sur mesure<\/h2>\n<p>La fabrication de caisses en bois de haute qualit\u00e9 sur mesure est l'une de nos passions. Star Remedies B.V. est l'un des principaux fournisseurs de caisses en bois de haute qualit\u00e9, fabriqu\u00e9es sur mesure. En outre, il est possible de faire fabriquer des caisses \u00e0 vin et des caisses \u00e0 champagne enti\u00e8rement selon vos souhaits. Une caisse en bois ; sur mesure.<\/p>\n<p>Nos bo\u00eetes en bois se distinguent par leur tr\u00e8s haute qualit\u00e9, caract\u00e9ris\u00e9e par une belle apparence, diversifi\u00e9e et de haute qualit\u00e9. Gr\u00e2ce aux exp\u00e9riences traditionnelles du pass\u00e9 appliqu\u00e9es au pr\u00e9sent, nous pouvons vous aider \u00e0 cr\u00e9er des bo\u00eetes en bois innovantes, pratiques et surtout de grande qualit\u00e9, ax\u00e9es sur la qualit\u00e9. Depuis notre cr\u00e9ation, nous nous concentrons exclusivement sur la production de bo\u00eetes en bois de haute qualit\u00e9.<\/p>\n<p><strong>Respect de l'environnement<\/strong><br \/>En utilisant du bois de haute qualit\u00e9 de l'UE, nous \u00e9mettons moins de CO2 que lorsque nous importons du bois. Les for\u00eats o\u00f9 le bois est r\u00e9colt\u00e9 sont sous contr\u00f4le et pour chaque arbre r\u00e9colt\u00e9, deux arbres sont replant\u00e9s. En utilisant des techniques anciennes et traditionnelles, nous transformons chaque bo\u00eete en bois, quelle que soit sa forme ou sa taille, en un produit de haute qualit\u00e9.<\/p>\n<p><strong>M\u00e9thodes<\/strong><br \/>Nos caisses en bois sont fabriqu\u00e9es sur mesure en utilisant des techniques traditionnelles de travail du bois ainsi que des processus de production semi-automatiques.<\/p>\n<p><strong>Essences de bois<\/strong><br \/>Nous utilisons diff\u00e9rents types de bois pour les caisses en bois, comme le Lindehout et le Pin, parce que ces types de bois proviennent de l'UE, sont r\u00e9colt\u00e9s localement et sont donc imm\u00e9diatement disponibles. Ces essences de bois conviennent parfaitement \u00e0 la fabrication de caisses en bois, car elles sont \u00e0 la fois solides et l\u00e9g\u00e8res, ce qui permet de les traiter facilement et de les doter de diff\u00e9rentes couches de laque et d'un large \u00e9ventail de couleurs. Vous pouvez \u00e9galement choisir des essences de bois telles que le h\u00eatre, le bouleau et le peuplier et, sur demande, des bois durs certifi\u00e9s.<\/p>\n<p><strong>Processus de s\u00e9chage<\/strong><br \/>Le bois brut est transform\u00e9 en planches, qui sont ensuite empil\u00e9es \u00e0 l'air libre, avec une certaine distance entre les planches, ce qui leur donne le temps de respirer. Les planches de bois sont ensuite s\u00e9ch\u00e9es dans des fours sp\u00e9ciaux pendant 3 \u00e0 5 jours.<\/p>\n<p><strong>Processus de production<\/strong><br \/>Apr\u00e8s le durcissement et le s\u00e9chage du bois, les planches sont sci\u00e9es en panneaux minces qui sont ensuite utilis\u00e9s pour fabriquer le produit souhait\u00e9. Ensuite, les rainures sont redress\u00e9es et les charni\u00e8res sont ins\u00e9r\u00e9es, qu'elles soient visibles ou cach\u00e9es. Outre la rainure traditionnelle, nous pouvons \u00e9galement installer une rainure en V sp\u00e9ciale qui garantit que la caisse en bois ne s'ouvre pas \u00e0 plus de 90 degr\u00e9s. Apr\u00e8s l'application des charni\u00e8res, les caisses sont soigneusement ponc\u00e9es, puis elles sont pulv\u00e9ris\u00e9es dans des cabines de peinture sp\u00e9ciales o\u00f9 l'exc\u00e9dent de peinture est aspir\u00e9. Les couleurs souhait\u00e9es et une couche de protection sont appliqu\u00e9es dans les cabines de peinture. Le s\u00e9chage des caisses en bois dure 2 \u00e0 3 jours, apr\u00e8s quoi la p\u00e2te \u00e0 frire est appliqu\u00e9e. La qualit\u00e9 des caisses en bois est ensuite contr\u00f4l\u00e9e une nouvelle fois, puis les caisses sont emball\u00e9es.<\/p>\n<p><strong>Conception<\/strong><br \/>Vous pouvez \u00e9galement nous confier la conception de vos bo\u00eetes en bois en fonction de vos go\u00fbts et de vos souhaits. La conception se fait d'un commun accord, de sorte que vos souhaits sont int\u00e9gr\u00e9s dans le mod\u00e8le final. En outre, vous pouvez \u00e9galement d\u00e9cider vous-m\u00eame des caract\u00e9ristiques de la bo\u00eete en bois : couleur, forme, taille, contenu, charni\u00e8res, etc.<\/p>\n<p><strong>Tarification<\/strong><br \/>Toutes les caisses en bois sont fabriqu\u00e9es sur mesure. C'est pourquoi Star Remedies B.V. n'\u00e9tablit un devis que sur la base de votre demande sp\u00e9cifi\u00e9e contenant le type de caisse, la taille, la couleur et d'autres souhaits. Le devis est toujours accompagn\u00e9 d'un bar\u00e8me de prix pour des quantit\u00e9s allant de 50 \u00e0 8.000. Nos tarifs\u00a0<a href=\"https:\/\/www.starremedies.com\/fr\/termsandconditions\/\">conditions g\u00e9n\u00e9rales\u00a0<\/a>s'appliquent \u00e0 toutes nos livraisons et \u00e0 tous nos devis.<\/p>\n<p><strong>Passer commande<\/strong><br \/>Passer une commande est tr\u00e8s simple. Apr\u00e8s r\u00e9ception d'une demande de commande \u00e9crite officielle, nous vous enverrons un dessin num\u00e9rique avec les dimensions que vous devrez signer pour approbation, \u00e9galement avec le cachet de l'entreprise. En outre, vous recevrez une confirmation avec les prix convenus et les souhaits que vous nous avez communiqu\u00e9s par \u00e9crit. Les caisses en bois sont livr\u00e9es FOB (free on board). Les frais d'exp\u00e9dition \u00e0 partir de notre site aux Pays-Bas sont \u00e0 votre charge. Bien entendu, nous pouvons \u00e9galement organiser l'exp\u00e9dition pour vous avec des transporteurs tels que K\u00fchne &amp; amp ; Nagel, Wim Bosman Logistics, UPS, Fedex et d'autres transporteurs. Apr\u00e8s avoir re\u00e7u les documents sign\u00e9s, avec votre signature et votre cachet, et apr\u00e8s avoir re\u00e7u votre acompte, nous commencerons \u00e0 produire vos produits.<\/p>\n<p><strong>Taille minimale de la commande<\/strong><br \/>La commande minimale est de 50 bo\u00eetes en bois.<\/p>\n<p><strong>Temps de production<\/strong><br \/>Le d\u00e9lai de livraison moyen, par exemple pour 1000 bo\u00eetes en bois, est d'au moins 6 \u00e0 8 semaines. Les commandes plus importantes sont soumises \u00e0 des d\u00e9lais de livraison convenus d'un commun accord. \u00c0 partir du moment o\u00f9 vous nous avez confirm\u00e9 votre commande par fax ou par courrier et que nous avons re\u00e7u votre acompte, nous commencerons \u00e0 produire votre produit. Votre commande ne sera accept\u00e9e par nous qu'apr\u00e8s r\u00e9ception de tous les documents portant votre signature et la date sur chaque page.<\/p>\n<p><strong>Paiement<\/strong><br \/>Pour les clients du Benelux, un acompte de 50% s'applique \u00e0 la commande, le solde de 50% devant \u00eatre pay\u00e9 \u00e0 la livraison. Pour les autres pays, un d\u00e9p\u00f4t de 100% est appliqu\u00e9.<\/p>\n\t\t<\/div>\n\t\t\t\t\t<\/div>\n\n\t\n\n\t<div id=\"col-676368767\" class=\"col medium-4 small-12 large-2 medium-col-first\"  >\n\t\t\t\t<div class=\"col-inner text-center\"  >\n\t\t\t\n\t\t\t\n\t<div class=\"img has-hover x md-x lg-x y md-y lg-y\" id=\"image_68347914\">\n\t\t\t\t\t\t\t\t<div class=\"img-inner dark\" >\n\t\t\t<img decoding=\"async\" width=\"250\" height=\"276\" src=\"https:\/\/www.starremedies.com\/wp-content\/uploads\/2016\/02\/houtenkist.gif\" class=\"attachment-medium size-medium\" alt=\"\" \/>\t\t\t\t\t\t\n\t\t\t\t\t<\/div>\n\t\t\t\t\t\t\t\t\n<style>\n#image_68347914 {\n  width: 75%;\n}\n@media (min-width:550px) {\n  #image_68347914 {\n    width: 90%;\n  }\n}\n@media (min-width:850px) {\n  #image_68347914 {\n    width: 100%;\n  }\n}\n<\/style>\n\t<\/div>\n\t\n\t\t<\/div>\n\t\t\t\t\t<\/div>\n\n\t\n\n\t<div id=\"col-2091606804\" class=\"col small-12 large-12\"  >\n\t\t\t\t<div class=\"col-inner\"  >\n\t\t\t\n\t\t\t\n<h2>Acheter les bo\u00eetes en bois pour \u00e9lixirs floraux de Star Remedies<\/h2>\n<p>Les bo\u00eetes en bois Star Remedies Flower Essences peuvent \u00eatre command\u00e9es s\u00e9par\u00e9ment \u00e0 l'adresse suivante\u00a0<a href=\"https:\/\/www.starremediesshop.com\/fr\/bachfloweressences\/woodenboxes\/\" target=\"_blank\" rel=\"noopener\">starremediesshop.com<\/a><\/p>\n<p>Vous \u00eates entrepreneur, professionnel ou th\u00e9rapeute, et vous \u00eates int\u00e9ress\u00e9 par les produits Star Remedies.\u00a0<a href=\"https:\/\/www.starremedies.com\/fr\/companies\/\">S'inscrire via le formulaire d'inscription pour les entreprises<\/a>\u00a0et pour les th\u00e9rapeutes et les professionnels,\u00a0<a href=\"https:\/\/www.starremedies.com\/fr\/companies\/\">le formulaire d'inscription pour les professionnels<\/a>.<\/p>\n\t\t<\/div>\n\t\t\t\t\n<style>\n#col-2091606804 > .col-inner {\n  margin: 75px 0px 0px 0px;\n}\n<\/style>\n\t<\/div>\n\n\t\n<\/div>\n\t\t<\/div>\n\n\t\t\n<style>\n#section_611380597 {\n  padding-top: 30px;\n  padding-bottom: 30px;\n}\n<\/style>\n\t<\/section>","protected":false},"excerpt":{"rendered":"","protected":false},"author":1,"featured_media":0,"parent":0,"menu_order":0,"comment_status":"closed","ping_status":"closed","template":"page-blank.php","meta":{"footnotes":""},"class_list":["post-4299","page","type-page","status-publish","hentry"],"yoast_head":"<!-- This site is optimized with the Yoast SEO plugin v27.5 - https:\/\/yoast.com\/product\/yoast-seo-wordpress\/ -->\n<title>Custom made high quality wooden boxes - Star Remedies<\/title>\n<meta name=\"description\" content=\"High quality wooden boxes made to measure according to your wishes. Each wooden box is completely manual work with a lot of possibilities in terms of color, shape, content and finish.\" \/>\n<meta name=\"robots\" content=\"index, follow, max-snippet:-1, max-image-preview:large, max-video-preview:-1\" \/>\n<link rel=\"canonical\" href=\"https:\/\/www.starremedies.com\/fr\/woodenboxes\/\" \/>\n<meta property=\"og:locale\" content=\"fr_FR\" \/>\n<meta property=\"og:type\" content=\"article\" \/>\n<meta property=\"og:title\" content=\"Custom made high quality wooden boxes - Star Remedies\" \/>\n<meta property=\"og:description\" content=\"High quality wooden boxes made to measure according to your wishes. Each wooden box is completely manual work with a lot of possibilities in terms of color, shape, content and finish.\" \/>\n<meta property=\"og:url\" content=\"https:\/\/www.starremedies.com\/fr\/woodenboxes\/\" \/>\n<meta property=\"og:site_name\" content=\"Star Remedies\" \/>\n<meta property=\"article:publisher\" content=\"https:\/\/www.facebook.com\/starremedies\/\" \/>\n<meta property=\"article:modified_time\" content=\"2025-02-05T11:49:53+00:00\" \/>\n<meta name=\"twitter:card\" content=\"summary_large_image\" \/>\n<script type=\"application\/ld+json\" class=\"yoast-schema-graph\">{\"@context\":\"https:\\\/\\\/schema.org\",\"@graph\":[{\"@type\":\"WebPage\",\"@id\":\"https:\\\/\\\/www.starremedies.com\\\/woodenboxes\\\/\",\"url\":\"https:\\\/\\\/www.starremedies.com\\\/woodenboxes\\\/\",\"name\":\"Custom made high quality wooden boxes - Star Remedies\",\"isPartOf\":{\"@id\":\"https:\\\/\\\/www.starremedies.com\\\/#website\"},\"datePublished\":\"2016-02-23T17:20:03+00:00\",\"dateModified\":\"2025-02-05T11:49:53+00:00\",\"description\":\"High quality wooden boxes made to measure according to your wishes. Each wooden box is completely manual work with a lot of possibilities in terms of color, shape, content and finish.\",\"breadcrumb\":{\"@id\":\"https:\\\/\\\/www.starremedies.com\\\/woodenboxes\\\/#breadcrumb\"},\"inLanguage\":\"fr-FR\",\"potentialAction\":[{\"@type\":\"ReadAction\",\"target\":[\"https:\\\/\\\/www.starremedies.com\\\/woodenboxes\\\/\"]}]},{\"@type\":\"BreadcrumbList\",\"@id\":\"https:\\\/\\\/www.starremedies.com\\\/woodenboxes\\\/#breadcrumb\",\"itemListElement\":[{\"@type\":\"ListItem\",\"position\":1,\"name\":\"Home\",\"item\":\"https:\\\/\\\/www.starremedies.com\\\/\"},{\"@type\":\"ListItem\",\"position\":2,\"name\":\"Custom made wooden boxes\"}]},{\"@type\":\"WebSite\",\"@id\":\"https:\\\/\\\/www.starremedies.com\\\/#website\",\"url\":\"https:\\\/\\\/www.starremedies.com\\\/\",\"name\":\"Star Remedies\",\"description\":\"\",\"publisher\":{\"@id\":\"https:\\\/\\\/www.starremedies.com\\\/#organization\"},\"potentialAction\":[{\"@type\":\"SearchAction\",\"target\":{\"@type\":\"EntryPoint\",\"urlTemplate\":\"https:\\\/\\\/www.starremedies.com\\\/?s={search_term_string}\"},\"query-input\":{\"@type\":\"PropertyValueSpecification\",\"valueRequired\":true,\"valueName\":\"search_term_string\"}}],\"inLanguage\":\"fr-FR\"},{\"@type\":\"Organization\",\"@id\":\"https:\\\/\\\/www.starremedies.com\\\/#organization\",\"name\":\"Star Remedies\",\"url\":\"https:\\\/\\\/www.starremedies.com\\\/\",\"logo\":{\"@type\":\"ImageObject\",\"inLanguage\":\"fr-FR\",\"@id\":\"https:\\\/\\\/www.starremedies.com\\\/#\\\/schema\\\/logo\\\/image\\\/\",\"url\":\"https:\\\/\\\/www.starremedies.com\\\/wp-content\\\/uploads\\\/2016\\\/02\\\/srl.gif\",\"contentUrl\":\"https:\\\/\\\/www.starremedies.com\\\/wp-content\\\/uploads\\\/2016\\\/02\\\/srl.gif\",\"width\":250,\"height\":250,\"caption\":\"Star Remedies\"},\"image\":{\"@id\":\"https:\\\/\\\/www.starremedies.com\\\/#\\\/schema\\\/logo\\\/image\\\/\"},\"sameAs\":[\"https:\\\/\\\/www.facebook.com\\\/starremedies\\\/\",\"https:\\\/\\\/www.instagram.com\\\/starremedies\\\/\"]}]}<\/script>\n<!-- \/ Yoast SEO plugin. -->","yoast_head_json":{"title":"Bo\u00eetes en bois de haute qualit\u00e9 fabriqu\u00e9es sur mesure - Star Remedies","description":"Bo\u00eetes en bois de haute qualit\u00e9 fabriqu\u00e9es sur mesure selon vos souhaits. Chaque bo\u00eete en bois est un travail enti\u00e8rement manuel qui offre de nombreuses possibilit\u00e9s en termes de couleur, de forme, de contenu et de finition.","robots":{"index":"index","follow":"follow","max-snippet":"max-snippet:-1","max-image-preview":"max-image-preview:large","max-video-preview":"max-video-preview:-1"},"canonical":"https:\/\/www.starremedies.com\/fr\/woodenboxes\/","og_locale":"fr_FR","og_type":"article","og_title":"Custom made high quality wooden boxes - Star Remedies","og_description":"High quality wooden boxes made to measure according to your wishes. Each wooden box is completely manual work with a lot of possibilities in terms of color, shape, content and finish.","og_url":"https:\/\/www.starremedies.com\/fr\/woodenboxes\/","og_site_name":"Star Remedies","article_publisher":"https:\/\/www.facebook.com\/starremedies\/","article_modified_time":"2025-02-05T11:49:53+00:00","twitter_card":"summary_large_image","schema":{"@context":"https:\/\/schema.org","@graph":[{"@type":"WebPage","@id":"https:\/\/www.starremedies.com\/woodenboxes\/","url":"https:\/\/www.starremedies.com\/woodenboxes\/","name":"Bo\u00eetes en bois de haute qualit\u00e9 fabriqu\u00e9es sur mesure - Star Remedies","isPartOf":{"@id":"https:\/\/www.starremedies.com\/#website"},"datePublished":"2016-02-23T17:20:03+00:00","dateModified":"2025-02-05T11:49:53+00:00","description":"Bo\u00eetes en bois de haute qualit\u00e9 fabriqu\u00e9es sur mesure selon vos souhaits. Chaque bo\u00eete en bois est un travail enti\u00e8rement manuel qui offre de nombreuses possibilit\u00e9s en termes de couleur, de forme, de contenu et de finition.","breadcrumb":{"@id":"https:\/\/www.starremedies.com\/woodenboxes\/#breadcrumb"},"inLanguage":"fr-FR","potentialAction":[{"@type":"ReadAction","target":["https:\/\/www.starremedies.com\/woodenboxes\/"]}]},{"@type":"BreadcrumbList","@id":"https:\/\/www.starremedies.com\/woodenboxes\/#breadcrumb","itemListElement":[{"@type":"ListItem","position":1,"name":"Home","item":"https:\/\/www.starremedies.com\/"},{"@type":"ListItem","position":2,"name":"Custom made wooden boxes"}]},{"@type":"WebSite","@id":"https:\/\/www.starremedies.com\/#website","url":"https:\/\/www.starremedies.com\/","name":"Rem\u00e8des d'\u00e9toiles","description":"","publisher":{"@id":"https:\/\/www.starremedies.com\/#organization"},"potentialAction":[{"@type":"SearchAction","target":{"@type":"EntryPoint","urlTemplate":"https:\/\/www.starremedies.com\/?s={search_term_string}"},"query-input":{"@type":"PropertyValueSpecification","valueRequired":true,"valueName":"search_term_string"}}],"inLanguage":"fr-FR"},{"@type":"Organization","@id":"https:\/\/www.starremedies.com\/#organization","name":"Rem\u00e8des d'\u00e9toiles","url":"https:\/\/www.starremedies.com\/","logo":{"@type":"ImageObject","inLanguage":"fr-FR","@id":"https:\/\/www.starremedies.com\/#\/schema\/logo\/image\/","url":"https:\/\/www.starremedies.com\/wp-content\/uploads\/2016\/02\/srl.gif","contentUrl":"https:\/\/www.starremedies.com\/wp-content\/uploads\/2016\/02\/srl.gif","width":250,"height":250,"caption":"Star Remedies"},"image":{"@id":"https:\/\/www.starremedies.com\/#\/schema\/logo\/image\/"},"sameAs":["https:\/\/www.facebook.com\/starremedies\/","https:\/\/www.instagram.com\/starremedies\/"]}]}},"_links":{"self":[{"href":"https:\/\/www.starremedies.com\/fr\/wp-json\/wp\/v2\/pages\/4299","targetHints":{"allow":["GET"]}}],"collection":[{"href":"https:\/\/www.starremedies.com\/fr\/wp-json\/wp\/v2\/pages"}],"about":[{"href":"https:\/\/www.starremedies.com\/fr\/wp-json\/wp\/v2\/types\/page"}],"author":[{"embeddable":true,"href":"https:\/\/www.starremedies.com\/fr\/wp-json\/wp\/v2\/users\/1"}],"replies":[{"embeddable":true,"href":"https:\/\/www.starremedies.com\/fr\/wp-json\/wp\/v2\/comments?post=4299"}],"version-history":[{"count":9,"href":"https:\/\/www.starremedies.com\/fr\/wp-json\/wp\/v2\/pages\/4299\/revisions"}],"predecessor-version":[{"id":27977,"href":"https:\/\/www.starremedies.com\/fr\/wp-json\/wp\/v2\/pages\/4299\/revisions\/27977"}],"wp:attachment":[{"href":"https:\/\/www.starremedies.com\/fr\/wp-json\/wp\/v2\/media?parent=4299"}],"curies":[{"name":"wp","href":"https:\/\/api.w.org\/{rel}","templated":true}]}}