{"id":4099,"date":"2016-02-23T11:36:47","date_gmt":"2016-02-23T10:36:47","guid":{"rendered":"https:\/\/www.starremedies.com\/?page_id=4099"},"modified":"2025-02-05T10:50:12","modified_gmt":"2025-02-05T09:50:12","slug":"wheretobuy","status":"publish","type":"page","link":"https:\/\/www.starremedies.com\/fr\/wheretobuy\/","title":{"rendered":"O\u00f9 acheter International &amp; Benelux"},"content":{"rendered":"<section class=\"section section_breadcrumbs\" id=\"section_1044654091\">\n\t\t<div class=\"section-bg fill\" >\n\t\t\t\t\t\t\t\t\t\n\t\t\t\n\n\t\t<\/div>\n\n\t\t\n\n\t\t<div class=\"section-content relative\">\n\t\t\t\n<div class=\"row breadcrumbs-row\"  id=\"row-639686296\">\n\n\t<div id=\"col-864062948\" class=\"col small-12 large-12\"  >\n\t\t\t\t<div class=\"col-inner\"  >\n\t\t\t\n\t\t\t\n\t<div id=\"text-3725600163\" class=\"text breadcrumbs\">\n\t\t\n<span><span><a href=\"https:\/\/www.starremedies.com\/fr\/\">Accueil<\/a><\/span><\/span>\n\t\t\t<\/div>\n\t\n\t\t<\/div>\n\t\t\t\t\t<\/div>\n\n\t\n\n<style>\n#row-639686296 > .col > .col-inner {\n  padding: 0px 0px 0px 0px;\n}\n<\/style>\n<\/div>\n\t\t<\/div>\n\n\t\t\n<style>\n#section_1044654091 {\n  padding-top: 0px;\n  padding-bottom: 0px;\n  margin-bottom: 0px;\n}\n<\/style>\n\t<\/section>\n\t\n\n\t<section class=\"section products_row\" id=\"section_916338321\">\n\t\t<div class=\"section-bg fill\" >\n\t\t\t\t\t\t\t\t\t\n\t\t\t\n\n\t\t<\/div>\n\n\t\t\n\n\t\t<div class=\"section-content relative\">\n\t\t\t\n<div class=\"row align-middle align-center\"  id=\"row-1005599335\">\n\n\t<div id=\"col-33054640\" class=\"col medium-4 small-8 large-4\"  >\n\t\t\t\t<div class=\"col-inner text-center\"  >\n\t\t\t\n\t\t\t\n\t<div class=\"img has-hover x md-x lg-x y md-y lg-y\" id=\"image_94946134\">\n\t\t\t\t\t\t\t\t<div class=\"img-inner dark\" >\n\t\t\t<img decoding=\"async\" width=\"1200\" height=\"800\" src=\"https:\/\/www.starremedies.com\/wp-content\/uploads\/2022\/12\/wholesale.webp\" class=\"attachment-original size-original\" alt=\"\" srcset=\"https:\/\/www.starremedies.com\/wp-content\/uploads\/2022\/12\/wholesale.webp 1200w, https:\/\/www.starremedies.com\/wp-content\/uploads\/2022\/12\/wholesale-300x200.webp 300w, https:\/\/www.starremedies.com\/wp-content\/uploads\/2022\/12\/wholesale-1030x687.webp 1030w, https:\/\/www.starremedies.com\/wp-content\/uploads\/2022\/12\/wholesale-768x512.webp 768w\" sizes=\"(max-width: 1200px) 100vw, 1200px\" \/>\t\t\t\t\t\t\n\t\t\t\t\t<\/div>\n\t\t\t\t\t\t\t\t\n<style>\n#image_94946134 {\n  width: 100%;\n}\n<\/style>\n\t<\/div>\n\t\n\t\t<\/div>\n\t\t\t\t\t<\/div>\n\n\t\n\n\t<div id=\"col-1238719320\" class=\"col small-12 large-12\"  >\n\t\t\t\t<div class=\"col-inner text-center\"  >\n\t\t\t\n\t\t\t\n\t<div id=\"text-1350114385\" class=\"text\">\n\t\t\n<h1 class=\"uppercase\">O\u00f9 acheter<\/h1>\n\t\t\n<style>\n#text-1350114385 {\n  text-align: center;\n}\n<\/style>\n\t<\/div>\n\t\n\t\t<\/div>\n\t\t\t\t\t<\/div>\n\n\t\n<\/div>\n\t\t<\/div>\n\n\t\t\n<style>\n#section_916338321 {\n  padding-top: 30px;\n  padding-bottom: 30px;\n  background-color: rgb(247, 247, 247);\n}\n<\/style>\n\t<\/section>\n\t\n\n\t<section class=\"section\" id=\"section_1076372063\">\n\t\t<div class=\"section-bg fill\" >\n\t\t\t\t\t\t\t\t\t\n\t\t\t\n\n\t\t<\/div>\n\n\t\t\n\n\t\t<div class=\"section-content relative\">\n\t\t\t\n<div class=\"row align-center\"  id=\"row-786351013\">\n\n\t<div id=\"col-1512225339\" class=\"col small-12 large-12\"  >\n\t\t\t\t<div class=\"col-inner\"  >\n\t\t\t\n\t\t\t\n<h2>Commerce international Services globaux et partenariats<\/h2>\n<p>Pour nos clients professionnels estim\u00e9s r\u00e9sidant en dehors du Benelux (Belgique, Pays-Bas et Luxembourg), nous offrons plusieurs options pratiques pour passer des commandes et initier des partenariats. Vous pouvez nous contacter directement par t\u00e9l\u00e9phone ou par courrier \u00e9lectronique pour discuter de vos besoins et passer des commandes. En outre, les professionnels et les entreprises int\u00e9ress\u00e9s par nos offres sont encourag\u00e9s \u00e0 s'inscrire en tant que\u00a0<a href=\"https:\/\/www.starremedies.com\/fr\/professionals\/\" target=\"_blank\" rel=\"noopener\">Th\u00e9rapeute<\/a>\u00a0ou\u00a0<a href=\"https:\/\/www.starremedies.com\/fr\/companies\/\" target=\"_blank\" rel=\"noopener\">Entreprise<\/a>\u00a0par le biais de nos portails d\u00e9di\u00e9s. Si vous souhaitez obtenir de plus amples informations sur notre entreprise ou sur la gamme de produits que nous proposons, n'h\u00e9sitez pas \u00e0 nous contacter.\u00a0<a href=\"https:\/\/www.starremedies.com\/fr\/contact\/\" target=\"_blank\" rel=\"noopener\">nous contacter<\/a>. Nous nous engageons \u00e0 fournir un service et un soutien exceptionnels adapt\u00e9s aux besoins de notre client\u00e8le internationale.<\/p>\n<h3>Grossistes Benelux<\/h3>\n<p>Si vous \u00eates un professionnel ou un d\u00e9taillant, vous pouvez vous adresser \u00e0 l'un des grossistes.<\/p>\n\t\t<\/div>\n\t\t\t\t\t<\/div>\n\n\t\n\n\t<div id=\"col-688881090\" class=\"col medium-6 small-12 large-6\"  >\n\t\t\t\t<div class=\"col-inner\"  >\n\t\t\t\n\t\t\t\n\t<div class=\"box has-hover mw170  has-hover box-text-bottom\" >\n\n\t\t<div class=\"box-image\" >\n\t\t\t\t\t\t<div class=\"\" >\n\t\t\t\t<img decoding=\"async\" width=\"170\" height=\"80\" src=\"https:\/\/www.starremedies.com\/wp-content\/uploads\/2016\/02\/groothandel_hp.gif\" class=\"attachment-original size-original\" alt=\"\" \/>\t\t\t\t\t\t\t\t\t\t\t<\/div>\n\t\t\t\t\t<\/div>\n\n\t\t<div class=\"box-text text-center\" >\n\t\t\t<div class=\"box-text-inner\">\n\t\t\t\t\n\t<div id=\"text-3495905405\" class=\"text\">\n\t\t\n<p>Holland Pharma<br \/>\nBosberg 41<br \/>\n7271 LE Borculo<br \/>\n0545-251050<br \/>\nwww.hollandpharma.nl<br \/>\n\t\t\n<style>\n#text-3495905405 {\n  text-align: left;\n}\n<\/style>\n\t<\/div>\n\t\n\t\t\t<\/div>\n\t\t<\/div>\n\t<\/div>\n\t\n\t\t<\/div>\n\t\t\t\t\t<\/div>\n\n\t\n\n\t<div id=\"col-1075089406\" class=\"col medium-6 small-12 large-6\"  >\n\t\t\t\t<div class=\"col-inner\"  >\n\t\t\t\n\t\t\t\n\t<div class=\"box has-hover mw170  has-hover box-text-bottom\" >\n\n\t\t<div class=\"box-image\" >\n\t\t\t\t\t\t<div class=\"\" >\n\t\t\t\t<img decoding=\"async\" width=\"170\" height=\"80\" src=\"https:\/\/www.starremedies.com\/wp-content\/uploads\/2016\/02\/groothandel_varuvo.gif\" class=\"attachment-original size-original\" alt=\"\" \/>\t\t\t\t\t\t\t\t\t\t\t<\/div>\n\t\t\t\t\t<\/div>\n\n\t\t<div class=\"box-text text-center\" >\n\t\t\t<div class=\"box-text-inner\">\n\t\t\t\t\n\t<div id=\"text-3327722711\" class=\"text\">\n\t\t\n<p>Varuvo<br \/>\nHesselinks Es 11<br \/>\n7271 LB Borculo<br \/>\n0545-251050<br \/>\nwww.varuvo.nl<br \/>\n\t\t\n<style>\n#text-3327722711 {\n  text-align: left;\n}\n<\/style>\n\t<\/div>\n\t\n\t\t\t<\/div>\n\t\t<\/div>\n\t<\/div>\n\t\n\t\t<\/div>\n\t\t\t\t\t<\/div>\n\n\t\n\n\t<div id=\"col-1313133269\" class=\"col small-12 large-12\"  >\n\t\t\t\t<div class=\"col-inner\"  >\n\t\t\t\n\t\t\t\n<h3>Sites web de produits<\/h3>\n<p>Vous trouverez de nombreuses informations d\u00e9taill\u00e9es sur les produits et les points de vente sur nos sites web consacr\u00e9s aux produits.<\/p>\n<table border=\"0\" width=\"100%\" cellpadding=\"5\">\n<tbody>\n<tr>\n<td><span style=\"font-size: 120%;\"><a href=\"https:\/\/www.ainsworths.nl\/\" target=\"_blank\" rel=\"noopener\">Ainsworths Orginal Bach Flower Essences<\/a><\/span><\/td>\n<\/tr>\n<tr>\n<td><span style=\"font-size: 120%;\"><a href=\"https:\/\/www.manukanewzealand.eu\/fr\/\" target=\"_blank\" rel=\"noopener\">MNZ Miel de Manuka<\/a><\/span><\/td>\n<\/tr>\n<tr>\n<td><span style=\"font-size: 120%;\"><a href=\"https:\/\/starremediesfloweressences.com\/\" target=\"_blank\" rel=\"noopener\">Star Remedies bloesem essences<\/a><\/span><\/td>\n<\/tr>\n<tr>\n<td><span style=\"font-size: 120%;\"><a href=\"https:\/\/starremediesfloweressences.com\/\" target=\"_blank\" rel=\"noopener\">Star Remedies Combinatie Essences<\/a><\/span><\/td>\n<\/tr>\n<tr>\n<td><span style=\"font-size: 120%;\"><a href=\"https:\/\/www.sevenessentials.com\/\" target=\"_blank\" rel=\"noopener\">Seven Essentials<\/a><\/span><\/td>\n<\/tr>\n<tr>\n<td><span style=\"font-size: 120%;\"><a href=\"https:\/\/www.kanukahoning.nl\/\" target=\"_blank\" rel=\"noopener\">Kanuka Honing<\/a><\/span><\/td>\n<\/tr>\n<tr>\n<td><span style=\"font-size: 120%;\"><a href=\"https:\/\/www.beesbrilliance.eu\/\" target=\"_blank\" rel=\"noopener\">Bees Brilliance<\/a><\/span><\/td>\n<\/tr>\n<\/tbody>\n<\/table>\n\t\t<\/div>\n\t\t\t\t\t<\/div>\n\n\t\n<\/div>\n\t\t<\/div>\n\n\t\t\n<style>\n#section_1076372063 {\n  padding-top: 30px;\n  padding-bottom: 30px;\n}\n<\/style>\n\t<\/section>","protected":false},"excerpt":{"rendered":"","protected":false},"author":1,"featured_media":0,"parent":0,"menu_order":0,"comment_status":"closed","ping_status":"closed","template":"page-blank.php","meta":{"footnotes":""},"class_list":["post-4099","page","type-page","status-publish","hentry"],"yoast_head":"<!-- This site is optimized with the Yoast SEO plugin v27.4 - https:\/\/yoast.com\/product\/yoast-seo-wordpress\/ -->\n<title>Where to buy International &amp; Benelux - Star Remedies<\/title>\n<meta name=\"description\" content=\"Are you looking for our national and online points of sale of Ainsworths, Star Remedies, Manuka Health, PURE, Animal Essences and ao Indigo Essences\" \/>\n<meta name=\"robots\" content=\"index, follow, max-snippet:-1, max-image-preview:large, max-video-preview:-1\" \/>\n<link rel=\"canonical\" href=\"https:\/\/www.starremedies.com\/fr\/wheretobuy\/\" \/>\n<meta property=\"og:locale\" content=\"fr_FR\" \/>\n<meta property=\"og:type\" content=\"article\" \/>\n<meta property=\"og:title\" content=\"Where to buy International &amp; Benelux - Star Remedies\" \/>\n<meta property=\"og:description\" content=\"Are you looking for our national and online points of sale of Ainsworths, Star Remedies, Manuka Health, PURE, Animal Essences and ao Indigo Essences\" \/>\n<meta property=\"og:url\" content=\"https:\/\/www.starremedies.com\/fr\/wheretobuy\/\" \/>\n<meta property=\"og:site_name\" content=\"Star Remedies\" \/>\n<meta property=\"article:publisher\" content=\"https:\/\/www.facebook.com\/starremedies\/\" \/>\n<meta property=\"article:modified_time\" content=\"2025-02-05T09:50:12+00:00\" \/>\n<meta name=\"twitter:card\" content=\"summary_large_image\" \/>\n<script type=\"application\/ld+json\" class=\"yoast-schema-graph\">{\"@context\":\"https:\\\/\\\/schema.org\",\"@graph\":[{\"@type\":\"WebPage\",\"@id\":\"https:\\\/\\\/www.starremedies.com\\\/wheretobuy\\\/\",\"url\":\"https:\\\/\\\/www.starremedies.com\\\/wheretobuy\\\/\",\"name\":\"Where to buy International & Benelux - Star Remedies\",\"isPartOf\":{\"@id\":\"https:\\\/\\\/www.starremedies.com\\\/#website\"},\"datePublished\":\"2016-02-23T10:36:47+00:00\",\"dateModified\":\"2025-02-05T09:50:12+00:00\",\"description\":\"Are you looking for our national and online points of sale of Ainsworths, Star Remedies, Manuka Health, PURE, Animal Essences and ao Indigo Essences\",\"breadcrumb\":{\"@id\":\"https:\\\/\\\/www.starremedies.com\\\/wheretobuy\\\/#breadcrumb\"},\"inLanguage\":\"fr-FR\",\"potentialAction\":[{\"@type\":\"ReadAction\",\"target\":[\"https:\\\/\\\/www.starremedies.com\\\/wheretobuy\\\/\"]}]},{\"@type\":\"BreadcrumbList\",\"@id\":\"https:\\\/\\\/www.starremedies.com\\\/wheretobuy\\\/#breadcrumb\",\"itemListElement\":[{\"@type\":\"ListItem\",\"position\":1,\"name\":\"Home\",\"item\":\"https:\\\/\\\/www.starremedies.com\\\/\"},{\"@type\":\"ListItem\",\"position\":2,\"name\":\"Where to buy International &#038; Benelux\"}]},{\"@type\":\"WebSite\",\"@id\":\"https:\\\/\\\/www.starremedies.com\\\/#website\",\"url\":\"https:\\\/\\\/www.starremedies.com\\\/\",\"name\":\"Star Remedies\",\"description\":\"\",\"publisher\":{\"@id\":\"https:\\\/\\\/www.starremedies.com\\\/#organization\"},\"potentialAction\":[{\"@type\":\"SearchAction\",\"target\":{\"@type\":\"EntryPoint\",\"urlTemplate\":\"https:\\\/\\\/www.starremedies.com\\\/?s={search_term_string}\"},\"query-input\":{\"@type\":\"PropertyValueSpecification\",\"valueRequired\":true,\"valueName\":\"search_term_string\"}}],\"inLanguage\":\"fr-FR\"},{\"@type\":\"Organization\",\"@id\":\"https:\\\/\\\/www.starremedies.com\\\/#organization\",\"name\":\"Star Remedies\",\"url\":\"https:\\\/\\\/www.starremedies.com\\\/\",\"logo\":{\"@type\":\"ImageObject\",\"inLanguage\":\"fr-FR\",\"@id\":\"https:\\\/\\\/www.starremedies.com\\\/#\\\/schema\\\/logo\\\/image\\\/\",\"url\":\"https:\\\/\\\/www.starremedies.com\\\/wp-content\\\/uploads\\\/2016\\\/02\\\/srl.gif\",\"contentUrl\":\"https:\\\/\\\/www.starremedies.com\\\/wp-content\\\/uploads\\\/2016\\\/02\\\/srl.gif\",\"width\":250,\"height\":250,\"caption\":\"Star Remedies\"},\"image\":{\"@id\":\"https:\\\/\\\/www.starremedies.com\\\/#\\\/schema\\\/logo\\\/image\\\/\"},\"sameAs\":[\"https:\\\/\\\/www.facebook.com\\\/starremedies\\\/\",\"https:\\\/\\\/www.instagram.com\\\/starremedies\\\/\"]}]}<\/script>\n<!-- \/ Yoast SEO plugin. -->","yoast_head_json":{"title":"O\u00f9 acheter International &amp; Benelux - Star Remedies","description":"Vous recherchez nos points de vente nationaux et en ligne d'Ainsworths, Star Remedies, Manuka Health, PURE, Animal Essences et ao Indigo Essences ?","robots":{"index":"index","follow":"follow","max-snippet":"max-snippet:-1","max-image-preview":"max-image-preview:large","max-video-preview":"max-video-preview:-1"},"canonical":"https:\/\/www.starremedies.com\/fr\/wheretobuy\/","og_locale":"fr_FR","og_type":"article","og_title":"Where to buy International & Benelux - Star Remedies","og_description":"Are you looking for our national and online points of sale of Ainsworths, Star Remedies, Manuka Health, PURE, Animal Essences and ao Indigo Essences","og_url":"https:\/\/www.starremedies.com\/fr\/wheretobuy\/","og_site_name":"Star Remedies","article_publisher":"https:\/\/www.facebook.com\/starremedies\/","article_modified_time":"2025-02-05T09:50:12+00:00","twitter_card":"summary_large_image","schema":{"@context":"https:\/\/schema.org","@graph":[{"@type":"WebPage","@id":"https:\/\/www.starremedies.com\/wheretobuy\/","url":"https:\/\/www.starremedies.com\/wheretobuy\/","name":"O\u00f9 acheter International &amp; Benelux - Star Remedies","isPartOf":{"@id":"https:\/\/www.starremedies.com\/#website"},"datePublished":"2016-02-23T10:36:47+00:00","dateModified":"2025-02-05T09:50:12+00:00","description":"Vous recherchez nos points de vente nationaux et en ligne d'Ainsworths, Star Remedies, Manuka Health, PURE, Animal Essences et ao Indigo Essences ?","breadcrumb":{"@id":"https:\/\/www.starremedies.com\/wheretobuy\/#breadcrumb"},"inLanguage":"fr-FR","potentialAction":[{"@type":"ReadAction","target":["https:\/\/www.starremedies.com\/wheretobuy\/"]}]},{"@type":"BreadcrumbList","@id":"https:\/\/www.starremedies.com\/wheretobuy\/#breadcrumb","itemListElement":[{"@type":"ListItem","position":1,"name":"Home","item":"https:\/\/www.starremedies.com\/"},{"@type":"ListItem","position":2,"name":"Where to buy International &#038; Benelux"}]},{"@type":"WebSite","@id":"https:\/\/www.starremedies.com\/#website","url":"https:\/\/www.starremedies.com\/","name":"Rem\u00e8des d'\u00e9toiles","description":"","publisher":{"@id":"https:\/\/www.starremedies.com\/#organization"},"potentialAction":[{"@type":"SearchAction","target":{"@type":"EntryPoint","urlTemplate":"https:\/\/www.starremedies.com\/?s={search_term_string}"},"query-input":{"@type":"PropertyValueSpecification","valueRequired":true,"valueName":"search_term_string"}}],"inLanguage":"fr-FR"},{"@type":"Organization","@id":"https:\/\/www.starremedies.com\/#organization","name":"Rem\u00e8des d'\u00e9toiles","url":"https:\/\/www.starremedies.com\/","logo":{"@type":"ImageObject","inLanguage":"fr-FR","@id":"https:\/\/www.starremedies.com\/#\/schema\/logo\/image\/","url":"https:\/\/www.starremedies.com\/wp-content\/uploads\/2016\/02\/srl.gif","contentUrl":"https:\/\/www.starremedies.com\/wp-content\/uploads\/2016\/02\/srl.gif","width":250,"height":250,"caption":"Star Remedies"},"image":{"@id":"https:\/\/www.starremedies.com\/#\/schema\/logo\/image\/"},"sameAs":["https:\/\/www.facebook.com\/starremedies\/","https:\/\/www.instagram.com\/starremedies\/"]}]}},"_links":{"self":[{"href":"https:\/\/www.starremedies.com\/fr\/wp-json\/wp\/v2\/pages\/4099","targetHints":{"allow":["GET"]}}],"collection":[{"href":"https:\/\/www.starremedies.com\/fr\/wp-json\/wp\/v2\/pages"}],"about":[{"href":"https:\/\/www.starremedies.com\/fr\/wp-json\/wp\/v2\/types\/page"}],"author":[{"embeddable":true,"href":"https:\/\/www.starremedies.com\/fr\/wp-json\/wp\/v2\/users\/1"}],"replies":[{"embeddable":true,"href":"https:\/\/www.starremedies.com\/fr\/wp-json\/wp\/v2\/comments?post=4099"}],"version-history":[{"count":11,"href":"https:\/\/www.starremedies.com\/fr\/wp-json\/wp\/v2\/pages\/4099\/revisions"}],"predecessor-version":[{"id":27970,"href":"https:\/\/www.starremedies.com\/fr\/wp-json\/wp\/v2\/pages\/4099\/revisions\/27970"}],"wp:attachment":[{"href":"https:\/\/www.starremedies.com\/fr\/wp-json\/wp\/v2\/media?parent=4099"}],"curies":[{"name":"wp","href":"https:\/\/api.w.org\/{rel}","templated":true}]}}