{"id":3910,"date":"2016-02-22T17:03:57","date_gmt":"2016-02-22T16:03:57","guid":{"rendered":"https:\/\/www.starremedies.com\/?page_id=3910"},"modified":"2025-02-06T10:42:08","modified_gmt":"2025-02-06T09:42:08","slug":"flowercreams","status":"publish","type":"page","link":"https:\/\/www.starremedies.com\/fr\/brands\/starremedies\/flowercreams\/","title":{"rendered":"Cr\u00e8mes aux fleurs Star Remedies"},"content":{"rendered":"<section class=\"section section_breadcrumbs\" id=\"section_1117748254\">\n\t\t<div class=\"section-bg fill\" >\n\t\t\t\t\t\t\t\t\t\n\t\t\t\n\n\t\t<\/div>\n\n\t\t\n\n\t\t<div class=\"section-content relative\">\n\t\t\t\n<div class=\"row breadcrumbs-row\"  id=\"row-1347006622\">\n\n\t<div id=\"col-1946459610\" class=\"col small-12 large-12\"  >\n\t\t\t\t<div class=\"col-inner\"  >\n\t\t\t\n\t\t\t\n\t<div id=\"text-3178294647\" class=\"text breadcrumbs\">\n\t\t\n<span><span><a href=\"https:\/\/www.starremedies.com\/fr\/\">Accueil<\/a><\/span><\/span>\n\t\t\t<\/div>\n\t\n\t\t<\/div>\n\t\t\t\t\t<\/div>\n\n\t\n\n<style>\n#row-1347006622 > .col > .col-inner {\n  padding: 0px 0px 0px 0px;\n}\n<\/style>\n<\/div>\n\t\t<\/div>\n\n\t\t\n<style>\n#section_1117748254 {\n  padding-top: 0px;\n  padding-bottom: 0px;\n  margin-bottom: 0px;\n}\n<\/style>\n\t<\/section>\n\t\n\n\t<section class=\"section products_row\" id=\"section_1643813471\">\n\t\t<div class=\"section-bg fill\" >\n\t\t\t\t\t\t\t\t\t\n\t\t\t\n\n\t\t<\/div>\n\n\t\t\n\n\t\t<div class=\"section-content relative\">\n\t\t\t\n<div class=\"row align-middle align-center\"  id=\"row-1900755353\">\n\n\t<div id=\"col-92303473\" class=\"col medium-3 small-9 large-3\"  >\n\t\t\t\t<div class=\"col-inner text-center\"  >\n\t\t\t\n\t\t\t\n\t<div class=\"img has-hover x md-x lg-x y md-y lg-y\" id=\"image_580164980\">\n\t\t\t\t\t\t\t\t<div class=\"img-inner dark\" >\n\t\t\t<img decoding=\"async\" width=\"250\" height=\"250\" src=\"https:\/\/www.starremedies.com\/wp-content\/uploads\/2022\/12\/sr_logo_transparent.png\" class=\"attachment-original size-original\" alt=\"\" srcset=\"https:\/\/www.starremedies.com\/wp-content\/uploads\/2022\/12\/sr_logo_transparent.png 250w, https:\/\/www.starremedies.com\/wp-content\/uploads\/2022\/12\/sr_logo_transparent-80x80.png 80w\" sizes=\"(max-width: 250px) 100vw, 250px\" \/>\t\t\t\t\t\t\n\t\t\t\t\t<\/div>\n\t\t\t\t\t\t\t\t\n<style>\n#image_580164980 {\n  width: 100%;\n}\n@media (min-width:850px) {\n  #image_580164980 {\n    width: 75%;\n  }\n}\n<\/style>\n\t<\/div>\n\t\n\t\t<\/div>\n\t\t\t\t\t<\/div>\n\n\t\n\n\t<div id=\"col-377897940\" class=\"col small-12 large-12\"  >\n\t\t\t\t<div class=\"col-inner text-center\"  >\n\t\t\t\n\t\t\t\n\t<div id=\"text-2808773814\" class=\"text\">\n\t\t\n<h1>CR\u00c8MES AUX FLEURS STAR REMEDIES<\/h1>\n\t\t\n<style>\n#text-2808773814 {\n  text-align: center;\n}\n<\/style>\n\t<\/div>\n\t\n\t\t<\/div>\n\t\t\t\t\t<\/div>\n\n\t\n<\/div>\n\t\t<\/div>\n\n\t\t\n<style>\n#section_1643813471 {\n  padding-top: 30px;\n  padding-bottom: 30px;\n  background-color: rgb(247, 247, 247);\n}\n<\/style>\n\t<\/section>\n\t\n\n\t<section class=\"section\" id=\"section_798257925\">\n\t\t<div class=\"section-bg fill\" >\n\t\t\t\t\t\t\t\t\t\n\t\t\t\n\n\t\t<\/div>\n\n\t\t\n\n\t\t<div class=\"section-content relative\">\n\t\t\t\n<div class=\"row\"  id=\"row-257852246\">\n\n\t<div id=\"col-155965517\" class=\"col large-12\"  >\n\t\t\t\t<div class=\"col-inner text-center\"  >\n\t\t\t\n\t\t\t\n\t<div id=\"text-2869179221\" class=\"text\">\n\t\t\n<h2>STAR REMEDIES FLOWER CREAMS OVERVIEW<\/h2>\n\t\t\n<style>\n#text-2869179221 {\n  font-size: 0.9rem;\n  text-align: center;\n}\n<\/style>\n\t<\/div>\n\t\n\t\t<\/div>\n\t\t\t\t\t<\/div>\n\n\t\n\n\t<div id=\"col-1331111359\" class=\"col medium-6 small-12 large-4\"  >\n\t\t\t\t<div class=\"col-inner text-center\"  >\n\t\t\t\n\t\t\t\n\t<div id=\"text-3399532058\" class=\"text\">\n\t\t\n<h3 class=\"uppercase\">Cr\u00e8me de premier secours<\/h3>\n\t\t\n<style>\n#text-3399532058 {\n  font-size: 0.9rem;\n  text-align: center;\n}\n<\/style>\n\t<\/div>\n\t\n\t<div class=\"img has-hover x md-x lg-x y md-y lg-y\" id=\"image_1825447678\">\n\t\t\t\t\t\t\t\t<div class=\"img-inner dark\" style=\"margin:0px 50px 0px 50px;\">\n\t\t\t<img decoding=\"async\" width=\"169\" height=\"194\" src=\"https:\/\/www.starremedies.com\/wp-content\/uploads\/2016\/02\/sr-1-1.jpg\" class=\"attachment-medium size-medium\" alt=\"\" \/>\t\t\t\t\t\t\n\t\t\t\t\t<\/div>\n\t\t\t\t\t\t\t\t\n<style>\n#image_1825447678 {\n  width: 100%;\n}\n@media (min-width:550px) {\n  #image_1825447678 {\n    width: 80%;\n  }\n}\n@media (min-width:850px) {\n  #image_1825447678 {\n    width: 80%;\n  }\n}\n<\/style>\n\t<\/div>\n\t\n\t<div id=\"text-3559817211\" class=\"text\">\n\t\t\n<p>De nombreux troubles psychologiques ont une influence majeure sur le bien-\u00eatre physique. Star Remedies a d\u00e9velopp\u00e9 une cr\u00e8me unique gr\u00e2ce \u00e0 ses nombreuses ann\u00e9es d'exp\u00e9rience avec ses propres essences de fleurs ; 100% naturelle et non test\u00e9e sur les animaux. Star Remedies d\u00e9veloppe et produit ses \u00e9lixirs floraux depuis de nombreuses ann\u00e9es. Il en r\u00e9sulte 49 essences de fleurs diff\u00e9rentes et l'essence de premier secours pour transformer les \u00e9motions et les humeurs n\u00e9gatives en qualit\u00e9s positives.<\/p>\n<p>Parmi les diff\u00e9rentes essences de fleurs de Star Remedies, 11 fleurs ont \u00e9t\u00e9 s\u00e9lectionn\u00e9es qui, ensemble, assurent l'effet sp\u00e9cial de la Cr\u00e8me de Premier Secours Star Remedies :<\/p>\n<p>Love &amp; Hope, Turquoise, Houttyunnia Cordata, Star of Bethlehem, Yarrow, 3-Unit, Cow Parsley, Mask Flower, Marsh Marigold, Cherry Plum, Ismene<\/p>\n<p>En g\u00e9n\u00e9ral, Star Remedies First Aid Cream peut \u00eatre utilis\u00e9 pour tous les accidents domestiques, de jardin et de cuisine.<\/p>\n<p>Contenu : 30gr.<\/p>\n\t\t\n<style>\n#text-3559817211 {\n  font-size: 0.9rem;\n  text-align: left;\n}\n<\/style>\n\t<\/div>\n\t\n\t\t<\/div>\n\t\t\t\t\t<\/div>\n\n\t\n\n\t<div id=\"col-1820131649\" class=\"col medium-6 small-12 large-4\"  >\n\t\t\t\t<div class=\"col-inner text-center\"  >\n\t\t\t\n\t\t\t\n\t<div id=\"text-3676760642\" class=\"text\">\n\t\t\n<h3 class=\"uppercase\">Cr\u00e8me pour cicatrices<\/h3>\n\t\t\n<style>\n#text-3676760642 {\n  font-size: 0.9rem;\n  text-align: center;\n}\n<\/style>\n\t<\/div>\n\t\n\t<div class=\"img has-hover x md-x lg-x y md-y lg-y\" id=\"image_948185985\">\n\t\t\t\t\t\t\t\t<div class=\"img-inner dark\" style=\"margin:0px 50px 0px 50px;\">\n\t\t\t<img decoding=\"async\" width=\"169\" height=\"194\" src=\"https:\/\/www.starremedies.com\/wp-content\/uploads\/2016\/02\/sr-2.jpg\" class=\"attachment-medium size-medium\" alt=\"\" \/>\t\t\t\t\t\t\n\t\t\t\t\t<\/div>\n\t\t\t\t\t\t\t\t\n<style>\n#image_948185985 {\n  width: 100%;\n}\n@media (min-width:550px) {\n  #image_948185985 {\n    width: 80%;\n  }\n}\n@media (min-width:850px) {\n  #image_948185985 {\n    width: 80%;\n  }\n}\n<\/style>\n\t<\/div>\n\t\n\t<div id=\"text-2070105518\" class=\"text\">\n\t\t\n<p>Les cicatrices, m\u00eame si elles sont tr\u00e8s petites, peuvent parfois \u00eatre \u00e0 l'origine d'une grande vari\u00e9t\u00e9 de probl\u00e8mes de sant\u00e9. Lorsque le processus de cicatrisation ne s'est pas bien d\u00e9roul\u00e9, la cicatrice \u00e0 cet endroit bloque le flux d'\u00e9nergie du corps. Il se cr\u00e9e alors ce que l'on appelle un \"champ de perturbation\" qui peut d\u00e9clencher \u00e0 distance des perturbations \u00e0 n'importe quel endroit du corps. Si l'on consid\u00e8re que les flux d'\u00e9nergie dans les m\u00e9ridiens d'acupuncture s'accompagnent de modifications mesurables de la r\u00e9sistance de la peau et que les cicatrices mal form\u00e9es pr\u00e9sentent une r\u00e9sistance de la peau diff\u00e9rente de celle de leur environnement, cette situation est tout \u00e0 fait compr\u00e9hensible. Ext\u00e9rieurement, il n'est pas visible que de telles cicatrices forment un champ de perturbation. Les personnes sensibles remarquent cependant un creux dans l'aura au-dessus de l'endroit touch\u00e9. Par ailleurs, seule la mesure de la r\u00e9sistance de la peau ou un traitement exp\u00e9rimental peut apporter une r\u00e9ponse d\u00e9finitive. En naturopathie, les cicatrices sont g\u00e9n\u00e9ralement anesth\u00e9si\u00e9es localement par injection. Si les soup\u00e7ons sont fond\u00e9s, tous les maux qui en d\u00e9coulent disparaissent en l'espace de quelques secondes. C'est pourquoi on parle de \"ph\u00e9nom\u00e8ne des secondes\".<\/p>\n<p>L'application de la cr\u00e8me Star Remedies Scar Cream a le m\u00eame effet et est totalement indolore.<\/p>\n<p>Parmi les diff\u00e9rentes essences de fleurs Star Remedies, 4 fleurs ont \u00e9t\u00e9 s\u00e9lectionn\u00e9es en combinaison avec une absolue de Narcisse (huile) qui, ensemble, assurent l'effet sp\u00e9cial de la Cr\u00e8me Cicatrice Star Remedies :<\/p>\n<p>Amour et espoir, \u00c9toile de Bethl\u00e9em, Noyer, Turquoise<\/p>\n<p>En g\u00e9n\u00e9ral, Star Remedies Scar Cream peut \u00eatre utilis\u00e9 pour tous les accidents domestiques, de jardin et de cuisine.<\/p>\n<p>Contenu : 30gr.<\/p>\n\t\t\n<style>\n#text-2070105518 {\n  font-size: 0.9rem;\n  text-align: left;\n}\n<\/style>\n\t<\/div>\n\t\n\t\t<\/div>\n\t\t\t\t\t<\/div>\n\n\t\n\n\t<div id=\"col-1010773967\" class=\"col medium-6 small-12 large-4\"  >\n\t\t\t\t<div class=\"col-inner text-center\"  >\n\t\t\t\n\t\t\t\n\t<div id=\"text-2380243960\" class=\"text\">\n\t\t\n<h3 class=\"uppercase\">Cr\u00e8me anti-rides<\/h3>\n\t\t\n<style>\n#text-2380243960 {\n  font-size: 0.9rem;\n  text-align: center;\n}\n<\/style>\n\t<\/div>\n\t\n\t<div class=\"img has-hover x md-x lg-x y md-y lg-y\" id=\"image_1703715478\">\n\t\t\t\t\t\t\t\t<div class=\"img-inner dark\" style=\"margin:0px 50px 0px 50px;\">\n\t\t\t<img decoding=\"async\" width=\"169\" height=\"194\" src=\"https:\/\/www.starremedies.com\/wp-content\/uploads\/2016\/02\/sr-3.jpg\" class=\"attachment-medium size-medium\" alt=\"\" \/>\t\t\t\t\t\t\n\t\t\t\t\t<\/div>\n\t\t\t\t\t\t\t\t\n<style>\n#image_1703715478 {\n  width: 100%;\n}\n@media (min-width:550px) {\n  #image_1703715478 {\n    width: 80%;\n  }\n}\n@media (min-width:850px) {\n  #image_1703715478 {\n    width: 80%;\n  }\n}\n<\/style>\n\t<\/div>\n\t\n\t<div id=\"text-1751279391\" class=\"text\">\n\t\t\n<p>Edward Bach utilisait d\u00e9j\u00e0 ses fleurs \u00e0 des fins cosm\u00e9tiques. Nora Weeks \u00e9crit : \"Un homme de quarante ans avait une verrue disgracieuse sur le front, ce qui ne lui facilitait pas la vie. Il \u00e9tait du genre jovial et pr\u00e9f\u00e9rait discuter avec ses amis de Dieu et du monde, mais aussi de son \u00e9tat de sant\u00e9. Cette disposition \u00e9motionnelle \u00e9tait une r\u00e9f\u00e9rence \u00e0 Heather. Edward Bach a prescrit ce rem\u00e8de sous forme de lotion. Trois semaines apr\u00e8s le d\u00e9but du traitement, la verrue avait compl\u00e8tement disparu sans laisser la moindre cicatrice sur le front. '<\/p>\n<p>Parmi les diff\u00e9rentes essences de fleurs de Star Remedies, 3 fleurs combin\u00e9es \u00e0 une absolue d'Immortelle (huile) ont \u00e9t\u00e9 s\u00e9lectionn\u00e9es pour garantir l'effet sp\u00e9cial de la Cr\u00e8me Antirides Star Remedies :<\/p>\n<p>Ch\u00e8vrefeuille, \u00e9toile de Bethl\u00e9em, verveine<\/p>\n<p>En g\u00e9n\u00e9ral, Star Remedies Wrinkle Cream peut \u00eatre utilis\u00e9 pour les soins personnels de la peau.<\/p>\n<p>Contenu : 30gr.<\/p>\n\t\t\n<style>\n#text-1751279391 {\n  font-size: 0.9rem;\n  text-align: left;\n}\n<\/style>\n\t<\/div>\n\t\n\t\t<\/div>\n\t\t\t\t\t<\/div>\n\n\t\n\n\t<div id=\"col-784177321\" class=\"col small-12 large-12\"  >\n\t\t\t\t<div class=\"col-inner\"  >\n\t\t\t\n\t\t\t\n<h2>Acheter les \u00e9lixirs floraux et les produits de Star Remedies<\/h2>\n<p>Les \u00e9lixirs floraux et les produits Star Remedies peuvent \u00eatre command\u00e9s s\u00e9par\u00e9ment \u00e0 l'adresse suivante\u00a0<a href=\"https:\/\/www.starremediesshop.com\/fr\/floweressences\/starremedies\/creams\/\" target=\"_blank\" rel=\"noopener\">starremediesshop.com<\/a><\/p>\n<p>Vous \u00eates entrepreneur, professionnel ou th\u00e9rapeute, et vous \u00eates int\u00e9ress\u00e9 par les produits Star Remedies.\u00a0<a href=\"https:\/\/www.starremedies.com\/fr\/companies\/\">S'inscrire via le formulaire d'inscription pour les entreprises<\/a>\u00a0et pour les th\u00e9rapeutes et les professionnels,\u00a0<a href=\"https:\/\/www.starremedies.com\/fr\/companies\/\">le formulaire d'inscription pour les professionnels<\/a>.<\/p>\n\t\t<\/div>\n\t\t\t\t\n<style>\n#col-784177321 > .col-inner {\n  padding: 75px 0px 0px 0px;\n}\n<\/style>\n\t<\/div>\n\n\t\n<\/div>\n\t\t<\/div>\n\n\t\t\n<style>\n#section_798257925 {\n  padding-top: 30px;\n  padding-bottom: 30px;\n}\n<\/style>\n\t<\/section>","protected":false},"excerpt":{"rendered":"","protected":false},"author":1,"featured_media":0,"parent":3856,"menu_order":0,"comment_status":"closed","ping_status":"closed","template":"page-blank.php","meta":{"footnotes":""},"class_list":["post-3910","page","type-page","status-publish","hentry"],"yoast_head":"<!-- This site is optimized with the Yoast SEO plugin v27.4 - https:\/\/yoast.com\/product\/yoast-seo-wordpress\/ -->\n<title>Creams based on flower essences and essential oils<\/title>\n<meta name=\"description\" content=\"3 creams based on flower essences; first aid cream, wrinkle cream and scar cream. 100% natural, essential oil and for energetic recovery.\" \/>\n<meta name=\"robots\" content=\"index, follow, max-snippet:-1, max-image-preview:large, max-video-preview:-1\" \/>\n<link rel=\"canonical\" href=\"https:\/\/www.starremedies.com\/fr\/brands\/starremedies\/flowercreams\/\" \/>\n<meta property=\"og:locale\" content=\"fr_FR\" \/>\n<meta property=\"og:type\" content=\"article\" \/>\n<meta property=\"og:title\" content=\"Creams based on flower essences and essential oils\" \/>\n<meta property=\"og:description\" content=\"3 creams based on flower essences; first aid cream, wrinkle cream and scar cream. 100% natural, essential oil and for energetic recovery.\" \/>\n<meta property=\"og:url\" content=\"https:\/\/www.starremedies.com\/fr\/brands\/starremedies\/flowercreams\/\" \/>\n<meta property=\"og:site_name\" content=\"Star Remedies\" \/>\n<meta property=\"article:publisher\" content=\"https:\/\/www.facebook.com\/starremedies\/\" \/>\n<meta property=\"article:modified_time\" content=\"2025-02-06T09:42:08+00:00\" \/>\n<meta name=\"twitter:card\" content=\"summary_large_image\" \/>\n<script type=\"application\/ld+json\" class=\"yoast-schema-graph\">{\"@context\":\"https:\\\/\\\/schema.org\",\"@graph\":[{\"@type\":\"WebPage\",\"@id\":\"https:\\\/\\\/www.starremedies.com\\\/brands\\\/starremedies\\\/flowercreams\\\/\",\"url\":\"https:\\\/\\\/www.starremedies.com\\\/brands\\\/starremedies\\\/flowercreams\\\/\",\"name\":\"Creams based on flower essences and essential oils\",\"isPartOf\":{\"@id\":\"https:\\\/\\\/www.starremedies.com\\\/#website\"},\"datePublished\":\"2016-02-22T16:03:57+00:00\",\"dateModified\":\"2025-02-06T09:42:08+00:00\",\"description\":\"3 creams based on flower essences; first aid cream, wrinkle cream and scar cream. 100% natural, essential oil and for energetic recovery.\",\"breadcrumb\":{\"@id\":\"https:\\\/\\\/www.starremedies.com\\\/brands\\\/starremedies\\\/flowercreams\\\/#breadcrumb\"},\"inLanguage\":\"fr-FR\",\"potentialAction\":[{\"@type\":\"ReadAction\",\"target\":[\"https:\\\/\\\/www.starremedies.com\\\/brands\\\/starremedies\\\/flowercreams\\\/\"]}]},{\"@type\":\"BreadcrumbList\",\"@id\":\"https:\\\/\\\/www.starremedies.com\\\/brands\\\/starremedies\\\/flowercreams\\\/#breadcrumb\",\"itemListElement\":[{\"@type\":\"ListItem\",\"position\":1,\"name\":\"Home\",\"item\":\"https:\\\/\\\/www.starremedies.com\\\/\"},{\"@type\":\"ListItem\",\"position\":2,\"name\":\"Our Brands\",\"item\":\"https:\\\/\\\/www.starremedies.com\\\/brands\\\/\"},{\"@type\":\"ListItem\",\"position\":3,\"name\":\"Star Remedies Flower Essences\",\"item\":\"https:\\\/\\\/www.starremedies.com\\\/brands\\\/starremedies\\\/\"},{\"@type\":\"ListItem\",\"position\":4,\"name\":\"Star Remedies Flower Creams\"}]},{\"@type\":\"WebSite\",\"@id\":\"https:\\\/\\\/www.starremedies.com\\\/#website\",\"url\":\"https:\\\/\\\/www.starremedies.com\\\/\",\"name\":\"Star Remedies\",\"description\":\"\",\"publisher\":{\"@id\":\"https:\\\/\\\/www.starremedies.com\\\/#organization\"},\"potentialAction\":[{\"@type\":\"SearchAction\",\"target\":{\"@type\":\"EntryPoint\",\"urlTemplate\":\"https:\\\/\\\/www.starremedies.com\\\/?s={search_term_string}\"},\"query-input\":{\"@type\":\"PropertyValueSpecification\",\"valueRequired\":true,\"valueName\":\"search_term_string\"}}],\"inLanguage\":\"fr-FR\"},{\"@type\":\"Organization\",\"@id\":\"https:\\\/\\\/www.starremedies.com\\\/#organization\",\"name\":\"Star Remedies\",\"url\":\"https:\\\/\\\/www.starremedies.com\\\/\",\"logo\":{\"@type\":\"ImageObject\",\"inLanguage\":\"fr-FR\",\"@id\":\"https:\\\/\\\/www.starremedies.com\\\/#\\\/schema\\\/logo\\\/image\\\/\",\"url\":\"https:\\\/\\\/www.starremedies.com\\\/wp-content\\\/uploads\\\/2016\\\/02\\\/srl.gif\",\"contentUrl\":\"https:\\\/\\\/www.starremedies.com\\\/wp-content\\\/uploads\\\/2016\\\/02\\\/srl.gif\",\"width\":250,\"height\":250,\"caption\":\"Star Remedies\"},\"image\":{\"@id\":\"https:\\\/\\\/www.starremedies.com\\\/#\\\/schema\\\/logo\\\/image\\\/\"},\"sameAs\":[\"https:\\\/\\\/www.facebook.com\\\/starremedies\\\/\",\"https:\\\/\\\/www.instagram.com\\\/starremedies\\\/\"]}]}<\/script>\n<!-- \/ Yoast SEO plugin. -->","yoast_head_json":{"title":"Cr\u00e8mes \u00e0 base d'essences de fleurs et d'huiles essentielles","description":"3 cr\u00e8mes \u00e0 base d'essences de fleurs ; cr\u00e8me de premier secours, cr\u00e8me pour les rides et cr\u00e8me pour les cicatrices. 100% naturel, huile essentielle et pour la r\u00e9cup\u00e9ration \u00e9nerg\u00e9tique.","robots":{"index":"index","follow":"follow","max-snippet":"max-snippet:-1","max-image-preview":"max-image-preview:large","max-video-preview":"max-video-preview:-1"},"canonical":"https:\/\/www.starremedies.com\/fr\/brands\/starremedies\/flowercreams\/","og_locale":"fr_FR","og_type":"article","og_title":"Creams based on flower essences and essential oils","og_description":"3 creams based on flower essences; first aid cream, wrinkle cream and scar cream. 100% natural, essential oil and for energetic recovery.","og_url":"https:\/\/www.starremedies.com\/fr\/brands\/starremedies\/flowercreams\/","og_site_name":"Star Remedies","article_publisher":"https:\/\/www.facebook.com\/starremedies\/","article_modified_time":"2025-02-06T09:42:08+00:00","twitter_card":"summary_large_image","schema":{"@context":"https:\/\/schema.org","@graph":[{"@type":"WebPage","@id":"https:\/\/www.starremedies.com\/brands\/starremedies\/flowercreams\/","url":"https:\/\/www.starremedies.com\/brands\/starremedies\/flowercreams\/","name":"Cr\u00e8mes \u00e0 base d'essences de fleurs et d'huiles essentielles","isPartOf":{"@id":"https:\/\/www.starremedies.com\/#website"},"datePublished":"2016-02-22T16:03:57+00:00","dateModified":"2025-02-06T09:42:08+00:00","description":"3 cr\u00e8mes \u00e0 base d'essences de fleurs ; cr\u00e8me de premier secours, cr\u00e8me pour les rides et cr\u00e8me pour les cicatrices. 100% naturel, huile essentielle et pour la r\u00e9cup\u00e9ration \u00e9nerg\u00e9tique.","breadcrumb":{"@id":"https:\/\/www.starremedies.com\/brands\/starremedies\/flowercreams\/#breadcrumb"},"inLanguage":"fr-FR","potentialAction":[{"@type":"ReadAction","target":["https:\/\/www.starremedies.com\/brands\/starremedies\/flowercreams\/"]}]},{"@type":"BreadcrumbList","@id":"https:\/\/www.starremedies.com\/brands\/starremedies\/flowercreams\/#breadcrumb","itemListElement":[{"@type":"ListItem","position":1,"name":"Home","item":"https:\/\/www.starremedies.com\/"},{"@type":"ListItem","position":2,"name":"Our Brands","item":"https:\/\/www.starremedies.com\/brands\/"},{"@type":"ListItem","position":3,"name":"Star Remedies Flower Essences","item":"https:\/\/www.starremedies.com\/brands\/starremedies\/"},{"@type":"ListItem","position":4,"name":"Star Remedies Flower Creams"}]},{"@type":"WebSite","@id":"https:\/\/www.starremedies.com\/#website","url":"https:\/\/www.starremedies.com\/","name":"Rem\u00e8des d'\u00e9toiles","description":"","publisher":{"@id":"https:\/\/www.starremedies.com\/#organization"},"potentialAction":[{"@type":"SearchAction","target":{"@type":"EntryPoint","urlTemplate":"https:\/\/www.starremedies.com\/?s={search_term_string}"},"query-input":{"@type":"PropertyValueSpecification","valueRequired":true,"valueName":"search_term_string"}}],"inLanguage":"fr-FR"},{"@type":"Organization","@id":"https:\/\/www.starremedies.com\/#organization","name":"Rem\u00e8des d'\u00e9toiles","url":"https:\/\/www.starremedies.com\/","logo":{"@type":"ImageObject","inLanguage":"fr-FR","@id":"https:\/\/www.starremedies.com\/#\/schema\/logo\/image\/","url":"https:\/\/www.starremedies.com\/wp-content\/uploads\/2016\/02\/srl.gif","contentUrl":"https:\/\/www.starremedies.com\/wp-content\/uploads\/2016\/02\/srl.gif","width":250,"height":250,"caption":"Star Remedies"},"image":{"@id":"https:\/\/www.starremedies.com\/#\/schema\/logo\/image\/"},"sameAs":["https:\/\/www.facebook.com\/starremedies\/","https:\/\/www.instagram.com\/starremedies\/"]}]}},"_links":{"self":[{"href":"https:\/\/www.starremedies.com\/fr\/wp-json\/wp\/v2\/pages\/3910","targetHints":{"allow":["GET"]}}],"collection":[{"href":"https:\/\/www.starremedies.com\/fr\/wp-json\/wp\/v2\/pages"}],"about":[{"href":"https:\/\/www.starremedies.com\/fr\/wp-json\/wp\/v2\/types\/page"}],"author":[{"embeddable":true,"href":"https:\/\/www.starremedies.com\/fr\/wp-json\/wp\/v2\/users\/1"}],"replies":[{"embeddable":true,"href":"https:\/\/www.starremedies.com\/fr\/wp-json\/wp\/v2\/comments?post=3910"}],"version-history":[{"count":10,"href":"https:\/\/www.starremedies.com\/fr\/wp-json\/wp\/v2\/pages\/3910\/revisions"}],"predecessor-version":[{"id":27984,"href":"https:\/\/www.starremedies.com\/fr\/wp-json\/wp\/v2\/pages\/3910\/revisions\/27984"}],"up":[{"embeddable":true,"href":"https:\/\/www.starremedies.com\/fr\/wp-json\/wp\/v2\/pages\/3856"}],"wp:attachment":[{"href":"https:\/\/www.starremedies.com\/fr\/wp-json\/wp\/v2\/media?parent=3910"}],"curies":[{"name":"wp","href":"https:\/\/api.w.org\/{rel}","templated":true}]}}