{"id":3801,"date":"2016-02-21T18:15:16","date_gmt":"2016-02-21T17:15:16","guid":{"rendered":"https:\/\/www.starremedies.com\/?page_id=3801"},"modified":"2025-01-30T14:13:34","modified_gmt":"2025-01-30T13:13:34","slug":"thegoldseries","status":"publish","type":"page","link":"https:\/\/www.starremedies.com\/fr\/brands\/indigoessences\/thegoldseries\/","title":{"rendered":"Indigo Essences - La s\u00e9rie Or"},"content":{"rendered":"<section class=\"section section_breadcrumbs\" id=\"section_876763776\">\n\t\t<div class=\"section-bg fill\" >\n\t\t\t\t\t\t\t\t\t\n\t\t\t\n\n\t\t<\/div>\n\n\t\t\n\n\t\t<div class=\"section-content relative\">\n\t\t\t\n<div class=\"row breadcrumbs-row\"  id=\"row-2069136513\">\n\n\t<div id=\"col-2067714774\" class=\"col small-12 large-12\"  >\n\t\t\t\t<div class=\"col-inner\"  >\n\t\t\t\n\t\t\t\n\t<div id=\"text-2422019978\" class=\"text breadcrumbs\">\n\t\t\n<span><span><a href=\"https:\/\/www.starremedies.com\/fr\/\">Accueil<\/a><\/span><\/span>\n\t\t\t<\/div>\n\t\n\t\t<\/div>\n\t\t\t\t\t<\/div>\n\n\t\n\n<style>\n#row-2069136513 > .col > .col-inner {\n  padding: 0px 0px 0px 0px;\n}\n<\/style>\n<\/div>\n\t\t<\/div>\n\n\t\t\n<style>\n#section_876763776 {\n  padding-top: 0px;\n  padding-bottom: 0px;\n  margin-bottom: 0px;\n}\n<\/style>\n\t<\/section>\n\t\n\n\t<section class=\"section products_row\" id=\"section_1430176479\">\n\t\t<div class=\"section-bg fill\" >\n\t\t\t\t\t\t\t\t\t\n\t\t\t\n\n\t\t<\/div>\n\n\t\t\n\n\t\t<div class=\"section-content relative\">\n\t\t\t\n<div class=\"row align-middle align-center\"  id=\"row-1824979234\">\n\n\t<div id=\"col-193091800\" class=\"col medium-3 small-9 large-3\"  >\n\t\t\t\t<div class=\"col-inner text-center\"  >\n\t\t\t\n\t\t\t\n\t<div class=\"img has-hover x md-x lg-x y md-y lg-y\" id=\"image_1120079858\">\n\t\t\t\t\t\t\t\t<div class=\"img-inner dark\" >\n\t\t\t<img decoding=\"async\" width=\"250\" height=\"250\" src=\"https:\/\/www.starremedies.com\/wp-content\/uploads\/2016\/02\/indigo.gif\" class=\"attachment-original size-original\" alt=\"\" \/>\t\t\t\t\t\t\n\t\t\t\t\t<\/div>\n\t\t\t\t\t\t\t\t\n<style>\n#image_1120079858 {\n  width: 50%;\n}\n<\/style>\n\t<\/div>\n\t\n\t\t<\/div>\n\t\t\t\t\t<\/div>\n\n\t\n\n\t<div id=\"col-599011068\" class=\"col small-12 large-12\"  >\n\t\t\t\t<div class=\"col-inner text-center\"  >\n\t\t\t\n\t\t\t\n\t<div id=\"text-3594001257\" class=\"text\">\n\t\t\n<h1>INDIGO ESSENCES - LA S\u00c9RIE OR<\/h1>\n\t\t\n<style>\n#text-3594001257 {\n  text-align: center;\n}\n<\/style>\n\t<\/div>\n\t\n\t\t<\/div>\n\t\t\t\t\t<\/div>\n\n\t\n<\/div>\n\t\t<\/div>\n\n\t\t\n<style>\n#section_1430176479 {\n  padding-top: 30px;\n  padding-bottom: 30px;\n  background-color: rgb(247, 247, 247);\n}\n<\/style>\n\t<\/section>\n\t\n\n\t<section class=\"section\" id=\"section_760578285\">\n\t\t<div class=\"section-bg fill\" >\n\t\t\t\t\t\t\t\t\t\n\t\t\t\n\n\t\t<\/div>\n\n\t\t\n\n\t\t<div class=\"section-content relative\">\n\t\t\t\n<div class=\"row\"  id=\"row-1663352532\">\n\n\t<div id=\"col-290880980\" class=\"col small-12 large-12\"  >\n\t\t\t\t<div class=\"col-inner\"  >\n\t\t\t\n\t\t\t\n<p>Ces essences sont l\u00e0 pour nous accompagner alors que nous entrons dans l'aube dor\u00e9e d'un nouveau niveau de conscience sur la plan\u00e8te Terre. Tout comme les Indigos nous ont aid\u00e9s \u00e0 sortir de l'obscurit\u00e9, les Gold Series nous aideront \u00e0 ancrer les \u00e9nergies de l'aube pendant que nous apprenons \u00e0 \u00eatre dans cette nouvelle vibration. Les jours, les semaines et les mois \u00e0 venir apporteront beaucoup de chaos alors que nous traversons la p\u00e9riode de transition. Il se peut que nous soyons t\u00e9moins d'\u00e9v\u00e9nements au niveau mondial qui nous rendent profond\u00e9ment tristes, en col\u00e8re ou d\u00e9sesp\u00e9r\u00e9s. Plut\u00f4t que de rester coinc\u00e9s dans ces \u00e9nergies, il est important que nous ancrions et vibrions des \u00e9nergies de V\u00e9rit\u00e9, d'Amour, de Paix et d'Espoir pour le plus haut et le meilleur r\u00e9sultat pour tous. Les essences de la S\u00e9rie Or sont l\u00e0 pour nous aider \u00e0 maintenir ces vibrations d'amour dans nos champs \u00e9nerg\u00e9tiques. En maintenant ces \u00e9nergies dans notre champ, nous affectons les autres autour de nous et les aidons \u00e0 trouver l'\u00e9quilibre.<\/p>\n<div class=\"container section-title-container\" style=\"margin-top:75px;\"><h3 class=\"section-title section-title-bold-center\"><b aria-hidden=\"true\"><\/b><span class=\"section-title-main\" >LA S\u00c9RIE GOLD - VUE D'ENSEMBLE DU PRODUIT<\/span><b aria-hidden=\"true\"><\/b><\/h3><\/div>\n\t\t<\/div>\n\t\t\t\t\t<\/div>\n\n\t\n\n\t<div id=\"col-1866179388\" class=\"col medium-6 small-12 large-3\"  >\n\t\t\t\t<div class=\"col-inner text-center\"  >\n\t\t\t\n\t\t\t\n\t<div id=\"text-844105311\" class=\"text\">\n\t\t\n<h4 class=\"uppercase\">Bulle d'amour<\/h4>\n\t\t\n<style>\n#text-844105311 {\n  font-size: 0.9rem;\n  text-align: center;\n}\n<\/style>\n\t<\/div>\n\t\n\t<div class=\"img has-hover x md-x lg-x y md-y lg-y\" id=\"image_692655601\">\n\t\t\t\t\t\t\t\t<div class=\"img-inner dark\" style=\"margin:0px 50px 0px 50px;\">\n\t\t\t<img decoding=\"async\" width=\"250\" height=\"250\" src=\"https:\/\/www.starremedies.com\/wp-content\/uploads\/2021\/08\/Bubble-of-Love1-1.jpg\" class=\"attachment-original size-original\" alt=\"\" srcset=\"https:\/\/www.starremedies.com\/wp-content\/uploads\/2021\/08\/Bubble-of-Love1-1.jpg 250w, https:\/\/www.starremedies.com\/wp-content\/uploads\/2021\/08\/Bubble-of-Love1-1-80x80.jpg 80w\" sizes=\"(max-width: 250px) 100vw, 250px\" \/>\t\t\t\t\t\t\n\t\t\t\t\t<\/div>\n\t\t\t\t\t\t\t\t\n<style>\n#image_692655601 {\n  width: 100%;\n}\n<\/style>\n\t<\/div>\n\t\n\t<div id=\"text-1592904084\" class=\"text\">\n\t\t\n<p>Cette essence canalis\u00e9e contient des \u00e9l\u00e9ments de l'ancienne \u00e9nergie f\u00e9minine de l'Irlande, une \u00e9nergie qui est \u00e0 la fois compatissante et extr\u00eamement forte. Cette essence nous aidera \u00e0 laisser aller les \u00e9nergies de p\u00e9nurie, de manque, de lutte et de conflit et \u00e0 maintenir dans notre champ les \u00e9nergies d'amour et de facilit\u00e9, qui sont notre droit de naissance. Maintenir l'\u00e9nergie de l'amour dans notre champ pendant cette p\u00e9riode de transition nous aidera, ainsi que les personnes qui nous entourent, \u00e0 rester dans notre c\u0153ur, quels que soient les conflits qui surgissent.<\/p>\n\t\t\n<style>\n#text-1592904084 {\n  font-size: 0.9rem;\n}\n<\/style>\n\t<\/div>\n\t\n\t\t<\/div>\n\t\t\t\t\t<\/div>\n\n\t\n\n\t<div id=\"col-388295103\" class=\"col medium-6 small-12 large-3\"  >\n\t\t\t\t<div class=\"col-inner text-center\"  >\n\t\t\t\n\t\t\t\n\t<div id=\"text-1693233029\" class=\"text\">\n\t\t\n<h4 class=\"uppercase\">Gratitude<\/h4>\n\t\t\n<style>\n#text-1693233029 {\n  font-size: 0.9rem;\n  text-align: center;\n}\n<\/style>\n\t<\/div>\n\t\n\t<div class=\"img has-hover x md-x lg-x y md-y lg-y\" id=\"image_1104940971\">\n\t\t\t\t\t\t\t\t<div class=\"img-inner image-cover dark\" style=\"padding-top:100%;margin:0px 50px 0px 50px;\">\n\t\t\t<img decoding=\"async\" width=\"166\" height=\"250\" src=\"https:\/\/www.starremedies.com\/wp-content\/uploads\/2018\/08\/GOLD_gratitude_360x-e1628153316808.png\" class=\"attachment-original size-original\" alt=\"\" \/>\t\t\t\t\t\t\n\t\t\t\t\t<\/div>\n\t\t\t\t\t\t\t\t\n<style>\n#image_1104940971 {\n  width: 72%;\n}\n<\/style>\n\t<\/div>\n\t\n\t<div id=\"text-3028751738\" class=\"text\">\n\t\t\n<p>Se connecter \u00e0 l'\u00e9nergie de la gratitude \u00e9l\u00e8ve notre vibration et constitue un outil important les jours o\u00f9 nous nous sentons craintifs ou d\u00e9prim\u00e9s. La loi de l'attraction s'applique \u00e0 nos pens\u00e9es tout autant qu'aux manifestations mat\u00e9rielles. Ainsi, si vous vous sentez d\u00e9prim\u00e9, la loi de l'attraction attirera davantage de pens\u00e9es d\u00e9pressives dans votre champ, ce qui abaissera votre vibration et entra\u00eenera une spirale descendante de n\u00e9gativit\u00e9. Lorsque vous vous sentez d\u00e9prim\u00e9, asseyez-vous avec gratitude et, en quelques minutes, vous sentirez une l\u00e9g\u00e8ret\u00e9 s'installer dans votre \u00eatre. Cette l\u00e9g\u00e8ret\u00e9 attirera d'autres pens\u00e9es semblables et c'est ainsi que vous pourrez \u00e9lever votre vibration.<\/p>\n\t\t\n<style>\n#text-3028751738 {\n  font-size: 0.9rem;\n}\n<\/style>\n\t<\/div>\n\t\n\t\t<\/div>\n\t\t\t\t\t<\/div>\n\n\t\n\n\t<div id=\"col-1226771727\" class=\"col medium-6 small-12 large-3\"  >\n\t\t\t\t<div class=\"col-inner text-center\"  >\n\t\t\t\n\t\t\t\n\t<div id=\"text-3421534739\" class=\"text\">\n\t\t\n<h4 class=\"uppercase\">La paix<\/h4>\n\t\t\n<style>\n#text-3421534739 {\n  font-size: 0.9rem;\n  text-align: center;\n}\n<\/style>\n\t<\/div>\n\t\n\t<div class=\"img has-hover x md-x lg-x y md-y lg-y\" id=\"image_1978703624\">\n\t\t\t\t\t\t\t\t<div class=\"img-inner image-cover dark\" style=\"padding-top:100%;margin:0px 50px 0px 50px;\">\n\t\t\t<img decoding=\"async\" width=\"166\" height=\"250\" src=\"https:\/\/www.starremedies.com\/wp-content\/uploads\/2018\/08\/GOLD_peace_360x-e1628153383919.png\" class=\"attachment-original size-original\" alt=\"\" \/>\t\t\t\t\t\t\n\t\t\t\t\t<\/div>\n\t\t\t\t\t\t\t\t\n<style>\n#image_1978703624 {\n  width: 74%;\n}\n<\/style>\n\t<\/div>\n\t\n\t<div id=\"text-5377717\" class=\"text\">\n\t\t\n<p>L'essence de la Paix, telle que canalis\u00e9e par un jeune gar\u00e7on tr\u00e8s merveilleux appel\u00e9 Josh. En temps de guerre et de chaos, asseyez-vous avec cette essence pour apporter l'\u00e9nergie de la paix dans votre champ. En commen\u00e7ant \u00e0 vibrer pour la paix, vous inciterez les gens autour de vous \u00e0 faire de m\u00eame. Mettez des gouttes de cette essence dans un bol d'eau dans un endroit central de votre maison pour aider \u00e0 amener l'\u00e9nergie de la paix dans votre espace.<\/p>\n\t\t\n<style>\n#text-5377717 {\n  font-size: 0.9rem;\n}\n<\/style>\n\t<\/div>\n\t\n\t\t<\/div>\n\t\t\t\t\t<\/div>\n\n\t\n\n\t<div id=\"col-1549318658\" class=\"col medium-6 small-12 large-3\"  >\n\t\t\t\t<div class=\"col-inner text-center\"  >\n\t\t\t\n\t\t\t\n\t<div id=\"text-245254604\" class=\"text\">\n\t\t\n<h4 class=\"uppercase\">Les vraies couleurs<\/h4>\n\t\t\n<style>\n#text-245254604 {\n  font-size: 0.9rem;\n  text-align: center;\n}\n<\/style>\n\t<\/div>\n\t\n\t<div class=\"img has-hover x md-x lg-x y md-y lg-y\" id=\"image_253923163\">\n\t\t\t\t\t\t\t\t<div class=\"img-inner image-cover dark\" style=\"padding-top:100%;margin:0px 50px 0px 50px;\">\n\t\t\t<img decoding=\"async\" width=\"166\" height=\"250\" src=\"https:\/\/www.starremedies.com\/wp-content\/uploads\/2018\/08\/GOLD_true_colours_360x-e1628153485407.png\" class=\"attachment-original size-original\" alt=\"\" \/>\t\t\t\t\t\t\n\t\t\t\t\t<\/div>\n\t\t\t\t\t\t\t\t\n<style>\n#image_253923163 {\n  width: 72%;\n}\n<\/style>\n\t<\/div>\n\t\n\t<div id=\"text-2008498993\" class=\"text\">\n\t\t\n<p>True Colours est une essence profond\u00e9ment nourrissante qui nous remplit d'\u00e9nergie maternelle, qui est un autre terme pour l'amour inconditionnel. Pour les hommes et les femmes, cette essence comblera tous les vides laiss\u00e9s par le manque d'amour maternel, ou le manque d'acceptation de l'amour maternel qui peut conduire \u00e0 un manque d'acceptation de soi et donc \u00e0 des tentatives de s'adapter \u00e0 la soci\u00e9t\u00e9 en changeant qui nous sommes. Cette essence nous aidera \u00e9galement \u00e0 nous sentir totalement \u00e0 l'aise avec nous-m\u00eames et nous aidera \u00e0 savoir que nous sommes ok, qu'il est ok de dire la v\u00e9rit\u00e9 sur qui nous sommes et ce que nous ressentons m\u00eame si c'est diff\u00e9rent de ce que la majorit\u00e9 des gens ressentent.<\/p>\n\t\t\n<style>\n#text-2008498993 {\n  font-size: 0.9rem;\n}\n<\/style>\n\t<\/div>\n\t\n\t\t<\/div>\n\t\t\t\t\t<\/div>\n\n\t\n\n\t<div id=\"col-1253632454\" class=\"col small-12 large-12\"  >\n\t\t\t\t<div class=\"col-inner\"  >\n\t\t\t\n\t\t\t\n<h2>Acheter Indigo Essences<\/h2>\n<p>Les Indigo Essences peuvent \u00eatre command\u00e9es s\u00e9par\u00e9ment \u00e0 l'adresse suivante\u00a0<a href=\"https:\/\/www.starremediesshop.com\/fr\/indigoessences\/\" target=\"_blank\" rel=\"noopener\">starremediesshop.com<\/a><\/p>\n<p>Vous \u00eates entrepreneur, professionnel ou th\u00e9rapeute, et vous \u00eates int\u00e9ress\u00e9 par les produits Star Remedies.\u00a0<a href=\"https:\/\/www.starremedies.com\/fr\/companies\/\">S'inscrire via le formulaire d'inscription pour les entreprises<\/a>\u00a0et pour les th\u00e9rapeutes et les professionnels,\u00a0<a href=\"https:\/\/www.starremedies.com\/fr\/companies\/\">le formulaire d'inscription pour les professionnels<\/a>.<\/p>\n\t\t<\/div>\n\t\t\t\t\n<style>\n#col-1253632454 > .col-inner {\n  padding: 75px 0px 0px 0px;\n}\n<\/style>\n\t<\/div>\n\n\t\n<\/div>\n\t\t<\/div>\n\n\t\t\n<style>\n#section_760578285 {\n  padding-top: 30px;\n  padding-bottom: 30px;\n}\n<\/style>\n\t<\/section>","protected":false},"excerpt":{"rendered":"","protected":false},"author":1,"featured_media":0,"parent":3741,"menu_order":0,"comment_status":"closed","ping_status":"closed","template":"page-blank.php","meta":{"footnotes":""},"class_list":["post-3801","page","type-page","status-publish","hentry"],"yoast_head":"<!-- This site is optimized with the Yoast SEO plugin v27.3 - https:\/\/yoast.com\/product\/yoast-seo-wordpress\/ -->\n<title>Indigo Essences - The Gold Series - Star Remedies<\/title>\n<meta name=\"description\" content=\"The Gold Series helps change general consciousness. This allows you to better incorporate the new energies and vibrations into your being.\" \/>\n<meta name=\"robots\" content=\"index, follow, max-snippet:-1, max-image-preview:large, max-video-preview:-1\" \/>\n<link rel=\"canonical\" href=\"https:\/\/www.starremedies.com\/fr\/brands\/indigoessences\/thegoldseries\/\" \/>\n<meta property=\"og:locale\" content=\"fr_FR\" \/>\n<meta property=\"og:type\" content=\"article\" \/>\n<meta property=\"og:title\" content=\"Indigo Essences - The Gold Series - Star Remedies\" \/>\n<meta property=\"og:description\" content=\"The Gold Series helps change general consciousness. This allows you to better incorporate the new energies and vibrations into your being.\" \/>\n<meta property=\"og:url\" content=\"https:\/\/www.starremedies.com\/fr\/brands\/indigoessences\/thegoldseries\/\" \/>\n<meta property=\"og:site_name\" content=\"Star Remedies\" \/>\n<meta property=\"article:publisher\" content=\"https:\/\/www.facebook.com\/starremedies\/\" \/>\n<meta property=\"article:modified_time\" content=\"2025-01-30T13:13:34+00:00\" \/>\n<meta name=\"twitter:card\" content=\"summary_large_image\" \/>\n<script type=\"application\/ld+json\" class=\"yoast-schema-graph\">{\"@context\":\"https:\\\/\\\/schema.org\",\"@graph\":[{\"@type\":\"WebPage\",\"@id\":\"https:\\\/\\\/www.starremedies.com\\\/brands\\\/indigoessences\\\/thegoldseries\\\/\",\"url\":\"https:\\\/\\\/www.starremedies.com\\\/brands\\\/indigoessences\\\/thegoldseries\\\/\",\"name\":\"Indigo Essences - The Gold Series - Star Remedies\",\"isPartOf\":{\"@id\":\"https:\\\/\\\/www.starremedies.com\\\/#website\"},\"datePublished\":\"2016-02-21T17:15:16+00:00\",\"dateModified\":\"2025-01-30T13:13:34+00:00\",\"description\":\"The Gold Series helps change general consciousness. This allows you to better incorporate the new energies and vibrations into your being.\",\"breadcrumb\":{\"@id\":\"https:\\\/\\\/www.starremedies.com\\\/brands\\\/indigoessences\\\/thegoldseries\\\/#breadcrumb\"},\"inLanguage\":\"fr-FR\",\"potentialAction\":[{\"@type\":\"ReadAction\",\"target\":[\"https:\\\/\\\/www.starremedies.com\\\/brands\\\/indigoessences\\\/thegoldseries\\\/\"]}]},{\"@type\":\"BreadcrumbList\",\"@id\":\"https:\\\/\\\/www.starremedies.com\\\/brands\\\/indigoessences\\\/thegoldseries\\\/#breadcrumb\",\"itemListElement\":[{\"@type\":\"ListItem\",\"position\":1,\"name\":\"Home\",\"item\":\"https:\\\/\\\/www.starremedies.com\\\/\"},{\"@type\":\"ListItem\",\"position\":2,\"name\":\"Our Brands\",\"item\":\"https:\\\/\\\/www.starremedies.com\\\/brands\\\/\"},{\"@type\":\"ListItem\",\"position\":3,\"name\":\"Indigo Essences for children by Ann Callaghan\",\"item\":\"https:\\\/\\\/www.starremedies.com\\\/brands\\\/indigoessences\\\/\"},{\"@type\":\"ListItem\",\"position\":4,\"name\":\"Indigo Essences &#8211; The Gold Series\"}]},{\"@type\":\"WebSite\",\"@id\":\"https:\\\/\\\/www.starremedies.com\\\/#website\",\"url\":\"https:\\\/\\\/www.starremedies.com\\\/\",\"name\":\"Star Remedies\",\"description\":\"\",\"publisher\":{\"@id\":\"https:\\\/\\\/www.starremedies.com\\\/#organization\"},\"potentialAction\":[{\"@type\":\"SearchAction\",\"target\":{\"@type\":\"EntryPoint\",\"urlTemplate\":\"https:\\\/\\\/www.starremedies.com\\\/?s={search_term_string}\"},\"query-input\":{\"@type\":\"PropertyValueSpecification\",\"valueRequired\":true,\"valueName\":\"search_term_string\"}}],\"inLanguage\":\"fr-FR\"},{\"@type\":\"Organization\",\"@id\":\"https:\\\/\\\/www.starremedies.com\\\/#organization\",\"name\":\"Star Remedies\",\"url\":\"https:\\\/\\\/www.starremedies.com\\\/\",\"logo\":{\"@type\":\"ImageObject\",\"inLanguage\":\"fr-FR\",\"@id\":\"https:\\\/\\\/www.starremedies.com\\\/#\\\/schema\\\/logo\\\/image\\\/\",\"url\":\"https:\\\/\\\/www.starremedies.com\\\/wp-content\\\/uploads\\\/2016\\\/02\\\/srl.gif\",\"contentUrl\":\"https:\\\/\\\/www.starremedies.com\\\/wp-content\\\/uploads\\\/2016\\\/02\\\/srl.gif\",\"width\":250,\"height\":250,\"caption\":\"Star Remedies\"},\"image\":{\"@id\":\"https:\\\/\\\/www.starremedies.com\\\/#\\\/schema\\\/logo\\\/image\\\/\"},\"sameAs\":[\"https:\\\/\\\/www.facebook.com\\\/starremedies\\\/\",\"https:\\\/\\\/www.instagram.com\\\/starremedies\\\/\"]}]}<\/script>\n<!-- \/ Yoast SEO plugin. -->","yoast_head_json":{"title":"Indigo Essences - La s\u00e9rie Gold - Star Remedies","description":"La S\u00e9rie Or aide \u00e0 changer la conscience g\u00e9n\u00e9rale. Cela vous permet de mieux int\u00e9grer les nouvelles \u00e9nergies et vibrations dans votre \u00eatre.","robots":{"index":"index","follow":"follow","max-snippet":"max-snippet:-1","max-image-preview":"max-image-preview:large","max-video-preview":"max-video-preview:-1"},"canonical":"https:\/\/www.starremedies.com\/fr\/brands\/indigoessences\/thegoldseries\/","og_locale":"fr_FR","og_type":"article","og_title":"Indigo Essences - The Gold Series - Star Remedies","og_description":"The Gold Series helps change general consciousness. This allows you to better incorporate the new energies and vibrations into your being.","og_url":"https:\/\/www.starremedies.com\/fr\/brands\/indigoessences\/thegoldseries\/","og_site_name":"Star Remedies","article_publisher":"https:\/\/www.facebook.com\/starremedies\/","article_modified_time":"2025-01-30T13:13:34+00:00","twitter_card":"summary_large_image","schema":{"@context":"https:\/\/schema.org","@graph":[{"@type":"WebPage","@id":"https:\/\/www.starremedies.com\/brands\/indigoessences\/thegoldseries\/","url":"https:\/\/www.starremedies.com\/brands\/indigoessences\/thegoldseries\/","name":"Indigo Essences - La s\u00e9rie Gold - Star Remedies","isPartOf":{"@id":"https:\/\/www.starremedies.com\/#website"},"datePublished":"2016-02-21T17:15:16+00:00","dateModified":"2025-01-30T13:13:34+00:00","description":"La S\u00e9rie Or aide \u00e0 changer la conscience g\u00e9n\u00e9rale. Cela vous permet de mieux int\u00e9grer les nouvelles \u00e9nergies et vibrations dans votre \u00eatre.","breadcrumb":{"@id":"https:\/\/www.starremedies.com\/brands\/indigoessences\/thegoldseries\/#breadcrumb"},"inLanguage":"fr-FR","potentialAction":[{"@type":"ReadAction","target":["https:\/\/www.starremedies.com\/brands\/indigoessences\/thegoldseries\/"]}]},{"@type":"BreadcrumbList","@id":"https:\/\/www.starremedies.com\/brands\/indigoessences\/thegoldseries\/#breadcrumb","itemListElement":[{"@type":"ListItem","position":1,"name":"Home","item":"https:\/\/www.starremedies.com\/"},{"@type":"ListItem","position":2,"name":"Our Brands","item":"https:\/\/www.starremedies.com\/brands\/"},{"@type":"ListItem","position":3,"name":"Indigo Essences for children by Ann Callaghan","item":"https:\/\/www.starremedies.com\/brands\/indigoessences\/"},{"@type":"ListItem","position":4,"name":"Indigo Essences &#8211; The Gold Series"}]},{"@type":"WebSite","@id":"https:\/\/www.starremedies.com\/#website","url":"https:\/\/www.starremedies.com\/","name":"Rem\u00e8des d'\u00e9toiles","description":"","publisher":{"@id":"https:\/\/www.starremedies.com\/#organization"},"potentialAction":[{"@type":"SearchAction","target":{"@type":"EntryPoint","urlTemplate":"https:\/\/www.starremedies.com\/?s={search_term_string}"},"query-input":{"@type":"PropertyValueSpecification","valueRequired":true,"valueName":"search_term_string"}}],"inLanguage":"fr-FR"},{"@type":"Organization","@id":"https:\/\/www.starremedies.com\/#organization","name":"Rem\u00e8des d'\u00e9toiles","url":"https:\/\/www.starremedies.com\/","logo":{"@type":"ImageObject","inLanguage":"fr-FR","@id":"https:\/\/www.starremedies.com\/#\/schema\/logo\/image\/","url":"https:\/\/www.starremedies.com\/wp-content\/uploads\/2016\/02\/srl.gif","contentUrl":"https:\/\/www.starremedies.com\/wp-content\/uploads\/2016\/02\/srl.gif","width":250,"height":250,"caption":"Star Remedies"},"image":{"@id":"https:\/\/www.starremedies.com\/#\/schema\/logo\/image\/"},"sameAs":["https:\/\/www.facebook.com\/starremedies\/","https:\/\/www.instagram.com\/starremedies\/"]}]}},"_links":{"self":[{"href":"https:\/\/www.starremedies.com\/fr\/wp-json\/wp\/v2\/pages\/3801","targetHints":{"allow":["GET"]}}],"collection":[{"href":"https:\/\/www.starremedies.com\/fr\/wp-json\/wp\/v2\/pages"}],"about":[{"href":"https:\/\/www.starremedies.com\/fr\/wp-json\/wp\/v2\/types\/page"}],"author":[{"embeddable":true,"href":"https:\/\/www.starremedies.com\/fr\/wp-json\/wp\/v2\/users\/1"}],"replies":[{"embeddable":true,"href":"https:\/\/www.starremedies.com\/fr\/wp-json\/wp\/v2\/comments?post=3801"}],"version-history":[{"count":8,"href":"https:\/\/www.starremedies.com\/fr\/wp-json\/wp\/v2\/pages\/3801\/revisions"}],"predecessor-version":[{"id":27834,"href":"https:\/\/www.starremedies.com\/fr\/wp-json\/wp\/v2\/pages\/3801\/revisions\/27834"}],"up":[{"embeddable":true,"href":"https:\/\/www.starremedies.com\/fr\/wp-json\/wp\/v2\/pages\/3741"}],"wp:attachment":[{"href":"https:\/\/www.starremedies.com\/fr\/wp-json\/wp\/v2\/media?parent=3801"}],"curies":[{"name":"wp","href":"https:\/\/api.w.org\/{rel}","templated":true}]}}