{"id":3794,"date":"2016-02-21T18:06:26","date_gmt":"2016-02-21T17:06:26","guid":{"rendered":"https:\/\/www.starremedies.com\/?page_id=3794"},"modified":"2025-02-05T10:29:07","modified_gmt":"2025-02-05T09:29:07","slug":"pinkessenceblends","status":"publish","type":"page","link":"https:\/\/www.starremedies.com\/fr\/brands\/indigoessences\/pinkessenceblends\/","title":{"rendered":"Indigo Essences - M\u00e9langes d'essences roses"},"content":{"rendered":"<section class=\"section section_breadcrumbs\" id=\"section_2029654093\">\n\t\t<div class=\"section-bg fill\" >\n\t\t\t\t\t\t\t\t\t\n\t\t\t\n\n\t\t<\/div>\n\n\t\t\n\n\t\t<div class=\"section-content relative\">\n\t\t\t\n<div class=\"row breadcrumbs-row\"  id=\"row-837725395\">\n\n\t<div id=\"col-1359391061\" class=\"col small-12 large-12\"  >\n\t\t\t\t<div class=\"col-inner\"  >\n\t\t\t\n\t\t\t\n\t<div id=\"text-355254848\" class=\"text breadcrumbs\">\n\t\t\n<span><span><a href=\"https:\/\/www.starremedies.com\/fr\/\">Accueil<\/a><\/span><\/span>\n\t\t\t<\/div>\n\t\n\t\t<\/div>\n\t\t\t\t\t<\/div>\n\n\t\n\n<style>\n#row-837725395 > .col > .col-inner {\n  padding: 0px 0px 0px 0px;\n}\n<\/style>\n<\/div>\n\t\t<\/div>\n\n\t\t\n<style>\n#section_2029654093 {\n  padding-top: 0px;\n  padding-bottom: 0px;\n  margin-bottom: 0px;\n}\n<\/style>\n\t<\/section>\n\t\n\n\t<section class=\"section products_row\" id=\"section_1378090431\">\n\t\t<div class=\"section-bg fill\" >\n\t\t\t\t\t\t\t\t\t\n\t\t\t\n\n\t\t<\/div>\n\n\t\t\n\n\t\t<div class=\"section-content relative\">\n\t\t\t\n<div class=\"row align-middle align-center\"  id=\"row-1508772230\">\n\n\t<div id=\"col-873207286\" class=\"col medium-3 small-9 large-3\"  >\n\t\t\t\t<div class=\"col-inner text-center\"  >\n\t\t\t\n\t\t\t\n\t<div class=\"img has-hover x md-x lg-x y md-y lg-y\" id=\"image_1090768835\">\n\t\t\t\t\t\t\t\t<div class=\"img-inner dark\" >\n\t\t\t<img decoding=\"async\" width=\"250\" height=\"250\" src=\"https:\/\/www.starremedies.com\/wp-content\/uploads\/2016\/02\/indigo.gif\" class=\"attachment-original size-original\" alt=\"\" \/>\t\t\t\t\t\t\n\t\t\t\t\t<\/div>\n\t\t\t\t\t\t\t\t\n<style>\n#image_1090768835 {\n  width: 50%;\n}\n<\/style>\n\t<\/div>\n\t\n\t\t<\/div>\n\t\t\t\t\t<\/div>\n\n\t\n\n\t<div id=\"col-432997284\" class=\"col small-12 large-12\"  >\n\t\t\t\t<div class=\"col-inner text-center\"  >\n\t\t\t\n\t\t\t\n\t<div id=\"text-1403234262\" class=\"text\">\n\t\t\n<h1>ESSENCES INDIGO - M\u00c9LANGES D'ESSENCES ROSES<\/h1>\n\t\t\n<style>\n#text-1403234262 {\n  text-align: center;\n}\n<\/style>\n\t<\/div>\n\t\n\t\t<\/div>\n\t\t\t\t\t<\/div>\n\n\t\n<\/div>\n\t\t<\/div>\n\n\t\t\n<style>\n#section_1378090431 {\n  padding-top: 30px;\n  padding-bottom: 30px;\n  background-color: rgb(247, 247, 247);\n}\n<\/style>\n\t<\/section>\n\t\n\n\t<section class=\"section\" id=\"section_714692048\">\n\t\t<div class=\"section-bg fill\" >\n\t\t\t\t\t\t\t\t\t\n\t\t\t\n\n\t\t<\/div>\n\n\t\t\n\n\t\t<div class=\"section-content relative\">\n\t\t\t\n<div class=\"row\"  id=\"row-1400947991\">\n\n\t<div id=\"col-1062201487\" class=\"col medium-10 small-12 large-10\"  >\n\t\t\t\t<div class=\"col-inner\"  >\n\t\t\t\n\t\t\t\n<p>Un ensemble de quatre m\u00e9langes d'essences pour vous aider \u00e0 faire les derniers pr\u00e9paratifs pour votre changement de conscience. Il est pr\u00e9f\u00e9rable de prendre ces m\u00e9langes l'un apr\u00e8s l'autre. Les Roses vibrent \u00e0 528 hz, parfois connu comme la fr\u00e9quence de l'Amour et viennent d'une dimension o\u00f9 le plan original de la conscience sup\u00e9rieure est intact. Ils sont venus offrir leurs \u00e9nergies pour soutenir notre transition de la peur \u00e0 l'amour. Ils nous aideront \u00e0 entrer dans notre nouvelle vibration en maintenant des \u00e9nergies de dimension sup\u00e9rieure dans notre champ, ce qui facilitera notre transition.<\/p>\n<p>Les Pinks aideront \u00e9galement \u00e0 ancrer une vibration plus \u00e9lev\u00e9e dans l'espace que vous habitez. De cette fa\u00e7on, ils sont un compl\u00e9ment merveilleux \u00e0 une salle de th\u00e9rapie ou \u00e0 un espace sacr\u00e9. Plac\u00e9es dans la maison, elles peuvent aider \u00e0 \u00e9lever la vibration du b\u00e2timent, ce qui est particuli\u00e8rement utile aux nouveaux enfants tr\u00e8s sensibles qui trouvent les \u00e9nergies plus basses et plus anciennes difficiles \u00e0 vivre.<\/p>\n<p>Les 13 essences roses originales ont \u00e9t\u00e9 canalis\u00e9es en 2006 et produites sous forme de 13 bouteilles individuelles et d'un coffret. Nous souhaitons maintenant les proposer dans un groupe plus facile \u00e0 g\u00e9rer de 4 m\u00e9langes. Si vous pr\u00e9f\u00e9rez prendre une seule essence rose ou si votre th\u00e9rapeute vous a demand\u00e9 de prendre une seule essence rose, s\u00e9lectionnez le m\u00e9lange contenant votre essence et indiquez le nombre dont vous avez besoin dans la case commentaire \u00e0 la caisse et nous vous enverrons ce flacon individuel.<\/p>\n\t\t<\/div>\n\t\t\t\t\t<\/div>\n\n\t\n\n\t<div id=\"col-1449654081\" class=\"col medium-2 small-12 large-2\"  >\n\t\t\t\t<div class=\"col-inner\"  >\n\t\t\t\n\t\t\t\n\t<div class=\"img has-hover x md-x lg-x y md-y lg-y\" id=\"image_824055728\">\n\t\t\t\t\t\t\t\t<div class=\"img-inner dark\" >\n\t\t\t<img decoding=\"async\" width=\"316\" height=\"247\" src=\"https:\/\/www.starremedies.com\/wp-content\/uploads\/2016\/02\/indigo-pink.gif\" class=\"attachment-original size-original\" alt=\"\" \/>\t\t\t\t\t\t\n\t\t\t\t\t<\/div>\n\t\t\t\t\t\t\t\t\n<style>\n#image_824055728 {\n  width: 100%;\n}\n<\/style>\n\t<\/div>\n\t\n\t\t<\/div>\n\t\t\t\t\t<\/div>\n\n\t\n\n\t<div id=\"col-298217664\" class=\"col small-12 large-12\"  >\n\t\t\t\t<div class=\"col-inner\"  >\n\t\t\t\n\t\t\t\n<div class=\"container section-title-container\" style=\"margin-top:75px;\"><h2 class=\"section-title section-title-bold-center\"><b aria-hidden=\"true\"><\/b><span class=\"section-title-main\" >M\u00c9LANGES D'ESSENCES ROSES - APER\u00c7U DES PRODUITS<\/span><b aria-hidden=\"true\"><\/b><\/h2><\/div>\n\t\t<\/div>\n\t\t\t\t\t<\/div>\n\n\t\n\n\t<div id=\"col-1947582810\" class=\"col medium-6 small-12 large-3\"  >\n\t\t\t\t<div class=\"col-inner text-center\"  >\n\t\t\t\n\t\t\t\n\t<div id=\"text-3101432364\" class=\"text\">\n\t\t\n<h3 class=\"uppercase\">Obtenir l'ensemble<\/h3>\n\t\t\n<style>\n#text-3101432364 {\n  font-size: 0.9rem;\n  text-align: center;\n}\n<\/style>\n\t<\/div>\n\t\n\t<div class=\"img has-hover x md-x lg-x y md-y lg-y\" id=\"image_120671097\">\n\t\t\t\t\t\t\t\t<div class=\"img-inner dark\" style=\"margin:25px 50px 25px 50px;\">\n\t\t\t<img decoding=\"async\" width=\"185\" height=\"82\" src=\"https:\/\/www.starremedies.com\/wp-content\/uploads\/2016\/02\/indigi-getset.gif\" class=\"attachment-original size-original\" alt=\"\" \/>\t\t\t\t\t\t\n\t\t\t\t\t<\/div>\n\t\t\t\t\t\t\t\t\n<style>\n#image_120671097 {\n  width: 100%;\n}\n<\/style>\n\t<\/div>\n\t\n\t<div id=\"text-1301115861\" class=\"text\">\n\t\t\n<p>M\u00e9lange d'essences roses 6, 7, 8 et 12<br \/>\nL\u00e2chez toutes les croyances d\u00e9form\u00e9es sur l'amour de soi, rafra\u00eechissez et renouvelez votre \u00e9nergie, r\u00e9veillez les potentiels de votre ADN et enfin lib\u00e9rez-vous de tous les liens qui vous unissent aux personnes qui n'ont pas r\u00e9ussi \u00e0 atteindre leur but dans la vie.<\/p>\n\t\t\n<style>\n#text-1301115861 {\n  font-size: 0.9rem;\n}\n<\/style>\n\t<\/div>\n\t\n\t\t<\/div>\n\t\t\t\t\t<\/div>\n\n\t\n\n\t<div id=\"col-1149587422\" class=\"col medium-6 small-12 large-3\"  >\n\t\t\t\t<div class=\"col-inner text-center\"  >\n\t\t\t\n\t\t\t\n\t<div id=\"text-1419869703\" class=\"text\">\n\t\t\n<h3 class=\"uppercase\">pr\u00eat<\/h3>\n\t\t\n<style>\n#text-1419869703 {\n  font-size: 0.9rem;\n  text-align: center;\n}\n<\/style>\n\t<\/div>\n\t\n\t<div class=\"img has-hover x md-x lg-x y md-y lg-y\" id=\"image_830335658\">\n\t\t\t\t\t\t\t\t<div class=\"img-inner dark\" style=\"margin:25px 50px 25px 50px;\">\n\t\t\t<img decoding=\"async\" width=\"178\" height=\"82\" src=\"https:\/\/www.starremedies.com\/wp-content\/uploads\/2016\/02\/indigo-ready.gif\" class=\"attachment-original size-original\" alt=\"\" \/>\t\t\t\t\t\t\n\t\t\t\t\t<\/div>\n\t\t\t\t\t\t\t\t\n<style>\n#image_830335658 {\n  width: 100%;\n}\n<\/style>\n\t<\/div>\n\t\n\t<div id=\"text-1331337826\" class=\"text\">\n\t\t\n<p>M\u00e9lange d'essences roses 2, 3 et 4<br \/>\nConnectez-vous \u00e0 votre \u00e9quipe de gu\u00e9rison, int\u00e9grez les informations t\u00e9l\u00e9charg\u00e9es et connectez-vous \u00e0 un sens plus fort de votre moi, de votre \u00catre souverain I AM.<\/p>\n\t\t\n<style>\n#text-1331337826 {\n  font-size: 0.9rem;\n}\n<\/style>\n\t<\/div>\n\t\n\t\t<\/div>\n\t\t\t\t\t<\/div>\n\n\t\n\n\t<div id=\"col-2077288714\" class=\"col medium-6 small-12 large-3\"  >\n\t\t\t\t<div class=\"col-inner text-center\"  >\n\t\t\t\n\t\t\t\n\t<div id=\"text-1764339189\" class=\"text\">\n\t\t\n<h3 class=\"uppercase\">aller<\/h3>\n\t\t\n<style>\n#text-1764339189 {\n  font-size: 0.9rem;\n  text-align: center;\n}\n<\/style>\n\t<\/div>\n\t\n\t<div class=\"img has-hover x md-x lg-x y md-y lg-y\" id=\"image_1264287191\">\n\t\t\t\t\t\t\t\t<div class=\"img-inner dark\" style=\"margin:25px 50px 25px 50px;\">\n\t\t\t<img decoding=\"async\" width=\"184\" height=\"82\" src=\"https:\/\/www.starremedies.com\/wp-content\/uploads\/2016\/02\/indigo-go.gif\" class=\"attachment-original size-original\" alt=\"\" \/>\t\t\t\t\t\t\n\t\t\t\t\t<\/div>\n\t\t\t\t\t\t\t\t\n<style>\n#image_1264287191 {\n  width: 100%;\n}\n<\/style>\n\t<\/div>\n\t\n\t<div id=\"text-3605450870\" class=\"text\">\n\t\t\n<p>M\u00e9lange d'essences roses 5 &amp; 13 Connectez-vous \u00e0 l'\u00e9nergie de la Source et ..... sautez dans votre nouvelle mission<\/p>\n\t\t\n<style>\n#text-3605450870 {\n  font-size: 0.9rem;\n}\n<\/style>\n\t<\/div>\n\t\n\t\t<\/div>\n\t\t\t\t\t<\/div>\n\n\t\n\n\t<div id=\"col-299275468\" class=\"col medium-6 small-12 large-3\"  >\n\t\t\t\t<div class=\"col-inner text-center\"  >\n\t\t\t\n\t\t\t\n\t<div id=\"text-3586784386\" class=\"text\">\n\t\t\n<h3 class=\"uppercase\">Stable<\/h3>\n\t\t\n<style>\n#text-3586784386 {\n  font-size: 0.9rem;\n  text-align: center;\n}\n<\/style>\n\t<\/div>\n\t\n\t<div class=\"img has-hover x md-x lg-x y md-y lg-y\" id=\"image_169493823\">\n\t\t\t\t\t\t\t\t<div class=\"img-inner dark\" style=\"margin:25px 50px 25px 50px;\">\n\t\t\t<img decoding=\"async\" width=\"184\" height=\"82\" src=\"https:\/\/www.starremedies.com\/wp-content\/uploads\/2016\/02\/indigo-steady.gif\" class=\"attachment-original size-original\" alt=\"\" \/>\t\t\t\t\t\t\n\t\t\t\t\t<\/div>\n\t\t\t\t\t\t\t\t\n<style>\n#image_169493823 {\n  width: 100%;\n}\n<\/style>\n\t<\/div>\n\t\n\t<div id=\"text-58021464\" class=\"text\">\n\t\t\n<p>M\u00e9lange d'essences roses 1, 9, 10 et 11<br \/>\nInt\u00e9grez et reconnectez tous les aspects de vous-m\u00eame, lib\u00e9rez les \u00e9nergies restantes d'abus de pouvoir, transmutez les peurs restantes et compl\u00e9tez le karma familial ou ancestral.<\/p>\n\t\t\n<style>\n#text-58021464 {\n  font-size: 0.9rem;\n}\n<\/style>\n\t<\/div>\n\t\n\t\t<\/div>\n\t\t\t\t\t<\/div>\n\n\t\n\n\t<div id=\"col-1043726731\" class=\"col small-12 large-12\"  >\n\t\t\t\t<div class=\"col-inner\"  >\n\t\t\t\n\t\t\t\n<h2>Acheter Indigo Essences<\/h2>\n<p>Les Indigo Essences peuvent \u00eatre command\u00e9es s\u00e9par\u00e9ment \u00e0 l'adresse suivante\u00a0<a href=\"https:\/\/www.starremediesshop.com\/fr\/indigoessences\/\" target=\"_blank\" rel=\"noopener\">starremediesshop.com<\/a><\/p>\n<p>Vous \u00eates entrepreneur, professionnel ou th\u00e9rapeute, et vous \u00eates int\u00e9ress\u00e9 par les produits Star Remedies.\u00a0<a href=\"https:\/\/www.starremedies.com\/fr\/companies\/\">S'inscrire via le formulaire d'inscription pour les entreprises<\/a>\u00a0et pour les th\u00e9rapeutes et les professionnels,\u00a0<a href=\"https:\/\/www.starremedies.com\/fr\/companies\/\">le formulaire d'inscription pour les professionnels<\/a>.<\/p>\n\t\t<\/div>\n\t\t\t\t\n<style>\n#col-1043726731 > .col-inner {\n  padding: 75px 0px 0px 0px;\n}\n<\/style>\n\t<\/div>\n\n\t\n<\/div>\n\t\t<\/div>\n\n\t\t\n<style>\n#section_714692048 {\n  padding-top: 30px;\n  padding-bottom: 30px;\n}\n<\/style>\n\t<\/section>","protected":false},"excerpt":{"rendered":"","protected":false},"author":1,"featured_media":0,"parent":3741,"menu_order":0,"comment_status":"closed","ping_status":"closed","template":"page-blank.php","meta":{"footnotes":""},"class_list":["post-3794","page","type-page","status-publish","hentry"],"yoast_head":"<!-- This site is optimized with the Yoast SEO plugin v27.5 - https:\/\/yoast.com\/product\/yoast-seo-wordpress\/ -->\n<title>Indigo Essences - Pink Essence Blends - Star Remedies<\/title>\n<meta name=\"description\" content=\"A set of 4 Indigo Essences made to help you change your awareness. The Indigo Essences Pink Essence blends are made from love.\" \/>\n<meta name=\"robots\" content=\"index, follow, max-snippet:-1, max-image-preview:large, max-video-preview:-1\" \/>\n<link rel=\"canonical\" href=\"https:\/\/www.starremedies.com\/fr\/brands\/indigoessences\/pinkessenceblends\/\" \/>\n<meta property=\"og:locale\" content=\"fr_FR\" \/>\n<meta property=\"og:type\" content=\"article\" \/>\n<meta property=\"og:title\" content=\"Indigo Essences - Pink Essence Blends - Star Remedies\" \/>\n<meta property=\"og:description\" content=\"A set of 4 Indigo Essences made to help you change your awareness. The Indigo Essences Pink Essence blends are made from love.\" \/>\n<meta property=\"og:url\" content=\"https:\/\/www.starremedies.com\/fr\/brands\/indigoessences\/pinkessenceblends\/\" \/>\n<meta property=\"og:site_name\" content=\"Star Remedies\" \/>\n<meta property=\"article:publisher\" content=\"https:\/\/www.facebook.com\/starremedies\/\" \/>\n<meta property=\"article:modified_time\" content=\"2025-02-05T09:29:07+00:00\" \/>\n<meta name=\"twitter:card\" content=\"summary_large_image\" \/>\n<script type=\"application\/ld+json\" class=\"yoast-schema-graph\">{\"@context\":\"https:\\\/\\\/schema.org\",\"@graph\":[{\"@type\":\"WebPage\",\"@id\":\"https:\\\/\\\/www.starremedies.com\\\/brands\\\/indigoessences\\\/pinkessenceblends\\\/\",\"url\":\"https:\\\/\\\/www.starremedies.com\\\/brands\\\/indigoessences\\\/pinkessenceblends\\\/\",\"name\":\"Indigo Essences - Pink Essence Blends - Star Remedies\",\"isPartOf\":{\"@id\":\"https:\\\/\\\/www.starremedies.com\\\/#website\"},\"datePublished\":\"2016-02-21T17:06:26+00:00\",\"dateModified\":\"2025-02-05T09:29:07+00:00\",\"description\":\"A set of 4 Indigo Essences made to help you change your awareness. The Indigo Essences Pink Essence blends are made from love.\",\"breadcrumb\":{\"@id\":\"https:\\\/\\\/www.starremedies.com\\\/brands\\\/indigoessences\\\/pinkessenceblends\\\/#breadcrumb\"},\"inLanguage\":\"fr-FR\",\"potentialAction\":[{\"@type\":\"ReadAction\",\"target\":[\"https:\\\/\\\/www.starremedies.com\\\/brands\\\/indigoessences\\\/pinkessenceblends\\\/\"]}]},{\"@type\":\"BreadcrumbList\",\"@id\":\"https:\\\/\\\/www.starremedies.com\\\/brands\\\/indigoessences\\\/pinkessenceblends\\\/#breadcrumb\",\"itemListElement\":[{\"@type\":\"ListItem\",\"position\":1,\"name\":\"Home\",\"item\":\"https:\\\/\\\/www.starremedies.com\\\/\"},{\"@type\":\"ListItem\",\"position\":2,\"name\":\"Our Brands\",\"item\":\"https:\\\/\\\/www.starremedies.com\\\/brands\\\/\"},{\"@type\":\"ListItem\",\"position\":3,\"name\":\"Indigo Essences for children by Ann Callaghan\",\"item\":\"https:\\\/\\\/www.starremedies.com\\\/brands\\\/indigoessences\\\/\"},{\"@type\":\"ListItem\",\"position\":4,\"name\":\"Indigo Essences &#8211; Pink Essence Blends\"}]},{\"@type\":\"WebSite\",\"@id\":\"https:\\\/\\\/www.starremedies.com\\\/#website\",\"url\":\"https:\\\/\\\/www.starremedies.com\\\/\",\"name\":\"Star Remedies\",\"description\":\"\",\"publisher\":{\"@id\":\"https:\\\/\\\/www.starremedies.com\\\/#organization\"},\"potentialAction\":[{\"@type\":\"SearchAction\",\"target\":{\"@type\":\"EntryPoint\",\"urlTemplate\":\"https:\\\/\\\/www.starremedies.com\\\/?s={search_term_string}\"},\"query-input\":{\"@type\":\"PropertyValueSpecification\",\"valueRequired\":true,\"valueName\":\"search_term_string\"}}],\"inLanguage\":\"fr-FR\"},{\"@type\":\"Organization\",\"@id\":\"https:\\\/\\\/www.starremedies.com\\\/#organization\",\"name\":\"Star Remedies\",\"url\":\"https:\\\/\\\/www.starremedies.com\\\/\",\"logo\":{\"@type\":\"ImageObject\",\"inLanguage\":\"fr-FR\",\"@id\":\"https:\\\/\\\/www.starremedies.com\\\/#\\\/schema\\\/logo\\\/image\\\/\",\"url\":\"https:\\\/\\\/www.starremedies.com\\\/wp-content\\\/uploads\\\/2016\\\/02\\\/srl.gif\",\"contentUrl\":\"https:\\\/\\\/www.starremedies.com\\\/wp-content\\\/uploads\\\/2016\\\/02\\\/srl.gif\",\"width\":250,\"height\":250,\"caption\":\"Star Remedies\"},\"image\":{\"@id\":\"https:\\\/\\\/www.starremedies.com\\\/#\\\/schema\\\/logo\\\/image\\\/\"},\"sameAs\":[\"https:\\\/\\\/www.facebook.com\\\/starremedies\\\/\",\"https:\\\/\\\/www.instagram.com\\\/starremedies\\\/\"]}]}<\/script>\n<!-- \/ Yoast SEO plugin. -->","yoast_head_json":{"title":"Indigo Essences - M\u00e9langes d'essences roses - Star Remedies","description":"Un ensemble de 4 Essences Indigo con\u00e7ues pour vous aider \u00e0 changer votre conscience. Les m\u00e9langes d'essences roses d'Indigo Essences sont faits d'amour.","robots":{"index":"index","follow":"follow","max-snippet":"max-snippet:-1","max-image-preview":"max-image-preview:large","max-video-preview":"max-video-preview:-1"},"canonical":"https:\/\/www.starremedies.com\/fr\/brands\/indigoessences\/pinkessenceblends\/","og_locale":"fr_FR","og_type":"article","og_title":"Indigo Essences - Pink Essence Blends - Star Remedies","og_description":"A set of 4 Indigo Essences made to help you change your awareness. The Indigo Essences Pink Essence blends are made from love.","og_url":"https:\/\/www.starremedies.com\/fr\/brands\/indigoessences\/pinkessenceblends\/","og_site_name":"Star Remedies","article_publisher":"https:\/\/www.facebook.com\/starremedies\/","article_modified_time":"2025-02-05T09:29:07+00:00","twitter_card":"summary_large_image","schema":{"@context":"https:\/\/schema.org","@graph":[{"@type":"WebPage","@id":"https:\/\/www.starremedies.com\/brands\/indigoessences\/pinkessenceblends\/","url":"https:\/\/www.starremedies.com\/brands\/indigoessences\/pinkessenceblends\/","name":"Indigo Essences - M\u00e9langes d'essences roses - Star Remedies","isPartOf":{"@id":"https:\/\/www.starremedies.com\/#website"},"datePublished":"2016-02-21T17:06:26+00:00","dateModified":"2025-02-05T09:29:07+00:00","description":"Un ensemble de 4 Essences Indigo con\u00e7ues pour vous aider \u00e0 changer votre conscience. Les m\u00e9langes d'essences roses d'Indigo Essences sont faits d'amour.","breadcrumb":{"@id":"https:\/\/www.starremedies.com\/brands\/indigoessences\/pinkessenceblends\/#breadcrumb"},"inLanguage":"fr-FR","potentialAction":[{"@type":"ReadAction","target":["https:\/\/www.starremedies.com\/brands\/indigoessences\/pinkessenceblends\/"]}]},{"@type":"BreadcrumbList","@id":"https:\/\/www.starremedies.com\/brands\/indigoessences\/pinkessenceblends\/#breadcrumb","itemListElement":[{"@type":"ListItem","position":1,"name":"Home","item":"https:\/\/www.starremedies.com\/"},{"@type":"ListItem","position":2,"name":"Our Brands","item":"https:\/\/www.starremedies.com\/brands\/"},{"@type":"ListItem","position":3,"name":"Indigo Essences for children by Ann Callaghan","item":"https:\/\/www.starremedies.com\/brands\/indigoessences\/"},{"@type":"ListItem","position":4,"name":"Indigo Essences &#8211; Pink Essence Blends"}]},{"@type":"WebSite","@id":"https:\/\/www.starremedies.com\/#website","url":"https:\/\/www.starremedies.com\/","name":"Rem\u00e8des d'\u00e9toiles","description":"","publisher":{"@id":"https:\/\/www.starremedies.com\/#organization"},"potentialAction":[{"@type":"SearchAction","target":{"@type":"EntryPoint","urlTemplate":"https:\/\/www.starremedies.com\/?s={search_term_string}"},"query-input":{"@type":"PropertyValueSpecification","valueRequired":true,"valueName":"search_term_string"}}],"inLanguage":"fr-FR"},{"@type":"Organization","@id":"https:\/\/www.starremedies.com\/#organization","name":"Rem\u00e8des d'\u00e9toiles","url":"https:\/\/www.starremedies.com\/","logo":{"@type":"ImageObject","inLanguage":"fr-FR","@id":"https:\/\/www.starremedies.com\/#\/schema\/logo\/image\/","url":"https:\/\/www.starremedies.com\/wp-content\/uploads\/2016\/02\/srl.gif","contentUrl":"https:\/\/www.starremedies.com\/wp-content\/uploads\/2016\/02\/srl.gif","width":250,"height":250,"caption":"Star Remedies"},"image":{"@id":"https:\/\/www.starremedies.com\/#\/schema\/logo\/image\/"},"sameAs":["https:\/\/www.facebook.com\/starremedies\/","https:\/\/www.instagram.com\/starremedies\/"]}]}},"_links":{"self":[{"href":"https:\/\/www.starremedies.com\/fr\/wp-json\/wp\/v2\/pages\/3794","targetHints":{"allow":["GET"]}}],"collection":[{"href":"https:\/\/www.starremedies.com\/fr\/wp-json\/wp\/v2\/pages"}],"about":[{"href":"https:\/\/www.starremedies.com\/fr\/wp-json\/wp\/v2\/types\/page"}],"author":[{"embeddable":true,"href":"https:\/\/www.starremedies.com\/fr\/wp-json\/wp\/v2\/users\/1"}],"replies":[{"embeddable":true,"href":"https:\/\/www.starremedies.com\/fr\/wp-json\/wp\/v2\/comments?post=3794"}],"version-history":[{"count":8,"href":"https:\/\/www.starremedies.com\/fr\/wp-json\/wp\/v2\/pages\/3794\/revisions"}],"predecessor-version":[{"id":27964,"href":"https:\/\/www.starremedies.com\/fr\/wp-json\/wp\/v2\/pages\/3794\/revisions\/27964"}],"up":[{"embeddable":true,"href":"https:\/\/www.starremedies.com\/fr\/wp-json\/wp\/v2\/pages\/3741"}],"wp:attachment":[{"href":"https:\/\/www.starremedies.com\/fr\/wp-json\/wp\/v2\/media?parent=3794"}],"curies":[{"name":"wp","href":"https:\/\/api.w.org\/{rel}","templated":true}]}}