{"id":3602,"date":"2016-02-21T12:15:39","date_gmt":"2016-02-21T11:15:39","guid":{"rendered":"https:\/\/www.starremedies.com\/?page_id=3602"},"modified":"2025-02-06T10:45:33","modified_gmt":"2025-02-06T09:45:33","slug":"bachflowersbydietmarkramer","status":"publish","type":"page","link":"https:\/\/www.starremedies.com\/fr\/bachflowersbydietmarkramer\/","title":{"rendered":"Les relations entre les fleurs de Bach par Dietmar Kr\u00e4mer"},"content":{"rendered":"<section class=\"section section_breadcrumbs\" id=\"section_2126321720\">\n\t\t<div class=\"section-bg fill\" >\n\t\t\t\t\t\t\t\t\t\n\t\t\t\n\n\t\t<\/div>\n\n\t\t\n\n\t\t<div class=\"section-content relative\">\n\t\t\t\n<div class=\"row breadcrumbs-row\"  id=\"row-515425352\">\n\n\t<div id=\"col-29595285\" class=\"col small-12 large-12\"  >\n\t\t\t\t<div class=\"col-inner\"  >\n\t\t\t\n\t\t\t\n\t<div id=\"text-3815810793\" class=\"text breadcrumbs\">\n\t\t\n<span><span><a href=\"https:\/\/www.starremedies.com\/fr\/\">Accueil<\/a><\/span><\/span>\n\t\t\t<\/div>\n\t\n\t\t<\/div>\n\t\t\t\t\t<\/div>\n\n\t\n\n<style>\n#row-515425352 > .col > .col-inner {\n  padding: 0px 0px 0px 0px;\n}\n<\/style>\n<\/div>\n\t\t<\/div>\n\n\t\t\n<style>\n#section_2126321720 {\n  padding-top: 0px;\n  padding-bottom: 0px;\n  margin-bottom: 0px;\n}\n<\/style>\n\t<\/section>\n\t\n\n\t<section class=\"section products_row\" id=\"section_1112942689\">\n\t\t<div class=\"section-bg fill\" >\n\t\t\t\t\t\t\t\t\t\n\t\t\t\n\n\t\t<\/div>\n\n\t\t\n\n\t\t<div class=\"section-content relative\">\n\t\t\t\n<div class=\"row align-middle align-center\"  id=\"row-1946641007\">\n\n\t<div id=\"col-1616823886\" class=\"col medium-2 small-12 large-2\"  >\n\t\t\t\t<div class=\"col-inner text-center\"  >\n\t\t\t\n\t\t\t\n\t<div class=\"img has-hover x md-x lg-x y md-y lg-y\" id=\"image_1847783583\">\n\t\t\t\t\t\t\t\t<div class=\"img-inner dark\" >\n\t\t\t<img decoding=\"async\" width=\"90\" height=\"124\" src=\"https:\/\/www.starremedies.com\/wp-content\/uploads\/2016\/02\/Foto_1.jpg\" class=\"attachment-original size-original\" alt=\"\" \/>\t\t\t\t\t\t\n\t\t\t\t\t<\/div>\n\t\t\t\t\t\t\t\t\n<style>\n#image_1847783583 {\n  width: 100%;\n}\n<\/style>\n\t<\/div>\n\t\n\t\t<\/div>\n\t\t\t\t\t<\/div>\n\n\t\n\n\t<div id=\"col-1433409806\" class=\"col small-12 large-12\"  >\n\t\t\t\t<div class=\"col-inner text-center\"  >\n\t\t\t\n\t\t\t\n\t<div id=\"text-165567119\" class=\"text\">\n\t\t\n<h1>LES RELATIONS ENTRE LES FLEURS DE BACH PAR DIETMAR KR\u00c4MER<\/h1>\n\t\t\n<style>\n#text-165567119 {\n  text-align: center;\n}\n<\/style>\n\t<\/div>\n\t\n\t\t<\/div>\n\t\t\t\t\t<\/div>\n\n\t\n<\/div>\n\t\t<\/div>\n\n\t\t\n<style>\n#section_1112942689 {\n  padding-top: 30px;\n  padding-bottom: 30px;\n  background-color: rgb(247, 247, 247);\n}\n<\/style>\n\t<\/section>\n\t\n\n\t<section class=\"section\" id=\"section_316516813\">\n\t\t<div class=\"section-bg fill\" >\n\t\t\t\t\t\t\t\t\t\n\t\t\t\n\n\t\t<\/div>\n\n\t\t\n\n\t\t<div class=\"section-content relative\">\n\t\t\t\n<div class=\"row\"  id=\"row-743260457\">\n\n\t<div id=\"col-148017343\" class=\"col small-12 large-12\"  >\n\t\t\t\t<div class=\"col-inner\"  >\n\t\t\t\n\t\t\t\n<h2 style=\"text-align: center;\">Les relations, le diagnostic et l'application<\/h2>\n<h3>Les relations entre les essences de fleurs bach et les zones de la peau<\/h3>\n<p>Apr\u00e8s des ann\u00e9es de recherche, Dietmar Kr\u00e4mer a divis\u00e9 le corps en 243 zones cutan\u00e9es, chacune correspondant \u00e0 une essence de fleurs de Bach. Edward Bach traitait d\u00e9j\u00e0 ses patients \u00e0 l'aide de compresses de fleurs de Bach. Bach pensait que la m\u00e9thode devait \u00eatre aussi simple que possible. \"Quand j'ai faim, je vais dans le jardin et je cueille une salade. Si j'ai peur, je prends une dose de Mimulus\". La th\u00e9rapie cutan\u00e9e des fleurs de Bach rend le traitement encore plus facile. Les essences \u00e9ligibles peuvent \u00eatre lues directement dans le corps - uniquement sur la base de la localisation des troubles. Les personnes qui souffrent r\u00e9guli\u00e8rement d'un \"intestin spasmodique\", qui donnent un endroit d\u00e9sagr\u00e9able sur le c\u00f4t\u00e9 gauche de l'abdomen, viennent r\u00e9guli\u00e8rement. La zone cutan\u00e9e est Mimulus. En traitant cette zone avec des compresses ou des cr\u00e8mes, la zone d\u00e9sagr\u00e9able dispara\u00eet et la personne n'a plus de probl\u00e8mes intestinaux.<\/p>\n<div class=\"is-divider divider clearfix\" style=\"margin-top:35px;margin-bottom:35px;\"><\/div>\n<h3>La relation entre les \u00e9lixirs floraux bach et les m\u00e9ridiens<\/h3>\n<p>Lors de la prise de spores compl\u00e8tes, des r\u00e9actions se sont souvent produites qui ne pouvaient pas \u00eatre expliqu\u00e9es par la th\u00e9orie de la th\u00e9rapie des fleurs de Bach, mais par la th\u00e9orie de l'acupuncture et la th\u00e9orie de l'hom\u00e9opathie. Dietmar Kr\u00e4mer \u00e9tudie syst\u00e9matiquement les cons\u00e9quences de la prise de spores compl\u00e8tes. Il a constat\u00e9, par exemple, que les \u00e9tats d'\u00e2me n\u00e9gatifs continuaient \u00e0 se d\u00e9grader malgr\u00e9 la prise des bonnes essences - une r\u00e9action connue uniquement en hom\u00e9opathie. Par exemple, la prise d'Olive et d'Impatiens a permis d'am\u00e9liorer l'\u00e9tat d'un olivier ; la prise simultan\u00e9e d'Impatiens, d'Olive et de Ch\u00eane a entra\u00een\u00e9 une aggravation de la situation. Si l'on observe la similitude entre la piste de l'impatiente et le m\u00e9ridien du foie, une indication importante de ce m\u00e9ridien est : les \u00e9tats d'\u00e9puisement, tandis que la piste de l'impatiente peut \u00eatre bri\u00e8vement d\u00e9crite comme la piste florale de la surcharge physique et du vol de l'organisme. Il est clair que l'on ne peut jamais emprunter une seule piste, mais seulement une combinaison de pistes avec les essences ext\u00e9rieures selon le cycle des changements.<\/p>\n<p>Les 38 arch\u00e9types de conceptions n\u00e9gatives de l'\u00e2me d\u00e9crits par le Dr Bach s'appliquent \u00e9galement \u00e0 d'autres niveaux d'efficacit\u00e9 th\u00e9rapeutique. Apr\u00e8s de nombreuses recherches, Kr\u00e4mer a d\u00e9couvert que 38 pierres pr\u00e9cieuses agissent au niveau mental et 38 huiles essentielles au niveau \u00e9motionnel. Les diff\u00e9rents corps de l'homme et les m\u00e9thodes de gu\u00e9rison qui les concernent.<\/p>\n<div class=\"is-divider divider clearfix\" style=\"margin-top:35px;margin-bottom:35px;\"><\/div>\n<h3>La relation entre les \u00e9lixirs floraux bach et les chakras<\/h3>\n<p>On a d\u00e9couvert que les chakras contr\u00f4lent le cycle de contr\u00f4le de l'\u00e9nergie dans les m\u00e9ridiens : il s'agit d'un aspect encore inconnu de la fonction des chakras. Le Dr Bach a donc cherch\u00e9 \u00e0 gu\u00e9rir les maladies chroniques. La m\u00e9thode Dietmar Kr\u00e4mer traite les maladies chroniques. Les possibilit\u00e9s de rem\u00e8des semblent vraiment illimit\u00e9es. Elle est aussi souvent revendiqu\u00e9e.... Si vous souffrez d'une profonde tristesse sans cause identifiable, vous pouvez prendre ces essences. La longue p\u00e9riode pendant laquelle j'ai travaill\u00e9 avec les essences a montr\u00e9 qu'il existe 19 \u00e9tats d'esprit \u00e0 partir desquels une profonde morosit\u00e9 peut survenir sans cause reconnaissable. Un bon historique analytique est donc \u00e9galement tr\u00e8s important. Je suis moi-m\u00eame son collaborateur et nous avons cr\u00e9\u00e9 ensemble le C.I.N.T., le centre international pour les nouvelles th\u00e9rapies, et des formations sont dispens\u00e9es en Allemagne, en Autriche, en Suisse, en Italie, aux Pays-Bas et en Belgique.<\/p>\n<div class=\"is-divider divider clearfix\" style=\"margin-top:35px;margin-bottom:35px;\"><\/div>\n<h3>Tenir compte des relations entre les fleurs<\/h3>\n<p>Les relations entre les fleurs permettent de d\u00e9terminer quelle fleur couvre l'aspect superficiel d'une plainte et quelle fleur couvre la cause plus profonde. On \u00e9tablit ainsi une classification hi\u00e9rarchique qui d\u00e9termine la th\u00e9rapie \u00e0 venir. Il s'agit d'un outil tr\u00e8s important, surtout lorsque le patient semble avoir besoin d'un grand nombre de fleurs et qu'il ne sait pas par o\u00f9 commencer. Si les plaintes proprement dites ont \u00e9t\u00e9 \u00e9limin\u00e9es, cette classification peut \u00eatre utilis\u00e9e pour d\u00e9couvrir quels concepts n\u00e9gatifs cach\u00e9s de l'\u00e2me ont conduit aux plaintes existantes. De cette mani\u00e8re, nous pouvons, si nous le souhaitons, poursuivre la th\u00e9rapie dans le but d'\u00e9largir la conscience.<\/p>\n<div class=\"is-divider divider clearfix\" style=\"margin-top:35px;margin-bottom:35px;\"><\/div>\n<h3>Diagnostic en fonction des zones cutan\u00e9es des fleurs de Bach<\/h3>\n<p>Chaque fleur est associ\u00e9e \u00e0 des zones de la peau, comparables aux zones r\u00e9flexes des pieds. En cas d'humeur n\u00e9gative, des modifications de la structure \u00e9nerg\u00e9tique se produisent \u00e0 ces endroits, souvent accompagn\u00e9es de douleurs ou de troubles de la sensibilit\u00e9. Nous pouvons donc \u00e9tablir des diagnostics floraux en nous basant uniquement sur l'emplacement.<\/p>\n<div class=\"is-divider divider clearfix\" style=\"margin-top:35px;margin-bottom:35px;\"><\/div>\n<h3>Applications des fleurs de bach sur la peau<\/h3>\n<p>En appliquant directement les fleurs concern\u00e9es (en composition dilu\u00e9e) sur les zones perturb\u00e9es, on peut augmenter consid\u00e9rablement l'effet des fleurs. Ainsi, non seulement les humeurs n\u00e9gatives se r\u00e9tablissent beaucoup plus rapidement qu'avec la prise de gouttes, mais les troubles physiques disparaissent g\u00e9n\u00e9ralement imm\u00e9diatement apr\u00e8s l'application des fleurs sur la peau. La th\u00e9rapie des fleurs de Bach n'est donc pas seulement une hygi\u00e8ne de l'\u00e2me pour \"l'harmonisation du psychisme\", comme on le recommande souvent, mais aussi une th\u00e9rapie pour le traitement des troubles physiques.<\/p>\n<div class=\"is-divider divider clearfix\" style=\"margin-top:35px;margin-bottom:35px;\"><\/div>\n<h3>Options diagnostiques objectives<\/h3>\n<p>Des correspondances de gestion existent entre les pistes de fleurs de Bach, qui r\u00e9sultent des relations mutuelles entre les fleurs de Bach, et les m\u00e9ridiens d'acupuncture. En fin de compte, les pistes des m\u00e9ridiens et des fleurs de Bach sont des manifestations du m\u00eame principe, mais \u00e0 deux niveaux vibratoires diff\u00e9rents. Ce fait offre toute une s\u00e9rie de nouvelles options diagnostiques et th\u00e9rapeutiques. Par exemple, nous pouvons d\u00e9duire du trac\u00e9 du m\u00e9ridien les pistes florales dont nous avons besoin. Il en va de m\u00eame pour l'horloge chinoise des m\u00e9ridiens, qui offre des points de d\u00e9part pour le choix des fleurs de Bach appropri\u00e9es en cas de troubles survenant \u00e0 un moment pr\u00e9cis. Gr\u00e2ce aux nouveaux points de test et de th\u00e9rapie sur les lignes lunaires d\u00e9couverts par Dietmar Kramer, qui sont les \u00e9quivalents des m\u00e9ridiens d'acupuncture \u00e0 un niveau mat\u00e9riel encore plus fin, nous pouvons \u00e9tablir un diagnostic objectif des fleurs de Bach, en particulier dans les cas les plus difficiles \u00e0 diagnostiquer. De cette mani\u00e8re, non seulement les \u00e9tats d'\u00e2me n\u00e9gatifs se r\u00e9tablissent beaucoup plus rapidement qu'avec la prise de gouttes, mais les troubles physiques disparaissent g\u00e9n\u00e9ralement plus vite apr\u00e8s l'application des fleurs sur la peau.<\/p>\n\t\t<\/div>\n\t\t\t\t\t<\/div>\n\n\t\n<\/div>\n<div class=\"row\"  id=\"row-2123515520\">\n\n\t<div id=\"col-880251951\" class=\"col medium-6 small-12 large-3\"  >\n\t\t\t\t<div class=\"col-inner\"  >\n\t\t\t\n\t\t\t\n<h4>Supports avec<\/h4>\n<ul>\n<li>Troubles de l'humeur<\/li>\n<li>Probl\u00e8mes li\u00e9s au changement<\/li>\n<li>S'adapter \u00e0 de nouvelles situations<\/li>\n<li>Peur avec cause connue et inconnue<\/li>\n<li>Surcharge \u00e9motionnelle<\/li>\n<li>Image n\u00e9gative de soi<\/li>\n<li>Traumatismes \u00e9motionnels<\/li>\n<\/ul>\n\t\t<\/div>\n\t\t\t\t\t<\/div>\n\n\t\n\n\t<div id=\"col-1294985338\" class=\"col medium-6 small-12 large-3\"  >\n\t\t\t\t<div class=\"col-inner\"  >\n\t\t\t\n\t\t\t\n<h4>Traitement et r\u00e9sultats<\/h4>\n<p>S'attaquer aux d\u00e9s\u00e9quilibres \u00e9motionnels qui se sont accumul\u00e9s au fil des ans ne se r\u00e9sout pas en quelques jours. La r\u00e8gle utilis\u00e9e est la suivante : le nombre d'ann\u00e9es pendant lesquelles vous \u00eates g\u00ean\u00e9 par quelque chose correspond au nombre de mois qu'il faut pour que le probl\u00e8me soit r\u00e9solu.<\/p>\n\t\t<\/div>\n\t\t\t\t\t<\/div>\n\n\t\n\n\t<div id=\"col-1506692007\" class=\"col medium-6 small-12 large-3\"  >\n\t\t\t\t<div class=\"col-inner\"  >\n\t\t\t\n\t\t\t\n<h4>Anamn\u00e8se<\/h4>\n<p>Il est toujours important de faire un bon diagnostic et d'\u00e9valuer ainsi la cause des probl\u00e8mes \u00e9motionnels. Cela permet de travailler en profondeur avec les \u00e9motions et de r\u00e9soudre les probl\u00e8mes \u00e9motionnels existants.<\/p>\n\t\t<\/div>\n\t\t\t\t\t<\/div>\n\n\t\n\n\t<div id=\"col-278365774\" class=\"col medium-6 small-12 large-3\"  >\n\t\t\t\t<div class=\"col-inner\"  >\n\t\t\t\n\t\t\t\n<h4>Mettre l'accent sur les personnes<\/h4>\n<p>Avec la th\u00e9rapie des fleurs de Bach, c'est l'homme qui est au centre et non le sympt\u00f4me. Les essences de Bach peuvent s'attaquer aux probl\u00e8mes sous-jacents du d\u00e9s\u00e9quilibre. Les essences de fleurs de Bach et la th\u00e9rapie des fleurs de Bach transforment les \u00e9tats d'esprit n\u00e9gatifs en qualit\u00e9s positives.<\/p>\n\t\t<\/div>\n\t\t\t\t\t<\/div>\n\n\t\n\n\t<div id=\"col-1240657970\" class=\"col small-12 large-12\"  >\n\t\t\t\t<div class=\"col-inner\"  >\n\t\t\t\n\t\t\t\n<div class=\"message-box relative dark\" style=\"padding-top:10px;padding-bottom:10px;\"><div class=\"message-box-bg-image bg-fill fill\" ><\/div><div class=\"message-box-bg-overlay bg-fill fill\" style=\"background-color:rgb(87, 117, 53);\"><\/div><div class=\"container relative\"><div class=\"inner last-reset\">\n<div class=\"row align-middle align-center\"  id=\"row-1089459868\">\n\n\t<div id=\"col-1488463204\" class=\"col medium-2 small-12 large-2\"  >\n\t\t\t\t<div class=\"col-inner text-center\"  >\n\t\t\t\n\t\t\t\n<p><span style=\"font-size: 500%;\">!<\/span><\/p>\n\t\t<\/div>\n\t\t\t\t\t<\/div>\n\n\t\n\n\t<div id=\"col-530029523\" class=\"col medium-9 small-12 large-9\"  >\n\t\t\t\t<div class=\"col-inner\"  >\n\t\t\t\n\t\t\t\n<p><strong>LES \u00c9LIXIRS FLORAUX BACH ET LA TH\u00c9RAPIE FLORALE BACH NE REMPLACENT PAS UN M\u00c9DECIN OU UN SP\u00c9CIALISTE. IL EST TOUJOURS N\u00c9CESSAIRE DE CONSULTER D'ABORD SON M\u00c9DECIN.<\/strong><\/p>\n\t\t<\/div>\n\t\t\t\t\t<\/div>\n\n\t\n<\/div>\n<\/div><\/div><\/div>\n\t\t<\/div>\n\t\t\t\t\t<\/div>\n\n\t\n<\/div>\n\t\t<\/div>\n\n\t\t\n<style>\n#section_316516813 {\n  padding-top: 30px;\n  padding-bottom: 30px;\n}\n<\/style>\n\t<\/section>","protected":false},"excerpt":{"rendered":"","protected":false},"author":1,"featured_media":0,"parent":0,"menu_order":0,"comment_status":"closed","ping_status":"closed","template":"page-blank.php","meta":{"footnotes":""},"class_list":["post-3602","page","type-page","status-publish","hentry"],"yoast_head":"<!-- This site is optimized with the Yoast SEO plugin v27.4 - https:\/\/yoast.com\/product\/yoast-seo-wordpress\/ -->\n<title>The interrelationships between bach flowers by Dietmar Kr\u00e4mer - Star Remedies<\/title>\n<meta name=\"description\" content=\"The relationships between the Bach flowers. After years of research, Dietmar Kr\u00e4mer has divided the body into 243 bach flower body map zones.\" \/>\n<meta name=\"robots\" content=\"index, follow, max-snippet:-1, max-image-preview:large, max-video-preview:-1\" \/>\n<link rel=\"canonical\" href=\"https:\/\/www.starremedies.com\/fr\/bachflowersbydietmarkramer\/\" \/>\n<meta property=\"og:locale\" content=\"fr_FR\" \/>\n<meta property=\"og:type\" content=\"article\" \/>\n<meta property=\"og:title\" content=\"The interrelationships between bach flowers by Dietmar Kr\u00e4mer - Star Remedies\" \/>\n<meta property=\"og:description\" content=\"The relationships between the Bach flowers. After years of research, Dietmar Kr\u00e4mer has divided the body into 243 bach flower body map zones.\" \/>\n<meta property=\"og:url\" content=\"https:\/\/www.starremedies.com\/fr\/bachflowersbydietmarkramer\/\" \/>\n<meta property=\"og:site_name\" content=\"Star Remedies\" \/>\n<meta property=\"article:publisher\" content=\"https:\/\/www.facebook.com\/starremedies\/\" \/>\n<meta property=\"article:modified_time\" content=\"2025-02-06T09:45:33+00:00\" \/>\n<meta name=\"twitter:card\" content=\"summary_large_image\" \/>\n<script type=\"application\/ld+json\" class=\"yoast-schema-graph\">{\"@context\":\"https:\\\/\\\/schema.org\",\"@graph\":[{\"@type\":\"WebPage\",\"@id\":\"https:\\\/\\\/www.starremedies.com\\\/bachflowersbydietmarkramer\\\/\",\"url\":\"https:\\\/\\\/www.starremedies.com\\\/bachflowersbydietmarkramer\\\/\",\"name\":\"The interrelationships between bach flowers by Dietmar Kr\u00e4mer - Star Remedies\",\"isPartOf\":{\"@id\":\"https:\\\/\\\/www.starremedies.com\\\/#website\"},\"datePublished\":\"2016-02-21T11:15:39+00:00\",\"dateModified\":\"2025-02-06T09:45:33+00:00\",\"description\":\"The relationships between the Bach flowers. After years of research, Dietmar Kr\u00e4mer has divided the body into 243 bach flower body map zones.\",\"breadcrumb\":{\"@id\":\"https:\\\/\\\/www.starremedies.com\\\/bachflowersbydietmarkramer\\\/#breadcrumb\"},\"inLanguage\":\"fr-FR\",\"potentialAction\":[{\"@type\":\"ReadAction\",\"target\":[\"https:\\\/\\\/www.starremedies.com\\\/bachflowersbydietmarkramer\\\/\"]}]},{\"@type\":\"BreadcrumbList\",\"@id\":\"https:\\\/\\\/www.starremedies.com\\\/bachflowersbydietmarkramer\\\/#breadcrumb\",\"itemListElement\":[{\"@type\":\"ListItem\",\"position\":1,\"name\":\"Home\",\"item\":\"https:\\\/\\\/www.starremedies.com\\\/\"},{\"@type\":\"ListItem\",\"position\":2,\"name\":\"The interrelationships between bach flowers by Dietmar Kr\u00e4mer\"}]},{\"@type\":\"WebSite\",\"@id\":\"https:\\\/\\\/www.starremedies.com\\\/#website\",\"url\":\"https:\\\/\\\/www.starremedies.com\\\/\",\"name\":\"Star Remedies\",\"description\":\"\",\"publisher\":{\"@id\":\"https:\\\/\\\/www.starremedies.com\\\/#organization\"},\"potentialAction\":[{\"@type\":\"SearchAction\",\"target\":{\"@type\":\"EntryPoint\",\"urlTemplate\":\"https:\\\/\\\/www.starremedies.com\\\/?s={search_term_string}\"},\"query-input\":{\"@type\":\"PropertyValueSpecification\",\"valueRequired\":true,\"valueName\":\"search_term_string\"}}],\"inLanguage\":\"fr-FR\"},{\"@type\":\"Organization\",\"@id\":\"https:\\\/\\\/www.starremedies.com\\\/#organization\",\"name\":\"Star Remedies\",\"url\":\"https:\\\/\\\/www.starremedies.com\\\/\",\"logo\":{\"@type\":\"ImageObject\",\"inLanguage\":\"fr-FR\",\"@id\":\"https:\\\/\\\/www.starremedies.com\\\/#\\\/schema\\\/logo\\\/image\\\/\",\"url\":\"https:\\\/\\\/www.starremedies.com\\\/wp-content\\\/uploads\\\/2016\\\/02\\\/srl.gif\",\"contentUrl\":\"https:\\\/\\\/www.starremedies.com\\\/wp-content\\\/uploads\\\/2016\\\/02\\\/srl.gif\",\"width\":250,\"height\":250,\"caption\":\"Star Remedies\"},\"image\":{\"@id\":\"https:\\\/\\\/www.starremedies.com\\\/#\\\/schema\\\/logo\\\/image\\\/\"},\"sameAs\":[\"https:\\\/\\\/www.facebook.com\\\/starremedies\\\/\",\"https:\\\/\\\/www.instagram.com\\\/starremedies\\\/\"]}]}<\/script>\n<!-- \/ Yoast SEO plugin. -->","yoast_head_json":{"title":"Les relations entre les fleurs de Bach par Dietmar Kr\u00e4mer - Star Remedies","description":"Les relations entre les fleurs de Bach. Apr\u00e8s des ann\u00e9es de recherche, Dietmar Kr\u00e4mer a divis\u00e9 le corps en 243 zones de la carte du corps des fleurs de Bach.","robots":{"index":"index","follow":"follow","max-snippet":"max-snippet:-1","max-image-preview":"max-image-preview:large","max-video-preview":"max-video-preview:-1"},"canonical":"https:\/\/www.starremedies.com\/fr\/bachflowersbydietmarkramer\/","og_locale":"fr_FR","og_type":"article","og_title":"The interrelationships between bach flowers by Dietmar Kr\u00e4mer - Star Remedies","og_description":"The relationships between the Bach flowers. After years of research, Dietmar Kr\u00e4mer has divided the body into 243 bach flower body map zones.","og_url":"https:\/\/www.starremedies.com\/fr\/bachflowersbydietmarkramer\/","og_site_name":"Star Remedies","article_publisher":"https:\/\/www.facebook.com\/starremedies\/","article_modified_time":"2025-02-06T09:45:33+00:00","twitter_card":"summary_large_image","schema":{"@context":"https:\/\/schema.org","@graph":[{"@type":"WebPage","@id":"https:\/\/www.starremedies.com\/bachflowersbydietmarkramer\/","url":"https:\/\/www.starremedies.com\/bachflowersbydietmarkramer\/","name":"Les relations entre les fleurs de Bach par Dietmar Kr\u00e4mer - Star Remedies","isPartOf":{"@id":"https:\/\/www.starremedies.com\/#website"},"datePublished":"2016-02-21T11:15:39+00:00","dateModified":"2025-02-06T09:45:33+00:00","description":"Les relations entre les fleurs de Bach. Apr\u00e8s des ann\u00e9es de recherche, Dietmar Kr\u00e4mer a divis\u00e9 le corps en 243 zones de la carte du corps des fleurs de Bach.","breadcrumb":{"@id":"https:\/\/www.starremedies.com\/bachflowersbydietmarkramer\/#breadcrumb"},"inLanguage":"fr-FR","potentialAction":[{"@type":"ReadAction","target":["https:\/\/www.starremedies.com\/bachflowersbydietmarkramer\/"]}]},{"@type":"BreadcrumbList","@id":"https:\/\/www.starremedies.com\/bachflowersbydietmarkramer\/#breadcrumb","itemListElement":[{"@type":"ListItem","position":1,"name":"Home","item":"https:\/\/www.starremedies.com\/"},{"@type":"ListItem","position":2,"name":"The interrelationships between bach flowers by Dietmar Kr\u00e4mer"}]},{"@type":"WebSite","@id":"https:\/\/www.starremedies.com\/#website","url":"https:\/\/www.starremedies.com\/","name":"Rem\u00e8des d'\u00e9toiles","description":"","publisher":{"@id":"https:\/\/www.starremedies.com\/#organization"},"potentialAction":[{"@type":"SearchAction","target":{"@type":"EntryPoint","urlTemplate":"https:\/\/www.starremedies.com\/?s={search_term_string}"},"query-input":{"@type":"PropertyValueSpecification","valueRequired":true,"valueName":"search_term_string"}}],"inLanguage":"fr-FR"},{"@type":"Organization","@id":"https:\/\/www.starremedies.com\/#organization","name":"Rem\u00e8des d'\u00e9toiles","url":"https:\/\/www.starremedies.com\/","logo":{"@type":"ImageObject","inLanguage":"fr-FR","@id":"https:\/\/www.starremedies.com\/#\/schema\/logo\/image\/","url":"https:\/\/www.starremedies.com\/wp-content\/uploads\/2016\/02\/srl.gif","contentUrl":"https:\/\/www.starremedies.com\/wp-content\/uploads\/2016\/02\/srl.gif","width":250,"height":250,"caption":"Star Remedies"},"image":{"@id":"https:\/\/www.starremedies.com\/#\/schema\/logo\/image\/"},"sameAs":["https:\/\/www.facebook.com\/starremedies\/","https:\/\/www.instagram.com\/starremedies\/"]}]}},"_links":{"self":[{"href":"https:\/\/www.starremedies.com\/fr\/wp-json\/wp\/v2\/pages\/3602","targetHints":{"allow":["GET"]}}],"collection":[{"href":"https:\/\/www.starremedies.com\/fr\/wp-json\/wp\/v2\/pages"}],"about":[{"href":"https:\/\/www.starremedies.com\/fr\/wp-json\/wp\/v2\/types\/page"}],"author":[{"embeddable":true,"href":"https:\/\/www.starremedies.com\/fr\/wp-json\/wp\/v2\/users\/1"}],"replies":[{"embeddable":true,"href":"https:\/\/www.starremedies.com\/fr\/wp-json\/wp\/v2\/comments?post=3602"}],"version-history":[{"count":9,"href":"https:\/\/www.starremedies.com\/fr\/wp-json\/wp\/v2\/pages\/3602\/revisions"}],"predecessor-version":[{"id":27985,"href":"https:\/\/www.starremedies.com\/fr\/wp-json\/wp\/v2\/pages\/3602\/revisions\/27985"}],"wp:attachment":[{"href":"https:\/\/www.starremedies.com\/fr\/wp-json\/wp\/v2\/media?parent=3602"}],"curies":[{"name":"wp","href":"https:\/\/api.w.org\/{rel}","templated":true}]}}