{"id":3475,"date":"2016-02-20T00:56:54","date_gmt":"2016-02-19T23:56:54","guid":{"rendered":"https:\/\/www.starremedies.com\/?page_id=3475"},"modified":"2025-11-06T17:22:17","modified_gmt":"2025-11-06T16:22:17","slug":"disclaimer","status":"publish","type":"page","link":"https:\/\/www.starremedies.com\/fr\/disclaimer\/","title":{"rendered":"Clause de non-responsabilit\u00e9"},"content":{"rendered":"<section class=\"section section_breadcrumbs\" id=\"section_24662597\">\n\t\t<div class=\"section-bg fill\" >\n\t\t\t\t\t\t\t\t\t\n\t\t\t\n\n\t\t<\/div>\n\n\t\t\n\n\t\t<div class=\"section-content relative\">\n\t\t\t\n<div class=\"row breadcrumbs-row\"  id=\"row-736090691\">\n\n\t<div id=\"col-89909979\" class=\"col small-12 large-12\"  >\n\t\t\t\t<div class=\"col-inner\"  >\n\t\t\t\n\t\t\t\n\t<div id=\"text-1335574540\" class=\"text breadcrumbs\">\n\t\t\n<span><span><a href=\"https:\/\/www.starremedies.com\/fr\/\">Accueil<\/a><\/span><\/span>\n\t\t\t<\/div>\n\t\n\t\t<\/div>\n\t\t\t\t\t<\/div>\n\n\t\n\n<style>\n#row-736090691 > .col > .col-inner {\n  padding: 0px 0px 0px 0px;\n}\n<\/style>\n<\/div>\n\t\t<\/div>\n\n\t\t\n<style>\n#section_24662597 {\n  padding-top: 0px;\n  padding-bottom: 0px;\n  margin-bottom: 0px;\n}\n<\/style>\n\t<\/section>\n\t\n\n\t<section class=\"section products_row\" id=\"section_761491744\">\n\t\t<div class=\"section-bg fill\" >\n\t\t\t\t\t\t\t\t\t\n\t\t\t\n\n\t\t<\/div>\n\n\t\t\n\n\t\t<div class=\"section-content relative\">\n\t\t\t\n<div class=\"row align-middle align-center\"  id=\"row-963559431\">\n\n\t<div id=\"col-1763003474\" class=\"col medium-3 small-12 large-3\"  >\n\t\t\t\t<div class=\"col-inner text-center\"  >\n\t\t\t\n\t\t\t\n\t<div class=\"img has-hover x md-x lg-x y md-y lg-y\" id=\"image_1898548317\">\n\t\t\t\t\t\t\t\t<div class=\"img-inner dark\" >\n\t\t\t<img decoding=\"async\" width=\"250\" height=\"250\" src=\"https:\/\/www.starremedies.com\/wp-content\/uploads\/2022\/12\/sr_logo_transparent.png\" class=\"attachment-original size-original\" alt=\"\" srcset=\"https:\/\/www.starremedies.com\/wp-content\/uploads\/2022\/12\/sr_logo_transparent.png 250w, https:\/\/www.starremedies.com\/wp-content\/uploads\/2022\/12\/sr_logo_transparent-80x80.png 80w\" sizes=\"(max-width: 250px) 100vw, 250px\" \/>\t\t\t\t\t\t\n\t\t\t\t\t<\/div>\n\t\t\t\t\t\t\t\t\n<style>\n#image_1898548317 {\n  width: 100%;\n}\n<\/style>\n\t<\/div>\n\t\n\t\t<\/div>\n\t\t\t\t\t<\/div>\n\n\t\n\n\t<div id=\"col-147739189\" class=\"col small-12 large-12\"  >\n\t\t\t\t<div class=\"col-inner text-center\"  >\n\t\t\t\n\t\t\t\n\t<div id=\"text-3334084235\" class=\"text\">\n\t\t\n<h1>CLAUSE DE NON-RESPONSABILIT\u00c9<\/h1>\n\t\t\n<style>\n#text-3334084235 {\n  text-align: center;\n}\n<\/style>\n\t<\/div>\n\t\n\t\t<\/div>\n\t\t\t\t\t<\/div>\n\n\t\n<\/div>\n\t\t<\/div>\n\n\t\t\n<style>\n#section_761491744 {\n  padding-top: 30px;\n  padding-bottom: 30px;\n  background-color: rgb(247, 247, 247);\n}\n<\/style>\n\t<\/section>\n\t\n\n\t<section class=\"section\" id=\"section_904455996\">\n\t\t<div class=\"section-bg fill\" >\n\t\t\t\t\t\t\t\t\t\n\t\t\t\n\n\t\t<\/div>\n\n\t\t\n\n\t\t<div class=\"section-content relative\">\n\t\t\t\n<div class=\"row\"  id=\"row-360612738\">\n\n\t<div id=\"col-1673797432\" class=\"col small-12 large-12\"  >\n\t\t\t\t<div class=\"col-inner\"  >\n\t\t\t\n\t\t\t\n<p><strong>Clause de non-responsabilit\u00e9 FR<\/strong><br \/>\nLe contenu de ce site web, y compris, mais sans s'y limiter, le texte, les images, la conception, les noms commerciaux, les marques et les noms de domaine, est la propri\u00e9t\u00e9 de Star Remedies B.V. et est prot\u00e9g\u00e9 par le droit d'auteur et d'autres droits de propri\u00e9t\u00e9 intellectuelle ou industrielle en vertu de la loi applicable. Il est interdit de copier, reproduire, stocker, distribuer ou mettre \u00e0 disposition de quelque mani\u00e8re que ce soit toute partie de ce site web sans l'autorisation \u00e9crite pr\u00e9alable de Star Remedies B.V.<\/p>\n<p>Les informations et les images fournies sur ce site web ont \u00e9t\u00e9 compil\u00e9es avec le plus grand soin. Star Remedies B.V. ne peut toutefois pas garantir l'exactitude, l'exhaustivit\u00e9 ou l'actualit\u00e9 du contenu. Bien que nous nous efforcions de maintenir le site Web \u00e0 jour, les informations peuvent devenir obsol\u00e8tes ou incorrectes au fil du temps.<\/p>\n<p>Star Remedies B.V. se r\u00e9serve le droit de modifier ou de supprimer toute partie de ce site web, y compris le texte, les images ou d'autres donn\u00e9es, \u00e0 tout moment et sans pr\u00e9avis. L'utilisation de ce site web et des informations qu'il contient se fait enti\u00e8rement aux risques et p\u00e9rils de l'utilisateur.<\/p>\n<p>Ce site web peut contenir des liens vers des sites web de tiers. Ces sites externes ne sont pas exploit\u00e9s ou maintenus par Star Remedies B.V.. Star Remedies B.V. n'est pas responsable du contenu, de l'exactitude ou du fonctionnement des sites web externes li\u00e9s \u00e0 ce site web.<\/p>\n<p>Star Remedies B.V. d\u00e9cline toute responsabilit\u00e9 pour les dommages directs ou indirects de quelque nature que ce soit r\u00e9sultant de l'utilisation (ou de l'impossibilit\u00e9 d'utilisation) de ce site web ou des informations qui y sont fournies. Ceci inclut, sans s'y limiter, les dommages caus\u00e9s par des virus, des erreurs, des informations incompl\u00e8tes ou des modifications non autoris\u00e9es du contenu du site web par des tiers.<\/p>\n\t\t<\/div>\n\t\t\t\t\t<\/div>\n\n\t\n<\/div>\n\t\t<\/div>\n\n\t\t\n<style>\n#section_904455996 {\n  padding-top: 30px;\n  padding-bottom: 30px;\n}\n<\/style>\n\t<\/section>","protected":false},"excerpt":{"rendered":"","protected":false},"author":1,"featured_media":0,"parent":0,"menu_order":0,"comment_status":"closed","ping_status":"closed","template":"page-blank.php","meta":{"footnotes":""},"class_list":["post-3475","page","type-page","status-publish","hentry"],"yoast_head":"<!-- This site is optimized with the Yoast SEO plugin v27.5 - https:\/\/yoast.com\/product\/yoast-seo-wordpress\/ -->\n<title>Disclaimer - Star Remedies<\/title>\n<meta name=\"description\" content=\"Disclaimer, auteursrecht, intellectueel eigendom, aansprakelijkheid en de algemene internet voorwaarden van Star Remedies B.V.\" \/>\n<meta name=\"robots\" content=\"index, follow, max-snippet:-1, max-image-preview:large, max-video-preview:-1\" \/>\n<link rel=\"canonical\" href=\"https:\/\/www.starremedies.com\/fr\/disclaimer\/\" \/>\n<meta property=\"og:locale\" content=\"fr_FR\" \/>\n<meta property=\"og:type\" content=\"article\" \/>\n<meta property=\"og:title\" content=\"Disclaimer - Star Remedies\" \/>\n<meta property=\"og:description\" content=\"Disclaimer, auteursrecht, intellectueel eigendom, aansprakelijkheid en de algemene internet voorwaarden van Star Remedies B.V.\" \/>\n<meta property=\"og:url\" content=\"https:\/\/www.starremedies.com\/fr\/disclaimer\/\" \/>\n<meta property=\"og:site_name\" content=\"Star Remedies\" \/>\n<meta property=\"article:publisher\" content=\"https:\/\/www.facebook.com\/starremedies\/\" \/>\n<meta property=\"article:modified_time\" content=\"2025-11-06T16:22:17+00:00\" \/>\n<meta name=\"twitter:card\" content=\"summary_large_image\" \/>\n<meta name=\"twitter:label1\" content=\"Dur\u00e9e de lecture estim\u00e9e\" \/>\n\t<meta name=\"twitter:data1\" content=\"3 minutes\" \/>\n<script type=\"application\/ld+json\" class=\"yoast-schema-graph\">{\"@context\":\"https:\\\/\\\/schema.org\",\"@graph\":[{\"@type\":\"WebPage\",\"@id\":\"https:\\\/\\\/www.starremedies.com\\\/disclaimer\\\/\",\"url\":\"https:\\\/\\\/www.starremedies.com\\\/disclaimer\\\/\",\"name\":\"Disclaimer - Star Remedies\",\"isPartOf\":{\"@id\":\"https:\\\/\\\/www.starremedies.com\\\/#website\"},\"datePublished\":\"2016-02-19T23:56:54+00:00\",\"dateModified\":\"2025-11-06T16:22:17+00:00\",\"description\":\"Disclaimer, auteursrecht, intellectueel eigendom, aansprakelijkheid en de algemene internet voorwaarden van Star Remedies B.V.\",\"breadcrumb\":{\"@id\":\"https:\\\/\\\/www.starremedies.com\\\/disclaimer\\\/#breadcrumb\"},\"inLanguage\":\"fr-FR\",\"potentialAction\":[{\"@type\":\"ReadAction\",\"target\":[\"https:\\\/\\\/www.starremedies.com\\\/disclaimer\\\/\"]}]},{\"@type\":\"BreadcrumbList\",\"@id\":\"https:\\\/\\\/www.starremedies.com\\\/disclaimer\\\/#breadcrumb\",\"itemListElement\":[{\"@type\":\"ListItem\",\"position\":1,\"name\":\"Home\",\"item\":\"https:\\\/\\\/www.starremedies.com\\\/\"},{\"@type\":\"ListItem\",\"position\":2,\"name\":\"Disclaimer\"}]},{\"@type\":\"WebSite\",\"@id\":\"https:\\\/\\\/www.starremedies.com\\\/#website\",\"url\":\"https:\\\/\\\/www.starremedies.com\\\/\",\"name\":\"Star Remedies\",\"description\":\"\",\"publisher\":{\"@id\":\"https:\\\/\\\/www.starremedies.com\\\/#organization\"},\"potentialAction\":[{\"@type\":\"SearchAction\",\"target\":{\"@type\":\"EntryPoint\",\"urlTemplate\":\"https:\\\/\\\/www.starremedies.com\\\/?s={search_term_string}\"},\"query-input\":{\"@type\":\"PropertyValueSpecification\",\"valueRequired\":true,\"valueName\":\"search_term_string\"}}],\"inLanguage\":\"fr-FR\"},{\"@type\":\"Organization\",\"@id\":\"https:\\\/\\\/www.starremedies.com\\\/#organization\",\"name\":\"Star Remedies\",\"url\":\"https:\\\/\\\/www.starremedies.com\\\/\",\"logo\":{\"@type\":\"ImageObject\",\"inLanguage\":\"fr-FR\",\"@id\":\"https:\\\/\\\/www.starremedies.com\\\/#\\\/schema\\\/logo\\\/image\\\/\",\"url\":\"https:\\\/\\\/www.starremedies.com\\\/wp-content\\\/uploads\\\/2016\\\/02\\\/srl.gif\",\"contentUrl\":\"https:\\\/\\\/www.starremedies.com\\\/wp-content\\\/uploads\\\/2016\\\/02\\\/srl.gif\",\"width\":250,\"height\":250,\"caption\":\"Star Remedies\"},\"image\":{\"@id\":\"https:\\\/\\\/www.starremedies.com\\\/#\\\/schema\\\/logo\\\/image\\\/\"},\"sameAs\":[\"https:\\\/\\\/www.facebook.com\\\/starremedies\\\/\",\"https:\\\/\\\/www.instagram.com\\\/starremedies\\\/\"]}]}<\/script>\n<!-- \/ Yoast SEO plugin. -->","yoast_head_json":{"title":"Avis de non-responsabilit\u00e9 - Star Remedies","description":"Disclaimer, auteursrecht, intellectueel eigendom, aansprakelijkheid et algemene internet voorwaarden van Star Remedies B.V.","robots":{"index":"index","follow":"follow","max-snippet":"max-snippet:-1","max-image-preview":"max-image-preview:large","max-video-preview":"max-video-preview:-1"},"canonical":"https:\/\/www.starremedies.com\/fr\/disclaimer\/","og_locale":"fr_FR","og_type":"article","og_title":"Disclaimer - Star Remedies","og_description":"Disclaimer, auteursrecht, intellectueel eigendom, aansprakelijkheid en de algemene internet voorwaarden van Star Remedies B.V.","og_url":"https:\/\/www.starremedies.com\/fr\/disclaimer\/","og_site_name":"Star Remedies","article_publisher":"https:\/\/www.facebook.com\/starremedies\/","article_modified_time":"2025-11-06T16:22:17+00:00","twitter_card":"summary_large_image","twitter_misc":{"Dur\u00e9e de lecture estim\u00e9e":"3 minutes"},"schema":{"@context":"https:\/\/schema.org","@graph":[{"@type":"WebPage","@id":"https:\/\/www.starremedies.com\/disclaimer\/","url":"https:\/\/www.starremedies.com\/disclaimer\/","name":"Avis de non-responsabilit\u00e9 - Star Remedies","isPartOf":{"@id":"https:\/\/www.starremedies.com\/#website"},"datePublished":"2016-02-19T23:56:54+00:00","dateModified":"2025-11-06T16:22:17+00:00","description":"Disclaimer, auteursrecht, intellectueel eigendom, aansprakelijkheid et algemene internet voorwaarden van Star Remedies B.V.","breadcrumb":{"@id":"https:\/\/www.starremedies.com\/disclaimer\/#breadcrumb"},"inLanguage":"fr-FR","potentialAction":[{"@type":"ReadAction","target":["https:\/\/www.starremedies.com\/disclaimer\/"]}]},{"@type":"BreadcrumbList","@id":"https:\/\/www.starremedies.com\/disclaimer\/#breadcrumb","itemListElement":[{"@type":"ListItem","position":1,"name":"Home","item":"https:\/\/www.starremedies.com\/"},{"@type":"ListItem","position":2,"name":"Disclaimer"}]},{"@type":"WebSite","@id":"https:\/\/www.starremedies.com\/#website","url":"https:\/\/www.starremedies.com\/","name":"Rem\u00e8des d'\u00e9toiles","description":"","publisher":{"@id":"https:\/\/www.starremedies.com\/#organization"},"potentialAction":[{"@type":"SearchAction","target":{"@type":"EntryPoint","urlTemplate":"https:\/\/www.starremedies.com\/?s={search_term_string}"},"query-input":{"@type":"PropertyValueSpecification","valueRequired":true,"valueName":"search_term_string"}}],"inLanguage":"fr-FR"},{"@type":"Organization","@id":"https:\/\/www.starremedies.com\/#organization","name":"Rem\u00e8des d'\u00e9toiles","url":"https:\/\/www.starremedies.com\/","logo":{"@type":"ImageObject","inLanguage":"fr-FR","@id":"https:\/\/www.starremedies.com\/#\/schema\/logo\/image\/","url":"https:\/\/www.starremedies.com\/wp-content\/uploads\/2016\/02\/srl.gif","contentUrl":"https:\/\/www.starremedies.com\/wp-content\/uploads\/2016\/02\/srl.gif","width":250,"height":250,"caption":"Star Remedies"},"image":{"@id":"https:\/\/www.starremedies.com\/#\/schema\/logo\/image\/"},"sameAs":["https:\/\/www.facebook.com\/starremedies\/","https:\/\/www.instagram.com\/starremedies\/"]}]}},"_links":{"self":[{"href":"https:\/\/www.starremedies.com\/fr\/wp-json\/wp\/v2\/pages\/3475","targetHints":{"allow":["GET"]}}],"collection":[{"href":"https:\/\/www.starremedies.com\/fr\/wp-json\/wp\/v2\/pages"}],"about":[{"href":"https:\/\/www.starremedies.com\/fr\/wp-json\/wp\/v2\/types\/page"}],"author":[{"embeddable":true,"href":"https:\/\/www.starremedies.com\/fr\/wp-json\/wp\/v2\/users\/1"}],"replies":[{"embeddable":true,"href":"https:\/\/www.starremedies.com\/fr\/wp-json\/wp\/v2\/comments?post=3475"}],"version-history":[{"count":8,"href":"https:\/\/www.starremedies.com\/fr\/wp-json\/wp\/v2\/pages\/3475\/revisions"}],"predecessor-version":[{"id":28018,"href":"https:\/\/www.starremedies.com\/fr\/wp-json\/wp\/v2\/pages\/3475\/revisions\/28018"}],"wp:attachment":[{"href":"https:\/\/www.starremedies.com\/fr\/wp-json\/wp\/v2\/media?parent=3475"}],"curies":[{"name":"wp","href":"https:\/\/api.w.org\/{rel}","templated":true}]}}