{"id":3386,"date":"2016-02-19T12:21:48","date_gmt":"2016-02-19T11:21:48","guid":{"rendered":"https:\/\/www.starremedies.com\/?page_id=3386"},"modified":"2025-02-04T13:19:30","modified_gmt":"2025-02-04T12:19:30","slug":"ainsworths","status":"publish","type":"page","link":"https:\/\/www.starremedies.com\/fr\/brands\/ainsworths\/","title":{"rendered":"Ainsworths Essences de fleurs de Bach"},"content":{"rendered":"<section class=\"section section_breadcrumbs\" id=\"section_341515360\">\n\t\t<div class=\"section-bg fill\" >\n\t\t\t\t\t\t\t\t\t\n\t\t\t\n\n\t\t<\/div>\n\n\t\t\n\n\t\t<div class=\"section-content relative\">\n\t\t\t\n<div class=\"row breadcrumbs-row\"  id=\"row-1762873135\">\n\n\t<div id=\"col-1975548341\" class=\"col small-12 large-12\"  >\n\t\t\t\t<div class=\"col-inner\"  >\n\t\t\t\n\t\t\t\n\t<div id=\"text-1625046829\" class=\"text breadcrumbs\">\n\t\t\n<span><span><a href=\"https:\/\/www.starremedies.com\/fr\/\">Accueil<\/a><\/span><\/span>\n\t\t\t<\/div>\n\t\n\t\t<\/div>\n\t\t\t\t\t<\/div>\n\n\t\n\n<style>\n#row-1762873135 > .col > .col-inner {\n  padding: 0px 0px 0px 0px;\n}\n<\/style>\n<\/div>\n\t\t<\/div>\n\n\t\t\n<style>\n#section_341515360 {\n  padding-top: 0px;\n  padding-bottom: 0px;\n  margin-bottom: 0px;\n}\n<\/style>\n\t<\/section>\n\t\n\n\t<section class=\"section products_row\" id=\"section_305312843\">\n\t\t<div class=\"section-bg fill\" >\n\t\t\t\t\t\t\t\t\t\n\t\t\t\n\n\t\t<\/div>\n\n\t\t\n\n\t\t<div class=\"section-content relative\">\n\t\t\t\n<div class=\"row align-middle align-center\"  id=\"row-1455501383\">\n\n\t<div id=\"col-904044619\" class=\"col medium-4 small-8 large-2\"  >\n\t\t\t\t<div class=\"col-inner text-center\"  >\n\t\t\t\n\t\t\t\n\t<div class=\"img has-hover x md-x lg-x y md-y lg-y\" id=\"image_1239077853\">\n\t\t\t\t\t\t\t\t<div class=\"img-inner dark\" >\n\t\t\t<img decoding=\"async\" width=\"4186\" height=\"783\" src=\"https:\/\/www.starremedies.com\/wp-content\/uploads\/2016\/02\/Ainsworhts-logo.png\" class=\"attachment-original size-original\" alt=\"\" srcset=\"https:\/\/www.starremedies.com\/wp-content\/uploads\/2016\/02\/Ainsworhts-logo.png 4186w, https:\/\/www.starremedies.com\/wp-content\/uploads\/2016\/02\/Ainsworhts-logo-300x56.png 300w, https:\/\/www.starremedies.com\/wp-content\/uploads\/2016\/02\/Ainsworhts-logo-768x144.png 768w, https:\/\/www.starremedies.com\/wp-content\/uploads\/2016\/02\/Ainsworhts-logo-1030x193.png 1030w, https:\/\/www.starremedies.com\/wp-content\/uploads\/2016\/02\/Ainsworhts-logo-1500x281.png 1500w, https:\/\/www.starremedies.com\/wp-content\/uploads\/2016\/02\/Ainsworhts-logo-705x132.png 705w, https:\/\/www.starremedies.com\/wp-content\/uploads\/2016\/02\/Ainsworhts-logo-450x84.png 450w\" sizes=\"(max-width: 4186px) 100vw, 4186px\" \/>\t\t\t\t\t\t\n\t\t\t\t\t<\/div>\n\t\t\t\t\t\t\t\t\n<style>\n#image_1239077853 {\n  width: 100%;\n}\n<\/style>\n\t<\/div>\n\t\n\t\t<\/div>\n\t\t\t\t\n<style>\n#col-904044619 > .col-inner {\n  padding: 50px 0px 0px 0px;\n}\n<\/style>\n\t<\/div>\n\n\t\n\n\t<div id=\"col-1106418958\" class=\"col small-12 large-12\"  >\n\t\t\t\t<div class=\"col-inner text-center\"  >\n\t\t\t\n\t\t\t\n\t<div id=\"text-3052220993\" class=\"text\">\n\t\t\n<h1>AINSWORTHS ORIGINAL BACH FLOWER ESSENCES<\/h1>\n<h2>selon edward bach<\/h2>\n<p><strong>Dilution de 1 pour 240<\/strong><br \/>\n<strong>bouteilles originales<\/strong><br \/>\n<strong>fabriqu\u00e9 \u00e0 la main en Angleterre<\/strong><\/p>\n\t\t\n<style>\n#text-3052220993 {\n  text-align: center;\n}\n<\/style>\n\t<\/div>\n\t\n\t\t<\/div>\n\t\t\t\t\t<\/div>\n\n\t\n<\/div>\n\t\t<\/div>\n\n\t\t\n<style>\n#section_305312843 {\n  padding-top: 30px;\n  padding-bottom: 30px;\n  background-color: rgb(247, 247, 247);\n}\n<\/style>\n\t<\/section>\n\t\n\n\t<section class=\"section\" id=\"section_2024177308\">\n\t\t<div class=\"section-bg fill\" >\n\t\t\t\t\t\t\t\t\t\n\t\t\t\n\n\t\t<\/div>\n\n\t\t\n\n\t\t<div class=\"section-content relative\">\n\t\t\t\n<div class=\"row\"  id=\"row-1796832686\">\n\n\t<div id=\"col-1528898335\" class=\"col medium-6 small-12 large-6\"  >\n\t\t\t\t<div class=\"col-inner\"  >\n\t\t\t\n\t\t\t\n<div class=\"row align-center\"  id=\"row-920324855\">\n\n\t<div id=\"col-327155850\" class=\"col medium-4 small-4 large-2\"  >\n\t\t\t\t<div class=\"col-inner\"  >\n\t\t\t\n\t\t\t\n\t<div class=\"img has-hover x md-x lg-x y md-y lg-y\" id=\"image_1589769270\">\n\t\t\t\t\t\t\t\t<div class=\"img-inner dark\" >\n\t\t\t<img decoding=\"async\" width=\"100\" height=\"100\" src=\"https:\/\/www.starremedies.com\/wp-content\/uploads\/2016\/02\/gmp.png\" class=\"attachment-large size-large\" alt=\"\" srcset=\"https:\/\/www.starremedies.com\/wp-content\/uploads\/2016\/02\/gmp.png 100w, https:\/\/www.starremedies.com\/wp-content\/uploads\/2016\/02\/gmp-80x80.png 80w, https:\/\/www.starremedies.com\/wp-content\/uploads\/2016\/02\/gmp-36x36.png 36w\" sizes=\"(max-width: 100px) 100vw, 100px\" \/>\t\t\t\t\t\t\n\t\t\t\t\t<\/div>\n\t\t\t\t\t\t\t\t\n<style>\n#image_1589769270 {\n  width: 100%;\n}\n<\/style>\n\t<\/div>\n\t\n\t\t<\/div>\n\t\t\t\t\t<\/div>\n\n\t\n\n\t<div id=\"col-879880071\" class=\"col small-12 large-12\"  >\n\t\t\t\t<div class=\"col-inner\"  >\n\t\t\t\n\t\t\t\n<h3>Une qualit\u00e9 reconnue<\/h3>\n<p>Sa Majest\u00e9 la Reine Elizabeth, le Prince de Galles, le Prince Charles et feu la Reine M\u00e8re ont personnellement r\u00e9compens\u00e9 Ainsworths en lui attribuant le titre de fournisseur de la cour royale. Depuis des ann\u00e9es, les essences de fleurs de Bach d'Ainsworths sont utilis\u00e9es par la Maison royale d'Angleterre. Les essences de fleurs de Bach Ainsworths sont fabriqu\u00e9es exactement de la m\u00eame mani\u00e8re que le Dr Edward Bach et sont donc des essences de fleurs de Bach originales.<\/p>\n\t\t<\/div>\n\t\t\t\t\t<\/div>\n\n\t\n<\/div>\n\t\t<\/div>\n\t\t\t\t\t<\/div>\n\n\t\n\n\t<div id=\"col-1908005480\" class=\"col medium-6 small-12 large-6\"  >\n\t\t\t\t<div class=\"col-inner\"  >\n\t\t\t\n\t\t\t\n<div class=\"row align-center\"  id=\"row-737380467\">\n\n\t<div id=\"col-1801273960\" class=\"col medium-6 small-6 large-3\"  >\n\t\t\t\t<div class=\"col-inner\"  >\n\t\t\t\n\t\t\t\n\t<div class=\"img has-hover x md-x lg-x y md-y lg-y\" id=\"image_374708163\">\n\t\t\t\t\t\t\t\t<div class=\"img-inner dark\" >\n\t\t\t<img decoding=\"async\" width=\"172\" height=\"108\" src=\"https:\/\/www.starremedies.com\/wp-content\/uploads\/2016\/02\/warrants.png\" class=\"attachment-large size-large\" alt=\"\" \/>\t\t\t\t\t\t\n\t\t\t\t\t<\/div>\n\t\t\t\t\t\t\t\t\n<style>\n#image_374708163 {\n  width: 100%;\n}\n<\/style>\n\t<\/div>\n\t\n\t\t<\/div>\n\t\t\t\t\t<\/div>\n\n\t\n\n\t<div id=\"col-949942485\" class=\"col small-12 large-12\"  >\n\t\t\t\t<div class=\"col-inner\"  >\n\t\t\t\n\t\t\t\n<h3>Fournisseur royal<\/h3>\n<p>Ainsworths a l'honneur d'\u00eatre nomm\u00e9 d\u00e9tenteur d'un mandat royal pour la livraison de ses m\u00e9dicaments hom\u00e9opathiques \u00e0 Sa Majest\u00e9 la Reine, Sa Majest\u00e9 la Reine-M\u00e8re et Sa Majest\u00e9 le Prince de Galles. La soci\u00e9t\u00e9 a \u00e9t\u00e9 approuv\u00e9e avec trois reconnaissances en tant que fournisseur de la maison royale par S.A.R. le Prince Charles, S.A.R. la Reine et S.A.R. la Reine-M\u00e8re. Cette nomination n'est accord\u00e9e qu'aux entreprises qui respectent des normes exemplaires.<\/p>\n\t\t<\/div>\n\t\t\t\t\t<\/div>\n\n\t\n<\/div>\n\t\t<\/div>\n\t\t\t\t\t<\/div>\n\n\t\n\n\t<div id=\"col-938879985\" class=\"col small-12 large-12\"  >\n\t\t\t\t<div class=\"col-inner\"  >\n\t\t\t\n\t\t\t\n<div class=\"row align-center\"  id=\"row-2003406858\">\n\n\t<div id=\"col-1834132677\" class=\"col medium-3 small-6 large-2\"  >\n\t\t\t\t<div class=\"col-inner text-center\"  >\n\t\t\t\n\t\t\t\n\t<div class=\"img has-hover x md-x lg-x y md-y lg-y\" id=\"image_1528575760\">\n\t\t\t\t\t\t\t\t<div class=\"img-inner dark\" >\n\t\t\t<img decoding=\"async\" width=\"150\" height=\"75\" src=\"https:\/\/www.starremedies.com\/wp-content\/uploads\/2016\/02\/1240.gif\" class=\"attachment-original size-original\" alt=\"\" \/>\t\t\t\t\t\t\n\t\t\t\t\t<\/div>\n\t\t\t\t\t\t\t\t\n<style>\n#image_1528575760 {\n  width: 90%;\n}\n<\/style>\n\t<\/div>\n\t\n\t\t<\/div>\n\t\t\t\t\t<\/div>\n\n\t\n\n\t<div id=\"col-1891955221\" class=\"col small-12 large-12\"  >\n\t\t\t\t<div class=\"col-inner\"  >\n\t\t\t\n\t\t\t\n<h2>Essences de fleurs de Bach originales<\/h2>\n<p>Les essences de fleurs de Bach sont aussi essentielles que lorsqu'elles ont \u00e9t\u00e9 d\u00e9couvertes. Chez Ainsworths, on pr\u00e9pare les essences des m\u00eames plantes que celles utilis\u00e9es par le Dr Edward Bach. Seules les esp\u00e8ces qui poussent \u00e0 l'\u00e9tat sauvage sont utilis\u00e9es. Les essences de fleurs de Bach d'Ainsworths sont pr\u00e9par\u00e9es \u00e0 base de brandy avec une dilution de 1:240. Edward Bach fabriquait ses essences de Bach. Les essences de fleurs de Bach d'Ainsworths sont disponibles en vrac et par set de 10 ml. Bien que le Dr Edward Bach ait \u00e9t\u00e9 hom\u00e9opathe de profession, il a clairement indiqu\u00e9 que ses \u00e9lixirs floraux de Bach n'\u00e9taient et ne sont absolument pas des pr\u00e9parations hom\u00e9opathiques.<\/p>\n\t\t<\/div>\n\t\t\t\t\t<\/div>\n\n\t\n<\/div>\n\t\t<\/div>\n\t\t\t\t\t<\/div>\n\n\t\n\n\t<div id=\"col-1349844363\" class=\"col medium-6 small-12 large-6\"  >\n\t\t\t\t<div class=\"col-inner\"  >\n\t\t\t\n\t\t\t\n<div class=\"row align-center\"  id=\"row-411635540\">\n\n\t<div id=\"col-413007229\" class=\"col medium-8 small-12 large-8\"  >\n\t\t\t\t<div class=\"col-inner\"  >\n\t\t\t\n\t\t\t\n\t<div class=\"img has-hover x md-x lg-x y md-y lg-y\" id=\"image_571593814\">\n\t\t\t\t\t\t\t\t<div class=\"img-inner dark\" >\n\t\t\t<img decoding=\"async\" width=\"500\" height=\"500\" src=\"https:\/\/www.starremedies.com\/wp-content\/uploads\/2021\/08\/Ainworths-Emergency-Cream.jpg\" class=\"attachment-original size-original\" alt=\"\" srcset=\"https:\/\/www.starremedies.com\/wp-content\/uploads\/2021\/08\/Ainworths-Emergency-Cream.jpg 500w, https:\/\/www.starremedies.com\/wp-content\/uploads\/2021\/08\/Ainworths-Emergency-Cream-300x300.jpg 300w, https:\/\/www.starremedies.com\/wp-content\/uploads\/2021\/08\/Ainworths-Emergency-Cream-80x80.jpg 80w\" sizes=\"(max-width: 500px) 100vw, 500px\" \/>\t\t\t\t\t\t\n\t\t\t\t\t<\/div>\n\t\t\t\t\t\t\t\t\n<style>\n#image_571593814 {\n  width: 100%;\n}\n<\/style>\n\t<\/div>\n\t\n\t\t<\/div>\n\t\t\t\t\t<\/div>\n\n\t\n\n\t<div id=\"col-1258158747\" class=\"col small-12 large-12\"  >\n\t\t\t\t<div class=\"col-inner\"  >\n\t\t\t\n\t\t\t\n<h3>Cr\u00e8me d'urgence Ainsworths<\/h3>\n<p>Cette cr\u00e8me est produite \u00e0 l'aide d'une formulation unique qui est 100% naturelle et ne contient que des conservateurs naturels. Ceci est particuli\u00e8rement important pour une cr\u00e8me \u00e0 la fleur de p\u00eacher, qui est con\u00e7ue comme une cr\u00e8me \"holistique\" douce. L'utilisation de conservateurs naturels permet de pr\u00e9server l'\u00e9nergie naturelle du produit.<\/p>\n<p>La cr\u00e8me d'urgence Ainsworths ne contient que 100% d'ingr\u00e9dients naturels !<\/p>\n<p>Composition : \u00c9toile de Bethl\u00e9em, Ciste, Impatiens, Prunier, Cl\u00e9matite, Mimulus, Tremble, Marronnier blanc<\/p>\n\t\t<\/div>\n\t\t\t\t\t<\/div>\n\n\t\n<\/div>\n\t\t<\/div>\n\t\t\t\t\t<\/div>\n\n\t\n\n\t<div id=\"col-885642467\" class=\"col medium-6 small-12 large-6\"  >\n\t\t\t\t<div class=\"col-inner\"  >\n\t\t\t\n\t\t\t\n<div class=\"row align-center\"  id=\"row-1233728037\">\n\n\t<div id=\"col-875334634\" class=\"col medium-8 small-12 large-8\"  >\n\t\t\t\t<div class=\"col-inner\"  >\n\t\t\t\n\t\t\t\n\t<div class=\"img has-hover x md-x lg-x y md-y lg-y\" id=\"image_329954603\">\n\t\t\t\t\t\t\t\t<div class=\"img-inner dark\" >\n\t\t\t<img decoding=\"async\" width=\"500\" height=\"500\" src=\"https:\/\/www.starremedies.com\/wp-content\/uploads\/2021\/08\/Recovery-Remedy.jpg\" class=\"attachment-original size-original\" alt=\"\" srcset=\"https:\/\/www.starremedies.com\/wp-content\/uploads\/2021\/08\/Recovery-Remedy.jpg 500w, https:\/\/www.starremedies.com\/wp-content\/uploads\/2021\/08\/Recovery-Remedy-300x300.jpg 300w, https:\/\/www.starremedies.com\/wp-content\/uploads\/2021\/08\/Recovery-Remedy-80x80.jpg 80w\" sizes=\"(max-width: 500px) 100vw, 500px\" \/>\t\t\t\t\t\t\n\t\t\t\t\t<\/div>\n\t\t\t\t\t\t\t\t\n<style>\n#image_329954603 {\n  width: 100%;\n}\n<\/style>\n\t<\/div>\n\t\n\t\t<\/div>\n\t\t\t\t\t<\/div>\n\n\t\n\n\t<div id=\"col-681828908\" class=\"col small-12 large-12\"  >\n\t\t\t\t<div class=\"col-inner\"  >\n\t\t\t\n\t\t\t\n<h3>Ainsworths Recovery Plus<\/h3>\n<p>Essence combin\u00e9e de r\u00e9cup\u00e9ration d'Ainsworths avec des essences de fleurs ajout\u00e9es<\/p>\n\t\t<\/div>\n\t\t\t\t\t<\/div>\n\n\t\n<\/div>\n\t\t<\/div>\n\t\t\t\t\t<\/div>\n\n\t\n\n\t<div id=\"col-487691312\" class=\"col small-12 large-12\"  >\n\t\t\t\t<div class=\"col-inner\"  >\n\t\t\t\n\t\t\t\n<div class=\"row align-center\"  id=\"row-233829646\">\n\n\t<div id=\"col-800025593\" class=\"col medium-3 small-6 large-2\"  >\n\t\t\t\t<div class=\"col-inner text-center\"  >\n\t\t\t\n\t\t\t\n\t<div class=\"img has-hover x md-x lg-x y md-y lg-y\" id=\"image_1285686728\">\n\t\t\t\t\t\t\t\t<div class=\"img-inner dark\" >\n\t\t\t<img decoding=\"async\" width=\"150\" height=\"75\" src=\"https:\/\/www.starremedies.com\/wp-content\/uploads\/2016\/02\/1240.gif\" class=\"attachment-original size-original\" alt=\"\" \/>\t\t\t\t\t\t\n\t\t\t\t\t<\/div>\n\t\t\t\t\t\t\t\t\n<style>\n#image_1285686728 {\n  width: 90%;\n}\n<\/style>\n\t<\/div>\n\t\n\t\t<\/div>\n\t\t\t\t\t<\/div>\n\n\t\n\n\t<div id=\"col-1322456025\" class=\"col small-12 large-12\"  >\n\t\t\t\t<div class=\"col-inner\"  >\n\t\t\t\n\t\t\t\n<h3>Dilution de 1 pour 240<\/h3>\n<p>Ainsworths fabrique des essences de fleurs de Bach conform\u00e9ment aux \u00e9crits du Dr. med. Edward Bach avec une dilution de 1 \u00e0 240. Cela signifie qu'une goutte de teinture m\u00e8re est dilu\u00e9e dans 240 gouttes de brandy. Cela permet d'obtenir des fleurs de Bach puissantes. NOTE : 1 pour 240 est diff\u00e9rent de 1 pour 240% !<\/p>\n<h4>Authentique<\/h4>\n<p>Ainsworths produit de la m\u00eame mani\u00e8re que le Dr. Edward Bach fabriquait ses essences de Bach. Le processus de production comporte beaucoup de travail manuel, et l'attention port\u00e9e aux fleurs de Bach est essentielle. Ainsworths fabrique les Essences Originales de Fleurs de Bach exactement comme et dans l'esprit du Dr. Edward Bach et de Nora Weeks.<\/p>\n<h4>Nature<\/h4>\n<p>Les essences de fleurs de Bach d'Ainsworths sont fabriqu\u00e9es \u00e0 partir de plantes, d'arbustes et d'arbres qui poussent dans des endroits o\u00f9 il n'y a personne.<\/p>\n\t\t<\/div>\n\t\t\t\t\n<style>\n#col-1322456025 > .col-inner {\n  padding: 0px 0px 75px 0px;\n}\n<\/style>\n\t<\/div>\n\n\t\n\n\t<div id=\"col-1970048900\" class=\"col small-12 large-12\"  >\n\t\t\t\t<div class=\"col-inner\"  >\n\t\t\t\n\t\t\t\n<h2>Acheter BACH FLOWER ESSENCES<\/h2>\n<p>Les essences de fleurs de Bach d'Ainsworths peuvent \u00eatre command\u00e9es s\u00e9par\u00e9ment \u00e0 l'adresse suivante\u00a0<a href=\"https:\/\/www.starremediesshop.com\/fr\/bachfloweressences\/ainsworths\/\" target=\"_blank\" rel=\"noopener\">starremediesshop.com<\/a><\/p>\n<p>Vous \u00eates entrepreneur, professionnel ou th\u00e9rapeute, et vous \u00eates int\u00e9ress\u00e9 par les produits Star Remedies.\u00a0<a href=\"https:\/\/www.starremedies.com\/fr\/companies\/\">S'inscrire via le formulaire d'inscription pour les entreprises<\/a>\u00a0et pour les th\u00e9rapeutes et les professionnels,\u00a0<a href=\"https:\/\/www.starremedies.com\/fr\/companies\/\">le formulaire d'inscription pour les professionnels<\/a>.<\/p>\n\t\t<\/div>\n\t\t\t\t\t<\/div>\n\n\t\n<\/div>\n\t\t<\/div>\n\t\t\t\t\t<\/div>\n\n\t\n<\/div>\n\t\t<\/div>\n\n\t\t\n<style>\n#section_2024177308 {\n  padding-top: 30px;\n  padding-bottom: 30px;\n}\n<\/style>\n\t<\/section>","protected":false},"excerpt":{"rendered":"","protected":false},"author":1,"featured_media":0,"parent":4107,"menu_order":0,"comment_status":"closed","ping_status":"closed","template":"page-blank.php","meta":{"footnotes":""},"class_list":["post-3386","page","type-page","status-publish","hentry"],"yoast_head":"<!-- This site is optimized with the Yoast SEO plugin v27.5 - https:\/\/yoast.com\/product\/yoast-seo-wordpress\/ -->\n<title>Ainsworths bach flower essences - original bach flowers<\/title>\n<meta name=\"description\" content=\"Ainsworths bach flower essences are made according to the method of Edward Bach and have the original dilution of 1 in 240. Bach flowers from England.\" \/>\n<meta name=\"robots\" content=\"index, follow, max-snippet:-1, max-image-preview:large, max-video-preview:-1\" \/>\n<link rel=\"canonical\" href=\"https:\/\/www.starremedies.com\/fr\/brands\/ainsworths\/\" \/>\n<meta property=\"og:locale\" content=\"fr_FR\" \/>\n<meta property=\"og:type\" content=\"article\" \/>\n<meta property=\"og:title\" content=\"Ainsworths bach flower essences - original bach flowers\" \/>\n<meta property=\"og:description\" content=\"Ainsworths bach flower essences are made according to the method of Edward Bach and have the original dilution of 1 in 240. Bach flowers from England.\" \/>\n<meta property=\"og:url\" content=\"https:\/\/www.starremedies.com\/fr\/brands\/ainsworths\/\" \/>\n<meta property=\"og:site_name\" content=\"Star Remedies\" \/>\n<meta property=\"article:publisher\" content=\"https:\/\/www.facebook.com\/starremedies\/\" \/>\n<meta property=\"article:modified_time\" content=\"2025-02-04T12:19:30+00:00\" \/>\n<meta name=\"twitter:card\" content=\"summary_large_image\" \/>\n<script type=\"application\/ld+json\" class=\"yoast-schema-graph\">{\"@context\":\"https:\\\/\\\/schema.org\",\"@graph\":[{\"@type\":\"WebPage\",\"@id\":\"https:\\\/\\\/www.starremedies.com\\\/brands\\\/ainsworths\\\/\",\"url\":\"https:\\\/\\\/www.starremedies.com\\\/brands\\\/ainsworths\\\/\",\"name\":\"Ainsworths bach flower essences - original bach flowers\",\"isPartOf\":{\"@id\":\"https:\\\/\\\/www.starremedies.com\\\/#website\"},\"datePublished\":\"2016-02-19T11:21:48+00:00\",\"dateModified\":\"2025-02-04T12:19:30+00:00\",\"description\":\"Ainsworths bach flower essences are made according to the method of Edward Bach and have the original dilution of 1 in 240. Bach flowers from England.\",\"breadcrumb\":{\"@id\":\"https:\\\/\\\/www.starremedies.com\\\/brands\\\/ainsworths\\\/#breadcrumb\"},\"inLanguage\":\"fr-FR\",\"potentialAction\":[{\"@type\":\"ReadAction\",\"target\":[\"https:\\\/\\\/www.starremedies.com\\\/brands\\\/ainsworths\\\/\"]}]},{\"@type\":\"BreadcrumbList\",\"@id\":\"https:\\\/\\\/www.starremedies.com\\\/brands\\\/ainsworths\\\/#breadcrumb\",\"itemListElement\":[{\"@type\":\"ListItem\",\"position\":1,\"name\":\"Home\",\"item\":\"https:\\\/\\\/www.starremedies.com\\\/\"},{\"@type\":\"ListItem\",\"position\":2,\"name\":\"Our Brands\",\"item\":\"https:\\\/\\\/www.starremedies.com\\\/brands\\\/\"},{\"@type\":\"ListItem\",\"position\":3,\"name\":\"Ainsworths Bach Flowers Essences\"}]},{\"@type\":\"WebSite\",\"@id\":\"https:\\\/\\\/www.starremedies.com\\\/#website\",\"url\":\"https:\\\/\\\/www.starremedies.com\\\/\",\"name\":\"Star Remedies\",\"description\":\"\",\"publisher\":{\"@id\":\"https:\\\/\\\/www.starremedies.com\\\/#organization\"},\"potentialAction\":[{\"@type\":\"SearchAction\",\"target\":{\"@type\":\"EntryPoint\",\"urlTemplate\":\"https:\\\/\\\/www.starremedies.com\\\/?s={search_term_string}\"},\"query-input\":{\"@type\":\"PropertyValueSpecification\",\"valueRequired\":true,\"valueName\":\"search_term_string\"}}],\"inLanguage\":\"fr-FR\"},{\"@type\":\"Organization\",\"@id\":\"https:\\\/\\\/www.starremedies.com\\\/#organization\",\"name\":\"Star Remedies\",\"url\":\"https:\\\/\\\/www.starremedies.com\\\/\",\"logo\":{\"@type\":\"ImageObject\",\"inLanguage\":\"fr-FR\",\"@id\":\"https:\\\/\\\/www.starremedies.com\\\/#\\\/schema\\\/logo\\\/image\\\/\",\"url\":\"https:\\\/\\\/www.starremedies.com\\\/wp-content\\\/uploads\\\/2016\\\/02\\\/srl.gif\",\"contentUrl\":\"https:\\\/\\\/www.starremedies.com\\\/wp-content\\\/uploads\\\/2016\\\/02\\\/srl.gif\",\"width\":250,\"height\":250,\"caption\":\"Star Remedies\"},\"image\":{\"@id\":\"https:\\\/\\\/www.starremedies.com\\\/#\\\/schema\\\/logo\\\/image\\\/\"},\"sameAs\":[\"https:\\\/\\\/www.facebook.com\\\/starremedies\\\/\",\"https:\\\/\\\/www.instagram.com\\\/starremedies\\\/\"]}]}<\/script>\n<!-- \/ Yoast SEO plugin. -->","yoast_head_json":{"title":"Ainsworths bach flower essences - fleurs de bach originales","description":"Les essences de fleurs de Bach d'Ainsworths sont fabriqu\u00e9es selon la m\u00e9thode d'Edward Bach et ont la dilution originale de 1 pour 240. Fleurs de Bach d'Angleterre.","robots":{"index":"index","follow":"follow","max-snippet":"max-snippet:-1","max-image-preview":"max-image-preview:large","max-video-preview":"max-video-preview:-1"},"canonical":"https:\/\/www.starremedies.com\/fr\/brands\/ainsworths\/","og_locale":"fr_FR","og_type":"article","og_title":"Ainsworths bach flower essences - original bach flowers","og_description":"Ainsworths bach flower essences are made according to the method of Edward Bach and have the original dilution of 1 in 240. Bach flowers from England.","og_url":"https:\/\/www.starremedies.com\/fr\/brands\/ainsworths\/","og_site_name":"Star Remedies","article_publisher":"https:\/\/www.facebook.com\/starremedies\/","article_modified_time":"2025-02-04T12:19:30+00:00","twitter_card":"summary_large_image","schema":{"@context":"https:\/\/schema.org","@graph":[{"@type":"WebPage","@id":"https:\/\/www.starremedies.com\/brands\/ainsworths\/","url":"https:\/\/www.starremedies.com\/brands\/ainsworths\/","name":"Ainsworths bach flower essences - fleurs de bach originales","isPartOf":{"@id":"https:\/\/www.starremedies.com\/#website"},"datePublished":"2016-02-19T11:21:48+00:00","dateModified":"2025-02-04T12:19:30+00:00","description":"Les essences de fleurs de Bach d'Ainsworths sont fabriqu\u00e9es selon la m\u00e9thode d'Edward Bach et ont la dilution originale de 1 pour 240. Fleurs de Bach d'Angleterre.","breadcrumb":{"@id":"https:\/\/www.starremedies.com\/brands\/ainsworths\/#breadcrumb"},"inLanguage":"fr-FR","potentialAction":[{"@type":"ReadAction","target":["https:\/\/www.starremedies.com\/brands\/ainsworths\/"]}]},{"@type":"BreadcrumbList","@id":"https:\/\/www.starremedies.com\/brands\/ainsworths\/#breadcrumb","itemListElement":[{"@type":"ListItem","position":1,"name":"Home","item":"https:\/\/www.starremedies.com\/"},{"@type":"ListItem","position":2,"name":"Our Brands","item":"https:\/\/www.starremedies.com\/brands\/"},{"@type":"ListItem","position":3,"name":"Ainsworths Bach Flowers Essences"}]},{"@type":"WebSite","@id":"https:\/\/www.starremedies.com\/#website","url":"https:\/\/www.starremedies.com\/","name":"Rem\u00e8des d'\u00e9toiles","description":"","publisher":{"@id":"https:\/\/www.starremedies.com\/#organization"},"potentialAction":[{"@type":"SearchAction","target":{"@type":"EntryPoint","urlTemplate":"https:\/\/www.starremedies.com\/?s={search_term_string}"},"query-input":{"@type":"PropertyValueSpecification","valueRequired":true,"valueName":"search_term_string"}}],"inLanguage":"fr-FR"},{"@type":"Organization","@id":"https:\/\/www.starremedies.com\/#organization","name":"Rem\u00e8des d'\u00e9toiles","url":"https:\/\/www.starremedies.com\/","logo":{"@type":"ImageObject","inLanguage":"fr-FR","@id":"https:\/\/www.starremedies.com\/#\/schema\/logo\/image\/","url":"https:\/\/www.starremedies.com\/wp-content\/uploads\/2016\/02\/srl.gif","contentUrl":"https:\/\/www.starremedies.com\/wp-content\/uploads\/2016\/02\/srl.gif","width":250,"height":250,"caption":"Star Remedies"},"image":{"@id":"https:\/\/www.starremedies.com\/#\/schema\/logo\/image\/"},"sameAs":["https:\/\/www.facebook.com\/starremedies\/","https:\/\/www.instagram.com\/starremedies\/"]}]}},"_links":{"self":[{"href":"https:\/\/www.starremedies.com\/fr\/wp-json\/wp\/v2\/pages\/3386","targetHints":{"allow":["GET"]}}],"collection":[{"href":"https:\/\/www.starremedies.com\/fr\/wp-json\/wp\/v2\/pages"}],"about":[{"href":"https:\/\/www.starremedies.com\/fr\/wp-json\/wp\/v2\/types\/page"}],"author":[{"embeddable":true,"href":"https:\/\/www.starremedies.com\/fr\/wp-json\/wp\/v2\/users\/1"}],"replies":[{"embeddable":true,"href":"https:\/\/www.starremedies.com\/fr\/wp-json\/wp\/v2\/comments?post=3386"}],"version-history":[{"count":10,"href":"https:\/\/www.starremedies.com\/fr\/wp-json\/wp\/v2\/pages\/3386\/revisions"}],"predecessor-version":[{"id":27929,"href":"https:\/\/www.starremedies.com\/fr\/wp-json\/wp\/v2\/pages\/3386\/revisions\/27929"}],"up":[{"embeddable":true,"href":"https:\/\/www.starremedies.com\/fr\/wp-json\/wp\/v2\/pages\/4107"}],"wp:attachment":[{"href":"https:\/\/www.starremedies.com\/fr\/wp-json\/wp\/v2\/media?parent=3386"}],"curies":[{"name":"wp","href":"https:\/\/api.w.org\/{rel}","templated":true}]}}