{"id":27285,"date":"2022-12-12T11:34:02","date_gmt":"2022-12-12T10:34:02","guid":{"rendered":"https:\/\/www.starremedies.com\/?page_id=27285"},"modified":"2025-02-04T13:38:15","modified_gmt":"2025-02-04T12:38:15","slug":"scottish-highland-essences","status":"publish","type":"page","link":"https:\/\/www.starremedies.com\/fr\/brands\/starremedies\/scottish-highland-essences\/","title":{"rendered":"Scottish Highland Essences"},"content":{"rendered":"<section class=\"section section_breadcrumbs\" id=\"section_1411496156\">\n\t\t<div class=\"section-bg fill\" >\n\t\t\t\t\t\t\t\t\t\n\t\t\t\n\n\t\t<\/div>\n\n\t\t\n\n\t\t<div class=\"section-content relative\">\n\t\t\t\n<div class=\"row breadcrumbs-row\"  id=\"row-777944301\">\n\n\t<div id=\"col-329094288\" class=\"col small-12 large-12\"  >\n\t\t\t\t<div class=\"col-inner\"  >\n\t\t\t\n\t\t\t\n\t<div id=\"text-744158881\" class=\"text breadcrumbs\">\n\t\t\n<span><span><a href=\"https:\/\/www.starremedies.com\/fr\/\">Accueil<\/a><\/span><\/span>\n\t\t\t<\/div>\n\t\n\t\t<\/div>\n\t\t\t\t\t<\/div>\n\n\t\n\n<style>\n#row-777944301 > .col > .col-inner {\n  padding: 0px 0px 0px 0px;\n}\n<\/style>\n<\/div>\n\t\t<\/div>\n\n\t\t\n<style>\n#section_1411496156 {\n  padding-top: 0px;\n  padding-bottom: 0px;\n  margin-bottom: 0px;\n}\n<\/style>\n\t<\/section>\n\t\n\n\t<section class=\"section products_row\" id=\"section_632948892\">\n\t\t<div class=\"section-bg fill\" >\n\t\t\t\t\t\t\t\t\t\n\t\t\t\n\n\t\t<\/div>\n\n\t\t\n\n\t\t<div class=\"section-content relative\">\n\t\t\t\n<div class=\"row align-middle align-center\"  id=\"row-862856633\">\n\n\t<div id=\"col-428934503\" class=\"col medium-3 small-9 large-3\"  >\n\t\t\t\t<div class=\"col-inner text-center\"  >\n\t\t\t\n\t\t\t\n\t<div class=\"img has-hover x md-x lg-x y md-y lg-y\" id=\"image_497583161\">\n\t\t\t\t\t\t\t\t<div class=\"img-inner dark\" >\n\t\t\t<img decoding=\"async\" width=\"500\" height=\"500\" src=\"https:\/\/www.starremedies.com\/wp-content\/uploads\/2022\/12\/scottish-highland-essences-logo.webp\" class=\"attachment-original size-original\" alt=\"\" srcset=\"https:\/\/www.starremedies.com\/wp-content\/uploads\/2022\/12\/scottish-highland-essences-logo.webp 500w, https:\/\/www.starremedies.com\/wp-content\/uploads\/2022\/12\/scottish-highland-essences-logo-300x300.webp 300w, https:\/\/www.starremedies.com\/wp-content\/uploads\/2022\/12\/scottish-highland-essences-logo-80x80.webp 80w\" sizes=\"(max-width: 500px) 100vw, 500px\" \/>\t\t\t\t\t\t\n\t\t\t\t\t<\/div>\n\t\t\t\t\t\t\t\t\n<style>\n#image_497583161 {\n  width: 100%;\n}\n@media (min-width:850px) {\n  #image_497583161 {\n    width: 70%;\n  }\n}\n<\/style>\n\t<\/div>\n\t\n\t\t<\/div>\n\t\t\t\t\t<\/div>\n\n\t\n\n\t<div id=\"col-1242463890\" class=\"col small-12 large-12\"  >\n\t\t\t\t<div class=\"col-inner text-center\"  >\n\t\t\t\n\t\t\t\n\t<div id=\"text-4241371312\" class=\"text\">\n\t\t\n<h1>ESSENCES DES HAUTS PLATEAUX \u00c9COSSAIS<\/h1>\n\t\t\n<style>\n#text-4241371312 {\n  text-align: center;\n}\n<\/style>\n\t<\/div>\n\t\n\t\t<\/div>\n\t\t\t\t\t<\/div>\n\n\t\n<\/div>\n\t\t<\/div>\n\n\t\t\n<style>\n#section_632948892 {\n  padding-top: 30px;\n  padding-bottom: 30px;\n  background-color: rgb(247, 247, 247);\n}\n<\/style>\n\t<\/section>\n\t\n\n\t<section class=\"section\" id=\"section_1066484908\">\n\t\t<div class=\"section-bg fill\" >\n\t\t\t\t\t\t\t\t\t\n\t\t\t\n\n\t\t<\/div>\n\n\t\t\n\n\t\t<div class=\"section-content relative\">\n\t\t\t\n<div class=\"row align-center\"  id=\"row-1892030211\">\n\n\t<div id=\"col-1291055605\" class=\"col small-12 large-12\"  >\n\t\t\t\t<div class=\"col-inner\"  >\n\t\t\t\n\t\t\t\n<h2 style=\"text-align: center;\">BOUTEILLES DE STOCK DE SCOTTISH HIGHLAND ESSENCES<\/h2>\n<p>Les essences vibratoires Star Remedies 7 essentials peuvent \u00eatre command\u00e9es s\u00e9par\u00e9ment \u00e0 l'adresse suivante\u00a0<a href=\"https:\/\/www.starremediesshop.com\/fr\/floweressences\/starremedies\/sevenessentials\/\" target=\"_blank\" rel=\"noopener\">starremediesshop.com<\/a><\/p>\n<p>Vous \u00eates entrepreneur, professionnel ou th\u00e9rapeute, et vous \u00eates int\u00e9ress\u00e9 par les produits Star Remedies.\u00a0<a href=\"https:\/\/www.starremedies.com\/fr\/companies\/\">S'inscrire via le formulaire d'inscription pour les entreprises<\/a>\u00a0et pour les th\u00e9rapeutes et les professionnels,\u00a0<a href=\"https:\/\/www.starremedies.com\/fr\/companies\/\">le formulaire d'inscription pour les professionnels<\/a>.<\/p>\n<p>Les Scottish Highland Essences ont \u00e9t\u00e9 d\u00e9velopp\u00e9es pour aider les gens \u00e0 \u00e9voluer sur leur chemin spirituel tout en exploitant les qualit\u00e9s vibratoires que la nature a \u00e0 offrir en les mettant \u00e0 la disposition de ceux qui ont besoin de d\u00e9velopper leur chemin spirituel.<\/p>\n\t\t<\/div>\n\t\t\t\t\t<\/div>\n\n\t\n\n\t<div id=\"col-203683487\" class=\"col medium-6 small-12 large-3\"  >\n\t\t\t\t<div class=\"col-inner text-center\"  >\n\t\t\t\n\t\t\t\n\t<div id=\"text-1014682004\" class=\"text\">\n\t\t\n<h3 class=\"uppercase\">Culloden<\/h3>\n\t\t\n<style>\n#text-1014682004 {\n  font-size: 0.9rem;\n  text-align: center;\n}\n<\/style>\n\t<\/div>\n\t\n\t<div class=\"img has-hover x md-x lg-x y md-y lg-y\" id=\"image_345231384\">\n\t\t\t\t\t\t\t\t<div class=\"img-inner dark\" style=\"margin:0px 50px 0px 50px;\">\n\t\t\t<img decoding=\"async\" width=\"300\" height=\"300\" src=\"https:\/\/www.starremedies.com\/wp-content\/uploads\/2022\/12\/culloden-300x300.jpg\" class=\"attachment-medium size-medium\" alt=\"\" srcset=\"https:\/\/www.starremedies.com\/wp-content\/uploads\/2022\/12\/culloden-300x300.jpg 300w, https:\/\/www.starremedies.com\/wp-content\/uploads\/2022\/12\/culloden-80x80.jpg 80w, https:\/\/www.starremedies.com\/wp-content\/uploads\/2022\/12\/culloden.jpg 500w\" sizes=\"(max-width: 300px) 100vw, 300px\" \/>\t\t\t\t\t\t\n\t\t\t\t\t<\/div>\n\t\t\t\t\t\t\t\t\n<style>\n#image_345231384 {\n  width: 100%;\n}\n@media (min-width:550px) {\n  #image_345231384 {\n    width: 70%;\n  }\n}\n@media (min-width:850px) {\n  #image_345231384 {\n    width: 100%;\n  }\n}\n<\/style>\n\t<\/div>\n\t\n\t<div id=\"text-375230699\" class=\"text\">\n\t\t\n<p>Permet \u00e0 l'humanit\u00e9 de croire en ce qu'elle repr\u00e9sente sans succomber aux influences ext\u00e9rieures. Donne la force int\u00e9rieure de continuer \u00e0 avancer, quelle que soit l'ampleur ou la force de la r\u00e9sistance ext\u00e9rieure.<\/p>\n<p>Suis ton roi, suis ton dieu, sois libre et je te lib\u00e8re. Suis la lumi\u00e8re et va en paix.<\/p>\n\t\t\n<style>\n#text-375230699 {\n  font-size: 0.9rem;\n  text-align: left;\n}\n<\/style>\n\t<\/div>\n\t\n\t\t<\/div>\n\t\t\t\t\t<\/div>\n\n\t\n\n\t<div id=\"col-2100324585\" class=\"col medium-6 small-12 large-3\"  >\n\t\t\t\t<div class=\"col-inner text-center\"  >\n\t\t\t\n\t\t\t\n\t<div id=\"text-3071175728\" class=\"text\">\n\t\t\n<h3 class=\"uppercase\">Chapelle Rosslyn<\/h3>\n\t\t\n<style>\n#text-3071175728 {\n  font-size: 0.9rem;\n  text-align: center;\n}\n<\/style>\n\t<\/div>\n\t\n\t<div class=\"img has-hover x md-x lg-x y md-y lg-y\" id=\"image_2044926238\">\n\t\t\t\t\t\t\t\t<div class=\"img-inner dark\" style=\"margin:0px 50px 0px 50px;\">\n\t\t\t<img decoding=\"async\" width=\"500\" height=\"500\" src=\"https:\/\/www.starremedies.com\/wp-content\/uploads\/2022\/12\/rosslyn.jpg\" class=\"attachment-original size-original\" alt=\"\" srcset=\"https:\/\/www.starremedies.com\/wp-content\/uploads\/2022\/12\/rosslyn.jpg 500w, https:\/\/www.starremedies.com\/wp-content\/uploads\/2022\/12\/rosslyn-300x300.jpg 300w, https:\/\/www.starremedies.com\/wp-content\/uploads\/2022\/12\/rosslyn-80x80.jpg 80w\" sizes=\"(max-width: 500px) 100vw, 500px\" \/>\t\t\t\t\t\t\n\t\t\t\t\t<\/div>\n\t\t\t\t\t\t\t\t\n<style>\n#image_2044926238 {\n  width: 100%;\n}\n@media (min-width:550px) {\n  #image_2044926238 {\n    width: 70%;\n  }\n}\n@media (min-width:850px) {\n  #image_2044926238 {\n    width: 100%;\n  }\n}\n<\/style>\n\t<\/div>\n\t\n\t<div id=\"text-1194911462\" class=\"text\">\n\t\t\n<p>Veille \u00e0 ce que les personnes soient en mesure de d\u00e9velopper leur v\u00e9ritable voie spirituelle, sans obstacles sur leur chemin et en \u00e9liminant tous les blocages. Une fois que vous utilisez ce rem\u00e8de, il vous permet de suivre r\u00e9ellement le chemin spirituel. On peut le comparer au d\u00e9bouchage d'une bouteille de champagne.<\/p>\n<p>En prenant cette essence, le blocage spirituel (lire : le bouchon) dispara\u00eet, de sorte que les gens sont en mesure de se d\u00e9velopper spirituellement, car l'\u00e9nergie peut circuler du spirituel au physique.<\/p>\n<p>Il veille \u00e0 ce que votre propre part de divinit\u00e9 et la connexion avec le divin soient r\u00e9ellement \u00e9tablies. Il garantit que votre conscience du chemin spirituel devient tangible, de sorte qu'elle devienne une partie tangible de votre propre d\u00e9veloppement.<\/p>\n\t\t\n<style>\n#text-1194911462 {\n  font-size: 0.9rem;\n  text-align: left;\n}\n<\/style>\n\t<\/div>\n\t\n\t\t<\/div>\n\t\t\t\t\t<\/div>\n\n\t\n\n\t<div id=\"col-7320316\" class=\"col small-12 large-12\"  >\n\t\t\t\t<div class=\"col-inner\"  >\n\t\t\t\n\t\t\t\n<h2>Acheter des essences des Highlands \u00e9cossaises<\/h2>\n<p>Les Scottish Highland Essences peuvent \u00eatre command\u00e9es s\u00e9par\u00e9ment \u00e0 l'adresse suivante\u00a0<a href=\"https:\/\/www.starremediesshop.com\/fr\/floweressences\/starremedies\/scottishhighlandessences\/\">starremediesshop.com<\/a><\/p>\n<p>Vous \u00eates entrepreneur, professionnel ou th\u00e9rapeute, et vous \u00eates int\u00e9ress\u00e9 par les produits Star Remedies.\u00a0<a href=\"https:\/\/www.starremedies.com\/fr\/companies\/\">S'inscrire via le formulaire d'inscription pour les entreprises<\/a>\u00a0et pour les th\u00e9rapeutes et les professionnels,\u00a0<a href=\"https:\/\/www.starremedies.com\/fr\/companies\/\">le formulaire d'inscription pour les professionnels<\/a>.<\/p>\n\t\t<\/div>\n\t\t\t\t\n<style>\n#col-7320316 > .col-inner {\n  padding: 75px 0px 0px 0px;\n}\n<\/style>\n\t<\/div>\n\n\t\n<\/div>\n\t\t<\/div>\n\n\t\t\n<style>\n#section_1066484908 {\n  padding-top: 30px;\n  padding-bottom: 30px;\n}\n<\/style>\n\t<\/section>","protected":false},"excerpt":{"rendered":"","protected":false},"author":1,"featured_media":0,"parent":3856,"menu_order":0,"comment_status":"closed","ping_status":"closed","template":"page-blank.php","meta":{"footnotes":""},"class_list":["post-27285","page","type-page","status-publish","hentry"],"yoast_head":"<!-- This site is optimized with the Yoast SEO plugin v27.5 - https:\/\/yoast.com\/product\/yoast-seo-wordpress\/ -->\n<title>Scottish Highland Essences - Star Remedies<\/title>\n<meta name=\"robots\" content=\"index, follow, max-snippet:-1, max-image-preview:large, max-video-preview:-1\" \/>\n<link rel=\"canonical\" href=\"https:\/\/www.starremedies.com\/fr\/brands\/starremedies\/scottish-highland-essences\/\" \/>\n<meta property=\"og:locale\" content=\"fr_FR\" \/>\n<meta property=\"og:type\" content=\"article\" \/>\n<meta property=\"og:title\" content=\"Scottish Highland Essences - Star Remedies\" \/>\n<meta property=\"og:url\" content=\"https:\/\/www.starremedies.com\/fr\/brands\/starremedies\/scottish-highland-essences\/\" \/>\n<meta property=\"og:site_name\" content=\"Star Remedies\" \/>\n<meta property=\"article:publisher\" content=\"https:\/\/www.facebook.com\/starremedies\/\" \/>\n<meta property=\"article:modified_time\" content=\"2025-02-04T12:38:15+00:00\" \/>\n<meta name=\"twitter:card\" content=\"summary_large_image\" \/>\n<script type=\"application\/ld+json\" class=\"yoast-schema-graph\">{\"@context\":\"https:\\\/\\\/schema.org\",\"@graph\":[{\"@type\":\"WebPage\",\"@id\":\"https:\\\/\\\/www.starremedies.com\\\/brands\\\/starremedies\\\/scottish-highland-essences\\\/\",\"url\":\"https:\\\/\\\/www.starremedies.com\\\/brands\\\/starremedies\\\/scottish-highland-essences\\\/\",\"name\":\"Scottish Highland Essences - Star Remedies\",\"isPartOf\":{\"@id\":\"https:\\\/\\\/www.starremedies.com\\\/#website\"},\"datePublished\":\"2022-12-12T10:34:02+00:00\",\"dateModified\":\"2025-02-04T12:38:15+00:00\",\"breadcrumb\":{\"@id\":\"https:\\\/\\\/www.starremedies.com\\\/brands\\\/starremedies\\\/scottish-highland-essences\\\/#breadcrumb\"},\"inLanguage\":\"fr-FR\",\"potentialAction\":[{\"@type\":\"ReadAction\",\"target\":[\"https:\\\/\\\/www.starremedies.com\\\/brands\\\/starremedies\\\/scottish-highland-essences\\\/\"]}]},{\"@type\":\"BreadcrumbList\",\"@id\":\"https:\\\/\\\/www.starremedies.com\\\/brands\\\/starremedies\\\/scottish-highland-essences\\\/#breadcrumb\",\"itemListElement\":[{\"@type\":\"ListItem\",\"position\":1,\"name\":\"Home\",\"item\":\"https:\\\/\\\/www.starremedies.com\\\/\"},{\"@type\":\"ListItem\",\"position\":2,\"name\":\"Our Brands\",\"item\":\"https:\\\/\\\/www.starremedies.com\\\/brands\\\/\"},{\"@type\":\"ListItem\",\"position\":3,\"name\":\"Star Remedies Flower Essences\",\"item\":\"https:\\\/\\\/www.starremedies.com\\\/brands\\\/starremedies\\\/\"},{\"@type\":\"ListItem\",\"position\":4,\"name\":\"Scottish Highland Essences\"}]},{\"@type\":\"WebSite\",\"@id\":\"https:\\\/\\\/www.starremedies.com\\\/#website\",\"url\":\"https:\\\/\\\/www.starremedies.com\\\/\",\"name\":\"Star Remedies\",\"description\":\"\",\"publisher\":{\"@id\":\"https:\\\/\\\/www.starremedies.com\\\/#organization\"},\"potentialAction\":[{\"@type\":\"SearchAction\",\"target\":{\"@type\":\"EntryPoint\",\"urlTemplate\":\"https:\\\/\\\/www.starremedies.com\\\/?s={search_term_string}\"},\"query-input\":{\"@type\":\"PropertyValueSpecification\",\"valueRequired\":true,\"valueName\":\"search_term_string\"}}],\"inLanguage\":\"fr-FR\"},{\"@type\":\"Organization\",\"@id\":\"https:\\\/\\\/www.starremedies.com\\\/#organization\",\"name\":\"Star Remedies\",\"url\":\"https:\\\/\\\/www.starremedies.com\\\/\",\"logo\":{\"@type\":\"ImageObject\",\"inLanguage\":\"fr-FR\",\"@id\":\"https:\\\/\\\/www.starremedies.com\\\/#\\\/schema\\\/logo\\\/image\\\/\",\"url\":\"https:\\\/\\\/www.starremedies.com\\\/wp-content\\\/uploads\\\/2016\\\/02\\\/srl.gif\",\"contentUrl\":\"https:\\\/\\\/www.starremedies.com\\\/wp-content\\\/uploads\\\/2016\\\/02\\\/srl.gif\",\"width\":250,\"height\":250,\"caption\":\"Star Remedies\"},\"image\":{\"@id\":\"https:\\\/\\\/www.starremedies.com\\\/#\\\/schema\\\/logo\\\/image\\\/\"},\"sameAs\":[\"https:\\\/\\\/www.facebook.com\\\/starremedies\\\/\",\"https:\\\/\\\/www.instagram.com\\\/starremedies\\\/\"]}]}<\/script>\n<!-- \/ Yoast SEO plugin. -->","yoast_head_json":{"title":"Essences des Hautes Terres d'\u00c9cosse - Star Remedies","robots":{"index":"index","follow":"follow","max-snippet":"max-snippet:-1","max-image-preview":"max-image-preview:large","max-video-preview":"max-video-preview:-1"},"canonical":"https:\/\/www.starremedies.com\/fr\/brands\/starremedies\/scottish-highland-essences\/","og_locale":"fr_FR","og_type":"article","og_title":"Scottish Highland Essences - Star Remedies","og_url":"https:\/\/www.starremedies.com\/fr\/brands\/starremedies\/scottish-highland-essences\/","og_site_name":"Star Remedies","article_publisher":"https:\/\/www.facebook.com\/starremedies\/","article_modified_time":"2025-02-04T12:38:15+00:00","twitter_card":"summary_large_image","schema":{"@context":"https:\/\/schema.org","@graph":[{"@type":"WebPage","@id":"https:\/\/www.starremedies.com\/brands\/starremedies\/scottish-highland-essences\/","url":"https:\/\/www.starremedies.com\/brands\/starremedies\/scottish-highland-essences\/","name":"Essences des Hautes Terres d'\u00c9cosse - Star Remedies","isPartOf":{"@id":"https:\/\/www.starremedies.com\/#website"},"datePublished":"2022-12-12T10:34:02+00:00","dateModified":"2025-02-04T12:38:15+00:00","breadcrumb":{"@id":"https:\/\/www.starremedies.com\/brands\/starremedies\/scottish-highland-essences\/#breadcrumb"},"inLanguage":"fr-FR","potentialAction":[{"@type":"ReadAction","target":["https:\/\/www.starremedies.com\/brands\/starremedies\/scottish-highland-essences\/"]}]},{"@type":"BreadcrumbList","@id":"https:\/\/www.starremedies.com\/brands\/starremedies\/scottish-highland-essences\/#breadcrumb","itemListElement":[{"@type":"ListItem","position":1,"name":"Home","item":"https:\/\/www.starremedies.com\/"},{"@type":"ListItem","position":2,"name":"Our Brands","item":"https:\/\/www.starremedies.com\/brands\/"},{"@type":"ListItem","position":3,"name":"Star Remedies Flower Essences","item":"https:\/\/www.starremedies.com\/brands\/starremedies\/"},{"@type":"ListItem","position":4,"name":"Scottish Highland Essences"}]},{"@type":"WebSite","@id":"https:\/\/www.starremedies.com\/#website","url":"https:\/\/www.starremedies.com\/","name":"Rem\u00e8des d'\u00e9toiles","description":"","publisher":{"@id":"https:\/\/www.starremedies.com\/#organization"},"potentialAction":[{"@type":"SearchAction","target":{"@type":"EntryPoint","urlTemplate":"https:\/\/www.starremedies.com\/?s={search_term_string}"},"query-input":{"@type":"PropertyValueSpecification","valueRequired":true,"valueName":"search_term_string"}}],"inLanguage":"fr-FR"},{"@type":"Organization","@id":"https:\/\/www.starremedies.com\/#organization","name":"Rem\u00e8des d'\u00e9toiles","url":"https:\/\/www.starremedies.com\/","logo":{"@type":"ImageObject","inLanguage":"fr-FR","@id":"https:\/\/www.starremedies.com\/#\/schema\/logo\/image\/","url":"https:\/\/www.starremedies.com\/wp-content\/uploads\/2016\/02\/srl.gif","contentUrl":"https:\/\/www.starremedies.com\/wp-content\/uploads\/2016\/02\/srl.gif","width":250,"height":250,"caption":"Star Remedies"},"image":{"@id":"https:\/\/www.starremedies.com\/#\/schema\/logo\/image\/"},"sameAs":["https:\/\/www.facebook.com\/starremedies\/","https:\/\/www.instagram.com\/starremedies\/"]}]}},"_links":{"self":[{"href":"https:\/\/www.starremedies.com\/fr\/wp-json\/wp\/v2\/pages\/27285","targetHints":{"allow":["GET"]}}],"collection":[{"href":"https:\/\/www.starremedies.com\/fr\/wp-json\/wp\/v2\/pages"}],"about":[{"href":"https:\/\/www.starremedies.com\/fr\/wp-json\/wp\/v2\/types\/page"}],"author":[{"embeddable":true,"href":"https:\/\/www.starremedies.com\/fr\/wp-json\/wp\/v2\/users\/1"}],"replies":[{"embeddable":true,"href":"https:\/\/www.starremedies.com\/fr\/wp-json\/wp\/v2\/comments?post=27285"}],"version-history":[{"count":5,"href":"https:\/\/www.starremedies.com\/fr\/wp-json\/wp\/v2\/pages\/27285\/revisions"}],"predecessor-version":[{"id":27932,"href":"https:\/\/www.starremedies.com\/fr\/wp-json\/wp\/v2\/pages\/27285\/revisions\/27932"}],"up":[{"embeddable":true,"href":"https:\/\/www.starremedies.com\/fr\/wp-json\/wp\/v2\/pages\/3856"}],"wp:attachment":[{"href":"https:\/\/www.starremedies.com\/fr\/wp-json\/wp\/v2\/media?parent=27285"}],"curies":[{"name":"wp","href":"https:\/\/api.w.org\/{rel}","templated":true}]}}