{"id":6439,"date":"2021-07-21T13:45:31","date_gmt":"2021-07-21T12:45:31","guid":{"rendered":"https:\/\/www.starremedies.com\/?page_id=6439"},"modified":"2025-01-31T13:30:54","modified_gmt":"2025-01-31T12:30:54","slug":"manukanewzealand","status":"publish","type":"page","link":"https:\/\/www.starremedies.com\/es\/brands\/manukanewzealand\/","title":{"rendered":"Miel de Manuka"},"content":{"rendered":"<section class=\"section section_breadcrumbs\" id=\"section_1894624404\">\n\t\t<div class=\"section-bg fill\" >\n\t\t\t\t\t\t\t\t\t\n\t\t\t\n\n\t\t<\/div>\n\n\t\t\n\n\t\t<div class=\"section-content relative\">\n\t\t\t\n<div class=\"row breadcrumbs-row\"  id=\"row-1384063905\">\n\n\t<div id=\"col-2003729315\" class=\"col small-12 large-12\"  >\n\t\t\t\t<div class=\"col-inner\"  >\n\t\t\t\n\t\t\t\n\t<div id=\"text-3870827491\" class=\"text breadcrumbs\">\n\t\t\n<span><span><a href=\"https:\/\/www.starremedies.com\/es\/\">Inicio<\/a><\/span><\/span>\n\t\t\t<\/div>\n\t\n\t\t<\/div>\n\t\t\t\t\t<\/div>\n\n\t\n\n<style>\n#row-1384063905 > .col > .col-inner {\n  padding: 0px 0px 0px 0px;\n}\n<\/style>\n<\/div>\n\t\t<\/div>\n\n\t\t\n<style>\n#section_1894624404 {\n  padding-top: 0px;\n  padding-bottom: 0px;\n  margin-bottom: 0px;\n}\n<\/style>\n\t<\/section>\n\t\n\n\t<section class=\"section products_row\" id=\"section_118775715\">\n\t\t<div class=\"section-bg fill\" >\n\t\t\t\t\t\t\t\t\t\n\t\t\t\n\n\t\t<\/div>\n\n\t\t\n\n\t\t<div class=\"section-content relative\">\n\t\t\t\n<div class=\"row align-middle align-center\"  id=\"row-1537862465\">\n\n\t<div id=\"col-2098477752\" class=\"col medium-3 small-9 large-3\"  >\n\t\t\t\t<div class=\"col-inner text-center\"  >\n\t\t\t\n\t\t\t\n\t<div class=\"img has-hover x md-x lg-x y md-y lg-y\" id=\"image_1690973088\">\n\t\t\t\t\t\t\t\t<div class=\"img-inner dark\" >\n\t\t\t<img decoding=\"async\" width=\"585\" height=\"730\" src=\"https:\/\/www.starremedies.com\/wp-content\/uploads\/2022\/12\/MNZ-Regular-logo-1.png\" class=\"attachment-large size-large\" alt=\"\" srcset=\"https:\/\/www.starremedies.com\/wp-content\/uploads\/2022\/12\/MNZ-Regular-logo-1.png 585w, https:\/\/www.starremedies.com\/wp-content\/uploads\/2022\/12\/MNZ-Regular-logo-1-240x300.png 240w\" sizes=\"(max-width: 585px) 100vw, 585px\" \/>\t\t\t\t\t\t\n\t\t\t\t\t<\/div>\n\t\t\t\t\t\t\t\t\n<style>\n#image_1690973088 {\n  width: 80%;\n}\n@media (min-width:850px) {\n  #image_1690973088 {\n    width: 53%;\n  }\n}\n<\/style>\n\t<\/div>\n\t\n\t\t<\/div>\n\t\t\t\t\t<\/div>\n\n\t\n\n\t<div id=\"col-1048395296\" class=\"col small-12 large-12\"  >\n\t\t\t\t<div class=\"col-inner text-center\"  >\n\t\t\t\n\t\t\t\n\t<div id=\"text-664012113\" class=\"text\">\n\t\t\n<h1>MIEL DE MANUKA DE MNZ<\/h1>\n\t\t\n<style>\n#text-664012113 {\n  text-align: center;\n}\n<\/style>\n\t<\/div>\n\t\n\t\t<\/div>\n\t\t\t\t\t<\/div>\n\n\t\n<\/div>\n\t\t<\/div>\n\n\t\t\n<style>\n#section_118775715 {\n  padding-top: 30px;\n  padding-bottom: 30px;\n  background-color: rgb(247, 247, 247);\n}\n<\/style>\n\t<\/section>\n\t\n\n\t<section class=\"section\" id=\"section_580460923\">\n\t\t<div class=\"section-bg fill\" >\n\t\t\t\t\t\t\t\t\t\n\t\t\t\n\n\t\t<\/div>\n\n\t\t\n\n\t\t<div class=\"section-content relative\">\n\t\t\t\n<div class=\"row\"  id=\"row-1277299904\">\n\n\t<div id=\"col-1936479967\" class=\"col medium-9 small-12 large-9\"  >\n\t\t\t\t<div class=\"col-inner\"  >\n\t\t\t\n\t\t\t\n<p><strong>\u00bfQu\u00e9 hace especial a la miel de Manuka cruda monofloral MGO?<br \/><\/strong>La miel de Manuka de Nueva Zelanda es el \u00fanico alimento natural 100% del mundo cuya bioactividad fiable y de alta calidad se ha demostrado cient\u00edficamente, y es conocida en todo el mundo como uno de los alimentos m\u00e1s especiales. En 2006, cient\u00edficos alemanes, dirigidos por el profesor Thomas Henle (afiliado a la Universidad T\u00e9cnica de Dresde), descubrieron que estos niveles excepcionalmente altos de metilglioxal (MGO), presentes de forma natural, en la miel de Manuka son los \u00fanicos responsables de la bioactividad fiable.<\/p>\n<p>MNZ analiza exhaustivamente todas sus mieles para detectar compuestos como el contenido de metilglioxal (MGO) y dihidroxiacetona (DHA), hidroximetilfurfural (HMF), diastasa, an\u00e1lisis de ADN y presencia de polen de manuka, contenido de humedad y par\u00e1metros microbiol\u00f3gicos. Adem\u00e1s, tambi\u00e9n se comprueba su color, conductividad, sabor y aroma. La miel de manuka es el \u00fanico alimento del mundo en el que hasta ahora se ha encontrado un contenido significativo de metilglioxal (MGO), que oscila entre 20 mg\/kg y hasta 1.200 mg\/kg. En comparaci\u00f3n, todas las dem\u00e1s mieles analizadas en el mundo oscilan entre 0 y 5 mg\/kg, y otros alimentos entre 0 y 10 mg\/kg, aunque el caf\u00e9 y el cacao son la excepci\u00f3n, con valores de hasta 45 mg\/kg.<\/p>\n<p>En MNZ se tiene mucho cuidado para proteger las propiedades naturales de la miel de Manuka, con temperaturas en nuestra planta de procesamiento que nunca superan la temperatura natural de la colmena. Sostenible y procedente de nuestras colmenas en las zonas remotas y v\u00edrgenes de Nueva Zelanda, cada lote de miel de Manuka MGO monofloral cruda de MNZ es totalmente trazable desde la colmena hasta el estante.<\/p>\n<p>MNZ produce exclusivamente miel de manuka monofloral MGO cruda, sin filtrar ni pasteurizar, en envases sin BPA, y se produce, procesa y envasa en Nueva Zelanda.<\/p>\n<p><strong>Productos<\/strong><br \/>MNZ produce exclusivamente Miel de Manuka monofloral MGO (cruda), sin filtrar y sin pasteurizar, con diferentes contenidos de Metilglioxal (MGO); indicados en la etiqueta, reconocibles por el logotipo dorado MGO. Cuanto mayor sea el contenido de metilglioxal (MGO), mayor ser\u00e1 la bioactividad de la miel de Manuka.<\/p>\n<p>&gt; MGO 100+ (100mg\/kg)<br \/>&gt; MGO 250+ (250mg\/kg)<br \/>&gt; MGO 400+ (400mg\/kg)<br \/>&gt; MGO 550+ (550mg\/kg)<br \/>&gt; MGO 1000+ (1000mg\/kg)<br \/>&gt; MGO 1200+ (1200mg\/kg)<br \/>&gt; MGO 1500+ (1500mg\/kg)<\/p>\n<p>Sin embargo, MNZ tiene algunas colmenas de madera en zonas muy pr\u00edstinas de Nueva Zelanda donde se encuentran los valores MGO 1500+. Los otros valores que son muy importantes como el DHA, el HMF y la Diastasa son todos buenos. Las mieles de Manuka con valores superiores a MGO 800+ son naturalmente muy raras y normalmente pueden haber sido calentadas o pueden indicar una miel m\u00e1s antigua, pero este no es el caso de MNZ.<\/p>\n<p><strong>Miel de manuka cruda<\/strong><br \/>Entre las caracter\u00edsticas de la miel de Manuka cruda se incluyen: Las vitaminas, minerales y nutrientes permanecen intactos, mayor contenido de enzimas naturales y alto perfil de amino\u00e1cidos, consistencia m\u00e1s espesa, textura ligeramente granulada, incre\u00edbles aromas y perfil de sabor natural.<\/p>\n<p><strong>Las 4 etapas de producci\u00f3n de la miel de Manuka MGO cruda<\/strong><br \/>En la etapa 1 se utiliza un m\u00e9todo de extracci\u00f3n en fr\u00edo (35 \u00b0C como m\u00e1ximo) para extraer la miel de los panales<br \/>El segundo paso consiste en recoger la miel en grandes barriles.<br \/>La tercera etapa consiste en filtrar ligeramente la miel para eliminar la cera oclusiva y los restos de abejas.<br \/>Paso 4: llenar los tarros con miel de Manuka pura, cruda, sin procesar, sin pasteurizar y sin calentar.<\/p>\n\t\t<\/div>\n\t\t\t\t\t<\/div>\n\n\t\n\n\t<div id=\"col-2076740352\" class=\"col medium-3 small-12 large-3\"  >\n\t\t\t\t<div class=\"col-inner\"  >\n\t\t\t\n\t\t\t\n\t<div class=\"img has-hover x md-x lg-x y md-y lg-y\" id=\"image_510126324\">\n\t\t\t\t\t\t\t\t<div class=\"img-inner dark\" >\n\t\t\t<img decoding=\"async\" width=\"500\" height=\"500\" src=\"https:\/\/www.starremedies.com\/wp-content\/uploads\/2022\/12\/manukahoney-mnz550-500g.webp\" class=\"attachment-original size-original\" alt=\"\" srcset=\"https:\/\/www.starremedies.com\/wp-content\/uploads\/2022\/12\/manukahoney-mnz550-500g.webp 500w, https:\/\/www.starremedies.com\/wp-content\/uploads\/2022\/12\/manukahoney-mnz550-500g-300x300.webp 300w, https:\/\/www.starremedies.com\/wp-content\/uploads\/2022\/12\/manukahoney-mnz550-500g-80x80.webp 80w\" sizes=\"(max-width: 500px) 100vw, 500px\" \/>\t\t\t\t\t\t\n\t\t\t\t\t<\/div>\n\t\t\t\t\t\t\t\t\n<style>\n#image_510126324 {\n  width: 100%;\n}\n<\/style>\n\t<\/div>\n\t\n\t\t<\/div>\n\t\t\t\t\t<\/div>\n\n\t\n\n\t<div id=\"col-148837043\" class=\"col small-12 large-12\"  >\n\t\t\t\t<div class=\"col-inner\"  >\n\t\t\t\n\t\t\t\n<h2>Comprar MNZ Miel de Manuka<\/h2>\n<p>La miel de Manuka MNZ puede adquirirse por separado en\u00a0<a href=\"https:\/\/www.starremediesshop.com\/es\/mnz\/\">starremediesshop.com<\/a><\/p>\n<p>Eres Empresario, profesional o terapeuta, y est\u00e1s interesado en los productos de Star Remedies.\u00a0<a href=\"https:\/\/www.starremedies.com\/es\/companies\/\">Inscr\u00edbase a trav\u00e9s del formulario de inscripci\u00f3n para empresas<\/a>\u00a0y para terapeutas y profesionales,\u00a0<a href=\"https:\/\/www.starremedies.com\/es\/companies\/\">formulario de inscripci\u00f3n para profesionales<\/a>.<\/p>\n<h2>Visite la p\u00e1gina MNZ EU<\/h2>\n<p>Encontrar\u00e1 m\u00e1s informaci\u00f3n sobre la miel de manuka y MNZ en la p\u00e1gina europea de MNZ en\u00a0<a href=\"https:\/\/www.manukanewzealand.eu\/es\/\">Manukanewzealand.eu<\/a><\/p>\n\t\t<\/div>\n\t\t\t\t\n<style>\n#col-148837043 > .col-inner {\n  padding: 75px 0px 0px 0px;\n}\n<\/style>\n\t<\/div>\n\n\t\n<\/div>\n\t\t<\/div>\n\n\t\t\n<style>\n#section_580460923 {\n  padding-top: 30px;\n  padding-bottom: 30px;\n}\n<\/style>\n\t<\/section>","protected":false},"excerpt":{"rendered":"","protected":false},"author":1,"featured_media":0,"parent":4107,"menu_order":0,"comment_status":"closed","ping_status":"closed","template":"page-blank.php","meta":{"footnotes":""},"class_list":["post-6439","page","type-page","status-publish","hentry"],"yoast_head":"<!-- This site is optimized with the Yoast SEO plugin v27.3 - https:\/\/yoast.com\/product\/yoast-seo-wordpress\/ -->\n<title>Raw MGO Manuka Honey by MMZ - from New Zealand<\/title>\n<meta name=\"description\" content=\"Raw MGO manuka honey produced by MNZ - high quality raw manuka honey; produced, labeled and packed in New Zealand.\" \/>\n<meta name=\"robots\" content=\"index, follow, max-snippet:-1, max-image-preview:large, max-video-preview:-1\" \/>\n<link rel=\"canonical\" href=\"https:\/\/www.starremedies.com\/es\/brands\/manukanewzealand\/\" \/>\n<meta property=\"og:locale\" content=\"es_ES\" \/>\n<meta property=\"og:type\" content=\"article\" \/>\n<meta property=\"og:title\" content=\"Raw MGO Manuka Honey by MMZ - from New Zealand\" \/>\n<meta property=\"og:description\" content=\"Raw MGO manuka honey produced by MNZ - high quality raw manuka honey; produced, labeled and packed in New Zealand.\" \/>\n<meta property=\"og:url\" content=\"https:\/\/www.starremedies.com\/es\/brands\/manukanewzealand\/\" \/>\n<meta property=\"og:site_name\" content=\"Star Remedies\" \/>\n<meta property=\"article:publisher\" content=\"https:\/\/www.facebook.com\/starremedies\/\" \/>\n<meta property=\"article:modified_time\" content=\"2025-01-31T12:30:54+00:00\" \/>\n<meta name=\"twitter:card\" content=\"summary_large_image\" \/>\n<script type=\"application\/ld+json\" class=\"yoast-schema-graph\">{\"@context\":\"https:\\\/\\\/schema.org\",\"@graph\":[{\"@type\":\"WebPage\",\"@id\":\"https:\\\/\\\/www.starremedies.com\\\/brands\\\/manukanewzealand\\\/\",\"url\":\"https:\\\/\\\/www.starremedies.com\\\/brands\\\/manukanewzealand\\\/\",\"name\":\"Raw MGO Manuka Honey by MMZ - from New Zealand\",\"isPartOf\":{\"@id\":\"https:\\\/\\\/www.starremedies.com\\\/#website\"},\"datePublished\":\"2021-07-21T12:45:31+00:00\",\"dateModified\":\"2025-01-31T12:30:54+00:00\",\"description\":\"Raw MGO manuka honey produced by MNZ - high quality raw manuka honey; produced, labeled and packed in New Zealand.\",\"breadcrumb\":{\"@id\":\"https:\\\/\\\/www.starremedies.com\\\/brands\\\/manukanewzealand\\\/#breadcrumb\"},\"inLanguage\":\"es\",\"potentialAction\":[{\"@type\":\"ReadAction\",\"target\":[\"https:\\\/\\\/www.starremedies.com\\\/brands\\\/manukanewzealand\\\/\"]}]},{\"@type\":\"BreadcrumbList\",\"@id\":\"https:\\\/\\\/www.starremedies.com\\\/brands\\\/manukanewzealand\\\/#breadcrumb\",\"itemListElement\":[{\"@type\":\"ListItem\",\"position\":1,\"name\":\"Home\",\"item\":\"https:\\\/\\\/www.starremedies.com\\\/\"},{\"@type\":\"ListItem\",\"position\":2,\"name\":\"Our Brands\",\"item\":\"https:\\\/\\\/www.starremedies.com\\\/brands\\\/\"},{\"@type\":\"ListItem\",\"position\":3,\"name\":\"Manuka Honey\"}]},{\"@type\":\"WebSite\",\"@id\":\"https:\\\/\\\/www.starremedies.com\\\/#website\",\"url\":\"https:\\\/\\\/www.starremedies.com\\\/\",\"name\":\"Star Remedies\",\"description\":\"\",\"publisher\":{\"@id\":\"https:\\\/\\\/www.starremedies.com\\\/#organization\"},\"potentialAction\":[{\"@type\":\"SearchAction\",\"target\":{\"@type\":\"EntryPoint\",\"urlTemplate\":\"https:\\\/\\\/www.starremedies.com\\\/?s={search_term_string}\"},\"query-input\":{\"@type\":\"PropertyValueSpecification\",\"valueRequired\":true,\"valueName\":\"search_term_string\"}}],\"inLanguage\":\"es\"},{\"@type\":\"Organization\",\"@id\":\"https:\\\/\\\/www.starremedies.com\\\/#organization\",\"name\":\"Star Remedies\",\"url\":\"https:\\\/\\\/www.starremedies.com\\\/\",\"logo\":{\"@type\":\"ImageObject\",\"inLanguage\":\"es\",\"@id\":\"https:\\\/\\\/www.starremedies.com\\\/#\\\/schema\\\/logo\\\/image\\\/\",\"url\":\"https:\\\/\\\/www.starremedies.com\\\/wp-content\\\/uploads\\\/2016\\\/02\\\/srl.gif\",\"contentUrl\":\"https:\\\/\\\/www.starremedies.com\\\/wp-content\\\/uploads\\\/2016\\\/02\\\/srl.gif\",\"width\":250,\"height\":250,\"caption\":\"Star Remedies\"},\"image\":{\"@id\":\"https:\\\/\\\/www.starremedies.com\\\/#\\\/schema\\\/logo\\\/image\\\/\"},\"sameAs\":[\"https:\\\/\\\/www.facebook.com\\\/starremedies\\\/\",\"https:\\\/\\\/www.instagram.com\\\/starremedies\\\/\"]}]}<\/script>\n<!-- \/ Yoast SEO plugin. -->","yoast_head_json":{"title":"Miel de Manuka cruda MGO de MMZ - de Nueva Zelanda","description":"Miel de manuka cruda MGO producida por MNZ - miel de manuka cruda de alta calidad; producida, etiquetada y envasada en Nueva Zelanda.","robots":{"index":"index","follow":"follow","max-snippet":"max-snippet:-1","max-image-preview":"max-image-preview:large","max-video-preview":"max-video-preview:-1"},"canonical":"https:\/\/www.starremedies.com\/es\/brands\/manukanewzealand\/","og_locale":"es_ES","og_type":"article","og_title":"Raw MGO Manuka Honey by MMZ - from New Zealand","og_description":"Raw MGO manuka honey produced by MNZ - high quality raw manuka honey; produced, labeled and packed in New Zealand.","og_url":"https:\/\/www.starremedies.com\/es\/brands\/manukanewzealand\/","og_site_name":"Star Remedies","article_publisher":"https:\/\/www.facebook.com\/starremedies\/","article_modified_time":"2025-01-31T12:30:54+00:00","twitter_card":"summary_large_image","schema":{"@context":"https:\/\/schema.org","@graph":[{"@type":"WebPage","@id":"https:\/\/www.starremedies.com\/brands\/manukanewzealand\/","url":"https:\/\/www.starremedies.com\/brands\/manukanewzealand\/","name":"Miel de Manuka cruda MGO de MMZ - de Nueva Zelanda","isPartOf":{"@id":"https:\/\/www.starremedies.com\/#website"},"datePublished":"2021-07-21T12:45:31+00:00","dateModified":"2025-01-31T12:30:54+00:00","description":"Miel de manuka cruda MGO producida por MNZ - miel de manuka cruda de alta calidad; producida, etiquetada y envasada en Nueva Zelanda.","breadcrumb":{"@id":"https:\/\/www.starremedies.com\/brands\/manukanewzealand\/#breadcrumb"},"inLanguage":"es","potentialAction":[{"@type":"ReadAction","target":["https:\/\/www.starremedies.com\/brands\/manukanewzealand\/"]}]},{"@type":"BreadcrumbList","@id":"https:\/\/www.starremedies.com\/brands\/manukanewzealand\/#breadcrumb","itemListElement":[{"@type":"ListItem","position":1,"name":"Home","item":"https:\/\/www.starremedies.com\/"},{"@type":"ListItem","position":2,"name":"Our Brands","item":"https:\/\/www.starremedies.com\/brands\/"},{"@type":"ListItem","position":3,"name":"Manuka Honey"}]},{"@type":"WebSite","@id":"https:\/\/www.starremedies.com\/#website","url":"https:\/\/www.starremedies.com\/","name":"Remedios estrella","description":"","publisher":{"@id":"https:\/\/www.starremedies.com\/#organization"},"potentialAction":[{"@type":"SearchAction","target":{"@type":"EntryPoint","urlTemplate":"https:\/\/www.starremedies.com\/?s={search_term_string}"},"query-input":{"@type":"PropertyValueSpecification","valueRequired":true,"valueName":"search_term_string"}}],"inLanguage":"es"},{"@type":"Organization","@id":"https:\/\/www.starremedies.com\/#organization","name":"Remedios estrella","url":"https:\/\/www.starremedies.com\/","logo":{"@type":"ImageObject","inLanguage":"es","@id":"https:\/\/www.starremedies.com\/#\/schema\/logo\/image\/","url":"https:\/\/www.starremedies.com\/wp-content\/uploads\/2016\/02\/srl.gif","contentUrl":"https:\/\/www.starremedies.com\/wp-content\/uploads\/2016\/02\/srl.gif","width":250,"height":250,"caption":"Star Remedies"},"image":{"@id":"https:\/\/www.starremedies.com\/#\/schema\/logo\/image\/"},"sameAs":["https:\/\/www.facebook.com\/starremedies\/","https:\/\/www.instagram.com\/starremedies\/"]}]}},"_links":{"self":[{"href":"https:\/\/www.starremedies.com\/es\/wp-json\/wp\/v2\/pages\/6439","targetHints":{"allow":["GET"]}}],"collection":[{"href":"https:\/\/www.starremedies.com\/es\/wp-json\/wp\/v2\/pages"}],"about":[{"href":"https:\/\/www.starremedies.com\/es\/wp-json\/wp\/v2\/types\/page"}],"author":[{"embeddable":true,"href":"https:\/\/www.starremedies.com\/es\/wp-json\/wp\/v2\/users\/1"}],"replies":[{"embeddable":true,"href":"https:\/\/www.starremedies.com\/es\/wp-json\/wp\/v2\/comments?post=6439"}],"version-history":[{"count":6,"href":"https:\/\/www.starremedies.com\/es\/wp-json\/wp\/v2\/pages\/6439\/revisions"}],"predecessor-version":[{"id":27870,"href":"https:\/\/www.starremedies.com\/es\/wp-json\/wp\/v2\/pages\/6439\/revisions\/27870"}],"up":[{"embeddable":true,"href":"https:\/\/www.starremedies.com\/es\/wp-json\/wp\/v2\/pages\/4107"}],"wp:attachment":[{"href":"https:\/\/www.starremedies.com\/es\/wp-json\/wp\/v2\/media?parent=6439"}],"curies":[{"name":"wp","href":"https:\/\/api.w.org\/{rel}","templated":true}]}}