{"id":6313,"date":"2020-03-06T13:10:03","date_gmt":"2020-03-06T12:10:03","guid":{"rendered":"https:\/\/www.starremedies.com\/?page_id=6313"},"modified":"2025-03-19T13:55:26","modified_gmt":"2025-03-19T12:55:26","slug":"one-nutrition-first-defence","status":"publish","type":"page","link":"https:\/\/www.starremedies.com\/es\/brands\/one-nutrition-first-defence\/","title":{"rendered":"One Nutrition FIRST DEFENCE"},"content":{"rendered":"<section class=\"section section_breadcrumbs\" id=\"section_337594319\">\n\t\t<div class=\"section-bg fill\" >\n\t\t\t\t\t\t\t\t\t\n\t\t\t\n\n\t\t<\/div>\n\n\t\t\n\n\t\t<div class=\"section-content relative\">\n\t\t\t\n<div class=\"row breadcrumbs-row\"  id=\"row-1632851671\">\n\n\t<div id=\"col-1709859423\" class=\"col small-12 large-12\"  >\n\t\t\t\t<div class=\"col-inner\"  >\n\t\t\t\n\t\t\t\n\t<div id=\"text-1447726579\" class=\"text breadcrumbs\">\n\t\t\n<span><span><a href=\"https:\/\/www.starremedies.com\/es\/\">Inicio<\/a><\/span><\/span>\n\t\t\t<\/div>\n\t\n\t\t<\/div>\n\t\t\t\t\t<\/div>\n\n\t\n\n<style>\n#row-1632851671 > .col > .col-inner {\n  padding: 0px 0px 0px 0px;\n}\n<\/style>\n<\/div>\n\t\t<\/div>\n\n\t\t\n<style>\n#section_337594319 {\n  padding-top: 0px;\n  padding-bottom: 0px;\n  margin-bottom: 0px;\n}\n<\/style>\n\t<\/section>\n\t\n\n\t<section class=\"section products_row\" id=\"section_1448960944\">\n\t\t<div class=\"section-bg fill\" >\n\t\t\t\t\t\t\t\t\t\n\t\t\t\n\n\t\t<\/div>\n\n\t\t\n\n\t\t<div class=\"section-content relative\">\n\t\t\t\n<div class=\"row align-middle align-center\"  id=\"row-1782292802\">\n\n\t<div id=\"col-220537766\" class=\"col medium-3 small-12 large-3\"  >\n\t\t\t\t<div class=\"col-inner text-center\"  >\n\t\t\t\n\t\t\t\n\t<div class=\"img has-hover x md-x lg-x y md-y lg-y\" id=\"image_2081018461\">\n\t\t\t\t\t\t\t\t<div class=\"img-inner dark\" >\n\t\t\t<img decoding=\"async\" width=\"500\" height=\"500\" src=\"https:\/\/www.starremedies.com\/wp-content\/uploads\/2025\/03\/One-Nutrition-First-Defence.jpg\" class=\"attachment-original size-original\" alt=\"\" srcset=\"https:\/\/www.starremedies.com\/wp-content\/uploads\/2025\/03\/One-Nutrition-First-Defence.jpg 500w, https:\/\/www.starremedies.com\/wp-content\/uploads\/2025\/03\/One-Nutrition-First-Defence-300x300.jpg 300w, https:\/\/www.starremedies.com\/wp-content\/uploads\/2025\/03\/One-Nutrition-First-Defence-80x80.jpg 80w, https:\/\/www.starremedies.com\/wp-content\/uploads\/2025\/03\/One-Nutrition-First-Defence-12x12.jpg 12w\" sizes=\"(max-width: 500px) 100vw, 500px\" \/>\t\t\t\t\t\t\n\t\t\t\t\t<\/div>\n\t\t\t\t\t\t\t\t\n<style>\n#image_2081018461 {\n  width: 100%;\n}\n<\/style>\n\t<\/div>\n\t\n\t\t<\/div>\n\t\t\t\t\n<style>\n#col-220537766 > .col-inner {\n  padding: 25px 0px 0px 0px;\n}\n<\/style>\n\t<\/div>\n\n\t\n\n\t<div id=\"col-1209497506\" class=\"col small-12 large-12\"  >\n\t\t\t\t<div class=\"col-inner text-center\"  >\n\t\t\t\n\t\t\t\n\t<div id=\"text-4188483059\" class=\"text\">\n\t\t\n<h1 class=\"uppercase\">One Nutrition FIRST DEFENCE<\/h1>\n\t\t\n<style>\n#text-4188483059 {\n  text-align: center;\n}\n<\/style>\n\t<\/div>\n\t\n\t\t<\/div>\n\t\t\t\t\t<\/div>\n\n\t\n<\/div>\n\t\t<\/div>\n\n\t\t\n<style>\n#section_1448960944 {\n  padding-top: 30px;\n  padding-bottom: 30px;\n  background-color: rgb(247, 247, 247);\n}\n<\/style>\n\t<\/section>\n\t\n\n\t<section class=\"section\" id=\"section_1118274809\">\n\t\t<div class=\"section-bg fill\" >\n\t\t\t\t\t\t\t\t\t\n\t\t\t\n\n\t\t<\/div>\n\n\t\t\n\n\t\t<div class=\"section-content relative\">\n\t\t\t\n<div class=\"row align-center\"  id=\"row-136156419\">\n\n\t<div id=\"col-1662122766\" class=\"col small-12 large-12\"  >\n\t\t\t\t<div class=\"col-inner\"  >\n\t\t\t\n\t\t\t\n<h2>\u00bfPor qu\u00e9 elegir ONE NUTRITION FIRST DEFENCE?<\/h2>\n<p>Los cuatro potentes ingredientes naturales se formulan en nuestro laboratorio de tal manera que se maximiza la actividad antioxidante de la mezcla y se crea una sinergia positiva en la formulaci\u00f3n. Lo que esto significa es que cada mg de First Defence, como una entidad completa, entrega m\u00e1s unidades ABEL\u00ae-RAC por mg que la suma de las puntuaciones ABEL\u00ae-RAC mg de las partes componentes. La sinergia entre los diferentes ingredientes puede ser cuantificada y utilizada para reproducir un lote id\u00e9ntico por lote.<\/p>\n<p>Nuestro m\u00e9todo de formulaci\u00f3n requiere que cuantifiquemos la actividad de cada ingrediente individualmente y que ajustemos la formulaci\u00f3n para cada nuevo lote. Este riguroso enfoque nos permite reproducir a la perfecci\u00f3n la eficacia del producto lote a lote y garantizar que el organismo pueda utilizar la mezcla de forma repetible y predecible.<\/p>\n<p>Primera Defensa contiene ABEL\u00ae-RAC puntuaci\u00f3n de 400.000 unidades \/ mg en el momento de la producci\u00f3n<\/p>\n<p><strong>Instrucciones de uso:<\/strong><br \/>Para el mantenimiento diario, tomar 1 c\u00e1psula al d\u00eda con la comida. En caso necesario, puede tomarse un m\u00e1ximo de 4 c\u00e1psulas al d\u00eda.<\/p>\n<p><strong>Ingredientes:<\/strong><br \/>NLT-400\u00ae (Extractos de: t\u00e9 verde, semilla de uva, granada y corteza de pino), c\u00e1psula escala - Oxi-Zeal \u2122 (Pullulan). Apto para vegetarianos y veganos.<\/p>\n\t\t<\/div>\n\t\t\t\t\t<\/div>\n\n\t\n\n\t<div id=\"col-634709381\" class=\"col small-12 large-12\"  >\n\t\t\t\t<div class=\"col-inner\"  >\n\t\t\t\n\t\t\t\n\t<div id=\"text-4243421161\" class=\"text\">\n\t\t\n<h3 class=\"uppercase\">ONE NUTRITION PRIMERA DEFENSA - 30 C\u00c1PSULAS<\/h3>\n\t\t\n<style>\n#text-4243421161 {\n  text-align: center;\n}\n<\/style>\n\t<\/div>\n\t\n\t\t<\/div>\n\t\t\t\t\t<\/div>\n\n\t\n\n\t<div id=\"col-593824870\" class=\"col medium-4 small-12 large-4\"  >\n\t\t\t\t<div class=\"col-inner\"  >\n\t\t\t\n\t\t\t\n\t<div class=\"img has-hover x md-x lg-x y md-y lg-y\" id=\"image_1750813438\">\n\t\t\t\t\t\t\t\t<div class=\"img-inner dark\" >\n\t\t\t<img decoding=\"async\" width=\"500\" height=\"500\" src=\"https:\/\/www.starremedies.com\/wp-content\/uploads\/2025\/03\/One-Nutrition-First-Defence.jpg\" class=\"attachment-original size-original\" alt=\"\" srcset=\"https:\/\/www.starremedies.com\/wp-content\/uploads\/2025\/03\/One-Nutrition-First-Defence.jpg 500w, https:\/\/www.starremedies.com\/wp-content\/uploads\/2025\/03\/One-Nutrition-First-Defence-300x300.jpg 300w, https:\/\/www.starremedies.com\/wp-content\/uploads\/2025\/03\/One-Nutrition-First-Defence-80x80.jpg 80w, https:\/\/www.starremedies.com\/wp-content\/uploads\/2025\/03\/One-Nutrition-First-Defence-12x12.jpg 12w\" sizes=\"(max-width: 500px) 100vw, 500px\" \/>\t\t\t\t\t\t\n\t\t\t\t\t<\/div>\n\t\t\t\t\t\t\t\t\n<style>\n#image_1750813438 {\n  width: 100%;\n}\n<\/style>\n\t<\/div>\n\t\n\t\t<\/div>\n\t\t\t\t\t<\/div>\n\n\t\n\n\t<div id=\"col-254786926\" class=\"col small-12 large-12\"  >\n\t\t\t\t<div class=\"col-inner\"  >\n\t\t\t\n\t\t\t\n<h2>Comprar ONE NUTRITION PRIMERA DEFENSA<\/h2>\n<p>ONE NUTRITION P4-IMMUNE puede adquirirse por separado en\u00a0<a href=\"https:\/\/www.starremediesshop.com\/onenutrion\/one-nutrition-first-defence\/\" target=\"_blank\" rel=\"noopener\">starremediesshop.com<\/a><\/p>\n<p>Eres Empresario, profesional o terapeuta, y est\u00e1s interesado en los productos de Star Remedies.\u00a0<a href=\"https:\/\/www.starremedies.com\/es\/companies\/\">Inscr\u00edbase a trav\u00e9s del formulario de inscripci\u00f3n para empresas<\/a>\u00a0y para terapeutas y profesionales,\u00a0<a href=\"https:\/\/www.starremedies.com\/es\/companies\/\">formulario de inscripci\u00f3n para profesionales<\/a>.<\/p>\n\t\t<\/div>\n\t\t\t\t\t<\/div>\n\n\t\n<\/div>\n\t\t<\/div>\n\n\t\t\n<style>\n#section_1118274809 {\n  padding-top: 30px;\n  padding-bottom: 30px;\n}\n<\/style>\n\t<\/section>","protected":false},"excerpt":{"rendered":"","protected":false},"author":1,"featured_media":0,"parent":4107,"menu_order":0,"comment_status":"closed","ping_status":"closed","template":"page-blank.php","meta":{"footnotes":""},"class_list":["post-6313","page","type-page","status-publish","hentry"],"yoast_head":"<!-- This site is optimized with the Yoast SEO plugin v27.3 - https:\/\/yoast.com\/product\/yoast-seo-wordpress\/ -->\n<title>One Nutrition P4-Immune<\/title>\n<meta name=\"description\" content=\"NLT-400\u00ae (Extracts of: Green tea, Grape seed, Pomegranate and Pine bark), capsule scale - Oxi-Zeal \u2122 (Pullulan). Suitable for vegetarians and vegans.\" \/>\n<meta name=\"robots\" content=\"index, follow, max-snippet:-1, max-image-preview:large, max-video-preview:-1\" \/>\n<link rel=\"canonical\" href=\"https:\/\/www.starremedies.com\/es\/brands\/one-nutrition-first-defence\/\" \/>\n<meta property=\"og:locale\" content=\"es_ES\" \/>\n<meta property=\"og:type\" content=\"article\" \/>\n<meta property=\"og:title\" content=\"One Nutrition P4-Immune\" \/>\n<meta property=\"og:description\" content=\"NLT-400\u00ae (Extracts of: Green tea, Grape seed, Pomegranate and Pine bark), capsule scale - Oxi-Zeal \u2122 (Pullulan). Suitable for vegetarians and vegans.\" \/>\n<meta property=\"og:url\" content=\"https:\/\/www.starremedies.com\/es\/brands\/one-nutrition-first-defence\/\" \/>\n<meta property=\"og:site_name\" content=\"Star Remedies\" \/>\n<meta property=\"article:publisher\" content=\"https:\/\/www.facebook.com\/starremedies\/\" \/>\n<meta property=\"article:modified_time\" content=\"2025-03-19T12:55:26+00:00\" \/>\n<meta name=\"twitter:card\" content=\"summary_large_image\" \/>\n<meta name=\"twitter:label1\" content=\"Tiempo de lectura\" \/>\n\t<meta name=\"twitter:data1\" content=\"2 minutos\" \/>\n<script type=\"application\/ld+json\" class=\"yoast-schema-graph\">{\"@context\":\"https:\\\/\\\/schema.org\",\"@graph\":[{\"@type\":\"WebPage\",\"@id\":\"https:\\\/\\\/www.starremedies.com\\\/brands\\\/one-nutrition-first-defence\\\/\",\"url\":\"https:\\\/\\\/www.starremedies.com\\\/brands\\\/one-nutrition-first-defence\\\/\",\"name\":\"One Nutrition P4-Immune\",\"isPartOf\":{\"@id\":\"https:\\\/\\\/www.starremedies.com\\\/#website\"},\"datePublished\":\"2020-03-06T12:10:03+00:00\",\"dateModified\":\"2025-03-19T12:55:26+00:00\",\"description\":\"NLT-400\u00ae (Extracts of: Green tea, Grape seed, Pomegranate and Pine bark), capsule scale - Oxi-Zeal \u2122 (Pullulan). Suitable for vegetarians and vegans.\",\"breadcrumb\":{\"@id\":\"https:\\\/\\\/www.starremedies.com\\\/brands\\\/one-nutrition-first-defence\\\/#breadcrumb\"},\"inLanguage\":\"es\",\"potentialAction\":[{\"@type\":\"ReadAction\",\"target\":[\"https:\\\/\\\/www.starremedies.com\\\/brands\\\/one-nutrition-first-defence\\\/\"]}]},{\"@type\":\"BreadcrumbList\",\"@id\":\"https:\\\/\\\/www.starremedies.com\\\/brands\\\/one-nutrition-first-defence\\\/#breadcrumb\",\"itemListElement\":[{\"@type\":\"ListItem\",\"position\":1,\"name\":\"Home\",\"item\":\"https:\\\/\\\/www.starremedies.com\\\/\"},{\"@type\":\"ListItem\",\"position\":2,\"name\":\"Our Brands\",\"item\":\"https:\\\/\\\/www.starremedies.com\\\/brands\\\/\"},{\"@type\":\"ListItem\",\"position\":3,\"name\":\"One Nutrition FIRST DEFENCE\"}]},{\"@type\":\"WebSite\",\"@id\":\"https:\\\/\\\/www.starremedies.com\\\/#website\",\"url\":\"https:\\\/\\\/www.starremedies.com\\\/\",\"name\":\"Star Remedies\",\"description\":\"\",\"publisher\":{\"@id\":\"https:\\\/\\\/www.starremedies.com\\\/#organization\"},\"potentialAction\":[{\"@type\":\"SearchAction\",\"target\":{\"@type\":\"EntryPoint\",\"urlTemplate\":\"https:\\\/\\\/www.starremedies.com\\\/?s={search_term_string}\"},\"query-input\":{\"@type\":\"PropertyValueSpecification\",\"valueRequired\":true,\"valueName\":\"search_term_string\"}}],\"inLanguage\":\"es\"},{\"@type\":\"Organization\",\"@id\":\"https:\\\/\\\/www.starremedies.com\\\/#organization\",\"name\":\"Star Remedies\",\"url\":\"https:\\\/\\\/www.starremedies.com\\\/\",\"logo\":{\"@type\":\"ImageObject\",\"inLanguage\":\"es\",\"@id\":\"https:\\\/\\\/www.starremedies.com\\\/#\\\/schema\\\/logo\\\/image\\\/\",\"url\":\"https:\\\/\\\/www.starremedies.com\\\/wp-content\\\/uploads\\\/2016\\\/02\\\/srl.gif\",\"contentUrl\":\"https:\\\/\\\/www.starremedies.com\\\/wp-content\\\/uploads\\\/2016\\\/02\\\/srl.gif\",\"width\":250,\"height\":250,\"caption\":\"Star Remedies\"},\"image\":{\"@id\":\"https:\\\/\\\/www.starremedies.com\\\/#\\\/schema\\\/logo\\\/image\\\/\"},\"sameAs\":[\"https:\\\/\\\/www.facebook.com\\\/starremedies\\\/\",\"https:\\\/\\\/www.instagram.com\\\/starremedies\\\/\"]}]}<\/script>\n<!-- \/ Yoast SEO plugin. -->","yoast_head_json":{"title":"One Nutrition P4-Immune","description":"NLT-400\u00ae (Extractos de: t\u00e9 verde, semilla de uva, granada y corteza de pino), c\u00e1psula escala - Oxi-Zeal \u2122 (Pullulan). Apto para vegetarianos y veganos.","robots":{"index":"index","follow":"follow","max-snippet":"max-snippet:-1","max-image-preview":"max-image-preview:large","max-video-preview":"max-video-preview:-1"},"canonical":"https:\/\/www.starremedies.com\/es\/brands\/one-nutrition-first-defence\/","og_locale":"es_ES","og_type":"article","og_title":"One Nutrition P4-Immune","og_description":"NLT-400\u00ae (Extracts of: Green tea, Grape seed, Pomegranate and Pine bark), capsule scale - Oxi-Zeal \u2122 (Pullulan). Suitable for vegetarians and vegans.","og_url":"https:\/\/www.starremedies.com\/es\/brands\/one-nutrition-first-defence\/","og_site_name":"Star Remedies","article_publisher":"https:\/\/www.facebook.com\/starremedies\/","article_modified_time":"2025-03-19T12:55:26+00:00","twitter_card":"summary_large_image","twitter_misc":{"Tiempo de lectura":"2 minutos"},"schema":{"@context":"https:\/\/schema.org","@graph":[{"@type":"WebPage","@id":"https:\/\/www.starremedies.com\/brands\/one-nutrition-first-defence\/","url":"https:\/\/www.starremedies.com\/brands\/one-nutrition-first-defence\/","name":"One Nutrition P4-Immune","isPartOf":{"@id":"https:\/\/www.starremedies.com\/#website"},"datePublished":"2020-03-06T12:10:03+00:00","dateModified":"2025-03-19T12:55:26+00:00","description":"NLT-400\u00ae (Extractos de: t\u00e9 verde, semilla de uva, granada y corteza de pino), c\u00e1psula escala - Oxi-Zeal \u2122 (Pullulan). Apto para vegetarianos y veganos.","breadcrumb":{"@id":"https:\/\/www.starremedies.com\/brands\/one-nutrition-first-defence\/#breadcrumb"},"inLanguage":"es","potentialAction":[{"@type":"ReadAction","target":["https:\/\/www.starremedies.com\/brands\/one-nutrition-first-defence\/"]}]},{"@type":"BreadcrumbList","@id":"https:\/\/www.starremedies.com\/brands\/one-nutrition-first-defence\/#breadcrumb","itemListElement":[{"@type":"ListItem","position":1,"name":"Home","item":"https:\/\/www.starremedies.com\/"},{"@type":"ListItem","position":2,"name":"Our Brands","item":"https:\/\/www.starremedies.com\/brands\/"},{"@type":"ListItem","position":3,"name":"One Nutrition FIRST DEFENCE"}]},{"@type":"WebSite","@id":"https:\/\/www.starremedies.com\/#website","url":"https:\/\/www.starremedies.com\/","name":"Remedios estrella","description":"","publisher":{"@id":"https:\/\/www.starremedies.com\/#organization"},"potentialAction":[{"@type":"SearchAction","target":{"@type":"EntryPoint","urlTemplate":"https:\/\/www.starremedies.com\/?s={search_term_string}"},"query-input":{"@type":"PropertyValueSpecification","valueRequired":true,"valueName":"search_term_string"}}],"inLanguage":"es"},{"@type":"Organization","@id":"https:\/\/www.starremedies.com\/#organization","name":"Remedios estrella","url":"https:\/\/www.starremedies.com\/","logo":{"@type":"ImageObject","inLanguage":"es","@id":"https:\/\/www.starremedies.com\/#\/schema\/logo\/image\/","url":"https:\/\/www.starremedies.com\/wp-content\/uploads\/2016\/02\/srl.gif","contentUrl":"https:\/\/www.starremedies.com\/wp-content\/uploads\/2016\/02\/srl.gif","width":250,"height":250,"caption":"Star Remedies"},"image":{"@id":"https:\/\/www.starremedies.com\/#\/schema\/logo\/image\/"},"sameAs":["https:\/\/www.facebook.com\/starremedies\/","https:\/\/www.instagram.com\/starremedies\/"]}]}},"_links":{"self":[{"href":"https:\/\/www.starremedies.com\/es\/wp-json\/wp\/v2\/pages\/6313","targetHints":{"allow":["GET"]}}],"collection":[{"href":"https:\/\/www.starremedies.com\/es\/wp-json\/wp\/v2\/pages"}],"about":[{"href":"https:\/\/www.starremedies.com\/es\/wp-json\/wp\/v2\/types\/page"}],"author":[{"embeddable":true,"href":"https:\/\/www.starremedies.com\/es\/wp-json\/wp\/v2\/users\/1"}],"replies":[{"embeddable":true,"href":"https:\/\/www.starremedies.com\/es\/wp-json\/wp\/v2\/comments?post=6313"}],"version-history":[{"count":12,"href":"https:\/\/www.starremedies.com\/es\/wp-json\/wp\/v2\/pages\/6313\/revisions"}],"predecessor-version":[{"id":27996,"href":"https:\/\/www.starremedies.com\/es\/wp-json\/wp\/v2\/pages\/6313\/revisions\/27996"}],"up":[{"embeddable":true,"href":"https:\/\/www.starremedies.com\/es\/wp-json\/wp\/v2\/pages\/4107"}],"wp:attachment":[{"href":"https:\/\/www.starremedies.com\/es\/wp-json\/wp\/v2\/media?parent=6313"}],"curies":[{"name":"wp","href":"https:\/\/api.w.org\/{rel}","templated":true}]}}