{"id":4530,"date":"2016-03-02T18:27:03","date_gmt":"2016-03-02T17:27:03","guid":{"rendered":"https:\/\/www.starremedies.com\/?page_id=4530"},"modified":"2025-02-05T12:49:08","modified_gmt":"2025-02-05T11:49:08","slug":"creams","status":"publish","type":"page","link":"https:\/\/www.starremedies.com\/es\/brands\/starremedies\/creams\/","title":{"rendered":"Crema base, 100% natural, para todas las pieles"},"content":{"rendered":"<section class=\"section section_breadcrumbs\" id=\"section_1477493669\">\n\t\t<div class=\"section-bg fill\" >\n\t\t\t\t\t\t\t\t\t\n\t\t\t\n\n\t\t<\/div>\n\n\t\t\n\n\t\t<div class=\"section-content relative\">\n\t\t\t\n<div class=\"row breadcrumbs-row\"  id=\"row-1634723935\">\n\n\t<div id=\"col-358105860\" class=\"col small-12 large-12\"  >\n\t\t\t\t<div class=\"col-inner\"  >\n\t\t\t\n\t\t\t\n\t<div id=\"text-2076355370\" class=\"text breadcrumbs\">\n\t\t\n<span><span><a href=\"https:\/\/www.starremedies.com\/es\/\">Inicio<\/a><\/span><\/span>\n\t\t\t<\/div>\n\t\n\t\t<\/div>\n\t\t\t\t\t<\/div>\n\n\t\n\n<style>\n#row-1634723935 > .col > .col-inner {\n  padding: 0px 0px 0px 0px;\n}\n<\/style>\n<\/div>\n\t\t<\/div>\n\n\t\t\n<style>\n#section_1477493669 {\n  padding-top: 0px;\n  padding-bottom: 0px;\n  margin-bottom: 0px;\n}\n<\/style>\n\t<\/section>\n\t\n\n\t<section class=\"section products_row\" id=\"section_139776788\">\n\t\t<div class=\"section-bg fill\" >\n\t\t\t\t\t\t\t\t\t\n\t\t\t\n\n\t\t<\/div>\n\n\t\t\n\n\t\t<div class=\"section-content relative\">\n\t\t\t\n<div class=\"row align-middle align-center\"  id=\"row-1364116532\">\n\n\t<div id=\"col-190095274\" class=\"col medium-2 small-12 large-2\"  >\n\t\t\t\t<div class=\"col-inner text-center\"  >\n\t\t\t\n\t\t\t\n\t<div class=\"img has-hover x md-x lg-x y md-y lg-y\" id=\"image_1786262591\">\n\t\t\t\t\t\t\t\t<div class=\"img-inner dark\" >\n\t\t\t<img decoding=\"async\" width=\"250\" height=\"250\" src=\"https:\/\/www.starremedies.com\/wp-content\/uploads\/2022\/12\/sr_logo_transparent.png\" class=\"attachment-original size-original\" alt=\"\" srcset=\"https:\/\/www.starremedies.com\/wp-content\/uploads\/2022\/12\/sr_logo_transparent.png 250w, https:\/\/www.starremedies.com\/wp-content\/uploads\/2022\/12\/sr_logo_transparent-80x80.png 80w\" sizes=\"(max-width: 250px) 100vw, 250px\" \/>\t\t\t\t\t\t\n\t\t\t\t\t<\/div>\n\t\t\t\t\t\t\t\t\n<style>\n#image_1786262591 {\n  width: 100%;\n}\n<\/style>\n\t<\/div>\n\t\n\t\t<\/div>\n\t\t\t\t\t<\/div>\n\n\t\n\n\t<div id=\"col-952750732\" class=\"col small-12 large-12\"  >\n\t\t\t\t<div class=\"col-inner text-center\"  >\n\t\t\t\n\t\t\t\n\t<div id=\"text-329250605\" class=\"text\">\n\t\t\n<h1>CREMA BASE, 100% NATURAL, PARA TODAS LAS PIELES<\/h1>\n\t\t\n<style>\n#text-329250605 {\n  text-align: center;\n}\n<\/style>\n\t<\/div>\n\t\n\t\t<\/div>\n\t\t\t\t\t<\/div>\n\n\t\n<\/div>\n\t\t<\/div>\n\n\t\t\n<style>\n#section_139776788 {\n  padding-top: 30px;\n  padding-bottom: 30px;\n  background-color: rgb(247, 247, 247);\n}\n<\/style>\n\t<\/section>\n\t\n\n\t<section class=\"section\" id=\"section_794321775\">\n\t\t<div class=\"section-bg fill\" >\n\t\t\t\t\t\t\t\t\t\n\t\t\t\n\n\t\t<\/div>\n\n\t\t\n\n\t\t<div class=\"section-content relative\">\n\t\t\t\n<div class=\"row\"  id=\"row-2084975092\">\n\n\t<div id=\"col-1803159789\" class=\"col medium-10 small-12 large-10\"  >\n\t\t\t\t<div class=\"col-inner\"  >\n\t\t\t\n\t\t\t\n<h2>Crema base<\/h2>\n<p>Una excelente 100% crema base natural pura que no ha sido probada en animales y por lo tanto no se prueba en animales. Este es un requisito previo para nuestros productos; sin crueldad. Esta crema base est\u00e1 completamente libre de productos petroqu\u00edmicos, lanolina, dodecil sulfato de sodio, parabenos, colorantes, dietanolamina (DEA), perfume y otros aditivos innecesarios.<\/p>\n<p>La crema base natural es ideal para todo tipo de pieles y se caracteriza por ofrecer la misma calidad que las marcas exclusivas m\u00e1s famosas. Esta crema tambi\u00e9n puede utilizarse como base para una crema hidratante y para cremas de manos, cara y pies.<\/p>\n<p>Adem\u00e1s, esta crema tambi\u00e9n puede utilizarse sola o en combinaci\u00f3n con los aceites esenciales, aceites vegetales, tinturas, agua arom\u00e1tica, hidrolatos, extractos secos de hierbas, extractos vegetales de CO2, perfumes naturales y micas que usted elija.<\/p>\n<h3><strong>La crema contiene:<\/strong><\/h3>\n<p>Aqua, Glicerina, Alcohol Cetear\u00edlico, \u00c1cido Este\u00e1rico, Triglic\u00e9rido Capr\u00edlico \/ c\u00e1prico, Estearato de Glicerina BE, Aloe Barbadensis, Palmitato de Isopropilo, Aceite de Cosos Nucifera (Coco), Aceite de San Juan Worth, Cal\u00e9ndula Officinalis, Aceite de Triticum Vulgare, Citrus Grandis (Semilla de Pomelo) ) Phenoxyethanol, Ethylhexyglycerin, Triethanolamine, Cymbopogon Felxuosus (Lemongrass) Oil, Citric Acid, Citral, Geraniol, Citronellol, Limonene, Linalool<br \/><strong><br \/>Disponible en:<\/strong><br \/>500 gramos<\/p>\n\t\t<\/div>\n\t\t\t\t\t<\/div>\n\n\t\n\n\t<div id=\"col-1193083581\" class=\"col medium-2 small-12 large-2\"  >\n\t\t\t\t<div class=\"col-inner text-center\"  >\n\t\t\t\n\t\t\t\n\t<div class=\"img has-hover x md-x lg-x y md-y lg-y\" id=\"image_568523450\">\n\t\t\t\t\t\t\t\t<div class=\"img-inner dark\" >\n\t\t\t<img decoding=\"async\" width=\"300\" height=\"300\" src=\"https:\/\/www.starremedies.com\/wp-content\/uploads\/2016\/03\/srbc500-300x300.jpg\" class=\"attachment-medium size-medium\" alt=\"\" srcset=\"https:\/\/www.starremedies.com\/wp-content\/uploads\/2016\/03\/srbc500-300x300.jpg 300w, https:\/\/www.starremedies.com\/wp-content\/uploads\/2016\/03\/srbc500-80x80.jpg 80w, https:\/\/www.starremedies.com\/wp-content\/uploads\/2016\/03\/srbc500-36x36.jpg 36w, https:\/\/www.starremedies.com\/wp-content\/uploads\/2016\/03\/srbc500-180x180.jpg 180w, https:\/\/www.starremedies.com\/wp-content\/uploads\/2016\/03\/srbc500-120x120.jpg 120w, https:\/\/www.starremedies.com\/wp-content\/uploads\/2016\/03\/srbc500-450x450.jpg 450w, https:\/\/www.starremedies.com\/wp-content\/uploads\/2016\/03\/srbc500.jpg 500w\" sizes=\"(max-width: 300px) 100vw, 300px\" \/>\t\t\t\t\t\t\n\t\t\t\t\t<\/div>\n\t\t\t\t\t\t\t\t\n<style>\n#image_568523450 {\n  width: 100%;\n}\n<\/style>\n\t<\/div>\n\t\n\t\t<\/div>\n\t\t\t\t\t<\/div>\n\n\t\n\n\t<div id=\"col-1419797843\" class=\"col small-12 large-12\"  >\n\t\t\t\t<div class=\"col-inner\"  >\n\t\t\t\n\t\t\t\n<h2>Comprar esencias florales y productos Star Remedies<\/h2>\n<p>Las esencias florales y los productos Star Remedies se pueden pedir por separado en\u00a0<a href=\"https:\/\/www.starremediesshop.com\/es\/floweressences\/starremedies\/creams\/\" target=\"_blank\" rel=\"noopener\">starremediesshop.com<\/a><\/p>\n<p>Eres Empresario, profesional o terapeuta, y est\u00e1s interesado en los productos de Star Remedies.\u00a0<a href=\"https:\/\/www.starremedies.com\/es\/companies\/\">Inscr\u00edbase a trav\u00e9s del formulario de inscripci\u00f3n para empresas<\/a>\u00a0y para terapeutas y profesionales,\u00a0<a href=\"https:\/\/www.starremedies.com\/es\/companies\/\">formulario de inscripci\u00f3n para profesionales<\/a>.<\/p>\n\t\t<\/div>\n\t\t\t\t\n<style>\n#col-1419797843 > .col-inner {\n  margin: 75px 0px 0px 0px;\n}\n<\/style>\n\t<\/div>\n\n\t\n<\/div>\n\t\t<\/div>\n\n\t\t\n<style>\n#section_794321775 {\n  padding-top: 30px;\n  padding-bottom: 30px;\n}\n<\/style>\n\t<\/section>","protected":false},"excerpt":{"rendered":"","protected":false},"author":1,"featured_media":0,"parent":3856,"menu_order":0,"comment_status":"closed","ping_status":"closed","template":"page-blank.php","meta":{"footnotes":""},"class_list":["post-4530","page","type-page","status-publish","hentry"],"yoast_head":"<!-- This site is optimized with the Yoast SEO plugin v27.4 - https:\/\/yoast.com\/product\/yoast-seo-wordpress\/ -->\n<title>Base cream, 100% natural, for every skin - Star Remedies<\/title>\n<meta name=\"description\" content=\"Base cream based on 100% natural ingredients and used by luxury brands worldwide. Suitable for mixing essential oils, Bach flowers.\" \/>\n<meta name=\"robots\" content=\"index, follow, max-snippet:-1, max-image-preview:large, max-video-preview:-1\" \/>\n<link rel=\"canonical\" href=\"https:\/\/www.starremedies.com\/es\/brands\/starremedies\/creams\/\" \/>\n<meta property=\"og:locale\" content=\"es_ES\" \/>\n<meta property=\"og:type\" content=\"article\" \/>\n<meta property=\"og:title\" content=\"Base cream, 100% natural, for every skin - Star Remedies\" \/>\n<meta property=\"og:description\" content=\"Base cream based on 100% natural ingredients and used by luxury brands worldwide. Suitable for mixing essential oils, Bach flowers.\" \/>\n<meta property=\"og:url\" content=\"https:\/\/www.starremedies.com\/es\/brands\/starremedies\/creams\/\" \/>\n<meta property=\"og:site_name\" content=\"Star Remedies\" \/>\n<meta property=\"article:publisher\" content=\"https:\/\/www.facebook.com\/starremedies\/\" \/>\n<meta property=\"article:modified_time\" content=\"2025-02-05T11:49:08+00:00\" \/>\n<meta name=\"twitter:card\" content=\"summary_large_image\" \/>\n<script type=\"application\/ld+json\" class=\"yoast-schema-graph\">{\"@context\":\"https:\\\/\\\/schema.org\",\"@graph\":[{\"@type\":\"WebPage\",\"@id\":\"https:\\\/\\\/www.starremedies.com\\\/brands\\\/starremedies\\\/creams\\\/\",\"url\":\"https:\\\/\\\/www.starremedies.com\\\/brands\\\/starremedies\\\/creams\\\/\",\"name\":\"Base cream, 100% natural, for every skin - Star Remedies\",\"isPartOf\":{\"@id\":\"https:\\\/\\\/www.starremedies.com\\\/#website\"},\"datePublished\":\"2016-03-02T17:27:03+00:00\",\"dateModified\":\"2025-02-05T11:49:08+00:00\",\"description\":\"Base cream based on 100% natural ingredients and used by luxury brands worldwide. Suitable for mixing essential oils, Bach flowers.\",\"breadcrumb\":{\"@id\":\"https:\\\/\\\/www.starremedies.com\\\/brands\\\/starremedies\\\/creams\\\/#breadcrumb\"},\"inLanguage\":\"es\",\"potentialAction\":[{\"@type\":\"ReadAction\",\"target\":[\"https:\\\/\\\/www.starremedies.com\\\/brands\\\/starremedies\\\/creams\\\/\"]}]},{\"@type\":\"BreadcrumbList\",\"@id\":\"https:\\\/\\\/www.starremedies.com\\\/brands\\\/starremedies\\\/creams\\\/#breadcrumb\",\"itemListElement\":[{\"@type\":\"ListItem\",\"position\":1,\"name\":\"Home\",\"item\":\"https:\\\/\\\/www.starremedies.com\\\/\"},{\"@type\":\"ListItem\",\"position\":2,\"name\":\"Our Brands\",\"item\":\"https:\\\/\\\/www.starremedies.com\\\/brands\\\/\"},{\"@type\":\"ListItem\",\"position\":3,\"name\":\"Star Remedies Flower Essences\",\"item\":\"https:\\\/\\\/www.starremedies.com\\\/brands\\\/starremedies\\\/\"},{\"@type\":\"ListItem\",\"position\":4,\"name\":\"Base cream, 100% natural, for every skin\"}]},{\"@type\":\"WebSite\",\"@id\":\"https:\\\/\\\/www.starremedies.com\\\/#website\",\"url\":\"https:\\\/\\\/www.starremedies.com\\\/\",\"name\":\"Star Remedies\",\"description\":\"\",\"publisher\":{\"@id\":\"https:\\\/\\\/www.starremedies.com\\\/#organization\"},\"potentialAction\":[{\"@type\":\"SearchAction\",\"target\":{\"@type\":\"EntryPoint\",\"urlTemplate\":\"https:\\\/\\\/www.starremedies.com\\\/?s={search_term_string}\"},\"query-input\":{\"@type\":\"PropertyValueSpecification\",\"valueRequired\":true,\"valueName\":\"search_term_string\"}}],\"inLanguage\":\"es\"},{\"@type\":\"Organization\",\"@id\":\"https:\\\/\\\/www.starremedies.com\\\/#organization\",\"name\":\"Star Remedies\",\"url\":\"https:\\\/\\\/www.starremedies.com\\\/\",\"logo\":{\"@type\":\"ImageObject\",\"inLanguage\":\"es\",\"@id\":\"https:\\\/\\\/www.starremedies.com\\\/#\\\/schema\\\/logo\\\/image\\\/\",\"url\":\"https:\\\/\\\/www.starremedies.com\\\/wp-content\\\/uploads\\\/2016\\\/02\\\/srl.gif\",\"contentUrl\":\"https:\\\/\\\/www.starremedies.com\\\/wp-content\\\/uploads\\\/2016\\\/02\\\/srl.gif\",\"width\":250,\"height\":250,\"caption\":\"Star Remedies\"},\"image\":{\"@id\":\"https:\\\/\\\/www.starremedies.com\\\/#\\\/schema\\\/logo\\\/image\\\/\"},\"sameAs\":[\"https:\\\/\\\/www.facebook.com\\\/starremedies\\\/\",\"https:\\\/\\\/www.instagram.com\\\/starremedies\\\/\"]}]}<\/script>\n<!-- \/ Yoast SEO plugin. -->","yoast_head_json":{"title":"Crema base, 100% natural, para todas las pieles - Star Remedies","description":"Crema base a base de ingredientes naturales 100% y utilizada por marcas de lujo de todo el mundo. Adecuada para mezclar aceites esenciales, flores de Bach.","robots":{"index":"index","follow":"follow","max-snippet":"max-snippet:-1","max-image-preview":"max-image-preview:large","max-video-preview":"max-video-preview:-1"},"canonical":"https:\/\/www.starremedies.com\/es\/brands\/starremedies\/creams\/","og_locale":"es_ES","og_type":"article","og_title":"Base cream, 100% natural, for every skin - Star Remedies","og_description":"Base cream based on 100% natural ingredients and used by luxury brands worldwide. Suitable for mixing essential oils, Bach flowers.","og_url":"https:\/\/www.starremedies.com\/es\/brands\/starremedies\/creams\/","og_site_name":"Star Remedies","article_publisher":"https:\/\/www.facebook.com\/starremedies\/","article_modified_time":"2025-02-05T11:49:08+00:00","twitter_card":"summary_large_image","schema":{"@context":"https:\/\/schema.org","@graph":[{"@type":"WebPage","@id":"https:\/\/www.starremedies.com\/brands\/starremedies\/creams\/","url":"https:\/\/www.starremedies.com\/brands\/starremedies\/creams\/","name":"Crema base, 100% natural, para todas las pieles - Star Remedies","isPartOf":{"@id":"https:\/\/www.starremedies.com\/#website"},"datePublished":"2016-03-02T17:27:03+00:00","dateModified":"2025-02-05T11:49:08+00:00","description":"Crema base a base de ingredientes naturales 100% y utilizada por marcas de lujo de todo el mundo. Adecuada para mezclar aceites esenciales, flores de Bach.","breadcrumb":{"@id":"https:\/\/www.starremedies.com\/brands\/starremedies\/creams\/#breadcrumb"},"inLanguage":"es","potentialAction":[{"@type":"ReadAction","target":["https:\/\/www.starremedies.com\/brands\/starremedies\/creams\/"]}]},{"@type":"BreadcrumbList","@id":"https:\/\/www.starremedies.com\/brands\/starremedies\/creams\/#breadcrumb","itemListElement":[{"@type":"ListItem","position":1,"name":"Home","item":"https:\/\/www.starremedies.com\/"},{"@type":"ListItem","position":2,"name":"Our Brands","item":"https:\/\/www.starremedies.com\/brands\/"},{"@type":"ListItem","position":3,"name":"Star Remedies Flower Essences","item":"https:\/\/www.starremedies.com\/brands\/starremedies\/"},{"@type":"ListItem","position":4,"name":"Base cream, 100% natural, for every skin"}]},{"@type":"WebSite","@id":"https:\/\/www.starremedies.com\/#website","url":"https:\/\/www.starremedies.com\/","name":"Remedios estrella","description":"","publisher":{"@id":"https:\/\/www.starremedies.com\/#organization"},"potentialAction":[{"@type":"SearchAction","target":{"@type":"EntryPoint","urlTemplate":"https:\/\/www.starremedies.com\/?s={search_term_string}"},"query-input":{"@type":"PropertyValueSpecification","valueRequired":true,"valueName":"search_term_string"}}],"inLanguage":"es"},{"@type":"Organization","@id":"https:\/\/www.starremedies.com\/#organization","name":"Remedios estrella","url":"https:\/\/www.starremedies.com\/","logo":{"@type":"ImageObject","inLanguage":"es","@id":"https:\/\/www.starremedies.com\/#\/schema\/logo\/image\/","url":"https:\/\/www.starremedies.com\/wp-content\/uploads\/2016\/02\/srl.gif","contentUrl":"https:\/\/www.starremedies.com\/wp-content\/uploads\/2016\/02\/srl.gif","width":250,"height":250,"caption":"Star Remedies"},"image":{"@id":"https:\/\/www.starremedies.com\/#\/schema\/logo\/image\/"},"sameAs":["https:\/\/www.facebook.com\/starremedies\/","https:\/\/www.instagram.com\/starremedies\/"]}]}},"_links":{"self":[{"href":"https:\/\/www.starremedies.com\/es\/wp-json\/wp\/v2\/pages\/4530","targetHints":{"allow":["GET"]}}],"collection":[{"href":"https:\/\/www.starremedies.com\/es\/wp-json\/wp\/v2\/pages"}],"about":[{"href":"https:\/\/www.starremedies.com\/es\/wp-json\/wp\/v2\/types\/page"}],"author":[{"embeddable":true,"href":"https:\/\/www.starremedies.com\/es\/wp-json\/wp\/v2\/users\/1"}],"replies":[{"embeddable":true,"href":"https:\/\/www.starremedies.com\/es\/wp-json\/wp\/v2\/comments?post=4530"}],"version-history":[{"count":10,"href":"https:\/\/www.starremedies.com\/es\/wp-json\/wp\/v2\/pages\/4530\/revisions"}],"predecessor-version":[{"id":27976,"href":"https:\/\/www.starremedies.com\/es\/wp-json\/wp\/v2\/pages\/4530\/revisions\/27976"}],"up":[{"embeddable":true,"href":"https:\/\/www.starremedies.com\/es\/wp-json\/wp\/v2\/pages\/3856"}],"wp:attachment":[{"href":"https:\/\/www.starremedies.com\/es\/wp-json\/wp\/v2\/media?parent=4530"}],"curies":[{"name":"wp","href":"https:\/\/api.w.org\/{rel}","templated":true}]}}