{"id":4511,"date":"2016-03-01T12:19:39","date_gmt":"2016-03-01T11:19:39","guid":{"rendered":"https:\/\/www.starremedies.com\/?page_id=4511"},"modified":"2025-02-04T13:50:39","modified_gmt":"2025-02-04T12:50:39","slug":"cint","status":"publish","type":"page","link":"https:\/\/www.starremedies.com\/es\/brands\/cint\/","title":{"rendered":"Dietmar Kr\u00e4mer - CINT"},"content":{"rendered":"<section class=\"section section_breadcrumbs\" id=\"section_817618380\">\n\t\t<div class=\"section-bg fill\" >\n\t\t\t\t\t\t\t\t\t\n\t\t\t\n\n\t\t<\/div>\n\n\t\t\n\n\t\t<div class=\"section-content relative\">\n\t\t\t\n<div class=\"row breadcrumbs-row\"  id=\"row-1956499619\">\n\n\t<div id=\"col-1693914925\" class=\"col small-12 large-12\"  >\n\t\t\t\t<div class=\"col-inner\"  >\n\t\t\t\n\t\t\t\n\t<div id=\"text-4291447995\" class=\"text breadcrumbs\">\n\t\t\n<span><span><a href=\"https:\/\/www.starremedies.com\/es\/\">Inicio<\/a><\/span><\/span>\n\t\t\t<\/div>\n\t\n\t\t<\/div>\n\t\t\t\t\t<\/div>\n\n\t\n\n<style>\n#row-1956499619 > .col > .col-inner {\n  padding: 0px 0px 0px 0px;\n}\n<\/style>\n<\/div>\n\t\t<\/div>\n\n\t\t\n<style>\n#section_817618380 {\n  padding-top: 0px;\n  padding-bottom: 0px;\n  margin-bottom: 0px;\n}\n<\/style>\n\t<\/section>\n\t\n\n\t<section class=\"section products_row\" id=\"section_1100880242\">\n\t\t<div class=\"section-bg fill\" >\n\t\t\t\t\t\t\t\t\t\n\t\t\t\n\n\t\t<\/div>\n\n\t\t\n\n\t\t<div class=\"section-content relative\">\n\t\t\t\n<div class=\"row align-middle align-center\"  id=\"row-1005825740\">\n\n\t<div id=\"col-328885487\" class=\"col medium-3 small-9 large-3\"  >\n\t\t\t\t<div class=\"col-inner text-center\"  >\n\t\t\t\n\t\t\t\n\t<div class=\"img has-hover x md-x lg-x y md-y lg-y\" id=\"image_506473481\">\n\t\t\t\t\t\t\t\t<div class=\"img-inner dark\" >\n\t\t\t<img decoding=\"async\" width=\"200\" height=\"203\" src=\"https:\/\/www.starremedies.com\/wp-content\/uploads\/2016\/03\/logo-cint-1.gif\" class=\"attachment-original size-original\" alt=\"\" \/>\t\t\t\t\t\t\n\t\t\t\t\t<\/div>\n\t\t\t\t\t\t\t\t\n<style>\n#image_506473481 {\n  width: 70%;\n}\n<\/style>\n\t<\/div>\n\t\n\t\t<\/div>\n\t\t\t\t\t<\/div>\n\n\t\n\n\t<div id=\"col-2130838952\" class=\"col small-12 large-12\"  >\n\t\t\t\t<div class=\"col-inner text-center\"  >\n\t\t\t\n\t\t\t\n\t<div id=\"text-95900302\" class=\"text\">\n\t\t\n<h1>DIETMAR KR\u00c4MER - PRODUCTOS CINT<\/h1>\n\t\t\n<style>\n#text-95900302 {\n  text-align: center;\n}\n<\/style>\n\t<\/div>\n\t\n\t\t<\/div>\n\t\t\t\t\t<\/div>\n\n\t\n<\/div>\n\t\t<\/div>\n\n\t\t\n<style>\n#section_1100880242 {\n  padding-top: 30px;\n  padding-bottom: 30px;\n  background-color: rgb(247, 247, 247);\n}\n<\/style>\n\t<\/section>\n\t\n\n\t<section class=\"section\" id=\"section_436138213\">\n\t\t<div class=\"section-bg fill\" >\n\t\t\t\t\t\t\t\t\t\n\t\t\t\n\n\t\t<\/div>\n\n\t\t\n\n\t\t<div class=\"section-content relative\">\n\t\t\t\n<div class=\"row\"  id=\"row-923174393\">\n\n\t<div id=\"col-1873321578\" class=\"col small-12 large-12\"  >\n\t\t\t\t<div class=\"col-inner\"  >\n\t\t\t\n\t\t\t\n<h2>C.I.N.T. BENELUX FORMACI\u00d3N &amp; DIETMAR KR\u00c4MER<\/h2>\n<p>C.I.N.T. Benelux Opleidingen es el \u00fanico centro de formaci\u00f3n autorizado en el Benelux que ense\u00f1a el M\u00e9todo seg\u00fan Dietmar Kr\u00e4mer con flores de Bach, aceites esenciales, metales, piedras preciosas, colores y sonidos. Toda la formaci\u00f3n es impartida tanto por nuestro equipo holand\u00e9s, dirigido por Madeleine Meuwessen &amp; amp; Micha Meuwessen como Dietmar Kramer; que ense\u00f1a algunos m\u00f3dulos ellos mismos. Visite tambi\u00e9n\u00a0<a href=\"https:\/\/www.cint.nl\/\" target=\"_blank\" rel=\"noopener\">www.cint.nl<\/a><\/p>\n\t\t<\/div>\n\t\t\t\t\t<\/div>\n\n\t\n\n\t<div id=\"col-2076086378\" class=\"col small-12 large-12\"  >\n\t\t\t\t<div class=\"col-inner\"  >\n\t\t\t\n\t\t\t\n\t<div id=\"gap-1943722211\" class=\"gap-element clearfix\" style=\"display:block; height:auto;\">\n\t\t\n<style>\n#gap-1943722211 {\n  padding-top: 75px;\n}\n<\/style>\n\t<\/div>\n\t\n\t\t<\/div>\n\t\t\t\t\t<\/div>\n\n\t\n\n\t<div id=\"col-1257404924\" class=\"col medium-4 small-12 large-4\"  >\n\t\t\t\t<div class=\"col-inner text-center\"  >\n\t\t\t\n\t\t\t\n<h3>ACEITES ESENCIALES - DIETMAR KR\u00c4MER - CINT<\/h3>\n\t<div class=\"img has-hover x md-x lg-x y md-y lg-y\" id=\"image_980321874\">\n\t\t\t\t\t\t\t\t<div class=\"img-inner dark\" >\n\t\t\t<img decoding=\"async\" width=\"200\" height=\"203\" src=\"https:\/\/www.starremedies.com\/wp-content\/uploads\/2016\/03\/logo-cint-1.gif\" class=\"attachment-original size-original\" alt=\"\" \/>\t\t\t\t\t\t\n\t\t\t\t\t<\/div>\n\t\t\t\t\t\t\t\t\n<style>\n#image_980321874 {\n  width: 50%;\n}\n<\/style>\n\t<\/div>\n\t\n<h4>ACEITES ESENCIALES<\/h4>\n<p>Estos 38 aceites esenciales tan singulares est\u00e1n destinados exclusivamente al uso externo y a las Nuevas Terapias con aceites esenciales de Dietmar Kr\u00e4mer.<\/p>\n<a href=\"https:\/\/www.starremediesshop.com\/es\/cint\/essentialsoilscint\/\" class=\"button primary\" >\n\t\t<span>Aceites Esenciales - Dietmar Kramer disponible en nuestra tienda<\/span>\n\t<\/a>\n\n\t\t<\/div>\n\t\t\t\t\t<\/div>\n\n\t\n\n\t<div id=\"col-2140040549\" class=\"col medium-4 small-12 large-4\"  >\n\t\t\t\t<div class=\"col-inner text-center\"  >\n\t\t\t\n\t\t\t\n<h3>PIEDRAS PRECIOSAS - DIETMAR KR\u00c4MER - CINT<\/h3>\n\t<div class=\"img has-hover x md-x lg-x y md-y lg-y\" id=\"image_171330764\">\n\t\t\t\t\t\t\t\t<div class=\"img-inner dark\" >\n\t\t\t<img decoding=\"async\" width=\"200\" height=\"203\" src=\"https:\/\/www.starremedies.com\/wp-content\/uploads\/2016\/03\/logo-cint-1.gif\" class=\"attachment-original size-original\" alt=\"\" \/>\t\t\t\t\t\t\n\t\t\t\t\t<\/div>\n\t\t\t\t\t\t\t\t\n<style>\n#image_171330764 {\n  width: 50%;\n}\n<\/style>\n\t<\/div>\n\t\n<h4>GEMSTONAS<\/h4>\n<p>Estas 38 piedras preciosas muy singulares est\u00e1n todas exclusivamente destinadas al uso externo y a las Nuevas Terapias de Dietmar Kr\u00e4mer con piedras preciosas.<\/p>\n<a href=\"https:\/\/www.starremediesshop.com\/es\/cint\/gemstones\/\" class=\"button primary\" >\n\t\t<span>Piedras preciosas - Dietmar Kramer disponibles en nuestra tienda<\/span>\n\t<\/a>\n\n\t\t<\/div>\n\t\t\t\t\t<\/div>\n\n\t\n\n\t<div id=\"col-669590105\" class=\"col medium-4 small-12 large-4\"  >\n\t\t\t\t<div class=\"col-inner text-center\"  >\n\t\t\t\n\t\t\t\n<h3>PRODUCTOS - DIETMAR KR\u00c4MER - CINT<\/h3>\n\t<div class=\"img has-hover x md-x lg-x y md-y lg-y\" id=\"image_351416773\">\n\t\t\t\t\t\t\t\t<div class=\"img-inner dark\" >\n\t\t\t<img decoding=\"async\" width=\"200\" height=\"203\" src=\"https:\/\/www.starremedies.com\/wp-content\/uploads\/2016\/03\/logo-cint-1.gif\" class=\"attachment-original size-original\" alt=\"\" \/>\t\t\t\t\t\t\n\t\t\t\t\t<\/div>\n\t\t\t\t\t\t\t\t\n<style>\n#image_351416773 {\n  width: 50%;\n}\n<\/style>\n\t<\/div>\n\t\n<h4>PRODUCTOS CINT<\/h4>\n<p>P\u00f3sters de mapas corporales, cd de tonos, cd de chakras, juego de l\u00e1minas de color y metales; todo para usar con las Nuevas Terapias de Dietmar Kr\u00e4mer.<\/p>\n<a href=\"https:\/\/www.starremediesshop.com\/es\/cint\/\" class=\"button primary\" >\n\t\t<span>CINT - Dietmar Kramer disponible en nuestra tienda<\/span>\n\t<\/a>\n\n\t\t<\/div>\n\t\t\t\t\t<\/div>\n\n\t\n<\/div>\n\t\t<\/div>\n\n\t\t\n<style>\n#section_436138213 {\n  padding-top: 30px;\n  padding-bottom: 30px;\n}\n<\/style>\n\t<\/section>\n\t\n\n\t<section class=\"section\" id=\"section_1998248835\">\n\t\t<div class=\"section-bg fill\" >\n\t\t\t\t\t\t\t\t\t\n\t\t\t\n\n\t\t<\/div>\n\n\t\t\n\n\t\t<div class=\"section-content relative\">\n\t\t\t\n<div class=\"row align-middle\"  id=\"row-1296123513\">\n\n\t<div id=\"col-1990709178\" class=\"col medium-3 small-12 large-3\"  >\n\t\t\t\t<div class=\"col-inner\"  >\n\t\t\t\n\t\t\t\n\t<div class=\"img has-hover x md-x lg-x y md-y lg-y\" id=\"image_510933632\">\n\t\t\t\t\t\t\t\t<div class=\"img-inner box-shadow-2 box-shadow-3-hover dark\" >\n\t\t\t<img decoding=\"async\" width=\"300\" height=\"200\" src=\"https:\/\/www.starremedies.com\/wp-content\/uploads\/2024\/07\/pipetflesjes300.webp\" class=\"attachment-original size-original\" alt=\"\" srcset=\"https:\/\/www.starremedies.com\/wp-content\/uploads\/2024\/07\/pipetflesjes300.webp 300w, https:\/\/www.starremedies.com\/wp-content\/uploads\/2024\/07\/pipetflesjes300-18x12.webp 18w\" sizes=\"(max-width: 300px) 100vw, 300px\" \/>\t\t\t\t\t\t\n\t\t\t\t\t<\/div>\n\t\t\t\t\t\t\t\t\n<style>\n#image_510933632 {\n  width: 100%;\n}\n<\/style>\n\t<\/div>\n\t\n\t\t<\/div>\n\t\t\t\t\t<\/div>\n\n\t\n\n\t<div id=\"col-206859878\" class=\"col medium-8 small-12 large-8\"  >\n\t\t\t\t<div class=\"col-inner text-center\"  >\n\t\t\t\n\t\t\t\n\t<div id=\"text-345856591\" class=\"text\">\n\t\t\n<h3>Pipeta Botella y Cristaler\u00eda<\/h3>\n<p>Venta al por mayor de diferentes tipos de pipetas de 10, 20, 30 y 50 ml con o sin cierre de garant\u00eda y otros art\u00edculos de vidrio como tarros de aceite y botellas de aceite con cuentagotas.<\/p>\n\t\t\n<style>\n#text-345856591 {\n  color: rgb(255, 255, 255);\n}\n#text-345856591 > * {\n  color: rgb(255, 255, 255);\n}\n<\/style>\n\t<\/div>\n\t\n<a href=\"https:\/\/www.starremedies.com\/es\/glassware\/\" class=\"button white is-underline\" >\n\t\t<span>Haga clic aqu\u00ed<\/span>\n\t<\/a>\n\n\t\t<\/div>\n\t\t\t\t\t<\/div>\n\n\t\n<\/div>\n\t\t<\/div>\n\n\t\t\n<style>\n#section_1998248835 {\n  padding-top: 30px;\n  padding-bottom: 30px;\n  background-color: #577631;\n}\n<\/style>\n\t<\/section>\n\t\n\n\t<section class=\"section\" id=\"section_973044102\">\n\t\t<div class=\"section-bg fill\" >\n\t\t\t\t\t\t\t\t\t\n\t\t\t\n\n\t\t<\/div>\n\n\t\t\n\n\t\t<div class=\"section-content relative\">\n\t\t\t\n<div class=\"row\"  id=\"row-866599596\">\n\n\t<div id=\"col-2141297143\" class=\"col small-12 large-12\"  >\n\t\t\t\t<div class=\"col-inner\"  >\n\t\t\t\n\t\t\t\n<h2>Comprar productos C.I.N.T. | Dietmar Kr\u00e4mer<\/h2>\n<p>Los productos C.I.N.T. pueden pedirse por separado en <a href=\"https:\/\/www.starremediesshop.com\/es\/cint\/\" target=\"_blank\" rel=\"noopener\">starremediesshop.com<\/a><\/p>\n<p>Eres Empresario, profesional o terapeuta, y est\u00e1s interesado en los productos de Star Remedies. <a href=\"https:\/\/www.starremedies.com\/es\/companies\/\">Inscr\u00edbase a trav\u00e9s del formulario de inscripci\u00f3n para empresas<\/a> y para terapeutas y profesionales, <a href=\"https:\/\/www.starremedies.com\/es\/companies\/\">formulario de inscripci\u00f3n para profesionales<\/a>.<\/p>\n\t\t<\/div>\n\t\t\t\t\n<style>\n#col-2141297143 > .col-inner {\n  padding: 25px 0px 0px 0px;\n}\n<\/style>\n\t<\/div>\n\n\t\n<\/div>\n\t\t<\/div>\n\n\t\t\n<style>\n#section_973044102 {\n  padding-top: 30px;\n  padding-bottom: 30px;\n}\n<\/style>\n\t<\/section>","protected":false},"excerpt":{"rendered":"","protected":false},"author":1,"featured_media":0,"parent":4107,"menu_order":0,"comment_status":"closed","ping_status":"closed","template":"page-blank.php","meta":{"footnotes":""},"class_list":["post-4511","page","type-page","status-publish","hentry"],"yoast_head":"<!-- This site is optimized with the Yoast SEO plugin v27.6 - https:\/\/yoast.com\/product\/yoast-seo-wordpress\/ -->\n<title>Essential oil, precious stones, colors and metals - Dietmar Kr\u00e4mer<\/title>\n<meta name=\"description\" content=\"Essential oil, oils, gems, color lamp set, metal set, gem set, skin zone maps and all other products according to the new therapies\" \/>\n<meta name=\"robots\" content=\"index, follow, max-snippet:-1, max-image-preview:large, max-video-preview:-1\" \/>\n<link rel=\"canonical\" href=\"https:\/\/www.starremedies.com\/es\/brands\/cint\/\" \/>\n<meta property=\"og:locale\" content=\"es_ES\" \/>\n<meta property=\"og:type\" content=\"article\" \/>\n<meta property=\"og:title\" content=\"Essential oil, precious stones, colors and metals - Dietmar Kr\u00e4mer\" \/>\n<meta property=\"og:description\" content=\"Essential oil, oils, gems, color lamp set, metal set, gem set, skin zone maps and all other products according to the new therapies\" \/>\n<meta property=\"og:url\" content=\"https:\/\/www.starremedies.com\/es\/brands\/cint\/\" \/>\n<meta property=\"og:site_name\" content=\"Star Remedies\" \/>\n<meta property=\"article:publisher\" content=\"https:\/\/www.facebook.com\/starremedies\/\" \/>\n<meta property=\"article:modified_time\" content=\"2025-02-04T12:50:39+00:00\" \/>\n<meta name=\"twitter:card\" content=\"summary_large_image\" \/>\n<script type=\"application\/ld+json\" class=\"yoast-schema-graph\">{\"@context\":\"https:\\\/\\\/schema.org\",\"@graph\":[{\"@type\":\"WebPage\",\"@id\":\"https:\\\/\\\/www.starremedies.com\\\/brands\\\/cint\\\/\",\"url\":\"https:\\\/\\\/www.starremedies.com\\\/brands\\\/cint\\\/\",\"name\":\"Essential oil, precious stones, colors and metals - Dietmar Kr\u00e4mer\",\"isPartOf\":{\"@id\":\"https:\\\/\\\/www.starremedies.com\\\/#website\"},\"datePublished\":\"2016-03-01T11:19:39+00:00\",\"dateModified\":\"2025-02-04T12:50:39+00:00\",\"description\":\"Essential oil, oils, gems, color lamp set, metal set, gem set, skin zone maps and all other products according to the new therapies\",\"breadcrumb\":{\"@id\":\"https:\\\/\\\/www.starremedies.com\\\/brands\\\/cint\\\/#breadcrumb\"},\"inLanguage\":\"es\",\"potentialAction\":[{\"@type\":\"ReadAction\",\"target\":[\"https:\\\/\\\/www.starremedies.com\\\/brands\\\/cint\\\/\"]}]},{\"@type\":\"BreadcrumbList\",\"@id\":\"https:\\\/\\\/www.starremedies.com\\\/brands\\\/cint\\\/#breadcrumb\",\"itemListElement\":[{\"@type\":\"ListItem\",\"position\":1,\"name\":\"Home\",\"item\":\"https:\\\/\\\/www.starremedies.com\\\/\"},{\"@type\":\"ListItem\",\"position\":2,\"name\":\"Our Brands\",\"item\":\"https:\\\/\\\/www.starremedies.com\\\/brands\\\/\"},{\"@type\":\"ListItem\",\"position\":3,\"name\":\"Dietmar Kr\u00e4mer &#8211; CINT\"}]},{\"@type\":\"WebSite\",\"@id\":\"https:\\\/\\\/www.starremedies.com\\\/#website\",\"url\":\"https:\\\/\\\/www.starremedies.com\\\/\",\"name\":\"Star Remedies\",\"description\":\"\",\"publisher\":{\"@id\":\"https:\\\/\\\/www.starremedies.com\\\/#organization\"},\"potentialAction\":[{\"@type\":\"SearchAction\",\"target\":{\"@type\":\"EntryPoint\",\"urlTemplate\":\"https:\\\/\\\/www.starremedies.com\\\/?s={search_term_string}\"},\"query-input\":{\"@type\":\"PropertyValueSpecification\",\"valueRequired\":true,\"valueName\":\"search_term_string\"}}],\"inLanguage\":\"es\"},{\"@type\":\"Organization\",\"@id\":\"https:\\\/\\\/www.starremedies.com\\\/#organization\",\"name\":\"Star Remedies\",\"url\":\"https:\\\/\\\/www.starremedies.com\\\/\",\"logo\":{\"@type\":\"ImageObject\",\"inLanguage\":\"es\",\"@id\":\"https:\\\/\\\/www.starremedies.com\\\/#\\\/schema\\\/logo\\\/image\\\/\",\"url\":\"https:\\\/\\\/www.starremedies.com\\\/wp-content\\\/uploads\\\/2016\\\/02\\\/srl.gif\",\"contentUrl\":\"https:\\\/\\\/www.starremedies.com\\\/wp-content\\\/uploads\\\/2016\\\/02\\\/srl.gif\",\"width\":250,\"height\":250,\"caption\":\"Star Remedies\"},\"image\":{\"@id\":\"https:\\\/\\\/www.starremedies.com\\\/#\\\/schema\\\/logo\\\/image\\\/\"},\"sameAs\":[\"https:\\\/\\\/www.facebook.com\\\/starremedies\\\/\",\"https:\\\/\\\/www.instagram.com\\\/starremedies\\\/\"]}]}<\/script>\n<!-- \/ Yoast SEO plugin. -->","yoast_head_json":{"title":"Aceite esencial, piedras preciosas, colores y metales - Dietmar Kr\u00e4mer","description":"Aceite esencial, aceites, gemas, set de l\u00e1mparas de colores, set de metales, set de gemas, mapas de zonas de la piel y todos los dem\u00e1s productos de acuerdo con las nuevas terapias.","robots":{"index":"index","follow":"follow","max-snippet":"max-snippet:-1","max-image-preview":"max-image-preview:large","max-video-preview":"max-video-preview:-1"},"canonical":"https:\/\/www.starremedies.com\/es\/brands\/cint\/","og_locale":"es_ES","og_type":"article","og_title":"Essential oil, precious stones, colors and metals - Dietmar Kr\u00e4mer","og_description":"Essential oil, oils, gems, color lamp set, metal set, gem set, skin zone maps and all other products according to the new therapies","og_url":"https:\/\/www.starremedies.com\/es\/brands\/cint\/","og_site_name":"Star Remedies","article_publisher":"https:\/\/www.facebook.com\/starremedies\/","article_modified_time":"2025-02-04T12:50:39+00:00","twitter_card":"summary_large_image","schema":{"@context":"https:\/\/schema.org","@graph":[{"@type":"WebPage","@id":"https:\/\/www.starremedies.com\/brands\/cint\/","url":"https:\/\/www.starremedies.com\/brands\/cint\/","name":"Aceite esencial, piedras preciosas, colores y metales - Dietmar Kr\u00e4mer","isPartOf":{"@id":"https:\/\/www.starremedies.com\/#website"},"datePublished":"2016-03-01T11:19:39+00:00","dateModified":"2025-02-04T12:50:39+00:00","description":"Aceite esencial, aceites, gemas, set de l\u00e1mparas de colores, set de metales, set de gemas, mapas de zonas de la piel y todos los dem\u00e1s productos de acuerdo con las nuevas terapias.","breadcrumb":{"@id":"https:\/\/www.starremedies.com\/brands\/cint\/#breadcrumb"},"inLanguage":"es","potentialAction":[{"@type":"ReadAction","target":["https:\/\/www.starremedies.com\/brands\/cint\/"]}]},{"@type":"BreadcrumbList","@id":"https:\/\/www.starremedies.com\/brands\/cint\/#breadcrumb","itemListElement":[{"@type":"ListItem","position":1,"name":"Home","item":"https:\/\/www.starremedies.com\/"},{"@type":"ListItem","position":2,"name":"Our Brands","item":"https:\/\/www.starremedies.com\/brands\/"},{"@type":"ListItem","position":3,"name":"Dietmar Kr\u00e4mer &#8211; CINT"}]},{"@type":"WebSite","@id":"https:\/\/www.starremedies.com\/#website","url":"https:\/\/www.starremedies.com\/","name":"Remedios estrella","description":"","publisher":{"@id":"https:\/\/www.starremedies.com\/#organization"},"potentialAction":[{"@type":"SearchAction","target":{"@type":"EntryPoint","urlTemplate":"https:\/\/www.starremedies.com\/?s={search_term_string}"},"query-input":{"@type":"PropertyValueSpecification","valueRequired":true,"valueName":"search_term_string"}}],"inLanguage":"es"},{"@type":"Organization","@id":"https:\/\/www.starremedies.com\/#organization","name":"Remedios estrella","url":"https:\/\/www.starremedies.com\/","logo":{"@type":"ImageObject","inLanguage":"es","@id":"https:\/\/www.starremedies.com\/#\/schema\/logo\/image\/","url":"https:\/\/www.starremedies.com\/wp-content\/uploads\/2016\/02\/srl.gif","contentUrl":"https:\/\/www.starremedies.com\/wp-content\/uploads\/2016\/02\/srl.gif","width":250,"height":250,"caption":"Star Remedies"},"image":{"@id":"https:\/\/www.starremedies.com\/#\/schema\/logo\/image\/"},"sameAs":["https:\/\/www.facebook.com\/starremedies\/","https:\/\/www.instagram.com\/starremedies\/"]}]}},"_links":{"self":[{"href":"https:\/\/www.starremedies.com\/es\/wp-json\/wp\/v2\/pages\/4511","targetHints":{"allow":["GET"]}}],"collection":[{"href":"https:\/\/www.starremedies.com\/es\/wp-json\/wp\/v2\/pages"}],"about":[{"href":"https:\/\/www.starremedies.com\/es\/wp-json\/wp\/v2\/types\/page"}],"author":[{"embeddable":true,"href":"https:\/\/www.starremedies.com\/es\/wp-json\/wp\/v2\/users\/1"}],"replies":[{"embeddable":true,"href":"https:\/\/www.starremedies.com\/es\/wp-json\/wp\/v2\/comments?post=4511"}],"version-history":[{"count":9,"href":"https:\/\/www.starremedies.com\/es\/wp-json\/wp\/v2\/pages\/4511\/revisions"}],"predecessor-version":[{"id":27936,"href":"https:\/\/www.starremedies.com\/es\/wp-json\/wp\/v2\/pages\/4511\/revisions\/27936"}],"up":[{"embeddable":true,"href":"https:\/\/www.starremedies.com\/es\/wp-json\/wp\/v2\/pages\/4107"}],"wp:attachment":[{"href":"https:\/\/www.starremedies.com\/es\/wp-json\/wp\/v2\/media?parent=4511"}],"curies":[{"name":"wp","href":"https:\/\/api.w.org\/{rel}","templated":true}]}}