{"id":4461,"date":"2016-02-24T17:39:22","date_gmt":"2016-02-24T16:39:22","guid":{"rendered":"https:\/\/www.starremedies.com\/?page_id=4461"},"modified":"2025-02-04T10:40:27","modified_gmt":"2025-02-04T09:40:27","slug":"about","status":"publish","type":"page","link":"https:\/\/www.starremedies.com\/es\/about\/","title":{"rendered":"Qui\u00e9nes somos"},"content":{"rendered":"<section class=\"section section_breadcrumbs\" id=\"section_199324431\">\n\t\t<div class=\"section-bg fill\" >\n\t\t\t\t\t\t\t\t\t\n\t\t\t\n\n\t\t<\/div>\n\n\t\t\n\n\t\t<div class=\"section-content relative\">\n\t\t\t\n<div class=\"row breadcrumbs-row\"  id=\"row-1767549226\">\n\n\t<div id=\"col-222430156\" class=\"col small-12 large-12\"  >\n\t\t\t\t<div class=\"col-inner\"  >\n\t\t\t\n\t\t\t\n\t<div id=\"text-3967275142\" class=\"text breadcrumbs\">\n\t\t\n<span><span><a href=\"https:\/\/www.starremedies.com\/es\/\">Inicio<\/a><\/span><\/span>\n\t\t\t<\/div>\n\t\n\t\t<\/div>\n\t\t\t\t\t<\/div>\n\n\t\n\n<style>\n#row-1767549226 > .col > .col-inner {\n  padding: 0px 0px 0px 0px;\n}\n<\/style>\n<\/div>\n\t\t<\/div>\n\n\t\t\n<style>\n#section_199324431 {\n  padding-top: 0px;\n  padding-bottom: 0px;\n  margin-bottom: 0px;\n}\n<\/style>\n\t<\/section>\n\t\n\n\t<section class=\"section products_row\" id=\"section_1135588142\">\n\t\t<div class=\"section-bg fill\" >\n\t\t\t\t\t\t\t\t\t\n\t\t\t\n\n\t\t<\/div>\n\n\t\t\n\n\t\t<div class=\"section-content relative\">\n\t\t\t\n<div class=\"row align-middle align-center\"  id=\"row-1098679040\">\n\n\t<div id=\"col-1375060412\" class=\"col medium-3 small-12 large-3\"  >\n\t\t\t\t<div class=\"col-inner text-center\"  >\n\t\t\t\n\t\t\t\n\t<div class=\"img has-hover x md-x lg-x y md-y lg-y\" id=\"image_914989486\">\n\t\t\t\t\t\t\t\t<div class=\"img-inner dark\" >\n\t\t\t<img decoding=\"async\" width=\"250\" height=\"250\" src=\"https:\/\/www.starremedies.com\/wp-content\/uploads\/2022\/12\/sr_logo_transparent.png\" class=\"attachment-original size-original\" alt=\"\" srcset=\"https:\/\/www.starremedies.com\/wp-content\/uploads\/2022\/12\/sr_logo_transparent.png 250w, https:\/\/www.starremedies.com\/wp-content\/uploads\/2022\/12\/sr_logo_transparent-80x80.png 80w\" sizes=\"(max-width: 250px) 100vw, 250px\" \/>\t\t\t\t\t\t\n\t\t\t\t\t<\/div>\n\t\t\t\t\t\t\t\t\n<style>\n#image_914989486 {\n  width: 100%;\n}\n<\/style>\n\t<\/div>\n\t\n\t\t<\/div>\n\t\t\t\t\t<\/div>\n\n\t\n\n\t<div id=\"col-1824103755\" class=\"col small-12 large-12\"  >\n\t\t\t\t<div class=\"col-inner text-center\"  >\n\t\t\t\n\t\t\t\n\t<div id=\"text-2094334060\" class=\"text\">\n\t\t\n<h1>BIENVENIDO A STAR REMEDIES<\/h1>\n\t\t\n<style>\n#text-2094334060 {\n  text-align: center;\n}\n<\/style>\n\t<\/div>\n\t\n\t\t<\/div>\n\t\t\t\t\t<\/div>\n\n\t\n<\/div>\n\t\t<\/div>\n\n\t\t\n<style>\n#section_1135588142 {\n  padding-top: 30px;\n  padding-bottom: 30px;\n  background-color: rgb(247, 247, 247);\n}\n<\/style>\n\t<\/section>\n\t\n\n\t<section class=\"section\" id=\"section_1894256119\">\n\t\t<div class=\"section-bg fill\" >\n\t\t\t\t\t\t\t\t\t\n\t\t\t\n\n\t\t<\/div>\n\n\t\t\n\n\t\t<div class=\"section-content relative\">\n\t\t\t\n<div class=\"row\"  id=\"row-1461192153\">\n\n\t<div id=\"col-527245726\" class=\"col small-12 large-12\"  >\n\t\t\t\t<div class=\"col-inner\"  >\n\t\t\t\n\t\t\t\n<p>Star Remedies B.V. opera desde 1985 en el sector de la producci\u00f3n, importaci\u00f3n y distribuci\u00f3n de complementos alimenticios, esencias florales, esencias de piedras preciosas, productos para la salud y productos naturales en el Benelux y en toda Europa. Adem\u00e1s de nuestros propios productos, tambi\u00e9n importamos y distribuimos productos del extranjero.<\/p>\n<p>En colaboraci\u00f3n con\u00a0<a href=\"https:\/\/www.cint.nl\/\" target=\"_blank\" rel=\"noopener\">C.I.N.T. Benelux Opleidingen B.V.\u00a0<\/a>ofrece a los terapeutas la posibilidad de seguir una formaci\u00f3n de terapeuta C.I.N.T. Star Remedies B.V. tambi\u00e9n cotiza en bolsas nacionales e internacionales.<\/p>\n<p>Desde su creaci\u00f3n, Star Remedies B.V. tiene un objetivo en mente: ofrecer productos de alta calidad respaldados por servicios \u00f3ptimos a minoristas, terapeutas y consumidores. Star Remedies se identifica plenamente con sus productos. La filosof\u00eda de Star Remedies B.V. es que siempre apostar\u00e1 por la naturaleza y los productos respetuosos con los animales. Por otra parte, Star Remedies B.V. con sus grupos objetivo hacia una reputaci\u00f3n de integridad y compromiso. Una orientaci\u00f3n hacia la calidad y el servicio es una condici\u00f3n aqu\u00ed.<\/p>\n<p>Todo ello se resume en nuestro lema: crear un bienestar mejor .<\/p>\n<p>Star Remedies se ha labrado una s\u00f3lida posici\u00f3n con los siguientes productos:<\/p>\n<ul>\n<li>Ainsworths Flores de Bach Originales<\/li>\n<li>Star Remedies - esencias florales<\/li>\n<li>Star Remedies - Combinaci\u00f3n de esencias<\/li>\n<li>Star Remedies - cremas b\u00e1sicas<\/li>\n<li>Indigo Essences<\/li>\n<li>Animal Essences<\/li>\n<li>Star Remedies Cajas de madera<\/li>\n<li>Star Remedies PURE - 100% desodorante natural<\/li>\n<li>Manuka Health - Miel de Manuka MGO<\/li>\n<li>La isla de Sven<\/li>\n<li>Bees Brilliance<\/li>\n<li>Terapia del mar vivo<\/li>\n<li>Sal marina de Cornualles<\/li>\n<li>Miel Kanuka<\/li>\n<li>Jab\u00f3n de Frutas Star Remedies<\/li>\n<li>Star Remedies Aceites esenciales<\/li>\n<li>Piedras preciosas<\/li>\n<\/ul>\n<div class=\"is-divider divider clearfix\" style=\"margin-top:35px;margin-bottom:35px;\"><\/div>\n<h2>Star Remedies - La empresa consciente<\/h2>\n<p>Star Remedies se dedica tanto a la fabricaci\u00f3n como a la importaci\u00f3n y distribuci\u00f3n de complementos alimenticios, remedios florales, gemas medicinales y productos naturales en el Benelux y en toda Europa. Adem\u00e1s de nuestros propios productos, importamos y distribuimos productos del extranjero. Star Remedies B.V. participa activamente en ferias nacionales e internacionales. En cooperaci\u00f3n con CINT Benelux Opleidingen BV ofrecemos la posibilidad de que los terapeutas se formen como terapeutas CINT.<\/p>\n<p>Desde nuestros inicios, Star Remedies B.V. ha tenido un objetivo: ofrecer productos de alta calidad respaldados por un servicio de calidad tanto a minoristas como a terapeutas y consumidores. Star Remedies B.V. se identifica plenamente con sus productos. La filosof\u00eda de Star Remedies B.V. es que siempre estaremos comprometidos con la naturaleza y los productos respetuosos con los animales. En segundo lugar, Star Remedies B.V. se esfuerza por ofrecer a sus clientes una reputaci\u00f3n de integridad y compromiso, tanto en el servicio como en la calidad.<\/p>\n<p>Todo ello se resume en nuestro lema: Usted espera calidad, nosotros le ofrecemos calidad, una forma mejor de vivir.<\/p>\n<p><strong>Nuestra filosof\u00eda<\/strong><br \/>La filosof\u00eda de Star Remedies B.V. es que siempre apostar\u00e1 por la naturaleza y los productos respetuosos con los animales. Por otro lado, Star Remedies se esfuerza por conseguir una reputaci\u00f3n de integridad y compromiso entre sus grupos objetivo. La orientaci\u00f3n hacia la calidad y el servicio es aqu\u00ed una condici\u00f3n.<\/p>\n<p><strong>Nuestros objetivos<\/strong><br \/>Desde su creaci\u00f3n, Star Remedies B.V. tiene un objetivo en mente: suministrar productos de alta calidad respaldados por servicios \u00f3ptimos a minoristas, terapeutas y consumidores. Star Remedies B.V. se identifica plenamente con sus productos.<\/p>\n<div class=\"is-divider divider clearfix\" style=\"margin-top:35px;margin-bottom:35px;\"><\/div>\n\t\t<\/div>\n\t\t\t\t\t<\/div>\n\n\t\n<\/div>\n\t\t<\/div>\n\n\t\t\n<style>\n#section_1894256119 {\n  padding-top: 30px;\n  padding-bottom: 30px;\n}\n<\/style>\n\t<\/section>","protected":false},"excerpt":{"rendered":"","protected":false},"author":1,"featured_media":0,"parent":0,"menu_order":0,"comment_status":"closed","ping_status":"closed","template":"page-blank.php","meta":{"footnotes":""},"class_list":["post-4461","page","type-page","status-publish","hentry"],"yoast_head":"<!-- This site is optimized with the Yoast SEO plugin v27.4 - https:\/\/yoast.com\/product\/yoast-seo-wordpress\/ -->\n<title>About Us - Star Remedies<\/title>\n<meta name=\"description\" content=\"Since 1985 importing, distributing and producing high-quality health products supported by the best possible service to both retailers, therapists and consumers.\" \/>\n<meta name=\"robots\" content=\"index, follow, max-snippet:-1, max-image-preview:large, max-video-preview:-1\" \/>\n<link rel=\"canonical\" href=\"https:\/\/www.starremedies.com\/es\/about\/\" \/>\n<meta property=\"og:locale\" content=\"es_ES\" \/>\n<meta property=\"og:type\" content=\"article\" \/>\n<meta property=\"og:title\" content=\"About Us - Star Remedies\" \/>\n<meta property=\"og:description\" content=\"Since 1985 importing, distributing and producing high-quality health products supported by the best possible service to both retailers, therapists and consumers.\" \/>\n<meta property=\"og:url\" content=\"https:\/\/www.starremedies.com\/es\/about\/\" \/>\n<meta property=\"og:site_name\" content=\"Star Remedies\" \/>\n<meta property=\"article:publisher\" content=\"https:\/\/www.facebook.com\/starremedies\/\" \/>\n<meta property=\"article:modified_time\" content=\"2025-02-04T09:40:27+00:00\" \/>\n<meta name=\"twitter:card\" content=\"summary_large_image\" \/>\n<meta name=\"twitter:label1\" content=\"Tiempo de lectura\" \/>\n\t<meta name=\"twitter:data1\" content=\"3 minutos\" \/>\n<script type=\"application\/ld+json\" class=\"yoast-schema-graph\">{\"@context\":\"https:\\\/\\\/schema.org\",\"@graph\":[{\"@type\":\"WebPage\",\"@id\":\"https:\\\/\\\/www.starremedies.com\\\/about\\\/\",\"url\":\"https:\\\/\\\/www.starremedies.com\\\/about\\\/\",\"name\":\"About Us - Star Remedies\",\"isPartOf\":{\"@id\":\"https:\\\/\\\/www.starremedies.com\\\/#website\"},\"datePublished\":\"2016-02-24T16:39:22+00:00\",\"dateModified\":\"2025-02-04T09:40:27+00:00\",\"description\":\"Since 1985 importing, distributing and producing high-quality health products supported by the best possible service to both retailers, therapists and consumers.\",\"breadcrumb\":{\"@id\":\"https:\\\/\\\/www.starremedies.com\\\/about\\\/#breadcrumb\"},\"inLanguage\":\"es\",\"potentialAction\":[{\"@type\":\"ReadAction\",\"target\":[\"https:\\\/\\\/www.starremedies.com\\\/about\\\/\"]}]},{\"@type\":\"BreadcrumbList\",\"@id\":\"https:\\\/\\\/www.starremedies.com\\\/about\\\/#breadcrumb\",\"itemListElement\":[{\"@type\":\"ListItem\",\"position\":1,\"name\":\"Home\",\"item\":\"https:\\\/\\\/www.starremedies.com\\\/\"},{\"@type\":\"ListItem\",\"position\":2,\"name\":\"About Us\"}]},{\"@type\":\"WebSite\",\"@id\":\"https:\\\/\\\/www.starremedies.com\\\/#website\",\"url\":\"https:\\\/\\\/www.starremedies.com\\\/\",\"name\":\"Star Remedies\",\"description\":\"\",\"publisher\":{\"@id\":\"https:\\\/\\\/www.starremedies.com\\\/#organization\"},\"potentialAction\":[{\"@type\":\"SearchAction\",\"target\":{\"@type\":\"EntryPoint\",\"urlTemplate\":\"https:\\\/\\\/www.starremedies.com\\\/?s={search_term_string}\"},\"query-input\":{\"@type\":\"PropertyValueSpecification\",\"valueRequired\":true,\"valueName\":\"search_term_string\"}}],\"inLanguage\":\"es\"},{\"@type\":\"Organization\",\"@id\":\"https:\\\/\\\/www.starremedies.com\\\/#organization\",\"name\":\"Star Remedies\",\"url\":\"https:\\\/\\\/www.starremedies.com\\\/\",\"logo\":{\"@type\":\"ImageObject\",\"inLanguage\":\"es\",\"@id\":\"https:\\\/\\\/www.starremedies.com\\\/#\\\/schema\\\/logo\\\/image\\\/\",\"url\":\"https:\\\/\\\/www.starremedies.com\\\/wp-content\\\/uploads\\\/2016\\\/02\\\/srl.gif\",\"contentUrl\":\"https:\\\/\\\/www.starremedies.com\\\/wp-content\\\/uploads\\\/2016\\\/02\\\/srl.gif\",\"width\":250,\"height\":250,\"caption\":\"Star Remedies\"},\"image\":{\"@id\":\"https:\\\/\\\/www.starremedies.com\\\/#\\\/schema\\\/logo\\\/image\\\/\"},\"sameAs\":[\"https:\\\/\\\/www.facebook.com\\\/starremedies\\\/\",\"https:\\\/\\\/www.instagram.com\\\/starremedies\\\/\"]}]}<\/script>\n<!-- \/ Yoast SEO plugin. -->","yoast_head_json":{"title":"Sobre nosotros - Star Remedies","description":"Desde 1985 importando, distribuyendo y fabricando productos sanitarios de alta calidad respaldados por el mejor servicio posible tanto a minoristas como a terapeutas y consumidores.","robots":{"index":"index","follow":"follow","max-snippet":"max-snippet:-1","max-image-preview":"max-image-preview:large","max-video-preview":"max-video-preview:-1"},"canonical":"https:\/\/www.starremedies.com\/es\/about\/","og_locale":"es_ES","og_type":"article","og_title":"About Us - Star Remedies","og_description":"Since 1985 importing, distributing and producing high-quality health products supported by the best possible service to both retailers, therapists and consumers.","og_url":"https:\/\/www.starremedies.com\/es\/about\/","og_site_name":"Star Remedies","article_publisher":"https:\/\/www.facebook.com\/starremedies\/","article_modified_time":"2025-02-04T09:40:27+00:00","twitter_card":"summary_large_image","twitter_misc":{"Tiempo de lectura":"3 minutos"},"schema":{"@context":"https:\/\/schema.org","@graph":[{"@type":"WebPage","@id":"https:\/\/www.starremedies.com\/about\/","url":"https:\/\/www.starremedies.com\/about\/","name":"Sobre nosotros - Star Remedies","isPartOf":{"@id":"https:\/\/www.starremedies.com\/#website"},"datePublished":"2016-02-24T16:39:22+00:00","dateModified":"2025-02-04T09:40:27+00:00","description":"Desde 1985 importando, distribuyendo y fabricando productos sanitarios de alta calidad respaldados por el mejor servicio posible tanto a minoristas como a terapeutas y consumidores.","breadcrumb":{"@id":"https:\/\/www.starremedies.com\/about\/#breadcrumb"},"inLanguage":"es","potentialAction":[{"@type":"ReadAction","target":["https:\/\/www.starremedies.com\/about\/"]}]},{"@type":"BreadcrumbList","@id":"https:\/\/www.starremedies.com\/about\/#breadcrumb","itemListElement":[{"@type":"ListItem","position":1,"name":"Home","item":"https:\/\/www.starremedies.com\/"},{"@type":"ListItem","position":2,"name":"About Us"}]},{"@type":"WebSite","@id":"https:\/\/www.starremedies.com\/#website","url":"https:\/\/www.starremedies.com\/","name":"Remedios estrella","description":"","publisher":{"@id":"https:\/\/www.starremedies.com\/#organization"},"potentialAction":[{"@type":"SearchAction","target":{"@type":"EntryPoint","urlTemplate":"https:\/\/www.starremedies.com\/?s={search_term_string}"},"query-input":{"@type":"PropertyValueSpecification","valueRequired":true,"valueName":"search_term_string"}}],"inLanguage":"es"},{"@type":"Organization","@id":"https:\/\/www.starremedies.com\/#organization","name":"Remedios estrella","url":"https:\/\/www.starremedies.com\/","logo":{"@type":"ImageObject","inLanguage":"es","@id":"https:\/\/www.starremedies.com\/#\/schema\/logo\/image\/","url":"https:\/\/www.starremedies.com\/wp-content\/uploads\/2016\/02\/srl.gif","contentUrl":"https:\/\/www.starremedies.com\/wp-content\/uploads\/2016\/02\/srl.gif","width":250,"height":250,"caption":"Star Remedies"},"image":{"@id":"https:\/\/www.starremedies.com\/#\/schema\/logo\/image\/"},"sameAs":["https:\/\/www.facebook.com\/starremedies\/","https:\/\/www.instagram.com\/starremedies\/"]}]}},"_links":{"self":[{"href":"https:\/\/www.starremedies.com\/es\/wp-json\/wp\/v2\/pages\/4461","targetHints":{"allow":["GET"]}}],"collection":[{"href":"https:\/\/www.starremedies.com\/es\/wp-json\/wp\/v2\/pages"}],"about":[{"href":"https:\/\/www.starremedies.com\/es\/wp-json\/wp\/v2\/types\/page"}],"author":[{"embeddable":true,"href":"https:\/\/www.starremedies.com\/es\/wp-json\/wp\/v2\/users\/1"}],"replies":[{"embeddable":true,"href":"https:\/\/www.starremedies.com\/es\/wp-json\/wp\/v2\/comments?post=4461"}],"version-history":[{"count":7,"href":"https:\/\/www.starremedies.com\/es\/wp-json\/wp\/v2\/pages\/4461\/revisions"}],"predecessor-version":[{"id":27901,"href":"https:\/\/www.starremedies.com\/es\/wp-json\/wp\/v2\/pages\/4461\/revisions\/27901"}],"wp:attachment":[{"href":"https:\/\/www.starremedies.com\/es\/wp-json\/wp\/v2\/media?parent=4461"}],"curies":[{"name":"wp","href":"https:\/\/api.w.org\/{rel}","templated":true}]}}