{"id":4099,"date":"2016-02-23T11:36:47","date_gmt":"2016-02-23T10:36:47","guid":{"rendered":"https:\/\/www.starremedies.com\/?page_id=4099"},"modified":"2025-02-05T10:50:12","modified_gmt":"2025-02-05T09:50:12","slug":"wheretobuy","status":"publish","type":"page","link":"https:\/\/www.starremedies.com\/es\/wheretobuy\/","title":{"rendered":"D\u00f3nde comprar Internacional y Benelux"},"content":{"rendered":"<section class=\"section section_breadcrumbs\" id=\"section_321282372\">\n\t\t<div class=\"section-bg fill\" >\n\t\t\t\t\t\t\t\t\t\n\t\t\t\n\n\t\t<\/div>\n\n\t\t\n\n\t\t<div class=\"section-content relative\">\n\t\t\t\n<div class=\"row breadcrumbs-row\"  id=\"row-2012312122\">\n\n\t<div id=\"col-80684572\" class=\"col small-12 large-12\"  >\n\t\t\t\t<div class=\"col-inner\"  >\n\t\t\t\n\t\t\t\n\t<div id=\"text-145225384\" class=\"text breadcrumbs\">\n\t\t\n<span><span><a href=\"https:\/\/www.starremedies.com\/es\/\">Inicio<\/a><\/span><\/span>\n\t\t\t<\/div>\n\t\n\t\t<\/div>\n\t\t\t\t\t<\/div>\n\n\t\n\n<style>\n#row-2012312122 > .col > .col-inner {\n  padding: 0px 0px 0px 0px;\n}\n<\/style>\n<\/div>\n\t\t<\/div>\n\n\t\t\n<style>\n#section_321282372 {\n  padding-top: 0px;\n  padding-bottom: 0px;\n  margin-bottom: 0px;\n}\n<\/style>\n\t<\/section>\n\t\n\n\t<section class=\"section products_row\" id=\"section_1772505538\">\n\t\t<div class=\"section-bg fill\" >\n\t\t\t\t\t\t\t\t\t\n\t\t\t\n\n\t\t<\/div>\n\n\t\t\n\n\t\t<div class=\"section-content relative\">\n\t\t\t\n<div class=\"row align-middle align-center\"  id=\"row-1803807870\">\n\n\t<div id=\"col-1590266304\" class=\"col medium-4 small-8 large-4\"  >\n\t\t\t\t<div class=\"col-inner text-center\"  >\n\t\t\t\n\t\t\t\n\t<div class=\"img has-hover x md-x lg-x y md-y lg-y\" id=\"image_1233884948\">\n\t\t\t\t\t\t\t\t<div class=\"img-inner dark\" >\n\t\t\t<img decoding=\"async\" width=\"1200\" height=\"800\" src=\"https:\/\/www.starremedies.com\/wp-content\/uploads\/2022\/12\/wholesale.webp\" class=\"attachment-original size-original\" alt=\"\" srcset=\"https:\/\/www.starremedies.com\/wp-content\/uploads\/2022\/12\/wholesale.webp 1200w, https:\/\/www.starremedies.com\/wp-content\/uploads\/2022\/12\/wholesale-300x200.webp 300w, https:\/\/www.starremedies.com\/wp-content\/uploads\/2022\/12\/wholesale-1030x687.webp 1030w, https:\/\/www.starremedies.com\/wp-content\/uploads\/2022\/12\/wholesale-768x512.webp 768w\" sizes=\"(max-width: 1200px) 100vw, 1200px\" \/>\t\t\t\t\t\t\n\t\t\t\t\t<\/div>\n\t\t\t\t\t\t\t\t\n<style>\n#image_1233884948 {\n  width: 100%;\n}\n<\/style>\n\t<\/div>\n\t\n\t\t<\/div>\n\t\t\t\t\t<\/div>\n\n\t\n\n\t<div id=\"col-919891841\" class=\"col small-12 large-12\"  >\n\t\t\t\t<div class=\"col-inner text-center\"  >\n\t\t\t\n\t\t\t\n\t<div id=\"text-682762493\" class=\"text\">\n\t\t\n<h1 class=\"uppercase\">D\u00f3nde comprar<\/h1>\n\t\t\n<style>\n#text-682762493 {\n  text-align: center;\n}\n<\/style>\n\t<\/div>\n\t\n\t\t<\/div>\n\t\t\t\t\t<\/div>\n\n\t\n<\/div>\n\t\t<\/div>\n\n\t\t\n<style>\n#section_1772505538 {\n  padding-top: 30px;\n  padding-bottom: 30px;\n  background-color: rgb(247, 247, 247);\n}\n<\/style>\n\t<\/section>\n\t\n\n\t<section class=\"section\" id=\"section_466307641\">\n\t\t<div class=\"section-bg fill\" >\n\t\t\t\t\t\t\t\t\t\n\t\t\t\n\n\t\t<\/div>\n\n\t\t\n\n\t\t<div class=\"section-content relative\">\n\t\t\t\n<div class=\"row align-center\"  id=\"row-1260882335\">\n\n\t<div id=\"col-1099313810\" class=\"col small-12 large-12\"  >\n\t\t\t\t<div class=\"col-inner\"  >\n\t\t\t\n\t\t\t\n<h2>Servicios y asociaciones internacionales de venta al por mayor<\/h2>\n<p>Para nuestros estimados clientes comerciales que residen fuera de la regi\u00f3n del Benelux (B\u00e9lgica, Pa\u00edses Bajos y Luxemburgo), ofrecemos varias opciones c\u00f3modas para hacer pedidos e iniciar colaboraciones. Puede ponerse en contacto con nosotros directamente por tel\u00e9fono o correo electr\u00f3nico para hablar de sus necesidades y hacer pedidos. Adem\u00e1s, animamos a los profesionales y empresas interesados en nuestras ofertas a que se registren como\u00a0<a href=\"https:\/\/www.starremedies.com\/es\/professionals\/\" target=\"_blank\" rel=\"noopener\">Terapeuta<\/a>\u00a0o\u00a0<a href=\"https:\/\/www.starremedies.com\/es\/companies\/\" target=\"_blank\" rel=\"noopener\">Empresa<\/a>\u00a0a trav\u00e9s de nuestros portales espec\u00edficos. Si desea m\u00e1s informaci\u00f3n sobre nuestra empresa o la gama de productos que ofrecemos, no dude en\u00a0<a href=\"https:\/\/www.starremedies.com\/es\/contact\/\" target=\"_blank\" rel=\"noopener\">contacte con nosotros<\/a>. Nos comprometemos a ofrecer un servicio y una asistencia excepcionales, adaptados a las necesidades de nuestra clientela internacional.<\/p>\n<h3>Mayoristas del Benelux<\/h3>\n<p>Si es usted profesional o minorista, puede dirigirse a uno de los mayoristas.<\/p>\n\t\t<\/div>\n\t\t\t\t\t<\/div>\n\n\t\n\n\t<div id=\"col-1866065439\" class=\"col medium-6 small-12 large-6\"  >\n\t\t\t\t<div class=\"col-inner\"  >\n\t\t\t\n\t\t\t\n\t<div class=\"box has-hover mw170  has-hover box-text-bottom\" >\n\n\t\t<div class=\"box-image\" >\n\t\t\t\t\t\t<div class=\"\" >\n\t\t\t\t<img decoding=\"async\" width=\"170\" height=\"80\" src=\"https:\/\/www.starremedies.com\/wp-content\/uploads\/2016\/02\/groothandel_hp.gif\" class=\"attachment-original size-original\" alt=\"\" \/>\t\t\t\t\t\t\t\t\t\t\t<\/div>\n\t\t\t\t\t<\/div>\n\n\t\t<div class=\"box-text text-center\" >\n\t\t\t<div class=\"box-text-inner\">\n\t\t\t\t\n\t<div id=\"text-3803631632\" class=\"text\">\n\t\t\n<p>Holland Pharma<br \/>\nBosberg 41<br \/>\n7271 LE Borculo<br \/>\n0545-251050<br \/>\nwww.hollandpharma.nl<br \/>\n\t\t\n<style>\n#text-3803631632 {\n  text-align: left;\n}\n<\/style>\n\t<\/div>\n\t\n\t\t\t<\/div>\n\t\t<\/div>\n\t<\/div>\n\t\n\t\t<\/div>\n\t\t\t\t\t<\/div>\n\n\t\n\n\t<div id=\"col-1231828664\" class=\"col medium-6 small-12 large-6\"  >\n\t\t\t\t<div class=\"col-inner\"  >\n\t\t\t\n\t\t\t\n\t<div class=\"box has-hover mw170  has-hover box-text-bottom\" >\n\n\t\t<div class=\"box-image\" >\n\t\t\t\t\t\t<div class=\"\" >\n\t\t\t\t<img decoding=\"async\" width=\"170\" height=\"80\" src=\"https:\/\/www.starremedies.com\/wp-content\/uploads\/2016\/02\/groothandel_varuvo.gif\" class=\"attachment-original size-original\" alt=\"\" \/>\t\t\t\t\t\t\t\t\t\t\t<\/div>\n\t\t\t\t\t<\/div>\n\n\t\t<div class=\"box-text text-center\" >\n\t\t\t<div class=\"box-text-inner\">\n\t\t\t\t\n\t<div id=\"text-3043124821\" class=\"text\">\n\t\t\n<p>Varuvo<br \/>\nHesselinks Es 11<br \/>\n7271 LB Borculo<br \/>\n0545-251050<br \/>\nwww.varuvo.nl<br \/>\n\t\t\n<style>\n#text-3043124821 {\n  text-align: left;\n}\n<\/style>\n\t<\/div>\n\t\n\t\t\t<\/div>\n\t\t<\/div>\n\t<\/div>\n\t\n\t\t<\/div>\n\t\t\t\t\t<\/div>\n\n\t\n\n\t<div id=\"col-614336539\" class=\"col small-12 large-12\"  >\n\t\t\t\t<div class=\"col-inner\"  >\n\t\t\t\n\t\t\t\n<h3>P\u00e1ginas web de productos<\/h3>\n<p>En las p\u00e1ginas web de nuestros productos encontrar\u00e1 amplia informaci\u00f3n sobre ellos y puntos de venta.<\/p>\n<table border=\"0\" width=\"100%\" cellpadding=\"5\">\n<tbody>\n<tr>\n<td><span style=\"font-size: 120%;\"><a href=\"https:\/\/www.ainsworths.nl\/\" target=\"_blank\" rel=\"noopener\">Esencias florales de Bach originales Ainsworths<\/a><\/span><\/td>\n<\/tr>\n<tr>\n<td><span style=\"font-size: 120%;\"><a href=\"https:\/\/www.manukanewzealand.eu\/es\/\" target=\"_blank\" rel=\"noopener\">Miel de Manuka MNZ<\/a><\/span><\/td>\n<\/tr>\n<tr>\n<td><span style=\"font-size: 120%;\"><a href=\"https:\/\/starremediesfloweressences.com\/\" target=\"_blank\" rel=\"noopener\">Esencias florales Star Remedies<\/a><\/span><\/td>\n<\/tr>\n<tr>\n<td><span style=\"font-size: 120%;\"><a href=\"https:\/\/starremediesfloweressences.com\/\" target=\"_blank\" rel=\"noopener\">Esencias Combinadas Star Remedies<\/a><\/span><\/td>\n<\/tr>\n<tr>\n<td><span style=\"font-size: 120%;\"><a href=\"https:\/\/www.sevenessentials.com\/\" target=\"_blank\" rel=\"noopener\">Seven Essentials<\/a><\/span><\/td>\n<\/tr>\n<tr>\n<td><span style=\"font-size: 120%;\"><a href=\"https:\/\/www.kanukahoning.nl\/\" target=\"_blank\" rel=\"noopener\">Kanuka Honing<\/a><\/span><\/td>\n<\/tr>\n<tr>\n<td><span style=\"font-size: 120%;\"><a href=\"https:\/\/www.beesbrilliance.eu\/\" target=\"_blank\" rel=\"noopener\">Bees Brilliance<\/a><\/span><\/td>\n<\/tr>\n<\/tbody>\n<\/table>\n\t\t<\/div>\n\t\t\t\t\t<\/div>\n\n\t\n<\/div>\n\t\t<\/div>\n\n\t\t\n<style>\n#section_466307641 {\n  padding-top: 30px;\n  padding-bottom: 30px;\n}\n<\/style>\n\t<\/section>","protected":false},"excerpt":{"rendered":"","protected":false},"author":1,"featured_media":0,"parent":0,"menu_order":0,"comment_status":"closed","ping_status":"closed","template":"page-blank.php","meta":{"footnotes":""},"class_list":["post-4099","page","type-page","status-publish","hentry"],"yoast_head":"<!-- This site is optimized with the Yoast SEO plugin v27.6 - https:\/\/yoast.com\/product\/yoast-seo-wordpress\/ -->\n<title>Where to buy International &amp; Benelux - Star Remedies<\/title>\n<meta name=\"description\" content=\"Are you looking for our national and online points of sale of Ainsworths, Star Remedies, Manuka Health, PURE, Animal Essences and ao Indigo Essences\" \/>\n<meta name=\"robots\" content=\"index, follow, max-snippet:-1, max-image-preview:large, max-video-preview:-1\" \/>\n<link rel=\"canonical\" href=\"https:\/\/www.starremedies.com\/es\/wheretobuy\/\" \/>\n<meta property=\"og:locale\" content=\"es_ES\" \/>\n<meta property=\"og:type\" content=\"article\" \/>\n<meta property=\"og:title\" content=\"Where to buy International &amp; Benelux - Star Remedies\" \/>\n<meta property=\"og:description\" content=\"Are you looking for our national and online points of sale of Ainsworths, Star Remedies, Manuka Health, PURE, Animal Essences and ao Indigo Essences\" \/>\n<meta property=\"og:url\" content=\"https:\/\/www.starremedies.com\/es\/wheretobuy\/\" \/>\n<meta property=\"og:site_name\" content=\"Star Remedies\" \/>\n<meta property=\"article:publisher\" content=\"https:\/\/www.facebook.com\/starremedies\/\" \/>\n<meta property=\"article:modified_time\" content=\"2025-02-05T09:50:12+00:00\" \/>\n<meta name=\"twitter:card\" content=\"summary_large_image\" \/>\n<script type=\"application\/ld+json\" class=\"yoast-schema-graph\">{\"@context\":\"https:\\\/\\\/schema.org\",\"@graph\":[{\"@type\":\"WebPage\",\"@id\":\"https:\\\/\\\/www.starremedies.com\\\/wheretobuy\\\/\",\"url\":\"https:\\\/\\\/www.starremedies.com\\\/wheretobuy\\\/\",\"name\":\"Where to buy International & Benelux - Star Remedies\",\"isPartOf\":{\"@id\":\"https:\\\/\\\/www.starremedies.com\\\/#website\"},\"datePublished\":\"2016-02-23T10:36:47+00:00\",\"dateModified\":\"2025-02-05T09:50:12+00:00\",\"description\":\"Are you looking for our national and online points of sale of Ainsworths, Star Remedies, Manuka Health, PURE, Animal Essences and ao Indigo Essences\",\"breadcrumb\":{\"@id\":\"https:\\\/\\\/www.starremedies.com\\\/wheretobuy\\\/#breadcrumb\"},\"inLanguage\":\"es\",\"potentialAction\":[{\"@type\":\"ReadAction\",\"target\":[\"https:\\\/\\\/www.starremedies.com\\\/wheretobuy\\\/\"]}]},{\"@type\":\"BreadcrumbList\",\"@id\":\"https:\\\/\\\/www.starremedies.com\\\/wheretobuy\\\/#breadcrumb\",\"itemListElement\":[{\"@type\":\"ListItem\",\"position\":1,\"name\":\"Home\",\"item\":\"https:\\\/\\\/www.starremedies.com\\\/\"},{\"@type\":\"ListItem\",\"position\":2,\"name\":\"Where to buy International &#038; Benelux\"}]},{\"@type\":\"WebSite\",\"@id\":\"https:\\\/\\\/www.starremedies.com\\\/#website\",\"url\":\"https:\\\/\\\/www.starremedies.com\\\/\",\"name\":\"Star Remedies\",\"description\":\"\",\"publisher\":{\"@id\":\"https:\\\/\\\/www.starremedies.com\\\/#organization\"},\"potentialAction\":[{\"@type\":\"SearchAction\",\"target\":{\"@type\":\"EntryPoint\",\"urlTemplate\":\"https:\\\/\\\/www.starremedies.com\\\/?s={search_term_string}\"},\"query-input\":{\"@type\":\"PropertyValueSpecification\",\"valueRequired\":true,\"valueName\":\"search_term_string\"}}],\"inLanguage\":\"es\"},{\"@type\":\"Organization\",\"@id\":\"https:\\\/\\\/www.starremedies.com\\\/#organization\",\"name\":\"Star Remedies\",\"url\":\"https:\\\/\\\/www.starremedies.com\\\/\",\"logo\":{\"@type\":\"ImageObject\",\"inLanguage\":\"es\",\"@id\":\"https:\\\/\\\/www.starremedies.com\\\/#\\\/schema\\\/logo\\\/image\\\/\",\"url\":\"https:\\\/\\\/www.starremedies.com\\\/wp-content\\\/uploads\\\/2016\\\/02\\\/srl.gif\",\"contentUrl\":\"https:\\\/\\\/www.starremedies.com\\\/wp-content\\\/uploads\\\/2016\\\/02\\\/srl.gif\",\"width\":250,\"height\":250,\"caption\":\"Star Remedies\"},\"image\":{\"@id\":\"https:\\\/\\\/www.starremedies.com\\\/#\\\/schema\\\/logo\\\/image\\\/\"},\"sameAs\":[\"https:\\\/\\\/www.facebook.com\\\/starremedies\\\/\",\"https:\\\/\\\/www.instagram.com\\\/starremedies\\\/\"]}]}<\/script>\n<!-- \/ Yoast SEO plugin. -->","yoast_head_json":{"title":"D\u00f3nde comprar Internacional y Benelux - Star Remedies","description":"\u00bfBuscas nuestros puntos de venta nacionales y online de Ainsworths, Star Remedies, Manuka Health, PURE, Animal Essences y ao Indigo Essences?","robots":{"index":"index","follow":"follow","max-snippet":"max-snippet:-1","max-image-preview":"max-image-preview:large","max-video-preview":"max-video-preview:-1"},"canonical":"https:\/\/www.starremedies.com\/es\/wheretobuy\/","og_locale":"es_ES","og_type":"article","og_title":"Where to buy International & Benelux - Star Remedies","og_description":"Are you looking for our national and online points of sale of Ainsworths, Star Remedies, Manuka Health, PURE, Animal Essences and ao Indigo Essences","og_url":"https:\/\/www.starremedies.com\/es\/wheretobuy\/","og_site_name":"Star Remedies","article_publisher":"https:\/\/www.facebook.com\/starremedies\/","article_modified_time":"2025-02-05T09:50:12+00:00","twitter_card":"summary_large_image","schema":{"@context":"https:\/\/schema.org","@graph":[{"@type":"WebPage","@id":"https:\/\/www.starremedies.com\/wheretobuy\/","url":"https:\/\/www.starremedies.com\/wheretobuy\/","name":"D\u00f3nde comprar Internacional y Benelux - Star Remedies","isPartOf":{"@id":"https:\/\/www.starremedies.com\/#website"},"datePublished":"2016-02-23T10:36:47+00:00","dateModified":"2025-02-05T09:50:12+00:00","description":"\u00bfBuscas nuestros puntos de venta nacionales y online de Ainsworths, Star Remedies, Manuka Health, PURE, Animal Essences y ao Indigo Essences?","breadcrumb":{"@id":"https:\/\/www.starremedies.com\/wheretobuy\/#breadcrumb"},"inLanguage":"es","potentialAction":[{"@type":"ReadAction","target":["https:\/\/www.starremedies.com\/wheretobuy\/"]}]},{"@type":"BreadcrumbList","@id":"https:\/\/www.starremedies.com\/wheretobuy\/#breadcrumb","itemListElement":[{"@type":"ListItem","position":1,"name":"Home","item":"https:\/\/www.starremedies.com\/"},{"@type":"ListItem","position":2,"name":"Where to buy International &#038; Benelux"}]},{"@type":"WebSite","@id":"https:\/\/www.starremedies.com\/#website","url":"https:\/\/www.starremedies.com\/","name":"Remedios estrella","description":"","publisher":{"@id":"https:\/\/www.starremedies.com\/#organization"},"potentialAction":[{"@type":"SearchAction","target":{"@type":"EntryPoint","urlTemplate":"https:\/\/www.starremedies.com\/?s={search_term_string}"},"query-input":{"@type":"PropertyValueSpecification","valueRequired":true,"valueName":"search_term_string"}}],"inLanguage":"es"},{"@type":"Organization","@id":"https:\/\/www.starremedies.com\/#organization","name":"Remedios estrella","url":"https:\/\/www.starremedies.com\/","logo":{"@type":"ImageObject","inLanguage":"es","@id":"https:\/\/www.starremedies.com\/#\/schema\/logo\/image\/","url":"https:\/\/www.starremedies.com\/wp-content\/uploads\/2016\/02\/srl.gif","contentUrl":"https:\/\/www.starremedies.com\/wp-content\/uploads\/2016\/02\/srl.gif","width":250,"height":250,"caption":"Star Remedies"},"image":{"@id":"https:\/\/www.starremedies.com\/#\/schema\/logo\/image\/"},"sameAs":["https:\/\/www.facebook.com\/starremedies\/","https:\/\/www.instagram.com\/starremedies\/"]}]}},"_links":{"self":[{"href":"https:\/\/www.starremedies.com\/es\/wp-json\/wp\/v2\/pages\/4099","targetHints":{"allow":["GET"]}}],"collection":[{"href":"https:\/\/www.starremedies.com\/es\/wp-json\/wp\/v2\/pages"}],"about":[{"href":"https:\/\/www.starremedies.com\/es\/wp-json\/wp\/v2\/types\/page"}],"author":[{"embeddable":true,"href":"https:\/\/www.starremedies.com\/es\/wp-json\/wp\/v2\/users\/1"}],"replies":[{"embeddable":true,"href":"https:\/\/www.starremedies.com\/es\/wp-json\/wp\/v2\/comments?post=4099"}],"version-history":[{"count":11,"href":"https:\/\/www.starremedies.com\/es\/wp-json\/wp\/v2\/pages\/4099\/revisions"}],"predecessor-version":[{"id":27970,"href":"https:\/\/www.starremedies.com\/es\/wp-json\/wp\/v2\/pages\/4099\/revisions\/27970"}],"wp:attachment":[{"href":"https:\/\/www.starremedies.com\/es\/wp-json\/wp\/v2\/media?parent=4099"}],"curies":[{"name":"wp","href":"https:\/\/api.w.org\/{rel}","templated":true}]}}