{"id":3910,"date":"2016-02-22T17:03:57","date_gmt":"2016-02-22T16:03:57","guid":{"rendered":"https:\/\/www.starremedies.com\/?page_id=3910"},"modified":"2025-02-06T10:42:08","modified_gmt":"2025-02-06T09:42:08","slug":"flowercreams","status":"publish","type":"page","link":"https:\/\/www.starremedies.com\/es\/brands\/starremedies\/flowercreams\/","title":{"rendered":"Cremas Florales Star Remedies"},"content":{"rendered":"<section class=\"section section_breadcrumbs\" id=\"section_1907285178\">\n\t\t<div class=\"section-bg fill\" >\n\t\t\t\t\t\t\t\t\t\n\t\t\t\n\n\t\t<\/div>\n\n\t\t\n\n\t\t<div class=\"section-content relative\">\n\t\t\t\n<div class=\"row breadcrumbs-row\"  id=\"row-1497197211\">\n\n\t<div id=\"col-1702825182\" class=\"col small-12 large-12\"  >\n\t\t\t\t<div class=\"col-inner\"  >\n\t\t\t\n\t\t\t\n\t<div id=\"text-3592377307\" class=\"text breadcrumbs\">\n\t\t\n<span><span><a href=\"https:\/\/www.starremedies.com\/es\/\">Inicio<\/a><\/span><\/span>\n\t\t\t<\/div>\n\t\n\t\t<\/div>\n\t\t\t\t\t<\/div>\n\n\t\n\n<style>\n#row-1497197211 > .col > .col-inner {\n  padding: 0px 0px 0px 0px;\n}\n<\/style>\n<\/div>\n\t\t<\/div>\n\n\t\t\n<style>\n#section_1907285178 {\n  padding-top: 0px;\n  padding-bottom: 0px;\n  margin-bottom: 0px;\n}\n<\/style>\n\t<\/section>\n\t\n\n\t<section class=\"section products_row\" id=\"section_612674889\">\n\t\t<div class=\"section-bg fill\" >\n\t\t\t\t\t\t\t\t\t\n\t\t\t\n\n\t\t<\/div>\n\n\t\t\n\n\t\t<div class=\"section-content relative\">\n\t\t\t\n<div class=\"row align-middle align-center\"  id=\"row-1794195579\">\n\n\t<div id=\"col-626027286\" class=\"col medium-3 small-9 large-3\"  >\n\t\t\t\t<div class=\"col-inner text-center\"  >\n\t\t\t\n\t\t\t\n\t<div class=\"img has-hover x md-x lg-x y md-y lg-y\" id=\"image_1633621020\">\n\t\t\t\t\t\t\t\t<div class=\"img-inner dark\" >\n\t\t\t<img decoding=\"async\" width=\"250\" height=\"250\" src=\"https:\/\/www.starremedies.com\/wp-content\/uploads\/2022\/12\/sr_logo_transparent.png\" class=\"attachment-original size-original\" alt=\"\" srcset=\"https:\/\/www.starremedies.com\/wp-content\/uploads\/2022\/12\/sr_logo_transparent.png 250w, https:\/\/www.starremedies.com\/wp-content\/uploads\/2022\/12\/sr_logo_transparent-80x80.png 80w\" sizes=\"(max-width: 250px) 100vw, 250px\" \/>\t\t\t\t\t\t\n\t\t\t\t\t<\/div>\n\t\t\t\t\t\t\t\t\n<style>\n#image_1633621020 {\n  width: 100%;\n}\n@media (min-width:850px) {\n  #image_1633621020 {\n    width: 75%;\n  }\n}\n<\/style>\n\t<\/div>\n\t\n\t\t<\/div>\n\t\t\t\t\t<\/div>\n\n\t\n\n\t<div id=\"col-1000002630\" class=\"col small-12 large-12\"  >\n\t\t\t\t<div class=\"col-inner text-center\"  >\n\t\t\t\n\t\t\t\n\t<div id=\"text-2145148348\" class=\"text\">\n\t\t\n<h1>CREMAS FLORALES STAR REMEDIES<\/h1>\n\t\t\n<style>\n#text-2145148348 {\n  text-align: center;\n}\n<\/style>\n\t<\/div>\n\t\n\t\t<\/div>\n\t\t\t\t\t<\/div>\n\n\t\n<\/div>\n\t\t<\/div>\n\n\t\t\n<style>\n#section_612674889 {\n  padding-top: 30px;\n  padding-bottom: 30px;\n  background-color: rgb(247, 247, 247);\n}\n<\/style>\n\t<\/section>\n\t\n\n\t<section class=\"section\" id=\"section_304945044\">\n\t\t<div class=\"section-bg fill\" >\n\t\t\t\t\t\t\t\t\t\n\t\t\t\n\n\t\t<\/div>\n\n\t\t\n\n\t\t<div class=\"section-content relative\">\n\t\t\t\n<div class=\"row\"  id=\"row-790348057\">\n\n\t<div id=\"col-403255397\" class=\"col large-12\"  >\n\t\t\t\t<div class=\"col-inner text-center\"  >\n\t\t\t\n\t\t\t\n\t<div id=\"text-656388184\" class=\"text\">\n\t\t\n<h2>CREMAS FLORALES STAR REMEDIES<\/h2>\n\t\t\n<style>\n#text-656388184 {\n  font-size: 0.9rem;\n  text-align: center;\n}\n<\/style>\n\t<\/div>\n\t\n\t\t<\/div>\n\t\t\t\t\t<\/div>\n\n\t\n\n\t<div id=\"col-2068753123\" class=\"col medium-6 small-12 large-4\"  >\n\t\t\t\t<div class=\"col-inner text-center\"  >\n\t\t\t\n\t\t\t\n\t<div id=\"text-2239716029\" class=\"text\">\n\t\t\n<h3 class=\"uppercase\">Crema de primeros auxilios<\/h3>\n\t\t\n<style>\n#text-2239716029 {\n  font-size: 0.9rem;\n  text-align: center;\n}\n<\/style>\n\t<\/div>\n\t\n\t<div class=\"img has-hover x md-x lg-x y md-y lg-y\" id=\"image_993281679\">\n\t\t\t\t\t\t\t\t<div class=\"img-inner dark\" style=\"margin:0px 50px 0px 50px;\">\n\t\t\t<img decoding=\"async\" width=\"169\" height=\"194\" src=\"https:\/\/www.starremedies.com\/wp-content\/uploads\/2016\/02\/sr-1-1.jpg\" class=\"attachment-medium size-medium\" alt=\"\" \/>\t\t\t\t\t\t\n\t\t\t\t\t<\/div>\n\t\t\t\t\t\t\t\t\n<style>\n#image_993281679 {\n  width: 100%;\n}\n@media (min-width:550px) {\n  #image_993281679 {\n    width: 80%;\n  }\n}\n@media (min-width:850px) {\n  #image_993281679 {\n    width: 80%;\n  }\n}\n<\/style>\n\t<\/div>\n\t\n\t<div id=\"text-4219812425\" class=\"text\">\n\t\t\n<p>Muchas dolencias psicol\u00f3gicas tienen una gran influencia en el bienestar f\u00edsico. Star Remedies ha desarrollado una crema \u00fanica a trav\u00e9s de sus muchos a\u00f1os de experiencia con sus propias esencias florales; 100% natural y no testada en animales. Star Remedies lleva muchos a\u00f1os desarrollando y produciendo sus esencias florales. Esto ha dado como resultado 49 esencias florales individuales diferentes y la Esencia Primeros Auxilios para transformar las emociones y estados de \u00e1nimo negativos en cualidades positivas.<\/p>\n<p>De las diversas esencias florales de Star Remedies, se han seleccionado 11 flores que juntas garantizan el efecto especial de Star Remedies First Aid Cream:<\/p>\n<p>Amor y esperanza, Turquesa, Houttyunnia Cordata, Estrella de Bel\u00e9n, Milenrama, 3 unidades, Perejil de vaca, Flor de m\u00e1scara, Cal\u00e9ndula de los pantanos, Ciruelo cereza, Ismene<\/p>\n<p>En general, la crema de primeros auxilios Star Remedies puede utilizarse para todos los accidentes dom\u00e9sticos, de jard\u00edn y de cocina.<\/p>\n<p>Contenido: 30gr.<\/p>\n\t\t\n<style>\n#text-4219812425 {\n  font-size: 0.9rem;\n  text-align: left;\n}\n<\/style>\n\t<\/div>\n\t\n\t\t<\/div>\n\t\t\t\t\t<\/div>\n\n\t\n\n\t<div id=\"col-454967188\" class=\"col medium-6 small-12 large-4\"  >\n\t\t\t\t<div class=\"col-inner text-center\"  >\n\t\t\t\n\t\t\t\n\t<div id=\"text-112679646\" class=\"text\">\n\t\t\n<h3 class=\"uppercase\">Crema cicatrizante<\/h3>\n\t\t\n<style>\n#text-112679646 {\n  font-size: 0.9rem;\n  text-align: center;\n}\n<\/style>\n\t<\/div>\n\t\n\t<div class=\"img has-hover x md-x lg-x y md-y lg-y\" id=\"image_1895295699\">\n\t\t\t\t\t\t\t\t<div class=\"img-inner dark\" style=\"margin:0px 50px 0px 50px;\">\n\t\t\t<img decoding=\"async\" width=\"169\" height=\"194\" src=\"https:\/\/www.starremedies.com\/wp-content\/uploads\/2016\/02\/sr-2.jpg\" class=\"attachment-medium size-medium\" alt=\"\" \/>\t\t\t\t\t\t\n\t\t\t\t\t<\/div>\n\t\t\t\t\t\t\t\t\n<style>\n#image_1895295699 {\n  width: 100%;\n}\n@media (min-width:550px) {\n  #image_1895295699 {\n    width: 80%;\n  }\n}\n@media (min-width:850px) {\n  #image_1895295699 {\n    width: 80%;\n  }\n}\n<\/style>\n\t<\/div>\n\t\n\t<div id=\"text-1571366665\" class=\"text\">\n\t\t\n<p>Las cicatrices, aunque sean muy peque\u00f1as, pueden causar a veces una gran variedad de problemas de salud. Cuando el proceso de cicatrizaci\u00f3n de la herida no ha ido bien, la cicatriz en ese lugar bloquea el flujo energ\u00e9tico del cuerpo. Se crea un llamado \"campo de perturbaci\u00f3n\" que puede desencadenar a distancia perturbaciones en cualquier parte del cuerpo. Si tenemos en cuenta que, por un lado, los flujos de energ\u00eda en los meridianos de acupuntura van acompa\u00f1ados de cambios mensurables en la resistencia de la piel y, por otro, que las cicatrices mal formadas muestran una resistencia cut\u00e1nea diferente a la de su entorno, esto es bastante comprensible. Externamente no es visible que tales cicatrices formen un campo de perturbaci\u00f3n. Las personas sensibles, sin embargo, notan un hoyuelo en el aura por encima del lugar afectado. Por lo dem\u00e1s, s\u00f3lo la medici\u00f3n de la resistencia de la piel o un tratamiento experimental pueden dar una respuesta definitiva. En naturopat\u00eda, las cicatrices suelen anestesiarse localmente mediante inyecci\u00f3n. Si la sospecha era correcta, todas las molestias causadas por ella desaparecen en cuesti\u00f3n de segundos. Por eso se denomina \"fen\u00f3meno de los segundos\".<\/p>\n<p>Frotar con Star Remedies Scar Cream sirve para el mismo prop\u00f3sito y tambi\u00e9n es completamente indoloro.<\/p>\n<p>De las diferentes esencias florales de Star Remedies, se han seleccionado 4 flores en combinaci\u00f3n con un absoluto de Narciso (aceite) que juntos aseguran el efecto especial de Star Remedies Scar Cream:<\/p>\n<p>Amor y esperanza, Estrella de Bel\u00e9n, Nogal, Turquesa<\/p>\n<p>En general, la crema cicatrizante de Star Remedies puede utilizarse para todos los accidentes dom\u00e9sticos, de jard\u00edn y de cocina.<\/p>\n<p>Contenido: 30gr.<\/p>\n\t\t\n<style>\n#text-1571366665 {\n  font-size: 0.9rem;\n  text-align: left;\n}\n<\/style>\n\t<\/div>\n\t\n\t\t<\/div>\n\t\t\t\t\t<\/div>\n\n\t\n\n\t<div id=\"col-973598198\" class=\"col medium-6 small-12 large-4\"  >\n\t\t\t\t<div class=\"col-inner text-center\"  >\n\t\t\t\n\t\t\t\n\t<div id=\"text-1439599318\" class=\"text\">\n\t\t\n<h3 class=\"uppercase\">Crema antiarrugas<\/h3>\n\t\t\n<style>\n#text-1439599318 {\n  font-size: 0.9rem;\n  text-align: center;\n}\n<\/style>\n\t<\/div>\n\t\n\t<div class=\"img has-hover x md-x lg-x y md-y lg-y\" id=\"image_6677001\">\n\t\t\t\t\t\t\t\t<div class=\"img-inner dark\" style=\"margin:0px 50px 0px 50px;\">\n\t\t\t<img decoding=\"async\" width=\"169\" height=\"194\" src=\"https:\/\/www.starremedies.com\/wp-content\/uploads\/2016\/02\/sr-3.jpg\" class=\"attachment-medium size-medium\" alt=\"\" \/>\t\t\t\t\t\t\n\t\t\t\t\t<\/div>\n\t\t\t\t\t\t\t\t\n<style>\n#image_6677001 {\n  width: 100%;\n}\n@media (min-width:550px) {\n  #image_6677001 {\n    width: 80%;\n  }\n}\n@media (min-width:850px) {\n  #image_6677001 {\n    width: 80%;\n  }\n}\n<\/style>\n\t<\/div>\n\t\n\t<div id=\"text-108541330\" class=\"text\">\n\t\t\n<p>Edward Bach ya utilizaba sus flores con fines cosm\u00e9ticos. Nora Weeks escribe: \"Un hombre de cuarenta a\u00f1os ten\u00eda una antiest\u00e9tica verruga en la frente que no le facilitaba la vida. Era del tipo jovial y prefer\u00eda charlar con sus amigos sobre Dios y el mundo, pero tambi\u00e9n sobre su estado de salud. Esta disposici\u00f3n emocional hac\u00eda referencia a Heather. Edward Bach le recet\u00f3 este remedio en forma de loci\u00f3n. Tres semanas despu\u00e9s del inicio del tratamiento, la verruga hab\u00eda desaparecido por completo sin dejar la menor cicatriz en la frente. '<\/p>\n<p>De las diferentes esencias florales de Star Remedies, se han seleccionado 3 flores en combinaci\u00f3n con un absoluto de Siempreviva (aceite) que juntos aseguran el efecto especial de la Crema Antiarrugas de Star Remedies:<\/p>\n<p>Madreselva, Estrella de Bel\u00e9n, Matricaria<\/p>\n<p>En general, Star Remedies Wrinkle Cream puede utilizarse para el cuidado personal de la piel.<\/p>\n<p>Contenido: 30gr.<\/p>\n\t\t\n<style>\n#text-108541330 {\n  font-size: 0.9rem;\n  text-align: left;\n}\n<\/style>\n\t<\/div>\n\t\n\t\t<\/div>\n\t\t\t\t\t<\/div>\n\n\t\n\n\t<div id=\"col-411784088\" class=\"col small-12 large-12\"  >\n\t\t\t\t<div class=\"col-inner\"  >\n\t\t\t\n\t\t\t\n<h2>Comprar esencias florales y productos Star Remedies<\/h2>\n<p>Las esencias florales y los productos Star Remedies se pueden pedir por separado en\u00a0<a href=\"https:\/\/www.starremediesshop.com\/es\/floweressences\/starremedies\/creams\/\" target=\"_blank\" rel=\"noopener\">starremediesshop.com<\/a><\/p>\n<p>Eres Empresario, profesional o terapeuta, y est\u00e1s interesado en los productos de Star Remedies.\u00a0<a href=\"https:\/\/www.starremedies.com\/es\/companies\/\">Inscr\u00edbase a trav\u00e9s del formulario de inscripci\u00f3n para empresas<\/a>\u00a0y para terapeutas y profesionales,\u00a0<a href=\"https:\/\/www.starremedies.com\/es\/companies\/\">formulario de inscripci\u00f3n para profesionales<\/a>.<\/p>\n\t\t<\/div>\n\t\t\t\t\n<style>\n#col-411784088 > .col-inner {\n  padding: 75px 0px 0px 0px;\n}\n<\/style>\n\t<\/div>\n\n\t\n<\/div>\n\t\t<\/div>\n\n\t\t\n<style>\n#section_304945044 {\n  padding-top: 30px;\n  padding-bottom: 30px;\n}\n<\/style>\n\t<\/section>","protected":false},"excerpt":{"rendered":"","protected":false},"author":1,"featured_media":0,"parent":3856,"menu_order":0,"comment_status":"closed","ping_status":"closed","template":"page-blank.php","meta":{"footnotes":""},"class_list":["post-3910","page","type-page","status-publish","hentry"],"yoast_head":"<!-- This site is optimized with the Yoast SEO plugin v27.3 - https:\/\/yoast.com\/product\/yoast-seo-wordpress\/ -->\n<title>Creams based on flower essences and essential oils<\/title>\n<meta name=\"description\" content=\"3 creams based on flower essences; first aid cream, wrinkle cream and scar cream. 100% natural, essential oil and for energetic recovery.\" \/>\n<meta name=\"robots\" content=\"index, follow, max-snippet:-1, max-image-preview:large, max-video-preview:-1\" \/>\n<link rel=\"canonical\" href=\"https:\/\/www.starremedies.com\/es\/brands\/starremedies\/flowercreams\/\" \/>\n<meta property=\"og:locale\" content=\"es_ES\" \/>\n<meta property=\"og:type\" content=\"article\" \/>\n<meta property=\"og:title\" content=\"Creams based on flower essences and essential oils\" \/>\n<meta property=\"og:description\" content=\"3 creams based on flower essences; first aid cream, wrinkle cream and scar cream. 100% natural, essential oil and for energetic recovery.\" \/>\n<meta property=\"og:url\" content=\"https:\/\/www.starremedies.com\/es\/brands\/starremedies\/flowercreams\/\" \/>\n<meta property=\"og:site_name\" content=\"Star Remedies\" \/>\n<meta property=\"article:publisher\" content=\"https:\/\/www.facebook.com\/starremedies\/\" \/>\n<meta property=\"article:modified_time\" content=\"2025-02-06T09:42:08+00:00\" \/>\n<meta name=\"twitter:card\" content=\"summary_large_image\" \/>\n<script type=\"application\/ld+json\" class=\"yoast-schema-graph\">{\"@context\":\"https:\\\/\\\/schema.org\",\"@graph\":[{\"@type\":\"WebPage\",\"@id\":\"https:\\\/\\\/www.starremedies.com\\\/brands\\\/starremedies\\\/flowercreams\\\/\",\"url\":\"https:\\\/\\\/www.starremedies.com\\\/brands\\\/starremedies\\\/flowercreams\\\/\",\"name\":\"Creams based on flower essences and essential oils\",\"isPartOf\":{\"@id\":\"https:\\\/\\\/www.starremedies.com\\\/#website\"},\"datePublished\":\"2016-02-22T16:03:57+00:00\",\"dateModified\":\"2025-02-06T09:42:08+00:00\",\"description\":\"3 creams based on flower essences; first aid cream, wrinkle cream and scar cream. 100% natural, essential oil and for energetic recovery.\",\"breadcrumb\":{\"@id\":\"https:\\\/\\\/www.starremedies.com\\\/brands\\\/starremedies\\\/flowercreams\\\/#breadcrumb\"},\"inLanguage\":\"es\",\"potentialAction\":[{\"@type\":\"ReadAction\",\"target\":[\"https:\\\/\\\/www.starremedies.com\\\/brands\\\/starremedies\\\/flowercreams\\\/\"]}]},{\"@type\":\"BreadcrumbList\",\"@id\":\"https:\\\/\\\/www.starremedies.com\\\/brands\\\/starremedies\\\/flowercreams\\\/#breadcrumb\",\"itemListElement\":[{\"@type\":\"ListItem\",\"position\":1,\"name\":\"Home\",\"item\":\"https:\\\/\\\/www.starremedies.com\\\/\"},{\"@type\":\"ListItem\",\"position\":2,\"name\":\"Our Brands\",\"item\":\"https:\\\/\\\/www.starremedies.com\\\/brands\\\/\"},{\"@type\":\"ListItem\",\"position\":3,\"name\":\"Star Remedies Flower Essences\",\"item\":\"https:\\\/\\\/www.starremedies.com\\\/brands\\\/starremedies\\\/\"},{\"@type\":\"ListItem\",\"position\":4,\"name\":\"Star Remedies Flower Creams\"}]},{\"@type\":\"WebSite\",\"@id\":\"https:\\\/\\\/www.starremedies.com\\\/#website\",\"url\":\"https:\\\/\\\/www.starremedies.com\\\/\",\"name\":\"Star Remedies\",\"description\":\"\",\"publisher\":{\"@id\":\"https:\\\/\\\/www.starremedies.com\\\/#organization\"},\"potentialAction\":[{\"@type\":\"SearchAction\",\"target\":{\"@type\":\"EntryPoint\",\"urlTemplate\":\"https:\\\/\\\/www.starremedies.com\\\/?s={search_term_string}\"},\"query-input\":{\"@type\":\"PropertyValueSpecification\",\"valueRequired\":true,\"valueName\":\"search_term_string\"}}],\"inLanguage\":\"es\"},{\"@type\":\"Organization\",\"@id\":\"https:\\\/\\\/www.starremedies.com\\\/#organization\",\"name\":\"Star Remedies\",\"url\":\"https:\\\/\\\/www.starremedies.com\\\/\",\"logo\":{\"@type\":\"ImageObject\",\"inLanguage\":\"es\",\"@id\":\"https:\\\/\\\/www.starremedies.com\\\/#\\\/schema\\\/logo\\\/image\\\/\",\"url\":\"https:\\\/\\\/www.starremedies.com\\\/wp-content\\\/uploads\\\/2016\\\/02\\\/srl.gif\",\"contentUrl\":\"https:\\\/\\\/www.starremedies.com\\\/wp-content\\\/uploads\\\/2016\\\/02\\\/srl.gif\",\"width\":250,\"height\":250,\"caption\":\"Star Remedies\"},\"image\":{\"@id\":\"https:\\\/\\\/www.starremedies.com\\\/#\\\/schema\\\/logo\\\/image\\\/\"},\"sameAs\":[\"https:\\\/\\\/www.facebook.com\\\/starremedies\\\/\",\"https:\\\/\\\/www.instagram.com\\\/starremedies\\\/\"]}]}<\/script>\n<!-- \/ Yoast SEO plugin. -->","yoast_head_json":{"title":"Cremas a base de esencias florales y aceites esenciales","description":"3 cremas a base de esencias florales; crema de primeros auxilios, crema antiarrugas y crema cicatrizante. 100% natural, aceite esencial y para la recuperaci\u00f3n energ\u00e9tica.","robots":{"index":"index","follow":"follow","max-snippet":"max-snippet:-1","max-image-preview":"max-image-preview:large","max-video-preview":"max-video-preview:-1"},"canonical":"https:\/\/www.starremedies.com\/es\/brands\/starremedies\/flowercreams\/","og_locale":"es_ES","og_type":"article","og_title":"Creams based on flower essences and essential oils","og_description":"3 creams based on flower essences; first aid cream, wrinkle cream and scar cream. 100% natural, essential oil and for energetic recovery.","og_url":"https:\/\/www.starremedies.com\/es\/brands\/starremedies\/flowercreams\/","og_site_name":"Star Remedies","article_publisher":"https:\/\/www.facebook.com\/starremedies\/","article_modified_time":"2025-02-06T09:42:08+00:00","twitter_card":"summary_large_image","schema":{"@context":"https:\/\/schema.org","@graph":[{"@type":"WebPage","@id":"https:\/\/www.starremedies.com\/brands\/starremedies\/flowercreams\/","url":"https:\/\/www.starremedies.com\/brands\/starremedies\/flowercreams\/","name":"Cremas a base de esencias florales y aceites esenciales","isPartOf":{"@id":"https:\/\/www.starremedies.com\/#website"},"datePublished":"2016-02-22T16:03:57+00:00","dateModified":"2025-02-06T09:42:08+00:00","description":"3 cremas a base de esencias florales; crema de primeros auxilios, crema antiarrugas y crema cicatrizante. 100% natural, aceite esencial y para la recuperaci\u00f3n energ\u00e9tica.","breadcrumb":{"@id":"https:\/\/www.starremedies.com\/brands\/starremedies\/flowercreams\/#breadcrumb"},"inLanguage":"es","potentialAction":[{"@type":"ReadAction","target":["https:\/\/www.starremedies.com\/brands\/starremedies\/flowercreams\/"]}]},{"@type":"BreadcrumbList","@id":"https:\/\/www.starremedies.com\/brands\/starremedies\/flowercreams\/#breadcrumb","itemListElement":[{"@type":"ListItem","position":1,"name":"Home","item":"https:\/\/www.starremedies.com\/"},{"@type":"ListItem","position":2,"name":"Our Brands","item":"https:\/\/www.starremedies.com\/brands\/"},{"@type":"ListItem","position":3,"name":"Star Remedies Flower Essences","item":"https:\/\/www.starremedies.com\/brands\/starremedies\/"},{"@type":"ListItem","position":4,"name":"Star Remedies Flower Creams"}]},{"@type":"WebSite","@id":"https:\/\/www.starremedies.com\/#website","url":"https:\/\/www.starremedies.com\/","name":"Remedios estrella","description":"","publisher":{"@id":"https:\/\/www.starremedies.com\/#organization"},"potentialAction":[{"@type":"SearchAction","target":{"@type":"EntryPoint","urlTemplate":"https:\/\/www.starremedies.com\/?s={search_term_string}"},"query-input":{"@type":"PropertyValueSpecification","valueRequired":true,"valueName":"search_term_string"}}],"inLanguage":"es"},{"@type":"Organization","@id":"https:\/\/www.starremedies.com\/#organization","name":"Remedios estrella","url":"https:\/\/www.starremedies.com\/","logo":{"@type":"ImageObject","inLanguage":"es","@id":"https:\/\/www.starremedies.com\/#\/schema\/logo\/image\/","url":"https:\/\/www.starremedies.com\/wp-content\/uploads\/2016\/02\/srl.gif","contentUrl":"https:\/\/www.starremedies.com\/wp-content\/uploads\/2016\/02\/srl.gif","width":250,"height":250,"caption":"Star Remedies"},"image":{"@id":"https:\/\/www.starremedies.com\/#\/schema\/logo\/image\/"},"sameAs":["https:\/\/www.facebook.com\/starremedies\/","https:\/\/www.instagram.com\/starremedies\/"]}]}},"_links":{"self":[{"href":"https:\/\/www.starremedies.com\/es\/wp-json\/wp\/v2\/pages\/3910","targetHints":{"allow":["GET"]}}],"collection":[{"href":"https:\/\/www.starremedies.com\/es\/wp-json\/wp\/v2\/pages"}],"about":[{"href":"https:\/\/www.starremedies.com\/es\/wp-json\/wp\/v2\/types\/page"}],"author":[{"embeddable":true,"href":"https:\/\/www.starremedies.com\/es\/wp-json\/wp\/v2\/users\/1"}],"replies":[{"embeddable":true,"href":"https:\/\/www.starremedies.com\/es\/wp-json\/wp\/v2\/comments?post=3910"}],"version-history":[{"count":10,"href":"https:\/\/www.starremedies.com\/es\/wp-json\/wp\/v2\/pages\/3910\/revisions"}],"predecessor-version":[{"id":27984,"href":"https:\/\/www.starremedies.com\/es\/wp-json\/wp\/v2\/pages\/3910\/revisions\/27984"}],"up":[{"embeddable":true,"href":"https:\/\/www.starremedies.com\/es\/wp-json\/wp\/v2\/pages\/3856"}],"wp:attachment":[{"href":"https:\/\/www.starremedies.com\/es\/wp-json\/wp\/v2\/media?parent=3910"}],"curies":[{"name":"wp","href":"https:\/\/api.w.org\/{rel}","templated":true}]}}