{"id":3801,"date":"2016-02-21T18:15:16","date_gmt":"2016-02-21T17:15:16","guid":{"rendered":"https:\/\/www.starremedies.com\/?page_id=3801"},"modified":"2025-01-30T14:13:34","modified_gmt":"2025-01-30T13:13:34","slug":"thegoldseries","status":"publish","type":"page","link":"https:\/\/www.starremedies.com\/es\/brands\/indigoessences\/thegoldseries\/","title":{"rendered":"Esencias \u00cdndigo - Serie Oro"},"content":{"rendered":"<section class=\"section section_breadcrumbs\" id=\"section_1881055250\">\n\t\t<div class=\"section-bg fill\" >\n\t\t\t\t\t\t\t\t\t\n\t\t\t\n\n\t\t<\/div>\n\n\t\t\n\n\t\t<div class=\"section-content relative\">\n\t\t\t\n<div class=\"row breadcrumbs-row\"  id=\"row-498097829\">\n\n\t<div id=\"col-228001848\" class=\"col small-12 large-12\"  >\n\t\t\t\t<div class=\"col-inner\"  >\n\t\t\t\n\t\t\t\n\t<div id=\"text-2095229903\" class=\"text breadcrumbs\">\n\t\t\n<span><span><a href=\"https:\/\/www.starremedies.com\/es\/\">Inicio<\/a><\/span><\/span>\n\t\t\t<\/div>\n\t\n\t\t<\/div>\n\t\t\t\t\t<\/div>\n\n\t\n\n<style>\n#row-498097829 > .col > .col-inner {\n  padding: 0px 0px 0px 0px;\n}\n<\/style>\n<\/div>\n\t\t<\/div>\n\n\t\t\n<style>\n#section_1881055250 {\n  padding-top: 0px;\n  padding-bottom: 0px;\n  margin-bottom: 0px;\n}\n<\/style>\n\t<\/section>\n\t\n\n\t<section class=\"section products_row\" id=\"section_1397728353\">\n\t\t<div class=\"section-bg fill\" >\n\t\t\t\t\t\t\t\t\t\n\t\t\t\n\n\t\t<\/div>\n\n\t\t\n\n\t\t<div class=\"section-content relative\">\n\t\t\t\n<div class=\"row align-middle align-center\"  id=\"row-1813874685\">\n\n\t<div id=\"col-793554654\" class=\"col medium-3 small-9 large-3\"  >\n\t\t\t\t<div class=\"col-inner text-center\"  >\n\t\t\t\n\t\t\t\n\t<div class=\"img has-hover x md-x lg-x y md-y lg-y\" id=\"image_1108994083\">\n\t\t\t\t\t\t\t\t<div class=\"img-inner dark\" >\n\t\t\t<img decoding=\"async\" width=\"250\" height=\"250\" src=\"https:\/\/www.starremedies.com\/wp-content\/uploads\/2016\/02\/indigo.gif\" class=\"attachment-original size-original\" alt=\"\" \/>\t\t\t\t\t\t\n\t\t\t\t\t<\/div>\n\t\t\t\t\t\t\t\t\n<style>\n#image_1108994083 {\n  width: 50%;\n}\n<\/style>\n\t<\/div>\n\t\n\t\t<\/div>\n\t\t\t\t\t<\/div>\n\n\t\n\n\t<div id=\"col-618863667\" class=\"col small-12 large-12\"  >\n\t\t\t\t<div class=\"col-inner text-center\"  >\n\t\t\t\n\t\t\t\n\t<div id=\"text-2126844100\" class=\"text\">\n\t\t\n<h1>ESENCIAS \u00cdNDIGO - SERIE ORO<\/h1>\n\t\t\n<style>\n#text-2126844100 {\n  text-align: center;\n}\n<\/style>\n\t<\/div>\n\t\n\t\t<\/div>\n\t\t\t\t\t<\/div>\n\n\t\n<\/div>\n\t\t<\/div>\n\n\t\t\n<style>\n#section_1397728353 {\n  padding-top: 30px;\n  padding-bottom: 30px;\n  background-color: rgb(247, 247, 247);\n}\n<\/style>\n\t<\/section>\n\t\n\n\t<section class=\"section\" id=\"section_812783970\">\n\t\t<div class=\"section-bg fill\" >\n\t\t\t\t\t\t\t\t\t\n\t\t\t\n\n\t\t<\/div>\n\n\t\t\n\n\t\t<div class=\"section-content relative\">\n\t\t\t\n<div class=\"row\"  id=\"row-1901462794\">\n\n\t<div id=\"col-1910306464\" class=\"col small-12 large-12\"  >\n\t\t\t\t<div class=\"col-inner\"  >\n\t\t\t\n\t\t\t\n<p>Estas esencias est\u00e1n aqu\u00ed para acompa\u00f1arnos mientras nos movemos hacia el amanecer dorado de un nuevo nivel de conciencia en el planeta tierra. As\u00ed como los \u00cdndigos nos ayudaron a salir de la oscuridad, la Serie Dorada nos ayudar\u00e1 a anclar las energ\u00edas del amanecer mientras aprendemos a estar en esta nueva vibraci\u00f3n. Los d\u00edas, semanas y meses venideros traer\u00e1n mucho caos mientras nos movemos a trav\u00e9s del periodo de transici\u00f3n. Puede que seamos testigos de acontecimientos a nivel global que nos hagan sentir profundamente tristes, enfadados o desesperanzados. En lugar de quedarnos atascados en estas energ\u00edas es importante que anclemos y vibremos energ\u00edas de Verdad, Amor, Paz y Esperanza para el m\u00e1s alto y mejor resultado para todos. Las esencias de la Serie Dorada est\u00e1n aqu\u00ed para ayudarnos a mantener esas vibraciones amorosas en nuestros campos energ\u00e9ticos. Al mantener estas energ\u00edas en nuestro campo, afectaremos a otros a nuestro alrededor y les ayudaremos a entrar en equilibrio tambi\u00e9n.<\/p>\n<div class=\"container section-title-container\" style=\"margin-top:75px;\"><h3 class=\"section-title section-title-bold-center\"><b aria-hidden=\"true\"><\/b><span class=\"section-title-main\" >LA SERIE GOLD - DESCRIPCI\u00d3N GENERAL DEL PRODUCTO<\/span><b aria-hidden=\"true\"><\/b><\/h3><\/div>\n\t\t<\/div>\n\t\t\t\t\t<\/div>\n\n\t\n\n\t<div id=\"col-1871908745\" class=\"col medium-6 small-12 large-3\"  >\n\t\t\t\t<div class=\"col-inner text-center\"  >\n\t\t\t\n\t\t\t\n\t<div id=\"text-4211028025\" class=\"text\">\n\t\t\n<h4 class=\"uppercase\">Burbuja de amor<\/h4>\n\t\t\n<style>\n#text-4211028025 {\n  font-size: 0.9rem;\n  text-align: center;\n}\n<\/style>\n\t<\/div>\n\t\n\t<div class=\"img has-hover x md-x lg-x y md-y lg-y\" id=\"image_1411810197\">\n\t\t\t\t\t\t\t\t<div class=\"img-inner dark\" style=\"margin:0px 50px 0px 50px;\">\n\t\t\t<img decoding=\"async\" width=\"250\" height=\"250\" src=\"https:\/\/www.starremedies.com\/wp-content\/uploads\/2021\/08\/Bubble-of-Love1-1.jpg\" class=\"attachment-original size-original\" alt=\"\" srcset=\"https:\/\/www.starremedies.com\/wp-content\/uploads\/2021\/08\/Bubble-of-Love1-1.jpg 250w, https:\/\/www.starremedies.com\/wp-content\/uploads\/2021\/08\/Bubble-of-Love1-1-80x80.jpg 80w\" sizes=\"(max-width: 250px) 100vw, 250px\" \/>\t\t\t\t\t\t\n\t\t\t\t\t<\/div>\n\t\t\t\t\t\t\t\t\n<style>\n#image_1411810197 {\n  width: 100%;\n}\n<\/style>\n\t<\/div>\n\t\n\t<div id=\"text-1101346712\" class=\"text\">\n\t\t\n<p>Esta esencia canalizada contiene elementos de la antigua energ\u00eda femenina de Irlanda, una energ\u00eda que es compasiva y extremadamente fuerte. Esta esencia nos ayudar\u00e1 a dejar ir las energ\u00edas de escasez, carencia, lucha y conflicto y sostener en nuestro campo energ\u00edas de amor y facilidad, que son nuestro derecho de nacimiento. Mantener la energ\u00eda del amor en nuestro campo durante este tiempo de transici\u00f3n nos ayudar\u00e1 a nosotros, y a la gente que nos rodea, a permanecer en nuestros corazones sin importar los conflictos que surjan.<\/p>\n\t\t\n<style>\n#text-1101346712 {\n  font-size: 0.9rem;\n}\n<\/style>\n\t<\/div>\n\t\n\t\t<\/div>\n\t\t\t\t\t<\/div>\n\n\t\n\n\t<div id=\"col-1545808781\" class=\"col medium-6 small-12 large-3\"  >\n\t\t\t\t<div class=\"col-inner text-center\"  >\n\t\t\t\n\t\t\t\n\t<div id=\"text-2064881907\" class=\"text\">\n\t\t\n<h4 class=\"uppercase\">Gratitud<\/h4>\n\t\t\n<style>\n#text-2064881907 {\n  font-size: 0.9rem;\n  text-align: center;\n}\n<\/style>\n\t<\/div>\n\t\n\t<div class=\"img has-hover x md-x lg-x y md-y lg-y\" id=\"image_1401715653\">\n\t\t\t\t\t\t\t\t<div class=\"img-inner image-cover dark\" style=\"padding-top:100%;margin:0px 50px 0px 50px;\">\n\t\t\t<img decoding=\"async\" width=\"166\" height=\"250\" src=\"https:\/\/www.starremedies.com\/wp-content\/uploads\/2018\/08\/GOLD_gratitude_360x-e1628153316808.png\" class=\"attachment-original size-original\" alt=\"\" \/>\t\t\t\t\t\t\n\t\t\t\t\t<\/div>\n\t\t\t\t\t\t\t\t\n<style>\n#image_1401715653 {\n  width: 72%;\n}\n<\/style>\n\t<\/div>\n\t\n\t<div id=\"text-1806239212\" class=\"text\">\n\t\t\n<p>Conectar con la energ\u00eda de la gratitud eleva nuestra vibraci\u00f3n y es una herramienta importante en los d\u00edas en que nos sentimos temerosos o deprimidos. La ley de la atracci\u00f3n afecta tanto a nuestros pensamientos como a las manifestaciones materiales. As\u00ed que si te sientes deprimido, la ley de la atracci\u00f3n atraer\u00e1 m\u00e1s pensamientos de depresi\u00f3n a tu campo, bajando tu vibraci\u00f3n y conduciendo a una espiral descendente de negatividad. Si\u00e9ntate con Gratitud cuando te sientas deprimido y en pocos minutos sentir\u00e1s una ligereza entrando en tu ser. Esta ligereza atraer\u00e1 m\u00e1s de lo mismo y de esta manera, podr\u00e1s elevar tu vibraci\u00f3n.<\/p>\n\t\t\n<style>\n#text-1806239212 {\n  font-size: 0.9rem;\n}\n<\/style>\n\t<\/div>\n\t\n\t\t<\/div>\n\t\t\t\t\t<\/div>\n\n\t\n\n\t<div id=\"col-152677440\" class=\"col medium-6 small-12 large-3\"  >\n\t\t\t\t<div class=\"col-inner text-center\"  >\n\t\t\t\n\t\t\t\n\t<div id=\"text-432160671\" class=\"text\">\n\t\t\n<h4 class=\"uppercase\">Paz<\/h4>\n\t\t\n<style>\n#text-432160671 {\n  font-size: 0.9rem;\n  text-align: center;\n}\n<\/style>\n\t<\/div>\n\t\n\t<div class=\"img has-hover x md-x lg-x y md-y lg-y\" id=\"image_1235569816\">\n\t\t\t\t\t\t\t\t<div class=\"img-inner image-cover dark\" style=\"padding-top:100%;margin:0px 50px 0px 50px;\">\n\t\t\t<img decoding=\"async\" width=\"166\" height=\"250\" src=\"https:\/\/www.starremedies.com\/wp-content\/uploads\/2018\/08\/GOLD_peace_360x-e1628153383919.png\" class=\"attachment-original size-original\" alt=\"\" \/>\t\t\t\t\t\t\n\t\t\t\t\t<\/div>\n\t\t\t\t\t\t\t\t\n<style>\n#image_1235569816 {\n  width: 74%;\n}\n<\/style>\n\t<\/div>\n\t\n\t<div id=\"text-4283972726\" class=\"text\">\n\t\t\n<p>La esencia de la Paz, canalizada por un maravilloso joven llamado Josh. En tiempos de guerra y caos, si\u00e9ntate con esta esencia para traer la energ\u00eda de paz a tu campo. A medida que comiences a vibrar paz, as\u00ed afectar\u00e1s a otros a tu alrededor para que hagan lo mismo. Pon gotas de esta esencia en un taz\u00f3n de agua en un lugar central en tu casa para ayudar a traer la energ\u00eda de Paz a tu espacio.<\/p>\n\t\t\n<style>\n#text-4283972726 {\n  font-size: 0.9rem;\n}\n<\/style>\n\t<\/div>\n\t\n\t\t<\/div>\n\t\t\t\t\t<\/div>\n\n\t\n\n\t<div id=\"col-1628248866\" class=\"col medium-6 small-12 large-3\"  >\n\t\t\t\t<div class=\"col-inner text-center\"  >\n\t\t\t\n\t\t\t\n\t<div id=\"text-332294137\" class=\"text\">\n\t\t\n<h4 class=\"uppercase\">Colores verdaderos<\/h4>\n\t\t\n<style>\n#text-332294137 {\n  font-size: 0.9rem;\n  text-align: center;\n}\n<\/style>\n\t<\/div>\n\t\n\t<div class=\"img has-hover x md-x lg-x y md-y lg-y\" id=\"image_1822714143\">\n\t\t\t\t\t\t\t\t<div class=\"img-inner image-cover dark\" style=\"padding-top:100%;margin:0px 50px 0px 50px;\">\n\t\t\t<img decoding=\"async\" width=\"166\" height=\"250\" src=\"https:\/\/www.starremedies.com\/wp-content\/uploads\/2018\/08\/GOLD_true_colours_360x-e1628153485407.png\" class=\"attachment-original size-original\" alt=\"\" \/>\t\t\t\t\t\t\n\t\t\t\t\t<\/div>\n\t\t\t\t\t\t\t\t\n<style>\n#image_1822714143 {\n  width: 72%;\n}\n<\/style>\n\t<\/div>\n\t\n\t<div id=\"text-2789471735\" class=\"text\">\n\t\t\n<p>True Colours es una esencia profundamente nutritiva que nos llena de energ\u00eda materna, que es otro t\u00e9rmino para el amor incondicional. Para hombres y mujeres, esta esencia llenar\u00e1 cualquier vac\u00edo dejado por la falta de amor materno, o falta de aceptaci\u00f3n del amor materno que puede llevar a la falta de aceptaci\u00f3n de uno mismo y por lo tanto intentos de encajar en la sociedad cambiando lo que somos. Esta esencia tambi\u00e9n nos ayudar\u00e1 a sentirnos totalmente c\u00f3modos con nosotros mismos y nos ayudar\u00e1 a saber que estamos bien, que est\u00e1 bien decir la verdad de quienes somos y lo que sentimos aunque sea diferente a lo que la mayor\u00eda de la gente siente.<\/p>\n\t\t\n<style>\n#text-2789471735 {\n  font-size: 0.9rem;\n}\n<\/style>\n\t<\/div>\n\t\n\t\t<\/div>\n\t\t\t\t\t<\/div>\n\n\t\n\n\t<div id=\"col-1353042796\" class=\"col small-12 large-12\"  >\n\t\t\t\t<div class=\"col-inner\"  >\n\t\t\t\n\t\t\t\n<h2>Comprar Esencias \u00cdndigo<\/h2>\n<p>Las Esencias \u00cdndigo pueden encargarse por separado en\u00a0<a href=\"https:\/\/www.starremediesshop.com\/es\/indigoessences\/\" target=\"_blank\" rel=\"noopener\">starremediesshop.com<\/a><\/p>\n<p>Eres Empresario, profesional o terapeuta, y est\u00e1s interesado en los productos de Star Remedies.\u00a0<a href=\"https:\/\/www.starremedies.com\/es\/companies\/\">Inscr\u00edbase a trav\u00e9s del formulario de inscripci\u00f3n para empresas<\/a>\u00a0y para terapeutas y profesionales,\u00a0<a href=\"https:\/\/www.starremedies.com\/es\/companies\/\">formulario de inscripci\u00f3n para profesionales<\/a>.<\/p>\n\t\t<\/div>\n\t\t\t\t\n<style>\n#col-1353042796 > .col-inner {\n  padding: 75px 0px 0px 0px;\n}\n<\/style>\n\t<\/div>\n\n\t\n<\/div>\n\t\t<\/div>\n\n\t\t\n<style>\n#section_812783970 {\n  padding-top: 30px;\n  padding-bottom: 30px;\n}\n<\/style>\n\t<\/section>","protected":false},"excerpt":{"rendered":"","protected":false},"author":1,"featured_media":0,"parent":3741,"menu_order":0,"comment_status":"closed","ping_status":"closed","template":"page-blank.php","meta":{"footnotes":""},"class_list":["post-3801","page","type-page","status-publish","hentry"],"yoast_head":"<!-- This site is optimized with the Yoast SEO plugin v27.5 - https:\/\/yoast.com\/product\/yoast-seo-wordpress\/ -->\n<title>Indigo Essences - The Gold Series - Star Remedies<\/title>\n<meta name=\"description\" content=\"The Gold Series helps change general consciousness. This allows you to better incorporate the new energies and vibrations into your being.\" \/>\n<meta name=\"robots\" content=\"index, follow, max-snippet:-1, max-image-preview:large, max-video-preview:-1\" \/>\n<link rel=\"canonical\" href=\"https:\/\/www.starremedies.com\/es\/brands\/indigoessences\/thegoldseries\/\" \/>\n<meta property=\"og:locale\" content=\"es_ES\" \/>\n<meta property=\"og:type\" content=\"article\" \/>\n<meta property=\"og:title\" content=\"Indigo Essences - The Gold Series - Star Remedies\" \/>\n<meta property=\"og:description\" content=\"The Gold Series helps change general consciousness. This allows you to better incorporate the new energies and vibrations into your being.\" \/>\n<meta property=\"og:url\" content=\"https:\/\/www.starremedies.com\/es\/brands\/indigoessences\/thegoldseries\/\" \/>\n<meta property=\"og:site_name\" content=\"Star Remedies\" \/>\n<meta property=\"article:publisher\" content=\"https:\/\/www.facebook.com\/starremedies\/\" \/>\n<meta property=\"article:modified_time\" content=\"2025-01-30T13:13:34+00:00\" \/>\n<meta name=\"twitter:card\" content=\"summary_large_image\" \/>\n<script type=\"application\/ld+json\" class=\"yoast-schema-graph\">{\"@context\":\"https:\\\/\\\/schema.org\",\"@graph\":[{\"@type\":\"WebPage\",\"@id\":\"https:\\\/\\\/www.starremedies.com\\\/brands\\\/indigoessences\\\/thegoldseries\\\/\",\"url\":\"https:\\\/\\\/www.starremedies.com\\\/brands\\\/indigoessences\\\/thegoldseries\\\/\",\"name\":\"Indigo Essences - The Gold Series - Star Remedies\",\"isPartOf\":{\"@id\":\"https:\\\/\\\/www.starremedies.com\\\/#website\"},\"datePublished\":\"2016-02-21T17:15:16+00:00\",\"dateModified\":\"2025-01-30T13:13:34+00:00\",\"description\":\"The Gold Series helps change general consciousness. This allows you to better incorporate the new energies and vibrations into your being.\",\"breadcrumb\":{\"@id\":\"https:\\\/\\\/www.starremedies.com\\\/brands\\\/indigoessences\\\/thegoldseries\\\/#breadcrumb\"},\"inLanguage\":\"es\",\"potentialAction\":[{\"@type\":\"ReadAction\",\"target\":[\"https:\\\/\\\/www.starremedies.com\\\/brands\\\/indigoessences\\\/thegoldseries\\\/\"]}]},{\"@type\":\"BreadcrumbList\",\"@id\":\"https:\\\/\\\/www.starremedies.com\\\/brands\\\/indigoessences\\\/thegoldseries\\\/#breadcrumb\",\"itemListElement\":[{\"@type\":\"ListItem\",\"position\":1,\"name\":\"Home\",\"item\":\"https:\\\/\\\/www.starremedies.com\\\/\"},{\"@type\":\"ListItem\",\"position\":2,\"name\":\"Our Brands\",\"item\":\"https:\\\/\\\/www.starremedies.com\\\/brands\\\/\"},{\"@type\":\"ListItem\",\"position\":3,\"name\":\"Indigo Essences for children by Ann Callaghan\",\"item\":\"https:\\\/\\\/www.starremedies.com\\\/brands\\\/indigoessences\\\/\"},{\"@type\":\"ListItem\",\"position\":4,\"name\":\"Indigo Essences &#8211; The Gold Series\"}]},{\"@type\":\"WebSite\",\"@id\":\"https:\\\/\\\/www.starremedies.com\\\/#website\",\"url\":\"https:\\\/\\\/www.starremedies.com\\\/\",\"name\":\"Star Remedies\",\"description\":\"\",\"publisher\":{\"@id\":\"https:\\\/\\\/www.starremedies.com\\\/#organization\"},\"potentialAction\":[{\"@type\":\"SearchAction\",\"target\":{\"@type\":\"EntryPoint\",\"urlTemplate\":\"https:\\\/\\\/www.starremedies.com\\\/?s={search_term_string}\"},\"query-input\":{\"@type\":\"PropertyValueSpecification\",\"valueRequired\":true,\"valueName\":\"search_term_string\"}}],\"inLanguage\":\"es\"},{\"@type\":\"Organization\",\"@id\":\"https:\\\/\\\/www.starremedies.com\\\/#organization\",\"name\":\"Star Remedies\",\"url\":\"https:\\\/\\\/www.starremedies.com\\\/\",\"logo\":{\"@type\":\"ImageObject\",\"inLanguage\":\"es\",\"@id\":\"https:\\\/\\\/www.starremedies.com\\\/#\\\/schema\\\/logo\\\/image\\\/\",\"url\":\"https:\\\/\\\/www.starremedies.com\\\/wp-content\\\/uploads\\\/2016\\\/02\\\/srl.gif\",\"contentUrl\":\"https:\\\/\\\/www.starremedies.com\\\/wp-content\\\/uploads\\\/2016\\\/02\\\/srl.gif\",\"width\":250,\"height\":250,\"caption\":\"Star Remedies\"},\"image\":{\"@id\":\"https:\\\/\\\/www.starremedies.com\\\/#\\\/schema\\\/logo\\\/image\\\/\"},\"sameAs\":[\"https:\\\/\\\/www.facebook.com\\\/starremedies\\\/\",\"https:\\\/\\\/www.instagram.com\\\/starremedies\\\/\"]}]}<\/script>\n<!-- \/ Yoast SEO plugin. -->","yoast_head_json":{"title":"Indigo Essences - La Serie de Oro - Star Remedies","description":"La Serie Dorada ayuda a cambiar la conciencia general. Esto te permite incorporar mejor las nuevas energ\u00edas y vibraciones en tu ser.","robots":{"index":"index","follow":"follow","max-snippet":"max-snippet:-1","max-image-preview":"max-image-preview:large","max-video-preview":"max-video-preview:-1"},"canonical":"https:\/\/www.starremedies.com\/es\/brands\/indigoessences\/thegoldseries\/","og_locale":"es_ES","og_type":"article","og_title":"Indigo Essences - The Gold Series - Star Remedies","og_description":"The Gold Series helps change general consciousness. This allows you to better incorporate the new energies and vibrations into your being.","og_url":"https:\/\/www.starremedies.com\/es\/brands\/indigoessences\/thegoldseries\/","og_site_name":"Star Remedies","article_publisher":"https:\/\/www.facebook.com\/starremedies\/","article_modified_time":"2025-01-30T13:13:34+00:00","twitter_card":"summary_large_image","schema":{"@context":"https:\/\/schema.org","@graph":[{"@type":"WebPage","@id":"https:\/\/www.starremedies.com\/brands\/indigoessences\/thegoldseries\/","url":"https:\/\/www.starremedies.com\/brands\/indigoessences\/thegoldseries\/","name":"Indigo Essences - La Serie de Oro - Star Remedies","isPartOf":{"@id":"https:\/\/www.starremedies.com\/#website"},"datePublished":"2016-02-21T17:15:16+00:00","dateModified":"2025-01-30T13:13:34+00:00","description":"La Serie Dorada ayuda a cambiar la conciencia general. Esto te permite incorporar mejor las nuevas energ\u00edas y vibraciones en tu ser.","breadcrumb":{"@id":"https:\/\/www.starremedies.com\/brands\/indigoessences\/thegoldseries\/#breadcrumb"},"inLanguage":"es","potentialAction":[{"@type":"ReadAction","target":["https:\/\/www.starremedies.com\/brands\/indigoessences\/thegoldseries\/"]}]},{"@type":"BreadcrumbList","@id":"https:\/\/www.starremedies.com\/brands\/indigoessences\/thegoldseries\/#breadcrumb","itemListElement":[{"@type":"ListItem","position":1,"name":"Home","item":"https:\/\/www.starremedies.com\/"},{"@type":"ListItem","position":2,"name":"Our Brands","item":"https:\/\/www.starremedies.com\/brands\/"},{"@type":"ListItem","position":3,"name":"Indigo Essences for children by Ann Callaghan","item":"https:\/\/www.starremedies.com\/brands\/indigoessences\/"},{"@type":"ListItem","position":4,"name":"Indigo Essences &#8211; The Gold Series"}]},{"@type":"WebSite","@id":"https:\/\/www.starremedies.com\/#website","url":"https:\/\/www.starremedies.com\/","name":"Remedios estrella","description":"","publisher":{"@id":"https:\/\/www.starremedies.com\/#organization"},"potentialAction":[{"@type":"SearchAction","target":{"@type":"EntryPoint","urlTemplate":"https:\/\/www.starremedies.com\/?s={search_term_string}"},"query-input":{"@type":"PropertyValueSpecification","valueRequired":true,"valueName":"search_term_string"}}],"inLanguage":"es"},{"@type":"Organization","@id":"https:\/\/www.starremedies.com\/#organization","name":"Remedios estrella","url":"https:\/\/www.starremedies.com\/","logo":{"@type":"ImageObject","inLanguage":"es","@id":"https:\/\/www.starremedies.com\/#\/schema\/logo\/image\/","url":"https:\/\/www.starremedies.com\/wp-content\/uploads\/2016\/02\/srl.gif","contentUrl":"https:\/\/www.starremedies.com\/wp-content\/uploads\/2016\/02\/srl.gif","width":250,"height":250,"caption":"Star Remedies"},"image":{"@id":"https:\/\/www.starremedies.com\/#\/schema\/logo\/image\/"},"sameAs":["https:\/\/www.facebook.com\/starremedies\/","https:\/\/www.instagram.com\/starremedies\/"]}]}},"_links":{"self":[{"href":"https:\/\/www.starremedies.com\/es\/wp-json\/wp\/v2\/pages\/3801","targetHints":{"allow":["GET"]}}],"collection":[{"href":"https:\/\/www.starremedies.com\/es\/wp-json\/wp\/v2\/pages"}],"about":[{"href":"https:\/\/www.starremedies.com\/es\/wp-json\/wp\/v2\/types\/page"}],"author":[{"embeddable":true,"href":"https:\/\/www.starremedies.com\/es\/wp-json\/wp\/v2\/users\/1"}],"replies":[{"embeddable":true,"href":"https:\/\/www.starremedies.com\/es\/wp-json\/wp\/v2\/comments?post=3801"}],"version-history":[{"count":8,"href":"https:\/\/www.starremedies.com\/es\/wp-json\/wp\/v2\/pages\/3801\/revisions"}],"predecessor-version":[{"id":27834,"href":"https:\/\/www.starremedies.com\/es\/wp-json\/wp\/v2\/pages\/3801\/revisions\/27834"}],"up":[{"embeddable":true,"href":"https:\/\/www.starremedies.com\/es\/wp-json\/wp\/v2\/pages\/3741"}],"wp:attachment":[{"href":"https:\/\/www.starremedies.com\/es\/wp-json\/wp\/v2\/media?parent=3801"}],"curies":[{"name":"wp","href":"https:\/\/api.w.org\/{rel}","templated":true}]}}