{"id":3741,"date":"2016-02-21T17:42:04","date_gmt":"2016-02-21T16:42:04","guid":{"rendered":"https:\/\/www.starremedies.com\/?page_id=3741"},"modified":"2025-02-04T13:43:02","modified_gmt":"2025-02-04T12:43:02","slug":"indigoessences","status":"publish","type":"page","link":"https:\/\/www.starremedies.com\/es\/brands\/indigoessences\/","title":{"rendered":"Esencias \u00cdndigo para ni\u00f1os por Ann Callaghan"},"content":{"rendered":"<section class=\"section section_breadcrumbs\" id=\"section_534993348\">\n\t\t<div class=\"section-bg fill\" >\n\t\t\t\t\t\t\t\t\t\n\t\t\t\n\n\t\t<\/div>\n\n\t\t\n\n\t\t<div class=\"section-content relative\">\n\t\t\t\n<div class=\"row breadcrumbs-row\"  id=\"row-1898972776\">\n\n\t<div id=\"col-1583831707\" class=\"col small-12 large-12\"  >\n\t\t\t\t<div class=\"col-inner\"  >\n\t\t\t\n\t\t\t\n\t<div id=\"text-316692762\" class=\"text breadcrumbs\">\n\t\t\n<span><span><a href=\"https:\/\/www.starremedies.com\/es\/\">Inicio<\/a><\/span><\/span>\n\t\t\t<\/div>\n\t\n\t\t<\/div>\n\t\t\t\t\t<\/div>\n\n\t\n\n<style>\n#row-1898972776 > .col > .col-inner {\n  padding: 0px 0px 0px 0px;\n}\n<\/style>\n<\/div>\n\t\t<\/div>\n\n\t\t\n<style>\n#section_534993348 {\n  padding-top: 0px;\n  padding-bottom: 0px;\n  margin-bottom: 0px;\n}\n<\/style>\n\t<\/section>\n\t\n\n\t<section class=\"section products_row\" id=\"section_1569089099\">\n\t\t<div class=\"section-bg fill\" >\n\t\t\t\t\t\t\t\t\t\n\t\t\t\n\n\t\t<\/div>\n\n\t\t\n\n\t\t<div class=\"section-content relative\">\n\t\t\t\n<div class=\"row align-middle align-center\"  id=\"row-1305530197\">\n\n\t<div id=\"col-2136084843\" class=\"col medium-3 small-9 large-3\"  >\n\t\t\t\t<div class=\"col-inner text-center\"  >\n\t\t\t\n\t\t\t\n\t<div class=\"img has-hover x md-x lg-x y md-y lg-y\" id=\"image_325104195\">\n\t\t\t\t\t\t\t\t<div class=\"img-inner dark\" >\n\t\t\t<img decoding=\"async\" width=\"250\" height=\"250\" src=\"https:\/\/www.starremedies.com\/wp-content\/uploads\/2016\/02\/indigo.gif\" class=\"attachment-original size-original\" alt=\"\" \/>\t\t\t\t\t\t\n\t\t\t\t\t<\/div>\n\t\t\t\t\t\t\t\t\n<style>\n#image_325104195 {\n  width: 50%;\n}\n<\/style>\n\t<\/div>\n\t\n\t\t<\/div>\n\t\t\t\t\t<\/div>\n\n\t\n\n\t<div id=\"col-89813177\" class=\"col small-12 large-12\"  >\n\t\t\t\t<div class=\"col-inner text-center\"  >\n\t\t\t\n\t\t\t\n\t<div id=\"text-2551624602\" class=\"text\">\n\t\t\n<h1>ESENCIAS \u00cdNDIGO PARA NI\u00d1OS POR ANN CALLAGHAN<\/h1>\n\t\t\n<style>\n#text-2551624602 {\n  text-align: center;\n}\n<\/style>\n\t<\/div>\n\t\n\t\t<\/div>\n\t\t\t\t\t<\/div>\n\n\t\n<\/div>\n\t\t<\/div>\n\n\t\t\n<style>\n#section_1569089099 {\n  padding-top: 30px;\n  padding-bottom: 30px;\n  background-color: rgb(247, 247, 247);\n}\n<\/style>\n\t<\/section>\n\t\n\n\t<section class=\"section\" id=\"section_178026841\">\n\t\t<div class=\"section-bg fill\" >\n\t\t\t\t\t\t\t\t\t\n\t\t\t\n\n\t\t<\/div>\n\n\t\t\n\n\t\t<div class=\"section-content relative\">\n\t\t\t\n<div class=\"row\"  id=\"row-1339301540\">\n\n\t<div id=\"col-1921357807\" class=\"col medium-9 small-12 large-9\"  >\n\t\t\t\t<div class=\"col-inner\"  >\n\t\t\t\n\t\t\t\n<h2>\u00bfQu\u00e9 son las esencias \u00edndigo?<\/h2>\n<p>Indigo Essences son esencias de gemas hechas en Irlanda por Ann Callaghan y sus primos, Ben y Mica, y un equipo espiritual. Estas esencias se hacen espec\u00edficamente para el apoyo emocional para los ni\u00f1os de la Nueva Era (ni\u00f1os \u00edndigo), tambi\u00e9n para los adultos, con el fin de mantener el equilibrio natural, espiritual durante este tiempo ocupado.<\/p>\n<h3>\u00bfPor qu\u00e9 las esencias se llaman \"\u00cdndigo\"?<\/h3>\n<p>El color \"\u00edndigo\" se describe a menudo como el color del cielo cuando empieza un nuevo d\u00eda. Es el momento del d\u00eda en que todos los ni\u00f1os son queridos y cuidados y podemos ser nosotros mismos. As\u00ed es como vemos el \"\u00edndigo\": como un momento en el tiempo, no como algo para personas especiales. Por eso hemos llamado a las esencias \"\u00cdndigo\", porque esperamos que estas esencias ayuden a todos durante este gran cambio de tiempo. \u00a1Imag\u00ednate c\u00f3mo ser\u00eda! Si la gente trata a los ni\u00f1os de forma diferente ahora, tambi\u00e9n cambiaremos el mundo. Estos ni\u00f1os se convertir\u00e1n en adultos que poblar\u00e1n el mundo con amor, compasi\u00f3n e integridad sin miedo.<\/p>\n<p>Cambiando la forma en que la gente trata a los ni\u00f1os, cambiaremos tambi\u00e9n el mundo. Estos ni\u00f1os se convertir\u00e1n en adultos que poblar\u00e1n el mundo sin miedo, con amor, compasi\u00f3n e integridad: \u00a1imag\u00ednense c\u00f3mo ser\u00eda!<\/p>\n<p>... \u00bfy los adultos tambi\u00e9n?<br \/>Muchos adultos nos han preguntado si tambi\u00e9n pueden utilizar las esencias. Por supuesto que pueden. Todos somos ni\u00f1os por dentro. Incluso le dimos \"Amigo Invisible\" a un puercoesp\u00edn beb\u00e9 que hab\u00eda perdido a su madre y no quer\u00eda comer m\u00e1s. Poco despu\u00e9s de recibir la esencia empez\u00f3 a comer de nuevo y se hizo grande y fuerte.<\/p>\n\t\t<\/div>\n\t\t\t\t\t<\/div>\n\n\t\n\n\t<div id=\"col-1506841842\" class=\"col medium-3 small-12 large-3\"  >\n\t\t\t\t<div class=\"col-inner\"  >\n\t\t\t\n\t\t\t\n\t<div class=\"img has-hover x md-x lg-x y md-y lg-y\" id=\"image_207057042\">\n\t\t\t\t\t\t\t\t<div class=\"img-inner dark\" >\n\t\t\t<img decoding=\"async\" width=\"250\" height=\"350\" src=\"https:\/\/www.starremedies.com\/wp-content\/uploads\/2016\/02\/anncallaghan.jpg\" class=\"attachment-original size-original\" alt=\"\" srcset=\"https:\/\/www.starremedies.com\/wp-content\/uploads\/2016\/02\/anncallaghan.jpg 250w, https:\/\/www.starremedies.com\/wp-content\/uploads\/2016\/02\/anncallaghan-214x300.jpg 214w\" sizes=\"(max-width: 250px) 100vw, 250px\" \/>\t\t\t\t\t\t\n\t\t\t\t\t<\/div>\n\t\t\t\t\t\t\t\t\n<style>\n#image_207057042 {\n  width: 100%;\n}\n<\/style>\n\t<\/div>\n\t\n\t\t<\/div>\n\t\t\t\t\t<\/div>\n\n\t\n\n\t<div id=\"col-265397439\" class=\"col small-12 large-12\"  >\n\t\t\t\t<div class=\"col-inner\"  >\n\t\t\t\n\t\t\t\n<h3>Suelta el miedo - \u00a1Deja que entre el amor!<\/h3>\n<p>Las piedras preciosas utilizadas para las Esencias \u00cdndigo est\u00e1n todas relacionadas con temas de la infancia, especialmente ayudando a dejar ir el miedo, para que nos ayuden a ser amorosos sin preocupaciones y la luz que realmente somos.<\/p>\n\t\t<\/div>\n\t\t\t\t\n<style>\n#col-265397439 > .col-inner {\n  margin: 0px 0px 75px 0px;\n}\n<\/style>\n\t<\/div>\n\n\t\n<\/div>\n\t\t<\/div>\n\n\t\t\n<style>\n#section_178026841 {\n  padding-top: 30px;\n  padding-bottom: 30px;\n}\n<\/style>\n\t<\/section>\n\t\n\n\t<section class=\"section\" id=\"section_1378098479\">\n\t\t<div class=\"section-bg fill\" >\n\t\t\t\t\t\t\t\t\t\n\t\t\t\n\n\t\t<\/div>\n\n\t\t\n\n\t\t<div class=\"section-content relative\">\n\t\t\t\n<div class=\"row\"  id=\"row-1565325357\">\n\n\t<div id=\"col-867510973\" class=\"col small-12 large-12\"  >\n\t\t\t\t<div class=\"col-inner\"  >\n\t\t\t\n\t\t\t\n<div class=\"container section-title-container\" ><h2 class=\"section-title section-title-bold-center\"><b aria-hidden=\"true\"><\/b><span class=\"section-title-main\" >Indigo Essences - Visi\u00f3n general<\/span><b aria-hidden=\"true\"><\/b><\/h2><\/div>\n\t\t<\/div>\n\t\t\t\t\t<\/div>\n\n\t\n\n\t<div id=\"col-713745350\" class=\"col medium-4 small-12 large-4\"  >\n\t\t\t\t<div class=\"col-inner\"  >\n\t\t\t\n\t\t\t\n\t<div class=\"box has-hover   has-hover box-text-bottom\" >\n\n\t\t<div class=\"box-image\" style=\"width:60%;\">\n\t\t\t<a href=\"https:\/\/www.starremedies.com\/es\/brands\/indigoessences\/individual\/\" >\t\t\t<div class=\"image-cover\" style=\"padding-top:250px;\">\n\t\t\t\t<img decoding=\"async\" width=\"250\" height=\"250\" src=\"https:\/\/www.starremedies.com\/wp-content\/uploads\/2016\/02\/Azurite.jpg\" class=\"attachment-original size-original\" alt=\"\" srcset=\"https:\/\/www.starremedies.com\/wp-content\/uploads\/2016\/02\/Azurite.jpg 250w, https:\/\/www.starremedies.com\/wp-content\/uploads\/2016\/02\/Azurite-80x80.jpg 80w, https:\/\/www.starremedies.com\/wp-content\/uploads\/2016\/02\/Azurite-36x36.jpg 36w, https:\/\/www.starremedies.com\/wp-content\/uploads\/2016\/02\/Azurite-180x180.jpg 180w, https:\/\/www.starremedies.com\/wp-content\/uploads\/2016\/02\/Azurite-120x120.jpg 120w\" sizes=\"(max-width: 250px) 100vw, 250px\" \/>\t\t\t\t\t\t\t\t\t\t\t<\/div>\n\t\t\t<\/a>\t\t<\/div>\n\n\t\t<div class=\"box-text text-center\" >\n\t\t\t<div class=\"box-text-inner\">\n\t\t\t\t\n<h3>Esencias individuales<\/h3>\n<p>La serie New Child es una colecci\u00f3n de 16 esencias de piedras preciosas especialmente dise\u00f1adas para equilibrar los problemas relacionados con las experiencias de la primera infancia en relaci\u00f3n con la sensaci\u00f3n de inseguridad y de no ser querido.<\/p>\n\t\t\t<\/div>\n\t\t<\/div>\n\t<\/div>\n\t\n\t\t<\/div>\n\t\t\t\t\t<\/div>\n\n\t\n\n\t<div id=\"col-1908147176\" class=\"col medium-4 small-12 large-4\"  >\n\t\t\t\t<div class=\"col-inner\"  >\n\t\t\t\n\t\t\t\n\t<div class=\"box has-hover   has-hover box-text-bottom\" >\n\n\t\t<div class=\"box-image\" style=\"width:60%;\">\n\t\t\t<a href=\"https:\/\/www.starremedies.com\/es\/brands\/indigoessences\/combination\/\" >\t\t\t<div class=\"image-cover\" style=\"padding-top:250px;\">\n\t\t\t\t<img decoding=\"async\" width=\"250\" height=\"250\" src=\"https:\/\/www.starremedies.com\/wp-content\/uploads\/2016\/02\/Champion.jpg\" class=\"attachment-original size-original\" alt=\"\" srcset=\"https:\/\/www.starremedies.com\/wp-content\/uploads\/2016\/02\/Champion.jpg 250w, https:\/\/www.starremedies.com\/wp-content\/uploads\/2016\/02\/Champion-80x80.jpg 80w, https:\/\/www.starremedies.com\/wp-content\/uploads\/2016\/02\/Champion-36x36.jpg 36w, https:\/\/www.starremedies.com\/wp-content\/uploads\/2016\/02\/Champion-180x180.jpg 180w, https:\/\/www.starremedies.com\/wp-content\/uploads\/2016\/02\/Champion-120x120.jpg 120w\" sizes=\"(max-width: 250px) 100vw, 250px\" \/>\t\t\t\t\t\t\t\t\t\t\t<\/div>\n\t\t\t<\/a>\t\t<\/div>\n\n\t\t<div class=\"box-text text-center\" >\n\t\t\t<div class=\"box-text-inner\">\n\t\t\t\t\n<h3>Combination Essences<\/h3>\n<p>La combinaci\u00f3n de nombres de esencias son elegidos principalmente por Ben y Mica (11 y 10 a\u00f1os por aquel entonces). Son un \"Listo para usar\" que proporcionar\u00e1 apoyo emocional para la mayor\u00eda de las cosas que a menudo suceden a los ni\u00f1os<\/p>\n\t\t\t<\/div>\n\t\t<\/div>\n\t<\/div>\n\t\n\t\t<\/div>\n\t\t\t\t\t<\/div>\n\n\t\n\n\t<div id=\"col-1316276531\" class=\"col medium-4 small-12 large-4\"  >\n\t\t\t\t<div class=\"col-inner\"  >\n\t\t\t\n\t\t\t\n\t<div class=\"box has-hover   has-hover box-text-bottom\" >\n\n\t\t<div class=\"box-image\" style=\"width:60%;\">\n\t\t\t<a href=\"https:\/\/www.starremedies.com\/es\/brands\/indigoessences\/chrystalseries\/\" >\t\t\t<div class=\"image-cover\" style=\"padding-top:250px;\">\n\t\t\t\t<img decoding=\"async\" width=\"250\" height=\"250\" src=\"https:\/\/www.starremedies.com\/wp-content\/uploads\/2021\/08\/Bubble-of-Love1-1.jpg\" class=\"attachment-original size-original\" alt=\"\" srcset=\"https:\/\/www.starremedies.com\/wp-content\/uploads\/2021\/08\/Bubble-of-Love1-1.jpg 250w, https:\/\/www.starremedies.com\/wp-content\/uploads\/2021\/08\/Bubble-of-Love1-1-80x80.jpg 80w\" sizes=\"(max-width: 250px) 100vw, 250px\" \/>\t\t\t\t\t\t\t\t\t\t\t<\/div>\n\t\t\t<\/a>\t\t<\/div>\n\n\t\t<div class=\"box-text text-center\" >\n\t\t\t<div class=\"box-text-inner\">\n\t\t\t\t\n<h3>Serie Chrystal<\/h3>\n<p>La serie Chrystal es para apoyar a las personas sensibles que perciben muy intensamente y a veces se sienten abrumados por la energ\u00eda de otras personas y \/ o lugares.<\/p>\n\t\t\t<\/div>\n\t\t<\/div>\n\t<\/div>\n\t\n\t\t<\/div>\n\t\t\t\t\t<\/div>\n\n\t\n\n\t<div id=\"col-683844106\" class=\"col medium-4 small-12 large-4\"  >\n\t\t\t\t<div class=\"col-inner\"  >\n\t\t\t\n\t\t\t\n\t<div class=\"box has-hover   has-hover box-text-bottom\" >\n\n\t\t<div class=\"box-image\" style=\"width:60%;\">\n\t\t\t<a href=\"https:\/\/www.starremedies.com\/es\/brands\/indigoessences\/newenergy\/\" >\t\t\t<div class=\"image-cover\" style=\"padding-top:100%;\">\n\t\t\t\t<img decoding=\"async\" width=\"500\" height=\"500\" src=\"https:\/\/www.starremedies.com\/wp-content\/uploads\/2021\/08\/new-energy-set.jpg\" class=\"attachment-original size-original\" alt=\"\" srcset=\"https:\/\/www.starremedies.com\/wp-content\/uploads\/2021\/08\/new-energy-set.jpg 500w, https:\/\/www.starremedies.com\/wp-content\/uploads\/2021\/08\/new-energy-set-300x300.jpg 300w, https:\/\/www.starremedies.com\/wp-content\/uploads\/2021\/08\/new-energy-set-80x80.jpg 80w\" sizes=\"(max-width: 500px) 100vw, 500px\" \/>\t\t\t\t\t\t\t\t\t\t\t<\/div>\n\t\t\t<\/a>\t\t<\/div>\n\n\t\t<div class=\"box-text text-center\" >\n\t\t\t<div class=\"box-text-inner\">\n\t\t\t\t\n<h3>Serie Nueva Energ\u00eda<\/h3>\n<p>Las series New Energy no. 1 a 7 se realizaron en 2001 en el lugar llamado DragonHold.<\/p>\n\t\t\t<\/div>\n\t\t<\/div>\n\t<\/div>\n\t\n\t\t<\/div>\n\t\t\t\t\t<\/div>\n\n\t\n\n\t<div id=\"col-486437984\" class=\"col medium-4 small-12 large-4\"  >\n\t\t\t\t<div class=\"col-inner\"  >\n\t\t\t\n\t\t\t\n\t<div class=\"box has-hover   has-hover box-text-bottom\" >\n\n\t\t<div class=\"box-image\" style=\"width:60%;\">\n\t\t\t<a href=\"https:\/\/www.starremedies.com\/es\/brands\/indigoessences\/thegoldseries\/\" >\t\t\t<div class=\"image-cover\" style=\"padding-top:100%;\">\n\t\t\t\t<img decoding=\"async\" width=\"250\" height=\"250\" src=\"https:\/\/www.starremedies.com\/wp-content\/uploads\/2016\/02\/indigo.gif\" class=\"attachment-original size-original\" alt=\"\" \/>\t\t\t\t\t\t\t\t\t\t\t<\/div>\n\t\t\t<\/a>\t\t<\/div>\n\n\t\t<div class=\"box-text text-center\" >\n\t\t\t<div class=\"box-text-inner\">\n\t\t\t\t\n<h3>Serie Oro<\/h3>\n<p>Estas esencias est\u00e1n aqu\u00ed para acompa\u00f1arnos a medida que avanzamos hacia el amanecer dorado de un nuevo nivel de conciencia en el planeta tierra<\/p>\n\t\t\t<\/div>\n\t\t<\/div>\n\t<\/div>\n\t\n\t\t<\/div>\n\t\t\t\t\t<\/div>\n\n\t\n\n\t<div id=\"col-1074697556\" class=\"col medium-4 small-12 large-4\"  >\n\t\t\t\t<div class=\"col-inner\"  >\n\t\t\t\n\t\t\t\n\t<div class=\"box has-hover   has-hover box-text-bottom\" >\n\n\t\t<div class=\"box-image\" style=\"width:78%;\">\n\t\t\t<a href=\"https:\/\/www.starremedies.com\/es\/brands\/indigoessences\/pinkessenceblends\/\" >\t\t\t<div class=\"\" >\n\t\t\t\t<img decoding=\"async\" width=\"316\" height=\"247\" src=\"https:\/\/www.starremedies.com\/wp-content\/uploads\/2016\/02\/indigo-pink.gif\" class=\"attachment-original size-original\" alt=\"\" \/>\t\t\t\t\t\t\t\t\t\t\t<\/div>\n\t\t\t<\/a>\t\t<\/div>\n\n\t\t<div class=\"box-text text-center\" >\n\t\t\t<div class=\"box-text-inner\">\n\t\t\t\t\n<h3>Mezclas de esencias rosas<\/h3>\n<p>Un conjunto de cuatro mezclas de esencias para ayudarte a hacer los preparativos finales para tu cambio de conciencia.<\/p>\n\t\t\t<\/div>\n\t\t<\/div>\n\t<\/div>\n\t\n\t\t<\/div>\n\t\t\t\t\t<\/div>\n\n\t\n\n\t<div id=\"col-113958683\" class=\"col small-12 large-12\"  >\n\t\t\t\t<div class=\"col-inner\"  >\n\t\t\t\n\t\t\t\n\t<div id=\"gap-1072491840\" class=\"gap-element clearfix\" style=\"display:block; height:auto;\">\n\t\t\n<style>\n#gap-1072491840 {\n  padding-top: 75px;\n}\n<\/style>\n\t<\/div>\n\t\n<div class=\"is-divider divider clearfix\" style=\"max-width:100%;height:1px;\"><\/div>\n\t<div id=\"gap-832149700\" class=\"gap-element clearfix\" style=\"display:block; height:auto;\">\n\t\t\n<style>\n#gap-832149700 {\n  padding-top: 75px;\n}\n<\/style>\n\t<\/div>\n\t\n\t\t<\/div>\n\t\t\t\t\t<\/div>\n\n\t\n\n\t<div id=\"col-504791072\" class=\"col medium-4 small-12 large-4\"  >\n\t\t\t\t<div class=\"col-inner\"  >\n\t\t\t\n\t\t\t\n<h3>\u00a1apoyo emocional!<\/h3>\n<p>Las Esencias \u00cdndigo pueden ayudar con \u00e9xito a toda la familia para guiarla en los momentos dif\u00edciles. Y por \u00faltimo, \u00a1divi\u00e9rtase un poco! Si te pones muy tenso, echa un vistazo a la combinaci\u00f3n Esencia Plurk.<\/p>\n\t\t<\/div>\n\t\t\t\t\t<\/div>\n\n\t\n\n\t<div id=\"col-735257564\" class=\"col medium-4 small-12 large-4\"  >\n\t\t\t\t<div class=\"col-inner\"  >\n\t\t\t\n\t\t\t\n<h3>Luz<\/h3>\n<p>Algunas de las Esencias tambi\u00e9n ayudar\u00e1n con las sensaciones desagradables cuando nuestro cuerpo cambia de energ\u00eda y se vuelve m\u00e1s ligero.<\/p>\n\t\t<\/div>\n\t\t\t\t\t<\/div>\n\n\t\n\n\t<div id=\"col-1150880778\" class=\"col medium-4 small-12 large-4\"  >\n\t\t\t\t<div class=\"col-inner\"  >\n\t\t\t\n\t\t\t\n<h3>fealing save<\/h3>\n<p>Las esencias ayudar\u00e1n a los ni\u00f1os muy sensibles a sentirse seguros y c\u00f3modos mientras sus cuerpos se adaptan a las energ\u00edas del mundo que les rodea.<\/p>\n\t\t<\/div>\n\t\t\t\t\t<\/div>\n\n\t\n\n\t<div id=\"col-1867675983\" class=\"col small-12 large-12\"  >\n\t\t\t\t<div class=\"col-inner\"  >\n\t\t\t\n\t\t\t\n\t<div id=\"gap-1424000130\" class=\"gap-element clearfix\" style=\"display:block; height:auto;\">\n\t\t\n<style>\n#gap-1424000130 {\n  padding-top: 75px;\n}\n<\/style>\n\t<\/div>\n\t\n<div class=\"is-divider divider clearfix\" style=\"max-width:100%;height:1px;\"><\/div>\n\t<div id=\"gap-244839621\" class=\"gap-element clearfix\" style=\"display:block; height:auto;\">\n\t\t\n<style>\n#gap-244839621 {\n  padding-top: 75px;\n}\n<\/style>\n\t<\/div>\n\t\n\t\t<\/div>\n\t\t\t\t\t<\/div>\n\n\t\n\n\t<div id=\"col-164442691\" class=\"col small-12 large-12\"  >\n\t\t\t\t<div class=\"col-inner\"  >\n\t\t\t\n\t\t\t\n<h2>Comprar Esencias \u00cdndigo<\/h2>\n<p>Las Esencias \u00cdndigo pueden encargarse por separado en <a href=\"https:\/\/www.starremediesshop.com\/es\/indigoessences\/\" target=\"_blank\" rel=\"noopener\">starremediesshop.com<\/a><\/p>\n<p>Eres Empresario, profesional o terapeuta, y est\u00e1s interesado en los productos de Star Remedies. <a href=\"https:\/\/www.starremedies.com\/es\/companies\/\">Inscr\u00edbase a trav\u00e9s del formulario de inscripci\u00f3n para empresas<\/a> y para terapeutas y profesionales, <a href=\"https:\/\/www.starremedies.com\/es\/companies\/\">formulario de inscripci\u00f3n para profesionales<\/a>.<\/p>\n\t\t<\/div>\n\t\t\t\t\n<style>\n#col-164442691 > .col-inner {\n  padding: 0px 0px 75px 0px;\n}\n<\/style>\n\t<\/div>\n\n\t\n<\/div>\n\t\t<\/div>\n\n\t\t\n<style>\n#section_1378098479 {\n  padding-top: 0px;\n  padding-bottom: 0px;\n}\n<\/style>\n\t<\/section>","protected":false},"excerpt":{"rendered":"","protected":false},"author":1,"featured_media":0,"parent":4107,"menu_order":0,"comment_status":"closed","ping_status":"closed","template":"page-blank.php","meta":{"footnotes":""},"class_list":["post-3741","page","type-page","status-publish","hentry"],"yoast_head":"<!-- This site is optimized with the Yoast SEO plugin v27.4 - https:\/\/yoast.com\/product\/yoast-seo-wordpress\/ -->\n<title>Indigo Essences for children by Ann Callaghan - Star Remedies<\/title>\n<meta name=\"description\" content=\"Indigo Essences voor kinderen worden gemaakt door Ann Callaghan in Ierland. De essences zijn de perfecte emotionele ondersteuning voor hoog sensitieve mensen.\" \/>\n<meta name=\"robots\" content=\"index, follow, max-snippet:-1, max-image-preview:large, max-video-preview:-1\" \/>\n<link rel=\"canonical\" href=\"https:\/\/www.starremedies.com\/es\/brands\/indigoessences\/\" \/>\n<meta property=\"og:locale\" content=\"es_ES\" \/>\n<meta property=\"og:type\" content=\"article\" \/>\n<meta property=\"og:title\" content=\"Indigo Essences for children by Ann Callaghan - Star Remedies\" \/>\n<meta property=\"og:description\" content=\"Indigo Essences voor kinderen worden gemaakt door Ann Callaghan in Ierland. De essences zijn de perfecte emotionele ondersteuning voor hoog sensitieve mensen.\" \/>\n<meta property=\"og:url\" content=\"https:\/\/www.starremedies.com\/es\/brands\/indigoessences\/\" \/>\n<meta property=\"og:site_name\" content=\"Star Remedies\" \/>\n<meta property=\"article:publisher\" content=\"https:\/\/www.facebook.com\/starremedies\/\" \/>\n<meta property=\"article:modified_time\" content=\"2025-02-04T12:43:02+00:00\" \/>\n<meta name=\"twitter:card\" content=\"summary_large_image\" \/>\n<script type=\"application\/ld+json\" class=\"yoast-schema-graph\">{\"@context\":\"https:\\\/\\\/schema.org\",\"@graph\":[{\"@type\":\"WebPage\",\"@id\":\"https:\\\/\\\/www.starremedies.com\\\/brands\\\/indigoessences\\\/\",\"url\":\"https:\\\/\\\/www.starremedies.com\\\/brands\\\/indigoessences\\\/\",\"name\":\"Indigo Essences for children by Ann Callaghan - Star Remedies\",\"isPartOf\":{\"@id\":\"https:\\\/\\\/www.starremedies.com\\\/#website\"},\"datePublished\":\"2016-02-21T16:42:04+00:00\",\"dateModified\":\"2025-02-04T12:43:02+00:00\",\"description\":\"Indigo Essences voor kinderen worden gemaakt door Ann Callaghan in Ierland. De essences zijn de perfecte emotionele ondersteuning voor hoog sensitieve mensen.\",\"breadcrumb\":{\"@id\":\"https:\\\/\\\/www.starremedies.com\\\/brands\\\/indigoessences\\\/#breadcrumb\"},\"inLanguage\":\"es\",\"potentialAction\":[{\"@type\":\"ReadAction\",\"target\":[\"https:\\\/\\\/www.starremedies.com\\\/brands\\\/indigoessences\\\/\"]}]},{\"@type\":\"BreadcrumbList\",\"@id\":\"https:\\\/\\\/www.starremedies.com\\\/brands\\\/indigoessences\\\/#breadcrumb\",\"itemListElement\":[{\"@type\":\"ListItem\",\"position\":1,\"name\":\"Home\",\"item\":\"https:\\\/\\\/www.starremedies.com\\\/\"},{\"@type\":\"ListItem\",\"position\":2,\"name\":\"Our Brands\",\"item\":\"https:\\\/\\\/www.starremedies.com\\\/brands\\\/\"},{\"@type\":\"ListItem\",\"position\":3,\"name\":\"Indigo Essences for children by Ann Callaghan\"}]},{\"@type\":\"WebSite\",\"@id\":\"https:\\\/\\\/www.starremedies.com\\\/#website\",\"url\":\"https:\\\/\\\/www.starremedies.com\\\/\",\"name\":\"Star Remedies\",\"description\":\"\",\"publisher\":{\"@id\":\"https:\\\/\\\/www.starremedies.com\\\/#organization\"},\"potentialAction\":[{\"@type\":\"SearchAction\",\"target\":{\"@type\":\"EntryPoint\",\"urlTemplate\":\"https:\\\/\\\/www.starremedies.com\\\/?s={search_term_string}\"},\"query-input\":{\"@type\":\"PropertyValueSpecification\",\"valueRequired\":true,\"valueName\":\"search_term_string\"}}],\"inLanguage\":\"es\"},{\"@type\":\"Organization\",\"@id\":\"https:\\\/\\\/www.starremedies.com\\\/#organization\",\"name\":\"Star Remedies\",\"url\":\"https:\\\/\\\/www.starremedies.com\\\/\",\"logo\":{\"@type\":\"ImageObject\",\"inLanguage\":\"es\",\"@id\":\"https:\\\/\\\/www.starremedies.com\\\/#\\\/schema\\\/logo\\\/image\\\/\",\"url\":\"https:\\\/\\\/www.starremedies.com\\\/wp-content\\\/uploads\\\/2016\\\/02\\\/srl.gif\",\"contentUrl\":\"https:\\\/\\\/www.starremedies.com\\\/wp-content\\\/uploads\\\/2016\\\/02\\\/srl.gif\",\"width\":250,\"height\":250,\"caption\":\"Star Remedies\"},\"image\":{\"@id\":\"https:\\\/\\\/www.starremedies.com\\\/#\\\/schema\\\/logo\\\/image\\\/\"},\"sameAs\":[\"https:\\\/\\\/www.facebook.com\\\/starremedies\\\/\",\"https:\\\/\\\/www.instagram.com\\\/starremedies\\\/\"]}]}<\/script>\n<!-- \/ Yoast SEO plugin. -->","yoast_head_json":{"title":"Esencias \u00cdndigo para ni\u00f1os por Ann Callaghan - Star Remedies","description":"Las Esencias Indigo para ni\u00f1os han sido creadas por Ann Callaghan en Irlanda. Las esencias son el complemento emocional perfecto para las personas muy sensibles.","robots":{"index":"index","follow":"follow","max-snippet":"max-snippet:-1","max-image-preview":"max-image-preview:large","max-video-preview":"max-video-preview:-1"},"canonical":"https:\/\/www.starremedies.com\/es\/brands\/indigoessences\/","og_locale":"es_ES","og_type":"article","og_title":"Indigo Essences for children by Ann Callaghan - Star Remedies","og_description":"Indigo Essences voor kinderen worden gemaakt door Ann Callaghan in Ierland. De essences zijn de perfecte emotionele ondersteuning voor hoog sensitieve mensen.","og_url":"https:\/\/www.starremedies.com\/es\/brands\/indigoessences\/","og_site_name":"Star Remedies","article_publisher":"https:\/\/www.facebook.com\/starremedies\/","article_modified_time":"2025-02-04T12:43:02+00:00","twitter_card":"summary_large_image","schema":{"@context":"https:\/\/schema.org","@graph":[{"@type":"WebPage","@id":"https:\/\/www.starremedies.com\/brands\/indigoessences\/","url":"https:\/\/www.starremedies.com\/brands\/indigoessences\/","name":"Esencias \u00cdndigo para ni\u00f1os por Ann Callaghan - Star Remedies","isPartOf":{"@id":"https:\/\/www.starremedies.com\/#website"},"datePublished":"2016-02-21T16:42:04+00:00","dateModified":"2025-02-04T12:43:02+00:00","description":"Las Esencias Indigo para ni\u00f1os han sido creadas por Ann Callaghan en Irlanda. Las esencias son el complemento emocional perfecto para las personas muy sensibles.","breadcrumb":{"@id":"https:\/\/www.starremedies.com\/brands\/indigoessences\/#breadcrumb"},"inLanguage":"es","potentialAction":[{"@type":"ReadAction","target":["https:\/\/www.starremedies.com\/brands\/indigoessences\/"]}]},{"@type":"BreadcrumbList","@id":"https:\/\/www.starremedies.com\/brands\/indigoessences\/#breadcrumb","itemListElement":[{"@type":"ListItem","position":1,"name":"Home","item":"https:\/\/www.starremedies.com\/"},{"@type":"ListItem","position":2,"name":"Our Brands","item":"https:\/\/www.starremedies.com\/brands\/"},{"@type":"ListItem","position":3,"name":"Indigo Essences for children by Ann Callaghan"}]},{"@type":"WebSite","@id":"https:\/\/www.starremedies.com\/#website","url":"https:\/\/www.starremedies.com\/","name":"Remedios estrella","description":"","publisher":{"@id":"https:\/\/www.starremedies.com\/#organization"},"potentialAction":[{"@type":"SearchAction","target":{"@type":"EntryPoint","urlTemplate":"https:\/\/www.starremedies.com\/?s={search_term_string}"},"query-input":{"@type":"PropertyValueSpecification","valueRequired":true,"valueName":"search_term_string"}}],"inLanguage":"es"},{"@type":"Organization","@id":"https:\/\/www.starremedies.com\/#organization","name":"Remedios estrella","url":"https:\/\/www.starremedies.com\/","logo":{"@type":"ImageObject","inLanguage":"es","@id":"https:\/\/www.starremedies.com\/#\/schema\/logo\/image\/","url":"https:\/\/www.starremedies.com\/wp-content\/uploads\/2016\/02\/srl.gif","contentUrl":"https:\/\/www.starremedies.com\/wp-content\/uploads\/2016\/02\/srl.gif","width":250,"height":250,"caption":"Star Remedies"},"image":{"@id":"https:\/\/www.starremedies.com\/#\/schema\/logo\/image\/"},"sameAs":["https:\/\/www.facebook.com\/starremedies\/","https:\/\/www.instagram.com\/starremedies\/"]}]}},"_links":{"self":[{"href":"https:\/\/www.starremedies.com\/es\/wp-json\/wp\/v2\/pages\/3741","targetHints":{"allow":["GET"]}}],"collection":[{"href":"https:\/\/www.starremedies.com\/es\/wp-json\/wp\/v2\/pages"}],"about":[{"href":"https:\/\/www.starremedies.com\/es\/wp-json\/wp\/v2\/types\/page"}],"author":[{"embeddable":true,"href":"https:\/\/www.starremedies.com\/es\/wp-json\/wp\/v2\/users\/1"}],"replies":[{"embeddable":true,"href":"https:\/\/www.starremedies.com\/es\/wp-json\/wp\/v2\/comments?post=3741"}],"version-history":[{"count":11,"href":"https:\/\/www.starremedies.com\/es\/wp-json\/wp\/v2\/pages\/3741\/revisions"}],"predecessor-version":[{"id":27934,"href":"https:\/\/www.starremedies.com\/es\/wp-json\/wp\/v2\/pages\/3741\/revisions\/27934"}],"up":[{"embeddable":true,"href":"https:\/\/www.starremedies.com\/es\/wp-json\/wp\/v2\/pages\/4107"}],"wp:attachment":[{"href":"https:\/\/www.starremedies.com\/es\/wp-json\/wp\/v2\/media?parent=3741"}],"curies":[{"name":"wp","href":"https:\/\/api.w.org\/{rel}","templated":true}]}}