{"id":3602,"date":"2016-02-21T12:15:39","date_gmt":"2016-02-21T11:15:39","guid":{"rendered":"https:\/\/www.starremedies.com\/?page_id=3602"},"modified":"2025-02-06T10:45:33","modified_gmt":"2025-02-06T09:45:33","slug":"bachflowersbydietmarkramer","status":"publish","type":"page","link":"https:\/\/www.starremedies.com\/es\/bachflowersbydietmarkramer\/","title":{"rendered":"Las interrelaciones entre las flores de bach por Dietmar Kr\u00e4mer"},"content":{"rendered":"<section class=\"section section_breadcrumbs\" id=\"section_663699622\">\n\t\t<div class=\"section-bg fill\" >\n\t\t\t\t\t\t\t\t\t\n\t\t\t\n\n\t\t<\/div>\n\n\t\t\n\n\t\t<div class=\"section-content relative\">\n\t\t\t\n<div class=\"row breadcrumbs-row\"  id=\"row-427628701\">\n\n\t<div id=\"col-1672528950\" class=\"col small-12 large-12\"  >\n\t\t\t\t<div class=\"col-inner\"  >\n\t\t\t\n\t\t\t\n\t<div id=\"text-1467381627\" class=\"text breadcrumbs\">\n\t\t\n<span><span><a href=\"https:\/\/www.starremedies.com\/es\/\">Inicio<\/a><\/span><\/span>\n\t\t\t<\/div>\n\t\n\t\t<\/div>\n\t\t\t\t\t<\/div>\n\n\t\n\n<style>\n#row-427628701 > .col > .col-inner {\n  padding: 0px 0px 0px 0px;\n}\n<\/style>\n<\/div>\n\t\t<\/div>\n\n\t\t\n<style>\n#section_663699622 {\n  padding-top: 0px;\n  padding-bottom: 0px;\n  margin-bottom: 0px;\n}\n<\/style>\n\t<\/section>\n\t\n\n\t<section class=\"section products_row\" id=\"section_645724677\">\n\t\t<div class=\"section-bg fill\" >\n\t\t\t\t\t\t\t\t\t\n\t\t\t\n\n\t\t<\/div>\n\n\t\t\n\n\t\t<div class=\"section-content relative\">\n\t\t\t\n<div class=\"row align-middle align-center\"  id=\"row-1048241519\">\n\n\t<div id=\"col-1804033594\" class=\"col medium-2 small-12 large-2\"  >\n\t\t\t\t<div class=\"col-inner text-center\"  >\n\t\t\t\n\t\t\t\n\t<div class=\"img has-hover x md-x lg-x y md-y lg-y\" id=\"image_359827658\">\n\t\t\t\t\t\t\t\t<div class=\"img-inner dark\" >\n\t\t\t<img decoding=\"async\" width=\"90\" height=\"124\" src=\"https:\/\/www.starremedies.com\/wp-content\/uploads\/2016\/02\/Foto_1.jpg\" class=\"attachment-original size-original\" alt=\"\" \/>\t\t\t\t\t\t\n\t\t\t\t\t<\/div>\n\t\t\t\t\t\t\t\t\n<style>\n#image_359827658 {\n  width: 100%;\n}\n<\/style>\n\t<\/div>\n\t\n\t\t<\/div>\n\t\t\t\t\t<\/div>\n\n\t\n\n\t<div id=\"col-1307671174\" class=\"col small-12 large-12\"  >\n\t\t\t\t<div class=\"col-inner text-center\"  >\n\t\t\t\n\t\t\t\n\t<div id=\"text-4215786923\" class=\"text\">\n\t\t\n<h1>LAS INTERRELACIONES ENTRE LAS FLORES DE BACH POR DIETMAR KR\u00c4MER<\/h1>\n\t\t\n<style>\n#text-4215786923 {\n  text-align: center;\n}\n<\/style>\n\t<\/div>\n\t\n\t\t<\/div>\n\t\t\t\t\t<\/div>\n\n\t\n<\/div>\n\t\t<\/div>\n\n\t\t\n<style>\n#section_645724677 {\n  padding-top: 30px;\n  padding-bottom: 30px;\n  background-color: rgb(247, 247, 247);\n}\n<\/style>\n\t<\/section>\n\t\n\n\t<section class=\"section\" id=\"section_629863213\">\n\t\t<div class=\"section-bg fill\" >\n\t\t\t\t\t\t\t\t\t\n\t\t\t\n\n\t\t<\/div>\n\n\t\t\n\n\t\t<div class=\"section-content relative\">\n\t\t\t\n<div class=\"row\"  id=\"row-803359736\">\n\n\t<div id=\"col-1297345689\" class=\"col small-12 large-12\"  >\n\t\t\t\t<div class=\"col-inner\"  >\n\t\t\t\n\t\t\t\n<h2 style=\"text-align: center;\">Relaciones, diagn\u00f3stico y aplicaci\u00f3n<\/h2>\n<h3>Las relaciones entre los elixires florales de bach y las zonas de la piel<\/h3>\n<p>Tras a\u00f1os de investigaci\u00f3n, Dietmar Kr\u00e4mer ha dividido el cuerpo en 243 zonas cut\u00e1neas, cada una de las cuales corresponde a una esencia floral de Bach. Edward Bach ya trataba a los pacientes con compresas con flores de Bach. Bach pens\u00f3 que el m\u00e9todo deb\u00eda ser lo m\u00e1s sencillo posible. \"Cuando tengo hambre, voy al jard\u00edn y cojo un cogollo de lechuga. Si tengo miedo, tomo una dosis de Mimulus\". La terapia de zona cut\u00e1nea de las flores de Bach facilita a\u00fan m\u00e1s el tratamiento. Las esencias elegibles pueden leerse directamente en el cuerpo, s\u00f3lo en funci\u00f3n de la localizaci\u00f3n de las dolencias. Regularmente vienen personas que experimentan un \"intestino esp\u00e1stico\", que dan un lugar desagradable en el lado izquierdo del abdomen. La zona de la piel es Mimulus. Tratando por ejemplo con compresas o crema en este lugar, el lugar desagradable desaparece y la persona no experimenta m\u00e1s problemas con los intestinos.<\/p>\n<div class=\"is-divider divider clearfix\" style=\"margin-top:35px;margin-bottom:35px;\"><\/div>\n<h3>La relaci\u00f3n entre los elixires florales de Bach y los meridianos<\/h3>\n<p>Al tomar esporas completas, a menudo se produc\u00edan reacciones que no pod\u00edan explicarse por la teor\u00eda de la terapia floral de Bach, sino por la teor\u00eda de la acupuntura y la teor\u00eda de la homeopat\u00eda. Dietmar Kr\u00e4mer investiga sistem\u00e1ticamente las consecuencias que conllevaba la ingesta de las esporas completas. Observ\u00f3, por ejemplo, que los estados de \u00e1nimo negativos segu\u00edan empeorando a pesar de tomar las esencias adecuadas, una reacci\u00f3n que s\u00f3lo conoce la homeopat\u00eda. Por ejemplo, se produc\u00eda una mejor\u00eda en una afecci\u00f3n de Olivo cuando se tomaba Olivo e Impatiens; con la ingesta simult\u00e1nea de Impatiens, Olivo y Roble, la situaci\u00f3n empeoraba. Si nos fijamos en la similitud entre el rastro de Impatiens y el meridiano del h\u00edgado, una indicaci\u00f3n importante de este meridiano es: estados de agotamiento, mientras que el rastro de Impatiens puede describirse brevemente como el rastro floral de la sobrecarga f\u00edsica y el robo del cuerpo. Quedar\u00e1 claro que nunca se puede tomar una sola pista, sino s\u00f3lo una combinaci\u00f3n de pistas con las esencias externas seg\u00fan el Ciclo de los Cambios.<\/p>\n<p>Las 38 concepciones an\u00edmicas negativas arquet\u00edpicas descritas por el Dr. Bach tambi\u00e9n se aplican a otros niveles de eficacia terap\u00e9utica. Tras muchas investigaciones, Kr\u00e4mer descubri\u00f3 que 38 piedras preciosas act\u00faan a nivel mental y 38 aceites esenciales a nivel emocional. Los diferentes cuerpos del hombre y los m\u00e9todos curativos que act\u00faan sobre ellos.<\/p>\n<div class=\"is-divider divider clearfix\" style=\"margin-top:35px;margin-bottom:35px;\"><\/div>\n<h3>La relaci\u00f3n entre las esencias florales de bach y los chakras<\/h3>\n<p>Se ha descubierto que los chakras controlan el ciclo de control de la energ\u00eda en los meridianos: \u00e9ste es un aspecto a\u00fan por descubrir de la funci\u00f3n de los chakras. Por ello, el Dr. Bach ha buscado una cura para las enfermedades cr\u00f3nicas. El m\u00e9todo Dietmar Kr\u00e4mer trata las dolencias cr\u00f3nicas. Las posibilidades con los remedios parecen realmente ilimitadas. Tambi\u00e9n se afirma a menudo.... Si tienes una profunda melancol\u00eda sin causa reconocible, puedes tomar esas y esas esencias. El largo tiempo que he trabajado con esencias me ha demostrado que hay 19 estados de \u00e1nimo de los que puede provenir una profunda melancol\u00eda sin causa reconocible. Por lo tanto, una historia buena y anal\u00edtica es tambi\u00e9n muy importante. Yo mismo soy su colaborador y juntos hemos creado el C.I.N.T., el centro internacional de nuevas terapias, y se imparten cursos de formaci\u00f3n en Alemania, Austria, Suiza, Italia, Pa\u00edses Bajos y B\u00e9lgica.<\/p>\n<div class=\"is-divider divider clearfix\" style=\"margin-top:35px;margin-bottom:35px;\"><\/div>\n<h3>Tener en cuenta las relaciones entre las flores<\/h3>\n<p>Las relaciones entre las flores permiten determinar qu\u00e9 flor cubre el lado superficial de una dolencia y cu\u00e1l la causa m\u00e1s profunda. De este modo se establece una clasificaci\u00f3n jer\u00e1rquica que determina la terapia futura. Se trata de una herramienta muy importante, sobre todo cuando el paciente necesita aparentemente un gran n\u00famero de flores y no sabe por d\u00f3nde empezar. Si se han eliminado las molestias reales, entonces se puede utilizar esta clasificaci\u00f3n para averiguar qu\u00e9 conceptos negativos ocultos del alma han conducido a las molestias existentes. De este modo podemos, si se desea, continuar la terapia con el objetivo de expandir la conciencia.<\/p>\n<div class=\"is-divider divider clearfix\" style=\"margin-top:35px;margin-bottom:35px;\"><\/div>\n<h3>Diagn\u00f3stico seg\u00fan las zonas cut\u00e1neas de las flores de bach<\/h3>\n<p>Cada flor est\u00e1 asociada a zonas de la piel, comparables a las zonas reflejas de los pies. En estados de \u00e1nimo negativos, se producen cambios en la estructura energ\u00e9tica en esos lugares, a menudo acompa\u00f1ados de dolor o trastornos de la sensibilidad. De este modo, podemos hacer diagn\u00f3sticos florales bas\u00e1ndonos exclusivamente en la localizaci\u00f3n.<\/p>\n<div class=\"is-divider divider clearfix\" style=\"margin-top:35px;margin-bottom:35px;\"><\/div>\n<h3>Aplicaciones de las flores de bach sobre la piel<\/h3>\n<p>Aplicando directamente las flores correspondientes (en composici\u00f3n diluida) en las zonas alteradas, podemos aumentar considerablemente el efecto de las flores. De este modo, no s\u00f3lo los estados de \u00e1nimo negativos se recuperan mucho m\u00e1s r\u00e1pido que con la toma de gotas, sino que tambi\u00e9n las molestias f\u00edsicas suelen desaparecer inmediatamente despu\u00e9s de aplicar las flores sobre la piel. Por lo tanto, la terapia floral de Bach no es s\u00f3lo higiene del alma para la \"armonizaci\u00f3n de la psique\", como se suele recomendar, sino tambi\u00e9n una terapia para el tratamiento de dolencias f\u00edsicas.<\/p>\n<div class=\"is-divider divider clearfix\" style=\"margin-top:35px;margin-bottom:35px;\"><\/div>\n<h3>Opciones de diagn\u00f3stico objetivo<\/h3>\n<p>Existen correspondencias de gesti\u00f3n entre las pistas de las flores de Bach, por una parte, que resultan de las relaciones mutuas entre las flores de Bach, y los meridianos de acupuntura, por otra. En definitiva, los meridianos y las v\u00edas de las flores de Bach son manifestaciones del mismo principio, pero en dos niveles vibratorios diferentes. Este hecho proporciona toda una serie de nuevas opciones diagn\u00f3sticas y terap\u00e9uticas. Por ejemplo, podemos deducir del curso del meridiano qu\u00e9 v\u00edas florales necesitamos. Lo mismo ocurre con el reloj meridiano chino, que ofrece puntos de partida para elegir las flores de Bach adecuadas en el caso de dolencias que se presentan en un momento determinado. Con la ayuda de los nuevos puntos de prueba y terapia en las l\u00edneas lunares descubiertos por Dietmar Kramer, los hom\u00f3logos de los meridianos de acupuntura a un nivel material a\u00fan m\u00e1s fino, podemos realizar un diagn\u00f3stico objetivo de las flores de Bach, especialmente en los casos m\u00e1s dif\u00edciles de diagnosticar. De este modo, no s\u00f3lo los estados de \u00e1nimo negativos se recuperan mucho m\u00e1s r\u00e1pido que con la toma de gotas, sino que tambi\u00e9n las dolencias f\u00edsicas suelen desaparecer m\u00e1s r\u00e1pidamente tras la aplicaci\u00f3n de las flores sobre la piel.<\/p>\n\t\t<\/div>\n\t\t\t\t\t<\/div>\n\n\t\n<\/div>\n<div class=\"row\"  id=\"row-382287434\">\n\n\t<div id=\"col-1546866928\" class=\"col medium-6 small-12 large-3\"  >\n\t\t\t\t<div class=\"col-inner\"  >\n\t\t\t\n\t\t\t\n<h4>Soportes con<\/h4>\n<ul>\n<li>Quejas emocionales<\/li>\n<li>Problemas con el cambio<\/li>\n<li>Adaptarse a nuevas situaciones<\/li>\n<li>Miedo con causa conocida y desconocida<\/li>\n<li>Sobrecarga emocional<\/li>\n<li>Autoimagen personal negativa<\/li>\n<li>Traumas emocionales<\/li>\n<\/ul>\n\t\t<\/div>\n\t\t\t\t\t<\/div>\n\n\t\n\n\t<div id=\"col-540332217\" class=\"col medium-6 small-12 large-3\"  >\n\t\t\t\t<div class=\"col-inner\"  >\n\t\t\t\n\t\t\t\n<h4>Tratamiento y resultado<\/h4>\n<p>Abordar los desequilibrios emocionales acumulados a lo largo de los a\u00f1os no desaparece en cuesti\u00f3n de d\u00edas. La regla que se utiliza es el n\u00famero de a\u00f1os que te molesta algo, el n\u00famero de meses que tarda en resolverse el problema.<\/p>\n\t\t<\/div>\n\t\t\t\t\t<\/div>\n\n\t\n\n\t<div id=\"col-1106763402\" class=\"col medium-6 small-12 large-3\"  >\n\t\t\t\t<div class=\"col-inner\"  >\n\t\t\t\n\t\t\t\n<h4>Anamnesis<\/h4>\n<p>Siempre es importante hacer un buen diagn\u00f3stico y evaluar as\u00ed la causa de los problemas emocionales. Esto permite trabajar a fondo con las emociones y resolver los problemas emocionales existentes.<\/p>\n\t\t<\/div>\n\t\t\t\t\t<\/div>\n\n\t\n\n\t<div id=\"col-2072452358\" class=\"col medium-6 small-12 large-3\"  >\n\t\t\t\t<div class=\"col-inner\"  >\n\t\t\t\n\t\t\t\n<h4>Centrarse en las personas<\/h4>\n<p>Con la terapia floral de bach, las personas son el centro y no el s\u00edntoma. Las esencias de Bach son capaces de abordar los problemas subyacentes del desequilibrio. Las esencias florales de Bach y la terapia floral de Bach transforman los estados de \u00e1nimo negativos en cualidades positivas.<\/p>\n\t\t<\/div>\n\t\t\t\t\t<\/div>\n\n\t\n\n\t<div id=\"col-1542774854\" class=\"col small-12 large-12\"  >\n\t\t\t\t<div class=\"col-inner\"  >\n\t\t\t\n\t\t\t\n<div class=\"message-box relative dark\" style=\"padding-top:10px;padding-bottom:10px;\"><div class=\"message-box-bg-image bg-fill fill\" ><\/div><div class=\"message-box-bg-overlay bg-fill fill\" style=\"background-color:rgb(87, 117, 53);\"><\/div><div class=\"container relative\"><div class=\"inner last-reset\">\n<div class=\"row align-middle align-center\"  id=\"row-1319986048\">\n\n\t<div id=\"col-891554966\" class=\"col medium-2 small-12 large-2\"  >\n\t\t\t\t<div class=\"col-inner text-center\"  >\n\t\t\t\n\t\t\t\n<p><span style=\"font-size: 500%;\">!<\/span><\/p>\n\t\t<\/div>\n\t\t\t\t\t<\/div>\n\n\t\n\n\t<div id=\"col-342333626\" class=\"col medium-9 small-12 large-9\"  >\n\t\t\t\t<div class=\"col-inner\"  >\n\t\t\t\n\t\t\t\n<p><strong>LOS ELIXIRES FLORALES DE BACH Y LA TERAPIA FLORAL DE BACH NO SUSTITUYEN AL M\u00c9DICO O AL ESPECIALISTA. SIEMPRE ES NECESARIO CONSULTAR PRIMERO A SU M\u00c9DICO.<\/strong><\/p>\n\t\t<\/div>\n\t\t\t\t\t<\/div>\n\n\t\n<\/div>\n<\/div><\/div><\/div>\n\t\t<\/div>\n\t\t\t\t\t<\/div>\n\n\t\n<\/div>\n\t\t<\/div>\n\n\t\t\n<style>\n#section_629863213 {\n  padding-top: 30px;\n  padding-bottom: 30px;\n}\n<\/style>\n\t<\/section>","protected":false},"excerpt":{"rendered":"","protected":false},"author":1,"featured_media":0,"parent":0,"menu_order":0,"comment_status":"closed","ping_status":"closed","template":"page-blank.php","meta":{"footnotes":""},"class_list":["post-3602","page","type-page","status-publish","hentry"],"yoast_head":"<!-- This site is optimized with the Yoast SEO plugin v27.6 - https:\/\/yoast.com\/product\/yoast-seo-wordpress\/ -->\n<title>The interrelationships between bach flowers by Dietmar Kr\u00e4mer - Star Remedies<\/title>\n<meta name=\"description\" content=\"The relationships between the Bach flowers. After years of research, Dietmar Kr\u00e4mer has divided the body into 243 bach flower body map zones.\" \/>\n<meta name=\"robots\" content=\"index, follow, max-snippet:-1, max-image-preview:large, max-video-preview:-1\" \/>\n<link rel=\"canonical\" href=\"https:\/\/www.starremedies.com\/es\/bachflowersbydietmarkramer\/\" \/>\n<meta property=\"og:locale\" content=\"es_ES\" \/>\n<meta property=\"og:type\" content=\"article\" \/>\n<meta property=\"og:title\" content=\"The interrelationships between bach flowers by Dietmar Kr\u00e4mer - Star Remedies\" \/>\n<meta property=\"og:description\" content=\"The relationships between the Bach flowers. After years of research, Dietmar Kr\u00e4mer has divided the body into 243 bach flower body map zones.\" \/>\n<meta property=\"og:url\" content=\"https:\/\/www.starremedies.com\/es\/bachflowersbydietmarkramer\/\" \/>\n<meta property=\"og:site_name\" content=\"Star Remedies\" \/>\n<meta property=\"article:publisher\" content=\"https:\/\/www.facebook.com\/starremedies\/\" \/>\n<meta property=\"article:modified_time\" content=\"2025-02-06T09:45:33+00:00\" \/>\n<meta name=\"twitter:card\" content=\"summary_large_image\" \/>\n<script type=\"application\/ld+json\" class=\"yoast-schema-graph\">{\"@context\":\"https:\\\/\\\/schema.org\",\"@graph\":[{\"@type\":\"WebPage\",\"@id\":\"https:\\\/\\\/www.starremedies.com\\\/bachflowersbydietmarkramer\\\/\",\"url\":\"https:\\\/\\\/www.starremedies.com\\\/bachflowersbydietmarkramer\\\/\",\"name\":\"The interrelationships between bach flowers by Dietmar Kr\u00e4mer - Star Remedies\",\"isPartOf\":{\"@id\":\"https:\\\/\\\/www.starremedies.com\\\/#website\"},\"datePublished\":\"2016-02-21T11:15:39+00:00\",\"dateModified\":\"2025-02-06T09:45:33+00:00\",\"description\":\"The relationships between the Bach flowers. After years of research, Dietmar Kr\u00e4mer has divided the body into 243 bach flower body map zones.\",\"breadcrumb\":{\"@id\":\"https:\\\/\\\/www.starremedies.com\\\/bachflowersbydietmarkramer\\\/#breadcrumb\"},\"inLanguage\":\"es\",\"potentialAction\":[{\"@type\":\"ReadAction\",\"target\":[\"https:\\\/\\\/www.starremedies.com\\\/bachflowersbydietmarkramer\\\/\"]}]},{\"@type\":\"BreadcrumbList\",\"@id\":\"https:\\\/\\\/www.starremedies.com\\\/bachflowersbydietmarkramer\\\/#breadcrumb\",\"itemListElement\":[{\"@type\":\"ListItem\",\"position\":1,\"name\":\"Home\",\"item\":\"https:\\\/\\\/www.starremedies.com\\\/\"},{\"@type\":\"ListItem\",\"position\":2,\"name\":\"The interrelationships between bach flowers by Dietmar Kr\u00e4mer\"}]},{\"@type\":\"WebSite\",\"@id\":\"https:\\\/\\\/www.starremedies.com\\\/#website\",\"url\":\"https:\\\/\\\/www.starremedies.com\\\/\",\"name\":\"Star Remedies\",\"description\":\"\",\"publisher\":{\"@id\":\"https:\\\/\\\/www.starremedies.com\\\/#organization\"},\"potentialAction\":[{\"@type\":\"SearchAction\",\"target\":{\"@type\":\"EntryPoint\",\"urlTemplate\":\"https:\\\/\\\/www.starremedies.com\\\/?s={search_term_string}\"},\"query-input\":{\"@type\":\"PropertyValueSpecification\",\"valueRequired\":true,\"valueName\":\"search_term_string\"}}],\"inLanguage\":\"es\"},{\"@type\":\"Organization\",\"@id\":\"https:\\\/\\\/www.starremedies.com\\\/#organization\",\"name\":\"Star Remedies\",\"url\":\"https:\\\/\\\/www.starremedies.com\\\/\",\"logo\":{\"@type\":\"ImageObject\",\"inLanguage\":\"es\",\"@id\":\"https:\\\/\\\/www.starremedies.com\\\/#\\\/schema\\\/logo\\\/image\\\/\",\"url\":\"https:\\\/\\\/www.starremedies.com\\\/wp-content\\\/uploads\\\/2016\\\/02\\\/srl.gif\",\"contentUrl\":\"https:\\\/\\\/www.starremedies.com\\\/wp-content\\\/uploads\\\/2016\\\/02\\\/srl.gif\",\"width\":250,\"height\":250,\"caption\":\"Star Remedies\"},\"image\":{\"@id\":\"https:\\\/\\\/www.starremedies.com\\\/#\\\/schema\\\/logo\\\/image\\\/\"},\"sameAs\":[\"https:\\\/\\\/www.facebook.com\\\/starremedies\\\/\",\"https:\\\/\\\/www.instagram.com\\\/starremedies\\\/\"]}]}<\/script>\n<!-- \/ Yoast SEO plugin. -->","yoast_head_json":{"title":"Las interrelaciones entre las flores de bach por Dietmar Kr\u00e4mer - Remedios estrella","description":"Las relaciones entre las flores de Bach. Tras a\u00f1os de investigaci\u00f3n, Dietmar Kr\u00e4mer ha dividido el cuerpo en 243 zonas del mapa corporal de las flores de bach.","robots":{"index":"index","follow":"follow","max-snippet":"max-snippet:-1","max-image-preview":"max-image-preview:large","max-video-preview":"max-video-preview:-1"},"canonical":"https:\/\/www.starremedies.com\/es\/bachflowersbydietmarkramer\/","og_locale":"es_ES","og_type":"article","og_title":"The interrelationships between bach flowers by Dietmar Kr\u00e4mer - Star Remedies","og_description":"The relationships between the Bach flowers. After years of research, Dietmar Kr\u00e4mer has divided the body into 243 bach flower body map zones.","og_url":"https:\/\/www.starremedies.com\/es\/bachflowersbydietmarkramer\/","og_site_name":"Star Remedies","article_publisher":"https:\/\/www.facebook.com\/starremedies\/","article_modified_time":"2025-02-06T09:45:33+00:00","twitter_card":"summary_large_image","schema":{"@context":"https:\/\/schema.org","@graph":[{"@type":"WebPage","@id":"https:\/\/www.starremedies.com\/bachflowersbydietmarkramer\/","url":"https:\/\/www.starremedies.com\/bachflowersbydietmarkramer\/","name":"Las interrelaciones entre las flores de bach por Dietmar Kr\u00e4mer - Remedios estrella","isPartOf":{"@id":"https:\/\/www.starremedies.com\/#website"},"datePublished":"2016-02-21T11:15:39+00:00","dateModified":"2025-02-06T09:45:33+00:00","description":"Las relaciones entre las flores de Bach. Tras a\u00f1os de investigaci\u00f3n, Dietmar Kr\u00e4mer ha dividido el cuerpo en 243 zonas del mapa corporal de las flores de bach.","breadcrumb":{"@id":"https:\/\/www.starremedies.com\/bachflowersbydietmarkramer\/#breadcrumb"},"inLanguage":"es","potentialAction":[{"@type":"ReadAction","target":["https:\/\/www.starremedies.com\/bachflowersbydietmarkramer\/"]}]},{"@type":"BreadcrumbList","@id":"https:\/\/www.starremedies.com\/bachflowersbydietmarkramer\/#breadcrumb","itemListElement":[{"@type":"ListItem","position":1,"name":"Home","item":"https:\/\/www.starremedies.com\/"},{"@type":"ListItem","position":2,"name":"The interrelationships between bach flowers by Dietmar Kr\u00e4mer"}]},{"@type":"WebSite","@id":"https:\/\/www.starremedies.com\/#website","url":"https:\/\/www.starremedies.com\/","name":"Remedios estrella","description":"","publisher":{"@id":"https:\/\/www.starremedies.com\/#organization"},"potentialAction":[{"@type":"SearchAction","target":{"@type":"EntryPoint","urlTemplate":"https:\/\/www.starremedies.com\/?s={search_term_string}"},"query-input":{"@type":"PropertyValueSpecification","valueRequired":true,"valueName":"search_term_string"}}],"inLanguage":"es"},{"@type":"Organization","@id":"https:\/\/www.starremedies.com\/#organization","name":"Remedios estrella","url":"https:\/\/www.starremedies.com\/","logo":{"@type":"ImageObject","inLanguage":"es","@id":"https:\/\/www.starremedies.com\/#\/schema\/logo\/image\/","url":"https:\/\/www.starremedies.com\/wp-content\/uploads\/2016\/02\/srl.gif","contentUrl":"https:\/\/www.starremedies.com\/wp-content\/uploads\/2016\/02\/srl.gif","width":250,"height":250,"caption":"Star Remedies"},"image":{"@id":"https:\/\/www.starremedies.com\/#\/schema\/logo\/image\/"},"sameAs":["https:\/\/www.facebook.com\/starremedies\/","https:\/\/www.instagram.com\/starremedies\/"]}]}},"_links":{"self":[{"href":"https:\/\/www.starremedies.com\/es\/wp-json\/wp\/v2\/pages\/3602","targetHints":{"allow":["GET"]}}],"collection":[{"href":"https:\/\/www.starremedies.com\/es\/wp-json\/wp\/v2\/pages"}],"about":[{"href":"https:\/\/www.starremedies.com\/es\/wp-json\/wp\/v2\/types\/page"}],"author":[{"embeddable":true,"href":"https:\/\/www.starremedies.com\/es\/wp-json\/wp\/v2\/users\/1"}],"replies":[{"embeddable":true,"href":"https:\/\/www.starremedies.com\/es\/wp-json\/wp\/v2\/comments?post=3602"}],"version-history":[{"count":9,"href":"https:\/\/www.starremedies.com\/es\/wp-json\/wp\/v2\/pages\/3602\/revisions"}],"predecessor-version":[{"id":27985,"href":"https:\/\/www.starremedies.com\/es\/wp-json\/wp\/v2\/pages\/3602\/revisions\/27985"}],"wp:attachment":[{"href":"https:\/\/www.starremedies.com\/es\/wp-json\/wp\/v2\/media?parent=3602"}],"curies":[{"name":"wp","href":"https:\/\/api.w.org\/{rel}","templated":true}]}}