{"id":3593,"date":"2016-02-21T12:07:13","date_gmt":"2016-02-21T11:07:13","guid":{"rendered":"https:\/\/www.starremedies.com\/?page_id=3593"},"modified":"2025-02-05T10:49:09","modified_gmt":"2025-02-05T09:49:09","slug":"dietmarkramer","status":"publish","type":"page","link":"https:\/\/www.starremedies.com\/es\/dietmarkramer\/","title":{"rendered":"Nuevas terapias seg\u00fan Dietmar Kr\u00e4mer"},"content":{"rendered":"<section class=\"section section_breadcrumbs\" id=\"section_254613783\">\n\t\t<div class=\"section-bg fill\" >\n\t\t\t\t\t\t\t\t\t\n\t\t\t\n\n\t\t<\/div>\n\n\t\t\n\n\t\t<div class=\"section-content relative\">\n\t\t\t\n<div class=\"row breadcrumbs-row\"  id=\"row-867142505\">\n\n\t<div id=\"col-326187547\" class=\"col small-12 large-12\"  >\n\t\t\t\t<div class=\"col-inner\"  >\n\t\t\t\n\t\t\t\n\t<div id=\"text-867484357\" class=\"text breadcrumbs\">\n\t\t\n<span><span><a href=\"https:\/\/www.starremedies.com\/es\/\">Inicio<\/a><\/span><\/span>\n\t\t\t<\/div>\n\t\n\t\t<\/div>\n\t\t\t\t\t<\/div>\n\n\t\n\n<style>\n#row-867142505 > .col > .col-inner {\n  padding: 0px 0px 0px 0px;\n}\n<\/style>\n<\/div>\n\t\t<\/div>\n\n\t\t\n<style>\n#section_254613783 {\n  padding-top: 0px;\n  padding-bottom: 0px;\n  margin-bottom: 0px;\n}\n<\/style>\n\t<\/section>\n\t\n\n\t<section class=\"section products_row\" id=\"section_1258363729\">\n\t\t<div class=\"section-bg fill\" >\n\t\t\t\t\t\t\t\t\t\n\t\t\t\n\n\t\t<\/div>\n\n\t\t\n\n\t\t<div class=\"section-content relative\">\n\t\t\t\n<div class=\"row align-middle align-center\"  id=\"row-728886304\">\n\n\t<div id=\"col-187721452\" class=\"col medium-2 small-12 large-2\"  >\n\t\t\t\t<div class=\"col-inner text-center\"  >\n\t\t\t\n\t\t\t\n\t<div class=\"img has-hover x md-x lg-x y md-y lg-y\" id=\"image_1446919418\">\n\t\t\t\t\t\t\t\t<div class=\"img-inner dark\" >\n\t\t\t<img decoding=\"async\" width=\"90\" height=\"124\" src=\"https:\/\/www.starremedies.com\/wp-content\/uploads\/2016\/02\/Foto_1.jpg\" class=\"attachment-original size-original\" alt=\"\" \/>\t\t\t\t\t\t\n\t\t\t\t\t<\/div>\n\t\t\t\t\t\t\t\t\n<style>\n#image_1446919418 {\n  width: 100%;\n}\n<\/style>\n\t<\/div>\n\t\n\t\t<\/div>\n\t\t\t\t\t<\/div>\n\n\t\n\n\t<div id=\"col-416845410\" class=\"col small-12 large-12\"  >\n\t\t\t\t<div class=\"col-inner text-center\"  >\n\t\t\t\n\t\t\t\n\t<div id=\"text-2386534203\" class=\"text\">\n\t\t\n<h1>NUEVAS TERAPIAS CON FLORES DE BACH SEG\u00daN DIETMAR KR\u00c4MER<\/h1>\n\t\t\n<style>\n#text-2386534203 {\n  text-align: center;\n}\n<\/style>\n\t<\/div>\n\t\n\t\t<\/div>\n\t\t\t\t\t<\/div>\n\n\t\n<\/div>\n\t\t<\/div>\n\n\t\t\n<style>\n#section_1258363729 {\n  padding-top: 30px;\n  padding-bottom: 30px;\n  background-color: rgb(247, 247, 247);\n}\n<\/style>\n\t<\/section>\n\t\n\n\t<section class=\"section\" id=\"section_1708795971\">\n\t\t<div class=\"section-bg fill\" >\n\t\t\t\t\t\t\t\t\t\n\t\t\t\n\n\t\t<\/div>\n\n\t\t\n\n\t\t<div class=\"section-content relative\">\n\t\t\t\n<div class=\"row\"  id=\"row-1506147474\">\n\n\t<div id=\"col-1987243086\" class=\"col small-12 large-12\"  >\n\t\t\t\t<div class=\"col-inner\"  >\n\t\t\t\n\t\t\t\n<h2 style=\"text-align: center;\">El m\u00e9todo Dietmar Kr\u00e4mer<\/h2>\n<p>El Dr. Edward Bach no ha podido ampliar ni perfeccionar su obra. Quien s\u00ed lo hizo y sigue haci\u00e9ndolo es Dietmar Kr\u00e4mer, un sanador alem\u00e1n. Con sus vastos conocimientos, ha profundizado en el m\u00e9todo curativo del Dr. Bach. Ha desarrollado un m\u00e9todo en el que es posible pelar los problemas capa por capa hasta llegar al problema subyacente m\u00e1s profundo. Lo siguiente ya da una parte de c\u00f3mo las nuevas terapias de Dietmar Kr\u00e4mer conectan con el trabajo original del Dr. med. Bach.<\/p>\n<h3>Pregunta: \u00bfCu\u00e1nto tiempo hay que aplicar las esencias antes de que haya alg\u00fan resultado?<\/h3>\n<p>Hay muchas respuestas posibles a esta pregunta. Para una situaci\u00f3n aguda puede, por ejemplo, poner 2 gotas de Nogal en un vaso de agua y tomar peque\u00f1os sorbos. Con eso se consiguen resultados en tal caso. Si, por el contrario, se trata de un problema que viene de lejos, hay que conocer, por supuesto, muchos m\u00e1s detalles para poder determinar qu\u00e9 remedios son adecuados para esa persona.<\/p>\n<p><img decoding=\"async\" class=\"aligncenter\" src=\"https:\/\/www.starremedies.com\/wp-content\/uploads\/2016\/02\/wip_horizontaal-300x86.gif\" alt=\"\" width=\"300\" height=\"86\" data-ll-status=\"loaded\" \/><br \/>La Fig. 1 representa un balanc\u00edn en equilibrio. Con ello indicamos el equilibrio que nos simboliza en nuestro estado natural. Este equilibrio nos permite absorber adecuadamente todas las lecciones y experiencias que se nos presentan a lo largo de la vida. Al capear con \u00e9xito estas situaciones, podemos seguir desarroll\u00e1ndonos. Sin embargo, no todos logramos cumplir todos nuestros deberes sin que alguna lucha o desviaci\u00f3n nos frene o nos despiste.<\/p>\n<p><img decoding=\"async\" class=\"aligncenter\" src=\"https:\/\/www.starremedies.com\/wp-content\/uploads\/2016\/02\/wip_kantel2-300x86.gif\" alt=\"\" width=\"300\" height=\"86\" data-ll-status=\"loaded\" \/><br \/>La Fig. 2 muestra a una persona muy cualificada que disfruta con su trabajo. Cierto d\u00eda, tiene la sensaci\u00f3n de que su trabajo se convertir\u00e1 en una carga m\u00e1s pesada para \u00e9l de lo que se ha dado cuenta. En esta fase, todav\u00eda no se trata de un problema firmemente arraigado. Es necesario un ligero ajuste para restablecer el equilibrio. Sin embargo, si no hace nada por recuperar el equilibrio, la sensaci\u00f3n de quedarse corto se ir\u00e1 apoderando de \u00e9l. Entonces se produce un efecto de bola de nieve: pasa, por ejemplo, a dudar de su propia capacidad, mientras que antes estaba lleno de confianza. Esto puede conducir a todo tipo de estados de \u00e1nimo negativos.<\/p>\n<p><img decoding=\"async\" class=\"aligncenter\" src=\"https:\/\/www.starremedies.com\/wp-content\/uploads\/2016\/02\/wip_kantel3-300x86.gif\" alt=\"\" width=\"300\" height=\"86\" data-ll-status=\"loaded\" \/><br \/>Fig. 3. Si este deslizamiento contin\u00faa, acabar\u00e1 por descubrir, tras un per\u00edodo de entre uno y veinte a\u00f1os, que ha perdido completamente el equilibrio. (Fig. 4). Desde entonces, su problema ha arraigado tan firmemente que est\u00e1 muy agobiado por tensiones, preocupaciones y temores. Esto se refleja en el hecho de que se derrumba f\u00edsicamente. Dependiendo de cu\u00e1l sea f\u00edsicamente su punto d\u00e9bil, su sensaci\u00f3n de malestar se ver\u00e1 exacerbada por la aparici\u00f3n de problemas estomacales, respiratorios, etc. Si tiene la suerte de encontrarse en tan buenas condiciones que no se produzcan este tipo de dolencias, probablemente se derrumbe mentalmente (posici\u00f3n D).<\/p>\n<p><img decoding=\"async\" class=\"aligncenter\" src=\"https:\/\/www.starremedies.com\/wp-content\/uploads\/2016\/02\/wip_kantel4-300x86.gif\" alt=\"\" width=\"300\" height=\"86\" data-ll-status=\"loaded\" \/><br \/>FIG. 4 Conclusi\u00f3n: El tiempo que tardan las esencias en tener un efecto positivo depende de la posici\u00f3n en la que se encuentre la persona en cuesti\u00f3n en el balanc\u00edn. Estar\u00e1 claro que si usted va a manejar la posici\u00f3n A, nada cambiar\u00e1 en el equilibrio del balanc\u00edn. Esa es precisamente la respuesta si se trabaja con esencias seg\u00fan las nuevas terapias de Dietmar Kr\u00e4mer.<\/p>\n<div class=\"is-divider divider clearfix\" style=\"margin-top:35px;margin-bottom:35px;\"><\/div>\n\t\t<\/div>\n\t\t\t\t\t<\/div>\n\n\t\n<\/div>\n\t\t<\/div>\n\n\t\t\n<style>\n#section_1708795971 {\n  padding-top: 30px;\n  padding-bottom: 30px;\n}\n<\/style>\n\t<\/section>","protected":false},"excerpt":{"rendered":"","protected":false},"author":1,"featured_media":0,"parent":0,"menu_order":0,"comment_status":"closed","ping_status":"closed","template":"page-blank.php","meta":{"footnotes":""},"class_list":["post-3593","page","type-page","status-publish","hentry"],"yoast_head":"<!-- This site is optimized with the Yoast SEO plugin v27.4 - https:\/\/yoast.com\/product\/yoast-seo-wordpress\/ -->\n<title>New Therapies according to Dietmar Kr\u00e4mer - Star Remedies<\/title>\n<meta name=\"description\" content=\"Dr. Edward Bach has been unable to expand or refine his work. Who did and still does is Dietmar Kr\u00e4mer, a German healing practitioner.\" \/>\n<meta name=\"robots\" content=\"index, follow, max-snippet:-1, max-image-preview:large, max-video-preview:-1\" \/>\n<link rel=\"canonical\" href=\"https:\/\/www.starremedies.com\/es\/dietmarkramer\/\" \/>\n<meta property=\"og:locale\" content=\"es_ES\" \/>\n<meta property=\"og:type\" content=\"article\" \/>\n<meta property=\"og:title\" content=\"New Therapies according to Dietmar Kr\u00e4mer - Star Remedies\" \/>\n<meta property=\"og:description\" content=\"Dr. Edward Bach has been unable to expand or refine his work. Who did and still does is Dietmar Kr\u00e4mer, a German healing practitioner.\" \/>\n<meta property=\"og:url\" content=\"https:\/\/www.starremedies.com\/es\/dietmarkramer\/\" \/>\n<meta property=\"og:site_name\" content=\"Star Remedies\" \/>\n<meta property=\"article:publisher\" content=\"https:\/\/www.facebook.com\/starremedies\/\" \/>\n<meta property=\"article:modified_time\" content=\"2025-02-05T09:49:09+00:00\" \/>\n<meta property=\"og:image\" content=\"https:\/\/www.starremedies.com\/wp-content\/uploads\/2016\/02\/wip_horizontaal-300x86.gif\" \/>\n<meta name=\"twitter:card\" content=\"summary_large_image\" \/>\n<script type=\"application\/ld+json\" class=\"yoast-schema-graph\">{\"@context\":\"https:\\\/\\\/schema.org\",\"@graph\":[{\"@type\":\"WebPage\",\"@id\":\"https:\\\/\\\/www.starremedies.com\\\/dietmarkramer\\\/\",\"url\":\"https:\\\/\\\/www.starremedies.com\\\/dietmarkramer\\\/\",\"name\":\"New Therapies according to Dietmar Kr\u00e4mer - Star Remedies\",\"isPartOf\":{\"@id\":\"https:\\\/\\\/www.starremedies.com\\\/#website\"},\"primaryImageOfPage\":{\"@id\":\"https:\\\/\\\/www.starremedies.com\\\/dietmarkramer\\\/#primaryimage\"},\"image\":{\"@id\":\"https:\\\/\\\/www.starremedies.com\\\/dietmarkramer\\\/#primaryimage\"},\"thumbnailUrl\":\"https:\\\/\\\/www.starremedies.com\\\/wp-content\\\/uploads\\\/2016\\\/02\\\/wip_horizontaal-300x86.gif\",\"datePublished\":\"2016-02-21T11:07:13+00:00\",\"dateModified\":\"2025-02-05T09:49:09+00:00\",\"description\":\"Dr. Edward Bach has been unable to expand or refine his work. Who did and still does is Dietmar Kr\u00e4mer, a German healing practitioner.\",\"breadcrumb\":{\"@id\":\"https:\\\/\\\/www.starremedies.com\\\/dietmarkramer\\\/#breadcrumb\"},\"inLanguage\":\"es\",\"potentialAction\":[{\"@type\":\"ReadAction\",\"target\":[\"https:\\\/\\\/www.starremedies.com\\\/dietmarkramer\\\/\"]}]},{\"@type\":\"ImageObject\",\"inLanguage\":\"es\",\"@id\":\"https:\\\/\\\/www.starremedies.com\\\/dietmarkramer\\\/#primaryimage\",\"url\":\"https:\\\/\\\/www.starremedies.com\\\/wp-content\\\/uploads\\\/2016\\\/02\\\/wip_horizontaal-300x86.gif\",\"contentUrl\":\"https:\\\/\\\/www.starremedies.com\\\/wp-content\\\/uploads\\\/2016\\\/02\\\/wip_horizontaal-300x86.gif\"},{\"@type\":\"BreadcrumbList\",\"@id\":\"https:\\\/\\\/www.starremedies.com\\\/dietmarkramer\\\/#breadcrumb\",\"itemListElement\":[{\"@type\":\"ListItem\",\"position\":1,\"name\":\"Home\",\"item\":\"https:\\\/\\\/www.starremedies.com\\\/\"},{\"@type\":\"ListItem\",\"position\":2,\"name\":\"New Therapies according to Dietmar Kr\u00e4mer\"}]},{\"@type\":\"WebSite\",\"@id\":\"https:\\\/\\\/www.starremedies.com\\\/#website\",\"url\":\"https:\\\/\\\/www.starremedies.com\\\/\",\"name\":\"Star Remedies\",\"description\":\"\",\"publisher\":{\"@id\":\"https:\\\/\\\/www.starremedies.com\\\/#organization\"},\"potentialAction\":[{\"@type\":\"SearchAction\",\"target\":{\"@type\":\"EntryPoint\",\"urlTemplate\":\"https:\\\/\\\/www.starremedies.com\\\/?s={search_term_string}\"},\"query-input\":{\"@type\":\"PropertyValueSpecification\",\"valueRequired\":true,\"valueName\":\"search_term_string\"}}],\"inLanguage\":\"es\"},{\"@type\":\"Organization\",\"@id\":\"https:\\\/\\\/www.starremedies.com\\\/#organization\",\"name\":\"Star Remedies\",\"url\":\"https:\\\/\\\/www.starremedies.com\\\/\",\"logo\":{\"@type\":\"ImageObject\",\"inLanguage\":\"es\",\"@id\":\"https:\\\/\\\/www.starremedies.com\\\/#\\\/schema\\\/logo\\\/image\\\/\",\"url\":\"https:\\\/\\\/www.starremedies.com\\\/wp-content\\\/uploads\\\/2016\\\/02\\\/srl.gif\",\"contentUrl\":\"https:\\\/\\\/www.starremedies.com\\\/wp-content\\\/uploads\\\/2016\\\/02\\\/srl.gif\",\"width\":250,\"height\":250,\"caption\":\"Star Remedies\"},\"image\":{\"@id\":\"https:\\\/\\\/www.starremedies.com\\\/#\\\/schema\\\/logo\\\/image\\\/\"},\"sameAs\":[\"https:\\\/\\\/www.facebook.com\\\/starremedies\\\/\",\"https:\\\/\\\/www.instagram.com\\\/starremedies\\\/\"]}]}<\/script>\n<!-- \/ Yoast SEO plugin. -->","yoast_head_json":{"title":"Nuevas terapias seg\u00fan Dietmar Kr\u00e4mer - Remedios estrella","description":"El Dr. Edward Bach no ha podido ampliar ni perfeccionar su obra. Quien s\u00ed lo hizo y sigue haci\u00e9ndolo es Dietmar Kr\u00e4mer, un sanador alem\u00e1n.","robots":{"index":"index","follow":"follow","max-snippet":"max-snippet:-1","max-image-preview":"max-image-preview:large","max-video-preview":"max-video-preview:-1"},"canonical":"https:\/\/www.starremedies.com\/es\/dietmarkramer\/","og_locale":"es_ES","og_type":"article","og_title":"New Therapies according to Dietmar Kr\u00e4mer - Star Remedies","og_description":"Dr. Edward Bach has been unable to expand or refine his work. Who did and still does is Dietmar Kr\u00e4mer, a German healing practitioner.","og_url":"https:\/\/www.starremedies.com\/es\/dietmarkramer\/","og_site_name":"Star Remedies","article_publisher":"https:\/\/www.facebook.com\/starremedies\/","article_modified_time":"2025-02-05T09:49:09+00:00","og_image":[{"url":"https:\/\/www.starremedies.com\/wp-content\/uploads\/2016\/02\/wip_horizontaal-300x86.gif","type":"","width":"","height":""}],"twitter_card":"summary_large_image","schema":{"@context":"https:\/\/schema.org","@graph":[{"@type":"WebPage","@id":"https:\/\/www.starremedies.com\/dietmarkramer\/","url":"https:\/\/www.starremedies.com\/dietmarkramer\/","name":"Nuevas terapias seg\u00fan Dietmar Kr\u00e4mer - Remedios estrella","isPartOf":{"@id":"https:\/\/www.starremedies.com\/#website"},"primaryImageOfPage":{"@id":"https:\/\/www.starremedies.com\/dietmarkramer\/#primaryimage"},"image":{"@id":"https:\/\/www.starremedies.com\/dietmarkramer\/#primaryimage"},"thumbnailUrl":"https:\/\/www.starremedies.com\/wp-content\/uploads\/2016\/02\/wip_horizontaal-300x86.gif","datePublished":"2016-02-21T11:07:13+00:00","dateModified":"2025-02-05T09:49:09+00:00","description":"El Dr. Edward Bach no ha podido ampliar ni perfeccionar su obra. Quien s\u00ed lo hizo y sigue haci\u00e9ndolo es Dietmar Kr\u00e4mer, un sanador alem\u00e1n.","breadcrumb":{"@id":"https:\/\/www.starremedies.com\/dietmarkramer\/#breadcrumb"},"inLanguage":"es","potentialAction":[{"@type":"ReadAction","target":["https:\/\/www.starremedies.com\/dietmarkramer\/"]}]},{"@type":"ImageObject","inLanguage":"es","@id":"https:\/\/www.starremedies.com\/dietmarkramer\/#primaryimage","url":"https:\/\/www.starremedies.com\/wp-content\/uploads\/2016\/02\/wip_horizontaal-300x86.gif","contentUrl":"https:\/\/www.starremedies.com\/wp-content\/uploads\/2016\/02\/wip_horizontaal-300x86.gif"},{"@type":"BreadcrumbList","@id":"https:\/\/www.starremedies.com\/dietmarkramer\/#breadcrumb","itemListElement":[{"@type":"ListItem","position":1,"name":"Home","item":"https:\/\/www.starremedies.com\/"},{"@type":"ListItem","position":2,"name":"New Therapies according to Dietmar Kr\u00e4mer"}]},{"@type":"WebSite","@id":"https:\/\/www.starremedies.com\/#website","url":"https:\/\/www.starremedies.com\/","name":"Remedios estrella","description":"","publisher":{"@id":"https:\/\/www.starremedies.com\/#organization"},"potentialAction":[{"@type":"SearchAction","target":{"@type":"EntryPoint","urlTemplate":"https:\/\/www.starremedies.com\/?s={search_term_string}"},"query-input":{"@type":"PropertyValueSpecification","valueRequired":true,"valueName":"search_term_string"}}],"inLanguage":"es"},{"@type":"Organization","@id":"https:\/\/www.starremedies.com\/#organization","name":"Remedios estrella","url":"https:\/\/www.starremedies.com\/","logo":{"@type":"ImageObject","inLanguage":"es","@id":"https:\/\/www.starremedies.com\/#\/schema\/logo\/image\/","url":"https:\/\/www.starremedies.com\/wp-content\/uploads\/2016\/02\/srl.gif","contentUrl":"https:\/\/www.starremedies.com\/wp-content\/uploads\/2016\/02\/srl.gif","width":250,"height":250,"caption":"Star Remedies"},"image":{"@id":"https:\/\/www.starremedies.com\/#\/schema\/logo\/image\/"},"sameAs":["https:\/\/www.facebook.com\/starremedies\/","https:\/\/www.instagram.com\/starremedies\/"]}]}},"_links":{"self":[{"href":"https:\/\/www.starremedies.com\/es\/wp-json\/wp\/v2\/pages\/3593","targetHints":{"allow":["GET"]}}],"collection":[{"href":"https:\/\/www.starremedies.com\/es\/wp-json\/wp\/v2\/pages"}],"about":[{"href":"https:\/\/www.starremedies.com\/es\/wp-json\/wp\/v2\/types\/page"}],"author":[{"embeddable":true,"href":"https:\/\/www.starremedies.com\/es\/wp-json\/wp\/v2\/users\/1"}],"replies":[{"embeddable":true,"href":"https:\/\/www.starremedies.com\/es\/wp-json\/wp\/v2\/comments?post=3593"}],"version-history":[{"count":9,"href":"https:\/\/www.starremedies.com\/es\/wp-json\/wp\/v2\/pages\/3593\/revisions"}],"predecessor-version":[{"id":27969,"href":"https:\/\/www.starremedies.com\/es\/wp-json\/wp\/v2\/pages\/3593\/revisions\/27969"}],"wp:attachment":[{"href":"https:\/\/www.starremedies.com\/es\/wp-json\/wp\/v2\/media?parent=3593"}],"curies":[{"name":"wp","href":"https:\/\/api.w.org\/{rel}","templated":true}]}}