{"id":3548,"date":"2016-02-20T19:41:54","date_gmt":"2016-02-20T18:41:54","guid":{"rendered":"https:\/\/www.starremedies.com\/?page_id=3548"},"modified":"2025-02-05T10:40:36","modified_gmt":"2025-02-05T09:40:36","slug":"bachflowers","status":"publish","type":"page","link":"https:\/\/www.starremedies.com\/es\/bachflowers\/","title":{"rendered":"Flores de Bach del Dr. Edward Bach - Esencias florales de Bach"},"content":{"rendered":"<section class=\"section section_breadcrumbs\" id=\"section_1336281163\">\n\t\t<div class=\"section-bg fill\" >\n\t\t\t\t\t\t\t\t\t\n\t\t\t\n\n\t\t<\/div>\n\n\t\t\n\n\t\t<div class=\"section-content relative\">\n\t\t\t\n<div class=\"row breadcrumbs-row\"  id=\"row-1029609855\">\n\n\t<div id=\"col-500587205\" class=\"col small-12 large-12\"  >\n\t\t\t\t<div class=\"col-inner\"  >\n\t\t\t\n\t\t\t\n\t<div id=\"text-1259354919\" class=\"text breadcrumbs\">\n\t\t\n<span><span><a href=\"https:\/\/www.starremedies.com\/es\/\">Inicio<\/a><\/span><\/span>\n\t\t\t<\/div>\n\t\n\t\t<\/div>\n\t\t\t\t\t<\/div>\n\n\t\n\n<style>\n#row-1029609855 > .col > .col-inner {\n  padding: 0px 0px 0px 0px;\n}\n<\/style>\n<\/div>\n\t\t<\/div>\n\n\t\t\n<style>\n#section_1336281163 {\n  padding-top: 0px;\n  padding-bottom: 0px;\n  margin-bottom: 0px;\n}\n<\/style>\n\t<\/section>\n\t\n\n\t<section class=\"section products_row\" id=\"section_729807478\">\n\t\t<div class=\"section-bg fill\" >\n\t\t\t\t\t\t\t\t\t\n\t\t\t\n\n\t\t<\/div>\n\n\t\t\n\n\t\t<div class=\"section-content relative\">\n\t\t\t\n<div class=\"row align-middle align-center\"  id=\"row-163813738\">\n\n\t<div id=\"col-77672355\" class=\"col medium-2 small-12 large-2\"  >\n\t\t\t\t<div class=\"col-inner text-center\"  >\n\t\t\t\n\t\t\t\n\t<div class=\"img has-hover x md-x lg-x y md-y lg-y\" id=\"image_1255705456\">\n\t\t\t\t\t\t\t\t<div class=\"img-inner dark\" >\n\t\t\t<img decoding=\"async\" width=\"203\" height=\"285\" src=\"https:\/\/www.starremedies.com\/wp-content\/uploads\/2016\/02\/edward_bach-2.jpg\" class=\"attachment-original size-original\" alt=\"\" \/>\t\t\t\t\t\t\n\t\t\t\t\t<\/div>\n\t\t\t\t\t\t\t\t\n<style>\n#image_1255705456 {\n  width: 100%;\n}\n<\/style>\n\t<\/div>\n\t\n\t\t<\/div>\n\t\t\t\t\t<\/div>\n\n\t\n\n\t<div id=\"col-552794857\" class=\"col small-12 large-12\"  >\n\t\t\t\t<div class=\"col-inner text-center\"  >\n\t\t\t\n\t\t\t\n\t<div id=\"text-2424292435\" class=\"text\">\n\t\t\n<h1>FLORES DE BACH DEL DR. EDWARD BACH - ESENCIAS FLORALES DE BACH<\/h1>\n\t\t\n<style>\n#text-2424292435 {\n  text-align: center;\n}\n<\/style>\n\t<\/div>\n\t\n\t\t<\/div>\n\t\t\t\t\t<\/div>\n\n\t\n<\/div>\n\t\t<\/div>\n\n\t\t\n<style>\n#section_729807478 {\n  padding-top: 30px;\n  padding-bottom: 30px;\n  background-color: rgb(247, 247, 247);\n}\n<\/style>\n\t<\/section>\n\t\n\n\t<section class=\"section\" id=\"section_744624586\">\n\t\t<div class=\"section-bg fill\" >\n\t\t\t\t\t\t\t\t\t\n\t\t\t\n\n\t\t<\/div>\n\n\t\t\n\n\t\t<div class=\"section-content relative\">\n\t\t\t\n<div class=\"row\"  id=\"row-880551448\">\n\n\t<div id=\"col-187346581\" class=\"col small-12 large-12\"  >\n\t\t\t\t<div class=\"col-inner\"  >\n\t\t\t\n\t\t\t\n<h2>Historia del Dr. Edward Bach<\/h2>\n<p>Edward Bach naci\u00f3 en 1886 en Inglaterra. Cuando dej\u00f3 la escuela a los diecis\u00e9is a\u00f1os, estaba decidido a ser m\u00e9dico. Como no pod\u00eda pedir a sus padres que sufragaran los gastos de la larga formaci\u00f3n m\u00e9dica, decidi\u00f3 primero trabajar en la fundici\u00f3n de cobre de su padre. Trabaj\u00f3 durante tres a\u00f1os en las f\u00e1bricas de Bach en Birmingham, que fueron a\u00f1os muy dif\u00edciles para \u00e9l. Edward Bach - C\u00farate a ti mismo Pero precisamente en este dif\u00edcil periodo de su vida, en medio de sus compa\u00f1eros de trabajo, adquiri\u00f3 una visi\u00f3n del car\u00e1cter humano que m\u00e1s tarde constituir\u00eda la base de su futura obra. Los obreros de la f\u00e1brica siempre ten\u00edan miedo de enfermar. Enfermar significaba para ellos una p\u00e9rdida de trabajo y de ingresos, a menudo segu\u00edan trabajando porque estar enfermo tambi\u00e9n significaba una pesada carga de gastos m\u00e9dicos. Tambi\u00e9n vio que las quejas de la gente no hac\u00edan mucho m\u00e1s que suprimir los s\u00edntomas y qued\u00f3 claro que su camino ser\u00eda encontrar una forma de curaci\u00f3n que sanara el cuerpo y la mente. El Dr. Edward Bach ya estaba convencido entonces de que hab\u00eda que encontrar una cura sencilla, que curara las enfermedades cr\u00f3nicas.<\/p>\n\t\t<\/div>\n\t\t\t\t\t<\/div>\n\n\t\n\n\t<div id=\"col-1316572366\" class=\"col medium-9 small-12 large-9\"  >\n\t\t\t\t<div class=\"col-inner\"  >\n\t\t\t\n\t\t\t\n<h3>M\u00e9dico especialista<\/h3>\n<p>A los 20 a\u00f1os comenz\u00f3 por fin sus estudios de medicina. Como estudiante de medicina, descubri\u00f3 durante sus observaciones en el hospital que no todos los pacientes que padec\u00edan la misma enfermedad se curaban con el mismo tratamiento. El mismo medicamento, que aparentemente era capaz de curar a algunos de ellos, no ten\u00eda ning\u00fan efecto en otros. Se dio cuenta entonces de que los pacientes con una personalidad similar sol\u00edan responder al mismo medicamento, mientras que otros, con una personalidad diferente, necesitaban un tratamiento distinto, aunque tuvieran la misma dolencia. Por ejemplo, descubri\u00f3 muy pronto que la personalidad del individuo era a\u00fan m\u00e1s importante en la enfermedad que el cuerpo. En su consulta de Harley Street, hab\u00eda muchos pacientes con s\u00edntomas cr\u00f3nicos que no se beneficiaban de ning\u00fan tratamiento. La ciencia m\u00e9dica moderna fracasaba. Seg\u00fan Bach, se centraban demasiado en el cuerpo f\u00edsico. Esperando encontrar una respuesta a sus muchas preguntas, empez\u00f3 a estudiar bacteriolog\u00eda y homeopat\u00eda. Descubri\u00f3 que ciertos bacilos intestinales ten\u00edan mucho que ver con las enfermedades cr\u00f3nicas. Desarroll\u00f3 siete vacunas orales, llamadas nosodes de Bach, que a\u00fan hoy recetan los m\u00e9dicos al\u00f3patas y home\u00f3patas. Cuando Edward Bach ley\u00f3 las obras de Hahnemann, un m\u00e9dico alem\u00e1n del siglo XVIII que lleg\u00f3 a ser conocido como el padre de la homeopat\u00eda, lleg\u00f3 a la conclusi\u00f3n de que hab\u00eda una gran coincidencia entre \u00e9l y Hahnemann, a saber, que el principio de la verdadera curaci\u00f3n resid\u00eda en el tratamiento del hombre y no de su enfermedad. Edward Bach asumi\u00f3 que la causa de la enfermedad deb\u00edan ser estados mentales negativos como el miedo, la tristeza, la inseguridad, la soledad, la impaciencia, etc. Y \u00e9ste fue el principio de su nuevo trabajo.<\/p>\n\t\t<\/div>\n\t\t\t\t\t<\/div>\n\n\t\n\n\t<div id=\"col-486400125\" class=\"col medium-3 small-12 large-3\"  >\n\t\t\t\t<div class=\"col-inner\"  >\n\t\t\t\n\t\t\t\n\t<div class=\"img has-hover x md-x lg-x y md-y lg-y\" id=\"image_142625547\">\n\t\t\t\t\t\t\t\t<div class=\"img-inner dark\" >\n\t\t\t<img decoding=\"async\" width=\"250\" height=\"250\" src=\"https:\/\/www.starremedies.com\/wp-content\/uploads\/2016\/02\/mdoeb.jpg\" class=\"attachment-large size-large\" alt=\"\" srcset=\"https:\/\/www.starremedies.com\/wp-content\/uploads\/2016\/02\/mdoeb.jpg 250w, https:\/\/www.starremedies.com\/wp-content\/uploads\/2016\/02\/mdoeb-80x80.jpg 80w, https:\/\/www.starremedies.com\/wp-content\/uploads\/2016\/02\/mdoeb-36x36.jpg 36w, https:\/\/www.starremedies.com\/wp-content\/uploads\/2016\/02\/mdoeb-180x180.jpg 180w, https:\/\/www.starremedies.com\/wp-content\/uploads\/2016\/02\/mdoeb-120x120.jpg 120w\" sizes=\"(max-width: 250px) 100vw, 250px\" \/>\t\t\t\t\t\t\n\t\t\t\t\t<\/div>\n\t\t\t\t\t\t\t\t\n<style>\n#image_142625547 {\n  width: 100%;\n}\n<\/style>\n\t<\/div>\n\t\n\t\t<\/div>\n\t\t\t\t\t<\/div>\n\n\t\n\n\t<div id=\"col-72421909\" class=\"col medium-10 small-12 large-10\"  >\n\t\t\t\t<div class=\"col-inner\"  >\n\t\t\t\n\t\t\t\n<h3>El principio<\/h3>\n<p>En \u00e9l crec\u00eda cada vez m\u00e1s el impulso de adentrarse en la naturaleza de Gales, la tierra de donde proced\u00edan sus antepasados. A principios de la d\u00e9cada de 1930, Edward Bach abandon\u00f3 su consulta en Londres, se march\u00f3 a Gales y dedic\u00f3 todo su tiempo a buscar medicinas en la naturaleza. El Dr. Bach desarroll\u00f3 enormemente su sensibilidad y, gracias a su fuerte conexi\u00f3n con la naturaleza, sinti\u00f3 el poder curativo de las flores en su cuerpo y en su alma. Hasta 1936, Bach desarroll\u00f3 38 esencias, cada una de las cuales hac\u00eda referencia a un determinado estado de \u00e1nimo. Las primeras 19 esencias que descubri\u00f3 Edward Bach se prepararon seg\u00fan el \"m\u00e9todo solar\". Un m\u00e9todo muy sencillo. En \u00e9l, las flores, que crecen en su entorno natural, se recogen temprano en un d\u00eda claro y soleado. Las flores se colocan en un recipiente de cristal lleno de agua de una fuente natural, de modo que la superficie del agua quede completamente cubierta. El sol transmite las vibraciones de las flores al agua. Las flores permanecen en el recipiente unas tres o cuatro horas. Despu\u00e9s se sacan las flores del agua con ramas u hojas de la misma planta. Esta soluci\u00f3n se mezcla con las mismas partes de aguardiente - esto i.v.m. la vida \u00fatil. Supongamos que hab\u00eda medio litro de agua en el recipiente, que se rellena con medio litro de brandy, con lo que se tiene un litro de \"tintura madre\". Con dos gotas de \u00e9sta se hace un \"stockbottle\", que se completa con brandy. Como no todos los \u00e1rboles, arbustos y flores florecen en una estaci\u00f3n en la que brille mucho el sol, las dem\u00e1s flores se prepararon seg\u00fan el m\u00e9todo de cocci\u00f3n: las flores se cuecen durante 30 minutos. Cuando \u00e9stas se han enfriado, se filtra todo y se mezcla de nuevo con la misma cantidad de brandy y se manipula de la misma manera que el m\u00e9todo solar. Lo bueno de Edward Bach, en mi opini\u00f3n, no es s\u00f3lo el descubrimiento de las esencias, sino que estas 38 esencias son los arquetipos que tienen que ver con los sentimientos, por ejemplo, los celos, la falta de confianza en uno mismo, el miedo o una profunda melancol\u00eda sin causa reconocible. Todas las personas del mundo tienen estos sentimientos, ya vivas en Holanda, Sud\u00e1frica o Alaska. Estos estados de \u00e1nimo son t\u00edpicos de todas las personas. Lo mismo ocurre con los animales, las flores, los \u00e1rboles, etc. Los animales tambi\u00e9n tienen miedo o celos o quieren atenci\u00f3n constante, las plantas que colocas en un \u00e1ngulo diferente pueden, al cabo de un tiempo, por ejemplo, aunque reciban la misma cantidad de sol y agua. Tambi\u00e9n pueden sentirse en desventaja o incapaces de cambiar de lugar.<\/p>\n\t\t<\/div>\n\t\t\t\t\t<\/div>\n\n\t\n\n\t<div id=\"col-666948617\" class=\"col medium-2 small-12 large-2\"  >\n\t\t\t\t<div class=\"col-inner\"  >\n\t\t\t\n\t\t\t\n\t<div class=\"img has-hover x md-x lg-x y md-y lg-y\" id=\"image_1856969213\">\n\t\t\t\t\t\t\t\t<div class=\"img-inner dark\" >\n\t\t\t<img decoding=\"async\" width=\"250\" height=\"250\" src=\"https:\/\/www.starremedies.com\/wp-content\/uploads\/2016\/02\/the_twelve_healers-1.jpg\" class=\"attachment-large size-large\" alt=\"\" srcset=\"https:\/\/www.starremedies.com\/wp-content\/uploads\/2016\/02\/the_twelve_healers-1.jpg 250w, https:\/\/www.starremedies.com\/wp-content\/uploads\/2016\/02\/the_twelve_healers-1-80x80.jpg 80w, https:\/\/www.starremedies.com\/wp-content\/uploads\/2016\/02\/the_twelve_healers-1-36x36.jpg 36w, https:\/\/www.starremedies.com\/wp-content\/uploads\/2016\/02\/the_twelve_healers-1-180x180.jpg 180w, https:\/\/www.starremedies.com\/wp-content\/uploads\/2016\/02\/the_twelve_healers-1-120x120.jpg 120w\" sizes=\"(max-width: 250px) 100vw, 250px\" \/>\t\t\t\t\t\t\n\t\t\t\t\t<\/div>\n\t\t\t\t\t\t\t\t\n<style>\n#image_1856969213 {\n  width: 100%;\n}\n<\/style>\n\t<\/div>\n\t\n\t<div class=\"img has-hover x md-x lg-x y md-y lg-y\" id=\"image_1078318299\">\n\t\t\t\t\t\t\t\t<div class=\"img-inner dark\" >\n\t\t\t<img decoding=\"async\" width=\"132\" height=\"176\" src=\"https:\/\/www.starremedies.com\/wp-content\/uploads\/2016\/02\/heal_thyself.jpg\" class=\"attachment-large size-large\" alt=\"\" \/>\t\t\t\t\t\t\n\t\t\t\t\t<\/div>\n\t\t\t\t\t\t\t\t\n<style>\n#image_1078318299 {\n  width: 100%;\n}\n<\/style>\n\t<\/div>\n\t\n\t\t<\/div>\n\t\t\t\t\t<\/div>\n\n\t\n<\/div>\n<div class=\"row\"  id=\"row-700388159\">\n\n\t<div id=\"col-761079346\" class=\"col medium-6 small-12 large-3\"  >\n\t\t\t\t<div class=\"col-inner\"  >\n\t\t\t\n\t\t\t\n<h4>Edward Bach<\/h4>\n<p><em>Edward Bach aparece a menudo en las historias como una especie de semidi\u00f3s. Para m\u00ed no era m\u00e1s que una persona corriente, le gustaba tomar una copa en el pub, fumaba m\u00e1s de lo que ser\u00eda bueno para \u00e9l, le gustaba ayudar a los pescadores a desembarcar sus barcas y dar paseos por sus queridos pueblos de la campi\u00f1a, pero debido al rasgo caracter\u00edstico de su obra, a saber, su desinteresado deseo de ayudar a la humanidad nos ha dejado un gran legado.\u00a0<\/em>-\u00a0<\/p>\n<p><strong>Madeleine Meuwessen<\/strong><\/p>\n\t\t<\/div>\n\t\t\t\t\t<\/div>\n\n\t\n\n\t<div id=\"col-767509564\" class=\"col medium-6 small-12 large-3\"  >\n\t\t\t\t<div class=\"col-inner\"  >\n\t\t\t\n\t\t\t\n<h4>Despu\u00e9s de Edward Bach<\/h4>\n<p>Poco despu\u00e9s de que Edward Bach hubiera desarrollado las 38 esencias, muri\u00f3 mientras dorm\u00eda a la edad de 50 a\u00f1os. Tras la muerte de Edward Bach, su trabajo fue continuado por sus dos ayudantes m\u00e1s dedicados: Nora Weeks y Victor Bullen. Ellos traspasaron su trabajo a John Ramsell y Nicky Murray, hermano y hermana, que se convirtieron en los gestores del \"centro Bach\". Es una pena ver que el nombre de Nicky Murray no se menciona en ninguna parte.<\/p>\n\t\t<\/div>\n\t\t\t\t\t<\/div>\n\n\t\n\n\t<div id=\"col-1007203689\" class=\"col medium-6 small-12 large-3\"  >\n\t\t\t\t<div class=\"col-inner\"  >\n\t\t\t\n\t\t\t\n<h4>38 virtudes<\/h4>\n<p>Edward Bach supon\u00eda que las 38 \"virtudes\" sirven de conexi\u00f3n entre tu personalidad, tal y como te manifiestas aqu\u00ed en la Tierra, y el yo superior o tu alma. Si no act\u00faas en armon\u00eda con tu yo superior, las \"virtudes\" se convierten en estados mentales negativos, por ejemplo Fuera de la fe: profunda melancol\u00eda sin causa reconocible, Fuera de la esperanza: desesperaci\u00f3n, Fuera de la valent\u00eda y la confianza: miedo.<\/p>\n\t\t<\/div>\n\t\t\t\t\t<\/div>\n\n\t\n\n\t<div id=\"col-1302181545\" class=\"col medium-6 small-12 large-3\"  >\n\t\t\t\t<div class=\"col-inner\"  >\n\t\t\t\n\t\t\t\n<h4>Yo superior<\/h4>\n<p>Las flores restablecen el contacto con el yo superior a trav\u00e9s de sus vibraciones y ayudan a los implicados a seguir desarrollando la virtud. \"El estado negativo del alma no se\" combate \"como s\u00edntomas, porque eso los mantendr\u00eda energ\u00e9ticamente. M\u00e1s bien, se les inunda con vibraciones energ\u00e9ticas m\u00e1s elevadas, de modo que, como lo llama Edward Bach,\" se derriten como la nieve al sol<\/p>\n\t\t<\/div>\n\t\t\t\t\t<\/div>\n\n\t\n<\/div>\n\t\t<\/div>\n\n\t\t\n<style>\n#section_744624586 {\n  padding-top: 30px;\n  padding-bottom: 30px;\n}\n<\/style>\n\t<\/section>","protected":false},"excerpt":{"rendered":"","protected":false},"author":1,"featured_media":0,"parent":0,"menu_order":0,"comment_status":"closed","ping_status":"closed","template":"page-blank.php","meta":{"footnotes":""},"class_list":["post-3548","page","type-page","status-publish","hentry"],"yoast_head":"<!-- This site is optimized with the Yoast SEO plugin v27.5 - https:\/\/yoast.com\/product\/yoast-seo-wordpress\/ -->\n<title>Bach flowers from Dr. Edward Bach - Bach flower essences - Star Remedies<\/title>\n<meta name=\"description\" content=\"The Bach Bach essences from Edward Bach are used and made worldwide. Read more about the life of Edward Bach and Bach flowers.\" \/>\n<meta name=\"robots\" content=\"index, follow, max-snippet:-1, max-image-preview:large, max-video-preview:-1\" \/>\n<link rel=\"canonical\" href=\"https:\/\/www.starremedies.com\/es\/bachflowers\/\" \/>\n<meta property=\"og:locale\" content=\"es_ES\" \/>\n<meta property=\"og:type\" content=\"article\" \/>\n<meta property=\"og:title\" content=\"Bach flowers from Dr. Edward Bach - Bach flower essences - Star Remedies\" \/>\n<meta property=\"og:description\" content=\"The Bach Bach essences from Edward Bach are used and made worldwide. Read more about the life of Edward Bach and Bach flowers.\" \/>\n<meta property=\"og:url\" content=\"https:\/\/www.starremedies.com\/es\/bachflowers\/\" \/>\n<meta property=\"og:site_name\" content=\"Star Remedies\" \/>\n<meta property=\"article:publisher\" content=\"https:\/\/www.facebook.com\/starremedies\/\" \/>\n<meta property=\"article:modified_time\" content=\"2025-02-05T09:40:36+00:00\" \/>\n<meta name=\"twitter:card\" content=\"summary_large_image\" \/>\n<script type=\"application\/ld+json\" class=\"yoast-schema-graph\">{\"@context\":\"https:\\\/\\\/schema.org\",\"@graph\":[{\"@type\":\"WebPage\",\"@id\":\"https:\\\/\\\/www.starremedies.com\\\/bachflowers\\\/\",\"url\":\"https:\\\/\\\/www.starremedies.com\\\/bachflowers\\\/\",\"name\":\"Bach flowers from Dr. Edward Bach - Bach flower essences - Star Remedies\",\"isPartOf\":{\"@id\":\"https:\\\/\\\/www.starremedies.com\\\/#website\"},\"datePublished\":\"2016-02-20T18:41:54+00:00\",\"dateModified\":\"2025-02-05T09:40:36+00:00\",\"description\":\"The Bach Bach essences from Edward Bach are used and made worldwide. Read more about the life of Edward Bach and Bach flowers.\",\"breadcrumb\":{\"@id\":\"https:\\\/\\\/www.starremedies.com\\\/bachflowers\\\/#breadcrumb\"},\"inLanguage\":\"es\",\"potentialAction\":[{\"@type\":\"ReadAction\",\"target\":[\"https:\\\/\\\/www.starremedies.com\\\/bachflowers\\\/\"]}]},{\"@type\":\"BreadcrumbList\",\"@id\":\"https:\\\/\\\/www.starremedies.com\\\/bachflowers\\\/#breadcrumb\",\"itemListElement\":[{\"@type\":\"ListItem\",\"position\":1,\"name\":\"Home\",\"item\":\"https:\\\/\\\/www.starremedies.com\\\/\"},{\"@type\":\"ListItem\",\"position\":2,\"name\":\"Bach flowers from Dr. Edward Bach &#8211; Bach flower essences\"}]},{\"@type\":\"WebSite\",\"@id\":\"https:\\\/\\\/www.starremedies.com\\\/#website\",\"url\":\"https:\\\/\\\/www.starremedies.com\\\/\",\"name\":\"Star Remedies\",\"description\":\"\",\"publisher\":{\"@id\":\"https:\\\/\\\/www.starremedies.com\\\/#organization\"},\"potentialAction\":[{\"@type\":\"SearchAction\",\"target\":{\"@type\":\"EntryPoint\",\"urlTemplate\":\"https:\\\/\\\/www.starremedies.com\\\/?s={search_term_string}\"},\"query-input\":{\"@type\":\"PropertyValueSpecification\",\"valueRequired\":true,\"valueName\":\"search_term_string\"}}],\"inLanguage\":\"es\"},{\"@type\":\"Organization\",\"@id\":\"https:\\\/\\\/www.starremedies.com\\\/#organization\",\"name\":\"Star Remedies\",\"url\":\"https:\\\/\\\/www.starremedies.com\\\/\",\"logo\":{\"@type\":\"ImageObject\",\"inLanguage\":\"es\",\"@id\":\"https:\\\/\\\/www.starremedies.com\\\/#\\\/schema\\\/logo\\\/image\\\/\",\"url\":\"https:\\\/\\\/www.starremedies.com\\\/wp-content\\\/uploads\\\/2016\\\/02\\\/srl.gif\",\"contentUrl\":\"https:\\\/\\\/www.starremedies.com\\\/wp-content\\\/uploads\\\/2016\\\/02\\\/srl.gif\",\"width\":250,\"height\":250,\"caption\":\"Star Remedies\"},\"image\":{\"@id\":\"https:\\\/\\\/www.starremedies.com\\\/#\\\/schema\\\/logo\\\/image\\\/\"},\"sameAs\":[\"https:\\\/\\\/www.facebook.com\\\/starremedies\\\/\",\"https:\\\/\\\/www.instagram.com\\\/starremedies\\\/\"]}]}<\/script>\n<!-- \/ Yoast SEO plugin. -->","yoast_head_json":{"title":"Flores de Bach del Dr. Edward Bach - Esencias florales de Bach - Star Remedies","description":"Las esencias de Bach de Edward Bach se utilizan y fabrican en todo el mundo. M\u00e1s informaci\u00f3n sobre la vida de Edward Bach y las flores de Bach.","robots":{"index":"index","follow":"follow","max-snippet":"max-snippet:-1","max-image-preview":"max-image-preview:large","max-video-preview":"max-video-preview:-1"},"canonical":"https:\/\/www.starremedies.com\/es\/bachflowers\/","og_locale":"es_ES","og_type":"article","og_title":"Bach flowers from Dr. Edward Bach - Bach flower essences - Star Remedies","og_description":"The Bach Bach essences from Edward Bach are used and made worldwide. Read more about the life of Edward Bach and Bach flowers.","og_url":"https:\/\/www.starremedies.com\/es\/bachflowers\/","og_site_name":"Star Remedies","article_publisher":"https:\/\/www.facebook.com\/starremedies\/","article_modified_time":"2025-02-05T09:40:36+00:00","twitter_card":"summary_large_image","schema":{"@context":"https:\/\/schema.org","@graph":[{"@type":"WebPage","@id":"https:\/\/www.starremedies.com\/bachflowers\/","url":"https:\/\/www.starremedies.com\/bachflowers\/","name":"Flores de Bach del Dr. Edward Bach - Esencias florales de Bach - Star Remedies","isPartOf":{"@id":"https:\/\/www.starremedies.com\/#website"},"datePublished":"2016-02-20T18:41:54+00:00","dateModified":"2025-02-05T09:40:36+00:00","description":"Las esencias de Bach de Edward Bach se utilizan y fabrican en todo el mundo. M\u00e1s informaci\u00f3n sobre la vida de Edward Bach y las flores de Bach.","breadcrumb":{"@id":"https:\/\/www.starremedies.com\/bachflowers\/#breadcrumb"},"inLanguage":"es","potentialAction":[{"@type":"ReadAction","target":["https:\/\/www.starremedies.com\/bachflowers\/"]}]},{"@type":"BreadcrumbList","@id":"https:\/\/www.starremedies.com\/bachflowers\/#breadcrumb","itemListElement":[{"@type":"ListItem","position":1,"name":"Home","item":"https:\/\/www.starremedies.com\/"},{"@type":"ListItem","position":2,"name":"Bach flowers from Dr. Edward Bach &#8211; Bach flower essences"}]},{"@type":"WebSite","@id":"https:\/\/www.starremedies.com\/#website","url":"https:\/\/www.starremedies.com\/","name":"Remedios estrella","description":"","publisher":{"@id":"https:\/\/www.starremedies.com\/#organization"},"potentialAction":[{"@type":"SearchAction","target":{"@type":"EntryPoint","urlTemplate":"https:\/\/www.starremedies.com\/?s={search_term_string}"},"query-input":{"@type":"PropertyValueSpecification","valueRequired":true,"valueName":"search_term_string"}}],"inLanguage":"es"},{"@type":"Organization","@id":"https:\/\/www.starremedies.com\/#organization","name":"Remedios estrella","url":"https:\/\/www.starremedies.com\/","logo":{"@type":"ImageObject","inLanguage":"es","@id":"https:\/\/www.starremedies.com\/#\/schema\/logo\/image\/","url":"https:\/\/www.starremedies.com\/wp-content\/uploads\/2016\/02\/srl.gif","contentUrl":"https:\/\/www.starremedies.com\/wp-content\/uploads\/2016\/02\/srl.gif","width":250,"height":250,"caption":"Star Remedies"},"image":{"@id":"https:\/\/www.starremedies.com\/#\/schema\/logo\/image\/"},"sameAs":["https:\/\/www.facebook.com\/starremedies\/","https:\/\/www.instagram.com\/starremedies\/"]}]}},"_links":{"self":[{"href":"https:\/\/www.starremedies.com\/es\/wp-json\/wp\/v2\/pages\/3548","targetHints":{"allow":["GET"]}}],"collection":[{"href":"https:\/\/www.starremedies.com\/es\/wp-json\/wp\/v2\/pages"}],"about":[{"href":"https:\/\/www.starremedies.com\/es\/wp-json\/wp\/v2\/types\/page"}],"author":[{"embeddable":true,"href":"https:\/\/www.starremedies.com\/es\/wp-json\/wp\/v2\/users\/1"}],"replies":[{"embeddable":true,"href":"https:\/\/www.starremedies.com\/es\/wp-json\/wp\/v2\/comments?post=3548"}],"version-history":[{"count":9,"href":"https:\/\/www.starremedies.com\/es\/wp-json\/wp\/v2\/pages\/3548\/revisions"}],"predecessor-version":[{"id":27966,"href":"https:\/\/www.starremedies.com\/es\/wp-json\/wp\/v2\/pages\/3548\/revisions\/27966"}],"wp:attachment":[{"href":"https:\/\/www.starremedies.com\/es\/wp-json\/wp\/v2\/media?parent=3548"}],"curies":[{"name":"wp","href":"https:\/\/api.w.org\/{rel}","templated":true}]}}