{"id":3386,"date":"2016-02-19T12:21:48","date_gmt":"2016-02-19T11:21:48","guid":{"rendered":"https:\/\/www.starremedies.com\/?page_id=3386"},"modified":"2025-02-04T13:19:30","modified_gmt":"2025-02-04T12:19:30","slug":"ainsworths","status":"publish","type":"page","link":"https:\/\/www.starremedies.com\/es\/brands\/ainsworths\/","title":{"rendered":"Esencias florales de Bach Ainsworths"},"content":{"rendered":"<section class=\"section section_breadcrumbs\" id=\"section_334269102\">\n\t\t<div class=\"section-bg fill\" >\n\t\t\t\t\t\t\t\t\t\n\t\t\t\n\n\t\t<\/div>\n\n\t\t\n\n\t\t<div class=\"section-content relative\">\n\t\t\t\n<div class=\"row breadcrumbs-row\"  id=\"row-965097451\">\n\n\t<div id=\"col-794429412\" class=\"col small-12 large-12\"  >\n\t\t\t\t<div class=\"col-inner\"  >\n\t\t\t\n\t\t\t\n\t<div id=\"text-2539557065\" class=\"text breadcrumbs\">\n\t\t\n<span><span><a href=\"https:\/\/www.starremedies.com\/es\/\">Inicio<\/a><\/span><\/span>\n\t\t\t<\/div>\n\t\n\t\t<\/div>\n\t\t\t\t\t<\/div>\n\n\t\n\n<style>\n#row-965097451 > .col > .col-inner {\n  padding: 0px 0px 0px 0px;\n}\n<\/style>\n<\/div>\n\t\t<\/div>\n\n\t\t\n<style>\n#section_334269102 {\n  padding-top: 0px;\n  padding-bottom: 0px;\n  margin-bottom: 0px;\n}\n<\/style>\n\t<\/section>\n\t\n\n\t<section class=\"section products_row\" id=\"section_682967246\">\n\t\t<div class=\"section-bg fill\" >\n\t\t\t\t\t\t\t\t\t\n\t\t\t\n\n\t\t<\/div>\n\n\t\t\n\n\t\t<div class=\"section-content relative\">\n\t\t\t\n<div class=\"row align-middle align-center\"  id=\"row-1646194622\">\n\n\t<div id=\"col-1513297537\" class=\"col medium-4 small-8 large-2\"  >\n\t\t\t\t<div class=\"col-inner text-center\"  >\n\t\t\t\n\t\t\t\n\t<div class=\"img has-hover x md-x lg-x y md-y lg-y\" id=\"image_952911343\">\n\t\t\t\t\t\t\t\t<div class=\"img-inner dark\" >\n\t\t\t<img decoding=\"async\" width=\"4186\" height=\"783\" src=\"https:\/\/www.starremedies.com\/wp-content\/uploads\/2016\/02\/Ainsworhts-logo.png\" class=\"attachment-original size-original\" alt=\"\" srcset=\"https:\/\/www.starremedies.com\/wp-content\/uploads\/2016\/02\/Ainsworhts-logo.png 4186w, https:\/\/www.starremedies.com\/wp-content\/uploads\/2016\/02\/Ainsworhts-logo-300x56.png 300w, https:\/\/www.starremedies.com\/wp-content\/uploads\/2016\/02\/Ainsworhts-logo-768x144.png 768w, https:\/\/www.starremedies.com\/wp-content\/uploads\/2016\/02\/Ainsworhts-logo-1030x193.png 1030w, https:\/\/www.starremedies.com\/wp-content\/uploads\/2016\/02\/Ainsworhts-logo-1500x281.png 1500w, https:\/\/www.starremedies.com\/wp-content\/uploads\/2016\/02\/Ainsworhts-logo-705x132.png 705w, https:\/\/www.starremedies.com\/wp-content\/uploads\/2016\/02\/Ainsworhts-logo-450x84.png 450w\" sizes=\"(max-width: 4186px) 100vw, 4186px\" \/>\t\t\t\t\t\t\n\t\t\t\t\t<\/div>\n\t\t\t\t\t\t\t\t\n<style>\n#image_952911343 {\n  width: 100%;\n}\n<\/style>\n\t<\/div>\n\t\n\t\t<\/div>\n\t\t\t\t\n<style>\n#col-1513297537 > .col-inner {\n  padding: 50px 0px 0px 0px;\n}\n<\/style>\n\t<\/div>\n\n\t\n\n\t<div id=\"col-1506642235\" class=\"col small-12 large-12\"  >\n\t\t\t\t<div class=\"col-inner text-center\"  >\n\t\t\t\n\t\t\t\n\t<div id=\"text-1015949842\" class=\"text\">\n\t\t\n<h1>AINSWORTHS ESENCIAS FLORALES ORIGINALES DE BACH<\/h1>\n<h2>seg\u00fan edward bach<\/h2>\n<p><strong>Diluci\u00f3n de 1 en 240<\/strong><br \/>\n<strong>botellas originales<\/strong><br \/>\n<strong>Hecho a mano en Inglaterra<\/strong><\/p>\n\t\t\n<style>\n#text-1015949842 {\n  text-align: center;\n}\n<\/style>\n\t<\/div>\n\t\n\t\t<\/div>\n\t\t\t\t\t<\/div>\n\n\t\n<\/div>\n\t\t<\/div>\n\n\t\t\n<style>\n#section_682967246 {\n  padding-top: 30px;\n  padding-bottom: 30px;\n  background-color: rgb(247, 247, 247);\n}\n<\/style>\n\t<\/section>\n\t\n\n\t<section class=\"section\" id=\"section_1574162992\">\n\t\t<div class=\"section-bg fill\" >\n\t\t\t\t\t\t\t\t\t\n\t\t\t\n\n\t\t<\/div>\n\n\t\t\n\n\t\t<div class=\"section-content relative\">\n\t\t\t\n<div class=\"row\"  id=\"row-781401535\">\n\n\t<div id=\"col-1473510940\" class=\"col medium-6 small-12 large-6\"  >\n\t\t\t\t<div class=\"col-inner\"  >\n\t\t\t\n\t\t\t\n<div class=\"row align-center\"  id=\"row-294768043\">\n\n\t<div id=\"col-1964937726\" class=\"col medium-4 small-4 large-2\"  >\n\t\t\t\t<div class=\"col-inner\"  >\n\t\t\t\n\t\t\t\n\t<div class=\"img has-hover x md-x lg-x y md-y lg-y\" id=\"image_1438384922\">\n\t\t\t\t\t\t\t\t<div class=\"img-inner dark\" >\n\t\t\t<img decoding=\"async\" width=\"100\" height=\"100\" src=\"https:\/\/www.starremedies.com\/wp-content\/uploads\/2016\/02\/gmp.png\" class=\"attachment-large size-large\" alt=\"\" srcset=\"https:\/\/www.starremedies.com\/wp-content\/uploads\/2016\/02\/gmp.png 100w, https:\/\/www.starremedies.com\/wp-content\/uploads\/2016\/02\/gmp-80x80.png 80w, https:\/\/www.starremedies.com\/wp-content\/uploads\/2016\/02\/gmp-36x36.png 36w\" sizes=\"(max-width: 100px) 100vw, 100px\" \/>\t\t\t\t\t\t\n\t\t\t\t\t<\/div>\n\t\t\t\t\t\t\t\t\n<style>\n#image_1438384922 {\n  width: 100%;\n}\n<\/style>\n\t<\/div>\n\t\n\t\t<\/div>\n\t\t\t\t\t<\/div>\n\n\t\n\n\t<div id=\"col-1651286630\" class=\"col small-12 large-12\"  >\n\t\t\t\t<div class=\"col-inner\"  >\n\t\t\t\n\t\t\t\n<h3>Calidad reconocida<\/h3>\n<p>Su Majestad la Reina Isabel, el Pr\u00edncipe de Gales - el Pr\u00edncipe Carlos y la difunta Reina Madre han premiado personalmente a Ainsworths con el predicado real \/ proveedor de la corte real. Durante a\u00f1os las esencias de Flores de Bach Ainsworths han sido utilizadas por la Casa Real Inglesa. Las Esencias Florales de Bach Ainsworths se elaboran exactamente con el mismo m\u00e9todo con el que el Dr. Edward Bach tambi\u00e9n las elaboraba y, por lo tanto, son Esencias Florales de Bach Originales.<\/p>\n\t\t<\/div>\n\t\t\t\t\t<\/div>\n\n\t\n<\/div>\n\t\t<\/div>\n\t\t\t\t\t<\/div>\n\n\t\n\n\t<div id=\"col-999324627\" class=\"col medium-6 small-12 large-6\"  >\n\t\t\t\t<div class=\"col-inner\"  >\n\t\t\t\n\t\t\t\n<div class=\"row align-center\"  id=\"row-1181989836\">\n\n\t<div id=\"col-1669083171\" class=\"col medium-6 small-6 large-3\"  >\n\t\t\t\t<div class=\"col-inner\"  >\n\t\t\t\n\t\t\t\n\t<div class=\"img has-hover x md-x lg-x y md-y lg-y\" id=\"image_1221641259\">\n\t\t\t\t\t\t\t\t<div class=\"img-inner dark\" >\n\t\t\t<img decoding=\"async\" width=\"172\" height=\"108\" src=\"https:\/\/www.starremedies.com\/wp-content\/uploads\/2016\/02\/warrants.png\" class=\"attachment-large size-large\" alt=\"\" \/>\t\t\t\t\t\t\n\t\t\t\t\t<\/div>\n\t\t\t\t\t\t\t\t\n<style>\n#image_1221641259 {\n  width: 100%;\n}\n<\/style>\n\t<\/div>\n\t\n\t\t<\/div>\n\t\t\t\t\t<\/div>\n\n\t\n\n\t<div id=\"col-1578990064\" class=\"col small-12 large-12\"  >\n\t\t\t\t<div class=\"col-inner\"  >\n\t\t\t\n\t\t\t\n<h3>Proveedor real<\/h3>\n<p>Ainsworths tiene el honor de haber sido nombrado Royal Warrant Holder para la entrega de sus medicamentos homeop\u00e1ticos a SM la Reina, SM la Reina Madre y SAR el Pr\u00edncipe de Gales. Aprobado con tres reconocimientos como proveedor de la Casa Real por nombramiento de SAR el Pr\u00edncipe Carlos, SM la Reina y SM la Reina Madre. Este nombramiento s\u00f3lo se concede a las empresas que cumplen normas ejemplares.<\/p>\n\t\t<\/div>\n\t\t\t\t\t<\/div>\n\n\t\n<\/div>\n\t\t<\/div>\n\t\t\t\t\t<\/div>\n\n\t\n\n\t<div id=\"col-297657967\" class=\"col small-12 large-12\"  >\n\t\t\t\t<div class=\"col-inner\"  >\n\t\t\t\n\t\t\t\n<div class=\"row align-center\"  id=\"row-313842040\">\n\n\t<div id=\"col-42461610\" class=\"col medium-3 small-6 large-2\"  >\n\t\t\t\t<div class=\"col-inner text-center\"  >\n\t\t\t\n\t\t\t\n\t<div class=\"img has-hover x md-x lg-x y md-y lg-y\" id=\"image_1446705920\">\n\t\t\t\t\t\t\t\t<div class=\"img-inner dark\" >\n\t\t\t<img decoding=\"async\" width=\"150\" height=\"75\" src=\"https:\/\/www.starremedies.com\/wp-content\/uploads\/2016\/02\/1240.gif\" class=\"attachment-original size-original\" alt=\"\" \/>\t\t\t\t\t\t\n\t\t\t\t\t<\/div>\n\t\t\t\t\t\t\t\t\n<style>\n#image_1446705920 {\n  width: 90%;\n}\n<\/style>\n\t<\/div>\n\t\n\t\t<\/div>\n\t\t\t\t\t<\/div>\n\n\t\n\n\t<div id=\"col-2009612718\" class=\"col small-12 large-12\"  >\n\t\t\t\t<div class=\"col-inner\"  >\n\t\t\t\n\t\t\t\n<h2>Esencias florales de Bach originales<\/h2>\n<p>Las esencias florales de Bach son tan esenciales como cuando fueron descubiertas. En Ainsworths se preparan las esencias de las mismas plantas que utilizaba el Dr. Edward Bach. S\u00f3lo se utilizan especies que crecen en estado silvestre. Las esencias de flores de Bach de Ainsworths se elaboran a base de brandy con una diluci\u00f3n de 1: 240. Edward Bach elabor\u00f3 sus esencias de Bach. Las esencias de Flores de Bach Ainsworths est\u00e1n disponibles tanto sueltas como por set de 10 ml. Aunque el Dr. Edward Bach era home\u00f3pata de profesi\u00f3n, afirm\u00f3 claramente que sus esencias florales de Bach no eran ni son en absoluto preparados homeop\u00e1ticos.<\/p>\n\t\t<\/div>\n\t\t\t\t\t<\/div>\n\n\t\n<\/div>\n\t\t<\/div>\n\t\t\t\t\t<\/div>\n\n\t\n\n\t<div id=\"col-1282302700\" class=\"col medium-6 small-12 large-6\"  >\n\t\t\t\t<div class=\"col-inner\"  >\n\t\t\t\n\t\t\t\n<div class=\"row align-center\"  id=\"row-1622153399\">\n\n\t<div id=\"col-1199613122\" class=\"col medium-8 small-12 large-8\"  >\n\t\t\t\t<div class=\"col-inner\"  >\n\t\t\t\n\t\t\t\n\t<div class=\"img has-hover x md-x lg-x y md-y lg-y\" id=\"image_460889068\">\n\t\t\t\t\t\t\t\t<div class=\"img-inner dark\" >\n\t\t\t<img decoding=\"async\" width=\"500\" height=\"500\" src=\"https:\/\/www.starremedies.com\/wp-content\/uploads\/2021\/08\/Ainworths-Emergency-Cream.jpg\" class=\"attachment-original size-original\" alt=\"\" srcset=\"https:\/\/www.starremedies.com\/wp-content\/uploads\/2021\/08\/Ainworths-Emergency-Cream.jpg 500w, https:\/\/www.starremedies.com\/wp-content\/uploads\/2021\/08\/Ainworths-Emergency-Cream-300x300.jpg 300w, https:\/\/www.starremedies.com\/wp-content\/uploads\/2021\/08\/Ainworths-Emergency-Cream-80x80.jpg 80w\" sizes=\"(max-width: 500px) 100vw, 500px\" \/>\t\t\t\t\t\t\n\t\t\t\t\t<\/div>\n\t\t\t\t\t\t\t\t\n<style>\n#image_460889068 {\n  width: 100%;\n}\n<\/style>\n\t<\/div>\n\t\n\t\t<\/div>\n\t\t\t\t\t<\/div>\n\n\t\n\n\t<div id=\"col-1446682388\" class=\"col small-12 large-12\"  >\n\t\t\t\t<div class=\"col-inner\"  >\n\t\t\t\n\t\t\t\n<h3>Crema de emergencia Ainsworths<\/h3>\n<p>Esta crema se elabora con una f\u00f3rmula \u00fanica que es 100% natural y s\u00f3lo contiene conservantes naturales. Esto es especialmente importante para una crema de flor de bach, que est\u00e1 pensada como una crema \"hol\u00edstica\" suave. Al utilizar conservantes naturales, se preserva la energ\u00eda natural del producto.<\/p>\n<p>\u00a1La crema de emergencia Ainsworths s\u00f3lo contiene ingredientes naturales 100%!<\/p>\n<p>Composici\u00f3n: Estrella de Bel\u00e9n, jara, impatiens, cerezo, clem\u00e1tide, mimulus, \u00e1lamo tembl\u00f3n, casta\u00f1o blanco.<\/p>\n\t\t<\/div>\n\t\t\t\t\t<\/div>\n\n\t\n<\/div>\n\t\t<\/div>\n\t\t\t\t\t<\/div>\n\n\t\n\n\t<div id=\"col-665456621\" class=\"col medium-6 small-12 large-6\"  >\n\t\t\t\t<div class=\"col-inner\"  >\n\t\t\t\n\t\t\t\n<div class=\"row align-center\"  id=\"row-1395011156\">\n\n\t<div id=\"col-1579528410\" class=\"col medium-8 small-12 large-8\"  >\n\t\t\t\t<div class=\"col-inner\"  >\n\t\t\t\n\t\t\t\n\t<div class=\"img has-hover x md-x lg-x y md-y lg-y\" id=\"image_128807624\">\n\t\t\t\t\t\t\t\t<div class=\"img-inner dark\" >\n\t\t\t<img decoding=\"async\" width=\"500\" height=\"500\" src=\"https:\/\/www.starremedies.com\/wp-content\/uploads\/2021\/08\/Recovery-Remedy.jpg\" class=\"attachment-original size-original\" alt=\"\" srcset=\"https:\/\/www.starremedies.com\/wp-content\/uploads\/2021\/08\/Recovery-Remedy.jpg 500w, https:\/\/www.starremedies.com\/wp-content\/uploads\/2021\/08\/Recovery-Remedy-300x300.jpg 300w, https:\/\/www.starremedies.com\/wp-content\/uploads\/2021\/08\/Recovery-Remedy-80x80.jpg 80w\" sizes=\"(max-width: 500px) 100vw, 500px\" \/>\t\t\t\t\t\t\n\t\t\t\t\t<\/div>\n\t\t\t\t\t\t\t\t\n<style>\n#image_128807624 {\n  width: 100%;\n}\n<\/style>\n\t<\/div>\n\t\n\t\t<\/div>\n\t\t\t\t\t<\/div>\n\n\t\n\n\t<div id=\"col-592825460\" class=\"col small-12 large-12\"  >\n\t\t\t\t<div class=\"col-inner\"  >\n\t\t\t\n\t\t\t\n<h3>Ainsworths Recovery Plus<\/h3>\n<p>Esencia combinada Recovery de Ainsworths con esencias florales a\u00f1adidas<\/p>\n\t\t<\/div>\n\t\t\t\t\t<\/div>\n\n\t\n<\/div>\n\t\t<\/div>\n\t\t\t\t\t<\/div>\n\n\t\n\n\t<div id=\"col-1295802767\" class=\"col small-12 large-12\"  >\n\t\t\t\t<div class=\"col-inner\"  >\n\t\t\t\n\t\t\t\n<div class=\"row align-center\"  id=\"row-1458360056\">\n\n\t<div id=\"col-723547089\" class=\"col medium-3 small-6 large-2\"  >\n\t\t\t\t<div class=\"col-inner text-center\"  >\n\t\t\t\n\t\t\t\n\t<div class=\"img has-hover x md-x lg-x y md-y lg-y\" id=\"image_1980877096\">\n\t\t\t\t\t\t\t\t<div class=\"img-inner dark\" >\n\t\t\t<img decoding=\"async\" width=\"150\" height=\"75\" src=\"https:\/\/www.starremedies.com\/wp-content\/uploads\/2016\/02\/1240.gif\" class=\"attachment-original size-original\" alt=\"\" \/>\t\t\t\t\t\t\n\t\t\t\t\t<\/div>\n\t\t\t\t\t\t\t\t\n<style>\n#image_1980877096 {\n  width: 90%;\n}\n<\/style>\n\t<\/div>\n\t\n\t\t<\/div>\n\t\t\t\t\t<\/div>\n\n\t\n\n\t<div id=\"col-1944188740\" class=\"col small-12 large-12\"  >\n\t\t\t\t<div class=\"col-inner\"  >\n\t\t\t\n\t\t\t\n<h3>Diluci\u00f3n de 1 en 240<\/h3>\n<p>Ainsworths hace esencias de Flores de Bach de acuerdo con los escritos del Dr. med. Edward Bach con una diluci\u00f3n de 1 a 240. Esto significa que 1 gota de tintura madre se diluye en 240 gotas de brandy. Esto presenta unas potentes flores de Bach. NOTA : \u00a11 en 240 es diferente de 1 en 240%!<\/p>\n<h4>Aut\u00e9ntico<\/h4>\n<p>Ainsworths produce de la misma manera que el Dr. Edward Bach hac\u00eda sus esencias de Bach. El proceso de producci\u00f3n contiene mucho trabajo manual, por lo que la atenci\u00f3n a las flores de Bach es esencial. Ainsworths fabrica Esencias Florales de Bach Originales exactamente como y en el esp\u00edritu del Dr. Edward Bach y Nora Weeks.<\/p>\n<h4>Naturaleza<\/h4>\n<p>Las esencias florales de Bach Ainsworths se elaboran a partir de plantas, arbustos y \u00e1rboles que crecen en zonas donde no llega la gente.<\/p>\n\t\t<\/div>\n\t\t\t\t\n<style>\n#col-1944188740 > .col-inner {\n  padding: 0px 0px 75px 0px;\n}\n<\/style>\n\t<\/div>\n\n\t\n\n\t<div id=\"col-1911099768\" class=\"col small-12 large-12\"  >\n\t\t\t\t<div class=\"col-inner\"  >\n\t\t\t\n\t\t\t\n<h2>Comprar ESENCIAS FLORALES BACH<\/h2>\n<p>Las esencias florales de Bach Ainsworths pueden encargarse por separado en\u00a0<a href=\"https:\/\/www.starremediesshop.com\/es\/bachfloweressences\/ainsworths\/\" target=\"_blank\" rel=\"noopener\">starremediesshop.com<\/a><\/p>\n<p>Eres Empresario, profesional o terapeuta, y est\u00e1s interesado en los productos de Star Remedies.\u00a0<a href=\"https:\/\/www.starremedies.com\/es\/companies\/\">Inscr\u00edbase a trav\u00e9s del formulario de inscripci\u00f3n para empresas<\/a>\u00a0y para terapeutas y profesionales,\u00a0<a href=\"https:\/\/www.starremedies.com\/es\/companies\/\">formulario de inscripci\u00f3n para profesionales<\/a>.<\/p>\n\t\t<\/div>\n\t\t\t\t\t<\/div>\n\n\t\n<\/div>\n\t\t<\/div>\n\t\t\t\t\t<\/div>\n\n\t\n<\/div>\n\t\t<\/div>\n\n\t\t\n<style>\n#section_1574162992 {\n  padding-top: 30px;\n  padding-bottom: 30px;\n}\n<\/style>\n\t<\/section>","protected":false},"excerpt":{"rendered":"","protected":false},"author":1,"featured_media":0,"parent":4107,"menu_order":0,"comment_status":"closed","ping_status":"closed","template":"page-blank.php","meta":{"footnotes":""},"class_list":["post-3386","page","type-page","status-publish","hentry"],"yoast_head":"<!-- This site is optimized with the Yoast SEO plugin v27.3 - https:\/\/yoast.com\/product\/yoast-seo-wordpress\/ -->\n<title>Ainsworths bach flower essences - original bach flowers<\/title>\n<meta name=\"description\" content=\"Ainsworths bach flower essences are made according to the method of Edward Bach and have the original dilution of 1 in 240. Bach flowers from England.\" \/>\n<meta name=\"robots\" content=\"index, follow, max-snippet:-1, max-image-preview:large, max-video-preview:-1\" \/>\n<link rel=\"canonical\" href=\"https:\/\/www.starremedies.com\/es\/brands\/ainsworths\/\" \/>\n<meta property=\"og:locale\" content=\"es_ES\" \/>\n<meta property=\"og:type\" content=\"article\" \/>\n<meta property=\"og:title\" content=\"Ainsworths bach flower essences - original bach flowers\" \/>\n<meta property=\"og:description\" content=\"Ainsworths bach flower essences are made according to the method of Edward Bach and have the original dilution of 1 in 240. Bach flowers from England.\" \/>\n<meta property=\"og:url\" content=\"https:\/\/www.starremedies.com\/es\/brands\/ainsworths\/\" \/>\n<meta property=\"og:site_name\" content=\"Star Remedies\" \/>\n<meta property=\"article:publisher\" content=\"https:\/\/www.facebook.com\/starremedies\/\" \/>\n<meta property=\"article:modified_time\" content=\"2025-02-04T12:19:30+00:00\" \/>\n<meta name=\"twitter:card\" content=\"summary_large_image\" \/>\n<script type=\"application\/ld+json\" class=\"yoast-schema-graph\">{\"@context\":\"https:\\\/\\\/schema.org\",\"@graph\":[{\"@type\":\"WebPage\",\"@id\":\"https:\\\/\\\/www.starremedies.com\\\/brands\\\/ainsworths\\\/\",\"url\":\"https:\\\/\\\/www.starremedies.com\\\/brands\\\/ainsworths\\\/\",\"name\":\"Ainsworths bach flower essences - original bach flowers\",\"isPartOf\":{\"@id\":\"https:\\\/\\\/www.starremedies.com\\\/#website\"},\"datePublished\":\"2016-02-19T11:21:48+00:00\",\"dateModified\":\"2025-02-04T12:19:30+00:00\",\"description\":\"Ainsworths bach flower essences are made according to the method of Edward Bach and have the original dilution of 1 in 240. Bach flowers from England.\",\"breadcrumb\":{\"@id\":\"https:\\\/\\\/www.starremedies.com\\\/brands\\\/ainsworths\\\/#breadcrumb\"},\"inLanguage\":\"es\",\"potentialAction\":[{\"@type\":\"ReadAction\",\"target\":[\"https:\\\/\\\/www.starremedies.com\\\/brands\\\/ainsworths\\\/\"]}]},{\"@type\":\"BreadcrumbList\",\"@id\":\"https:\\\/\\\/www.starremedies.com\\\/brands\\\/ainsworths\\\/#breadcrumb\",\"itemListElement\":[{\"@type\":\"ListItem\",\"position\":1,\"name\":\"Home\",\"item\":\"https:\\\/\\\/www.starremedies.com\\\/\"},{\"@type\":\"ListItem\",\"position\":2,\"name\":\"Our Brands\",\"item\":\"https:\\\/\\\/www.starremedies.com\\\/brands\\\/\"},{\"@type\":\"ListItem\",\"position\":3,\"name\":\"Ainsworths Bach Flowers Essences\"}]},{\"@type\":\"WebSite\",\"@id\":\"https:\\\/\\\/www.starremedies.com\\\/#website\",\"url\":\"https:\\\/\\\/www.starremedies.com\\\/\",\"name\":\"Star Remedies\",\"description\":\"\",\"publisher\":{\"@id\":\"https:\\\/\\\/www.starremedies.com\\\/#organization\"},\"potentialAction\":[{\"@type\":\"SearchAction\",\"target\":{\"@type\":\"EntryPoint\",\"urlTemplate\":\"https:\\\/\\\/www.starremedies.com\\\/?s={search_term_string}\"},\"query-input\":{\"@type\":\"PropertyValueSpecification\",\"valueRequired\":true,\"valueName\":\"search_term_string\"}}],\"inLanguage\":\"es\"},{\"@type\":\"Organization\",\"@id\":\"https:\\\/\\\/www.starremedies.com\\\/#organization\",\"name\":\"Star Remedies\",\"url\":\"https:\\\/\\\/www.starremedies.com\\\/\",\"logo\":{\"@type\":\"ImageObject\",\"inLanguage\":\"es\",\"@id\":\"https:\\\/\\\/www.starremedies.com\\\/#\\\/schema\\\/logo\\\/image\\\/\",\"url\":\"https:\\\/\\\/www.starremedies.com\\\/wp-content\\\/uploads\\\/2016\\\/02\\\/srl.gif\",\"contentUrl\":\"https:\\\/\\\/www.starremedies.com\\\/wp-content\\\/uploads\\\/2016\\\/02\\\/srl.gif\",\"width\":250,\"height\":250,\"caption\":\"Star Remedies\"},\"image\":{\"@id\":\"https:\\\/\\\/www.starremedies.com\\\/#\\\/schema\\\/logo\\\/image\\\/\"},\"sameAs\":[\"https:\\\/\\\/www.facebook.com\\\/starremedies\\\/\",\"https:\\\/\\\/www.instagram.com\\\/starremedies\\\/\"]}]}<\/script>\n<!-- \/ Yoast SEO plugin. -->","yoast_head_json":{"title":"Ainsworths bach flower essences - flores originales de bach","description":"Las esencias florales Ainsworths bach se elaboran seg\u00fan el m\u00e9todo de Edward Bach y tienen la diluci\u00f3n original de 1 en 240. Flores de Bach de Inglaterra.","robots":{"index":"index","follow":"follow","max-snippet":"max-snippet:-1","max-image-preview":"max-image-preview:large","max-video-preview":"max-video-preview:-1"},"canonical":"https:\/\/www.starremedies.com\/es\/brands\/ainsworths\/","og_locale":"es_ES","og_type":"article","og_title":"Ainsworths bach flower essences - original bach flowers","og_description":"Ainsworths bach flower essences are made according to the method of Edward Bach and have the original dilution of 1 in 240. Bach flowers from England.","og_url":"https:\/\/www.starremedies.com\/es\/brands\/ainsworths\/","og_site_name":"Star Remedies","article_publisher":"https:\/\/www.facebook.com\/starremedies\/","article_modified_time":"2025-02-04T12:19:30+00:00","twitter_card":"summary_large_image","schema":{"@context":"https:\/\/schema.org","@graph":[{"@type":"WebPage","@id":"https:\/\/www.starremedies.com\/brands\/ainsworths\/","url":"https:\/\/www.starremedies.com\/brands\/ainsworths\/","name":"Ainsworths bach flower essences - flores originales de bach","isPartOf":{"@id":"https:\/\/www.starremedies.com\/#website"},"datePublished":"2016-02-19T11:21:48+00:00","dateModified":"2025-02-04T12:19:30+00:00","description":"Las esencias florales Ainsworths bach se elaboran seg\u00fan el m\u00e9todo de Edward Bach y tienen la diluci\u00f3n original de 1 en 240. Flores de Bach de Inglaterra.","breadcrumb":{"@id":"https:\/\/www.starremedies.com\/brands\/ainsworths\/#breadcrumb"},"inLanguage":"es","potentialAction":[{"@type":"ReadAction","target":["https:\/\/www.starremedies.com\/brands\/ainsworths\/"]}]},{"@type":"BreadcrumbList","@id":"https:\/\/www.starremedies.com\/brands\/ainsworths\/#breadcrumb","itemListElement":[{"@type":"ListItem","position":1,"name":"Home","item":"https:\/\/www.starremedies.com\/"},{"@type":"ListItem","position":2,"name":"Our Brands","item":"https:\/\/www.starremedies.com\/brands\/"},{"@type":"ListItem","position":3,"name":"Ainsworths Bach Flowers Essences"}]},{"@type":"WebSite","@id":"https:\/\/www.starremedies.com\/#website","url":"https:\/\/www.starremedies.com\/","name":"Remedios estrella","description":"","publisher":{"@id":"https:\/\/www.starremedies.com\/#organization"},"potentialAction":[{"@type":"SearchAction","target":{"@type":"EntryPoint","urlTemplate":"https:\/\/www.starremedies.com\/?s={search_term_string}"},"query-input":{"@type":"PropertyValueSpecification","valueRequired":true,"valueName":"search_term_string"}}],"inLanguage":"es"},{"@type":"Organization","@id":"https:\/\/www.starremedies.com\/#organization","name":"Remedios estrella","url":"https:\/\/www.starremedies.com\/","logo":{"@type":"ImageObject","inLanguage":"es","@id":"https:\/\/www.starremedies.com\/#\/schema\/logo\/image\/","url":"https:\/\/www.starremedies.com\/wp-content\/uploads\/2016\/02\/srl.gif","contentUrl":"https:\/\/www.starremedies.com\/wp-content\/uploads\/2016\/02\/srl.gif","width":250,"height":250,"caption":"Star Remedies"},"image":{"@id":"https:\/\/www.starremedies.com\/#\/schema\/logo\/image\/"},"sameAs":["https:\/\/www.facebook.com\/starremedies\/","https:\/\/www.instagram.com\/starremedies\/"]}]}},"_links":{"self":[{"href":"https:\/\/www.starremedies.com\/es\/wp-json\/wp\/v2\/pages\/3386","targetHints":{"allow":["GET"]}}],"collection":[{"href":"https:\/\/www.starremedies.com\/es\/wp-json\/wp\/v2\/pages"}],"about":[{"href":"https:\/\/www.starremedies.com\/es\/wp-json\/wp\/v2\/types\/page"}],"author":[{"embeddable":true,"href":"https:\/\/www.starremedies.com\/es\/wp-json\/wp\/v2\/users\/1"}],"replies":[{"embeddable":true,"href":"https:\/\/www.starremedies.com\/es\/wp-json\/wp\/v2\/comments?post=3386"}],"version-history":[{"count":10,"href":"https:\/\/www.starremedies.com\/es\/wp-json\/wp\/v2\/pages\/3386\/revisions"}],"predecessor-version":[{"id":27929,"href":"https:\/\/www.starremedies.com\/es\/wp-json\/wp\/v2\/pages\/3386\/revisions\/27929"}],"up":[{"embeddable":true,"href":"https:\/\/www.starremedies.com\/es\/wp-json\/wp\/v2\/pages\/4107"}],"wp:attachment":[{"href":"https:\/\/www.starremedies.com\/es\/wp-json\/wp\/v2\/media?parent=3386"}],"curies":[{"name":"wp","href":"https:\/\/api.w.org\/{rel}","templated":true}]}}