{"id":27285,"date":"2022-12-12T11:34:02","date_gmt":"2022-12-12T10:34:02","guid":{"rendered":"https:\/\/www.starremedies.com\/?page_id=27285"},"modified":"2025-02-04T13:38:15","modified_gmt":"2025-02-04T12:38:15","slug":"scottish-highland-essences","status":"publish","type":"page","link":"https:\/\/www.starremedies.com\/es\/brands\/starremedies\/scottish-highland-essences\/","title":{"rendered":"Scottish Highland Essences"},"content":{"rendered":"<section class=\"section section_breadcrumbs\" id=\"section_1560108158\">\n\t\t<div class=\"section-bg fill\" >\n\t\t\t\t\t\t\t\t\t\n\t\t\t\n\n\t\t<\/div>\n\n\t\t\n\n\t\t<div class=\"section-content relative\">\n\t\t\t\n<div class=\"row breadcrumbs-row\"  id=\"row-1053158421\">\n\n\t<div id=\"col-591627695\" class=\"col small-12 large-12\"  >\n\t\t\t\t<div class=\"col-inner\"  >\n\t\t\t\n\t\t\t\n\t<div id=\"text-475414458\" class=\"text breadcrumbs\">\n\t\t\n<span><span><a href=\"https:\/\/www.starremedies.com\/es\/\">Inicio<\/a><\/span><\/span>\n\t\t\t<\/div>\n\t\n\t\t<\/div>\n\t\t\t\t\t<\/div>\n\n\t\n\n<style>\n#row-1053158421 > .col > .col-inner {\n  padding: 0px 0px 0px 0px;\n}\n<\/style>\n<\/div>\n\t\t<\/div>\n\n\t\t\n<style>\n#section_1560108158 {\n  padding-top: 0px;\n  padding-bottom: 0px;\n  margin-bottom: 0px;\n}\n<\/style>\n\t<\/section>\n\t\n\n\t<section class=\"section products_row\" id=\"section_1921729387\">\n\t\t<div class=\"section-bg fill\" >\n\t\t\t\t\t\t\t\t\t\n\t\t\t\n\n\t\t<\/div>\n\n\t\t\n\n\t\t<div class=\"section-content relative\">\n\t\t\t\n<div class=\"row align-middle align-center\"  id=\"row-2009390602\">\n\n\t<div id=\"col-1814498437\" class=\"col medium-3 small-9 large-3\"  >\n\t\t\t\t<div class=\"col-inner text-center\"  >\n\t\t\t\n\t\t\t\n\t<div class=\"img has-hover x md-x lg-x y md-y lg-y\" id=\"image_1155165804\">\n\t\t\t\t\t\t\t\t<div class=\"img-inner dark\" >\n\t\t\t<img decoding=\"async\" width=\"500\" height=\"500\" src=\"https:\/\/www.starremedies.com\/wp-content\/uploads\/2022\/12\/scottish-highland-essences-logo.webp\" class=\"attachment-original size-original\" alt=\"\" srcset=\"https:\/\/www.starremedies.com\/wp-content\/uploads\/2022\/12\/scottish-highland-essences-logo.webp 500w, https:\/\/www.starremedies.com\/wp-content\/uploads\/2022\/12\/scottish-highland-essences-logo-300x300.webp 300w, https:\/\/www.starremedies.com\/wp-content\/uploads\/2022\/12\/scottish-highland-essences-logo-80x80.webp 80w\" sizes=\"(max-width: 500px) 100vw, 500px\" \/>\t\t\t\t\t\t\n\t\t\t\t\t<\/div>\n\t\t\t\t\t\t\t\t\n<style>\n#image_1155165804 {\n  width: 100%;\n}\n@media (min-width:850px) {\n  #image_1155165804 {\n    width: 70%;\n  }\n}\n<\/style>\n\t<\/div>\n\t\n\t\t<\/div>\n\t\t\t\t\t<\/div>\n\n\t\n\n\t<div id=\"col-75166650\" class=\"col small-12 large-12\"  >\n\t\t\t\t<div class=\"col-inner text-center\"  >\n\t\t\t\n\t\t\t\n\t<div id=\"text-2125762069\" class=\"text\">\n\t\t\n<h1>ESENCIAS DE LAS TIERRAS ALTAS ESCOCESAS<\/h1>\n\t\t\n<style>\n#text-2125762069 {\n  text-align: center;\n}\n<\/style>\n\t<\/div>\n\t\n\t\t<\/div>\n\t\t\t\t\t<\/div>\n\n\t\n<\/div>\n\t\t<\/div>\n\n\t\t\n<style>\n#section_1921729387 {\n  padding-top: 30px;\n  padding-bottom: 30px;\n  background-color: rgb(247, 247, 247);\n}\n<\/style>\n\t<\/section>\n\t\n\n\t<section class=\"section\" id=\"section_930344406\">\n\t\t<div class=\"section-bg fill\" >\n\t\t\t\t\t\t\t\t\t\n\t\t\t\n\n\t\t<\/div>\n\n\t\t\n\n\t\t<div class=\"section-content relative\">\n\t\t\t\n<div class=\"row align-center\"  id=\"row-1966336226\">\n\n\t<div id=\"col-2098261826\" class=\"col small-12 large-12\"  >\n\t\t\t\t<div class=\"col-inner\"  >\n\t\t\t\n\t\t\t\n<h2 style=\"text-align: center;\">FRASCOS DE ESENCIAS DE SCOTTISH HIGHLAND<\/h2>\n<p>Las esencias vibracionales Star Remedies 7 essentials pueden pedirse por separado en\u00a0<a href=\"https:\/\/www.starremediesshop.com\/es\/floweressences\/starremedies\/sevenessentials\/\" target=\"_blank\" rel=\"noopener\">starremediesshop.com<\/a><\/p>\n<p>Eres Empresario, profesional o terapeuta, y est\u00e1s interesado en los productos de Star Remedies.\u00a0<a href=\"https:\/\/www.starremedies.com\/es\/companies\/\">Inscr\u00edbase a trav\u00e9s del formulario de inscripci\u00f3n para empresas<\/a>\u00a0y para terapeutas y profesionales,\u00a0<a href=\"https:\/\/www.starremedies.com\/es\/companies\/\">formulario de inscripci\u00f3n para profesionales<\/a>.<\/p>\n<p>Las Esencias de las Tierras Altas Escocesas han sido desarrolladas para ayudar a las personas a evolucionar en su camino espiritual mientras aprovechan las cualidades vibracionales que la naturaleza tiene para ofrecer poni\u00e9ndolas a disposici\u00f3n de aquellos que necesitan desarrollar su camino espiritual.<\/p>\n\t\t<\/div>\n\t\t\t\t\t<\/div>\n\n\t\n\n\t<div id=\"col-1083799088\" class=\"col medium-6 small-12 large-3\"  >\n\t\t\t\t<div class=\"col-inner text-center\"  >\n\t\t\t\n\t\t\t\n\t<div id=\"text-2871366024\" class=\"text\">\n\t\t\n<h3 class=\"uppercase\">Culloden<\/h3>\n\t\t\n<style>\n#text-2871366024 {\n  font-size: 0.9rem;\n  text-align: center;\n}\n<\/style>\n\t<\/div>\n\t\n\t<div class=\"img has-hover x md-x lg-x y md-y lg-y\" id=\"image_592345124\">\n\t\t\t\t\t\t\t\t<div class=\"img-inner dark\" style=\"margin:0px 50px 0px 50px;\">\n\t\t\t<img decoding=\"async\" width=\"300\" height=\"300\" src=\"https:\/\/www.starremedies.com\/wp-content\/uploads\/2022\/12\/culloden-300x300.jpg\" class=\"attachment-medium size-medium\" alt=\"\" srcset=\"https:\/\/www.starremedies.com\/wp-content\/uploads\/2022\/12\/culloden-300x300.jpg 300w, https:\/\/www.starremedies.com\/wp-content\/uploads\/2022\/12\/culloden-80x80.jpg 80w, https:\/\/www.starremedies.com\/wp-content\/uploads\/2022\/12\/culloden.jpg 500w\" sizes=\"(max-width: 300px) 100vw, 300px\" \/>\t\t\t\t\t\t\n\t\t\t\t\t<\/div>\n\t\t\t\t\t\t\t\t\n<style>\n#image_592345124 {\n  width: 100%;\n}\n@media (min-width:550px) {\n  #image_592345124 {\n    width: 70%;\n  }\n}\n@media (min-width:850px) {\n  #image_592345124 {\n    width: 100%;\n  }\n}\n<\/style>\n\t<\/div>\n\t\n\t<div id=\"text-2079069719\" class=\"text\">\n\t\t\n<p>Capacita a la humanidad para creer en lo que defiende sin sucumbir a influencias externas. Da fuerza interior para seguir adelante por grande o fuerte que sea la resistencia exterior.<\/p>\n<p>Sigue a tu rey, Sigue a tu dios, por favor s\u00e9 libre y yo te liberar\u00e9. Sigue la luz y ve en paz.<\/p>\n\t\t\n<style>\n#text-2079069719 {\n  font-size: 0.9rem;\n  text-align: left;\n}\n<\/style>\n\t<\/div>\n\t\n\t\t<\/div>\n\t\t\t\t\t<\/div>\n\n\t\n\n\t<div id=\"col-2089561436\" class=\"col medium-6 small-12 large-3\"  >\n\t\t\t\t<div class=\"col-inner text-center\"  >\n\t\t\t\n\t\t\t\n\t<div id=\"text-1976651154\" class=\"text\">\n\t\t\n<h3 class=\"uppercase\">Capilla Rosslyn<\/h3>\n\t\t\n<style>\n#text-1976651154 {\n  font-size: 0.9rem;\n  text-align: center;\n}\n<\/style>\n\t<\/div>\n\t\n\t<div class=\"img has-hover x md-x lg-x y md-y lg-y\" id=\"image_210589787\">\n\t\t\t\t\t\t\t\t<div class=\"img-inner dark\" style=\"margin:0px 50px 0px 50px;\">\n\t\t\t<img decoding=\"async\" width=\"500\" height=\"500\" src=\"https:\/\/www.starremedies.com\/wp-content\/uploads\/2022\/12\/rosslyn.jpg\" class=\"attachment-original size-original\" alt=\"\" srcset=\"https:\/\/www.starremedies.com\/wp-content\/uploads\/2022\/12\/rosslyn.jpg 500w, https:\/\/www.starremedies.com\/wp-content\/uploads\/2022\/12\/rosslyn-300x300.jpg 300w, https:\/\/www.starremedies.com\/wp-content\/uploads\/2022\/12\/rosslyn-80x80.jpg 80w\" sizes=\"(max-width: 500px) 100vw, 500px\" \/>\t\t\t\t\t\t\n\t\t\t\t\t<\/div>\n\t\t\t\t\t\t\t\t\n<style>\n#image_210589787 {\n  width: 100%;\n}\n@media (min-width:550px) {\n  #image_210589787 {\n    width: 70%;\n  }\n}\n@media (min-width:850px) {\n  #image_210589787 {\n    width: 100%;\n  }\n}\n<\/style>\n\t<\/div>\n\t\n\t<div id=\"text-1734827296\" class=\"text\">\n\t\t\n<p>Garantiza que las personas puedan desarrollar su verdadero camino espiritual, sin obst\u00e1culos en su camino y eliminando cualquier bloqueo. Una vez que utilizas este remedio, te permite recorrer realmente el camino espiritual. Se puede comparar con quitar el corcho de una botella de champ\u00e1n.<\/p>\n<p>Al tomar esta esencia, el bloqueo espiritual (l\u00e9ase: el corcho) desaparece, de modo que las personas pueden desarrollarse espiritualmente porque la energ\u00eda puede fluir de lo espiritual a lo f\u00edsico.<\/p>\n<p>Garantiza que se establezca realmente tu propia pieza divina y la conexi\u00f3n con lo divino. Garantiza que tu conciencia del camino espiritual se haga tangible para que se convierta en una parte tangible de tu propio desarrollo.<\/p>\n\t\t\n<style>\n#text-1734827296 {\n  font-size: 0.9rem;\n  text-align: left;\n}\n<\/style>\n\t<\/div>\n\t\n\t\t<\/div>\n\t\t\t\t\t<\/div>\n\n\t\n\n\t<div id=\"col-2050821212\" class=\"col small-12 large-12\"  >\n\t\t\t\t<div class=\"col-inner\"  >\n\t\t\t\n\t\t\t\n<h2>Comprar esencias de las Highlands escocesas<\/h2>\n<p>Las esencias Scottish Highland pueden encargarse por separado en\u00a0<a href=\"https:\/\/www.starremediesshop.com\/es\/floweressences\/starremedies\/scottishhighlandessences\/\">starremediesshop.com<\/a><\/p>\n<p>Eres Empresario, profesional o terapeuta, y est\u00e1s interesado en los productos de Star Remedies.\u00a0<a href=\"https:\/\/www.starremedies.com\/es\/companies\/\">Inscr\u00edbase a trav\u00e9s del formulario de inscripci\u00f3n para empresas<\/a>\u00a0y para terapeutas y profesionales,\u00a0<a href=\"https:\/\/www.starremedies.com\/es\/companies\/\">formulario de inscripci\u00f3n para profesionales<\/a>.<\/p>\n\t\t<\/div>\n\t\t\t\t\n<style>\n#col-2050821212 > .col-inner {\n  padding: 75px 0px 0px 0px;\n}\n<\/style>\n\t<\/div>\n\n\t\n<\/div>\n\t\t<\/div>\n\n\t\t\n<style>\n#section_930344406 {\n  padding-top: 30px;\n  padding-bottom: 30px;\n}\n<\/style>\n\t<\/section>","protected":false},"excerpt":{"rendered":"","protected":false},"author":1,"featured_media":0,"parent":3856,"menu_order":0,"comment_status":"closed","ping_status":"closed","template":"page-blank.php","meta":{"footnotes":""},"class_list":["post-27285","page","type-page","status-publish","hentry"],"yoast_head":"<!-- This site is optimized with the Yoast SEO plugin v27.6 - https:\/\/yoast.com\/product\/yoast-seo-wordpress\/ -->\n<title>Scottish Highland Essences - Star Remedies<\/title>\n<meta name=\"robots\" content=\"index, follow, max-snippet:-1, max-image-preview:large, max-video-preview:-1\" \/>\n<link rel=\"canonical\" href=\"https:\/\/www.starremedies.com\/es\/brands\/starremedies\/scottish-highland-essences\/\" \/>\n<meta property=\"og:locale\" content=\"es_ES\" \/>\n<meta property=\"og:type\" content=\"article\" \/>\n<meta property=\"og:title\" content=\"Scottish Highland Essences - Star Remedies\" \/>\n<meta property=\"og:url\" content=\"https:\/\/www.starremedies.com\/es\/brands\/starremedies\/scottish-highland-essences\/\" \/>\n<meta property=\"og:site_name\" content=\"Star Remedies\" \/>\n<meta property=\"article:publisher\" content=\"https:\/\/www.facebook.com\/starremedies\/\" \/>\n<meta property=\"article:modified_time\" content=\"2025-02-04T12:38:15+00:00\" \/>\n<meta name=\"twitter:card\" content=\"summary_large_image\" \/>\n<script type=\"application\/ld+json\" class=\"yoast-schema-graph\">{\"@context\":\"https:\\\/\\\/schema.org\",\"@graph\":[{\"@type\":\"WebPage\",\"@id\":\"https:\\\/\\\/www.starremedies.com\\\/brands\\\/starremedies\\\/scottish-highland-essences\\\/\",\"url\":\"https:\\\/\\\/www.starremedies.com\\\/brands\\\/starremedies\\\/scottish-highland-essences\\\/\",\"name\":\"Scottish Highland Essences - Star Remedies\",\"isPartOf\":{\"@id\":\"https:\\\/\\\/www.starremedies.com\\\/#website\"},\"datePublished\":\"2022-12-12T10:34:02+00:00\",\"dateModified\":\"2025-02-04T12:38:15+00:00\",\"breadcrumb\":{\"@id\":\"https:\\\/\\\/www.starremedies.com\\\/brands\\\/starremedies\\\/scottish-highland-essences\\\/#breadcrumb\"},\"inLanguage\":\"es\",\"potentialAction\":[{\"@type\":\"ReadAction\",\"target\":[\"https:\\\/\\\/www.starremedies.com\\\/brands\\\/starremedies\\\/scottish-highland-essences\\\/\"]}]},{\"@type\":\"BreadcrumbList\",\"@id\":\"https:\\\/\\\/www.starremedies.com\\\/brands\\\/starremedies\\\/scottish-highland-essences\\\/#breadcrumb\",\"itemListElement\":[{\"@type\":\"ListItem\",\"position\":1,\"name\":\"Home\",\"item\":\"https:\\\/\\\/www.starremedies.com\\\/\"},{\"@type\":\"ListItem\",\"position\":2,\"name\":\"Our Brands\",\"item\":\"https:\\\/\\\/www.starremedies.com\\\/brands\\\/\"},{\"@type\":\"ListItem\",\"position\":3,\"name\":\"Star Remedies Flower Essences\",\"item\":\"https:\\\/\\\/www.starremedies.com\\\/brands\\\/starremedies\\\/\"},{\"@type\":\"ListItem\",\"position\":4,\"name\":\"Scottish Highland Essences\"}]},{\"@type\":\"WebSite\",\"@id\":\"https:\\\/\\\/www.starremedies.com\\\/#website\",\"url\":\"https:\\\/\\\/www.starremedies.com\\\/\",\"name\":\"Star Remedies\",\"description\":\"\",\"publisher\":{\"@id\":\"https:\\\/\\\/www.starremedies.com\\\/#organization\"},\"potentialAction\":[{\"@type\":\"SearchAction\",\"target\":{\"@type\":\"EntryPoint\",\"urlTemplate\":\"https:\\\/\\\/www.starremedies.com\\\/?s={search_term_string}\"},\"query-input\":{\"@type\":\"PropertyValueSpecification\",\"valueRequired\":true,\"valueName\":\"search_term_string\"}}],\"inLanguage\":\"es\"},{\"@type\":\"Organization\",\"@id\":\"https:\\\/\\\/www.starremedies.com\\\/#organization\",\"name\":\"Star Remedies\",\"url\":\"https:\\\/\\\/www.starremedies.com\\\/\",\"logo\":{\"@type\":\"ImageObject\",\"inLanguage\":\"es\",\"@id\":\"https:\\\/\\\/www.starremedies.com\\\/#\\\/schema\\\/logo\\\/image\\\/\",\"url\":\"https:\\\/\\\/www.starremedies.com\\\/wp-content\\\/uploads\\\/2016\\\/02\\\/srl.gif\",\"contentUrl\":\"https:\\\/\\\/www.starremedies.com\\\/wp-content\\\/uploads\\\/2016\\\/02\\\/srl.gif\",\"width\":250,\"height\":250,\"caption\":\"Star Remedies\"},\"image\":{\"@id\":\"https:\\\/\\\/www.starremedies.com\\\/#\\\/schema\\\/logo\\\/image\\\/\"},\"sameAs\":[\"https:\\\/\\\/www.facebook.com\\\/starremedies\\\/\",\"https:\\\/\\\/www.instagram.com\\\/starremedies\\\/\"]}]}<\/script>\n<!-- \/ Yoast SEO plugin. -->","yoast_head_json":{"title":"Esencias de las Tierras Altas Escocesas - Star Remedies","robots":{"index":"index","follow":"follow","max-snippet":"max-snippet:-1","max-image-preview":"max-image-preview:large","max-video-preview":"max-video-preview:-1"},"canonical":"https:\/\/www.starremedies.com\/es\/brands\/starremedies\/scottish-highland-essences\/","og_locale":"es_ES","og_type":"article","og_title":"Scottish Highland Essences - Star Remedies","og_url":"https:\/\/www.starremedies.com\/es\/brands\/starremedies\/scottish-highland-essences\/","og_site_name":"Star Remedies","article_publisher":"https:\/\/www.facebook.com\/starremedies\/","article_modified_time":"2025-02-04T12:38:15+00:00","twitter_card":"summary_large_image","schema":{"@context":"https:\/\/schema.org","@graph":[{"@type":"WebPage","@id":"https:\/\/www.starremedies.com\/brands\/starremedies\/scottish-highland-essences\/","url":"https:\/\/www.starremedies.com\/brands\/starremedies\/scottish-highland-essences\/","name":"Esencias de las Tierras Altas Escocesas - Star Remedies","isPartOf":{"@id":"https:\/\/www.starremedies.com\/#website"},"datePublished":"2022-12-12T10:34:02+00:00","dateModified":"2025-02-04T12:38:15+00:00","breadcrumb":{"@id":"https:\/\/www.starremedies.com\/brands\/starremedies\/scottish-highland-essences\/#breadcrumb"},"inLanguage":"es","potentialAction":[{"@type":"ReadAction","target":["https:\/\/www.starremedies.com\/brands\/starremedies\/scottish-highland-essences\/"]}]},{"@type":"BreadcrumbList","@id":"https:\/\/www.starremedies.com\/brands\/starremedies\/scottish-highland-essences\/#breadcrumb","itemListElement":[{"@type":"ListItem","position":1,"name":"Home","item":"https:\/\/www.starremedies.com\/"},{"@type":"ListItem","position":2,"name":"Our Brands","item":"https:\/\/www.starremedies.com\/brands\/"},{"@type":"ListItem","position":3,"name":"Star Remedies Flower Essences","item":"https:\/\/www.starremedies.com\/brands\/starremedies\/"},{"@type":"ListItem","position":4,"name":"Scottish Highland Essences"}]},{"@type":"WebSite","@id":"https:\/\/www.starremedies.com\/#website","url":"https:\/\/www.starremedies.com\/","name":"Remedios estrella","description":"","publisher":{"@id":"https:\/\/www.starremedies.com\/#organization"},"potentialAction":[{"@type":"SearchAction","target":{"@type":"EntryPoint","urlTemplate":"https:\/\/www.starremedies.com\/?s={search_term_string}"},"query-input":{"@type":"PropertyValueSpecification","valueRequired":true,"valueName":"search_term_string"}}],"inLanguage":"es"},{"@type":"Organization","@id":"https:\/\/www.starremedies.com\/#organization","name":"Remedios estrella","url":"https:\/\/www.starremedies.com\/","logo":{"@type":"ImageObject","inLanguage":"es","@id":"https:\/\/www.starremedies.com\/#\/schema\/logo\/image\/","url":"https:\/\/www.starremedies.com\/wp-content\/uploads\/2016\/02\/srl.gif","contentUrl":"https:\/\/www.starremedies.com\/wp-content\/uploads\/2016\/02\/srl.gif","width":250,"height":250,"caption":"Star Remedies"},"image":{"@id":"https:\/\/www.starremedies.com\/#\/schema\/logo\/image\/"},"sameAs":["https:\/\/www.facebook.com\/starremedies\/","https:\/\/www.instagram.com\/starremedies\/"]}]}},"_links":{"self":[{"href":"https:\/\/www.starremedies.com\/es\/wp-json\/wp\/v2\/pages\/27285","targetHints":{"allow":["GET"]}}],"collection":[{"href":"https:\/\/www.starremedies.com\/es\/wp-json\/wp\/v2\/pages"}],"about":[{"href":"https:\/\/www.starremedies.com\/es\/wp-json\/wp\/v2\/types\/page"}],"author":[{"embeddable":true,"href":"https:\/\/www.starremedies.com\/es\/wp-json\/wp\/v2\/users\/1"}],"replies":[{"embeddable":true,"href":"https:\/\/www.starremedies.com\/es\/wp-json\/wp\/v2\/comments?post=27285"}],"version-history":[{"count":5,"href":"https:\/\/www.starremedies.com\/es\/wp-json\/wp\/v2\/pages\/27285\/revisions"}],"predecessor-version":[{"id":27932,"href":"https:\/\/www.starremedies.com\/es\/wp-json\/wp\/v2\/pages\/27285\/revisions\/27932"}],"up":[{"embeddable":true,"href":"https:\/\/www.starremedies.com\/es\/wp-json\/wp\/v2\/pages\/3856"}],"wp:attachment":[{"href":"https:\/\/www.starremedies.com\/es\/wp-json\/wp\/v2\/media?parent=27285"}],"curies":[{"name":"wp","href":"https:\/\/api.w.org\/{rel}","templated":true}]}}