{"id":6313,"date":"2020-03-06T13:10:03","date_gmt":"2020-03-06T12:10:03","guid":{"rendered":"https:\/\/www.starremedies.com\/?page_id=6313"},"modified":"2025-03-19T13:55:26","modified_gmt":"2025-03-19T12:55:26","slug":"one-nutrition-first-defence","status":"publish","type":"page","link":"https:\/\/www.starremedies.com\/de\/brands\/one-nutrition-first-defence\/","title":{"rendered":"One Nutrition FIRST DEFENCE"},"content":{"rendered":"<section class=\"section section_breadcrumbs\" id=\"section_1049963936\">\n\t\t<div class=\"section-bg fill\" >\n\t\t\t\t\t\t\t\t\t\n\t\t\t\n\n\t\t<\/div>\n\n\t\t\n\n\t\t<div class=\"section-content relative\">\n\t\t\t\n<div class=\"row breadcrumbs-row\"  id=\"row-1319536948\">\n\n\t<div id=\"col-263761599\" class=\"col small-12 large-12\"  >\n\t\t\t\t<div class=\"col-inner\"  >\n\t\t\t\n\t\t\t\n\t<div id=\"text-1644255851\" class=\"text breadcrumbs\">\n\t\t\n<span><span><a href=\"https:\/\/www.starremedies.com\/de\/\">Startseite<\/a><\/span><\/span>\n\t\t\t<\/div>\n\t\n\t\t<\/div>\n\t\t\t\t\t<\/div>\n\n\t\n\n<style>\n#row-1319536948 > .col > .col-inner {\n  padding: 0px 0px 0px 0px;\n}\n<\/style>\n<\/div>\n\t\t<\/div>\n\n\t\t\n<style>\n#section_1049963936 {\n  padding-top: 0px;\n  padding-bottom: 0px;\n  margin-bottom: 0px;\n}\n<\/style>\n\t<\/section>\n\t\n\n\t<section class=\"section products_row\" id=\"section_1042293396\">\n\t\t<div class=\"section-bg fill\" >\n\t\t\t\t\t\t\t\t\t\n\t\t\t\n\n\t\t<\/div>\n\n\t\t\n\n\t\t<div class=\"section-content relative\">\n\t\t\t\n<div class=\"row align-middle align-center\"  id=\"row-185992883\">\n\n\t<div id=\"col-836366640\" class=\"col medium-3 small-12 large-3\"  >\n\t\t\t\t<div class=\"col-inner text-center\"  >\n\t\t\t\n\t\t\t\n\t<div class=\"img has-hover x md-x lg-x y md-y lg-y\" id=\"image_1313382184\">\n\t\t\t\t\t\t\t\t<div class=\"img-inner dark\" >\n\t\t\t<img decoding=\"async\" width=\"500\" height=\"500\" src=\"https:\/\/www.starremedies.com\/wp-content\/uploads\/2025\/03\/One-Nutrition-First-Defence.jpg\" class=\"attachment-original size-original\" alt=\"\" srcset=\"https:\/\/www.starremedies.com\/wp-content\/uploads\/2025\/03\/One-Nutrition-First-Defence.jpg 500w, https:\/\/www.starremedies.com\/wp-content\/uploads\/2025\/03\/One-Nutrition-First-Defence-300x300.jpg 300w, https:\/\/www.starremedies.com\/wp-content\/uploads\/2025\/03\/One-Nutrition-First-Defence-80x80.jpg 80w, https:\/\/www.starremedies.com\/wp-content\/uploads\/2025\/03\/One-Nutrition-First-Defence-12x12.jpg 12w\" sizes=\"(max-width: 500px) 100vw, 500px\" \/>\t\t\t\t\t\t\n\t\t\t\t\t<\/div>\n\t\t\t\t\t\t\t\t\n<style>\n#image_1313382184 {\n  width: 100%;\n}\n<\/style>\n\t<\/div>\n\t\n\t\t<\/div>\n\t\t\t\t\n<style>\n#col-836366640 > .col-inner {\n  padding: 25px 0px 0px 0px;\n}\n<\/style>\n\t<\/div>\n\n\t\n\n\t<div id=\"col-341031327\" class=\"col small-12 large-12\"  >\n\t\t\t\t<div class=\"col-inner text-center\"  >\n\t\t\t\n\t\t\t\n\t<div id=\"text-621378377\" class=\"text\">\n\t\t\n<h1 class=\"uppercase\">One Nutrition FIRST DEFENCE<\/h1>\n\t\t\n<style>\n#text-621378377 {\n  text-align: center;\n}\n<\/style>\n\t<\/div>\n\t\n\t\t<\/div>\n\t\t\t\t\t<\/div>\n\n\t\n<\/div>\n\t\t<\/div>\n\n\t\t\n<style>\n#section_1042293396 {\n  padding-top: 30px;\n  padding-bottom: 30px;\n  background-color: rgb(247, 247, 247);\n}\n<\/style>\n\t<\/section>\n\t\n\n\t<section class=\"section\" id=\"section_843582364\">\n\t\t<div class=\"section-bg fill\" >\n\t\t\t\t\t\t\t\t\t\n\t\t\t\n\n\t\t<\/div>\n\n\t\t\n\n\t\t<div class=\"section-content relative\">\n\t\t\t\n<div class=\"row align-center\"  id=\"row-1693069283\">\n\n\t<div id=\"col-465690339\" class=\"col small-12 large-12\"  >\n\t\t\t\t<div class=\"col-inner\"  >\n\t\t\t\n\t\t\t\n<h2>Warum ONE NUTRITION FIRST DEFENCE w\u00e4hlen?<\/h2>\n<p>Die vier leistungsstarken nat\u00fcrlichen Inhaltsstoffe werden in unserem Labor so formuliert, dass die antioxidative Aktivit\u00e4t der Mischung maximiert wird und eine positive Synergie in der Formulierung entsteht. Das bedeutet, dass jedes mg von First Defence als Ganzes mehr ABEL\u00ae-RAC-Einheiten pro mg liefert als die Summe der ABEL\u00ae-RAC-mg-Werte der einzelnen Bestandteile. Die Synergie zwischen den verschiedenen Inhaltsstoffen kann quantifiziert und zur Reproduktion einer identischen Charge pro Charge verwendet werden.<\/p>\n<p>Unsere Formulierungsmethode erfordert, dass wir die Aktivit\u00e4t jedes Inhaltsstoffes einzeln quantifizieren und die Formulierung f\u00fcr jede neue Charge anpassen. Dieser strenge Ansatz erm\u00f6glicht es uns, die Wirksamkeit des Produkts Charge f\u00fcr Charge perfekt zu reproduzieren und sicherzustellen, dass der K\u00f6rper die Mischung auf wiederholbare und vorhersehbare Weise nutzen kann.<\/p>\n<p>First Defence enth\u00e4lt ABEL\u00ae-RAC-Wert 400.000 Einheiten \/ mg zum Zeitpunkt der Produktion<\/p>\n<p><strong>Gebrauchsanweisung:<\/strong><br \/>F\u00fcr die t\u00e4gliche Erhaltung, nehmen Sie 1 Kapsel t\u00e4glich mit dem Essen. Falls erforderlich, k\u00f6nnen maximal 4 Kapseln t\u00e4glich eingenommen werden.<\/p>\n<p><strong>Zutaten:<\/strong><br \/>NLT-400\u00ae (Extrakte aus: Gr\u00fcner Tee, Traubenkern, Granatapfel und Pinienrinde), Kapsel Skala - Oxi-Zeal \u2122 (Pullulan). Geeignet f\u00fcr Vegetarier und Veganer.<\/p>\n\t\t<\/div>\n\t\t\t\t\t<\/div>\n\n\t\n\n\t<div id=\"col-88026153\" class=\"col small-12 large-12\"  >\n\t\t\t\t<div class=\"col-inner\"  >\n\t\t\t\n\t\t\t\n\t<div id=\"text-1125003978\" class=\"text\">\n\t\t\n<h3 class=\"uppercase\">ONE NUTRITION FIRST DEFENCE - 30 KAPSELN<\/h3>\n\t\t\n<style>\n#text-1125003978 {\n  text-align: center;\n}\n<\/style>\n\t<\/div>\n\t\n\t\t<\/div>\n\t\t\t\t\t<\/div>\n\n\t\n\n\t<div id=\"col-939863451\" class=\"col medium-4 small-12 large-4\"  >\n\t\t\t\t<div class=\"col-inner\"  >\n\t\t\t\n\t\t\t\n\t<div class=\"img has-hover x md-x lg-x y md-y lg-y\" id=\"image_1459487585\">\n\t\t\t\t\t\t\t\t<div class=\"img-inner dark\" >\n\t\t\t<img decoding=\"async\" width=\"500\" height=\"500\" src=\"https:\/\/www.starremedies.com\/wp-content\/uploads\/2025\/03\/One-Nutrition-First-Defence.jpg\" class=\"attachment-original size-original\" alt=\"\" srcset=\"https:\/\/www.starremedies.com\/wp-content\/uploads\/2025\/03\/One-Nutrition-First-Defence.jpg 500w, https:\/\/www.starremedies.com\/wp-content\/uploads\/2025\/03\/One-Nutrition-First-Defence-300x300.jpg 300w, https:\/\/www.starremedies.com\/wp-content\/uploads\/2025\/03\/One-Nutrition-First-Defence-80x80.jpg 80w, https:\/\/www.starremedies.com\/wp-content\/uploads\/2025\/03\/One-Nutrition-First-Defence-12x12.jpg 12w\" sizes=\"(max-width: 500px) 100vw, 500px\" \/>\t\t\t\t\t\t\n\t\t\t\t\t<\/div>\n\t\t\t\t\t\t\t\t\n<style>\n#image_1459487585 {\n  width: 100%;\n}\n<\/style>\n\t<\/div>\n\t\n\t\t<\/div>\n\t\t\t\t\t<\/div>\n\n\t\n\n\t<div id=\"col-466973532\" class=\"col small-12 large-12\"  >\n\t\t\t\t<div class=\"col-inner\"  >\n\t\t\t\n\t\t\t\n<h2>ONE NUTRITION FIRST DEFENCE kaufen<\/h2>\n<p>ONE NUTRITION P4-IMMUNE kann separat bestellt werden bei\u00a0<a href=\"https:\/\/www.starremediesshop.com\/onenutrion\/one-nutrition-first-defence\/\" target=\"_blank\" rel=\"noopener\">https:\/\/www.starremediesshop.com\/<\/a><\/p>\n<p>Sie sind Unternehmer, Fachmann oder Therapeut und interessieren sich f\u00fcr Star Remedies Produkte.\u00a0<a href=\"https:\/\/www.starremedies.com\/de\/companies\/\">Anmeldung \u00fcber das Anmeldeformular f\u00fcr Unternehmen<\/a>\u00a0und f\u00fcr Therapeuten und Fachleute,\u00a0<a href=\"https:\/\/www.starremedies.com\/de\/companies\/\">das Anmeldeformular f\u00fcr Fachleute<\/a>.<\/p>\n\t\t<\/div>\n\t\t\t\t\t<\/div>\n\n\t\n<\/div>\n\t\t<\/div>\n\n\t\t\n<style>\n#section_843582364 {\n  padding-top: 30px;\n  padding-bottom: 30px;\n}\n<\/style>\n\t<\/section>","protected":false},"excerpt":{"rendered":"","protected":false},"author":1,"featured_media":0,"parent":4107,"menu_order":0,"comment_status":"closed","ping_status":"closed","template":"page-blank.php","meta":{"footnotes":""},"class_list":["post-6313","page","type-page","status-publish","hentry"],"yoast_head":"<!-- This site is optimized with the Yoast SEO plugin v27.4 - https:\/\/yoast.com\/product\/yoast-seo-wordpress\/ -->\n<title>One Nutrition P4-Immune<\/title>\n<meta name=\"description\" content=\"NLT-400\u00ae (Extracts of: Green tea, Grape seed, Pomegranate and Pine bark), capsule scale - Oxi-Zeal \u2122 (Pullulan). Suitable for vegetarians and vegans.\" \/>\n<meta name=\"robots\" content=\"index, follow, max-snippet:-1, max-image-preview:large, max-video-preview:-1\" \/>\n<link rel=\"canonical\" href=\"https:\/\/www.starremedies.com\/de\/brands\/one-nutrition-first-defence\/\" \/>\n<meta property=\"og:locale\" content=\"de_DE\" \/>\n<meta property=\"og:type\" content=\"article\" \/>\n<meta property=\"og:title\" content=\"One Nutrition P4-Immune\" \/>\n<meta property=\"og:description\" content=\"NLT-400\u00ae (Extracts of: Green tea, Grape seed, Pomegranate and Pine bark), capsule scale - Oxi-Zeal \u2122 (Pullulan). Suitable for vegetarians and vegans.\" \/>\n<meta property=\"og:url\" content=\"https:\/\/www.starremedies.com\/de\/brands\/one-nutrition-first-defence\/\" \/>\n<meta property=\"og:site_name\" content=\"Star Remedies\" \/>\n<meta property=\"article:publisher\" content=\"https:\/\/www.facebook.com\/starremedies\/\" \/>\n<meta property=\"article:modified_time\" content=\"2025-03-19T12:55:26+00:00\" \/>\n<meta name=\"twitter:card\" content=\"summary_large_image\" \/>\n<meta name=\"twitter:label1\" content=\"Gesch\u00e4tzte Lesezeit\" \/>\n\t<meta name=\"twitter:data1\" content=\"2\u00a0Minuten\" \/>\n<script type=\"application\/ld+json\" class=\"yoast-schema-graph\">{\"@context\":\"https:\\\/\\\/schema.org\",\"@graph\":[{\"@type\":\"WebPage\",\"@id\":\"https:\\\/\\\/www.starremedies.com\\\/brands\\\/one-nutrition-first-defence\\\/\",\"url\":\"https:\\\/\\\/www.starremedies.com\\\/brands\\\/one-nutrition-first-defence\\\/\",\"name\":\"One Nutrition P4-Immune\",\"isPartOf\":{\"@id\":\"https:\\\/\\\/www.starremedies.com\\\/#website\"},\"datePublished\":\"2020-03-06T12:10:03+00:00\",\"dateModified\":\"2025-03-19T12:55:26+00:00\",\"description\":\"NLT-400\u00ae (Extracts of: Green tea, Grape seed, Pomegranate and Pine bark), capsule scale - Oxi-Zeal \u2122 (Pullulan). Suitable for vegetarians and vegans.\",\"breadcrumb\":{\"@id\":\"https:\\\/\\\/www.starremedies.com\\\/brands\\\/one-nutrition-first-defence\\\/#breadcrumb\"},\"inLanguage\":\"de\",\"potentialAction\":[{\"@type\":\"ReadAction\",\"target\":[\"https:\\\/\\\/www.starremedies.com\\\/brands\\\/one-nutrition-first-defence\\\/\"]}]},{\"@type\":\"BreadcrumbList\",\"@id\":\"https:\\\/\\\/www.starremedies.com\\\/brands\\\/one-nutrition-first-defence\\\/#breadcrumb\",\"itemListElement\":[{\"@type\":\"ListItem\",\"position\":1,\"name\":\"Home\",\"item\":\"https:\\\/\\\/www.starremedies.com\\\/\"},{\"@type\":\"ListItem\",\"position\":2,\"name\":\"Our Brands\",\"item\":\"https:\\\/\\\/www.starremedies.com\\\/brands\\\/\"},{\"@type\":\"ListItem\",\"position\":3,\"name\":\"One Nutrition FIRST DEFENCE\"}]},{\"@type\":\"WebSite\",\"@id\":\"https:\\\/\\\/www.starremedies.com\\\/#website\",\"url\":\"https:\\\/\\\/www.starremedies.com\\\/\",\"name\":\"Star Remedies\",\"description\":\"\",\"publisher\":{\"@id\":\"https:\\\/\\\/www.starremedies.com\\\/#organization\"},\"potentialAction\":[{\"@type\":\"SearchAction\",\"target\":{\"@type\":\"EntryPoint\",\"urlTemplate\":\"https:\\\/\\\/www.starremedies.com\\\/?s={search_term_string}\"},\"query-input\":{\"@type\":\"PropertyValueSpecification\",\"valueRequired\":true,\"valueName\":\"search_term_string\"}}],\"inLanguage\":\"de\"},{\"@type\":\"Organization\",\"@id\":\"https:\\\/\\\/www.starremedies.com\\\/#organization\",\"name\":\"Star Remedies\",\"url\":\"https:\\\/\\\/www.starremedies.com\\\/\",\"logo\":{\"@type\":\"ImageObject\",\"inLanguage\":\"de\",\"@id\":\"https:\\\/\\\/www.starremedies.com\\\/#\\\/schema\\\/logo\\\/image\\\/\",\"url\":\"https:\\\/\\\/www.starremedies.com\\\/wp-content\\\/uploads\\\/2016\\\/02\\\/srl.gif\",\"contentUrl\":\"https:\\\/\\\/www.starremedies.com\\\/wp-content\\\/uploads\\\/2016\\\/02\\\/srl.gif\",\"width\":250,\"height\":250,\"caption\":\"Star Remedies\"},\"image\":{\"@id\":\"https:\\\/\\\/www.starremedies.com\\\/#\\\/schema\\\/logo\\\/image\\\/\"},\"sameAs\":[\"https:\\\/\\\/www.facebook.com\\\/starremedies\\\/\",\"https:\\\/\\\/www.instagram.com\\\/starremedies\\\/\"]}]}<\/script>\n<!-- \/ Yoast SEO plugin. -->","yoast_head_json":{"title":"Eine Ern\u00e4hrung P4-Immune","description":"NLT-400\u00ae (Extrakte aus: Gr\u00fcner Tee, Traubenkern, Granatapfel und Pinienrinde), Kapsel Skala - Oxi-Zeal \u2122 (Pullulan). Geeignet f\u00fcr Vegetarier und Veganer.","robots":{"index":"index","follow":"follow","max-snippet":"max-snippet:-1","max-image-preview":"max-image-preview:large","max-video-preview":"max-video-preview:-1"},"canonical":"https:\/\/www.starremedies.com\/de\/brands\/one-nutrition-first-defence\/","og_locale":"de_DE","og_type":"article","og_title":"One Nutrition P4-Immune","og_description":"NLT-400\u00ae (Extracts of: Green tea, Grape seed, Pomegranate and Pine bark), capsule scale - Oxi-Zeal \u2122 (Pullulan). Suitable for vegetarians and vegans.","og_url":"https:\/\/www.starremedies.com\/de\/brands\/one-nutrition-first-defence\/","og_site_name":"Star Remedies","article_publisher":"https:\/\/www.facebook.com\/starremedies\/","article_modified_time":"2025-03-19T12:55:26+00:00","twitter_card":"summary_large_image","twitter_misc":{"Gesch\u00e4tzte Lesezeit":"2\u00a0Minuten"},"schema":{"@context":"https:\/\/schema.org","@graph":[{"@type":"WebPage","@id":"https:\/\/www.starremedies.com\/brands\/one-nutrition-first-defence\/","url":"https:\/\/www.starremedies.com\/brands\/one-nutrition-first-defence\/","name":"Eine Ern\u00e4hrung P4-Immune","isPartOf":{"@id":"https:\/\/www.starremedies.com\/#website"},"datePublished":"2020-03-06T12:10:03+00:00","dateModified":"2025-03-19T12:55:26+00:00","description":"NLT-400\u00ae (Extrakte aus: Gr\u00fcner Tee, Traubenkern, Granatapfel und Pinienrinde), Kapsel Skala - Oxi-Zeal \u2122 (Pullulan). Geeignet f\u00fcr Vegetarier und Veganer.","breadcrumb":{"@id":"https:\/\/www.starremedies.com\/brands\/one-nutrition-first-defence\/#breadcrumb"},"inLanguage":"de","potentialAction":[{"@type":"ReadAction","target":["https:\/\/www.starremedies.com\/brands\/one-nutrition-first-defence\/"]}]},{"@type":"BreadcrumbList","@id":"https:\/\/www.starremedies.com\/brands\/one-nutrition-first-defence\/#breadcrumb","itemListElement":[{"@type":"ListItem","position":1,"name":"Home","item":"https:\/\/www.starremedies.com\/"},{"@type":"ListItem","position":2,"name":"Our Brands","item":"https:\/\/www.starremedies.com\/brands\/"},{"@type":"ListItem","position":3,"name":"One Nutrition FIRST DEFENCE"}]},{"@type":"WebSite","@id":"https:\/\/www.starremedies.com\/#website","url":"https:\/\/www.starremedies.com\/","name":"Star Remedies","description":"","publisher":{"@id":"https:\/\/www.starremedies.com\/#organization"},"potentialAction":[{"@type":"SearchAction","target":{"@type":"EntryPoint","urlTemplate":"https:\/\/www.starremedies.com\/?s={search_term_string}"},"query-input":{"@type":"PropertyValueSpecification","valueRequired":true,"valueName":"search_term_string"}}],"inLanguage":"de"},{"@type":"Organization","@id":"https:\/\/www.starremedies.com\/#organization","name":"Star Remedies","url":"https:\/\/www.starremedies.com\/","logo":{"@type":"ImageObject","inLanguage":"de","@id":"https:\/\/www.starremedies.com\/#\/schema\/logo\/image\/","url":"https:\/\/www.starremedies.com\/wp-content\/uploads\/2016\/02\/srl.gif","contentUrl":"https:\/\/www.starremedies.com\/wp-content\/uploads\/2016\/02\/srl.gif","width":250,"height":250,"caption":"Star Remedies"},"image":{"@id":"https:\/\/www.starremedies.com\/#\/schema\/logo\/image\/"},"sameAs":["https:\/\/www.facebook.com\/starremedies\/","https:\/\/www.instagram.com\/starremedies\/"]}]}},"_links":{"self":[{"href":"https:\/\/www.starremedies.com\/de\/wp-json\/wp\/v2\/pages\/6313","targetHints":{"allow":["GET"]}}],"collection":[{"href":"https:\/\/www.starremedies.com\/de\/wp-json\/wp\/v2\/pages"}],"about":[{"href":"https:\/\/www.starremedies.com\/de\/wp-json\/wp\/v2\/types\/page"}],"author":[{"embeddable":true,"href":"https:\/\/www.starremedies.com\/de\/wp-json\/wp\/v2\/users\/1"}],"replies":[{"embeddable":true,"href":"https:\/\/www.starremedies.com\/de\/wp-json\/wp\/v2\/comments?post=6313"}],"version-history":[{"count":12,"href":"https:\/\/www.starremedies.com\/de\/wp-json\/wp\/v2\/pages\/6313\/revisions"}],"predecessor-version":[{"id":27996,"href":"https:\/\/www.starremedies.com\/de\/wp-json\/wp\/v2\/pages\/6313\/revisions\/27996"}],"up":[{"embeddable":true,"href":"https:\/\/www.starremedies.com\/de\/wp-json\/wp\/v2\/pages\/4107"}],"wp:attachment":[{"href":"https:\/\/www.starremedies.com\/de\/wp-json\/wp\/v2\/media?parent=6313"}],"curies":[{"name":"wp","href":"https:\/\/api.w.org\/{rel}","templated":true}]}}