{"id":5207,"date":"2016-12-15T15:48:57","date_gmt":"2016-12-15T14:48:57","guid":{"rendered":"https:\/\/www.starremedies.com\/?page_id=5207"},"modified":"2025-02-04T14:37:00","modified_gmt":"2025-02-04T13:37:00","slug":"mindfulnessbynature","status":"publish","type":"page","link":"https:\/\/www.starremedies.com\/de\/brands\/starremedies\/mindfulnessbynature\/","title":{"rendered":"Achtsamkeit in der Natur - Balsam f\u00fcr die Seele - Madeleine Meuwessen"},"content":{"rendered":"<section class=\"section section_breadcrumbs\" id=\"section_2060966498\">\n\t\t<div class=\"section-bg fill\" >\n\t\t\t\t\t\t\t\t\t\n\t\t\t\n\n\t\t<\/div>\n\n\t\t\n\n\t\t<div class=\"section-content relative\">\n\t\t\t\n<div class=\"row breadcrumbs-row\"  id=\"row-1069254983\">\n\n\t<div id=\"col-1957250822\" class=\"col small-12 large-12\"  >\n\t\t\t\t<div class=\"col-inner\"  >\n\t\t\t\n\t\t\t\n\t<div id=\"text-1006639643\" class=\"text breadcrumbs\">\n\t\t\n<span><span><a href=\"https:\/\/www.starremedies.com\/de\/\">Startseite<\/a><\/span><\/span>\n\t\t\t<\/div>\n\t\n\t\t<\/div>\n\t\t\t\t\t<\/div>\n\n\t\n\n<style>\n#row-1069254983 > .col > .col-inner {\n  padding: 0px 0px 0px 0px;\n}\n<\/style>\n<\/div>\n\t\t<\/div>\n\n\t\t\n<style>\n#section_2060966498 {\n  padding-top: 0px;\n  padding-bottom: 0px;\n  margin-bottom: 0px;\n}\n<\/style>\n\t<\/section>\n\t\n\n\t<section class=\"section products_row\" id=\"section_1271872612\">\n\t\t<div class=\"section-bg fill\" >\n\t\t\t\t\t\t\t\t\t\n\t\t\t\n\n\t\t<\/div>\n\n\t\t\n\n\t\t<div class=\"section-content relative\">\n\t\t\t\n<div class=\"row align-middle align-center\"  id=\"row-837187838\">\n\n\t<div id=\"col-1572938826\" class=\"col medium-3 small-9 large-3\"  >\n\t\t\t\t<div class=\"col-inner text-center\"  >\n\t\t\t\n\t\t\t\n\t<div class=\"img has-hover x md-x lg-x y md-y lg-y\" id=\"image_458879785\">\n\t\t\t\t\t\t\t\t<div class=\"img-inner dark\" >\n\t\t\t<img decoding=\"async\" width=\"500\" height=\"500\" src=\"https:\/\/www.starremedies.com\/wp-content\/uploads\/2022\/12\/mindfulnessbynature_greenbg.png\" class=\"attachment-original size-original\" alt=\"\" srcset=\"https:\/\/www.starremedies.com\/wp-content\/uploads\/2022\/12\/mindfulnessbynature_greenbg.png 500w, https:\/\/www.starremedies.com\/wp-content\/uploads\/2022\/12\/mindfulnessbynature_greenbg-300x300.png 300w, https:\/\/www.starremedies.com\/wp-content\/uploads\/2022\/12\/mindfulnessbynature_greenbg-80x80.png 80w\" sizes=\"(max-width: 500px) 100vw, 500px\" \/>\t\t\t\t\t\t\n\t\t\t\t\t<\/div>\n\t\t\t\t\t\t\t\t\n<style>\n#image_458879785 {\n  width: 80%;\n}\n<\/style>\n\t<\/div>\n\t\n\t\t<\/div>\n\t\t\t\t\t<\/div>\n\n\t\n\n\t<div id=\"col-1324066070\" class=\"col small-12 large-12\"  >\n\t\t\t\t<div class=\"col-inner text-center\"  >\n\t\t\t\n\t\t\t\n\t<div id=\"text-1490030609\" class=\"text\">\n\t\t\n<h1>ACHTSAMKEIT VON NATUR AUS - BALSAM F\u00dcR DIE SEELE - MADELEINE MEUWESSEN<\/h1>\n\t\t\n<style>\n#text-1490030609 {\n  text-align: center;\n}\n<\/style>\n\t<\/div>\n\t\n\t\t<\/div>\n\t\t\t\t\t<\/div>\n\n\t\n<\/div>\n\t\t<\/div>\n\n\t\t\n<style>\n#section_1271872612 {\n  padding-top: 30px;\n  padding-bottom: 30px;\n  background-color: rgb(247, 247, 247);\n}\n<\/style>\n\t<\/section>\n\t\n\n\t<section class=\"section\" id=\"section_1285582884\">\n\t\t<div class=\"section-bg fill\" >\n\t\t\t\t\t\t\t\t\t\n\t\t\t\n\n\t\t<\/div>\n\n\t\t\n\n\t\t<div class=\"section-content relative\">\n\t\t\t\n<div class=\"row align-center\"  id=\"row-1196765744\">\n\n\t<div id=\"col-1754597826\" class=\"col small-12 large-12\"  >\n\t\t\t\t<div class=\"col-inner\"  >\n\t\t\t\n\t\t\t\n<h2>Gebundenes Buch<\/h2>\n<p>In diesem B\u00fcchlein m\u00f6chte ich allen, die sich in irgendeiner Weise f\u00fcr die Wirkungsweise von Bl\u00fctenessenzen interessieren, von den dreizehn Kombinationen erz\u00e4hlen, die wir, mein Sohn Micha und ich, aus den Star Remedies gemacht haben. Wir haben sie in den letzten Jahren erstellt, in der Praxis getestet und vervollst\u00e4ndigt. Die Bl\u00fctenessenzen von Star Remedies, die in 53 Vorratsflaschen zu je 10 ml erh\u00e4ltlich sind, werden aus wilden Pflanzen und Blumen hergestellt, die sowohl in den Niederlanden als auch in der \u00fcbrigen Welt vorkommen. Zus\u00e4tzlich zu den traditionellen Bl\u00fctenessenzen wird eine Essenz aus einem Halbedelstein hergestellt. Star Remedies werden von uns in reiner Ruhe und mit voller Absicht f\u00fcr die Bl\u00fcte hergestellt. So k\u00f6nnen die Bl\u00fcten\/Edelsteine ihre vollen Qualit\u00e4ten in das Quellwasser \u00fcbertragen. Star Remedies haben eine gro\u00dfe Bandbreite, d.h. sie wirken auf alle Aspekte und Ebenen eines emotionalen Problems oder eines negativen Gem\u00fctszustandes, d.h. sie packen das Ganze in der Breite an. Von den 53 Bl\u00fctenessenzen wurden auch 14 einzigartige, fertige Kombinationen hergestellt, die sich hervorragend f\u00fcr das Problem eignen, das Sie belastet. Sie k\u00f6nnen leicht t\u00e4glich angewendet werden und sind emotional unterst\u00fctzend.<\/p>\n<p>Madeleine Meuwessen<\/p>\n\t\t<\/div>\n\t\t\t\t\t<\/div>\n\n\t\n\n\t<div id=\"col-867844274\" class=\"col medium-4 small-12 large-4\"  >\n\t\t\t\t<div class=\"col-inner\"  >\n\t\t\t\n\t\t\t\n\t<div class=\"img has-hover x md-x lg-x y md-y lg-y\" id=\"image_322104244\">\n\t\t\t\t\t\t\t\t<div class=\"img-inner dark\" >\n\t\t\t\t\t\t\t\t\t\n\t\t\t\t\t<\/div>\n\t\t\t\t\t\t\t\t\n<style>\n#image_322104244 {\n  width: 100%;\n}\n<\/style>\n\t<\/div>\n\t\n\t\t<\/div>\n\t\t\t\t\t<\/div>\n\n\t\n\n\t<div id=\"col-168645731\" class=\"col small-12 large-12\"  >\n\t\t\t\t<div class=\"col-inner\"  >\n\t\t\t\n\t\t\t\n<h2>Star Remedies Bl\u00fctenessenzen &amp; Produkte kaufen<\/h2>\n<p>Star Remedies Flower Essences &amp; Products k\u00f6nnen separat bestellt werden unter\u00a0<a href=\"https:\/\/www.starremediesshop.com\/de\/starremedies\/mindfulness-by-nature-book\/\" target=\"_blank\" rel=\"noopener\">https:\/\/www.starremediesshop.com\/<\/a><\/p>\n<p>Sie sind Unternehmer, Fachmann oder Therapeut und interessieren sich f\u00fcr Star Remedies Produkte.\u00a0<a href=\"https:\/\/www.starremedies.com\/de\/companies\/\">Anmeldung \u00fcber das Anmeldeformular f\u00fcr Unternehmen<\/a>\u00a0und f\u00fcr Therapeuten und Fachleute,\u00a0<a href=\"https:\/\/www.starremedies.com\/de\/companies\/\">das Anmeldeformular f\u00fcr Fachleute<\/a>.<\/p>\n\t\t<\/div>\n\t\t\t\t\n<style>\n#col-168645731 > .col-inner {\n  padding: 0px 0px 75px 0px;\n}\n<\/style>\n\t<\/div>\n\n\t\n<\/div>\n\t\t<\/div>\n\n\t\t\n<style>\n#section_1285582884 {\n  padding-top: 30px;\n  padding-bottom: 30px;\n}\n<\/style>\n\t<\/section>","protected":false},"excerpt":{"rendered":"","protected":false},"author":1,"featured_media":0,"parent":3856,"menu_order":0,"comment_status":"closed","ping_status":"closed","template":"page-blank.php","meta":{"footnotes":""},"class_list":["post-5207","page","type-page","status-publish","hentry"],"yoast_head":"<!-- This site is optimized with the Yoast SEO plugin v27.5 - https:\/\/yoast.com\/product\/yoast-seo-wordpress\/ -->\n<title>Mindfulness by Nature - Balm for the soul - Madeleine Meuwessen<\/title>\n<meta name=\"description\" content=\"In this book, Madeleine Meuwessen talks about how the Star Remedies flower essences work and about the 14 combinations of essences.\" \/>\n<meta name=\"robots\" content=\"index, follow, max-snippet:-1, max-image-preview:large, max-video-preview:-1\" \/>\n<link rel=\"canonical\" href=\"https:\/\/www.starremedies.com\/de\/brands\/starremedies\/mindfulnessbynature\/\" \/>\n<meta property=\"og:locale\" content=\"de_DE\" \/>\n<meta property=\"og:type\" content=\"article\" \/>\n<meta property=\"og:title\" content=\"Mindfulness by Nature - Balm for the soul - Madeleine Meuwessen\" \/>\n<meta property=\"og:description\" content=\"In this book, Madeleine Meuwessen talks about how the Star Remedies flower essences work and about the 14 combinations of essences.\" \/>\n<meta property=\"og:url\" content=\"https:\/\/www.starremedies.com\/de\/brands\/starremedies\/mindfulnessbynature\/\" \/>\n<meta property=\"og:site_name\" content=\"Star Remedies\" \/>\n<meta property=\"article:publisher\" content=\"https:\/\/www.facebook.com\/starremedies\/\" \/>\n<meta property=\"article:modified_time\" content=\"2025-02-04T13:37:00+00:00\" \/>\n<meta name=\"twitter:card\" content=\"summary_large_image\" \/>\n<script type=\"application\/ld+json\" class=\"yoast-schema-graph\">{\"@context\":\"https:\\\/\\\/schema.org\",\"@graph\":[{\"@type\":\"WebPage\",\"@id\":\"https:\\\/\\\/www.starremedies.com\\\/brands\\\/starremedies\\\/mindfulnessbynature\\\/\",\"url\":\"https:\\\/\\\/www.starremedies.com\\\/brands\\\/starremedies\\\/mindfulnessbynature\\\/\",\"name\":\"Mindfulness by Nature - Balm for the soul - Madeleine Meuwessen\",\"isPartOf\":{\"@id\":\"https:\\\/\\\/www.starremedies.com\\\/#website\"},\"datePublished\":\"2016-12-15T14:48:57+00:00\",\"dateModified\":\"2025-02-04T13:37:00+00:00\",\"description\":\"In this book, Madeleine Meuwessen talks about how the Star Remedies flower essences work and about the 14 combinations of essences.\",\"breadcrumb\":{\"@id\":\"https:\\\/\\\/www.starremedies.com\\\/brands\\\/starremedies\\\/mindfulnessbynature\\\/#breadcrumb\"},\"inLanguage\":\"de\",\"potentialAction\":[{\"@type\":\"ReadAction\",\"target\":[\"https:\\\/\\\/www.starremedies.com\\\/brands\\\/starremedies\\\/mindfulnessbynature\\\/\"]}]},{\"@type\":\"BreadcrumbList\",\"@id\":\"https:\\\/\\\/www.starremedies.com\\\/brands\\\/starremedies\\\/mindfulnessbynature\\\/#breadcrumb\",\"itemListElement\":[{\"@type\":\"ListItem\",\"position\":1,\"name\":\"Home\",\"item\":\"https:\\\/\\\/www.starremedies.com\\\/\"},{\"@type\":\"ListItem\",\"position\":2,\"name\":\"Our Brands\",\"item\":\"https:\\\/\\\/www.starremedies.com\\\/brands\\\/\"},{\"@type\":\"ListItem\",\"position\":3,\"name\":\"Star Remedies Flower Essences\",\"item\":\"https:\\\/\\\/www.starremedies.com\\\/brands\\\/starremedies\\\/\"},{\"@type\":\"ListItem\",\"position\":4,\"name\":\"Mindfulness by Nature &#8211; Balm for the soul &#8211; Madeleine Meuwessen\"}]},{\"@type\":\"WebSite\",\"@id\":\"https:\\\/\\\/www.starremedies.com\\\/#website\",\"url\":\"https:\\\/\\\/www.starremedies.com\\\/\",\"name\":\"Star Remedies\",\"description\":\"\",\"publisher\":{\"@id\":\"https:\\\/\\\/www.starremedies.com\\\/#organization\"},\"potentialAction\":[{\"@type\":\"SearchAction\",\"target\":{\"@type\":\"EntryPoint\",\"urlTemplate\":\"https:\\\/\\\/www.starremedies.com\\\/?s={search_term_string}\"},\"query-input\":{\"@type\":\"PropertyValueSpecification\",\"valueRequired\":true,\"valueName\":\"search_term_string\"}}],\"inLanguage\":\"de\"},{\"@type\":\"Organization\",\"@id\":\"https:\\\/\\\/www.starremedies.com\\\/#organization\",\"name\":\"Star Remedies\",\"url\":\"https:\\\/\\\/www.starremedies.com\\\/\",\"logo\":{\"@type\":\"ImageObject\",\"inLanguage\":\"de\",\"@id\":\"https:\\\/\\\/www.starremedies.com\\\/#\\\/schema\\\/logo\\\/image\\\/\",\"url\":\"https:\\\/\\\/www.starremedies.com\\\/wp-content\\\/uploads\\\/2016\\\/02\\\/srl.gif\",\"contentUrl\":\"https:\\\/\\\/www.starremedies.com\\\/wp-content\\\/uploads\\\/2016\\\/02\\\/srl.gif\",\"width\":250,\"height\":250,\"caption\":\"Star Remedies\"},\"image\":{\"@id\":\"https:\\\/\\\/www.starremedies.com\\\/#\\\/schema\\\/logo\\\/image\\\/\"},\"sameAs\":[\"https:\\\/\\\/www.facebook.com\\\/starremedies\\\/\",\"https:\\\/\\\/www.instagram.com\\\/starremedies\\\/\"]}]}<\/script>\n<!-- \/ Yoast SEO plugin. -->","yoast_head_json":{"title":"Achtsamkeit in der Natur - Balsam f\u00fcr die Seele - Madeleine Meuwessen","description":"In diesem Buch erkl\u00e4rt Madeleine Meuwessen, wie die Star Remedies-Bl\u00fctenessenzen wirken und welche 14 Kombinationen von Essenzen es gibt.","robots":{"index":"index","follow":"follow","max-snippet":"max-snippet:-1","max-image-preview":"max-image-preview:large","max-video-preview":"max-video-preview:-1"},"canonical":"https:\/\/www.starremedies.com\/de\/brands\/starremedies\/mindfulnessbynature\/","og_locale":"de_DE","og_type":"article","og_title":"Mindfulness by Nature - Balm for the soul - Madeleine Meuwessen","og_description":"In this book, Madeleine Meuwessen talks about how the Star Remedies flower essences work and about the 14 combinations of essences.","og_url":"https:\/\/www.starremedies.com\/de\/brands\/starremedies\/mindfulnessbynature\/","og_site_name":"Star Remedies","article_publisher":"https:\/\/www.facebook.com\/starremedies\/","article_modified_time":"2025-02-04T13:37:00+00:00","twitter_card":"summary_large_image","schema":{"@context":"https:\/\/schema.org","@graph":[{"@type":"WebPage","@id":"https:\/\/www.starremedies.com\/brands\/starremedies\/mindfulnessbynature\/","url":"https:\/\/www.starremedies.com\/brands\/starremedies\/mindfulnessbynature\/","name":"Achtsamkeit in der Natur - Balsam f\u00fcr die Seele - Madeleine Meuwessen","isPartOf":{"@id":"https:\/\/www.starremedies.com\/#website"},"datePublished":"2016-12-15T14:48:57+00:00","dateModified":"2025-02-04T13:37:00+00:00","description":"In diesem Buch erkl\u00e4rt Madeleine Meuwessen, wie die Star Remedies-Bl\u00fctenessenzen wirken und welche 14 Kombinationen von Essenzen es gibt.","breadcrumb":{"@id":"https:\/\/www.starremedies.com\/brands\/starremedies\/mindfulnessbynature\/#breadcrumb"},"inLanguage":"de","potentialAction":[{"@type":"ReadAction","target":["https:\/\/www.starremedies.com\/brands\/starremedies\/mindfulnessbynature\/"]}]},{"@type":"BreadcrumbList","@id":"https:\/\/www.starremedies.com\/brands\/starremedies\/mindfulnessbynature\/#breadcrumb","itemListElement":[{"@type":"ListItem","position":1,"name":"Home","item":"https:\/\/www.starremedies.com\/"},{"@type":"ListItem","position":2,"name":"Our Brands","item":"https:\/\/www.starremedies.com\/brands\/"},{"@type":"ListItem","position":3,"name":"Star Remedies Flower Essences","item":"https:\/\/www.starremedies.com\/brands\/starremedies\/"},{"@type":"ListItem","position":4,"name":"Mindfulness by Nature &#8211; Balm for the soul &#8211; Madeleine Meuwessen"}]},{"@type":"WebSite","@id":"https:\/\/www.starremedies.com\/#website","url":"https:\/\/www.starremedies.com\/","name":"Star Remedies","description":"","publisher":{"@id":"https:\/\/www.starremedies.com\/#organization"},"potentialAction":[{"@type":"SearchAction","target":{"@type":"EntryPoint","urlTemplate":"https:\/\/www.starremedies.com\/?s={search_term_string}"},"query-input":{"@type":"PropertyValueSpecification","valueRequired":true,"valueName":"search_term_string"}}],"inLanguage":"de"},{"@type":"Organization","@id":"https:\/\/www.starremedies.com\/#organization","name":"Star Remedies","url":"https:\/\/www.starremedies.com\/","logo":{"@type":"ImageObject","inLanguage":"de","@id":"https:\/\/www.starremedies.com\/#\/schema\/logo\/image\/","url":"https:\/\/www.starremedies.com\/wp-content\/uploads\/2016\/02\/srl.gif","contentUrl":"https:\/\/www.starremedies.com\/wp-content\/uploads\/2016\/02\/srl.gif","width":250,"height":250,"caption":"Star Remedies"},"image":{"@id":"https:\/\/www.starremedies.com\/#\/schema\/logo\/image\/"},"sameAs":["https:\/\/www.facebook.com\/starremedies\/","https:\/\/www.instagram.com\/starremedies\/"]}]}},"_links":{"self":[{"href":"https:\/\/www.starremedies.com\/de\/wp-json\/wp\/v2\/pages\/5207","targetHints":{"allow":["GET"]}}],"collection":[{"href":"https:\/\/www.starremedies.com\/de\/wp-json\/wp\/v2\/pages"}],"about":[{"href":"https:\/\/www.starremedies.com\/de\/wp-json\/wp\/v2\/types\/page"}],"author":[{"embeddable":true,"href":"https:\/\/www.starremedies.com\/de\/wp-json\/wp\/v2\/users\/1"}],"replies":[{"embeddable":true,"href":"https:\/\/www.starremedies.com\/de\/wp-json\/wp\/v2\/comments?post=5207"}],"version-history":[{"count":8,"href":"https:\/\/www.starremedies.com\/de\/wp-json\/wp\/v2\/pages\/5207\/revisions"}],"predecessor-version":[{"id":27952,"href":"https:\/\/www.starremedies.com\/de\/wp-json\/wp\/v2\/pages\/5207\/revisions\/27952"}],"up":[{"embeddable":true,"href":"https:\/\/www.starremedies.com\/de\/wp-json\/wp\/v2\/pages\/3856"}],"wp:attachment":[{"href":"https:\/\/www.starremedies.com\/de\/wp-json\/wp\/v2\/media?parent=5207"}],"curies":[{"name":"wp","href":"https:\/\/api.w.org\/{rel}","templated":true}]}}