{"id":4461,"date":"2016-02-24T17:39:22","date_gmt":"2016-02-24T16:39:22","guid":{"rendered":"https:\/\/www.starremedies.com\/?page_id=4461"},"modified":"2025-02-04T10:40:27","modified_gmt":"2025-02-04T09:40:27","slug":"about","status":"publish","type":"page","link":"https:\/\/www.starremedies.com\/de\/about\/","title":{"rendered":"\u00dcber uns"},"content":{"rendered":"<section class=\"section section_breadcrumbs\" id=\"section_1491974284\">\n\t\t<div class=\"section-bg fill\" >\n\t\t\t\t\t\t\t\t\t\n\t\t\t\n\n\t\t<\/div>\n\n\t\t\n\n\t\t<div class=\"section-content relative\">\n\t\t\t\n<div class=\"row breadcrumbs-row\"  id=\"row-1652716225\">\n\n\t<div id=\"col-869954797\" class=\"col small-12 large-12\"  >\n\t\t\t\t<div class=\"col-inner\"  >\n\t\t\t\n\t\t\t\n\t<div id=\"text-128292550\" class=\"text breadcrumbs\">\n\t\t\n<span><span><a href=\"https:\/\/www.starremedies.com\/de\/\">Startseite<\/a><\/span><\/span>\n\t\t\t<\/div>\n\t\n\t\t<\/div>\n\t\t\t\t\t<\/div>\n\n\t\n\n<style>\n#row-1652716225 > .col > .col-inner {\n  padding: 0px 0px 0px 0px;\n}\n<\/style>\n<\/div>\n\t\t<\/div>\n\n\t\t\n<style>\n#section_1491974284 {\n  padding-top: 0px;\n  padding-bottom: 0px;\n  margin-bottom: 0px;\n}\n<\/style>\n\t<\/section>\n\t\n\n\t<section class=\"section products_row\" id=\"section_2092590881\">\n\t\t<div class=\"section-bg fill\" >\n\t\t\t\t\t\t\t\t\t\n\t\t\t\n\n\t\t<\/div>\n\n\t\t\n\n\t\t<div class=\"section-content relative\">\n\t\t\t\n<div class=\"row align-middle align-center\"  id=\"row-21867963\">\n\n\t<div id=\"col-1275425022\" class=\"col medium-3 small-12 large-3\"  >\n\t\t\t\t<div class=\"col-inner text-center\"  >\n\t\t\t\n\t\t\t\n\t<div class=\"img has-hover x md-x lg-x y md-y lg-y\" id=\"image_282370547\">\n\t\t\t\t\t\t\t\t<div class=\"img-inner dark\" >\n\t\t\t<img decoding=\"async\" width=\"250\" height=\"250\" src=\"https:\/\/www.starremedies.com\/wp-content\/uploads\/2022\/12\/sr_logo_transparent.png\" class=\"attachment-original size-original\" alt=\"\" srcset=\"https:\/\/www.starremedies.com\/wp-content\/uploads\/2022\/12\/sr_logo_transparent.png 250w, https:\/\/www.starremedies.com\/wp-content\/uploads\/2022\/12\/sr_logo_transparent-80x80.png 80w\" sizes=\"(max-width: 250px) 100vw, 250px\" \/>\t\t\t\t\t\t\n\t\t\t\t\t<\/div>\n\t\t\t\t\t\t\t\t\n<style>\n#image_282370547 {\n  width: 100%;\n}\n<\/style>\n\t<\/div>\n\t\n\t\t<\/div>\n\t\t\t\t\t<\/div>\n\n\t\n\n\t<div id=\"col-548105596\" class=\"col small-12 large-12\"  >\n\t\t\t\t<div class=\"col-inner text-center\"  >\n\t\t\t\n\t\t\t\n\t<div id=\"text-2391711093\" class=\"text\">\n\t\t\n<h1>WILLKOMMEN BEI STAR REMEDIES<\/h1>\n\t\t\n<style>\n#text-2391711093 {\n  text-align: center;\n}\n<\/style>\n\t<\/div>\n\t\n\t\t<\/div>\n\t\t\t\t\t<\/div>\n\n\t\n<\/div>\n\t\t<\/div>\n\n\t\t\n<style>\n#section_2092590881 {\n  padding-top: 30px;\n  padding-bottom: 30px;\n  background-color: rgb(247, 247, 247);\n}\n<\/style>\n\t<\/section>\n\t\n\n\t<section class=\"section\" id=\"section_164723421\">\n\t\t<div class=\"section-bg fill\" >\n\t\t\t\t\t\t\t\t\t\n\t\t\t\n\n\t\t<\/div>\n\n\t\t\n\n\t\t<div class=\"section-content relative\">\n\t\t\t\n<div class=\"row\"  id=\"row-250714136\">\n\n\t<div id=\"col-1961762340\" class=\"col small-12 large-12\"  >\n\t\t\t\t<div class=\"col-inner\"  >\n\t\t\t\n\t\t\t\n<p>Star Remedies B.V. ist seit 1985 auf dem Gebiet der Produktion sowie des Imports und Vertriebs von Nahrungserg\u00e4nzungsmitteln, Bl\u00fctenessenzen, Edelsteinessenzen, Gesundheitsprodukten und Naturprodukten in den Beneluxl\u00e4ndern und ganz Europa t\u00e4tig. Neben unseren eigenen Produkten importieren und vertreiben wir auch Produkte aus dem Ausland.<\/p>\n<p>In Zusammenarbeit mit\u00a0<a href=\"https:\/\/www.cint.nl\/\" target=\"_blank\" rel=\"noopener\">C.I.N.T. Benelux Opleidingen B.V.\u00a0<\/a>bietet die M\u00f6glichkeit f\u00fcr Therapeuten, eine Ausbildung zum C.I.N.T.-Therapeuten zu absolvieren. Star Remedies B.V. ist auch an nationalen und internationalen B\u00f6rsen aktiv.<\/p>\n<p>Seit ihrer Gr\u00fcndung hat Star Remedies B.V. ein Ziel vor Augen: Einzelh\u00e4ndlern, Therapeuten und Verbrauchern hochwertige Produkte zu liefern, die durch optimale Dienstleistungen unterst\u00fctzt werden. Star Remedies identifiziert sich voll und ganz mit seinen Produkten. Die Philosophie von Star Remedies B.V. ist, dass sie sich immer f\u00fcr die Natur und tierfreundliche Produkte einsetzen wird. Andererseits strebt Star Remedies B.V. bei ihren Zielgruppen einen Ruf von Integrit\u00e4t und Engagement an. Eine Qualit\u00e4ts- und Serviceorientierung ist dabei Voraussetzung.<\/p>\n<p>All dies ist in unserem Motto zusammengefasst: ein besseres Wohlbefinden schaffen.<\/p>\n<p>Star Remedies hat sich mit den folgenden Produkten eine starke Position erarbeitet:<\/p>\n<ul>\n<li>Ainsworths Original Bachbl\u00fcten<\/li>\n<li>Star Remedies - Bl\u00fctenessenzen<\/li>\n<li>Star Remedies - Kombination von Essenzen<\/li>\n<li>Star Remedies - Basiscremes<\/li>\n<li>Indigo Essences<\/li>\n<li>Animal Essences<\/li>\n<li>Star Remedies Holzkisten<\/li>\n<li>Star Remedies PURE - 100% nat\u00fcrliches Deodorant<\/li>\n<li>Manuka Health - MGO Manuka Honig<\/li>\n<li>Svens Insel<\/li>\n<li>Bees Brilliance<\/li>\n<li>Lebendige Meerestherapie<\/li>\n<li>Kornisches Meersalz<\/li>\n<li>Kanuka-Honig<\/li>\n<li>Star Remedies Fruchtseife<\/li>\n<li>Star Remedies \u00c4therische \u00d6le<\/li>\n<li>Edelsteine<\/li>\n<\/ul>\n<div class=\"is-divider divider clearfix\" style=\"margin-top:35px;margin-bottom:35px;\"><\/div>\n<h2>Star Remedies - Das Bewusste Unternehmen<\/h2>\n<p>Star Remedies ist sowohl in der Herstellung als auch im Import und Vertrieb von Nahrungserg\u00e4nzungsmitteln, Blumenheilmitteln, Edelsteinheilmitteln und Naturprodukten in den Benelux-L\u00e4ndern und in ganz Europa t\u00e4tig. Neben unseren eigenen Produkten importieren und vertreiben wir auch Produkte aus dem Ausland. Star Remedies B.V. ist sowohl auf nationalen als auch auf internationalen Messen aktiv. In Zusammenarbeit mit CINT Benelux Opleidingen BV bieten wir die M\u00f6glichkeit f\u00fcr Therapeuten, sich zum CINT-Therapeuten ausbilden zu lassen.<\/p>\n<p>Von Anfang an hatte Star Remedies B.V. ein Ziel: die Lieferung von Qualit\u00e4tsprodukten, die durch einen Qualit\u00e4tsservice f\u00fcr Einzelh\u00e4ndler, Therapeuten und Verbraucher unterst\u00fctzt werden. Star Remedies B.V. identifiziert sich vollst\u00e4ndig mit seinen Produkten. Die Philosophie von Star Remedies B.V. ist, dass wir uns immer f\u00fcr die Natur und tierfreundliche Produkte einsetzen werden. Zweitens strebt Star Remedies B.V. gegen\u00fcber seinen Kunden nach einem Ruf der Integrit\u00e4t und des Engagements, sowohl im Service als auch in der Qualit\u00e4t.<\/p>\n<p>All dies ist in unserem Motto zusammengefasst: Sie erwarten Qualit\u00e4t, wir liefern Qualit\u00e4t, eine bessere Art zu leben.<\/p>\n<p><strong>Unsere Philosophie<\/strong><br \/>Die Philosophie von Star Remedies B.V. ist, dass sie sich immer f\u00fcr die Natur und tierfreundliche Produkte einsetzen wird. Andererseits strebt Star Remedies nach einem Ruf von Integrit\u00e4t und Engagement bei ihren Zielgruppen. Eine Qualit\u00e4ts- und Serviceorientierung ist dabei Voraussetzung.<\/p>\n<p><strong>Unsere Ziele<\/strong><br \/>Seit ihrer Gr\u00fcndung hat Star Remedies B.V. ein Ziel vor Augen: qualitativ hochwertige Produkte zu liefern, die durch optimale Dienstleistungen f\u00fcr Einzelh\u00e4ndler, Therapeuten und Verbraucher unterst\u00fctzt werden. Star Remedies B.V. identifiziert sich voll und ganz mit seinen Produkten.<\/p>\n<div class=\"is-divider divider clearfix\" style=\"margin-top:35px;margin-bottom:35px;\"><\/div>\n\t\t<\/div>\n\t\t\t\t\t<\/div>\n\n\t\n<\/div>\n\t\t<\/div>\n\n\t\t\n<style>\n#section_164723421 {\n  padding-top: 30px;\n  padding-bottom: 30px;\n}\n<\/style>\n\t<\/section>","protected":false},"excerpt":{"rendered":"","protected":false},"author":1,"featured_media":0,"parent":0,"menu_order":0,"comment_status":"closed","ping_status":"closed","template":"page-blank.php","meta":{"footnotes":""},"class_list":["post-4461","page","type-page","status-publish","hentry"],"yoast_head":"<!-- This site is optimized with the Yoast SEO plugin v27.6 - https:\/\/yoast.com\/product\/yoast-seo-wordpress\/ -->\n<title>About Us - Star Remedies<\/title>\n<meta name=\"description\" content=\"Since 1985 importing, distributing and producing high-quality health products supported by the best possible service to both retailers, therapists and consumers.\" \/>\n<meta name=\"robots\" content=\"index, follow, max-snippet:-1, max-image-preview:large, max-video-preview:-1\" \/>\n<link rel=\"canonical\" href=\"https:\/\/www.starremedies.com\/de\/about\/\" \/>\n<meta property=\"og:locale\" content=\"de_DE\" \/>\n<meta property=\"og:type\" content=\"article\" \/>\n<meta property=\"og:title\" content=\"About Us - Star Remedies\" \/>\n<meta property=\"og:description\" content=\"Since 1985 importing, distributing and producing high-quality health products supported by the best possible service to both retailers, therapists and consumers.\" \/>\n<meta property=\"og:url\" content=\"https:\/\/www.starremedies.com\/de\/about\/\" \/>\n<meta property=\"og:site_name\" content=\"Star Remedies\" \/>\n<meta property=\"article:publisher\" content=\"https:\/\/www.facebook.com\/starremedies\/\" \/>\n<meta property=\"article:modified_time\" content=\"2025-02-04T09:40:27+00:00\" \/>\n<meta name=\"twitter:card\" content=\"summary_large_image\" \/>\n<meta name=\"twitter:label1\" content=\"Gesch\u00e4tzte Lesezeit\" \/>\n\t<meta name=\"twitter:data1\" content=\"3\u00a0Minuten\" \/>\n<script type=\"application\/ld+json\" class=\"yoast-schema-graph\">{\"@context\":\"https:\\\/\\\/schema.org\",\"@graph\":[{\"@type\":\"WebPage\",\"@id\":\"https:\\\/\\\/www.starremedies.com\\\/about\\\/\",\"url\":\"https:\\\/\\\/www.starremedies.com\\\/about\\\/\",\"name\":\"About Us - Star Remedies\",\"isPartOf\":{\"@id\":\"https:\\\/\\\/www.starremedies.com\\\/#website\"},\"datePublished\":\"2016-02-24T16:39:22+00:00\",\"dateModified\":\"2025-02-04T09:40:27+00:00\",\"description\":\"Since 1985 importing, distributing and producing high-quality health products supported by the best possible service to both retailers, therapists and consumers.\",\"breadcrumb\":{\"@id\":\"https:\\\/\\\/www.starremedies.com\\\/about\\\/#breadcrumb\"},\"inLanguage\":\"de\",\"potentialAction\":[{\"@type\":\"ReadAction\",\"target\":[\"https:\\\/\\\/www.starremedies.com\\\/about\\\/\"]}]},{\"@type\":\"BreadcrumbList\",\"@id\":\"https:\\\/\\\/www.starremedies.com\\\/about\\\/#breadcrumb\",\"itemListElement\":[{\"@type\":\"ListItem\",\"position\":1,\"name\":\"Home\",\"item\":\"https:\\\/\\\/www.starremedies.com\\\/\"},{\"@type\":\"ListItem\",\"position\":2,\"name\":\"About Us\"}]},{\"@type\":\"WebSite\",\"@id\":\"https:\\\/\\\/www.starremedies.com\\\/#website\",\"url\":\"https:\\\/\\\/www.starremedies.com\\\/\",\"name\":\"Star Remedies\",\"description\":\"\",\"publisher\":{\"@id\":\"https:\\\/\\\/www.starremedies.com\\\/#organization\"},\"potentialAction\":[{\"@type\":\"SearchAction\",\"target\":{\"@type\":\"EntryPoint\",\"urlTemplate\":\"https:\\\/\\\/www.starremedies.com\\\/?s={search_term_string}\"},\"query-input\":{\"@type\":\"PropertyValueSpecification\",\"valueRequired\":true,\"valueName\":\"search_term_string\"}}],\"inLanguage\":\"de\"},{\"@type\":\"Organization\",\"@id\":\"https:\\\/\\\/www.starremedies.com\\\/#organization\",\"name\":\"Star Remedies\",\"url\":\"https:\\\/\\\/www.starremedies.com\\\/\",\"logo\":{\"@type\":\"ImageObject\",\"inLanguage\":\"de\",\"@id\":\"https:\\\/\\\/www.starremedies.com\\\/#\\\/schema\\\/logo\\\/image\\\/\",\"url\":\"https:\\\/\\\/www.starremedies.com\\\/wp-content\\\/uploads\\\/2016\\\/02\\\/srl.gif\",\"contentUrl\":\"https:\\\/\\\/www.starremedies.com\\\/wp-content\\\/uploads\\\/2016\\\/02\\\/srl.gif\",\"width\":250,\"height\":250,\"caption\":\"Star Remedies\"},\"image\":{\"@id\":\"https:\\\/\\\/www.starremedies.com\\\/#\\\/schema\\\/logo\\\/image\\\/\"},\"sameAs\":[\"https:\\\/\\\/www.facebook.com\\\/starremedies\\\/\",\"https:\\\/\\\/www.instagram.com\\\/starremedies\\\/\"]}]}<\/script>\n<!-- \/ Yoast SEO plugin. -->","yoast_head_json":{"title":"\u00dcber uns - Star Remedies","description":"Seit 1985 importieren, vertreiben und produzieren wir hochwertige Gesundheitsprodukte und bieten H\u00e4ndlern, Therapeuten und Verbrauchern den bestm\u00f6glichen Service.","robots":{"index":"index","follow":"follow","max-snippet":"max-snippet:-1","max-image-preview":"max-image-preview:large","max-video-preview":"max-video-preview:-1"},"canonical":"https:\/\/www.starremedies.com\/de\/about\/","og_locale":"de_DE","og_type":"article","og_title":"About Us - Star Remedies","og_description":"Since 1985 importing, distributing and producing high-quality health products supported by the best possible service to both retailers, therapists and consumers.","og_url":"https:\/\/www.starremedies.com\/de\/about\/","og_site_name":"Star Remedies","article_publisher":"https:\/\/www.facebook.com\/starremedies\/","article_modified_time":"2025-02-04T09:40:27+00:00","twitter_card":"summary_large_image","twitter_misc":{"Gesch\u00e4tzte Lesezeit":"3\u00a0Minuten"},"schema":{"@context":"https:\/\/schema.org","@graph":[{"@type":"WebPage","@id":"https:\/\/www.starremedies.com\/about\/","url":"https:\/\/www.starremedies.com\/about\/","name":"\u00dcber uns - Star Remedies","isPartOf":{"@id":"https:\/\/www.starremedies.com\/#website"},"datePublished":"2016-02-24T16:39:22+00:00","dateModified":"2025-02-04T09:40:27+00:00","description":"Seit 1985 importieren, vertreiben und produzieren wir hochwertige Gesundheitsprodukte und bieten H\u00e4ndlern, Therapeuten und Verbrauchern den bestm\u00f6glichen Service.","breadcrumb":{"@id":"https:\/\/www.starremedies.com\/about\/#breadcrumb"},"inLanguage":"de","potentialAction":[{"@type":"ReadAction","target":["https:\/\/www.starremedies.com\/about\/"]}]},{"@type":"BreadcrumbList","@id":"https:\/\/www.starremedies.com\/about\/#breadcrumb","itemListElement":[{"@type":"ListItem","position":1,"name":"Home","item":"https:\/\/www.starremedies.com\/"},{"@type":"ListItem","position":2,"name":"About Us"}]},{"@type":"WebSite","@id":"https:\/\/www.starremedies.com\/#website","url":"https:\/\/www.starremedies.com\/","name":"Star Remedies","description":"","publisher":{"@id":"https:\/\/www.starremedies.com\/#organization"},"potentialAction":[{"@type":"SearchAction","target":{"@type":"EntryPoint","urlTemplate":"https:\/\/www.starremedies.com\/?s={search_term_string}"},"query-input":{"@type":"PropertyValueSpecification","valueRequired":true,"valueName":"search_term_string"}}],"inLanguage":"de"},{"@type":"Organization","@id":"https:\/\/www.starremedies.com\/#organization","name":"Star Remedies","url":"https:\/\/www.starremedies.com\/","logo":{"@type":"ImageObject","inLanguage":"de","@id":"https:\/\/www.starremedies.com\/#\/schema\/logo\/image\/","url":"https:\/\/www.starremedies.com\/wp-content\/uploads\/2016\/02\/srl.gif","contentUrl":"https:\/\/www.starremedies.com\/wp-content\/uploads\/2016\/02\/srl.gif","width":250,"height":250,"caption":"Star Remedies"},"image":{"@id":"https:\/\/www.starremedies.com\/#\/schema\/logo\/image\/"},"sameAs":["https:\/\/www.facebook.com\/starremedies\/","https:\/\/www.instagram.com\/starremedies\/"]}]}},"_links":{"self":[{"href":"https:\/\/www.starremedies.com\/de\/wp-json\/wp\/v2\/pages\/4461","targetHints":{"allow":["GET"]}}],"collection":[{"href":"https:\/\/www.starremedies.com\/de\/wp-json\/wp\/v2\/pages"}],"about":[{"href":"https:\/\/www.starremedies.com\/de\/wp-json\/wp\/v2\/types\/page"}],"author":[{"embeddable":true,"href":"https:\/\/www.starremedies.com\/de\/wp-json\/wp\/v2\/users\/1"}],"replies":[{"embeddable":true,"href":"https:\/\/www.starremedies.com\/de\/wp-json\/wp\/v2\/comments?post=4461"}],"version-history":[{"count":7,"href":"https:\/\/www.starremedies.com\/de\/wp-json\/wp\/v2\/pages\/4461\/revisions"}],"predecessor-version":[{"id":27901,"href":"https:\/\/www.starremedies.com\/de\/wp-json\/wp\/v2\/pages\/4461\/revisions\/27901"}],"wp:attachment":[{"href":"https:\/\/www.starremedies.com\/de\/wp-json\/wp\/v2\/media?parent=4461"}],"curies":[{"name":"wp","href":"https:\/\/api.w.org\/{rel}","templated":true}]}}