{"id":4299,"date":"2016-02-23T18:20:03","date_gmt":"2016-02-23T17:20:03","guid":{"rendered":"https:\/\/www.starremedies.com\/?page_id=4299"},"modified":"2025-02-05T12:49:53","modified_gmt":"2025-02-05T11:49:53","slug":"woodenboxes","status":"publish","type":"page","link":"https:\/\/www.starremedies.com\/de\/woodenboxes\/","title":{"rendered":"Ma\u00dfgefertigte Holzkisten"},"content":{"rendered":"<section class=\"section section_breadcrumbs\" id=\"section_643028798\">\n\t\t<div class=\"section-bg fill\" >\n\t\t\t\t\t\t\t\t\t\n\t\t\t\n\n\t\t<\/div>\n\n\t\t\n\n\t\t<div class=\"section-content relative\">\n\t\t\t\n<div class=\"row breadcrumbs-row\"  id=\"row-1191916394\">\n\n\t<div id=\"col-1070071936\" class=\"col small-12 large-12\"  >\n\t\t\t\t<div class=\"col-inner\"  >\n\t\t\t\n\t\t\t\n\t<div id=\"text-1397390875\" class=\"text breadcrumbs\">\n\t\t\n<span><span><a href=\"https:\/\/www.starremedies.com\/de\/\">Startseite<\/a><\/span><\/span>\n\t\t\t<\/div>\n\t\n\t\t<\/div>\n\t\t\t\t\t<\/div>\n\n\t\n\n<style>\n#row-1191916394 > .col > .col-inner {\n  padding: 0px 0px 0px 0px;\n}\n<\/style>\n<\/div>\n\t\t<\/div>\n\n\t\t\n<style>\n#section_643028798 {\n  padding-top: 0px;\n  padding-bottom: 0px;\n  margin-bottom: 0px;\n}\n<\/style>\n\t<\/section>\n\t\n\n\t<section class=\"section products_row\" id=\"section_2108350226\">\n\t\t<div class=\"section-bg fill\" >\n\t\t\t\t\t\t\t\t\t\n\t\t\t\n\n\t\t<\/div>\n\n\t\t\n\n\t\t<div class=\"section-content relative\">\n\t\t\t\n<div class=\"row align-middle align-center\"  id=\"row-1076005078\">\n\n\t<div id=\"col-2144185244\" class=\"col medium-2 small-12 large-2\"  >\n\t\t\t\t<div class=\"col-inner text-center\"  >\n\t\t\t\n\t\t\t\n\t<div class=\"img has-hover x md-x lg-x y md-y lg-y\" id=\"image_1638256665\">\n\t\t\t\t\t\t\t\t<div class=\"img-inner dark\" >\n\t\t\t<img decoding=\"async\" width=\"250\" height=\"250\" src=\"https:\/\/www.starremedies.com\/wp-content\/uploads\/2022\/12\/sr_logo_transparent.png\" class=\"attachment-original size-original\" alt=\"\" srcset=\"https:\/\/www.starremedies.com\/wp-content\/uploads\/2022\/12\/sr_logo_transparent.png 250w, https:\/\/www.starremedies.com\/wp-content\/uploads\/2022\/12\/sr_logo_transparent-80x80.png 80w\" sizes=\"(max-width: 250px) 100vw, 250px\" \/>\t\t\t\t\t\t\n\t\t\t\t\t<\/div>\n\t\t\t\t\t\t\t\t\n<style>\n#image_1638256665 {\n  width: 100%;\n}\n<\/style>\n\t<\/div>\n\t\n\t\t<\/div>\n\t\t\t\t\t<\/div>\n\n\t\n\n\t<div id=\"col-575048177\" class=\"col small-12 large-12\"  >\n\t\t\t\t<div class=\"col-inner text-center\"  >\n\t\t\t\n\t\t\t\n\t<div id=\"text-2478921539\" class=\"text\">\n\t\t\n<h1>HOLZK\u00c4STCHEN<\/h1>\n\t\t\n<style>\n#text-2478921539 {\n  text-align: center;\n}\n<\/style>\n\t<\/div>\n\t\n\t\t<\/div>\n\t\t\t\t\t<\/div>\n\n\t\n<\/div>\n\t\t<\/div>\n\n\t\t\n<style>\n#section_2108350226 {\n  padding-top: 30px;\n  padding-bottom: 30px;\n  background-color: rgb(247, 247, 247);\n}\n<\/style>\n\t<\/section>\n\t\n\n\t<section class=\"section\" id=\"section_2120180489\">\n\t\t<div class=\"section-bg fill\" >\n\t\t\t\t\t\t\t\t\t\n\t\t\t\n\n\t\t<\/div>\n\n\t\t\n\n\t\t<div class=\"section-content relative\">\n\t\t\t\n<div class=\"row align-center\"  id=\"row-1397091550\">\n\n\t<div id=\"col-1144156305\" class=\"col medium-12 small-12 large-10\"  >\n\t\t\t\t<div class=\"col-inner\"  >\n\t\t\t\n\t\t\t\n<h2>Holzkisten; auf Ma\u00df gefertigt<\/h2>\n<p>Die Herstellung hochwertiger Holzkisten nach Ma\u00df ist eine unserer Leidenschaften. Star Remedies B.V. ist einer der f\u00fchrenden Anbieter auf dem Gebiet hochwertiger, ma\u00dfgefertigter Holzkisten. Dar\u00fcber hinaus ist es m\u00f6glich, sowohl Weinkisten als auch Sektkisten ganz nach Ihren W\u00fcnschen anfertigen zu lassen. Eine Holzkiste; ma\u00dfgeschneidert.<\/p>\n<p>Unsere Holzkisten zeichnen sich durch eine sehr hohe Qualit\u00e4t aus, die sich durch ihr sch\u00f6nes, vielf\u00e4ltiges und hochwertiges Erscheinungsbild auszeichnet. Mit den traditionellen Erfahrungen aus der Vergangenheit, die wir in der Gegenwart anwenden, k\u00f6nnen wir Ihnen helfen, innovative, praktische und vor allem hochwertige Holzkisten zu schaffen, die auf Qualit\u00e4t ausgerichtet sind. Seit unserer Gr\u00fcndung haben wir uns ausschlie\u00dflich auf die Herstellung hochwertiger Holzkisten konzentriert.<\/p>\n<p><strong>Umweltschonend<\/strong><br \/>Durch die Verwendung von hochwertigem EU-Qualit\u00e4tsholz sto\u00dfen wir weniger CO2 aus, als wenn wir Holz importieren. Die W\u00e4lder, in denen das Holz geerntet wird, stehen unter Kontrolle und f\u00fcr jeden geernteten Baum werden 2 B\u00e4ume nachgepflanzt. Durch die Anwendung alter, traditioneller Fertigkeiten verwandeln wir jede Holzkiste in jeder Form und Gr\u00f6\u00dfe in ein hochwertiges Produkt.<\/p>\n<p><strong>Methoden<\/strong><br \/>Unsere Holzkisten werden nach Ma\u00df gefertigt, wobei sowohl traditionelle Holzbearbeitungstechniken als auch halbautomatische Produktionsverfahren zum Einsatz kommen.<\/p>\n<p><strong>Holzarten<\/strong><br \/>Wir verwenden verschiedene Holzarten f\u00fcr die Holzkisten, wie z.B. Lindehout und Pinewood, da diese Holzarten aus der EU stammen, vor Ort geerntet werden und somit sofort verf\u00fcgbar sind. Diese Holzarten eignen sich hervorragend f\u00fcr die Herstellung von Holzkisten, da sie sowohl stark als auch leicht sind, so dass sie sich leicht verarbeiten lassen und mit verschiedenen Lackschichten und einer breiten Farbpalette versehen werden k\u00f6nnen. Zur Auswahl stehen auch Holzarten wie Buche, Birke und Pappel und auf Wunsch auch zertifiziertes Hartholz.<\/p>\n<p><strong>Trocknungsprozess<\/strong><br \/>Das rohe Holz wird zu Brettern verarbeitet, die dann im Freien gestapelt werden, wobei die Bretter einen gewissen Abstand zueinander haben, damit sie atmen k\u00f6nnen. Die Holzbretter werden dann in speziellen \u00d6fen 3 bis 5 Tage lang getrocknet.<\/p>\n<p><strong>Produktionsprozess<\/strong><br \/>Nach dem Aush\u00e4rten und Trocknen des Holzes werden die Bretter in d\u00fcnne Platten ges\u00e4gt, aus denen dann das gew\u00fcnschte Produkt hergestellt wird. Danach werden die Nuten gefr\u00e4st und die Scharniere eingesetzt, sowohl sichtbar als auch verdeckt. Neben der traditionellen Nut k\u00f6nnen wir auch eine spezielle V-Nut anbringen, die daf\u00fcr sorgt, dass sich die Holzkiste nicht weiter als 90 Grad \u00f6ffnet. Nach dem Anbringen der Scharniere werden die Kisten gr\u00fcndlich geschliffen und anschlie\u00dfend in speziellen Lackierkabinen gespritzt, wo die \u00fcbersch\u00fcssige Farbe abgesaugt wird. In den Spritzkabinen werden die gew\u00fcnschten Farben und eine Schutzschicht aufgetragen. Das Trocknen der Holzkisten dauert 2 bis 3 Tage, danach wird der Teig aufgetragen. Danach werden die Holzkisten noch einmal auf ihre Qualit\u00e4t gepr\u00fcft und anschlie\u00dfend verpackt.<\/p>\n<p><strong>Gestaltung<\/strong><br \/>Sie k\u00f6nnen Ihre Holzkisten auch von uns nach Ihrem Geschmack und Ihren W\u00fcnschen gestalten lassen. Der Entwurf erfolgt in gemeinsamer Absprache, so dass Ihre W\u00fcnsche in das endg\u00fcltige Modell einflie\u00dfen. Dar\u00fcber hinaus k\u00f6nnen Sie auch selbst entscheiden, welche Eigenschaften die Holzkiste haben soll: Farbe, Form, Gr\u00f6\u00dfe, Inhalt, Scharniere usw. usw.<\/p>\n<p><strong>Preisgestaltung<\/strong><br \/>Alle Holzkisten sind Ma\u00dfanfertigungen und Star Remedies B.V. erstellt daher nur ein Angebot auf der Grundlage Ihrer spezifizierten Anfrage, die den Typ der Kiste, die Gr\u00f6\u00dfe, die Farbe und andere W\u00fcnsche enth\u00e4lt. Das Angebot wird immer mit Preisstaffeln f\u00fcr Mengen von mindestens 50 bis maximal 8.000 St\u00fcck angeboten. Unser\u00a0<a href=\"https:\/\/www.starremedies.com\/de\/termsandconditions\/\">Bedingungen und Konditionen\u00a0<\/a>gelten f\u00fcr alle unsere Lieferungen und Angebote.<\/p>\n<p><strong>Bestellung aufgeben<\/strong><br \/>Eine Bestellung bei uns aufgeben ist einfach. Nachdem wir eine offizielle schriftliche Bestellanfrage erhalten haben, senden wir Ihnen eine digitale Zeichnung mit den Ma\u00dfen, die Sie zur Genehmigung unterschreiben m\u00fcssen, auch mit einem Firmenstempel. Dar\u00fcber hinaus erhalten Sie eine Best\u00e4tigung mit den vereinbarten Preisen und den W\u00fcnschen, die Sie uns schriftlich mitgeteilt haben. Die Holzkisten werden FOB (free on board) geliefert. Sie sind f\u00fcr den Versand ab unserem Standort in den Niederlanden verantwortlich. Selbstverst\u00e4ndlich k\u00f6nnen wir den Versand auch mit Spediteuren wie K\u00fchne &amp; amp; Nagel, Wim Bosman Logistics, UPS, Fedex und anderen Spediteuren f\u00fcr Sie organisieren. Nach Erhalt der von Ihnen unterschriebenen und abgestempelten Dokumente und Ihrer Anzahlung beginnen wir mit der Produktion Ihrer Produkte.<\/p>\n<p><strong>Mindestbestellmenge<\/strong><br \/>Die Mindestbestellmenge betr\u00e4gt 50 Holzkisten.<\/p>\n<p><strong>Produktionszeit<\/strong><br \/>Die durchschnittliche Lieferzeit, beispielsweise f\u00fcr 1000 Holzkisten, betr\u00e4gt mindestens 6 bis 8 Wochen. Bei gr\u00f6\u00dferen Auftr\u00e4gen werden die Lieferzeiten im gegenseitigen Einvernehmen festgelegt. Sobald Sie uns Ihren Auftrag per Fax oder per Post best\u00e4tigt haben und Ihre Anzahlung bei uns eingegangen ist, beginnen wir mit der Herstellung Ihres Produkts. Ihre Bestellung wird von uns erst dann angenommen, wenn alle Dokumente mit Ihrer Unterschrift und dem Datum auf jeder Seite vorliegen.<\/p>\n<p><strong>Zahlung<\/strong><br \/>F\u00fcr Kunden in den Benelux-L\u00e4ndern gilt eine Anzahlung von 50% bei Bestellung, f\u00fcr die Lieferung m\u00fcssen die restlichen 50% bezahlt werden. F\u00fcr andere L\u00e4nder gilt eine Anzahlung von 100%.<\/p>\n\t\t<\/div>\n\t\t\t\t\t<\/div>\n\n\t\n\n\t<div id=\"col-2124227136\" class=\"col medium-4 small-12 large-2 medium-col-first\"  >\n\t\t\t\t<div class=\"col-inner text-center\"  >\n\t\t\t\n\t\t\t\n\t<div class=\"img has-hover x md-x lg-x y md-y lg-y\" id=\"image_321742543\">\n\t\t\t\t\t\t\t\t<div class=\"img-inner dark\" >\n\t\t\t<img decoding=\"async\" width=\"250\" height=\"276\" src=\"https:\/\/www.starremedies.com\/wp-content\/uploads\/2016\/02\/houtenkist.gif\" class=\"attachment-medium size-medium\" alt=\"\" \/>\t\t\t\t\t\t\n\t\t\t\t\t<\/div>\n\t\t\t\t\t\t\t\t\n<style>\n#image_321742543 {\n  width: 75%;\n}\n@media (min-width:550px) {\n  #image_321742543 {\n    width: 90%;\n  }\n}\n@media (min-width:850px) {\n  #image_321742543 {\n    width: 100%;\n  }\n}\n<\/style>\n\t<\/div>\n\t\n\t\t<\/div>\n\t\t\t\t\t<\/div>\n\n\t\n\n\t<div id=\"col-1840118893\" class=\"col small-12 large-12\"  >\n\t\t\t\t<div class=\"col-inner\"  >\n\t\t\t\n\t\t\t\n<h2>Star Remedies Bl\u00fctenessenz-Holzk\u00e4stchen kaufen<\/h2>\n<p>Star Remedies Flower Essences Holzboxen k\u00f6nnen separat bestellt werden bei\u00a0<a href=\"https:\/\/www.starremediesshop.com\/de\/bachfloweressences\/woodenboxes\/\" target=\"_blank\" rel=\"noopener\">https:\/\/www.starremediesshop.com\/<\/a><\/p>\n<p>Sie sind Unternehmer, Fachmann oder Therapeut und interessieren sich f\u00fcr Star Remedies Produkte.\u00a0<a href=\"https:\/\/www.starremedies.com\/de\/companies\/\">Anmeldung \u00fcber das Anmeldeformular f\u00fcr Unternehmen<\/a>\u00a0und f\u00fcr Therapeuten und Fachleute,\u00a0<a href=\"https:\/\/www.starremedies.com\/de\/companies\/\">das Anmeldeformular f\u00fcr Fachleute<\/a>.<\/p>\n\t\t<\/div>\n\t\t\t\t\n<style>\n#col-1840118893 > .col-inner {\n  margin: 75px 0px 0px 0px;\n}\n<\/style>\n\t<\/div>\n\n\t\n<\/div>\n\t\t<\/div>\n\n\t\t\n<style>\n#section_2120180489 {\n  padding-top: 30px;\n  padding-bottom: 30px;\n}\n<\/style>\n\t<\/section>","protected":false},"excerpt":{"rendered":"","protected":false},"author":1,"featured_media":0,"parent":0,"menu_order":0,"comment_status":"closed","ping_status":"closed","template":"page-blank.php","meta":{"footnotes":""},"class_list":["post-4299","page","type-page","status-publish","hentry"],"yoast_head":"<!-- This site is optimized with the Yoast SEO plugin v27.3 - https:\/\/yoast.com\/product\/yoast-seo-wordpress\/ -->\n<title>Custom made high quality wooden boxes - Star Remedies<\/title>\n<meta name=\"description\" content=\"High quality wooden boxes made to measure according to your wishes. Each wooden box is completely manual work with a lot of possibilities in terms of color, shape, content and finish.\" \/>\n<meta name=\"robots\" content=\"index, follow, max-snippet:-1, max-image-preview:large, max-video-preview:-1\" \/>\n<link rel=\"canonical\" href=\"https:\/\/www.starremedies.com\/de\/woodenboxes\/\" \/>\n<meta property=\"og:locale\" content=\"de_DE\" \/>\n<meta property=\"og:type\" content=\"article\" \/>\n<meta property=\"og:title\" content=\"Custom made high quality wooden boxes - Star Remedies\" \/>\n<meta property=\"og:description\" content=\"High quality wooden boxes made to measure according to your wishes. Each wooden box is completely manual work with a lot of possibilities in terms of color, shape, content and finish.\" \/>\n<meta property=\"og:url\" content=\"https:\/\/www.starremedies.com\/de\/woodenboxes\/\" \/>\n<meta property=\"og:site_name\" content=\"Star Remedies\" \/>\n<meta property=\"article:publisher\" content=\"https:\/\/www.facebook.com\/starremedies\/\" \/>\n<meta property=\"article:modified_time\" content=\"2025-02-05T11:49:53+00:00\" \/>\n<meta name=\"twitter:card\" content=\"summary_large_image\" \/>\n<script type=\"application\/ld+json\" class=\"yoast-schema-graph\">{\"@context\":\"https:\\\/\\\/schema.org\",\"@graph\":[{\"@type\":\"WebPage\",\"@id\":\"https:\\\/\\\/www.starremedies.com\\\/woodenboxes\\\/\",\"url\":\"https:\\\/\\\/www.starremedies.com\\\/woodenboxes\\\/\",\"name\":\"Custom made high quality wooden boxes - Star Remedies\",\"isPartOf\":{\"@id\":\"https:\\\/\\\/www.starremedies.com\\\/#website\"},\"datePublished\":\"2016-02-23T17:20:03+00:00\",\"dateModified\":\"2025-02-05T11:49:53+00:00\",\"description\":\"High quality wooden boxes made to measure according to your wishes. Each wooden box is completely manual work with a lot of possibilities in terms of color, shape, content and finish.\",\"breadcrumb\":{\"@id\":\"https:\\\/\\\/www.starremedies.com\\\/woodenboxes\\\/#breadcrumb\"},\"inLanguage\":\"de\",\"potentialAction\":[{\"@type\":\"ReadAction\",\"target\":[\"https:\\\/\\\/www.starremedies.com\\\/woodenboxes\\\/\"]}]},{\"@type\":\"BreadcrumbList\",\"@id\":\"https:\\\/\\\/www.starremedies.com\\\/woodenboxes\\\/#breadcrumb\",\"itemListElement\":[{\"@type\":\"ListItem\",\"position\":1,\"name\":\"Home\",\"item\":\"https:\\\/\\\/www.starremedies.com\\\/\"},{\"@type\":\"ListItem\",\"position\":2,\"name\":\"Custom made wooden boxes\"}]},{\"@type\":\"WebSite\",\"@id\":\"https:\\\/\\\/www.starremedies.com\\\/#website\",\"url\":\"https:\\\/\\\/www.starremedies.com\\\/\",\"name\":\"Star Remedies\",\"description\":\"\",\"publisher\":{\"@id\":\"https:\\\/\\\/www.starremedies.com\\\/#organization\"},\"potentialAction\":[{\"@type\":\"SearchAction\",\"target\":{\"@type\":\"EntryPoint\",\"urlTemplate\":\"https:\\\/\\\/www.starremedies.com\\\/?s={search_term_string}\"},\"query-input\":{\"@type\":\"PropertyValueSpecification\",\"valueRequired\":true,\"valueName\":\"search_term_string\"}}],\"inLanguage\":\"de\"},{\"@type\":\"Organization\",\"@id\":\"https:\\\/\\\/www.starremedies.com\\\/#organization\",\"name\":\"Star Remedies\",\"url\":\"https:\\\/\\\/www.starremedies.com\\\/\",\"logo\":{\"@type\":\"ImageObject\",\"inLanguage\":\"de\",\"@id\":\"https:\\\/\\\/www.starremedies.com\\\/#\\\/schema\\\/logo\\\/image\\\/\",\"url\":\"https:\\\/\\\/www.starremedies.com\\\/wp-content\\\/uploads\\\/2016\\\/02\\\/srl.gif\",\"contentUrl\":\"https:\\\/\\\/www.starremedies.com\\\/wp-content\\\/uploads\\\/2016\\\/02\\\/srl.gif\",\"width\":250,\"height\":250,\"caption\":\"Star Remedies\"},\"image\":{\"@id\":\"https:\\\/\\\/www.starremedies.com\\\/#\\\/schema\\\/logo\\\/image\\\/\"},\"sameAs\":[\"https:\\\/\\\/www.facebook.com\\\/starremedies\\\/\",\"https:\\\/\\\/www.instagram.com\\\/starremedies\\\/\"]}]}<\/script>\n<!-- \/ Yoast SEO plugin. -->","yoast_head_json":{"title":"Ma\u00dfgefertigte hochwertige Holzkisten - Star Remedies","description":"Hochwertige Holzkisten, die nach Ma\u00df und nach Ihren W\u00fcnschen gefertigt werden. Jede Holzkiste ist eine komplette Handarbeit mit vielen M\u00f6glichkeiten in Bezug auf Farbe, Form, Inhalt und Ausf\u00fchrung.","robots":{"index":"index","follow":"follow","max-snippet":"max-snippet:-1","max-image-preview":"max-image-preview:large","max-video-preview":"max-video-preview:-1"},"canonical":"https:\/\/www.starremedies.com\/de\/woodenboxes\/","og_locale":"de_DE","og_type":"article","og_title":"Custom made high quality wooden boxes - Star Remedies","og_description":"High quality wooden boxes made to measure according to your wishes. Each wooden box is completely manual work with a lot of possibilities in terms of color, shape, content and finish.","og_url":"https:\/\/www.starremedies.com\/de\/woodenboxes\/","og_site_name":"Star Remedies","article_publisher":"https:\/\/www.facebook.com\/starremedies\/","article_modified_time":"2025-02-05T11:49:53+00:00","twitter_card":"summary_large_image","schema":{"@context":"https:\/\/schema.org","@graph":[{"@type":"WebPage","@id":"https:\/\/www.starremedies.com\/woodenboxes\/","url":"https:\/\/www.starremedies.com\/woodenboxes\/","name":"Ma\u00dfgefertigte hochwertige Holzkisten - Star Remedies","isPartOf":{"@id":"https:\/\/www.starremedies.com\/#website"},"datePublished":"2016-02-23T17:20:03+00:00","dateModified":"2025-02-05T11:49:53+00:00","description":"Hochwertige Holzkisten, die nach Ma\u00df und nach Ihren W\u00fcnschen gefertigt werden. Jede Holzkiste ist eine komplette Handarbeit mit vielen M\u00f6glichkeiten in Bezug auf Farbe, Form, Inhalt und Ausf\u00fchrung.","breadcrumb":{"@id":"https:\/\/www.starremedies.com\/woodenboxes\/#breadcrumb"},"inLanguage":"de","potentialAction":[{"@type":"ReadAction","target":["https:\/\/www.starremedies.com\/woodenboxes\/"]}]},{"@type":"BreadcrumbList","@id":"https:\/\/www.starremedies.com\/woodenboxes\/#breadcrumb","itemListElement":[{"@type":"ListItem","position":1,"name":"Home","item":"https:\/\/www.starremedies.com\/"},{"@type":"ListItem","position":2,"name":"Custom made wooden boxes"}]},{"@type":"WebSite","@id":"https:\/\/www.starremedies.com\/#website","url":"https:\/\/www.starremedies.com\/","name":"Star Remedies","description":"","publisher":{"@id":"https:\/\/www.starremedies.com\/#organization"},"potentialAction":[{"@type":"SearchAction","target":{"@type":"EntryPoint","urlTemplate":"https:\/\/www.starremedies.com\/?s={search_term_string}"},"query-input":{"@type":"PropertyValueSpecification","valueRequired":true,"valueName":"search_term_string"}}],"inLanguage":"de"},{"@type":"Organization","@id":"https:\/\/www.starremedies.com\/#organization","name":"Star Remedies","url":"https:\/\/www.starremedies.com\/","logo":{"@type":"ImageObject","inLanguage":"de","@id":"https:\/\/www.starremedies.com\/#\/schema\/logo\/image\/","url":"https:\/\/www.starremedies.com\/wp-content\/uploads\/2016\/02\/srl.gif","contentUrl":"https:\/\/www.starremedies.com\/wp-content\/uploads\/2016\/02\/srl.gif","width":250,"height":250,"caption":"Star Remedies"},"image":{"@id":"https:\/\/www.starremedies.com\/#\/schema\/logo\/image\/"},"sameAs":["https:\/\/www.facebook.com\/starremedies\/","https:\/\/www.instagram.com\/starremedies\/"]}]}},"_links":{"self":[{"href":"https:\/\/www.starremedies.com\/de\/wp-json\/wp\/v2\/pages\/4299","targetHints":{"allow":["GET"]}}],"collection":[{"href":"https:\/\/www.starremedies.com\/de\/wp-json\/wp\/v2\/pages"}],"about":[{"href":"https:\/\/www.starremedies.com\/de\/wp-json\/wp\/v2\/types\/page"}],"author":[{"embeddable":true,"href":"https:\/\/www.starremedies.com\/de\/wp-json\/wp\/v2\/users\/1"}],"replies":[{"embeddable":true,"href":"https:\/\/www.starremedies.com\/de\/wp-json\/wp\/v2\/comments?post=4299"}],"version-history":[{"count":9,"href":"https:\/\/www.starremedies.com\/de\/wp-json\/wp\/v2\/pages\/4299\/revisions"}],"predecessor-version":[{"id":27977,"href":"https:\/\/www.starremedies.com\/de\/wp-json\/wp\/v2\/pages\/4299\/revisions\/27977"}],"wp:attachment":[{"href":"https:\/\/www.starremedies.com\/de\/wp-json\/wp\/v2\/media?parent=4299"}],"curies":[{"name":"wp","href":"https:\/\/api.w.org\/{rel}","templated":true}]}}