{"id":3910,"date":"2016-02-22T17:03:57","date_gmt":"2016-02-22T16:03:57","guid":{"rendered":"https:\/\/www.starremedies.com\/?page_id=3910"},"modified":"2025-02-06T10:42:08","modified_gmt":"2025-02-06T09:42:08","slug":"flowercreams","status":"publish","type":"page","link":"https:\/\/www.starremedies.com\/de\/brands\/starremedies\/flowercreams\/","title":{"rendered":"Star Remedies Bl\u00fctencremes"},"content":{"rendered":"<section class=\"section section_breadcrumbs\" id=\"section_716305449\">\n\t\t<div class=\"section-bg fill\" >\n\t\t\t\t\t\t\t\t\t\n\t\t\t\n\n\t\t<\/div>\n\n\t\t\n\n\t\t<div class=\"section-content relative\">\n\t\t\t\n<div class=\"row breadcrumbs-row\"  id=\"row-1206467907\">\n\n\t<div id=\"col-1164831467\" class=\"col small-12 large-12\"  >\n\t\t\t\t<div class=\"col-inner\"  >\n\t\t\t\n\t\t\t\n\t<div id=\"text-409836995\" class=\"text breadcrumbs\">\n\t\t\n<span><span><a href=\"https:\/\/www.starremedies.com\/de\/\">Startseite<\/a><\/span><\/span>\n\t\t\t<\/div>\n\t\n\t\t<\/div>\n\t\t\t\t\t<\/div>\n\n\t\n\n<style>\n#row-1206467907 > .col > .col-inner {\n  padding: 0px 0px 0px 0px;\n}\n<\/style>\n<\/div>\n\t\t<\/div>\n\n\t\t\n<style>\n#section_716305449 {\n  padding-top: 0px;\n  padding-bottom: 0px;\n  margin-bottom: 0px;\n}\n<\/style>\n\t<\/section>\n\t\n\n\t<section class=\"section products_row\" id=\"section_1110620632\">\n\t\t<div class=\"section-bg fill\" >\n\t\t\t\t\t\t\t\t\t\n\t\t\t\n\n\t\t<\/div>\n\n\t\t\n\n\t\t<div class=\"section-content relative\">\n\t\t\t\n<div class=\"row align-middle align-center\"  id=\"row-1656013214\">\n\n\t<div id=\"col-1739257140\" class=\"col medium-3 small-9 large-3\"  >\n\t\t\t\t<div class=\"col-inner text-center\"  >\n\t\t\t\n\t\t\t\n\t<div class=\"img has-hover x md-x lg-x y md-y lg-y\" id=\"image_897545127\">\n\t\t\t\t\t\t\t\t<div class=\"img-inner dark\" >\n\t\t\t<img decoding=\"async\" width=\"250\" height=\"250\" src=\"https:\/\/www.starremedies.com\/wp-content\/uploads\/2022\/12\/sr_logo_transparent.png\" class=\"attachment-original size-original\" alt=\"\" srcset=\"https:\/\/www.starremedies.com\/wp-content\/uploads\/2022\/12\/sr_logo_transparent.png 250w, https:\/\/www.starremedies.com\/wp-content\/uploads\/2022\/12\/sr_logo_transparent-80x80.png 80w\" sizes=\"(max-width: 250px) 100vw, 250px\" \/>\t\t\t\t\t\t\n\t\t\t\t\t<\/div>\n\t\t\t\t\t\t\t\t\n<style>\n#image_897545127 {\n  width: 100%;\n}\n@media (min-width:850px) {\n  #image_897545127 {\n    width: 75%;\n  }\n}\n<\/style>\n\t<\/div>\n\t\n\t\t<\/div>\n\t\t\t\t\t<\/div>\n\n\t\n\n\t<div id=\"col-992751522\" class=\"col small-12 large-12\"  >\n\t\t\t\t<div class=\"col-inner text-center\"  >\n\t\t\t\n\t\t\t\n\t<div id=\"text-452794050\" class=\"text\">\n\t\t\n<h1>STAR HEILMITTEL BLUME CREMES<\/h1>\n\t\t\n<style>\n#text-452794050 {\n  text-align: center;\n}\n<\/style>\n\t<\/div>\n\t\n\t\t<\/div>\n\t\t\t\t\t<\/div>\n\n\t\n<\/div>\n\t\t<\/div>\n\n\t\t\n<style>\n#section_1110620632 {\n  padding-top: 30px;\n  padding-bottom: 30px;\n  background-color: rgb(247, 247, 247);\n}\n<\/style>\n\t<\/section>\n\t\n\n\t<section class=\"section\" id=\"section_395596542\">\n\t\t<div class=\"section-bg fill\" >\n\t\t\t\t\t\t\t\t\t\n\t\t\t\n\n\t\t<\/div>\n\n\t\t\n\n\t\t<div class=\"section-content relative\">\n\t\t\t\n<div class=\"row\"  id=\"row-2092064497\">\n\n\t<div id=\"col-108922800\" class=\"col large-12\"  >\n\t\t\t\t<div class=\"col-inner text-center\"  >\n\t\t\t\n\t\t\t\n\t<div id=\"text-981302031\" class=\"text\">\n\t\t\n<h2>STAR REMEDIES BL\u00dcTENCREMES \u00dcBERSICHT<\/h2>\n\t\t\n<style>\n#text-981302031 {\n  font-size: 0.9rem;\n  text-align: center;\n}\n<\/style>\n\t<\/div>\n\t\n\t\t<\/div>\n\t\t\t\t\t<\/div>\n\n\t\n\n\t<div id=\"col-491473683\" class=\"col medium-6 small-12 large-4\"  >\n\t\t\t\t<div class=\"col-inner text-center\"  >\n\t\t\t\n\t\t\t\n\t<div id=\"text-1348104762\" class=\"text\">\n\t\t\n<h3 class=\"uppercase\">Erste-Hilfe-Creme<\/h3>\n\t\t\n<style>\n#text-1348104762 {\n  font-size: 0.9rem;\n  text-align: center;\n}\n<\/style>\n\t<\/div>\n\t\n\t<div class=\"img has-hover x md-x lg-x y md-y lg-y\" id=\"image_743690774\">\n\t\t\t\t\t\t\t\t<div class=\"img-inner dark\" style=\"margin:0px 50px 0px 50px;\">\n\t\t\t<img decoding=\"async\" width=\"169\" height=\"194\" src=\"https:\/\/www.starremedies.com\/wp-content\/uploads\/2016\/02\/sr-1-1.jpg\" class=\"attachment-medium size-medium\" alt=\"\" \/>\t\t\t\t\t\t\n\t\t\t\t\t<\/div>\n\t\t\t\t\t\t\t\t\n<style>\n#image_743690774 {\n  width: 100%;\n}\n@media (min-width:550px) {\n  #image_743690774 {\n    width: 80%;\n  }\n}\n@media (min-width:850px) {\n  #image_743690774 {\n    width: 80%;\n  }\n}\n<\/style>\n\t<\/div>\n\t\n\t<div id=\"text-3430562147\" class=\"text\">\n\t\t\n<p>Viele psychische Beschwerden haben einen gro\u00dfen Einfluss auf das k\u00f6rperliche Wohlbefinden. Star Remedies hat aufgrund seiner langj\u00e4hrigen Erfahrung mit seinen eigenen Bl\u00fctenessenzen eine einzigartige Creme entwickelt; 100% nat\u00fcrlich und nicht an Tieren getestet. Star Remedies entwickelt und produziert seine Bl\u00fctenessenzen schon seit vielen Jahren. Das Ergebnis sind 49 verschiedene einzelne Bl\u00fctenessenzen und die Erste-Hilfe-Essenz zur Umwandlung negativer Emotionen und Stimmungen in positive Qualit\u00e4ten.<\/p>\n<p>Aus den verschiedenen Star Remedies Bl\u00fctenessenzen wurden 11 Bl\u00fcten ausgew\u00e4hlt, die zusammen f\u00fcr die besondere Wirkung der Star Remedies First Aid Cream sorgen:<\/p>\n<p>Liebe &amp; Hoffnung, T\u00fcrkis, Houttyunnia Cordata, Stern von Bethlehem, Schafgarbe, 3-teilig, Kuh-Petersilie, Maskenblume, Sumpfdotterblume, Kirschpflaume, Ismene<\/p>\n<p>Im Allgemeinen kann Star Remedies Erste-Hilfe-Creme f\u00fcr alle Unf\u00e4lle in Haus, Garten und K\u00fcche verwendet werden.<\/p>\n<p>Inhalt: 30gr.<\/p>\n\t\t\n<style>\n#text-3430562147 {\n  font-size: 0.9rem;\n  text-align: left;\n}\n<\/style>\n\t<\/div>\n\t\n\t\t<\/div>\n\t\t\t\t\t<\/div>\n\n\t\n\n\t<div id=\"col-855559714\" class=\"col medium-6 small-12 large-4\"  >\n\t\t\t\t<div class=\"col-inner text-center\"  >\n\t\t\t\n\t\t\t\n\t<div id=\"text-3061152194\" class=\"text\">\n\t\t\n<h3 class=\"uppercase\">Narbencreme<\/h3>\n\t\t\n<style>\n#text-3061152194 {\n  font-size: 0.9rem;\n  text-align: center;\n}\n<\/style>\n\t<\/div>\n\t\n\t<div class=\"img has-hover x md-x lg-x y md-y lg-y\" id=\"image_962129907\">\n\t\t\t\t\t\t\t\t<div class=\"img-inner dark\" style=\"margin:0px 50px 0px 50px;\">\n\t\t\t<img decoding=\"async\" width=\"169\" height=\"194\" src=\"https:\/\/www.starremedies.com\/wp-content\/uploads\/2016\/02\/sr-2.jpg\" class=\"attachment-medium size-medium\" alt=\"\" \/>\t\t\t\t\t\t\n\t\t\t\t\t<\/div>\n\t\t\t\t\t\t\t\t\n<style>\n#image_962129907 {\n  width: 100%;\n}\n@media (min-width:550px) {\n  #image_962129907 {\n    width: 80%;\n  }\n}\n@media (min-width:850px) {\n  #image_962129907 {\n    width: 80%;\n  }\n}\n<\/style>\n\t<\/div>\n\t\n\t<div id=\"text-3332320823\" class=\"text\">\n\t\t\n<p>Narben, auch wenn sie noch so klein sind, k\u00f6nnen manchmal eine Vielzahl von Gesundheitsbeschwerden verursachen. Wenn der Wundheilungsprozess nicht gut verlaufen ist, blockiert die Narbe an dieser Stelle den Energiefluss des K\u00f6rpers. Es entsteht ein sogenanntes \"St\u00f6rfeld\", das aus der Ferne \u00fcberall im K\u00f6rper St\u00f6rungen ausl\u00f6sen kann. Wenn man bedenkt, dass einerseits die Energiefl\u00fcsse in den Meridianen der Akupunktur von messbaren Ver\u00e4nderungen des Hautwiderstandes begleitet werden und andererseits schlecht ausgebildete Narben einen anderen Hautwiderstand aufweisen als ihre Umgebung, dann ist das durchaus verst\u00e4ndlich. \u00c4u\u00dferlich ist es nicht sichtbar, dass solche Narben ein St\u00f6rfeld bilden. Empfindliche Menschen bemerken jedoch eine Vertiefung in der Aura \u00fcber der betroffenen Stelle. Ansonsten kann nur eine Messung des Hautwiderstandes oder eine experimentelle Behandlung eine endg\u00fcltige Antwort geben. In der Naturheilkunde werden Narben meist durch Injektionen lokal bet\u00e4ubt. Wenn der Verdacht richtig war, verschwinden alle dadurch verursachten Beschwerden innerhalb von Sekunden. Deshalb spricht man von einem \"Sekundenph\u00e4nomen\".<\/p>\n<p>Das Einreiben mit Star Remedies Narbencreme dient demselben Zweck und ist ebenfalls v\u00f6llig schmerzfrei.<\/p>\n<p>Aus den verschiedenen Star Remedies Bl\u00fctenessenzen wurden 4 Bl\u00fcten in Kombination mit einem Narzissen-Absolut (\u00d6l) ausgew\u00e4hlt, die zusammen f\u00fcr die besondere Wirkung der Star Remedies Narbencreme sorgen:<\/p>\n<p>Liebe &amp; Hoffnung, Stern von Bethlehem, Walnuss, T\u00fcrkis<\/p>\n<p>Generell kann Star Remedies Narbencreme bei allen Unf\u00e4llen in Haus, Garten und K\u00fcche eingesetzt werden.<\/p>\n<p>Inhalt: 30gr.<\/p>\n\t\t\n<style>\n#text-3332320823 {\n  font-size: 0.9rem;\n  text-align: left;\n}\n<\/style>\n\t<\/div>\n\t\n\t\t<\/div>\n\t\t\t\t\t<\/div>\n\n\t\n\n\t<div id=\"col-299805308\" class=\"col medium-6 small-12 large-4\"  >\n\t\t\t\t<div class=\"col-inner text-center\"  >\n\t\t\t\n\t\t\t\n\t<div id=\"text-1525384604\" class=\"text\">\n\t\t\n<h3 class=\"uppercase\">Faltencreme<\/h3>\n\t\t\n<style>\n#text-1525384604 {\n  font-size: 0.9rem;\n  text-align: center;\n}\n<\/style>\n\t<\/div>\n\t\n\t<div class=\"img has-hover x md-x lg-x y md-y lg-y\" id=\"image_2055153545\">\n\t\t\t\t\t\t\t\t<div class=\"img-inner dark\" style=\"margin:0px 50px 0px 50px;\">\n\t\t\t<img decoding=\"async\" width=\"169\" height=\"194\" src=\"https:\/\/www.starremedies.com\/wp-content\/uploads\/2016\/02\/sr-3.jpg\" class=\"attachment-medium size-medium\" alt=\"\" \/>\t\t\t\t\t\t\n\t\t\t\t\t<\/div>\n\t\t\t\t\t\t\t\t\n<style>\n#image_2055153545 {\n  width: 100%;\n}\n@media (min-width:550px) {\n  #image_2055153545 {\n    width: 80%;\n  }\n}\n@media (min-width:850px) {\n  #image_2055153545 {\n    width: 80%;\n  }\n}\n<\/style>\n\t<\/div>\n\t\n\t<div id=\"text-2230704199\" class=\"text\">\n\t\t\n<p>Schon Edward Bach nutzte seine Bl\u00fcten f\u00fcr kosmetische Zwecke. Nora Weeks schreibt: \"Ein vierzigj\u00e4hriger Mann hatte eine unansehnliche Warze auf der Stirn, die ihm das Leben nicht gerade erleichterte. Er war ein heiterer Typ und plauderte mit seinen Freunden am liebsten \u00fcber Gott und die Welt, aber auch \u00fcber seinen Gesundheitszustand. Diese emotionale Veranlagung war ein Hinweis auf Heather. Edward Bach verschrieb dieses Mittel in Form einer Lotion. Drei Wochen nach Beginn der Behandlung war die Warze vollst\u00e4ndig verschwunden, ohne die kleinste Narbe auf der Stirn zu hinterlassen. '<\/p>\n<p>Aus den verschiedenen Star Remedies Bl\u00fctenessenzen wurden 3 Bl\u00fcten in Kombination mit einem Absolue der Immortelle (\u00d6l) ausgew\u00e4hlt, die zusammen die besondere Wirkung der Star Remedies Faltencreme gew\u00e4hrleisten:<\/p>\n<p>Gei\u00dfblatt, Stern von Bethlehem, Mutterkraut<\/p>\n<p>Im Allgemeinen kann Star Remedies Wrinkle Cream f\u00fcr die pers\u00f6nliche Hautpflege verwendet werden.<\/p>\n<p>Inhalt: 30gr.<\/p>\n\t\t\n<style>\n#text-2230704199 {\n  font-size: 0.9rem;\n  text-align: left;\n}\n<\/style>\n\t<\/div>\n\t\n\t\t<\/div>\n\t\t\t\t\t<\/div>\n\n\t\n\n\t<div id=\"col-1581713539\" class=\"col small-12 large-12\"  >\n\t\t\t\t<div class=\"col-inner\"  >\n\t\t\t\n\t\t\t\n<h2>Star Remedies Bl\u00fctenessenzen &amp; Produkte kaufen<\/h2>\n<p>Star Remedies Flower Essences &amp; Products k\u00f6nnen separat bestellt werden unter\u00a0<a href=\"https:\/\/www.starremediesshop.com\/de\/floweressences\/starremedies\/creams\/\" target=\"_blank\" rel=\"noopener\">https:\/\/www.starremediesshop.com\/<\/a><\/p>\n<p>Sie sind Unternehmer, Fachmann oder Therapeut und interessieren sich f\u00fcr Star Remedies Produkte.\u00a0<a href=\"https:\/\/www.starremedies.com\/de\/companies\/\">Anmeldung \u00fcber das Anmeldeformular f\u00fcr Unternehmen<\/a>\u00a0und f\u00fcr Therapeuten und Fachleute,\u00a0<a href=\"https:\/\/www.starremedies.com\/de\/companies\/\">das Anmeldeformular f\u00fcr Fachleute<\/a>.<\/p>\n\t\t<\/div>\n\t\t\t\t\n<style>\n#col-1581713539 > .col-inner {\n  padding: 75px 0px 0px 0px;\n}\n<\/style>\n\t<\/div>\n\n\t\n<\/div>\n\t\t<\/div>\n\n\t\t\n<style>\n#section_395596542 {\n  padding-top: 30px;\n  padding-bottom: 30px;\n}\n<\/style>\n\t<\/section>","protected":false},"excerpt":{"rendered":"","protected":false},"author":1,"featured_media":0,"parent":3856,"menu_order":0,"comment_status":"closed","ping_status":"closed","template":"page-blank.php","meta":{"footnotes":""},"class_list":["post-3910","page","type-page","status-publish","hentry"],"yoast_head":"<!-- This site is optimized with the Yoast SEO plugin v27.5 - https:\/\/yoast.com\/product\/yoast-seo-wordpress\/ -->\n<title>Creams based on flower essences and essential oils<\/title>\n<meta name=\"description\" content=\"3 creams based on flower essences; first aid cream, wrinkle cream and scar cream. 100% natural, essential oil and for energetic recovery.\" \/>\n<meta name=\"robots\" content=\"index, follow, max-snippet:-1, max-image-preview:large, max-video-preview:-1\" \/>\n<link rel=\"canonical\" href=\"https:\/\/www.starremedies.com\/de\/brands\/starremedies\/flowercreams\/\" \/>\n<meta property=\"og:locale\" content=\"de_DE\" \/>\n<meta property=\"og:type\" content=\"article\" \/>\n<meta property=\"og:title\" content=\"Creams based on flower essences and essential oils\" \/>\n<meta property=\"og:description\" content=\"3 creams based on flower essences; first aid cream, wrinkle cream and scar cream. 100% natural, essential oil and for energetic recovery.\" \/>\n<meta property=\"og:url\" content=\"https:\/\/www.starremedies.com\/de\/brands\/starremedies\/flowercreams\/\" \/>\n<meta property=\"og:site_name\" content=\"Star Remedies\" \/>\n<meta property=\"article:publisher\" content=\"https:\/\/www.facebook.com\/starremedies\/\" \/>\n<meta property=\"article:modified_time\" content=\"2025-02-06T09:42:08+00:00\" \/>\n<meta name=\"twitter:card\" content=\"summary_large_image\" \/>\n<script type=\"application\/ld+json\" class=\"yoast-schema-graph\">{\"@context\":\"https:\\\/\\\/schema.org\",\"@graph\":[{\"@type\":\"WebPage\",\"@id\":\"https:\\\/\\\/www.starremedies.com\\\/brands\\\/starremedies\\\/flowercreams\\\/\",\"url\":\"https:\\\/\\\/www.starremedies.com\\\/brands\\\/starremedies\\\/flowercreams\\\/\",\"name\":\"Creams based on flower essences and essential oils\",\"isPartOf\":{\"@id\":\"https:\\\/\\\/www.starremedies.com\\\/#website\"},\"datePublished\":\"2016-02-22T16:03:57+00:00\",\"dateModified\":\"2025-02-06T09:42:08+00:00\",\"description\":\"3 creams based on flower essences; first aid cream, wrinkle cream and scar cream. 100% natural, essential oil and for energetic recovery.\",\"breadcrumb\":{\"@id\":\"https:\\\/\\\/www.starremedies.com\\\/brands\\\/starremedies\\\/flowercreams\\\/#breadcrumb\"},\"inLanguage\":\"de\",\"potentialAction\":[{\"@type\":\"ReadAction\",\"target\":[\"https:\\\/\\\/www.starremedies.com\\\/brands\\\/starremedies\\\/flowercreams\\\/\"]}]},{\"@type\":\"BreadcrumbList\",\"@id\":\"https:\\\/\\\/www.starremedies.com\\\/brands\\\/starremedies\\\/flowercreams\\\/#breadcrumb\",\"itemListElement\":[{\"@type\":\"ListItem\",\"position\":1,\"name\":\"Home\",\"item\":\"https:\\\/\\\/www.starremedies.com\\\/\"},{\"@type\":\"ListItem\",\"position\":2,\"name\":\"Our Brands\",\"item\":\"https:\\\/\\\/www.starremedies.com\\\/brands\\\/\"},{\"@type\":\"ListItem\",\"position\":3,\"name\":\"Star Remedies Flower Essences\",\"item\":\"https:\\\/\\\/www.starremedies.com\\\/brands\\\/starremedies\\\/\"},{\"@type\":\"ListItem\",\"position\":4,\"name\":\"Star Remedies Flower Creams\"}]},{\"@type\":\"WebSite\",\"@id\":\"https:\\\/\\\/www.starremedies.com\\\/#website\",\"url\":\"https:\\\/\\\/www.starremedies.com\\\/\",\"name\":\"Star Remedies\",\"description\":\"\",\"publisher\":{\"@id\":\"https:\\\/\\\/www.starremedies.com\\\/#organization\"},\"potentialAction\":[{\"@type\":\"SearchAction\",\"target\":{\"@type\":\"EntryPoint\",\"urlTemplate\":\"https:\\\/\\\/www.starremedies.com\\\/?s={search_term_string}\"},\"query-input\":{\"@type\":\"PropertyValueSpecification\",\"valueRequired\":true,\"valueName\":\"search_term_string\"}}],\"inLanguage\":\"de\"},{\"@type\":\"Organization\",\"@id\":\"https:\\\/\\\/www.starremedies.com\\\/#organization\",\"name\":\"Star Remedies\",\"url\":\"https:\\\/\\\/www.starremedies.com\\\/\",\"logo\":{\"@type\":\"ImageObject\",\"inLanguage\":\"de\",\"@id\":\"https:\\\/\\\/www.starremedies.com\\\/#\\\/schema\\\/logo\\\/image\\\/\",\"url\":\"https:\\\/\\\/www.starremedies.com\\\/wp-content\\\/uploads\\\/2016\\\/02\\\/srl.gif\",\"contentUrl\":\"https:\\\/\\\/www.starremedies.com\\\/wp-content\\\/uploads\\\/2016\\\/02\\\/srl.gif\",\"width\":250,\"height\":250,\"caption\":\"Star Remedies\"},\"image\":{\"@id\":\"https:\\\/\\\/www.starremedies.com\\\/#\\\/schema\\\/logo\\\/image\\\/\"},\"sameAs\":[\"https:\\\/\\\/www.facebook.com\\\/starremedies\\\/\",\"https:\\\/\\\/www.instagram.com\\\/starremedies\\\/\"]}]}<\/script>\n<!-- \/ Yoast SEO plugin. -->","yoast_head_json":{"title":"Cremes auf Basis von Bl\u00fctenessenzen und \u00e4therischen \u00d6len","description":"3 Cremes auf Basis von Bl\u00fctenessenzen; Erste-Hilfe-Creme, Faltencreme und Narbencreme. 100% nat\u00fcrlich, \u00e4therisches \u00d6l und f\u00fcr energetische Erholung.","robots":{"index":"index","follow":"follow","max-snippet":"max-snippet:-1","max-image-preview":"max-image-preview:large","max-video-preview":"max-video-preview:-1"},"canonical":"https:\/\/www.starremedies.com\/de\/brands\/starremedies\/flowercreams\/","og_locale":"de_DE","og_type":"article","og_title":"Creams based on flower essences and essential oils","og_description":"3 creams based on flower essences; first aid cream, wrinkle cream and scar cream. 100% natural, essential oil and for energetic recovery.","og_url":"https:\/\/www.starremedies.com\/de\/brands\/starremedies\/flowercreams\/","og_site_name":"Star Remedies","article_publisher":"https:\/\/www.facebook.com\/starremedies\/","article_modified_time":"2025-02-06T09:42:08+00:00","twitter_card":"summary_large_image","schema":{"@context":"https:\/\/schema.org","@graph":[{"@type":"WebPage","@id":"https:\/\/www.starremedies.com\/brands\/starremedies\/flowercreams\/","url":"https:\/\/www.starremedies.com\/brands\/starremedies\/flowercreams\/","name":"Cremes auf Basis von Bl\u00fctenessenzen und \u00e4therischen \u00d6len","isPartOf":{"@id":"https:\/\/www.starremedies.com\/#website"},"datePublished":"2016-02-22T16:03:57+00:00","dateModified":"2025-02-06T09:42:08+00:00","description":"3 Cremes auf Basis von Bl\u00fctenessenzen; Erste-Hilfe-Creme, Faltencreme und Narbencreme. 100% nat\u00fcrlich, \u00e4therisches \u00d6l und f\u00fcr energetische Erholung.","breadcrumb":{"@id":"https:\/\/www.starremedies.com\/brands\/starremedies\/flowercreams\/#breadcrumb"},"inLanguage":"de","potentialAction":[{"@type":"ReadAction","target":["https:\/\/www.starremedies.com\/brands\/starremedies\/flowercreams\/"]}]},{"@type":"BreadcrumbList","@id":"https:\/\/www.starremedies.com\/brands\/starremedies\/flowercreams\/#breadcrumb","itemListElement":[{"@type":"ListItem","position":1,"name":"Home","item":"https:\/\/www.starremedies.com\/"},{"@type":"ListItem","position":2,"name":"Our Brands","item":"https:\/\/www.starremedies.com\/brands\/"},{"@type":"ListItem","position":3,"name":"Star Remedies Flower Essences","item":"https:\/\/www.starremedies.com\/brands\/starremedies\/"},{"@type":"ListItem","position":4,"name":"Star Remedies Flower Creams"}]},{"@type":"WebSite","@id":"https:\/\/www.starremedies.com\/#website","url":"https:\/\/www.starremedies.com\/","name":"Star Remedies","description":"","publisher":{"@id":"https:\/\/www.starremedies.com\/#organization"},"potentialAction":[{"@type":"SearchAction","target":{"@type":"EntryPoint","urlTemplate":"https:\/\/www.starremedies.com\/?s={search_term_string}"},"query-input":{"@type":"PropertyValueSpecification","valueRequired":true,"valueName":"search_term_string"}}],"inLanguage":"de"},{"@type":"Organization","@id":"https:\/\/www.starremedies.com\/#organization","name":"Star Remedies","url":"https:\/\/www.starremedies.com\/","logo":{"@type":"ImageObject","inLanguage":"de","@id":"https:\/\/www.starremedies.com\/#\/schema\/logo\/image\/","url":"https:\/\/www.starremedies.com\/wp-content\/uploads\/2016\/02\/srl.gif","contentUrl":"https:\/\/www.starremedies.com\/wp-content\/uploads\/2016\/02\/srl.gif","width":250,"height":250,"caption":"Star Remedies"},"image":{"@id":"https:\/\/www.starremedies.com\/#\/schema\/logo\/image\/"},"sameAs":["https:\/\/www.facebook.com\/starremedies\/","https:\/\/www.instagram.com\/starremedies\/"]}]}},"_links":{"self":[{"href":"https:\/\/www.starremedies.com\/de\/wp-json\/wp\/v2\/pages\/3910","targetHints":{"allow":["GET"]}}],"collection":[{"href":"https:\/\/www.starremedies.com\/de\/wp-json\/wp\/v2\/pages"}],"about":[{"href":"https:\/\/www.starremedies.com\/de\/wp-json\/wp\/v2\/types\/page"}],"author":[{"embeddable":true,"href":"https:\/\/www.starremedies.com\/de\/wp-json\/wp\/v2\/users\/1"}],"replies":[{"embeddable":true,"href":"https:\/\/www.starremedies.com\/de\/wp-json\/wp\/v2\/comments?post=3910"}],"version-history":[{"count":10,"href":"https:\/\/www.starremedies.com\/de\/wp-json\/wp\/v2\/pages\/3910\/revisions"}],"predecessor-version":[{"id":27984,"href":"https:\/\/www.starremedies.com\/de\/wp-json\/wp\/v2\/pages\/3910\/revisions\/27984"}],"up":[{"embeddable":true,"href":"https:\/\/www.starremedies.com\/de\/wp-json\/wp\/v2\/pages\/3856"}],"wp:attachment":[{"href":"https:\/\/www.starremedies.com\/de\/wp-json\/wp\/v2\/media?parent=3910"}],"curies":[{"name":"wp","href":"https:\/\/api.w.org\/{rel}","templated":true}]}}