{"id":3856,"date":"2016-02-22T16:53:34","date_gmt":"2016-02-22T15:53:34","guid":{"rendered":"https:\/\/www.starremedies.com\/?page_id=3856"},"modified":"2025-02-06T10:33:59","modified_gmt":"2025-02-06T09:33:59","slug":"starremedies","status":"publish","type":"page","link":"https:\/\/www.starremedies.com\/de\/brands\/starremedies\/","title":{"rendered":"Star Remedies Flower Essences"},"content":{"rendered":"<section class=\"section section_breadcrumbs\" id=\"section_1551056484\">\n\t\t<div class=\"section-bg fill\" >\n\t\t\t\t\t\t\t\t\t\n\t\t\t\n\n\t\t<\/div>\n\n\t\t\n\n\t\t<div class=\"section-content relative\">\n\t\t\t\n<div class=\"row breadcrumbs-row\"  id=\"row-523529984\">\n\n\t<div id=\"col-1805841993\" class=\"col small-12 large-12\"  >\n\t\t\t\t<div class=\"col-inner\"  >\n\t\t\t\n\t\t\t\n\t<div id=\"text-808310086\" class=\"text breadcrumbs\">\n\t\t\n<span><span><a href=\"https:\/\/www.starremedies.com\/de\/\">Startseite<\/a><\/span><\/span>\n\t\t\t<\/div>\n\t\n\t\t<\/div>\n\t\t\t\t\t<\/div>\n\n\t\n\n<style>\n#row-523529984 > .col > .col-inner {\n  padding: 0px 0px 0px 0px;\n}\n<\/style>\n<\/div>\n\t\t<\/div>\n\n\t\t\n<style>\n#section_1551056484 {\n  padding-top: 0px;\n  padding-bottom: 0px;\n  margin-bottom: 0px;\n}\n<\/style>\n\t<\/section>\n\t\n\n\t<section class=\"section products_row\" id=\"section_313234169\">\n\t\t<div class=\"section-bg fill\" >\n\t\t\t\t\t\t\t\t\t\n\t\t\t\n\n\t\t<\/div>\n\n\t\t\n\n\t\t<div class=\"section-content relative\">\n\t\t\t\n<div class=\"row align-middle align-center\"  id=\"row-70263481\">\n\n\t<div id=\"col-925139760\" class=\"col medium-3 small-9 large-3\"  >\n\t\t\t\t<div class=\"col-inner text-center\"  >\n\t\t\t\n\t\t\t\n\t<div class=\"img has-hover x md-x lg-x y md-y lg-y\" id=\"image_667244112\">\n\t\t\t\t\t\t\t\t<div class=\"img-inner dark\" >\n\t\t\t<img decoding=\"async\" width=\"250\" height=\"250\" src=\"https:\/\/www.starremedies.com\/wp-content\/uploads\/2022\/12\/sr_logo_transparent.png\" class=\"attachment-original size-original\" alt=\"\" srcset=\"https:\/\/www.starremedies.com\/wp-content\/uploads\/2022\/12\/sr_logo_transparent.png 250w, https:\/\/www.starremedies.com\/wp-content\/uploads\/2022\/12\/sr_logo_transparent-80x80.png 80w\" sizes=\"(max-width: 250px) 100vw, 250px\" \/>\t\t\t\t\t\t\n\t\t\t\t\t<\/div>\n\t\t\t\t\t\t\t\t\n<style>\n#image_667244112 {\n  width: 65%;\n}\n<\/style>\n\t<\/div>\n\t\n\t\t<\/div>\n\t\t\t\t\t<\/div>\n\n\t\n\n\t<div id=\"col-2000029130\" class=\"col small-12 large-12\"  >\n\t\t\t\t<div class=\"col-inner text-center\"  >\n\t\t\t\n\t\t\t\n\t<div id=\"text-2737572036\" class=\"text\">\n\t\t\n<h1>STERNHEILMITTEL BL\u00dcTENESSENZEN<\/h1>\n\t\t\n<style>\n#text-2737572036 {\n  text-align: center;\n}\n<\/style>\n\t<\/div>\n\t\n\t\t<\/div>\n\t\t\t\t\t<\/div>\n\n\t\n<\/div>\n\t\t<\/div>\n\n\t\t\n<style>\n#section_313234169 {\n  padding-top: 30px;\n  padding-bottom: 30px;\n  background-color: rgb(247, 247, 247);\n}\n<\/style>\n\t<\/section>\n\t\n\n\t<section class=\"section\" id=\"section_1346271677\">\n\t\t<div class=\"section-bg fill\" >\n\t\t\t\t\t\t\t\t\t\n\t\t\t\n\n\t\t<\/div>\n\n\t\t\n\n\t\t<div class=\"section-content relative\">\n\t\t\t\n<div class=\"row row-divided\"  id=\"row-1053716931\">\n\n\t<div id=\"col-936893673\" class=\"col large-12\"  >\n\t\t\t\t<div class=\"col-inner\"  >\n\t\t\t\n\t\t\t\n\t<div id=\"text-186712240\" class=\"text\">\n\t\t\n<h2>STAR REMEDIES BL\u00dcTENESSENZEN PRODUKTE<\/h2>\n\t\t\n<style>\n#text-186712240 {\n  text-align: center;\n}\n<\/style>\n\t<\/div>\n\t\n\t\t<\/div>\n\t\t\t\t\t<\/div>\n\n\t\n\n\t<div id=\"col-1477693473\" class=\"col medium-6 small-12 large-4\"  >\n\t\t\t\t<div class=\"col-inner\"  >\n\t\t\t\n\t\t\t\n\t<div class=\"box has-hover   has-hover box-text-bottom\" >\n\n\t\t<div class=\"box-image\" style=\"width:60%;\">\n\t\t\t<a href=\"https:\/\/www.starremedies.com\/de\/brands\/starremedies\/floweressences\/\" >\t\t\t<div class=\"image-cover\" style=\"padding-top:100%;\">\n\t\t\t\t<img decoding=\"async\" width=\"250\" height=\"250\" src=\"https:\/\/www.starremedies.com\/wp-content\/uploads\/2022\/05\/star-remedies-flower-essences.png\" class=\"attachment-original size-original\" alt=\"\" srcset=\"https:\/\/www.starremedies.com\/wp-content\/uploads\/2022\/05\/star-remedies-flower-essences.png 250w, https:\/\/www.starremedies.com\/wp-content\/uploads\/2022\/05\/star-remedies-flower-essences-80x80.png 80w\" sizes=\"(max-width: 250px) 100vw, 250px\" \/>\t\t\t\t\t\t\t\t\t\t\t<\/div>\n\t\t\t<\/a>\t\t<\/div>\n\n\t\t<div class=\"box-text text-center\" >\n\t\t\t<div class=\"box-text-inner\">\n\t\t\t\t\n<h3>STERNHEILMITTEL BL\u00dcTENESSENZEN<\/h3>\n<p>Die Bl\u00fctenessenzen von Star Remedies, die in 53 Vorratsflaschen zu je 10 ml erh\u00e4ltlich sind, werden aus wilden Pflanzen und Blumen hergestellt, die sowohl in den Niederlanden als auch in der \u00fcbrigen Welt vorkommen. Zus\u00e4tzlich zu den traditionellen Bl\u00fctenessenzen wird eine Essenz aus einem Halbedelstein hergestellt.<\/p>\n\t\t\t<\/div>\n\t\t<\/div>\n\t<\/div>\n\t\n\t\t<\/div>\n\t\t\t\t\t<\/div>\n\n\t\n\n\t<div id=\"col-1676014538\" class=\"col medium-6 small-12 large-4\"  >\n\t\t\t\t<div class=\"col-inner\"  >\n\t\t\t\n\t\t\t\n\t<div class=\"box has-hover   has-hover box-text-bottom\" >\n\n\t\t<div class=\"box-image\" style=\"width:60%;\">\n\t\t\t<a href=\"https:\/\/www.starremedies.com\/de\/brands\/starremedies\/combinations\/\" >\t\t\t<div class=\"\" >\n\t\t\t\t<img decoding=\"async\" width=\"250\" height=\"260\" src=\"https:\/\/www.starremedies.com\/wp-content\/uploads\/2016\/02\/Star-Remedies-combinatie-essences.gif\" class=\"attachment-original size-original\" alt=\"\" \/>\t\t\t\t\t\t\t\t\t\t\t<\/div>\n\t\t\t<\/a>\t\t<\/div>\n\n\t\t<div class=\"box-text text-center\" >\n\t\t\t<div class=\"box-text-inner\">\n\t\t\t\t\n<h3>STAR HEILMITTEL KOMBINATION ESSENZEN<\/h3>\n<p>Von den 56 Bl\u00fctenessenzen sind auch 14 einzigartige, gebrauchsfertige Kombinationen, die sich hervorragend f\u00fcr das Problem eignen, an dem Sie leiden. Sie k\u00f6nnen leicht t\u00e4glich verwendet werden und sind emotional unterst\u00fctzend.<\/p>\n\t\t\t<\/div>\n\t\t<\/div>\n\t<\/div>\n\t\n\t\t<\/div>\n\t\t\t\t\t<\/div>\n\n\t\n\n\t<div id=\"col-678612016\" class=\"col medium-6 small-12 large-4\"  >\n\t\t\t\t<div class=\"col-inner\"  >\n\t\t\t\n\t\t\t\n\t<div class=\"box has-hover   has-hover box-text-bottom\" >\n\n\t\t<div class=\"box-image\" style=\"width:60%;\">\n\t\t\t<a href=\"https:\/\/www.starremedies.nl\/onzemerken\/starremediesbloesemessences\/chakra\/\" >\t\t\t<div class=\"\" >\n\t\t\t\t<img decoding=\"async\" width=\"250\" height=\"261\" src=\"https:\/\/www.starremedies.com\/wp-content\/uploads\/2019\/02\/Star-Remedies-chakra-essences.jpg\" class=\"attachment-original size-original\" alt=\"\" \/>\t\t\t\t\t\t\t\t\t\t\t<\/div>\n\t\t\t<\/a>\t\t<\/div>\n\n\t\t<div class=\"box-text text-center\" >\n\t\t\t<div class=\"box-text-inner\">\n\t\t\t\t\n<h3 class=\"uppercase\">Star Remedies 7 Chakra-Essenzen<\/h3>\n<p>Chakra-Essenzen bestehen aus einzigartigen Kombinationen von Star Remedies-Bl\u00fctenessenzen zur Unterst\u00fctzung der Chakren 1, 2, 3, 4, 5, 6 und 7.<\/p>\n\t\t\t<\/div>\n\t\t<\/div>\n\t<\/div>\n\t\n\t\t<\/div>\n\t\t\t\t\t<\/div>\n\n\t\n\n\t<div id=\"col-107827065\" class=\"col medium-6 small-12 large-4\"  >\n\t\t\t\t<div class=\"col-inner\"  >\n\t\t\t\n\t\t\t\n\t<div class=\"box has-hover   has-hover box-text-bottom\" >\n\n\t\t<div class=\"box-image\" style=\"width:60%;\">\n\t\t\t<a href=\"https:\/\/www.starremedies.com\/de\/brands\/starremedies\/mindfulnessbynature\/\" >\t\t\t<div class=\"image-cover\" style=\"padding-top:100%;\">\n\t\t\t\t<img decoding=\"async\" width=\"500\" height=\"500\" src=\"https:\/\/www.starremedies.com\/wp-content\/uploads\/2022\/12\/mindfulnessbynature_greenbg.png\" class=\"attachment-original size-original\" alt=\"\" srcset=\"https:\/\/www.starremedies.com\/wp-content\/uploads\/2022\/12\/mindfulnessbynature_greenbg.png 500w, https:\/\/www.starremedies.com\/wp-content\/uploads\/2022\/12\/mindfulnessbynature_greenbg-300x300.png 300w, https:\/\/www.starremedies.com\/wp-content\/uploads\/2022\/12\/mindfulnessbynature_greenbg-80x80.png 80w\" sizes=\"(max-width: 500px) 100vw, 500px\" \/>\t\t\t\t\t\t\t\t\t\t\t<\/div>\n\t\t\t<\/a>\t\t<\/div>\n\n\t\t<div class=\"box-text text-center\" >\n\t\t\t<div class=\"box-text-inner\">\n\t\t\t\t\n<h3>ACHTSAMKEIT IN DER NATUR - BALSAM F\u00dcR DIE SEELE<\/h3>\n<p>In diesem B\u00fcchlein m\u00f6chte ich allen, die sich in irgendeiner Weise f\u00fcr die Wirkung von Bl\u00fctenessenzen interessieren, von den dreizehn Kombinationen erz\u00e4hlen, die wir, mein Sohn Micha und ich, aus den Star Remedies gemacht haben. Wir haben diese in den letzten Jahren erstellt, in der Praxis getestet und vervollst\u00e4ndigt. Die Bl\u00fctenessenzen von Star Remedies, die in 53 Vorratsflaschen zu je 10 ml erh\u00e4ltlich sind, werden aus wilden Pflanzen und Blumen hergestellt, die sowohl in den Niederlanden als auch im Rest der Welt vorkommen.<\/p>\n\t\t\t<\/div>\n\t\t<\/div>\n\t<\/div>\n\t\n\t\t<\/div>\n\t\t\t\t\t<\/div>\n\n\t\n\n\t<div id=\"col-680474322\" class=\"col medium-6 small-12 large-4\"  >\n\t\t\t\t<div class=\"col-inner\"  >\n\t\t\t\n\t\t\t\n\t<div class=\"box has-hover   has-hover box-text-bottom\" >\n\n\t\t<div class=\"box-image\" style=\"width:60%;\">\n\t\t\t<a href=\"https:\/\/www.starremedies.com\/de\/brands\/starremedies\/flowercreams\/\" >\t\t\t<div class=\"\" >\n\t\t\t\t<img decoding=\"async\" width=\"250\" height=\"250\" src=\"https:\/\/www.starremedies.com\/wp-content\/uploads\/2022\/05\/star-remedies-flower-creams.png\" class=\"attachment-original size-original\" alt=\"\" srcset=\"https:\/\/www.starremedies.com\/wp-content\/uploads\/2022\/05\/star-remedies-flower-creams.png 250w, https:\/\/www.starremedies.com\/wp-content\/uploads\/2022\/05\/star-remedies-flower-creams-80x80.png 80w\" sizes=\"(max-width: 250px) 100vw, 250px\" \/>\t\t\t\t\t\t\t\t\t\t\t<\/div>\n\t\t\t<\/a>\t\t<\/div>\n\n\t\t<div class=\"box-text text-center\" >\n\t\t\t<div class=\"box-text-inner\">\n\t\t\t\t\n<h3>STAR HEILMITTEL BLUME CREMES<\/h3>\n<p>Es gibt 3 sch\u00f6ne und 100% nat\u00fcrliche Cremes, die auf Basis von Bl\u00fctenessenzen in Kombination mit exklusiven \u00e4therischen (absoluten) \u00d6len entwickelt wurden.<\/p>\n\t\t\t<\/div>\n\t\t<\/div>\n\t<\/div>\n\t\n\t\t<\/div>\n\t\t\t\t\t<\/div>\n\n\t\n\n\t<div id=\"col-605617703\" class=\"col medium-6 small-12 large-4\"  >\n\t\t\t\t<div class=\"col-inner\"  >\n\t\t\t\n\t\t\t\n\t<div class=\"box has-hover   has-hover box-text-bottom\" >\n\n\t\t<div class=\"box-image\" style=\"width:60%;\">\n\t\t\t<a href=\"https:\/\/www.starremedies.com\/de\/woodenboxes\/\" >\t\t\t<div class=\"\" >\n\t\t\t\t<img decoding=\"async\" width=\"250\" height=\"250\" src=\"https:\/\/www.starremedies.com\/wp-content\/uploads\/2022\/05\/star-remedies-wooden-boxes.png\" class=\"attachment-original size-original\" alt=\"\" srcset=\"https:\/\/www.starremedies.com\/wp-content\/uploads\/2022\/05\/star-remedies-wooden-boxes.png 250w, https:\/\/www.starremedies.com\/wp-content\/uploads\/2022\/05\/star-remedies-wooden-boxes-80x80.png 80w\" sizes=\"(max-width: 250px) 100vw, 250px\" \/>\t\t\t\t\t\t\t\t\t\t\t<\/div>\n\t\t\t<\/a>\t\t<\/div>\n\n\t\t<div class=\"box-text text-center\" >\n\t\t\t<div class=\"box-text-inner\">\n\t\t\t\t\n<h3>STERNENHEILMITTEL HOLZKISTEN<\/h3>\n<p>Holzboxen f\u00fcr die Star Remedies Bl\u00fctenessenzen. Die Herstellung hochwertiger Holzkisten nach Ma\u00df ist eine unserer Leidenschaften. Star Remedies B.V. ist einer der f\u00fchrenden Lieferanten auf dem Gebiet von hochwertigen, ma\u00dfgefertigten Holzkisten.<\/p>\n\t\t\t<\/div>\n\t\t<\/div>\n\t<\/div>\n\t\n\t\t<\/div>\n\t\t\t\t\t<\/div>\n\n\t\n\n\t<div id=\"col-139568916\" class=\"col medium-6 small-12 large-4\"  >\n\t\t\t\t<div class=\"col-inner\"  >\n\t\t\t\n\t\t\t\n\t<div class=\"box has-hover   has-hover box-text-bottom\" >\n\n\t\t<div class=\"box-image\" style=\"width:60%;\">\n\t\t\t<a href=\"https:\/\/www.starremedies.com\/de\/brands\/starremedies\/scottish-highland-essences\/\" >\t\t\t<div class=\"\" >\n\t\t\t\t<img decoding=\"async\" width=\"500\" height=\"500\" src=\"https:\/\/www.starremedies.com\/wp-content\/uploads\/2022\/12\/scottish-highland-essences-logo.webp\" class=\"attachment-original size-original\" alt=\"\" srcset=\"https:\/\/www.starremedies.com\/wp-content\/uploads\/2022\/12\/scottish-highland-essences-logo.webp 500w, https:\/\/www.starremedies.com\/wp-content\/uploads\/2022\/12\/scottish-highland-essences-logo-300x300.webp 300w, https:\/\/www.starremedies.com\/wp-content\/uploads\/2022\/12\/scottish-highland-essences-logo-80x80.webp 80w\" sizes=\"(max-width: 500px) 100vw, 500px\" \/>\t\t\t\t\t\t\t\t\t\t\t<\/div>\n\t\t\t<\/a>\t\t<\/div>\n\n\t\t<div class=\"box-text text-center\" >\n\t\t\t<div class=\"box-text-inner\">\n\t\t\t\t\n<h3>Scottish Highland Essences<\/h3>\n<p>Die schottischen Hochlandessenzen wurden entwickelt, um Menschen bei der Entwicklung ihres spirituellen Weges zu unterst\u00fctzen.<\/p>\n\t\t\t<\/div>\n\t\t<\/div>\n\t<\/div>\n\t\n\t\t<\/div>\n\t\t\t\t\t<\/div>\n\n\t\n\n\t<div id=\"col-421384588\" class=\"col medium-6 small-12 large-4\"  >\n\t\t\t\t<div class=\"col-inner\"  >\n\t\t\t\n\t\t\t\n\t<div class=\"box has-hover   has-hover box-text-bottom\" >\n\n\t\t<div class=\"box-image\" style=\"width:88%;\">\n\t\t\t<a href=\"https:\/\/www.starremedies.com\/de\/brands\/starremedies\/sevenessentials\/\" >\t\t\t<div class=\"\" >\n\t\t\t\t<img decoding=\"async\" width=\"295\" height=\"208\" src=\"https:\/\/www.starremedies.com\/wp-content\/uploads\/2025\/01\/se-small.gif\" class=\"attachment-original size-original\" alt=\"\" \/>\t\t\t\t\t\t\t\t\t\t\t<\/div>\n\t\t\t<\/a>\t\t<\/div>\n\n\t\t<div class=\"box-text text-center\" >\n\t\t\t<div class=\"box-text-inner\">\n\t\t\t\t\n<h3>Sieben Essentials - 7 Schwingungsessenzen<\/h3>\n<p>Die 7 Essentials f\u00fchren den Menschen zum Fundament der Menschheit zur\u00fcck, wo innere Zivilisation und innere Weisheit hingeh\u00f6ren.<\/p>\n\t\t\t<\/div>\n\t\t<\/div>\n\t<\/div>\n\t\n\t\t<\/div>\n\t\t\t\t\t<\/div>\n\n\t\n\n\t<div id=\"col-1646163409\" class=\"col small-12 large-12\"  >\n\t\t\t\t<div class=\"col-inner\"  >\n\t\t\t\n\t\t\t\n\t<div id=\"gap-1258870177\" class=\"gap-element clearfix\" style=\"display:block; height:auto;\">\n\t\t\n<style>\n#gap-1258870177 {\n  padding-top: 75px;\n}\n<\/style>\n\t<\/div>\n\t\n\t\t<\/div>\n\t\t\t\t\t<\/div>\n\n\t\n\n\t<div id=\"col-1713366580\" class=\"col small-12 large-12\"  >\n\t\t\t\t<div class=\"col-inner\"  >\n\t\t\t\n\t\t\t\n<h2>Star Remedies Bl\u00fctenessenzen &amp; Produkte kaufen<\/h2>\n<p>Star Remedies Flower Essences &amp; Products k\u00f6nnen separat bestellt werden unter <a href=\"https:\/\/www.starremediesshop.com\/de\/starremedies\/mindfulness-by-nature-book\/\" target=\"_blank\" rel=\"noopener\">https:\/\/www.starremediesshop.com\/<\/a><\/p>\n<p>Sie sind Unternehmer, Fachmann oder Therapeut und interessieren sich f\u00fcr Star Remedies Produkte. <a href=\"https:\/\/www.starremedies.com\/de\/companies\/\">Anmeldung \u00fcber das Anmeldeformular f\u00fcr Unternehmen<\/a> und f\u00fcr Therapeuten und Fachleute, <a href=\"https:\/\/www.starremedies.com\/de\/companies\/\">das Anmeldeformular f\u00fcr Fachleute<\/a>.<\/p>\n\t\t<\/div>\n\t\t\t\t\n<style>\n#col-1713366580 > .col-inner {\n  padding: 0px 0px 75px 0px;\n}\n<\/style>\n\t<\/div>\n\n\t\n\n<style>\n#row-1053716931 > .col > .col-inner {\n  padding: 25px 0px 0px 0px;\n}\n<\/style>\n<\/div>\n\t\t<\/div>\n\n\t\t\n<style>\n#section_1346271677 {\n  padding-top: 0px;\n  padding-bottom: 0px;\n}\n<\/style>\n\t<\/section>","protected":false},"excerpt":{"rendered":"","protected":false},"author":1,"featured_media":0,"parent":4107,"menu_order":0,"comment_status":"closed","ping_status":"closed","template":"page-blank.php","meta":{"footnotes":""},"class_list":["post-3856","page","type-page","status-publish","hentry"],"yoast_head":"<!-- This site is optimized with the Yoast SEO plugin v27.5 - https:\/\/yoast.com\/product\/yoast-seo-wordpress\/ -->\n<title>Star Remedies Flower Essences - Star Remedies<\/title>\n<meta name=\"description\" content=\"Our flower essences are all hand made from wild flower from the Netherlands and the rest of the world; preserved on organic cognac.\" \/>\n<meta name=\"robots\" content=\"index, follow, max-snippet:-1, max-image-preview:large, max-video-preview:-1\" \/>\n<link rel=\"canonical\" href=\"https:\/\/www.starremedies.com\/de\/brands\/starremedies\/\" \/>\n<meta property=\"og:locale\" content=\"de_DE\" \/>\n<meta property=\"og:type\" content=\"article\" \/>\n<meta property=\"og:title\" content=\"Star Remedies Flower Essences - Star Remedies\" \/>\n<meta property=\"og:description\" content=\"Our flower essences are all hand made from wild flower from the Netherlands and the rest of the world; preserved on organic cognac.\" \/>\n<meta property=\"og:url\" content=\"https:\/\/www.starremedies.com\/de\/brands\/starremedies\/\" \/>\n<meta property=\"og:site_name\" content=\"Star Remedies\" \/>\n<meta property=\"article:publisher\" content=\"https:\/\/www.facebook.com\/starremedies\/\" \/>\n<meta property=\"article:modified_time\" content=\"2025-02-06T09:33:59+00:00\" \/>\n<meta name=\"twitter:card\" content=\"summary_large_image\" \/>\n<script type=\"application\/ld+json\" class=\"yoast-schema-graph\">{\"@context\":\"https:\\\/\\\/schema.org\",\"@graph\":[{\"@type\":\"WebPage\",\"@id\":\"https:\\\/\\\/www.starremedies.com\\\/brands\\\/starremedies\\\/\",\"url\":\"https:\\\/\\\/www.starremedies.com\\\/brands\\\/starremedies\\\/\",\"name\":\"Star Remedies Flower Essences - Star Remedies\",\"isPartOf\":{\"@id\":\"https:\\\/\\\/www.starremedies.com\\\/#website\"},\"datePublished\":\"2016-02-22T15:53:34+00:00\",\"dateModified\":\"2025-02-06T09:33:59+00:00\",\"description\":\"Our flower essences are all hand made from wild flower from the Netherlands and the rest of the world; preserved on organic cognac.\",\"breadcrumb\":{\"@id\":\"https:\\\/\\\/www.starremedies.com\\\/brands\\\/starremedies\\\/#breadcrumb\"},\"inLanguage\":\"de\",\"potentialAction\":[{\"@type\":\"ReadAction\",\"target\":[\"https:\\\/\\\/www.starremedies.com\\\/brands\\\/starremedies\\\/\"]}]},{\"@type\":\"BreadcrumbList\",\"@id\":\"https:\\\/\\\/www.starremedies.com\\\/brands\\\/starremedies\\\/#breadcrumb\",\"itemListElement\":[{\"@type\":\"ListItem\",\"position\":1,\"name\":\"Home\",\"item\":\"https:\\\/\\\/www.starremedies.com\\\/\"},{\"@type\":\"ListItem\",\"position\":2,\"name\":\"Our Brands\",\"item\":\"https:\\\/\\\/www.starremedies.com\\\/brands\\\/\"},{\"@type\":\"ListItem\",\"position\":3,\"name\":\"Star Remedies Flower Essences\"}]},{\"@type\":\"WebSite\",\"@id\":\"https:\\\/\\\/www.starremedies.com\\\/#website\",\"url\":\"https:\\\/\\\/www.starremedies.com\\\/\",\"name\":\"Star Remedies\",\"description\":\"\",\"publisher\":{\"@id\":\"https:\\\/\\\/www.starremedies.com\\\/#organization\"},\"potentialAction\":[{\"@type\":\"SearchAction\",\"target\":{\"@type\":\"EntryPoint\",\"urlTemplate\":\"https:\\\/\\\/www.starremedies.com\\\/?s={search_term_string}\"},\"query-input\":{\"@type\":\"PropertyValueSpecification\",\"valueRequired\":true,\"valueName\":\"search_term_string\"}}],\"inLanguage\":\"de\"},{\"@type\":\"Organization\",\"@id\":\"https:\\\/\\\/www.starremedies.com\\\/#organization\",\"name\":\"Star Remedies\",\"url\":\"https:\\\/\\\/www.starremedies.com\\\/\",\"logo\":{\"@type\":\"ImageObject\",\"inLanguage\":\"de\",\"@id\":\"https:\\\/\\\/www.starremedies.com\\\/#\\\/schema\\\/logo\\\/image\\\/\",\"url\":\"https:\\\/\\\/www.starremedies.com\\\/wp-content\\\/uploads\\\/2016\\\/02\\\/srl.gif\",\"contentUrl\":\"https:\\\/\\\/www.starremedies.com\\\/wp-content\\\/uploads\\\/2016\\\/02\\\/srl.gif\",\"width\":250,\"height\":250,\"caption\":\"Star Remedies\"},\"image\":{\"@id\":\"https:\\\/\\\/www.starremedies.com\\\/#\\\/schema\\\/logo\\\/image\\\/\"},\"sameAs\":[\"https:\\\/\\\/www.facebook.com\\\/starremedies\\\/\",\"https:\\\/\\\/www.instagram.com\\\/starremedies\\\/\"]}]}<\/script>\n<!-- \/ Yoast SEO plugin. -->","yoast_head_json":{"title":"Star Remedies Bl\u00fctenessenzen - Star Remedies","description":"Unsere Bl\u00fctenessenzen werden alle von Hand aus Wildblumen aus den Niederlanden und dem Rest der Welt hergestellt und in Bio-Cognac konserviert.","robots":{"index":"index","follow":"follow","max-snippet":"max-snippet:-1","max-image-preview":"max-image-preview:large","max-video-preview":"max-video-preview:-1"},"canonical":"https:\/\/www.starremedies.com\/de\/brands\/starremedies\/","og_locale":"de_DE","og_type":"article","og_title":"Star Remedies Flower Essences - Star Remedies","og_description":"Our flower essences are all hand made from wild flower from the Netherlands and the rest of the world; preserved on organic cognac.","og_url":"https:\/\/www.starremedies.com\/de\/brands\/starremedies\/","og_site_name":"Star Remedies","article_publisher":"https:\/\/www.facebook.com\/starremedies\/","article_modified_time":"2025-02-06T09:33:59+00:00","twitter_card":"summary_large_image","schema":{"@context":"https:\/\/schema.org","@graph":[{"@type":"WebPage","@id":"https:\/\/www.starremedies.com\/brands\/starremedies\/","url":"https:\/\/www.starremedies.com\/brands\/starremedies\/","name":"Star Remedies Bl\u00fctenessenzen - Star Remedies","isPartOf":{"@id":"https:\/\/www.starremedies.com\/#website"},"datePublished":"2016-02-22T15:53:34+00:00","dateModified":"2025-02-06T09:33:59+00:00","description":"Unsere Bl\u00fctenessenzen werden alle von Hand aus Wildblumen aus den Niederlanden und dem Rest der Welt hergestellt und in Bio-Cognac konserviert.","breadcrumb":{"@id":"https:\/\/www.starremedies.com\/brands\/starremedies\/#breadcrumb"},"inLanguage":"de","potentialAction":[{"@type":"ReadAction","target":["https:\/\/www.starremedies.com\/brands\/starremedies\/"]}]},{"@type":"BreadcrumbList","@id":"https:\/\/www.starremedies.com\/brands\/starremedies\/#breadcrumb","itemListElement":[{"@type":"ListItem","position":1,"name":"Home","item":"https:\/\/www.starremedies.com\/"},{"@type":"ListItem","position":2,"name":"Our Brands","item":"https:\/\/www.starremedies.com\/brands\/"},{"@type":"ListItem","position":3,"name":"Star Remedies Flower Essences"}]},{"@type":"WebSite","@id":"https:\/\/www.starremedies.com\/#website","url":"https:\/\/www.starremedies.com\/","name":"Star Remedies","description":"","publisher":{"@id":"https:\/\/www.starremedies.com\/#organization"},"potentialAction":[{"@type":"SearchAction","target":{"@type":"EntryPoint","urlTemplate":"https:\/\/www.starremedies.com\/?s={search_term_string}"},"query-input":{"@type":"PropertyValueSpecification","valueRequired":true,"valueName":"search_term_string"}}],"inLanguage":"de"},{"@type":"Organization","@id":"https:\/\/www.starremedies.com\/#organization","name":"Star Remedies","url":"https:\/\/www.starremedies.com\/","logo":{"@type":"ImageObject","inLanguage":"de","@id":"https:\/\/www.starremedies.com\/#\/schema\/logo\/image\/","url":"https:\/\/www.starremedies.com\/wp-content\/uploads\/2016\/02\/srl.gif","contentUrl":"https:\/\/www.starremedies.com\/wp-content\/uploads\/2016\/02\/srl.gif","width":250,"height":250,"caption":"Star Remedies"},"image":{"@id":"https:\/\/www.starremedies.com\/#\/schema\/logo\/image\/"},"sameAs":["https:\/\/www.facebook.com\/starremedies\/","https:\/\/www.instagram.com\/starremedies\/"]}]}},"_links":{"self":[{"href":"https:\/\/www.starremedies.com\/de\/wp-json\/wp\/v2\/pages\/3856","targetHints":{"allow":["GET"]}}],"collection":[{"href":"https:\/\/www.starremedies.com\/de\/wp-json\/wp\/v2\/pages"}],"about":[{"href":"https:\/\/www.starremedies.com\/de\/wp-json\/wp\/v2\/types\/page"}],"author":[{"embeddable":true,"href":"https:\/\/www.starremedies.com\/de\/wp-json\/wp\/v2\/users\/1"}],"replies":[{"embeddable":true,"href":"https:\/\/www.starremedies.com\/de\/wp-json\/wp\/v2\/comments?post=3856"}],"version-history":[{"count":16,"href":"https:\/\/www.starremedies.com\/de\/wp-json\/wp\/v2\/pages\/3856\/revisions"}],"predecessor-version":[{"id":27980,"href":"https:\/\/www.starremedies.com\/de\/wp-json\/wp\/v2\/pages\/3856\/revisions\/27980"}],"up":[{"embeddable":true,"href":"https:\/\/www.starremedies.com\/de\/wp-json\/wp\/v2\/pages\/4107"}],"wp:attachment":[{"href":"https:\/\/www.starremedies.com\/de\/wp-json\/wp\/v2\/media?parent=3856"}],"curies":[{"name":"wp","href":"https:\/\/api.w.org\/{rel}","templated":true}]}}