{"id":3801,"date":"2016-02-21T18:15:16","date_gmt":"2016-02-21T17:15:16","guid":{"rendered":"https:\/\/www.starremedies.com\/?page_id=3801"},"modified":"2025-01-30T14:13:34","modified_gmt":"2025-01-30T13:13:34","slug":"thegoldseries","status":"publish","type":"page","link":"https:\/\/www.starremedies.com\/de\/brands\/indigoessences\/thegoldseries\/","title":{"rendered":"Indigo-Essenzen - Die Gold-Serie"},"content":{"rendered":"<section class=\"section section_breadcrumbs\" id=\"section_1071164396\">\n\t\t<div class=\"section-bg fill\" >\n\t\t\t\t\t\t\t\t\t\n\t\t\t\n\n\t\t<\/div>\n\n\t\t\n\n\t\t<div class=\"section-content relative\">\n\t\t\t\n<div class=\"row breadcrumbs-row\"  id=\"row-1605665912\">\n\n\t<div id=\"col-718903474\" class=\"col small-12 large-12\"  >\n\t\t\t\t<div class=\"col-inner\"  >\n\t\t\t\n\t\t\t\n\t<div id=\"text-2440210992\" class=\"text breadcrumbs\">\n\t\t\n<span><span><a href=\"https:\/\/www.starremedies.com\/de\/\">Startseite<\/a><\/span><\/span>\n\t\t\t<\/div>\n\t\n\t\t<\/div>\n\t\t\t\t\t<\/div>\n\n\t\n\n<style>\n#row-1605665912 > .col > .col-inner {\n  padding: 0px 0px 0px 0px;\n}\n<\/style>\n<\/div>\n\t\t<\/div>\n\n\t\t\n<style>\n#section_1071164396 {\n  padding-top: 0px;\n  padding-bottom: 0px;\n  margin-bottom: 0px;\n}\n<\/style>\n\t<\/section>\n\t\n\n\t<section class=\"section products_row\" id=\"section_2103490115\">\n\t\t<div class=\"section-bg fill\" >\n\t\t\t\t\t\t\t\t\t\n\t\t\t\n\n\t\t<\/div>\n\n\t\t\n\n\t\t<div class=\"section-content relative\">\n\t\t\t\n<div class=\"row align-middle align-center\"  id=\"row-1248060095\">\n\n\t<div id=\"col-31720793\" class=\"col medium-3 small-9 large-3\"  >\n\t\t\t\t<div class=\"col-inner text-center\"  >\n\t\t\t\n\t\t\t\n\t<div class=\"img has-hover x md-x lg-x y md-y lg-y\" id=\"image_1334410086\">\n\t\t\t\t\t\t\t\t<div class=\"img-inner dark\" >\n\t\t\t<img decoding=\"async\" width=\"250\" height=\"250\" src=\"https:\/\/www.starremedies.com\/wp-content\/uploads\/2016\/02\/indigo.gif\" class=\"attachment-original size-original\" alt=\"\" \/>\t\t\t\t\t\t\n\t\t\t\t\t<\/div>\n\t\t\t\t\t\t\t\t\n<style>\n#image_1334410086 {\n  width: 50%;\n}\n<\/style>\n\t<\/div>\n\t\n\t\t<\/div>\n\t\t\t\t\t<\/div>\n\n\t\n\n\t<div id=\"col-1542476051\" class=\"col small-12 large-12\"  >\n\t\t\t\t<div class=\"col-inner text-center\"  >\n\t\t\t\n\t\t\t\n\t<div id=\"text-478508190\" class=\"text\">\n\t\t\n<h1>INDIGO-ESSENZEN - DIE GOLD-SERIE<\/h1>\n\t\t\n<style>\n#text-478508190 {\n  text-align: center;\n}\n<\/style>\n\t<\/div>\n\t\n\t\t<\/div>\n\t\t\t\t\t<\/div>\n\n\t\n<\/div>\n\t\t<\/div>\n\n\t\t\n<style>\n#section_2103490115 {\n  padding-top: 30px;\n  padding-bottom: 30px;\n  background-color: rgb(247, 247, 247);\n}\n<\/style>\n\t<\/section>\n\t\n\n\t<section class=\"section\" id=\"section_789822482\">\n\t\t<div class=\"section-bg fill\" >\n\t\t\t\t\t\t\t\t\t\n\t\t\t\n\n\t\t<\/div>\n\n\t\t\n\n\t\t<div class=\"section-content relative\">\n\t\t\t\n<div class=\"row\"  id=\"row-496322139\">\n\n\t<div id=\"col-1116261009\" class=\"col small-12 large-12\"  >\n\t\t\t\t<div class=\"col-inner\"  >\n\t\t\t\n\t\t\t\n<p>Diese Essenzen sind hier, um uns zu begleiten, wenn wir in die goldene Morgend\u00e4mmerung einer neuen Bewusstseinsebene auf dem Planeten Erde eintreten. So wie die Indigos uns geholfen haben, uns aus der Dunkelheit herauszubewegen, wird die Gold-Serie uns helfen, die Energien der Morgend\u00e4mmerung zu verankern, w\u00e4hrend wir lernen, in dieser neuen Schwingung zu sein. Die kommenden Tage, Wochen und Monate werden eine Menge Chaos mit sich bringen, w\u00e4hrend wir uns durch die \u00dcbergangsperiode bewegen. Wir werden vielleicht Zeuge von Ereignissen auf globaler Ebene, die uns zutiefst traurig, w\u00fctend oder hoffnungslos machen. Anstatt in diesen Energien zu verharren, ist es wichtig, dass wir Energien der Wahrheit, der Liebe, des Friedens und der Hoffnung verankern und schwingen, um das h\u00f6chste und beste Ergebnis f\u00fcr alle zu erreichen. Die Essenzen der Gold-Serie sind dazu da, uns zu helfen, diese liebevollen Schwingungen in unseren Energiefeldern zu halten. Indem wir diese Energien in unserem Feld halten, beeinflussen wir andere um uns herum und helfen ihnen, ebenfalls ins Gleichgewicht zu kommen.<\/p>\n<div class=\"container section-title-container\" style=\"margin-top:75px;\"><h3 class=\"section-title section-title-bold-center\"><b aria-hidden=\"true\"><\/b><span class=\"section-title-main\" >DIE GOLD SERIE - PRODUKT\u00dcBERSICHT<\/span><b aria-hidden=\"true\"><\/b><\/h3><\/div>\n\t\t<\/div>\n\t\t\t\t\t<\/div>\n\n\t\n\n\t<div id=\"col-1370438018\" class=\"col medium-6 small-12 large-3\"  >\n\t\t\t\t<div class=\"col-inner text-center\"  >\n\t\t\t\n\t\t\t\n\t<div id=\"text-2989020219\" class=\"text\">\n\t\t\n<h4 class=\"uppercase\">Blase der Liebe<\/h4>\n\t\t\n<style>\n#text-2989020219 {\n  font-size: 0.9rem;\n  text-align: center;\n}\n<\/style>\n\t<\/div>\n\t\n\t<div class=\"img has-hover x md-x lg-x y md-y lg-y\" id=\"image_471184090\">\n\t\t\t\t\t\t\t\t<div class=\"img-inner dark\" style=\"margin:0px 50px 0px 50px;\">\n\t\t\t<img decoding=\"async\" width=\"250\" height=\"250\" src=\"https:\/\/www.starremedies.com\/wp-content\/uploads\/2021\/08\/Bubble-of-Love1-1.jpg\" class=\"attachment-original size-original\" alt=\"\" srcset=\"https:\/\/www.starremedies.com\/wp-content\/uploads\/2021\/08\/Bubble-of-Love1-1.jpg 250w, https:\/\/www.starremedies.com\/wp-content\/uploads\/2021\/08\/Bubble-of-Love1-1-80x80.jpg 80w\" sizes=\"(max-width: 250px) 100vw, 250px\" \/>\t\t\t\t\t\t\n\t\t\t\t\t<\/div>\n\t\t\t\t\t\t\t\t\n<style>\n#image_471184090 {\n  width: 100%;\n}\n<\/style>\n\t<\/div>\n\t\n\t<div id=\"text-1329379002\" class=\"text\">\n\t\t\n<p>Diese gechannelte Essenz enth\u00e4lt Elemente der alten weiblichen Energie Irlands, einer Energie, die sowohl mitf\u00fchlend als auch extrem stark ist. Diese Essenz wird uns helfen, die Energien von Knappheit, Mangel, Kampf und Konflikt loszulassen und in unserem Feld Energien der Liebe und Leichtigkeit zu halten, die unser Geburtsrecht sind. Die Energie der Liebe w\u00e4hrend dieser Zeit des \u00dcbergangs in unserem Feld zu halten, wird uns und den Menschen um uns herum helfen, in unseren Herzen zu bleiben, egal welche Konflikte entstehen.<\/p>\n\t\t\n<style>\n#text-1329379002 {\n  font-size: 0.9rem;\n}\n<\/style>\n\t<\/div>\n\t\n\t\t<\/div>\n\t\t\t\t\t<\/div>\n\n\t\n\n\t<div id=\"col-1635559683\" class=\"col medium-6 small-12 large-3\"  >\n\t\t\t\t<div class=\"col-inner text-center\"  >\n\t\t\t\n\t\t\t\n\t<div id=\"text-1804045017\" class=\"text\">\n\t\t\n<h4 class=\"uppercase\">Dankbarkeit<\/h4>\n\t\t\n<style>\n#text-1804045017 {\n  font-size: 0.9rem;\n  text-align: center;\n}\n<\/style>\n\t<\/div>\n\t\n\t<div class=\"img has-hover x md-x lg-x y md-y lg-y\" id=\"image_1085206542\">\n\t\t\t\t\t\t\t\t<div class=\"img-inner image-cover dark\" style=\"padding-top:100%;margin:0px 50px 0px 50px;\">\n\t\t\t<img decoding=\"async\" width=\"166\" height=\"250\" src=\"https:\/\/www.starremedies.com\/wp-content\/uploads\/2018\/08\/GOLD_gratitude_360x-e1628153316808.png\" class=\"attachment-original size-original\" alt=\"\" \/>\t\t\t\t\t\t\n\t\t\t\t\t<\/div>\n\t\t\t\t\t\t\t\t\n<style>\n#image_1085206542 {\n  width: 72%;\n}\n<\/style>\n\t<\/div>\n\t\n\t<div id=\"text-3103814383\" class=\"text\">\n\t\t\n<p>Die Verbindung mit der Energie der Dankbarkeit hebt unsere Schwingung an und ist ein wichtiges Hilfsmittel an Tagen, an denen wir uns \u00e4ngstlich oder deprimiert f\u00fchlen. Das Gesetz der Anziehung gilt f\u00fcr unsere Gedanken genauso wie f\u00fcr die Manifestation materieller Dinge. Wenn Sie sich also deprimiert f\u00fchlen, wird das Gesetz der Anziehung mehr Gedanken der Depression in Ihr Feld ziehen, was Ihre Schwingung senkt und zu einer Abw\u00e4rtsspirale der Negativit\u00e4t f\u00fchrt. Setzen Sie sich mit Dankbarkeit hin, wenn Sie sich niedergeschlagen f\u00fchlen, und innerhalb weniger Minuten werden Sie sp\u00fcren, wie eine Leichtigkeit in Ihr Wesen kommt. Diese Leichtigkeit wird mehr davon anziehen, und auf diese Weise k\u00f6nnen Sie Ihre Schwingung anheben.<\/p>\n\t\t\n<style>\n#text-3103814383 {\n  font-size: 0.9rem;\n}\n<\/style>\n\t<\/div>\n\t\n\t\t<\/div>\n\t\t\t\t\t<\/div>\n\n\t\n\n\t<div id=\"col-1000851337\" class=\"col medium-6 small-12 large-3\"  >\n\t\t\t\t<div class=\"col-inner text-center\"  >\n\t\t\t\n\t\t\t\n\t<div id=\"text-409896891\" class=\"text\">\n\t\t\n<h4 class=\"uppercase\">Frieden<\/h4>\n\t\t\n<style>\n#text-409896891 {\n  font-size: 0.9rem;\n  text-align: center;\n}\n<\/style>\n\t<\/div>\n\t\n\t<div class=\"img has-hover x md-x lg-x y md-y lg-y\" id=\"image_223676744\">\n\t\t\t\t\t\t\t\t<div class=\"img-inner image-cover dark\" style=\"padding-top:100%;margin:0px 50px 0px 50px;\">\n\t\t\t<img decoding=\"async\" width=\"166\" height=\"250\" src=\"https:\/\/www.starremedies.com\/wp-content\/uploads\/2018\/08\/GOLD_peace_360x-e1628153383919.png\" class=\"attachment-original size-original\" alt=\"\" \/>\t\t\t\t\t\t\n\t\t\t\t\t<\/div>\n\t\t\t\t\t\t\t\t\n<style>\n#image_223676744 {\n  width: 74%;\n}\n<\/style>\n\t<\/div>\n\t\n\t<div id=\"text-3343780549\" class=\"text\">\n\t\t\n<p>Die Essenz des Friedens, gechannelt von einem ganz wunderbaren Jungen namens Josh. In Zeiten von Krieg und Chaos, sitze mit dieser Essenz, um die Energie des Friedens in dein Feld zu bringen. Wenn du anf\u00e4ngst, Frieden zu schwingen, wirst du andere um dich herum beeinflussen, dasselbe zu tun. Gib Tropfen dieser Essenz in eine Schale mit Wasser an einem zentralen Ort in deinem Zuhause, um die Energie des Friedens in deinen Raum zu bringen.<\/p>\n\t\t\n<style>\n#text-3343780549 {\n  font-size: 0.9rem;\n}\n<\/style>\n\t<\/div>\n\t\n\t\t<\/div>\n\t\t\t\t\t<\/div>\n\n\t\n\n\t<div id=\"col-467141134\" class=\"col medium-6 small-12 large-3\"  >\n\t\t\t\t<div class=\"col-inner text-center\"  >\n\t\t\t\n\t\t\t\n\t<div id=\"text-2775061275\" class=\"text\">\n\t\t\n<h4 class=\"uppercase\">Echte Farben<\/h4>\n\t\t\n<style>\n#text-2775061275 {\n  font-size: 0.9rem;\n  text-align: center;\n}\n<\/style>\n\t<\/div>\n\t\n\t<div class=\"img has-hover x md-x lg-x y md-y lg-y\" id=\"image_518803671\">\n\t\t\t\t\t\t\t\t<div class=\"img-inner image-cover dark\" style=\"padding-top:100%;margin:0px 50px 0px 50px;\">\n\t\t\t<img decoding=\"async\" width=\"166\" height=\"250\" src=\"https:\/\/www.starremedies.com\/wp-content\/uploads\/2018\/08\/GOLD_true_colours_360x-e1628153485407.png\" class=\"attachment-original size-original\" alt=\"\" \/>\t\t\t\t\t\t\n\t\t\t\t\t<\/div>\n\t\t\t\t\t\t\t\t\n<style>\n#image_518803671 {\n  width: 72%;\n}\n<\/style>\n\t<\/div>\n\t\n\t<div id=\"text-916141153\" class=\"text\">\n\t\t\n<p>True Colours ist eine zutiefst n\u00e4hrende Essenz, die uns mit m\u00fctterlicher Energie f\u00fcllt, was ein anderer Begriff f\u00fcr bedingungslose Liebe ist. F\u00fcr M\u00e4nner und Frauen f\u00fcllt diese Essenz alle L\u00fccken, die durch fehlende m\u00fctterliche Liebe oder fehlende Akzeptanz der m\u00fctterlichen Liebe entstanden sind, was zu einem Mangel an Selbstakzeptanz f\u00fchren kann und damit zu dem Versuch, uns in die Gesellschaft einzuf\u00fcgen, indem wir uns \u00e4ndern, wie wir sind. Diese Essenz hilft uns auch, uns mit uns selbst vollkommen wohl zu f\u00fchlen und zu wissen, dass wir in Ordnung sind, dass es in Ordnung ist, die Wahrheit dar\u00fcber zu sagen, wer wir sind und was wir f\u00fchlen, auch wenn das anders ist als das, was die Mehrheit der Menschen f\u00fchlt.<\/p>\n\t\t\n<style>\n#text-916141153 {\n  font-size: 0.9rem;\n}\n<\/style>\n\t<\/div>\n\t\n\t\t<\/div>\n\t\t\t\t\t<\/div>\n\n\t\n\n\t<div id=\"col-1216701705\" class=\"col small-12 large-12\"  >\n\t\t\t\t<div class=\"col-inner\"  >\n\t\t\t\n\t\t\t\n<h2>Indigo-Essenzen kaufen<\/h2>\n<p>Indigo-Essenzen k\u00f6nnen separat bestellt werden bei\u00a0<a href=\"https:\/\/www.starremediesshop.com\/de\/indigoessences\/\" target=\"_blank\" rel=\"noopener\">https:\/\/www.starremediesshop.com\/<\/a><\/p>\n<p>Sie sind Unternehmer, Fachmann oder Therapeut und interessieren sich f\u00fcr Star Remedies Produkte.\u00a0<a href=\"https:\/\/www.starremedies.com\/de\/companies\/\">Anmeldung \u00fcber das Anmeldeformular f\u00fcr Unternehmen<\/a>\u00a0und f\u00fcr Therapeuten und Fachleute,\u00a0<a href=\"https:\/\/www.starremedies.com\/de\/companies\/\">das Anmeldeformular f\u00fcr Fachleute<\/a>.<\/p>\n\t\t<\/div>\n\t\t\t\t\n<style>\n#col-1216701705 > .col-inner {\n  padding: 75px 0px 0px 0px;\n}\n<\/style>\n\t<\/div>\n\n\t\n<\/div>\n\t\t<\/div>\n\n\t\t\n<style>\n#section_789822482 {\n  padding-top: 30px;\n  padding-bottom: 30px;\n}\n<\/style>\n\t<\/section>","protected":false},"excerpt":{"rendered":"","protected":false},"author":1,"featured_media":0,"parent":3741,"menu_order":0,"comment_status":"closed","ping_status":"closed","template":"page-blank.php","meta":{"footnotes":""},"class_list":["post-3801","page","type-page","status-publish","hentry"],"yoast_head":"<!-- This site is optimized with the Yoast SEO plugin v27.3 - https:\/\/yoast.com\/product\/yoast-seo-wordpress\/ -->\n<title>Indigo Essences - The Gold Series - Star Remedies<\/title>\n<meta name=\"description\" content=\"The Gold Series helps change general consciousness. This allows you to better incorporate the new energies and vibrations into your being.\" \/>\n<meta name=\"robots\" content=\"index, follow, max-snippet:-1, max-image-preview:large, max-video-preview:-1\" \/>\n<link rel=\"canonical\" href=\"https:\/\/www.starremedies.com\/de\/brands\/indigoessences\/thegoldseries\/\" \/>\n<meta property=\"og:locale\" content=\"de_DE\" \/>\n<meta property=\"og:type\" content=\"article\" \/>\n<meta property=\"og:title\" content=\"Indigo Essences - The Gold Series - Star Remedies\" \/>\n<meta property=\"og:description\" content=\"The Gold Series helps change general consciousness. This allows you to better incorporate the new energies and vibrations into your being.\" \/>\n<meta property=\"og:url\" content=\"https:\/\/www.starremedies.com\/de\/brands\/indigoessences\/thegoldseries\/\" \/>\n<meta property=\"og:site_name\" content=\"Star Remedies\" \/>\n<meta property=\"article:publisher\" content=\"https:\/\/www.facebook.com\/starremedies\/\" \/>\n<meta property=\"article:modified_time\" content=\"2025-01-30T13:13:34+00:00\" \/>\n<meta name=\"twitter:card\" content=\"summary_large_image\" \/>\n<script type=\"application\/ld+json\" class=\"yoast-schema-graph\">{\"@context\":\"https:\\\/\\\/schema.org\",\"@graph\":[{\"@type\":\"WebPage\",\"@id\":\"https:\\\/\\\/www.starremedies.com\\\/brands\\\/indigoessences\\\/thegoldseries\\\/\",\"url\":\"https:\\\/\\\/www.starremedies.com\\\/brands\\\/indigoessences\\\/thegoldseries\\\/\",\"name\":\"Indigo Essences - The Gold Series - Star Remedies\",\"isPartOf\":{\"@id\":\"https:\\\/\\\/www.starremedies.com\\\/#website\"},\"datePublished\":\"2016-02-21T17:15:16+00:00\",\"dateModified\":\"2025-01-30T13:13:34+00:00\",\"description\":\"The Gold Series helps change general consciousness. This allows you to better incorporate the new energies and vibrations into your being.\",\"breadcrumb\":{\"@id\":\"https:\\\/\\\/www.starremedies.com\\\/brands\\\/indigoessences\\\/thegoldseries\\\/#breadcrumb\"},\"inLanguage\":\"de\",\"potentialAction\":[{\"@type\":\"ReadAction\",\"target\":[\"https:\\\/\\\/www.starremedies.com\\\/brands\\\/indigoessences\\\/thegoldseries\\\/\"]}]},{\"@type\":\"BreadcrumbList\",\"@id\":\"https:\\\/\\\/www.starremedies.com\\\/brands\\\/indigoessences\\\/thegoldseries\\\/#breadcrumb\",\"itemListElement\":[{\"@type\":\"ListItem\",\"position\":1,\"name\":\"Home\",\"item\":\"https:\\\/\\\/www.starremedies.com\\\/\"},{\"@type\":\"ListItem\",\"position\":2,\"name\":\"Our Brands\",\"item\":\"https:\\\/\\\/www.starremedies.com\\\/brands\\\/\"},{\"@type\":\"ListItem\",\"position\":3,\"name\":\"Indigo Essences for children by Ann Callaghan\",\"item\":\"https:\\\/\\\/www.starremedies.com\\\/brands\\\/indigoessences\\\/\"},{\"@type\":\"ListItem\",\"position\":4,\"name\":\"Indigo Essences &#8211; The Gold Series\"}]},{\"@type\":\"WebSite\",\"@id\":\"https:\\\/\\\/www.starremedies.com\\\/#website\",\"url\":\"https:\\\/\\\/www.starremedies.com\\\/\",\"name\":\"Star Remedies\",\"description\":\"\",\"publisher\":{\"@id\":\"https:\\\/\\\/www.starremedies.com\\\/#organization\"},\"potentialAction\":[{\"@type\":\"SearchAction\",\"target\":{\"@type\":\"EntryPoint\",\"urlTemplate\":\"https:\\\/\\\/www.starremedies.com\\\/?s={search_term_string}\"},\"query-input\":{\"@type\":\"PropertyValueSpecification\",\"valueRequired\":true,\"valueName\":\"search_term_string\"}}],\"inLanguage\":\"de\"},{\"@type\":\"Organization\",\"@id\":\"https:\\\/\\\/www.starremedies.com\\\/#organization\",\"name\":\"Star Remedies\",\"url\":\"https:\\\/\\\/www.starremedies.com\\\/\",\"logo\":{\"@type\":\"ImageObject\",\"inLanguage\":\"de\",\"@id\":\"https:\\\/\\\/www.starremedies.com\\\/#\\\/schema\\\/logo\\\/image\\\/\",\"url\":\"https:\\\/\\\/www.starremedies.com\\\/wp-content\\\/uploads\\\/2016\\\/02\\\/srl.gif\",\"contentUrl\":\"https:\\\/\\\/www.starremedies.com\\\/wp-content\\\/uploads\\\/2016\\\/02\\\/srl.gif\",\"width\":250,\"height\":250,\"caption\":\"Star Remedies\"},\"image\":{\"@id\":\"https:\\\/\\\/www.starremedies.com\\\/#\\\/schema\\\/logo\\\/image\\\/\"},\"sameAs\":[\"https:\\\/\\\/www.facebook.com\\\/starremedies\\\/\",\"https:\\\/\\\/www.instagram.com\\\/starremedies\\\/\"]}]}<\/script>\n<!-- \/ Yoast SEO plugin. -->","yoast_head_json":{"title":"Indigo Essenzen - Die Gold Serie - Star Remedies","description":"Die Gold-Serie hilft, das allgemeine Bewusstsein zu ver\u00e4ndern. Dies erm\u00f6glicht es Ihnen, die neuen Energien und Schwingungen besser in Ihr Wesen zu integrieren.","robots":{"index":"index","follow":"follow","max-snippet":"max-snippet:-1","max-image-preview":"max-image-preview:large","max-video-preview":"max-video-preview:-1"},"canonical":"https:\/\/www.starremedies.com\/de\/brands\/indigoessences\/thegoldseries\/","og_locale":"de_DE","og_type":"article","og_title":"Indigo Essences - The Gold Series - Star Remedies","og_description":"The Gold Series helps change general consciousness. This allows you to better incorporate the new energies and vibrations into your being.","og_url":"https:\/\/www.starremedies.com\/de\/brands\/indigoessences\/thegoldseries\/","og_site_name":"Star Remedies","article_publisher":"https:\/\/www.facebook.com\/starremedies\/","article_modified_time":"2025-01-30T13:13:34+00:00","twitter_card":"summary_large_image","schema":{"@context":"https:\/\/schema.org","@graph":[{"@type":"WebPage","@id":"https:\/\/www.starremedies.com\/brands\/indigoessences\/thegoldseries\/","url":"https:\/\/www.starremedies.com\/brands\/indigoessences\/thegoldseries\/","name":"Indigo Essenzen - Die Gold Serie - Star Remedies","isPartOf":{"@id":"https:\/\/www.starremedies.com\/#website"},"datePublished":"2016-02-21T17:15:16+00:00","dateModified":"2025-01-30T13:13:34+00:00","description":"Die Gold-Serie hilft, das allgemeine Bewusstsein zu ver\u00e4ndern. Dies erm\u00f6glicht es Ihnen, die neuen Energien und Schwingungen besser in Ihr Wesen zu integrieren.","breadcrumb":{"@id":"https:\/\/www.starremedies.com\/brands\/indigoessences\/thegoldseries\/#breadcrumb"},"inLanguage":"de","potentialAction":[{"@type":"ReadAction","target":["https:\/\/www.starremedies.com\/brands\/indigoessences\/thegoldseries\/"]}]},{"@type":"BreadcrumbList","@id":"https:\/\/www.starremedies.com\/brands\/indigoessences\/thegoldseries\/#breadcrumb","itemListElement":[{"@type":"ListItem","position":1,"name":"Home","item":"https:\/\/www.starremedies.com\/"},{"@type":"ListItem","position":2,"name":"Our Brands","item":"https:\/\/www.starremedies.com\/brands\/"},{"@type":"ListItem","position":3,"name":"Indigo Essences for children by Ann Callaghan","item":"https:\/\/www.starremedies.com\/brands\/indigoessences\/"},{"@type":"ListItem","position":4,"name":"Indigo Essences &#8211; The Gold Series"}]},{"@type":"WebSite","@id":"https:\/\/www.starremedies.com\/#website","url":"https:\/\/www.starremedies.com\/","name":"Star Remedies","description":"","publisher":{"@id":"https:\/\/www.starremedies.com\/#organization"},"potentialAction":[{"@type":"SearchAction","target":{"@type":"EntryPoint","urlTemplate":"https:\/\/www.starremedies.com\/?s={search_term_string}"},"query-input":{"@type":"PropertyValueSpecification","valueRequired":true,"valueName":"search_term_string"}}],"inLanguage":"de"},{"@type":"Organization","@id":"https:\/\/www.starremedies.com\/#organization","name":"Star Remedies","url":"https:\/\/www.starremedies.com\/","logo":{"@type":"ImageObject","inLanguage":"de","@id":"https:\/\/www.starremedies.com\/#\/schema\/logo\/image\/","url":"https:\/\/www.starremedies.com\/wp-content\/uploads\/2016\/02\/srl.gif","contentUrl":"https:\/\/www.starremedies.com\/wp-content\/uploads\/2016\/02\/srl.gif","width":250,"height":250,"caption":"Star Remedies"},"image":{"@id":"https:\/\/www.starremedies.com\/#\/schema\/logo\/image\/"},"sameAs":["https:\/\/www.facebook.com\/starremedies\/","https:\/\/www.instagram.com\/starremedies\/"]}]}},"_links":{"self":[{"href":"https:\/\/www.starremedies.com\/de\/wp-json\/wp\/v2\/pages\/3801","targetHints":{"allow":["GET"]}}],"collection":[{"href":"https:\/\/www.starremedies.com\/de\/wp-json\/wp\/v2\/pages"}],"about":[{"href":"https:\/\/www.starremedies.com\/de\/wp-json\/wp\/v2\/types\/page"}],"author":[{"embeddable":true,"href":"https:\/\/www.starremedies.com\/de\/wp-json\/wp\/v2\/users\/1"}],"replies":[{"embeddable":true,"href":"https:\/\/www.starremedies.com\/de\/wp-json\/wp\/v2\/comments?post=3801"}],"version-history":[{"count":8,"href":"https:\/\/www.starremedies.com\/de\/wp-json\/wp\/v2\/pages\/3801\/revisions"}],"predecessor-version":[{"id":27834,"href":"https:\/\/www.starremedies.com\/de\/wp-json\/wp\/v2\/pages\/3801\/revisions\/27834"}],"up":[{"embeddable":true,"href":"https:\/\/www.starremedies.com\/de\/wp-json\/wp\/v2\/pages\/3741"}],"wp:attachment":[{"href":"https:\/\/www.starremedies.com\/de\/wp-json\/wp\/v2\/media?parent=3801"}],"curies":[{"name":"wp","href":"https:\/\/api.w.org\/{rel}","templated":true}]}}