{"id":3794,"date":"2016-02-21T18:06:26","date_gmt":"2016-02-21T17:06:26","guid":{"rendered":"https:\/\/www.starremedies.com\/?page_id=3794"},"modified":"2025-02-05T10:29:07","modified_gmt":"2025-02-05T09:29:07","slug":"pinkessenceblends","status":"publish","type":"page","link":"https:\/\/www.starremedies.com\/de\/brands\/indigoessences\/pinkessenceblends\/","title":{"rendered":"Indigo Essences - Rosa Essenzmischungen"},"content":{"rendered":"<section class=\"section section_breadcrumbs\" id=\"section_948947875\">\n\t\t<div class=\"section-bg fill\" >\n\t\t\t\t\t\t\t\t\t\n\t\t\t\n\n\t\t<\/div>\n\n\t\t\n\n\t\t<div class=\"section-content relative\">\n\t\t\t\n<div class=\"row breadcrumbs-row\"  id=\"row-286894210\">\n\n\t<div id=\"col-931781679\" class=\"col small-12 large-12\"  >\n\t\t\t\t<div class=\"col-inner\"  >\n\t\t\t\n\t\t\t\n\t<div id=\"text-3538356378\" class=\"text breadcrumbs\">\n\t\t\n<span><span><a href=\"https:\/\/www.starremedies.com\/de\/\">Startseite<\/a><\/span><\/span>\n\t\t\t<\/div>\n\t\n\t\t<\/div>\n\t\t\t\t\t<\/div>\n\n\t\n\n<style>\n#row-286894210 > .col > .col-inner {\n  padding: 0px 0px 0px 0px;\n}\n<\/style>\n<\/div>\n\t\t<\/div>\n\n\t\t\n<style>\n#section_948947875 {\n  padding-top: 0px;\n  padding-bottom: 0px;\n  margin-bottom: 0px;\n}\n<\/style>\n\t<\/section>\n\t\n\n\t<section class=\"section products_row\" id=\"section_1403660531\">\n\t\t<div class=\"section-bg fill\" >\n\t\t\t\t\t\t\t\t\t\n\t\t\t\n\n\t\t<\/div>\n\n\t\t\n\n\t\t<div class=\"section-content relative\">\n\t\t\t\n<div class=\"row align-middle align-center\"  id=\"row-1473277460\">\n\n\t<div id=\"col-1044087344\" class=\"col medium-3 small-9 large-3\"  >\n\t\t\t\t<div class=\"col-inner text-center\"  >\n\t\t\t\n\t\t\t\n\t<div class=\"img has-hover x md-x lg-x y md-y lg-y\" id=\"image_1211456343\">\n\t\t\t\t\t\t\t\t<div class=\"img-inner dark\" >\n\t\t\t<img decoding=\"async\" width=\"250\" height=\"250\" src=\"https:\/\/www.starremedies.com\/wp-content\/uploads\/2016\/02\/indigo.gif\" class=\"attachment-original size-original\" alt=\"\" \/>\t\t\t\t\t\t\n\t\t\t\t\t<\/div>\n\t\t\t\t\t\t\t\t\n<style>\n#image_1211456343 {\n  width: 50%;\n}\n<\/style>\n\t<\/div>\n\t\n\t\t<\/div>\n\t\t\t\t\t<\/div>\n\n\t\n\n\t<div id=\"col-790862003\" class=\"col small-12 large-12\"  >\n\t\t\t\t<div class=\"col-inner text-center\"  >\n\t\t\t\n\t\t\t\n\t<div id=\"text-1069164267\" class=\"text\">\n\t\t\n<h1>INDIGO-ESSENZEN - ROSA ESSENZMISCHUNGEN<\/h1>\n\t\t\n<style>\n#text-1069164267 {\n  text-align: center;\n}\n<\/style>\n\t<\/div>\n\t\n\t\t<\/div>\n\t\t\t\t\t<\/div>\n\n\t\n<\/div>\n\t\t<\/div>\n\n\t\t\n<style>\n#section_1403660531 {\n  padding-top: 30px;\n  padding-bottom: 30px;\n  background-color: rgb(247, 247, 247);\n}\n<\/style>\n\t<\/section>\n\t\n\n\t<section class=\"section\" id=\"section_812533798\">\n\t\t<div class=\"section-bg fill\" >\n\t\t\t\t\t\t\t\t\t\n\t\t\t\n\n\t\t<\/div>\n\n\t\t\n\n\t\t<div class=\"section-content relative\">\n\t\t\t\n<div class=\"row\"  id=\"row-854040000\">\n\n\t<div id=\"col-1445856456\" class=\"col medium-10 small-12 large-10\"  >\n\t\t\t\t<div class=\"col-inner\"  >\n\t\t\t\n\t\t\t\n<p>Ein Set von vier Essenzmischungen, die dir helfen, die letzten Vorbereitungen f\u00fcr deinen Bewusstseinswandel zu treffen. Diese Mischungen werden am besten nacheinander eingenommen. Die Pinks schwingen mit 528 Hz, auch bekannt als die Frequenz der Liebe, und kommen aus einer Dimension, in der die urspr\u00fcngliche Blaupause f\u00fcr h\u00f6heres Bewusstsein intakt ist. Sie sind gekommen, um ihre Energien zur Unterst\u00fctzung unseres \u00dcbergangs von der Angst zur Liebe anzubieten. Sie werden uns helfen, in unsere neue Schwingung zu kommen, indem sie h\u00f6herdimensionale Energien in unserem Feld halten und uns so den \u00dcbergang erleichtern.<\/p>\n<p>Die Pinks helfen auch dabei, eine h\u00f6here Schwingung in dem Raum zu verankern, den du bewohnst. Auf diese Weise sind sie eine wunderbare Erg\u00e4nzung f\u00fcr einen Therapieraum oder einen heiligen Raum. Im Haus platziert, k\u00f6nnen sie dazu beitragen, die Schwingung des Geb\u00e4udes anzuheben, was besonders f\u00fcr die sehr sensiblen Neuen Kinder hilfreich ist, denen es schwerf\u00e4llt, mit den niedrigeren, \u00e4lteren Energien zu leben.<\/p>\n<p>Die urspr\u00fcnglichen 13 Rosa Essenzen wurden 2006 kanalisiert und als 13 Einzelflaschen und als Box-Set produziert. Wir m\u00f6chten sie nun in einer \u00fcberschaubareren Zusammenstellung von 4 Mischungen anbieten. Wenn Sie es vorziehen, eine einzelne Rosa Essenz einzunehmen, oder wenn Sie von Ihrem Therapeuten gebeten wurden, eine einzelne Rosa Essenz einzunehmen, dann w\u00e4hlen Sie die Mischung aus, in der Ihre Essenz enthalten ist, und geben Sie im Kommentarfeld an der Kasse an, welche Anzahl Sie ben\u00f6tigen, und wir werden Ihnen diese einzelne Flasche zusenden.<\/p>\n\t\t<\/div>\n\t\t\t\t\t<\/div>\n\n\t\n\n\t<div id=\"col-1796807386\" class=\"col medium-2 small-12 large-2\"  >\n\t\t\t\t<div class=\"col-inner\"  >\n\t\t\t\n\t\t\t\n\t<div class=\"img has-hover x md-x lg-x y md-y lg-y\" id=\"image_1319993156\">\n\t\t\t\t\t\t\t\t<div class=\"img-inner dark\" >\n\t\t\t<img decoding=\"async\" width=\"316\" height=\"247\" src=\"https:\/\/www.starremedies.com\/wp-content\/uploads\/2016\/02\/indigo-pink.gif\" class=\"attachment-original size-original\" alt=\"\" \/>\t\t\t\t\t\t\n\t\t\t\t\t<\/div>\n\t\t\t\t\t\t\t\t\n<style>\n#image_1319993156 {\n  width: 100%;\n}\n<\/style>\n\t<\/div>\n\t\n\t\t<\/div>\n\t\t\t\t\t<\/div>\n\n\t\n\n\t<div id=\"col-1619583900\" class=\"col small-12 large-12\"  >\n\t\t\t\t<div class=\"col-inner\"  >\n\t\t\t\n\t\t\t\n<div class=\"container section-title-container\" style=\"margin-top:75px;\"><h2 class=\"section-title section-title-bold-center\"><b aria-hidden=\"true\"><\/b><span class=\"section-title-main\" >PINK ESSENCE BLENDS - PRODUKT\u00dcBERSICHT<\/span><b aria-hidden=\"true\"><\/b><\/h2><\/div>\n\t\t<\/div>\n\t\t\t\t\t<\/div>\n\n\t\n\n\t<div id=\"col-1354849182\" class=\"col medium-6 small-12 large-3\"  >\n\t\t\t\t<div class=\"col-inner text-center\"  >\n\t\t\t\n\t\t\t\n\t<div id=\"text-1250220637\" class=\"text\">\n\t\t\n<h3 class=\"uppercase\">Einstellung erhalten<\/h3>\n\t\t\n<style>\n#text-1250220637 {\n  font-size: 0.9rem;\n  text-align: center;\n}\n<\/style>\n\t<\/div>\n\t\n\t<div class=\"img has-hover x md-x lg-x y md-y lg-y\" id=\"image_119719860\">\n\t\t\t\t\t\t\t\t<div class=\"img-inner dark\" style=\"margin:25px 50px 25px 50px;\">\n\t\t\t<img decoding=\"async\" width=\"185\" height=\"82\" src=\"https:\/\/www.starremedies.com\/wp-content\/uploads\/2016\/02\/indigi-getset.gif\" class=\"attachment-original size-original\" alt=\"\" \/>\t\t\t\t\t\t\n\t\t\t\t\t<\/div>\n\t\t\t\t\t\t\t\t\n<style>\n#image_119719860 {\n  width: 100%;\n}\n<\/style>\n\t<\/div>\n\t\n\t<div id=\"text-666964215\" class=\"text\">\n\t\t\n<p>Mischung der rosa Essenzen 6, 7, 8 &amp; 12<br \/>\nLassen Sie alle verbleibenden verzerrten Glaubenss\u00e4tze \u00fcber Selbstliebe los, erfrischen und erneuern Sie Ihre Energie, erwecken Sie Potenziale in Ihrer DNA und befreien Sie sich schlie\u00dflich von allen verbleibenden Bindungen zwischen Ihnen und Menschen, die ihre Lebensaufgabe nicht erf\u00fcllen konnten.<\/p>\n\t\t\n<style>\n#text-666964215 {\n  font-size: 0.9rem;\n}\n<\/style>\n\t<\/div>\n\t\n\t\t<\/div>\n\t\t\t\t\t<\/div>\n\n\t\n\n\t<div id=\"col-1405951651\" class=\"col medium-6 small-12 large-3\"  >\n\t\t\t\t<div class=\"col-inner text-center\"  >\n\t\t\t\n\t\t\t\n\t<div id=\"text-2160803670\" class=\"text\">\n\t\t\n<h3 class=\"uppercase\">bereit<\/h3>\n\t\t\n<style>\n#text-2160803670 {\n  font-size: 0.9rem;\n  text-align: center;\n}\n<\/style>\n\t<\/div>\n\t\n\t<div class=\"img has-hover x md-x lg-x y md-y lg-y\" id=\"image_2100090036\">\n\t\t\t\t\t\t\t\t<div class=\"img-inner dark\" style=\"margin:25px 50px 25px 50px;\">\n\t\t\t<img decoding=\"async\" width=\"178\" height=\"82\" src=\"https:\/\/www.starremedies.com\/wp-content\/uploads\/2016\/02\/indigo-ready.gif\" class=\"attachment-original size-original\" alt=\"\" \/>\t\t\t\t\t\t\n\t\t\t\t\t<\/div>\n\t\t\t\t\t\t\t\t\n<style>\n#image_2100090036 {\n  width: 100%;\n}\n<\/style>\n\t<\/div>\n\t\n\t<div id=\"text-3639908489\" class=\"text\">\n\t\t\n<p>Mischung der rosa Essenzen 2, 3 und 4<br \/>\nVerbinden Sie sich mit Ihrem Heilungsteam, integrieren Sie heruntergeladene Informationen und verbinden Sie sich mit einem st\u00e4rkeren Gef\u00fchl f\u00fcr Ihr Selbst, Ihr souver\u00e4nes ICH BIN Wesen.<\/p>\n\t\t\n<style>\n#text-3639908489 {\n  font-size: 0.9rem;\n}\n<\/style>\n\t<\/div>\n\t\n\t\t<\/div>\n\t\t\t\t\t<\/div>\n\n\t\n\n\t<div id=\"col-1158315996\" class=\"col medium-6 small-12 large-3\"  >\n\t\t\t\t<div class=\"col-inner text-center\"  >\n\t\t\t\n\t\t\t\n\t<div id=\"text-3850665767\" class=\"text\">\n\t\t\n<h3 class=\"uppercase\">gehen.<\/h3>\n\t\t\n<style>\n#text-3850665767 {\n  font-size: 0.9rem;\n  text-align: center;\n}\n<\/style>\n\t<\/div>\n\t\n\t<div class=\"img has-hover x md-x lg-x y md-y lg-y\" id=\"image_1802419643\">\n\t\t\t\t\t\t\t\t<div class=\"img-inner dark\" style=\"margin:25px 50px 25px 50px;\">\n\t\t\t<img decoding=\"async\" width=\"184\" height=\"82\" src=\"https:\/\/www.starremedies.com\/wp-content\/uploads\/2016\/02\/indigo-go.gif\" class=\"attachment-original size-original\" alt=\"\" \/>\t\t\t\t\t\t\n\t\t\t\t\t<\/div>\n\t\t\t\t\t\t\t\t\n<style>\n#image_1802419643 {\n  width: 100%;\n}\n<\/style>\n\t<\/div>\n\t\n\t<div id=\"text-2419531523\" class=\"text\">\n\t\t\n<p>Mischung der Rosa Essenzen 5 &amp; 13 Verbinde dich mit der Energie der Quelle und ..... springe in deine neue Mission<\/p>\n\t\t\n<style>\n#text-2419531523 {\n  font-size: 0.9rem;\n}\n<\/style>\n\t<\/div>\n\t\n\t\t<\/div>\n\t\t\t\t\t<\/div>\n\n\t\n\n\t<div id=\"col-18943633\" class=\"col medium-6 small-12 large-3\"  >\n\t\t\t\t<div class=\"col-inner text-center\"  >\n\t\t\t\n\t\t\t\n\t<div id=\"text-4145672321\" class=\"text\">\n\t\t\n<h3 class=\"uppercase\">St\u00e4ndig<\/h3>\n\t\t\n<style>\n#text-4145672321 {\n  font-size: 0.9rem;\n  text-align: center;\n}\n<\/style>\n\t<\/div>\n\t\n\t<div class=\"img has-hover x md-x lg-x y md-y lg-y\" id=\"image_1511696004\">\n\t\t\t\t\t\t\t\t<div class=\"img-inner dark\" style=\"margin:25px 50px 25px 50px;\">\n\t\t\t<img decoding=\"async\" width=\"184\" height=\"82\" src=\"https:\/\/www.starremedies.com\/wp-content\/uploads\/2016\/02\/indigo-steady.gif\" class=\"attachment-original size-original\" alt=\"\" \/>\t\t\t\t\t\t\n\t\t\t\t\t<\/div>\n\t\t\t\t\t\t\t\t\n<style>\n#image_1511696004 {\n  width: 100%;\n}\n<\/style>\n\t<\/div>\n\t\n\t<div id=\"text-3380925132\" class=\"text\">\n\t\t\n<p>Mischung der rosa Essenzen 1, 9, 10 und 11<br \/>\nIntegrieren und verbinden Sie alle Aspekte Ihres Selbst, lassen Sie alle verbleibenden Energien des Machtmissbrauchs los, wandeln Sie alle verbleibenden \u00c4ngste um und vervollst\u00e4ndigen Sie Ihr Familien- oder Ahnenkarma.<\/p>\n\t\t\n<style>\n#text-3380925132 {\n  font-size: 0.9rem;\n}\n<\/style>\n\t<\/div>\n\t\n\t\t<\/div>\n\t\t\t\t\t<\/div>\n\n\t\n\n\t<div id=\"col-1331486647\" class=\"col small-12 large-12\"  >\n\t\t\t\t<div class=\"col-inner\"  >\n\t\t\t\n\t\t\t\n<h2>Indigo-Essenzen kaufen<\/h2>\n<p>Indigo-Essenzen k\u00f6nnen separat bestellt werden bei\u00a0<a href=\"https:\/\/www.starremediesshop.com\/de\/indigoessences\/\" target=\"_blank\" rel=\"noopener\">https:\/\/www.starremediesshop.com\/<\/a><\/p>\n<p>Sie sind Unternehmer, Fachmann oder Therapeut und interessieren sich f\u00fcr Star Remedies Produkte.\u00a0<a href=\"https:\/\/www.starremedies.com\/de\/companies\/\">Anmeldung \u00fcber das Anmeldeformular f\u00fcr Unternehmen<\/a>\u00a0und f\u00fcr Therapeuten und Fachleute,\u00a0<a href=\"https:\/\/www.starremedies.com\/de\/companies\/\">das Anmeldeformular f\u00fcr Fachleute<\/a>.<\/p>\n\t\t<\/div>\n\t\t\t\t\n<style>\n#col-1331486647 > .col-inner {\n  padding: 75px 0px 0px 0px;\n}\n<\/style>\n\t<\/div>\n\n\t\n<\/div>\n\t\t<\/div>\n\n\t\t\n<style>\n#section_812533798 {\n  padding-top: 30px;\n  padding-bottom: 30px;\n}\n<\/style>\n\t<\/section>","protected":false},"excerpt":{"rendered":"","protected":false},"author":1,"featured_media":0,"parent":3741,"menu_order":0,"comment_status":"closed","ping_status":"closed","template":"page-blank.php","meta":{"footnotes":""},"class_list":["post-3794","page","type-page","status-publish","hentry"],"yoast_head":"<!-- This site is optimized with the Yoast SEO plugin v27.3 - https:\/\/yoast.com\/product\/yoast-seo-wordpress\/ -->\n<title>Indigo Essences - Pink Essence Blends - Star Remedies<\/title>\n<meta name=\"description\" content=\"A set of 4 Indigo Essences made to help you change your awareness. The Indigo Essences Pink Essence blends are made from love.\" \/>\n<meta name=\"robots\" content=\"index, follow, max-snippet:-1, max-image-preview:large, max-video-preview:-1\" \/>\n<link rel=\"canonical\" href=\"https:\/\/www.starremedies.com\/de\/brands\/indigoessences\/pinkessenceblends\/\" \/>\n<meta property=\"og:locale\" content=\"de_DE\" \/>\n<meta property=\"og:type\" content=\"article\" \/>\n<meta property=\"og:title\" content=\"Indigo Essences - Pink Essence Blends - Star Remedies\" \/>\n<meta property=\"og:description\" content=\"A set of 4 Indigo Essences made to help you change your awareness. The Indigo Essences Pink Essence blends are made from love.\" \/>\n<meta property=\"og:url\" content=\"https:\/\/www.starremedies.com\/de\/brands\/indigoessences\/pinkessenceblends\/\" \/>\n<meta property=\"og:site_name\" content=\"Star Remedies\" \/>\n<meta property=\"article:publisher\" content=\"https:\/\/www.facebook.com\/starremedies\/\" \/>\n<meta property=\"article:modified_time\" content=\"2025-02-05T09:29:07+00:00\" \/>\n<meta name=\"twitter:card\" content=\"summary_large_image\" \/>\n<script type=\"application\/ld+json\" class=\"yoast-schema-graph\">{\"@context\":\"https:\\\/\\\/schema.org\",\"@graph\":[{\"@type\":\"WebPage\",\"@id\":\"https:\\\/\\\/www.starremedies.com\\\/brands\\\/indigoessences\\\/pinkessenceblends\\\/\",\"url\":\"https:\\\/\\\/www.starremedies.com\\\/brands\\\/indigoessences\\\/pinkessenceblends\\\/\",\"name\":\"Indigo Essences - Pink Essence Blends - Star Remedies\",\"isPartOf\":{\"@id\":\"https:\\\/\\\/www.starremedies.com\\\/#website\"},\"datePublished\":\"2016-02-21T17:06:26+00:00\",\"dateModified\":\"2025-02-05T09:29:07+00:00\",\"description\":\"A set of 4 Indigo Essences made to help you change your awareness. The Indigo Essences Pink Essence blends are made from love.\",\"breadcrumb\":{\"@id\":\"https:\\\/\\\/www.starremedies.com\\\/brands\\\/indigoessences\\\/pinkessenceblends\\\/#breadcrumb\"},\"inLanguage\":\"de\",\"potentialAction\":[{\"@type\":\"ReadAction\",\"target\":[\"https:\\\/\\\/www.starremedies.com\\\/brands\\\/indigoessences\\\/pinkessenceblends\\\/\"]}]},{\"@type\":\"BreadcrumbList\",\"@id\":\"https:\\\/\\\/www.starremedies.com\\\/brands\\\/indigoessences\\\/pinkessenceblends\\\/#breadcrumb\",\"itemListElement\":[{\"@type\":\"ListItem\",\"position\":1,\"name\":\"Home\",\"item\":\"https:\\\/\\\/www.starremedies.com\\\/\"},{\"@type\":\"ListItem\",\"position\":2,\"name\":\"Our Brands\",\"item\":\"https:\\\/\\\/www.starremedies.com\\\/brands\\\/\"},{\"@type\":\"ListItem\",\"position\":3,\"name\":\"Indigo Essences for children by Ann Callaghan\",\"item\":\"https:\\\/\\\/www.starremedies.com\\\/brands\\\/indigoessences\\\/\"},{\"@type\":\"ListItem\",\"position\":4,\"name\":\"Indigo Essences &#8211; Pink Essence Blends\"}]},{\"@type\":\"WebSite\",\"@id\":\"https:\\\/\\\/www.starremedies.com\\\/#website\",\"url\":\"https:\\\/\\\/www.starremedies.com\\\/\",\"name\":\"Star Remedies\",\"description\":\"\",\"publisher\":{\"@id\":\"https:\\\/\\\/www.starremedies.com\\\/#organization\"},\"potentialAction\":[{\"@type\":\"SearchAction\",\"target\":{\"@type\":\"EntryPoint\",\"urlTemplate\":\"https:\\\/\\\/www.starremedies.com\\\/?s={search_term_string}\"},\"query-input\":{\"@type\":\"PropertyValueSpecification\",\"valueRequired\":true,\"valueName\":\"search_term_string\"}}],\"inLanguage\":\"de\"},{\"@type\":\"Organization\",\"@id\":\"https:\\\/\\\/www.starremedies.com\\\/#organization\",\"name\":\"Star Remedies\",\"url\":\"https:\\\/\\\/www.starremedies.com\\\/\",\"logo\":{\"@type\":\"ImageObject\",\"inLanguage\":\"de\",\"@id\":\"https:\\\/\\\/www.starremedies.com\\\/#\\\/schema\\\/logo\\\/image\\\/\",\"url\":\"https:\\\/\\\/www.starremedies.com\\\/wp-content\\\/uploads\\\/2016\\\/02\\\/srl.gif\",\"contentUrl\":\"https:\\\/\\\/www.starremedies.com\\\/wp-content\\\/uploads\\\/2016\\\/02\\\/srl.gif\",\"width\":250,\"height\":250,\"caption\":\"Star Remedies\"},\"image\":{\"@id\":\"https:\\\/\\\/www.starremedies.com\\\/#\\\/schema\\\/logo\\\/image\\\/\"},\"sameAs\":[\"https:\\\/\\\/www.facebook.com\\\/starremedies\\\/\",\"https:\\\/\\\/www.instagram.com\\\/starremedies\\\/\"]}]}<\/script>\n<!-- \/ Yoast SEO plugin. -->","yoast_head_json":{"title":"Indigo Essenzen - Rosa Essenzmischungen - Star Remedies","description":"Ein Set von 4 Indigo-Essenzen, die dir helfen, dein Bewusstsein zu ver\u00e4ndern. Die Indigo Essences Pink Essence Mischungen sind aus Liebe gemacht.","robots":{"index":"index","follow":"follow","max-snippet":"max-snippet:-1","max-image-preview":"max-image-preview:large","max-video-preview":"max-video-preview:-1"},"canonical":"https:\/\/www.starremedies.com\/de\/brands\/indigoessences\/pinkessenceblends\/","og_locale":"de_DE","og_type":"article","og_title":"Indigo Essences - Pink Essence Blends - Star Remedies","og_description":"A set of 4 Indigo Essences made to help you change your awareness. The Indigo Essences Pink Essence blends are made from love.","og_url":"https:\/\/www.starremedies.com\/de\/brands\/indigoessences\/pinkessenceblends\/","og_site_name":"Star Remedies","article_publisher":"https:\/\/www.facebook.com\/starremedies\/","article_modified_time":"2025-02-05T09:29:07+00:00","twitter_card":"summary_large_image","schema":{"@context":"https:\/\/schema.org","@graph":[{"@type":"WebPage","@id":"https:\/\/www.starremedies.com\/brands\/indigoessences\/pinkessenceblends\/","url":"https:\/\/www.starremedies.com\/brands\/indigoessences\/pinkessenceblends\/","name":"Indigo Essenzen - Rosa Essenzmischungen - Star Remedies","isPartOf":{"@id":"https:\/\/www.starremedies.com\/#website"},"datePublished":"2016-02-21T17:06:26+00:00","dateModified":"2025-02-05T09:29:07+00:00","description":"Ein Set von 4 Indigo-Essenzen, die dir helfen, dein Bewusstsein zu ver\u00e4ndern. Die Indigo Essences Pink Essence Mischungen sind aus Liebe gemacht.","breadcrumb":{"@id":"https:\/\/www.starremedies.com\/brands\/indigoessences\/pinkessenceblends\/#breadcrumb"},"inLanguage":"de","potentialAction":[{"@type":"ReadAction","target":["https:\/\/www.starremedies.com\/brands\/indigoessences\/pinkessenceblends\/"]}]},{"@type":"BreadcrumbList","@id":"https:\/\/www.starremedies.com\/brands\/indigoessences\/pinkessenceblends\/#breadcrumb","itemListElement":[{"@type":"ListItem","position":1,"name":"Home","item":"https:\/\/www.starremedies.com\/"},{"@type":"ListItem","position":2,"name":"Our Brands","item":"https:\/\/www.starremedies.com\/brands\/"},{"@type":"ListItem","position":3,"name":"Indigo Essences for children by Ann Callaghan","item":"https:\/\/www.starremedies.com\/brands\/indigoessences\/"},{"@type":"ListItem","position":4,"name":"Indigo Essences &#8211; Pink Essence Blends"}]},{"@type":"WebSite","@id":"https:\/\/www.starremedies.com\/#website","url":"https:\/\/www.starremedies.com\/","name":"Star Remedies","description":"","publisher":{"@id":"https:\/\/www.starremedies.com\/#organization"},"potentialAction":[{"@type":"SearchAction","target":{"@type":"EntryPoint","urlTemplate":"https:\/\/www.starremedies.com\/?s={search_term_string}"},"query-input":{"@type":"PropertyValueSpecification","valueRequired":true,"valueName":"search_term_string"}}],"inLanguage":"de"},{"@type":"Organization","@id":"https:\/\/www.starremedies.com\/#organization","name":"Star Remedies","url":"https:\/\/www.starremedies.com\/","logo":{"@type":"ImageObject","inLanguage":"de","@id":"https:\/\/www.starremedies.com\/#\/schema\/logo\/image\/","url":"https:\/\/www.starremedies.com\/wp-content\/uploads\/2016\/02\/srl.gif","contentUrl":"https:\/\/www.starremedies.com\/wp-content\/uploads\/2016\/02\/srl.gif","width":250,"height":250,"caption":"Star Remedies"},"image":{"@id":"https:\/\/www.starremedies.com\/#\/schema\/logo\/image\/"},"sameAs":["https:\/\/www.facebook.com\/starremedies\/","https:\/\/www.instagram.com\/starremedies\/"]}]}},"_links":{"self":[{"href":"https:\/\/www.starremedies.com\/de\/wp-json\/wp\/v2\/pages\/3794","targetHints":{"allow":["GET"]}}],"collection":[{"href":"https:\/\/www.starremedies.com\/de\/wp-json\/wp\/v2\/pages"}],"about":[{"href":"https:\/\/www.starremedies.com\/de\/wp-json\/wp\/v2\/types\/page"}],"author":[{"embeddable":true,"href":"https:\/\/www.starremedies.com\/de\/wp-json\/wp\/v2\/users\/1"}],"replies":[{"embeddable":true,"href":"https:\/\/www.starremedies.com\/de\/wp-json\/wp\/v2\/comments?post=3794"}],"version-history":[{"count":8,"href":"https:\/\/www.starremedies.com\/de\/wp-json\/wp\/v2\/pages\/3794\/revisions"}],"predecessor-version":[{"id":27964,"href":"https:\/\/www.starremedies.com\/de\/wp-json\/wp\/v2\/pages\/3794\/revisions\/27964"}],"up":[{"embeddable":true,"href":"https:\/\/www.starremedies.com\/de\/wp-json\/wp\/v2\/pages\/3741"}],"wp:attachment":[{"href":"https:\/\/www.starremedies.com\/de\/wp-json\/wp\/v2\/media?parent=3794"}],"curies":[{"name":"wp","href":"https:\/\/api.w.org\/{rel}","templated":true}]}}