{"id":3741,"date":"2016-02-21T17:42:04","date_gmt":"2016-02-21T16:42:04","guid":{"rendered":"https:\/\/www.starremedies.com\/?page_id=3741"},"modified":"2025-02-04T13:43:02","modified_gmt":"2025-02-04T12:43:02","slug":"indigoessences","status":"publish","type":"page","link":"https:\/\/www.starremedies.com\/de\/brands\/indigoessences\/","title":{"rendered":"Indigo-Essenzen f\u00fcr Kinder von Ann Callaghan"},"content":{"rendered":"<section class=\"section section_breadcrumbs\" id=\"section_1051109479\">\n\t\t<div class=\"section-bg fill\" >\n\t\t\t\t\t\t\t\t\t\n\t\t\t\n\n\t\t<\/div>\n\n\t\t\n\n\t\t<div class=\"section-content relative\">\n\t\t\t\n<div class=\"row breadcrumbs-row\"  id=\"row-240423623\">\n\n\t<div id=\"col-1300522830\" class=\"col small-12 large-12\"  >\n\t\t\t\t<div class=\"col-inner\"  >\n\t\t\t\n\t\t\t\n\t<div id=\"text-439190860\" class=\"text breadcrumbs\">\n\t\t\n<span><span><a href=\"https:\/\/www.starremedies.com\/de\/\">Startseite<\/a><\/span><\/span>\n\t\t\t<\/div>\n\t\n\t\t<\/div>\n\t\t\t\t\t<\/div>\n\n\t\n\n<style>\n#row-240423623 > .col > .col-inner {\n  padding: 0px 0px 0px 0px;\n}\n<\/style>\n<\/div>\n\t\t<\/div>\n\n\t\t\n<style>\n#section_1051109479 {\n  padding-top: 0px;\n  padding-bottom: 0px;\n  margin-bottom: 0px;\n}\n<\/style>\n\t<\/section>\n\t\n\n\t<section class=\"section products_row\" id=\"section_573023060\">\n\t\t<div class=\"section-bg fill\" >\n\t\t\t\t\t\t\t\t\t\n\t\t\t\n\n\t\t<\/div>\n\n\t\t\n\n\t\t<div class=\"section-content relative\">\n\t\t\t\n<div class=\"row align-middle align-center\"  id=\"row-491152201\">\n\n\t<div id=\"col-1121103339\" class=\"col medium-3 small-9 large-3\"  >\n\t\t\t\t<div class=\"col-inner text-center\"  >\n\t\t\t\n\t\t\t\n\t<div class=\"img has-hover x md-x lg-x y md-y lg-y\" id=\"image_1295466054\">\n\t\t\t\t\t\t\t\t<div class=\"img-inner dark\" >\n\t\t\t<img decoding=\"async\" width=\"250\" height=\"250\" src=\"https:\/\/www.starremedies.com\/wp-content\/uploads\/2016\/02\/indigo.gif\" class=\"attachment-original size-original\" alt=\"\" \/>\t\t\t\t\t\t\n\t\t\t\t\t<\/div>\n\t\t\t\t\t\t\t\t\n<style>\n#image_1295466054 {\n  width: 50%;\n}\n<\/style>\n\t<\/div>\n\t\n\t\t<\/div>\n\t\t\t\t\t<\/div>\n\n\t\n\n\t<div id=\"col-62474511\" class=\"col small-12 large-12\"  >\n\t\t\t\t<div class=\"col-inner text-center\"  >\n\t\t\t\n\t\t\t\n\t<div id=\"text-1120864497\" class=\"text\">\n\t\t\n<h1>INDIGOESSENZEN F\u00dcR KINDER VON ANN CALLAGHAN<\/h1>\n\t\t\n<style>\n#text-1120864497 {\n  text-align: center;\n}\n<\/style>\n\t<\/div>\n\t\n\t\t<\/div>\n\t\t\t\t\t<\/div>\n\n\t\n<\/div>\n\t\t<\/div>\n\n\t\t\n<style>\n#section_573023060 {\n  padding-top: 30px;\n  padding-bottom: 30px;\n  background-color: rgb(247, 247, 247);\n}\n<\/style>\n\t<\/section>\n\t\n\n\t<section class=\"section\" id=\"section_187583957\">\n\t\t<div class=\"section-bg fill\" >\n\t\t\t\t\t\t\t\t\t\n\t\t\t\n\n\t\t<\/div>\n\n\t\t\n\n\t\t<div class=\"section-content relative\">\n\t\t\t\n<div class=\"row\"  id=\"row-227897447\">\n\n\t<div id=\"col-888138298\" class=\"col medium-9 small-12 large-9\"  >\n\t\t\t\t<div class=\"col-inner\"  >\n\t\t\t\n\t\t\t\n<h2>Was sind Indigo-Essenzen?<\/h2>\n<p>Indigo Essences sind Edelsteinessenzen, die in Irland von Ann Callaghan und ihren Cousins Ben und Mica sowie einem spirituellen Team hergestellt werden. Diese Essenzen sind speziell f\u00fcr die emotionale Unterst\u00fctzung von New-Age-Kindern (Indigo-Kindern) gemacht, auch f\u00fcr Erwachsene, um das nat\u00fcrliche, spirituelle Gleichgewicht w\u00e4hrend dieser arbeitsreichen Zeit zu erhalten.<\/p>\n<h3>Warum werden die Essenzen \"Indigo\" genannt?<\/h3>\n<p>Die Farbe \"Indigo\" wird oft als die Farbe des Himmels beschrieben, wenn ein neuer Tag beginnt. Dies ist die Zeit des Tages, in der alle Kinder geliebt und umsorgt werden und wir wir selbst sein k\u00f6nnen. So sehen wir \"Indigo\": als einen Moment in der Zeit, nicht als etwas f\u00fcr besondere Menschen. Deshalb haben wir die Essenzen \"Indigo\" genannt, weil wir hoffen, dass diese Essenzen allen Menschen in dieser gro\u00dfen Zeit des Wandels helfen werden. Stellen Sie sich vor, wie das sein w\u00fcrde! Wenn die Menschen die Kinder jetzt anders behandeln, werden wir auch die Welt ver\u00e4ndern. Diese Kinder werden sich zu Erwachsenen entwickeln, die die Welt mit Liebe, Mitgef\u00fchl und Integrit\u00e4t ohne Angst bev\u00f6lkern.<\/p>\n<p>Wenn wir die Art und Weise \u00e4ndern, wie Menschen Kinder behandeln, werden wir auch die Welt ver\u00e4ndern. Diese Kinder werden sich zu Erwachsenen entwickeln, die furchtlos die Welt mit Liebe, Mitgef\u00fchl und Integrit\u00e4t bev\u00f6lkern - stellen Sie sich vor, wie das sein w\u00fcrde!<\/p>\n<p>... und auch Erwachsene?<br \/>Viele Erwachsene haben uns gefragt, ob sie die Essenzen auch verwenden k\u00f6nnen. Nat\u00fcrlich k\u00f6nnen sie das. Im Inneren sind wir alle Kinder. Wir haben 'Invisible Friend' sogar einem Baby-Stachelschwein gegeben, das seine Mutter verloren hatte und nicht mehr fressen wollte. Kurz nachdem es die Essenz erhalten hatte, begann es wieder zu fressen und wurde gro\u00df und stark.<\/p>\n\t\t<\/div>\n\t\t\t\t\t<\/div>\n\n\t\n\n\t<div id=\"col-1126242798\" class=\"col medium-3 small-12 large-3\"  >\n\t\t\t\t<div class=\"col-inner\"  >\n\t\t\t\n\t\t\t\n\t<div class=\"img has-hover x md-x lg-x y md-y lg-y\" id=\"image_1392184297\">\n\t\t\t\t\t\t\t\t<div class=\"img-inner dark\" >\n\t\t\t<img decoding=\"async\" width=\"250\" height=\"350\" src=\"https:\/\/www.starremedies.com\/wp-content\/uploads\/2016\/02\/anncallaghan.jpg\" class=\"attachment-original size-original\" alt=\"\" srcset=\"https:\/\/www.starremedies.com\/wp-content\/uploads\/2016\/02\/anncallaghan.jpg 250w, https:\/\/www.starremedies.com\/wp-content\/uploads\/2016\/02\/anncallaghan-214x300.jpg 214w\" sizes=\"(max-width: 250px) 100vw, 250px\" \/>\t\t\t\t\t\t\n\t\t\t\t\t<\/div>\n\t\t\t\t\t\t\t\t\n<style>\n#image_1392184297 {\n  width: 100%;\n}\n<\/style>\n\t<\/div>\n\t\n\t\t<\/div>\n\t\t\t\t\t<\/div>\n\n\t\n\n\t<div id=\"col-632574660\" class=\"col small-12 large-12\"  >\n\t\t\t\t<div class=\"col-inner\"  >\n\t\t\t\n\t\t\t\n<h3>Lass die Angst los - lass die Liebe eintreten!<\/h3>\n<p>Die Edelsteine, die f\u00fcr die Indigo-Essenzen verwendet werden, haben alle mit Kindheitsthemen zu tun, insbesondere mit dem Loslassen von \u00c4ngsten, so dass sie uns helfen, ohne Sorgen zu lieben und das Licht zu sein, das wir tats\u00e4chlich sind.<\/p>\n\t\t<\/div>\n\t\t\t\t\n<style>\n#col-632574660 > .col-inner {\n  margin: 0px 0px 75px 0px;\n}\n<\/style>\n\t<\/div>\n\n\t\n<\/div>\n\t\t<\/div>\n\n\t\t\n<style>\n#section_187583957 {\n  padding-top: 30px;\n  padding-bottom: 30px;\n}\n<\/style>\n\t<\/section>\n\t\n\n\t<section class=\"section\" id=\"section_288338306\">\n\t\t<div class=\"section-bg fill\" >\n\t\t\t\t\t\t\t\t\t\n\t\t\t\n\n\t\t<\/div>\n\n\t\t\n\n\t\t<div class=\"section-content relative\">\n\t\t\t\n<div class=\"row\"  id=\"row-1041840270\">\n\n\t<div id=\"col-717210245\" class=\"col small-12 large-12\"  >\n\t\t\t\t<div class=\"col-inner\"  >\n\t\t\t\n\t\t\t\n<div class=\"container section-title-container\" ><h2 class=\"section-title section-title-bold-center\"><b aria-hidden=\"true\"><\/b><span class=\"section-title-main\" >Indigo-Essenzen - \u00dcberblick<\/span><b aria-hidden=\"true\"><\/b><\/h2><\/div>\n\t\t<\/div>\n\t\t\t\t\t<\/div>\n\n\t\n\n\t<div id=\"col-1641731520\" class=\"col medium-4 small-12 large-4\"  >\n\t\t\t\t<div class=\"col-inner\"  >\n\t\t\t\n\t\t\t\n\t<div class=\"box has-hover   has-hover box-text-bottom\" >\n\n\t\t<div class=\"box-image\" style=\"width:60%;\">\n\t\t\t<a href=\"https:\/\/www.starremedies.com\/de\/brands\/indigoessences\/individual\/\" >\t\t\t<div class=\"image-cover\" style=\"padding-top:250px;\">\n\t\t\t\t<img decoding=\"async\" width=\"250\" height=\"250\" src=\"https:\/\/www.starremedies.com\/wp-content\/uploads\/2016\/02\/Azurite.jpg\" class=\"attachment-original size-original\" alt=\"\" srcset=\"https:\/\/www.starremedies.com\/wp-content\/uploads\/2016\/02\/Azurite.jpg 250w, https:\/\/www.starremedies.com\/wp-content\/uploads\/2016\/02\/Azurite-80x80.jpg 80w, https:\/\/www.starremedies.com\/wp-content\/uploads\/2016\/02\/Azurite-36x36.jpg 36w, https:\/\/www.starremedies.com\/wp-content\/uploads\/2016\/02\/Azurite-180x180.jpg 180w, https:\/\/www.starremedies.com\/wp-content\/uploads\/2016\/02\/Azurite-120x120.jpg 120w\" sizes=\"(max-width: 250px) 100vw, 250px\" \/>\t\t\t\t\t\t\t\t\t\t\t<\/div>\n\t\t\t<\/a>\t\t<\/div>\n\n\t\t<div class=\"box-text text-center\" >\n\t\t\t<div class=\"box-text-inner\">\n\t\t\t\t\n<h3>Einzelne Essenzen<\/h3>\n<p>Die New Child Serie ist eine Sammlung von 16 Edelsteinessenzen, die speziell entwickelt wurden, um Themen auszugleichen, die mit fr\u00fchkindlichen Erfahrungen in Bezug auf das Gef\u00fchl der Unsicherheit und des Ungeliebtseins zusammenh\u00e4ngen.<\/p>\n\t\t\t<\/div>\n\t\t<\/div>\n\t<\/div>\n\t\n\t\t<\/div>\n\t\t\t\t\t<\/div>\n\n\t\n\n\t<div id=\"col-1103706717\" class=\"col medium-4 small-12 large-4\"  >\n\t\t\t\t<div class=\"col-inner\"  >\n\t\t\t\n\t\t\t\n\t<div class=\"box has-hover   has-hover box-text-bottom\" >\n\n\t\t<div class=\"box-image\" style=\"width:60%;\">\n\t\t\t<a href=\"https:\/\/www.starremedies.com\/de\/brands\/indigoessences\/combination\/\" >\t\t\t<div class=\"image-cover\" style=\"padding-top:250px;\">\n\t\t\t\t<img decoding=\"async\" width=\"250\" height=\"250\" src=\"https:\/\/www.starremedies.com\/wp-content\/uploads\/2016\/02\/Champion.jpg\" class=\"attachment-original size-original\" alt=\"\" srcset=\"https:\/\/www.starremedies.com\/wp-content\/uploads\/2016\/02\/Champion.jpg 250w, https:\/\/www.starremedies.com\/wp-content\/uploads\/2016\/02\/Champion-80x80.jpg 80w, https:\/\/www.starremedies.com\/wp-content\/uploads\/2016\/02\/Champion-36x36.jpg 36w, https:\/\/www.starremedies.com\/wp-content\/uploads\/2016\/02\/Champion-180x180.jpg 180w, https:\/\/www.starremedies.com\/wp-content\/uploads\/2016\/02\/Champion-120x120.jpg 120w\" sizes=\"(max-width: 250px) 100vw, 250px\" \/>\t\t\t\t\t\t\t\t\t\t\t<\/div>\n\t\t\t<\/a>\t\t<\/div>\n\n\t\t<div class=\"box-text text-center\" >\n\t\t\t<div class=\"box-text-inner\">\n\t\t\t\t\n<h3>Combination Essences<\/h3>\n<p>Die Kombination der Essenznamen wurde haupts\u00e4chlich von Ben und Mica (damals 11 und 10 Jahre alt) ausgew\u00e4hlt. Sie sind ein \"Ready to Use\", die emotionale Unterst\u00fctzung f\u00fcr die meisten Dinge, die oft passieren, um Kinder bieten wird<\/p>\n\t\t\t<\/div>\n\t\t<\/div>\n\t<\/div>\n\t\n\t\t<\/div>\n\t\t\t\t\t<\/div>\n\n\t\n\n\t<div id=\"col-475230458\" class=\"col medium-4 small-12 large-4\"  >\n\t\t\t\t<div class=\"col-inner\"  >\n\t\t\t\n\t\t\t\n\t<div class=\"box has-hover   has-hover box-text-bottom\" >\n\n\t\t<div class=\"box-image\" style=\"width:60%;\">\n\t\t\t<a href=\"https:\/\/www.starremedies.com\/de\/brands\/indigoessences\/chrystalseries\/\" >\t\t\t<div class=\"image-cover\" style=\"padding-top:250px;\">\n\t\t\t\t<img decoding=\"async\" width=\"250\" height=\"250\" src=\"https:\/\/www.starremedies.com\/wp-content\/uploads\/2021\/08\/Bubble-of-Love1-1.jpg\" class=\"attachment-original size-original\" alt=\"\" srcset=\"https:\/\/www.starremedies.com\/wp-content\/uploads\/2021\/08\/Bubble-of-Love1-1.jpg 250w, https:\/\/www.starremedies.com\/wp-content\/uploads\/2021\/08\/Bubble-of-Love1-1-80x80.jpg 80w\" sizes=\"(max-width: 250px) 100vw, 250px\" \/>\t\t\t\t\t\t\t\t\t\t\t<\/div>\n\t\t\t<\/a>\t\t<\/div>\n\n\t\t<div class=\"box-text text-center\" >\n\t\t\t<div class=\"box-text-inner\">\n\t\t\t\t\n<h3>Chrystal-Serie<\/h3>\n<p>Die Chrystal-Serie soll sensible Menschen unterst\u00fctzen, die sehr intensiv wahrnehmen und manchmal von der Energie anderer Menschen und \/ oder Orte \u00fcberw\u00e4ltigt werden.<\/p>\n\t\t\t<\/div>\n\t\t<\/div>\n\t<\/div>\n\t\n\t\t<\/div>\n\t\t\t\t\t<\/div>\n\n\t\n\n\t<div id=\"col-714327325\" class=\"col medium-4 small-12 large-4\"  >\n\t\t\t\t<div class=\"col-inner\"  >\n\t\t\t\n\t\t\t\n\t<div class=\"box has-hover   has-hover box-text-bottom\" >\n\n\t\t<div class=\"box-image\" style=\"width:60%;\">\n\t\t\t<a href=\"https:\/\/www.starremedies.com\/de\/brands\/indigoessences\/newenergy\/\" >\t\t\t<div class=\"image-cover\" style=\"padding-top:100%;\">\n\t\t\t\t<img decoding=\"async\" width=\"500\" height=\"500\" src=\"https:\/\/www.starremedies.com\/wp-content\/uploads\/2021\/08\/new-energy-set.jpg\" class=\"attachment-original size-original\" alt=\"\" srcset=\"https:\/\/www.starremedies.com\/wp-content\/uploads\/2021\/08\/new-energy-set.jpg 500w, https:\/\/www.starremedies.com\/wp-content\/uploads\/2021\/08\/new-energy-set-300x300.jpg 300w, https:\/\/www.starremedies.com\/wp-content\/uploads\/2021\/08\/new-energy-set-80x80.jpg 80w\" sizes=\"(max-width: 500px) 100vw, 500px\" \/>\t\t\t\t\t\t\t\t\t\t\t<\/div>\n\t\t\t<\/a>\t\t<\/div>\n\n\t\t<div class=\"box-text text-center\" >\n\t\t\t<div class=\"box-text-inner\">\n\t\t\t\t\n<h3>Neue Energie-Serie<\/h3>\n<p>Die New Energy Serien Nr. Die Serien 1 bis 7 wurden im Jahr 2001 im DragonHold hergestellt.<\/p>\n\t\t\t<\/div>\n\t\t<\/div>\n\t<\/div>\n\t\n\t\t<\/div>\n\t\t\t\t\t<\/div>\n\n\t\n\n\t<div id=\"col-1186165185\" class=\"col medium-4 small-12 large-4\"  >\n\t\t\t\t<div class=\"col-inner\"  >\n\t\t\t\n\t\t\t\n\t<div class=\"box has-hover   has-hover box-text-bottom\" >\n\n\t\t<div class=\"box-image\" style=\"width:60%;\">\n\t\t\t<a href=\"https:\/\/www.starremedies.com\/de\/brands\/indigoessences\/thegoldseries\/\" >\t\t\t<div class=\"image-cover\" style=\"padding-top:100%;\">\n\t\t\t\t<img decoding=\"async\" width=\"250\" height=\"250\" src=\"https:\/\/www.starremedies.com\/wp-content\/uploads\/2016\/02\/indigo.gif\" class=\"attachment-original size-original\" alt=\"\" \/>\t\t\t\t\t\t\t\t\t\t\t<\/div>\n\t\t\t<\/a>\t\t<\/div>\n\n\t\t<div class=\"box-text text-center\" >\n\t\t\t<div class=\"box-text-inner\">\n\t\t\t\t\n<h3>Die Gold-Serie<\/h3>\n<p>Diese Essenzen sind hier, um uns zu begleiten, wenn wir uns in die goldene Morgend\u00e4mmerung einer neuen Bewusstseinsebene auf dem Planeten Erde begeben<\/p>\n\t\t\t<\/div>\n\t\t<\/div>\n\t<\/div>\n\t\n\t\t<\/div>\n\t\t\t\t\t<\/div>\n\n\t\n\n\t<div id=\"col-478295154\" class=\"col medium-4 small-12 large-4\"  >\n\t\t\t\t<div class=\"col-inner\"  >\n\t\t\t\n\t\t\t\n\t<div class=\"box has-hover   has-hover box-text-bottom\" >\n\n\t\t<div class=\"box-image\" style=\"width:78%;\">\n\t\t\t<a href=\"https:\/\/www.starremedies.com\/de\/brands\/indigoessences\/pinkessenceblends\/\" >\t\t\t<div class=\"\" >\n\t\t\t\t<img decoding=\"async\" width=\"316\" height=\"247\" src=\"https:\/\/www.starremedies.com\/wp-content\/uploads\/2016\/02\/indigo-pink.gif\" class=\"attachment-original size-original\" alt=\"\" \/>\t\t\t\t\t\t\t\t\t\t\t<\/div>\n\t\t\t<\/a>\t\t<\/div>\n\n\t\t<div class=\"box-text text-center\" >\n\t\t\t<div class=\"box-text-inner\">\n\t\t\t\t\n<h3>Rosa Essenzen-Mischungen<\/h3>\n<p>Ein Set von vier Essenzmischungen, die dir helfen, die letzten Vorbereitungen f\u00fcr deinen Bewusstseinswandel zu treffen.<\/p>\n\t\t\t<\/div>\n\t\t<\/div>\n\t<\/div>\n\t\n\t\t<\/div>\n\t\t\t\t\t<\/div>\n\n\t\n\n\t<div id=\"col-784843130\" class=\"col small-12 large-12\"  >\n\t\t\t\t<div class=\"col-inner\"  >\n\t\t\t\n\t\t\t\n\t<div id=\"gap-191203182\" class=\"gap-element clearfix\" style=\"display:block; height:auto;\">\n\t\t\n<style>\n#gap-191203182 {\n  padding-top: 75px;\n}\n<\/style>\n\t<\/div>\n\t\n<div class=\"is-divider divider clearfix\" style=\"max-width:100%;height:1px;\"><\/div>\n\t<div id=\"gap-2063760576\" class=\"gap-element clearfix\" style=\"display:block; height:auto;\">\n\t\t\n<style>\n#gap-2063760576 {\n  padding-top: 75px;\n}\n<\/style>\n\t<\/div>\n\t\n\t\t<\/div>\n\t\t\t\t\t<\/div>\n\n\t\n\n\t<div id=\"col-1149406599\" class=\"col medium-4 small-12 large-4\"  >\n\t\t\t\t<div class=\"col-inner\"  >\n\t\t\t\n\t\t\t\n<h3>emotionale Unterst\u00fctzung!<\/h3>\n<p>Die Indigo-Essenzen k\u00f6nnen der ganzen Familie erfolgreich helfen und sie durch schwierige Zeiten f\u00fchren. Und zu guter Letzt, haben Sie ein wenig Spa\u00df! Wenn Sie extrem angespannt sind, werfen Sie einen Blick auf die Essenz-Plurk-Kombination.<\/p>\n\t\t<\/div>\n\t\t\t\t\t<\/div>\n\n\t\n\n\t<div id=\"col-1479242582\" class=\"col medium-4 small-12 large-4\"  >\n\t\t\t\t<div class=\"col-inner\"  >\n\t\t\t\n\t\t\t\n<h3>Licht<\/h3>\n<p>Einige der Essenzen helfen auch bei unangenehmen Gef\u00fchlen, wenn unser K\u00f6rper seine Energie ver\u00e4ndert und leichter wird.<\/p>\n\t\t<\/div>\n\t\t\t\t\t<\/div>\n\n\t\n\n\t<div id=\"col-1488188872\" class=\"col medium-4 small-12 large-4\"  >\n\t\t\t\t<div class=\"col-inner\"  >\n\t\t\t\n\t\t\t\n<h3>Sparsamkeit<\/h3>\n<p>Die Essenzen helfen sehr sensiblen Kindern, sich sicher und wohl zu f\u00fchlen, w\u00e4hrend sich ihr K\u00f6rper an die Energien in der Welt um sie herum anpasst.<\/p>\n\t\t<\/div>\n\t\t\t\t\t<\/div>\n\n\t\n\n\t<div id=\"col-1575139594\" class=\"col small-12 large-12\"  >\n\t\t\t\t<div class=\"col-inner\"  >\n\t\t\t\n\t\t\t\n\t<div id=\"gap-561020296\" class=\"gap-element clearfix\" style=\"display:block; height:auto;\">\n\t\t\n<style>\n#gap-561020296 {\n  padding-top: 75px;\n}\n<\/style>\n\t<\/div>\n\t\n<div class=\"is-divider divider clearfix\" style=\"max-width:100%;height:1px;\"><\/div>\n\t<div id=\"gap-1639592199\" class=\"gap-element clearfix\" style=\"display:block; height:auto;\">\n\t\t\n<style>\n#gap-1639592199 {\n  padding-top: 75px;\n}\n<\/style>\n\t<\/div>\n\t\n\t\t<\/div>\n\t\t\t\t\t<\/div>\n\n\t\n\n\t<div id=\"col-577588142\" class=\"col small-12 large-12\"  >\n\t\t\t\t<div class=\"col-inner\"  >\n\t\t\t\n\t\t\t\n<h2>Indigo-Essenzen kaufen<\/h2>\n<p>Indigo-Essenzen k\u00f6nnen separat bestellt werden bei <a href=\"https:\/\/www.starremediesshop.com\/de\/indigoessences\/\" target=\"_blank\" rel=\"noopener\">https:\/\/www.starremediesshop.com\/<\/a><\/p>\n<p>Sie sind Unternehmer, Fachmann oder Therapeut und interessieren sich f\u00fcr Star Remedies Produkte. <a href=\"https:\/\/www.starremedies.com\/de\/companies\/\">Anmeldung \u00fcber das Anmeldeformular f\u00fcr Unternehmen<\/a> und f\u00fcr Therapeuten und Fachleute, <a href=\"https:\/\/www.starremedies.com\/de\/companies\/\">das Anmeldeformular f\u00fcr Fachleute<\/a>.<\/p>\n\t\t<\/div>\n\t\t\t\t\n<style>\n#col-577588142 > .col-inner {\n  padding: 0px 0px 75px 0px;\n}\n<\/style>\n\t<\/div>\n\n\t\n<\/div>\n\t\t<\/div>\n\n\t\t\n<style>\n#section_288338306 {\n  padding-top: 0px;\n  padding-bottom: 0px;\n}\n<\/style>\n\t<\/section>","protected":false},"excerpt":{"rendered":"","protected":false},"author":1,"featured_media":0,"parent":4107,"menu_order":0,"comment_status":"closed","ping_status":"closed","template":"page-blank.php","meta":{"footnotes":""},"class_list":["post-3741","page","type-page","status-publish","hentry"],"yoast_head":"<!-- This site is optimized with the Yoast SEO plugin v27.5 - https:\/\/yoast.com\/product\/yoast-seo-wordpress\/ -->\n<title>Indigo Essences for children by Ann Callaghan - Star Remedies<\/title>\n<meta name=\"description\" content=\"Indigo Essences voor kinderen worden gemaakt door Ann Callaghan in Ierland. De essences zijn de perfecte emotionele ondersteuning voor hoog sensitieve mensen.\" \/>\n<meta name=\"robots\" content=\"index, follow, max-snippet:-1, max-image-preview:large, max-video-preview:-1\" \/>\n<link rel=\"canonical\" href=\"https:\/\/www.starremedies.com\/de\/brands\/indigoessences\/\" \/>\n<meta property=\"og:locale\" content=\"de_DE\" \/>\n<meta property=\"og:type\" content=\"article\" \/>\n<meta property=\"og:title\" content=\"Indigo Essences for children by Ann Callaghan - Star Remedies\" \/>\n<meta property=\"og:description\" content=\"Indigo Essences voor kinderen worden gemaakt door Ann Callaghan in Ierland. De essences zijn de perfecte emotionele ondersteuning voor hoog sensitieve mensen.\" \/>\n<meta property=\"og:url\" content=\"https:\/\/www.starremedies.com\/de\/brands\/indigoessences\/\" \/>\n<meta property=\"og:site_name\" content=\"Star Remedies\" \/>\n<meta property=\"article:publisher\" content=\"https:\/\/www.facebook.com\/starremedies\/\" \/>\n<meta property=\"article:modified_time\" content=\"2025-02-04T12:43:02+00:00\" \/>\n<meta name=\"twitter:card\" content=\"summary_large_image\" \/>\n<script type=\"application\/ld+json\" class=\"yoast-schema-graph\">{\"@context\":\"https:\\\/\\\/schema.org\",\"@graph\":[{\"@type\":\"WebPage\",\"@id\":\"https:\\\/\\\/www.starremedies.com\\\/brands\\\/indigoessences\\\/\",\"url\":\"https:\\\/\\\/www.starremedies.com\\\/brands\\\/indigoessences\\\/\",\"name\":\"Indigo Essences for children by Ann Callaghan - Star Remedies\",\"isPartOf\":{\"@id\":\"https:\\\/\\\/www.starremedies.com\\\/#website\"},\"datePublished\":\"2016-02-21T16:42:04+00:00\",\"dateModified\":\"2025-02-04T12:43:02+00:00\",\"description\":\"Indigo Essences voor kinderen worden gemaakt door Ann Callaghan in Ierland. De essences zijn de perfecte emotionele ondersteuning voor hoog sensitieve mensen.\",\"breadcrumb\":{\"@id\":\"https:\\\/\\\/www.starremedies.com\\\/brands\\\/indigoessences\\\/#breadcrumb\"},\"inLanguage\":\"de\",\"potentialAction\":[{\"@type\":\"ReadAction\",\"target\":[\"https:\\\/\\\/www.starremedies.com\\\/brands\\\/indigoessences\\\/\"]}]},{\"@type\":\"BreadcrumbList\",\"@id\":\"https:\\\/\\\/www.starremedies.com\\\/brands\\\/indigoessences\\\/#breadcrumb\",\"itemListElement\":[{\"@type\":\"ListItem\",\"position\":1,\"name\":\"Home\",\"item\":\"https:\\\/\\\/www.starremedies.com\\\/\"},{\"@type\":\"ListItem\",\"position\":2,\"name\":\"Our Brands\",\"item\":\"https:\\\/\\\/www.starremedies.com\\\/brands\\\/\"},{\"@type\":\"ListItem\",\"position\":3,\"name\":\"Indigo Essences for children by Ann Callaghan\"}]},{\"@type\":\"WebSite\",\"@id\":\"https:\\\/\\\/www.starremedies.com\\\/#website\",\"url\":\"https:\\\/\\\/www.starremedies.com\\\/\",\"name\":\"Star Remedies\",\"description\":\"\",\"publisher\":{\"@id\":\"https:\\\/\\\/www.starremedies.com\\\/#organization\"},\"potentialAction\":[{\"@type\":\"SearchAction\",\"target\":{\"@type\":\"EntryPoint\",\"urlTemplate\":\"https:\\\/\\\/www.starremedies.com\\\/?s={search_term_string}\"},\"query-input\":{\"@type\":\"PropertyValueSpecification\",\"valueRequired\":true,\"valueName\":\"search_term_string\"}}],\"inLanguage\":\"de\"},{\"@type\":\"Organization\",\"@id\":\"https:\\\/\\\/www.starremedies.com\\\/#organization\",\"name\":\"Star Remedies\",\"url\":\"https:\\\/\\\/www.starremedies.com\\\/\",\"logo\":{\"@type\":\"ImageObject\",\"inLanguage\":\"de\",\"@id\":\"https:\\\/\\\/www.starremedies.com\\\/#\\\/schema\\\/logo\\\/image\\\/\",\"url\":\"https:\\\/\\\/www.starremedies.com\\\/wp-content\\\/uploads\\\/2016\\\/02\\\/srl.gif\",\"contentUrl\":\"https:\\\/\\\/www.starremedies.com\\\/wp-content\\\/uploads\\\/2016\\\/02\\\/srl.gif\",\"width\":250,\"height\":250,\"caption\":\"Star Remedies\"},\"image\":{\"@id\":\"https:\\\/\\\/www.starremedies.com\\\/#\\\/schema\\\/logo\\\/image\\\/\"},\"sameAs\":[\"https:\\\/\\\/www.facebook.com\\\/starremedies\\\/\",\"https:\\\/\\\/www.instagram.com\\\/starremedies\\\/\"]}]}<\/script>\n<!-- \/ Yoast SEO plugin. -->","yoast_head_json":{"title":"Indigo-Essenzen f\u00fcr Kinder von Ann Callaghan - Star Remedies","description":"Die Indigo-Essenzen f\u00fcr Kinder wurden von Ann Callaghan in Irland hergestellt. Die Essenzen sind die perfekte emotionale Unterst\u00fctzung f\u00fcr hochsensible Menschen.","robots":{"index":"index","follow":"follow","max-snippet":"max-snippet:-1","max-image-preview":"max-image-preview:large","max-video-preview":"max-video-preview:-1"},"canonical":"https:\/\/www.starremedies.com\/de\/brands\/indigoessences\/","og_locale":"de_DE","og_type":"article","og_title":"Indigo Essences for children by Ann Callaghan - Star Remedies","og_description":"Indigo Essences voor kinderen worden gemaakt door Ann Callaghan in Ierland. De essences zijn de perfecte emotionele ondersteuning voor hoog sensitieve mensen.","og_url":"https:\/\/www.starremedies.com\/de\/brands\/indigoessences\/","og_site_name":"Star Remedies","article_publisher":"https:\/\/www.facebook.com\/starremedies\/","article_modified_time":"2025-02-04T12:43:02+00:00","twitter_card":"summary_large_image","schema":{"@context":"https:\/\/schema.org","@graph":[{"@type":"WebPage","@id":"https:\/\/www.starremedies.com\/brands\/indigoessences\/","url":"https:\/\/www.starremedies.com\/brands\/indigoessences\/","name":"Indigo-Essenzen f\u00fcr Kinder von Ann Callaghan - Star Remedies","isPartOf":{"@id":"https:\/\/www.starremedies.com\/#website"},"datePublished":"2016-02-21T16:42:04+00:00","dateModified":"2025-02-04T12:43:02+00:00","description":"Die Indigo-Essenzen f\u00fcr Kinder wurden von Ann Callaghan in Irland hergestellt. Die Essenzen sind die perfekte emotionale Unterst\u00fctzung f\u00fcr hochsensible Menschen.","breadcrumb":{"@id":"https:\/\/www.starremedies.com\/brands\/indigoessences\/#breadcrumb"},"inLanguage":"de","potentialAction":[{"@type":"ReadAction","target":["https:\/\/www.starremedies.com\/brands\/indigoessences\/"]}]},{"@type":"BreadcrumbList","@id":"https:\/\/www.starremedies.com\/brands\/indigoessences\/#breadcrumb","itemListElement":[{"@type":"ListItem","position":1,"name":"Home","item":"https:\/\/www.starremedies.com\/"},{"@type":"ListItem","position":2,"name":"Our Brands","item":"https:\/\/www.starremedies.com\/brands\/"},{"@type":"ListItem","position":3,"name":"Indigo Essences for children by Ann Callaghan"}]},{"@type":"WebSite","@id":"https:\/\/www.starremedies.com\/#website","url":"https:\/\/www.starremedies.com\/","name":"Star Remedies","description":"","publisher":{"@id":"https:\/\/www.starremedies.com\/#organization"},"potentialAction":[{"@type":"SearchAction","target":{"@type":"EntryPoint","urlTemplate":"https:\/\/www.starremedies.com\/?s={search_term_string}"},"query-input":{"@type":"PropertyValueSpecification","valueRequired":true,"valueName":"search_term_string"}}],"inLanguage":"de"},{"@type":"Organization","@id":"https:\/\/www.starremedies.com\/#organization","name":"Star Remedies","url":"https:\/\/www.starremedies.com\/","logo":{"@type":"ImageObject","inLanguage":"de","@id":"https:\/\/www.starremedies.com\/#\/schema\/logo\/image\/","url":"https:\/\/www.starremedies.com\/wp-content\/uploads\/2016\/02\/srl.gif","contentUrl":"https:\/\/www.starremedies.com\/wp-content\/uploads\/2016\/02\/srl.gif","width":250,"height":250,"caption":"Star Remedies"},"image":{"@id":"https:\/\/www.starremedies.com\/#\/schema\/logo\/image\/"},"sameAs":["https:\/\/www.facebook.com\/starremedies\/","https:\/\/www.instagram.com\/starremedies\/"]}]}},"_links":{"self":[{"href":"https:\/\/www.starremedies.com\/de\/wp-json\/wp\/v2\/pages\/3741","targetHints":{"allow":["GET"]}}],"collection":[{"href":"https:\/\/www.starremedies.com\/de\/wp-json\/wp\/v2\/pages"}],"about":[{"href":"https:\/\/www.starremedies.com\/de\/wp-json\/wp\/v2\/types\/page"}],"author":[{"embeddable":true,"href":"https:\/\/www.starremedies.com\/de\/wp-json\/wp\/v2\/users\/1"}],"replies":[{"embeddable":true,"href":"https:\/\/www.starremedies.com\/de\/wp-json\/wp\/v2\/comments?post=3741"}],"version-history":[{"count":11,"href":"https:\/\/www.starremedies.com\/de\/wp-json\/wp\/v2\/pages\/3741\/revisions"}],"predecessor-version":[{"id":27934,"href":"https:\/\/www.starremedies.com\/de\/wp-json\/wp\/v2\/pages\/3741\/revisions\/27934"}],"up":[{"embeddable":true,"href":"https:\/\/www.starremedies.com\/de\/wp-json\/wp\/v2\/pages\/4107"}],"wp:attachment":[{"href":"https:\/\/www.starremedies.com\/de\/wp-json\/wp\/v2\/media?parent=3741"}],"curies":[{"name":"wp","href":"https:\/\/api.w.org\/{rel}","templated":true}]}}