{"id":3602,"date":"2016-02-21T12:15:39","date_gmt":"2016-02-21T11:15:39","guid":{"rendered":"https:\/\/www.starremedies.com\/?page_id=3602"},"modified":"2025-02-06T10:45:33","modified_gmt":"2025-02-06T09:45:33","slug":"bachflowersbydietmarkramer","status":"publish","type":"page","link":"https:\/\/www.starremedies.com\/de\/bachflowersbydietmarkramer\/","title":{"rendered":"Die Wechselbeziehungen zwischen Bachbl\u00fcten von Dietmar Kr\u00e4mer"},"content":{"rendered":"<section class=\"section section_breadcrumbs\" id=\"section_532824229\">\n\t\t<div class=\"section-bg fill\" >\n\t\t\t\t\t\t\t\t\t\n\t\t\t\n\n\t\t<\/div>\n\n\t\t\n\n\t\t<div class=\"section-content relative\">\n\t\t\t\n<div class=\"row breadcrumbs-row\"  id=\"row-1674865668\">\n\n\t<div id=\"col-122674765\" class=\"col small-12 large-12\"  >\n\t\t\t\t<div class=\"col-inner\"  >\n\t\t\t\n\t\t\t\n\t<div id=\"text-3209882006\" class=\"text breadcrumbs\">\n\t\t\n<span><span><a href=\"https:\/\/www.starremedies.com\/de\/\">Startseite<\/a><\/span><\/span>\n\t\t\t<\/div>\n\t\n\t\t<\/div>\n\t\t\t\t\t<\/div>\n\n\t\n\n<style>\n#row-1674865668 > .col > .col-inner {\n  padding: 0px 0px 0px 0px;\n}\n<\/style>\n<\/div>\n\t\t<\/div>\n\n\t\t\n<style>\n#section_532824229 {\n  padding-top: 0px;\n  padding-bottom: 0px;\n  margin-bottom: 0px;\n}\n<\/style>\n\t<\/section>\n\t\n\n\t<section class=\"section products_row\" id=\"section_1999032657\">\n\t\t<div class=\"section-bg fill\" >\n\t\t\t\t\t\t\t\t\t\n\t\t\t\n\n\t\t<\/div>\n\n\t\t\n\n\t\t<div class=\"section-content relative\">\n\t\t\t\n<div class=\"row align-middle align-center\"  id=\"row-936039359\">\n\n\t<div id=\"col-329554440\" class=\"col medium-2 small-12 large-2\"  >\n\t\t\t\t<div class=\"col-inner text-center\"  >\n\t\t\t\n\t\t\t\n\t<div class=\"img has-hover x md-x lg-x y md-y lg-y\" id=\"image_163389724\">\n\t\t\t\t\t\t\t\t<div class=\"img-inner dark\" >\n\t\t\t<img decoding=\"async\" width=\"90\" height=\"124\" src=\"https:\/\/www.starremedies.com\/wp-content\/uploads\/2016\/02\/Foto_1.jpg\" class=\"attachment-original size-original\" alt=\"\" \/>\t\t\t\t\t\t\n\t\t\t\t\t<\/div>\n\t\t\t\t\t\t\t\t\n<style>\n#image_163389724 {\n  width: 100%;\n}\n<\/style>\n\t<\/div>\n\t\n\t\t<\/div>\n\t\t\t\t\t<\/div>\n\n\t\n\n\t<div id=\"col-534924054\" class=\"col small-12 large-12\"  >\n\t\t\t\t<div class=\"col-inner text-center\"  >\n\t\t\t\n\t\t\t\n\t<div id=\"text-1326197112\" class=\"text\">\n\t\t\n<h1>DIE BEZIEHUNGEN ZWISCHEN DEN BLUMEN VON BACH VON DIETMAR KR\u00c4MER<\/h1>\n\t\t\n<style>\n#text-1326197112 {\n  text-align: center;\n}\n<\/style>\n\t<\/div>\n\t\n\t\t<\/div>\n\t\t\t\t\t<\/div>\n\n\t\n<\/div>\n\t\t<\/div>\n\n\t\t\n<style>\n#section_1999032657 {\n  padding-top: 30px;\n  padding-bottom: 30px;\n  background-color: rgb(247, 247, 247);\n}\n<\/style>\n\t<\/section>\n\t\n\n\t<section class=\"section\" id=\"section_169392987\">\n\t\t<div class=\"section-bg fill\" >\n\t\t\t\t\t\t\t\t\t\n\t\t\t\n\n\t\t<\/div>\n\n\t\t\n\n\t\t<div class=\"section-content relative\">\n\t\t\t\n<div class=\"row\"  id=\"row-668203801\">\n\n\t<div id=\"col-1747949246\" class=\"col small-12 large-12\"  >\n\t\t\t\t<div class=\"col-inner\"  >\n\t\t\t\n\t\t\t\n<h2 style=\"text-align: center;\">Die Beziehungen, Diagnose und Anwendung<\/h2>\n<h3>Die Beziehungen zwischen den Bachbl\u00fctenessenzen und den Hautzonen<\/h3>\n<p>Nach jahrelanger Forschung hat Dietmar Kr\u00e4mer den K\u00f6rper in 243 Hautzonen eingeteilt, die jeweils einer Bachbl\u00fctenessenz entsprechen. Schon Edward Bach behandelte Patienten mit Kompressen mit Bachbl\u00fcten. Bach dachte, die Methode sollte so einfach wie m\u00f6glich sein. \"Wenn ich hungrig bin, gehe ich in den Garten und pfl\u00fccke einen Salatkopf. Wenn ich Angst habe, nehme ich eine Dosis Mimulus.\" Die Hautzonentherapie der Bachbl\u00fcten macht die Behandlung noch einfacher. Die in Frage kommenden Essenzen k\u00f6nnen direkt am K\u00f6rper abgelesen werden - nur anhand des Ortes der Beschwerden. Es kommen regelm\u00e4\u00dfig Menschen, die einen \"spastischen Darm\" haben, die eine unangenehme Stelle auf der linken Seite des Bauches angeben. Die Hautzone ist Mimulus. Durch die Behandlung mit z.B. Kompressen oder Creme auf dieser Stelle, verschwindet die unangenehme Stelle und die Person hat keine Probleme mehr mit dem Darm.<\/p>\n<div class=\"is-divider divider clearfix\" style=\"margin-top:35px;margin-bottom:35px;\"><\/div>\n<h3>Die Beziehung zwischen Bachbl\u00fctenessenzen und Meridianen<\/h3>\n<p>Bei der Einnahme ganzer Sporen traten oft Reaktionen auf, die sich nicht mit der Theorie der Bachbl\u00fctentherapie, sondern mit der Akupunkturtheorie und der Theorie der Hom\u00f6opathie erkl\u00e4ren lassen. Dietmar Kr\u00e4mer untersucht systematisch die Folgen, die die Einnahme der ganzen Sporen mit sich brachte. Er stellte z.B. fest, dass sich negative Stimmungen trotz der Einnahme der richtigen Essenzen weiter verschlechterten - eine Reaktion, die man nur aus der Hom\u00f6opathie kennt. So kam es z.B. bei der Einnahme von Olive und Impatiens zu einer Verbesserung des Zustands, bei gleichzeitiger Einnahme von Impatiens, Olive und Eiche verschlechterte sich die Situation. Betrachtet man die \u00c4hnlichkeit zwischen der Impatiens-Spur und dem Lebermeridian, so ist ein wichtiger Hinweis auf diesen Meridian: Ersch\u00f6pfungszust\u00e4nde, w\u00e4hrend die Impatiens-Spur kurz als die Bl\u00fctenspur der k\u00f6rperlichen \u00dcberlastung und des Raubbaus am K\u00f6rper beschrieben werden kann. Es wird deutlich, dass niemals eine Spur genommen werden kann, sondern nur eine Spurkombination mit den \u00e4u\u00dferen Essenzen entsprechend dem Zyklus der Wandlungen.<\/p>\n<p>Die von Dr. Bach beschriebenen 38 archetypischen negativen Seelenvorstellungen gelten auch f\u00fcr andere Ebenen der therapeutischen Wirksamkeit. Nach vielen Untersuchungen fand Kr\u00e4mer heraus, dass 38 Edelsteine auf der geistigen Ebene und 38 \u00e4therische \u00d6le auf der emotionalen Ebene wirken. Die verschiedenen K\u00f6rper des Menschen und die Heilmethoden, die auf sie wirken.<\/p>\n<div class=\"is-divider divider clearfix\" style=\"margin-top:35px;margin-bottom:35px;\"><\/div>\n<h3>Die Beziehung zwischen Bachbl\u00fctenessenzen und Chakren<\/h3>\n<p>Man hat herausgefunden, dass die Chakren den Energiekontrollzyklus in den Meridianen steuern: Dies ist ein noch unentdeckter Aspekt der Funktion der Chakren. Dr. Bach hat deshalb nach einem Heilmittel f\u00fcr chronische Krankheiten gesucht. Die Methode von Dietmar Kr\u00e4mer behandelt chronische Beschwerden. Die M\u00f6glichkeiten mit Heilmitteln scheinen wirklich grenzenlos zu sein. Es wird auch oft behauptet.... Wenn man eine tiefe Niedergeschlagenheit ohne erkennbare Ursache hat, kann man diese und jene Essenzen nehmen. Die lange Zeit, die ich mit Essenzen gearbeitet habe, hat gezeigt, dass es 19 Gem\u00fctszust\u00e4nde gibt, aus denen tiefe Niedergeschlagenheit ohne erkennbare Ursache kommen kann. Eine gute und analytische Anamnese ist daher auch sehr wichtig. Ich selbst bin sein Mitarbeiter und wir haben gemeinsam das C.I.N.T., das internationale Zentrum f\u00fcr neue Therapien, gegr\u00fcndet und es wird in Deutschland, \u00d6sterreich, der Schweiz, Italien, den Niederlanden und Belgien ausgebildet.<\/p>\n<div class=\"is-divider divider clearfix\" style=\"margin-top:35px;margin-bottom:35px;\"><\/div>\n<h3>Ber\u00fccksichtigen Sie die Beziehungen zwischen den Blumen<\/h3>\n<p>Die Beziehungen zwischen den Bl\u00fcten erm\u00f6glichen es, festzustellen, welche Bl\u00fcte die oberfl\u00e4chliche Seite einer Beschwerde und welche die tiefere Ursache abdeckt. Auf diese Weise wird eine hierarchische Klassifizierung erstellt, die die k\u00fcnftige Therapie bestimmt. Dies ist ein sehr wichtiges Hilfsmittel, vor allem, wenn der Patient scheinbar eine gro\u00dfe Anzahl von Bl\u00fcten ben\u00f6tigt und nicht wei\u00df, wo er anfangen soll. Wenn die eigentlichen Beschwerden beseitigt sind, kann diese Klassifizierung genutzt werden, um herauszufinden, welche versteckten negativen Seelenkonzepte zu den bestehenden Beschwerden gef\u00fchrt haben. Auf diese Weise k\u00f6nnen wir, falls gew\u00fcnscht, die Therapie mit dem Ziel der Bewusstseinserweiterung fortsetzen.<\/p>\n<div class=\"is-divider divider clearfix\" style=\"margin-top:35px;margin-bottom:35px;\"><\/div>\n<h3>Diagnose nach den Hautpartien der Bachbl\u00fcten<\/h3>\n<p>Jeder Bl\u00fcte sind Zonen auf der Haut zugeordnet, vergleichbar mit den Reflexzonen der F\u00fc\u00dfe. Bei negativen Stimmungen kommt es an diesen Stellen zu Ver\u00e4nderungen in der energetischen Struktur, oft begleitet von Schmerzen oder Sensibilit\u00e4tsst\u00f6rungen. Auf diese Weise k\u00f6nnen wir Bl\u00fctendiagnosen allein aufgrund des Ortes stellen.<\/p>\n<div class=\"is-divider divider clearfix\" style=\"margin-top:35px;margin-bottom:35px;\"><\/div>\n<h3>Anwendungen der Bachbl\u00fcten auf der Haut<\/h3>\n<p>Durch das direkte Auftragen der entsprechenden Bl\u00fcten (in verd\u00fcnnter Zusammensetzung) auf die gest\u00f6rten Zonen k\u00f6nnen wir die Wirkung der Bl\u00fcten erheblich steigern. Auf diese Weise erholen sich nicht nur negative Stimmungen viel schneller als bei der Einnahme von Tropfen, sondern auch k\u00f6rperliche Beschwerden verschwinden meist sofort nach dem Auftragen der Bl\u00fcten auf die Haut. Die Bachbl\u00fctentherapie ist also nicht nur Seelenhygiene zur \"Harmonisierung der Psyche\", wie sie oft empfohlen wird, sondern auch eine Therapie zur Behandlung von k\u00f6rperlichen Beschwerden.<\/p>\n<div class=\"is-divider divider clearfix\" style=\"margin-top:35px;margin-bottom:35px;\"><\/div>\n<h3>Objektive Diagnosem\u00f6glichkeiten<\/h3>\n<p>Zwischen den Bachbl\u00fctenbahnen einerseits, die sich aus den wechselseitigen Beziehungen zwischen den Bachbl\u00fcten ergeben, und den Akupunkturmeridianen andererseits bestehen Entsprechungen im Management. Letztlich sind Meridian- und Bachbl\u00fctenbahnen Manifestationen desselben Prinzips, aber auf zwei unterschiedlichen Schwingungsebenen. Diese Tatsache er\u00f6ffnet eine ganze Reihe von neuen diagnostischen und therapeutischen M\u00f6glichkeiten. Zum Beispiel k\u00f6nnen wir aus dem Verlauf des Meridians ableiten, welche Bl\u00fctenspuren wir ben\u00f6tigen. Gleiches gilt f\u00fcr die chinesische Meridianuhr, die bei Beschwerden, die zu einem bestimmten Zeitpunkt auftreten, Anhaltspunkte f\u00fcr die Wahl der richtigen Bachbl\u00fcten bietet. Mit Hilfe der von Dietmar Kramer neu entdeckten Test- und Therapiepunkte auf den Mondlinien, den Gegenst\u00fccken zu den Akupunkturmeridianen auf einer noch feinstofflicheren Ebene, k\u00f6nnen wir eine objektive Bachbl\u00fcten-Diagnose stellen, gerade auch bei schwieriger zu diagnostizierenden F\u00e4llen. Auf diese Weise erholen sich nicht nur negative Stimmungen viel schneller als bei der Einnahme von Tropfen, sondern auch k\u00f6rperliche Beschwerden k\u00f6nnen nach dem Auftragen der Bl\u00fcten auf die Haut meist schneller verschwinden.<\/p>\n\t\t<\/div>\n\t\t\t\t\t<\/div>\n\n\t\n<\/div>\n<div class=\"row\"  id=\"row-1447348355\">\n\n\t<div id=\"col-739966058\" class=\"col medium-6 small-12 large-3\"  >\n\t\t\t\t<div class=\"col-inner\"  >\n\t\t\t\n\t\t\t\n<h4>Unterst\u00fctzt mit<\/h4>\n<ul>\n<li>Emotionale Stimmungsschwankungen<\/li>\n<li>Probleme mit dem Wandel<\/li>\n<li>Sich an neue Situationen anpassen<\/li>\n<li>\u00c4ngste mit bekannter und unbekannter Ursache<\/li>\n<li>Emotionale \u00dcberlastung<\/li>\n<li>Negatives pers\u00f6nliches Selbstbild<\/li>\n<li>Emotionale Traumata<\/li>\n<\/ul>\n\t\t<\/div>\n\t\t\t\t\t<\/div>\n\n\t\n\n\t<div id=\"col-1990000331\" class=\"col medium-6 small-12 large-3\"  >\n\t\t\t\t<div class=\"col-inner\"  >\n\t\t\t\n\t\t\t\n<h4>Behandlung und Ergebnis<\/h4>\n<p>Emotionale Ungleichgewichte, die sich im Laufe der Jahre aufgebaut haben, lassen sich nicht innerhalb weniger Tage beseitigen. Es gilt die Regel, dass die Anzahl der Jahre, in denen man sich mit etwas besch\u00e4ftigt hat, die Anzahl der Monate ist, die es dauert, bis das Problem gel\u00f6st ist.<\/p>\n\t\t<\/div>\n\t\t\t\t\t<\/div>\n\n\t\n\n\t<div id=\"col-712633795\" class=\"col medium-6 small-12 large-3\"  >\n\t\t\t\t<div class=\"col-inner\"  >\n\t\t\t\n\t\t\t\n<h4>Anamnese<\/h4>\n<p>Es ist immer wichtig, eine gute Diagnose zu stellen und so die Ursache der emotionalen Probleme zu ermitteln. So kann man gr\u00fcndlich mit Emotionen arbeiten und die bestehenden emotionalen Probleme l\u00f6sen.<\/p>\n\t\t<\/div>\n\t\t\t\t\t<\/div>\n\n\t\n\n\t<div id=\"col-1504039646\" class=\"col medium-6 small-12 large-3\"  >\n\t\t\t\t<div class=\"col-inner\"  >\n\t\t\t\n\t\t\t\n<h4>Der Mensch im Mittelpunkt<\/h4>\n<p>Bei der Bachbl\u00fctentherapie steht der Mensch im Mittelpunkt und nicht das Symptom. Bachbl\u00fcten sind in der Lage, die zugrunde liegenden Probleme des Ungleichgewichts zu bek\u00e4mpfen. Bachbl\u00fctenessenzen und Bachbl\u00fctentherapie verwandeln negative Gem\u00fctszust\u00e4nde in positive Qualit\u00e4ten.<\/p>\n\t\t<\/div>\n\t\t\t\t\t<\/div>\n\n\t\n\n\t<div id=\"col-1608964797\" class=\"col small-12 large-12\"  >\n\t\t\t\t<div class=\"col-inner\"  >\n\t\t\t\n\t\t\t\n<div class=\"message-box relative dark\" style=\"padding-top:10px;padding-bottom:10px;\"><div class=\"message-box-bg-image bg-fill fill\" ><\/div><div class=\"message-box-bg-overlay bg-fill fill\" style=\"background-color:rgb(87, 117, 53);\"><\/div><div class=\"container relative\"><div class=\"inner last-reset\">\n<div class=\"row align-middle align-center\"  id=\"row-241614508\">\n\n\t<div id=\"col-1527223569\" class=\"col medium-2 small-12 large-2\"  >\n\t\t\t\t<div class=\"col-inner text-center\"  >\n\t\t\t\n\t\t\t\n<p><span style=\"font-size: 500%;\">!<\/span><\/p>\n\t\t<\/div>\n\t\t\t\t\t<\/div>\n\n\t\n\n\t<div id=\"col-372590885\" class=\"col medium-9 small-12 large-9\"  >\n\t\t\t\t<div class=\"col-inner\"  >\n\t\t\t\n\t\t\t\n<p><strong>DIE BACH BL\u00dcTENESSENZEN UND DIE BACH BL\u00dcTENTHERAPIE ERSETZEN KEINEN ARZT ODER FACHARZT. ES IST IMMER NOTWENDIG, ZUERST IHREN ARZT ZU KONSULTIEREN.<\/strong><\/p>\n\t\t<\/div>\n\t\t\t\t\t<\/div>\n\n\t\n<\/div>\n<\/div><\/div><\/div>\n\t\t<\/div>\n\t\t\t\t\t<\/div>\n\n\t\n<\/div>\n\t\t<\/div>\n\n\t\t\n<style>\n#section_169392987 {\n  padding-top: 30px;\n  padding-bottom: 30px;\n}\n<\/style>\n\t<\/section>","protected":false},"excerpt":{"rendered":"","protected":false},"author":1,"featured_media":0,"parent":0,"menu_order":0,"comment_status":"closed","ping_status":"closed","template":"page-blank.php","meta":{"footnotes":""},"class_list":["post-3602","page","type-page","status-publish","hentry"],"yoast_head":"<!-- This site is optimized with the Yoast SEO plugin v27.6 - https:\/\/yoast.com\/product\/yoast-seo-wordpress\/ -->\n<title>The interrelationships between bach flowers by Dietmar Kr\u00e4mer - Star Remedies<\/title>\n<meta name=\"description\" content=\"The relationships between the Bach flowers. After years of research, Dietmar Kr\u00e4mer has divided the body into 243 bach flower body map zones.\" \/>\n<meta name=\"robots\" content=\"index, follow, max-snippet:-1, max-image-preview:large, max-video-preview:-1\" \/>\n<link rel=\"canonical\" href=\"https:\/\/www.starremedies.com\/de\/bachflowersbydietmarkramer\/\" \/>\n<meta property=\"og:locale\" content=\"de_DE\" \/>\n<meta property=\"og:type\" content=\"article\" \/>\n<meta property=\"og:title\" content=\"The interrelationships between bach flowers by Dietmar Kr\u00e4mer - Star Remedies\" \/>\n<meta property=\"og:description\" content=\"The relationships between the Bach flowers. After years of research, Dietmar Kr\u00e4mer has divided the body into 243 bach flower body map zones.\" \/>\n<meta property=\"og:url\" content=\"https:\/\/www.starremedies.com\/de\/bachflowersbydietmarkramer\/\" \/>\n<meta property=\"og:site_name\" content=\"Star Remedies\" \/>\n<meta property=\"article:publisher\" content=\"https:\/\/www.facebook.com\/starremedies\/\" \/>\n<meta property=\"article:modified_time\" content=\"2025-02-06T09:45:33+00:00\" \/>\n<meta name=\"twitter:card\" content=\"summary_large_image\" \/>\n<script type=\"application\/ld+json\" class=\"yoast-schema-graph\">{\"@context\":\"https:\\\/\\\/schema.org\",\"@graph\":[{\"@type\":\"WebPage\",\"@id\":\"https:\\\/\\\/www.starremedies.com\\\/bachflowersbydietmarkramer\\\/\",\"url\":\"https:\\\/\\\/www.starremedies.com\\\/bachflowersbydietmarkramer\\\/\",\"name\":\"The interrelationships between bach flowers by Dietmar Kr\u00e4mer - Star Remedies\",\"isPartOf\":{\"@id\":\"https:\\\/\\\/www.starremedies.com\\\/#website\"},\"datePublished\":\"2016-02-21T11:15:39+00:00\",\"dateModified\":\"2025-02-06T09:45:33+00:00\",\"description\":\"The relationships between the Bach flowers. After years of research, Dietmar Kr\u00e4mer has divided the body into 243 bach flower body map zones.\",\"breadcrumb\":{\"@id\":\"https:\\\/\\\/www.starremedies.com\\\/bachflowersbydietmarkramer\\\/#breadcrumb\"},\"inLanguage\":\"de\",\"potentialAction\":[{\"@type\":\"ReadAction\",\"target\":[\"https:\\\/\\\/www.starremedies.com\\\/bachflowersbydietmarkramer\\\/\"]}]},{\"@type\":\"BreadcrumbList\",\"@id\":\"https:\\\/\\\/www.starremedies.com\\\/bachflowersbydietmarkramer\\\/#breadcrumb\",\"itemListElement\":[{\"@type\":\"ListItem\",\"position\":1,\"name\":\"Home\",\"item\":\"https:\\\/\\\/www.starremedies.com\\\/\"},{\"@type\":\"ListItem\",\"position\":2,\"name\":\"The interrelationships between bach flowers by Dietmar Kr\u00e4mer\"}]},{\"@type\":\"WebSite\",\"@id\":\"https:\\\/\\\/www.starremedies.com\\\/#website\",\"url\":\"https:\\\/\\\/www.starremedies.com\\\/\",\"name\":\"Star Remedies\",\"description\":\"\",\"publisher\":{\"@id\":\"https:\\\/\\\/www.starremedies.com\\\/#organization\"},\"potentialAction\":[{\"@type\":\"SearchAction\",\"target\":{\"@type\":\"EntryPoint\",\"urlTemplate\":\"https:\\\/\\\/www.starremedies.com\\\/?s={search_term_string}\"},\"query-input\":{\"@type\":\"PropertyValueSpecification\",\"valueRequired\":true,\"valueName\":\"search_term_string\"}}],\"inLanguage\":\"de\"},{\"@type\":\"Organization\",\"@id\":\"https:\\\/\\\/www.starremedies.com\\\/#organization\",\"name\":\"Star Remedies\",\"url\":\"https:\\\/\\\/www.starremedies.com\\\/\",\"logo\":{\"@type\":\"ImageObject\",\"inLanguage\":\"de\",\"@id\":\"https:\\\/\\\/www.starremedies.com\\\/#\\\/schema\\\/logo\\\/image\\\/\",\"url\":\"https:\\\/\\\/www.starremedies.com\\\/wp-content\\\/uploads\\\/2016\\\/02\\\/srl.gif\",\"contentUrl\":\"https:\\\/\\\/www.starremedies.com\\\/wp-content\\\/uploads\\\/2016\\\/02\\\/srl.gif\",\"width\":250,\"height\":250,\"caption\":\"Star Remedies\"},\"image\":{\"@id\":\"https:\\\/\\\/www.starremedies.com\\\/#\\\/schema\\\/logo\\\/image\\\/\"},\"sameAs\":[\"https:\\\/\\\/www.facebook.com\\\/starremedies\\\/\",\"https:\\\/\\\/www.instagram.com\\\/starremedies\\\/\"]}]}<\/script>\n<!-- \/ Yoast SEO plugin. -->","yoast_head_json":{"title":"Die Wechselbeziehungen zwischen Bachbl\u00fcten von Dietmar Kr\u00e4mer - Star Remedies","description":"Die Beziehungen zwischen den Bachbl\u00fcten. Nach jahrelanger Forschung hat Dietmar Kr\u00e4mer den K\u00f6rper in 243 Zonen der Bachbl\u00fcten-K\u00f6rperkarte eingeteilt.","robots":{"index":"index","follow":"follow","max-snippet":"max-snippet:-1","max-image-preview":"max-image-preview:large","max-video-preview":"max-video-preview:-1"},"canonical":"https:\/\/www.starremedies.com\/de\/bachflowersbydietmarkramer\/","og_locale":"de_DE","og_type":"article","og_title":"The interrelationships between bach flowers by Dietmar Kr\u00e4mer - Star Remedies","og_description":"The relationships between the Bach flowers. After years of research, Dietmar Kr\u00e4mer has divided the body into 243 bach flower body map zones.","og_url":"https:\/\/www.starremedies.com\/de\/bachflowersbydietmarkramer\/","og_site_name":"Star Remedies","article_publisher":"https:\/\/www.facebook.com\/starremedies\/","article_modified_time":"2025-02-06T09:45:33+00:00","twitter_card":"summary_large_image","schema":{"@context":"https:\/\/schema.org","@graph":[{"@type":"WebPage","@id":"https:\/\/www.starremedies.com\/bachflowersbydietmarkramer\/","url":"https:\/\/www.starremedies.com\/bachflowersbydietmarkramer\/","name":"Die Wechselbeziehungen zwischen Bachbl\u00fcten von Dietmar Kr\u00e4mer - Star Remedies","isPartOf":{"@id":"https:\/\/www.starremedies.com\/#website"},"datePublished":"2016-02-21T11:15:39+00:00","dateModified":"2025-02-06T09:45:33+00:00","description":"Die Beziehungen zwischen den Bachbl\u00fcten. Nach jahrelanger Forschung hat Dietmar Kr\u00e4mer den K\u00f6rper in 243 Zonen der Bachbl\u00fcten-K\u00f6rperkarte eingeteilt.","breadcrumb":{"@id":"https:\/\/www.starremedies.com\/bachflowersbydietmarkramer\/#breadcrumb"},"inLanguage":"de","potentialAction":[{"@type":"ReadAction","target":["https:\/\/www.starremedies.com\/bachflowersbydietmarkramer\/"]}]},{"@type":"BreadcrumbList","@id":"https:\/\/www.starremedies.com\/bachflowersbydietmarkramer\/#breadcrumb","itemListElement":[{"@type":"ListItem","position":1,"name":"Home","item":"https:\/\/www.starremedies.com\/"},{"@type":"ListItem","position":2,"name":"The interrelationships between bach flowers by Dietmar Kr\u00e4mer"}]},{"@type":"WebSite","@id":"https:\/\/www.starremedies.com\/#website","url":"https:\/\/www.starremedies.com\/","name":"Star Remedies","description":"","publisher":{"@id":"https:\/\/www.starremedies.com\/#organization"},"potentialAction":[{"@type":"SearchAction","target":{"@type":"EntryPoint","urlTemplate":"https:\/\/www.starremedies.com\/?s={search_term_string}"},"query-input":{"@type":"PropertyValueSpecification","valueRequired":true,"valueName":"search_term_string"}}],"inLanguage":"de"},{"@type":"Organization","@id":"https:\/\/www.starremedies.com\/#organization","name":"Star Remedies","url":"https:\/\/www.starremedies.com\/","logo":{"@type":"ImageObject","inLanguage":"de","@id":"https:\/\/www.starremedies.com\/#\/schema\/logo\/image\/","url":"https:\/\/www.starremedies.com\/wp-content\/uploads\/2016\/02\/srl.gif","contentUrl":"https:\/\/www.starremedies.com\/wp-content\/uploads\/2016\/02\/srl.gif","width":250,"height":250,"caption":"Star Remedies"},"image":{"@id":"https:\/\/www.starremedies.com\/#\/schema\/logo\/image\/"},"sameAs":["https:\/\/www.facebook.com\/starremedies\/","https:\/\/www.instagram.com\/starremedies\/"]}]}},"_links":{"self":[{"href":"https:\/\/www.starremedies.com\/de\/wp-json\/wp\/v2\/pages\/3602","targetHints":{"allow":["GET"]}}],"collection":[{"href":"https:\/\/www.starremedies.com\/de\/wp-json\/wp\/v2\/pages"}],"about":[{"href":"https:\/\/www.starremedies.com\/de\/wp-json\/wp\/v2\/types\/page"}],"author":[{"embeddable":true,"href":"https:\/\/www.starremedies.com\/de\/wp-json\/wp\/v2\/users\/1"}],"replies":[{"embeddable":true,"href":"https:\/\/www.starremedies.com\/de\/wp-json\/wp\/v2\/comments?post=3602"}],"version-history":[{"count":9,"href":"https:\/\/www.starremedies.com\/de\/wp-json\/wp\/v2\/pages\/3602\/revisions"}],"predecessor-version":[{"id":27985,"href":"https:\/\/www.starremedies.com\/de\/wp-json\/wp\/v2\/pages\/3602\/revisions\/27985"}],"wp:attachment":[{"href":"https:\/\/www.starremedies.com\/de\/wp-json\/wp\/v2\/media?parent=3602"}],"curies":[{"name":"wp","href":"https:\/\/api.w.org\/{rel}","templated":true}]}}