{"id":3593,"date":"2016-02-21T12:07:13","date_gmt":"2016-02-21T11:07:13","guid":{"rendered":"https:\/\/www.starremedies.com\/?page_id=3593"},"modified":"2025-02-05T10:49:09","modified_gmt":"2025-02-05T09:49:09","slug":"dietmarkramer","status":"publish","type":"page","link":"https:\/\/www.starremedies.com\/de\/dietmarkramer\/","title":{"rendered":"Neue Therapien nach Dietmar Kr\u00e4mer"},"content":{"rendered":"<section class=\"section section_breadcrumbs\" id=\"section_1506793295\">\n\t\t<div class=\"section-bg fill\" >\n\t\t\t\t\t\t\t\t\t\n\t\t\t\n\n\t\t<\/div>\n\n\t\t\n\n\t\t<div class=\"section-content relative\">\n\t\t\t\n<div class=\"row breadcrumbs-row\"  id=\"row-189159081\">\n\n\t<div id=\"col-425943404\" class=\"col small-12 large-12\"  >\n\t\t\t\t<div class=\"col-inner\"  >\n\t\t\t\n\t\t\t\n\t<div id=\"text-2414486392\" class=\"text breadcrumbs\">\n\t\t\n<span><span><a href=\"https:\/\/www.starremedies.com\/de\/\">Startseite<\/a><\/span><\/span>\n\t\t\t<\/div>\n\t\n\t\t<\/div>\n\t\t\t\t\t<\/div>\n\n\t\n\n<style>\n#row-189159081 > .col > .col-inner {\n  padding: 0px 0px 0px 0px;\n}\n<\/style>\n<\/div>\n\t\t<\/div>\n\n\t\t\n<style>\n#section_1506793295 {\n  padding-top: 0px;\n  padding-bottom: 0px;\n  margin-bottom: 0px;\n}\n<\/style>\n\t<\/section>\n\t\n\n\t<section class=\"section products_row\" id=\"section_370319572\">\n\t\t<div class=\"section-bg fill\" >\n\t\t\t\t\t\t\t\t\t\n\t\t\t\n\n\t\t<\/div>\n\n\t\t\n\n\t\t<div class=\"section-content relative\">\n\t\t\t\n<div class=\"row align-middle align-center\"  id=\"row-1002507612\">\n\n\t<div id=\"col-429201922\" class=\"col medium-2 small-12 large-2\"  >\n\t\t\t\t<div class=\"col-inner text-center\"  >\n\t\t\t\n\t\t\t\n\t<div class=\"img has-hover x md-x lg-x y md-y lg-y\" id=\"image_157931151\">\n\t\t\t\t\t\t\t\t<div class=\"img-inner dark\" >\n\t\t\t<img decoding=\"async\" width=\"90\" height=\"124\" src=\"https:\/\/www.starremedies.com\/wp-content\/uploads\/2016\/02\/Foto_1.jpg\" class=\"attachment-original size-original\" alt=\"\" \/>\t\t\t\t\t\t\n\t\t\t\t\t<\/div>\n\t\t\t\t\t\t\t\t\n<style>\n#image_157931151 {\n  width: 100%;\n}\n<\/style>\n\t<\/div>\n\t\n\t\t<\/div>\n\t\t\t\t\t<\/div>\n\n\t\n\n\t<div id=\"col-1120323620\" class=\"col small-12 large-12\"  >\n\t\t\t\t<div class=\"col-inner text-center\"  >\n\t\t\t\n\t\t\t\n\t<div id=\"text-510888724\" class=\"text\">\n\t\t\n<h1>NEUE THERAPIEN MIT BACHBL\u00dcTEN NACH DIETMAR KR\u00c4MER<\/h1>\n\t\t\n<style>\n#text-510888724 {\n  text-align: center;\n}\n<\/style>\n\t<\/div>\n\t\n\t\t<\/div>\n\t\t\t\t\t<\/div>\n\n\t\n<\/div>\n\t\t<\/div>\n\n\t\t\n<style>\n#section_370319572 {\n  padding-top: 30px;\n  padding-bottom: 30px;\n  background-color: rgb(247, 247, 247);\n}\n<\/style>\n\t<\/section>\n\t\n\n\t<section class=\"section\" id=\"section_477035332\">\n\t\t<div class=\"section-bg fill\" >\n\t\t\t\t\t\t\t\t\t\n\t\t\t\n\n\t\t<\/div>\n\n\t\t\n\n\t\t<div class=\"section-content relative\">\n\t\t\t\n<div class=\"row\"  id=\"row-337694272\">\n\n\t<div id=\"col-1776554503\" class=\"col small-12 large-12\"  >\n\t\t\t\t<div class=\"col-inner\"  >\n\t\t\t\n\t\t\t\n<h2 style=\"text-align: center;\">Die Methode von Dietmar Kr\u00e4mer<\/h2>\n<p>Dr. Edward Bach war nicht in der Lage, seine Arbeit zu erweitern oder zu verfeinern. Wer es tat und immer noch tut, ist Dietmar Kr\u00e4mer, ein deutscher Heilpraktiker. Mit seinem gro\u00dfen Wissen hat er die Heilmethode von Dr. Bach vertieft. Er hat eine Methode entwickelt, mit der es m\u00f6glich ist, Probleme Schicht f\u00fcr Schicht abzusch\u00e4len, bis man an das tiefste zugrunde liegende Problem gelangt. Im Folgenden wird bereits ein St\u00fcck weit dargestellt, wie die neuen Therapien von Dietmar Kr\u00e4mer an das urspr\u00fcngliche Werk von Dr. med. Bach ankn\u00fcpfen. Bach.<\/p>\n<h3>Frage: Wie lange muss man die Essenzen anwenden, bevor sich ein Ergebnis einstellt?<\/h3>\n<p>Auf diese Frage sind viele Antworten m\u00f6glich. F\u00fcr eine akute Situation k\u00f6nnen Sie z.B. 2 Tropfen Walnut in ein Glas Wasser geben und kleine Schlucke nehmen. Damit erzielen Sie in einem solchen Fall Ergebnisse. Handelt es sich aber um ein Problem, das schon l\u00e4nger besteht, dann m\u00fcssen nat\u00fcrlich viel mehr Details bekannt sein, um bestimmen zu k\u00f6nnen, welche Mittel f\u00fcr diese Person geeignet sind.<\/p>\n<p><img decoding=\"async\" class=\"aligncenter\" src=\"https:\/\/www.starremedies.com\/wp-content\/uploads\/2016\/02\/wip_horizontaal-300x86.gif\" alt=\"\" width=\"300\" height=\"86\" data-ll-status=\"loaded\" \/><br \/>Abb. 1 stellt eine Wippe im Gleichgewicht dar. Damit weisen wir auf das Gleichgewicht hin, das uns in unserem nat\u00fcrlichen Zustand symbolisiert. Dieses Gleichgewicht erm\u00f6glicht es uns, alle Lektionen und Erfahrungen, die im Laufe unseres Lebens auf uns zukommen, richtig aufzunehmen. Wenn wir diese Situationen erfolgreich \u00fcberstehen, k\u00f6nnen wir uns weiterentwickeln. Allerdings gelingt es uns nicht allen, alle unsere Aufgaben zu erf\u00fcllen, ohne dass uns ein Kampf oder eine Abweichung bremst oder in die Irre f\u00fchrt.<\/p>\n<p><img decoding=\"async\" class=\"aligncenter\" src=\"https:\/\/www.starremedies.com\/wp-content\/uploads\/2016\/02\/wip_kantel2-300x86.gif\" alt=\"\" width=\"300\" height=\"86\" data-ll-status=\"loaded\" \/><br \/>In Abb. 2 ist jemand zu sehen, der hochqualifiziert ist und Freude an seiner Arbeit hat. An einem bestimmten Tag hat er das Gef\u00fchl, dass seine Arbeit f\u00fcr ihn zu einer gr\u00f6\u00dferen Belastung wird, als ihm bewusst ist. In diesem Stadium ist dies noch kein fest verankertes Problem. Es bedarf einer leichten Anpassung, um dieses Gleichgewicht wiederherzustellen. Wenn er jedoch nichts unternimmt, um sein Gleichgewicht wiederherzustellen, wird sich das Gef\u00fchl, zu kurz zu kommen, verfestigen. Dann tritt ein Schneeballeffekt ein: Er zweifelt z. B. an seinen eigenen F\u00e4higkeiten, w\u00e4hrend er vorher voller Zuversicht war. Dies kann zu allen m\u00f6glichen anderen negativen Gem\u00fctszust\u00e4nden f\u00fchren.<\/p>\n<p><img decoding=\"async\" class=\"aligncenter\" src=\"https:\/\/www.starremedies.com\/wp-content\/uploads\/2016\/02\/wip_kantel3-300x86.gif\" alt=\"\" width=\"300\" height=\"86\" data-ll-status=\"loaded\" \/><br \/>Abb. 3. Setzt sich dieses Abgleiten fort, wird er schlie\u00dflich - nach einem Zeitraum von 1 bis vielleicht 20 Jahren - feststellen, dass er sein Gleichgewicht v\u00f6llig verloren hat. (Abb. 4). Sein Problem hat sich inzwischen so stark verfestigt, dass er durch Spannungen, Sorgen und \u00c4ngste schwer belastet ist. Dies spiegelt sich darin wider, dass er k\u00f6rperlich zusammenbricht. Je nachdem, was sein k\u00f6rperlicher Schwachpunkt ist, wird sein Unbehagen durch das Auftreten von Magenproblemen, Atemproblemen usw. noch verst\u00e4rkt. Wenn er das Gl\u00fcck hat, in einem so guten Zustand zu sein, dass diese Art von Beschwerden nicht auftritt, wird er wahrscheinlich geistig zusammenbrechen (Position D).<\/p>\n<p><img decoding=\"async\" class=\"aligncenter\" src=\"https:\/\/www.starremedies.com\/wp-content\/uploads\/2016\/02\/wip_kantel4-300x86.gif\" alt=\"\" width=\"300\" height=\"86\" data-ll-status=\"loaded\" \/><br \/>ABB. 4 Schlussfolgerung: Wie lange es dauert, bis sich die Essenzen positiv auswirken, h\u00e4ngt von der Position ab, in der sich die betreffende Person auf der Wippe befindet. Es ist klar, dass sich am Gleichgewicht der Wippe nichts \u00e4ndern wird, wenn Sie die Position A behandeln. Genau das ist die Antwort, wenn man mit Essenzen nach den neuen Therapien von Dietmar Kr\u00e4mer arbeitet.<\/p>\n<div class=\"is-divider divider clearfix\" style=\"margin-top:35px;margin-bottom:35px;\"><\/div>\n\t\t<\/div>\n\t\t\t\t\t<\/div>\n\n\t\n<\/div>\n\t\t<\/div>\n\n\t\t\n<style>\n#section_477035332 {\n  padding-top: 30px;\n  padding-bottom: 30px;\n}\n<\/style>\n\t<\/section>","protected":false},"excerpt":{"rendered":"","protected":false},"author":1,"featured_media":0,"parent":0,"menu_order":0,"comment_status":"closed","ping_status":"closed","template":"page-blank.php","meta":{"footnotes":""},"class_list":["post-3593","page","type-page","status-publish","hentry"],"yoast_head":"<!-- This site is optimized with the Yoast SEO plugin v27.5 - https:\/\/yoast.com\/product\/yoast-seo-wordpress\/ -->\n<title>New Therapies according to Dietmar Kr\u00e4mer - Star Remedies<\/title>\n<meta name=\"description\" content=\"Dr. Edward Bach has been unable to expand or refine his work. Who did and still does is Dietmar Kr\u00e4mer, a German healing practitioner.\" \/>\n<meta name=\"robots\" content=\"index, follow, max-snippet:-1, max-image-preview:large, max-video-preview:-1\" \/>\n<link rel=\"canonical\" href=\"https:\/\/www.starremedies.com\/de\/dietmarkramer\/\" \/>\n<meta property=\"og:locale\" content=\"de_DE\" \/>\n<meta property=\"og:type\" content=\"article\" \/>\n<meta property=\"og:title\" content=\"New Therapies according to Dietmar Kr\u00e4mer - Star Remedies\" \/>\n<meta property=\"og:description\" content=\"Dr. Edward Bach has been unable to expand or refine his work. Who did and still does is Dietmar Kr\u00e4mer, a German healing practitioner.\" \/>\n<meta property=\"og:url\" content=\"https:\/\/www.starremedies.com\/de\/dietmarkramer\/\" \/>\n<meta property=\"og:site_name\" content=\"Star Remedies\" \/>\n<meta property=\"article:publisher\" content=\"https:\/\/www.facebook.com\/starremedies\/\" \/>\n<meta property=\"article:modified_time\" content=\"2025-02-05T09:49:09+00:00\" \/>\n<meta property=\"og:image\" content=\"https:\/\/www.starremedies.com\/wp-content\/uploads\/2016\/02\/wip_horizontaal-300x86.gif\" \/>\n<meta name=\"twitter:card\" content=\"summary_large_image\" \/>\n<script type=\"application\/ld+json\" class=\"yoast-schema-graph\">{\"@context\":\"https:\\\/\\\/schema.org\",\"@graph\":[{\"@type\":\"WebPage\",\"@id\":\"https:\\\/\\\/www.starremedies.com\\\/dietmarkramer\\\/\",\"url\":\"https:\\\/\\\/www.starremedies.com\\\/dietmarkramer\\\/\",\"name\":\"New Therapies according to Dietmar Kr\u00e4mer - Star Remedies\",\"isPartOf\":{\"@id\":\"https:\\\/\\\/www.starremedies.com\\\/#website\"},\"primaryImageOfPage\":{\"@id\":\"https:\\\/\\\/www.starremedies.com\\\/dietmarkramer\\\/#primaryimage\"},\"image\":{\"@id\":\"https:\\\/\\\/www.starremedies.com\\\/dietmarkramer\\\/#primaryimage\"},\"thumbnailUrl\":\"https:\\\/\\\/www.starremedies.com\\\/wp-content\\\/uploads\\\/2016\\\/02\\\/wip_horizontaal-300x86.gif\",\"datePublished\":\"2016-02-21T11:07:13+00:00\",\"dateModified\":\"2025-02-05T09:49:09+00:00\",\"description\":\"Dr. Edward Bach has been unable to expand or refine his work. Who did and still does is Dietmar Kr\u00e4mer, a German healing practitioner.\",\"breadcrumb\":{\"@id\":\"https:\\\/\\\/www.starremedies.com\\\/dietmarkramer\\\/#breadcrumb\"},\"inLanguage\":\"de\",\"potentialAction\":[{\"@type\":\"ReadAction\",\"target\":[\"https:\\\/\\\/www.starremedies.com\\\/dietmarkramer\\\/\"]}]},{\"@type\":\"ImageObject\",\"inLanguage\":\"de\",\"@id\":\"https:\\\/\\\/www.starremedies.com\\\/dietmarkramer\\\/#primaryimage\",\"url\":\"https:\\\/\\\/www.starremedies.com\\\/wp-content\\\/uploads\\\/2016\\\/02\\\/wip_horizontaal-300x86.gif\",\"contentUrl\":\"https:\\\/\\\/www.starremedies.com\\\/wp-content\\\/uploads\\\/2016\\\/02\\\/wip_horizontaal-300x86.gif\"},{\"@type\":\"BreadcrumbList\",\"@id\":\"https:\\\/\\\/www.starremedies.com\\\/dietmarkramer\\\/#breadcrumb\",\"itemListElement\":[{\"@type\":\"ListItem\",\"position\":1,\"name\":\"Home\",\"item\":\"https:\\\/\\\/www.starremedies.com\\\/\"},{\"@type\":\"ListItem\",\"position\":2,\"name\":\"New Therapies according to Dietmar Kr\u00e4mer\"}]},{\"@type\":\"WebSite\",\"@id\":\"https:\\\/\\\/www.starremedies.com\\\/#website\",\"url\":\"https:\\\/\\\/www.starremedies.com\\\/\",\"name\":\"Star Remedies\",\"description\":\"\",\"publisher\":{\"@id\":\"https:\\\/\\\/www.starremedies.com\\\/#organization\"},\"potentialAction\":[{\"@type\":\"SearchAction\",\"target\":{\"@type\":\"EntryPoint\",\"urlTemplate\":\"https:\\\/\\\/www.starremedies.com\\\/?s={search_term_string}\"},\"query-input\":{\"@type\":\"PropertyValueSpecification\",\"valueRequired\":true,\"valueName\":\"search_term_string\"}}],\"inLanguage\":\"de\"},{\"@type\":\"Organization\",\"@id\":\"https:\\\/\\\/www.starremedies.com\\\/#organization\",\"name\":\"Star Remedies\",\"url\":\"https:\\\/\\\/www.starremedies.com\\\/\",\"logo\":{\"@type\":\"ImageObject\",\"inLanguage\":\"de\",\"@id\":\"https:\\\/\\\/www.starremedies.com\\\/#\\\/schema\\\/logo\\\/image\\\/\",\"url\":\"https:\\\/\\\/www.starremedies.com\\\/wp-content\\\/uploads\\\/2016\\\/02\\\/srl.gif\",\"contentUrl\":\"https:\\\/\\\/www.starremedies.com\\\/wp-content\\\/uploads\\\/2016\\\/02\\\/srl.gif\",\"width\":250,\"height\":250,\"caption\":\"Star Remedies\"},\"image\":{\"@id\":\"https:\\\/\\\/www.starremedies.com\\\/#\\\/schema\\\/logo\\\/image\\\/\"},\"sameAs\":[\"https:\\\/\\\/www.facebook.com\\\/starremedies\\\/\",\"https:\\\/\\\/www.instagram.com\\\/starremedies\\\/\"]}]}<\/script>\n<!-- \/ Yoast SEO plugin. -->","yoast_head_json":{"title":"Neue Therapien nach Dietmar Kr\u00e4mer - Star-Heilmittel","description":"Dr. Edward Bach war nicht in der Lage, seine Arbeit zu erweitern oder zu verfeinern. Wer es tat und immer noch tut, ist Dietmar Kr\u00e4mer, ein deutscher Heilpraktiker.","robots":{"index":"index","follow":"follow","max-snippet":"max-snippet:-1","max-image-preview":"max-image-preview:large","max-video-preview":"max-video-preview:-1"},"canonical":"https:\/\/www.starremedies.com\/de\/dietmarkramer\/","og_locale":"de_DE","og_type":"article","og_title":"New Therapies according to Dietmar Kr\u00e4mer - Star Remedies","og_description":"Dr. Edward Bach has been unable to expand or refine his work. Who did and still does is Dietmar Kr\u00e4mer, a German healing practitioner.","og_url":"https:\/\/www.starremedies.com\/de\/dietmarkramer\/","og_site_name":"Star Remedies","article_publisher":"https:\/\/www.facebook.com\/starremedies\/","article_modified_time":"2025-02-05T09:49:09+00:00","og_image":[{"url":"https:\/\/www.starremedies.com\/wp-content\/uploads\/2016\/02\/wip_horizontaal-300x86.gif","type":"","width":"","height":""}],"twitter_card":"summary_large_image","schema":{"@context":"https:\/\/schema.org","@graph":[{"@type":"WebPage","@id":"https:\/\/www.starremedies.com\/dietmarkramer\/","url":"https:\/\/www.starremedies.com\/dietmarkramer\/","name":"Neue Therapien nach Dietmar Kr\u00e4mer - Star-Heilmittel","isPartOf":{"@id":"https:\/\/www.starremedies.com\/#website"},"primaryImageOfPage":{"@id":"https:\/\/www.starremedies.com\/dietmarkramer\/#primaryimage"},"image":{"@id":"https:\/\/www.starremedies.com\/dietmarkramer\/#primaryimage"},"thumbnailUrl":"https:\/\/www.starremedies.com\/wp-content\/uploads\/2016\/02\/wip_horizontaal-300x86.gif","datePublished":"2016-02-21T11:07:13+00:00","dateModified":"2025-02-05T09:49:09+00:00","description":"Dr. Edward Bach war nicht in der Lage, seine Arbeit zu erweitern oder zu verfeinern. Wer es tat und immer noch tut, ist Dietmar Kr\u00e4mer, ein deutscher Heilpraktiker.","breadcrumb":{"@id":"https:\/\/www.starremedies.com\/dietmarkramer\/#breadcrumb"},"inLanguage":"de","potentialAction":[{"@type":"ReadAction","target":["https:\/\/www.starremedies.com\/dietmarkramer\/"]}]},{"@type":"ImageObject","inLanguage":"de","@id":"https:\/\/www.starremedies.com\/dietmarkramer\/#primaryimage","url":"https:\/\/www.starremedies.com\/wp-content\/uploads\/2016\/02\/wip_horizontaal-300x86.gif","contentUrl":"https:\/\/www.starremedies.com\/wp-content\/uploads\/2016\/02\/wip_horizontaal-300x86.gif"},{"@type":"BreadcrumbList","@id":"https:\/\/www.starremedies.com\/dietmarkramer\/#breadcrumb","itemListElement":[{"@type":"ListItem","position":1,"name":"Home","item":"https:\/\/www.starremedies.com\/"},{"@type":"ListItem","position":2,"name":"New Therapies according to Dietmar Kr\u00e4mer"}]},{"@type":"WebSite","@id":"https:\/\/www.starremedies.com\/#website","url":"https:\/\/www.starremedies.com\/","name":"Star Remedies","description":"","publisher":{"@id":"https:\/\/www.starremedies.com\/#organization"},"potentialAction":[{"@type":"SearchAction","target":{"@type":"EntryPoint","urlTemplate":"https:\/\/www.starremedies.com\/?s={search_term_string}"},"query-input":{"@type":"PropertyValueSpecification","valueRequired":true,"valueName":"search_term_string"}}],"inLanguage":"de"},{"@type":"Organization","@id":"https:\/\/www.starremedies.com\/#organization","name":"Star Remedies","url":"https:\/\/www.starremedies.com\/","logo":{"@type":"ImageObject","inLanguage":"de","@id":"https:\/\/www.starremedies.com\/#\/schema\/logo\/image\/","url":"https:\/\/www.starremedies.com\/wp-content\/uploads\/2016\/02\/srl.gif","contentUrl":"https:\/\/www.starremedies.com\/wp-content\/uploads\/2016\/02\/srl.gif","width":250,"height":250,"caption":"Star Remedies"},"image":{"@id":"https:\/\/www.starremedies.com\/#\/schema\/logo\/image\/"},"sameAs":["https:\/\/www.facebook.com\/starremedies\/","https:\/\/www.instagram.com\/starremedies\/"]}]}},"_links":{"self":[{"href":"https:\/\/www.starremedies.com\/de\/wp-json\/wp\/v2\/pages\/3593","targetHints":{"allow":["GET"]}}],"collection":[{"href":"https:\/\/www.starremedies.com\/de\/wp-json\/wp\/v2\/pages"}],"about":[{"href":"https:\/\/www.starremedies.com\/de\/wp-json\/wp\/v2\/types\/page"}],"author":[{"embeddable":true,"href":"https:\/\/www.starremedies.com\/de\/wp-json\/wp\/v2\/users\/1"}],"replies":[{"embeddable":true,"href":"https:\/\/www.starremedies.com\/de\/wp-json\/wp\/v2\/comments?post=3593"}],"version-history":[{"count":9,"href":"https:\/\/www.starremedies.com\/de\/wp-json\/wp\/v2\/pages\/3593\/revisions"}],"predecessor-version":[{"id":27969,"href":"https:\/\/www.starremedies.com\/de\/wp-json\/wp\/v2\/pages\/3593\/revisions\/27969"}],"wp:attachment":[{"href":"https:\/\/www.starremedies.com\/de\/wp-json\/wp\/v2\/media?parent=3593"}],"curies":[{"name":"wp","href":"https:\/\/api.w.org\/{rel}","templated":true}]}}