{"id":3573,"date":"2016-02-21T11:29:28","date_gmt":"2016-02-21T10:29:28","guid":{"rendered":"https:\/\/www.starremedies.com\/?page_id=3573"},"modified":"2025-02-05T10:31:03","modified_gmt":"2025-02-05T09:31:03","slug":"madeleine","status":"publish","type":"page","link":"https:\/\/www.starremedies.com\/de\/madeleine\/","title":{"rendered":"Bachbl\u00fctentherapie von Madeleine Meuwessen"},"content":{"rendered":"<section class=\"section section_breadcrumbs\" id=\"section_724571189\">\n\t\t<div class=\"section-bg fill\" >\n\t\t\t\t\t\t\t\t\t\n\t\t\t\n\n\t\t<\/div>\n\n\t\t\n\n\t\t<div class=\"section-content relative\">\n\t\t\t\n<div class=\"row breadcrumbs-row\"  id=\"row-2038212242\">\n\n\t<div id=\"col-1679506593\" class=\"col small-12 large-12\"  >\n\t\t\t\t<div class=\"col-inner\"  >\n\t\t\t\n\t\t\t\n\t<div id=\"text-1428795986\" class=\"text breadcrumbs\">\n\t\t\n<span><span><a href=\"https:\/\/www.starremedies.com\/de\/\">Startseite<\/a><\/span><\/span>\n\t\t\t<\/div>\n\t\n\t\t<\/div>\n\t\t\t\t\t<\/div>\n\n\t\n\n<style>\n#row-2038212242 > .col > .col-inner {\n  padding: 0px 0px 0px 0px;\n}\n<\/style>\n<\/div>\n\t\t<\/div>\n\n\t\t\n<style>\n#section_724571189 {\n  padding-top: 0px;\n  padding-bottom: 0px;\n  margin-bottom: 0px;\n}\n<\/style>\n\t<\/section>\n\t\n\n\t<section class=\"section products_row\" id=\"section_129129913\">\n\t\t<div class=\"section-bg fill\" >\n\t\t\t\t\t\t\t\t\t\n\t\t\t\n\n\t\t<\/div>\n\n\t\t\n\n\t\t<div class=\"section-content relative\">\n\t\t\t\n<div class=\"row align-middle align-center\"  id=\"row-2000692278\">\n\n\t<div id=\"col-1857236174\" class=\"col medium-2 small-12 large-2\"  >\n\t\t\t\t<div class=\"col-inner text-center\"  >\n\t\t\t\n\t\t\t\n\t<div class=\"img has-hover x md-x lg-x y md-y lg-y\" id=\"image_2139289526\">\n\t\t\t\t\t\t\t\t<div class=\"img-inner dark\" >\n\t\t\t<img decoding=\"async\" width=\"300\" height=\"300\" src=\"https:\/\/www.starremedies.com\/wp-content\/uploads\/2016\/02\/madeleine.jpg\" class=\"attachment-original size-original\" alt=\"\" srcset=\"https:\/\/www.starremedies.com\/wp-content\/uploads\/2016\/02\/madeleine.jpg 300w, https:\/\/www.starremedies.com\/wp-content\/uploads\/2016\/02\/madeleine-80x80.jpg 80w, https:\/\/www.starremedies.com\/wp-content\/uploads\/2016\/02\/madeleine-36x36.jpg 36w, https:\/\/www.starremedies.com\/wp-content\/uploads\/2016\/02\/madeleine-180x180.jpg 180w, https:\/\/www.starremedies.com\/wp-content\/uploads\/2016\/02\/madeleine-120x120.jpg 120w\" sizes=\"(max-width: 300px) 100vw, 300px\" \/>\t\t\t\t\t\t\n\t\t\t\t\t<\/div>\n\t\t\t\t\t\t\t\t\n<style>\n#image_2139289526 {\n  width: 100%;\n}\n<\/style>\n\t<\/div>\n\t\n\t\t<\/div>\n\t\t\t\t\t<\/div>\n\n\t\n\n\t<div id=\"col-36117139\" class=\"col small-12 large-12\"  >\n\t\t\t\t<div class=\"col-inner text-center\"  >\n\t\t\t\n\t\t\t\n\t<div id=\"text-2254513139\" class=\"text\">\n\t\t\n<h1>BACHBL\u00dcTENTHERAPIE VON MADELEINE MEUWESSEN<\/h1>\n\t\t\n<style>\n#text-2254513139 {\n  text-align: center;\n}\n<\/style>\n\t<\/div>\n\t\n\t\t<\/div>\n\t\t\t\t\t<\/div>\n\n\t\n<\/div>\n\t\t<\/div>\n\n\t\t\n<style>\n#section_129129913 {\n  padding-top: 30px;\n  padding-bottom: 30px;\n  background-color: rgb(247, 247, 247);\n}\n<\/style>\n\t<\/section>\n\t\n\n\t<section class=\"section\" id=\"section_1956965958\">\n\t\t<div class=\"section-bg fill\" >\n\t\t\t\t\t\t\t\t\t\n\t\t\t\n\n\t\t<\/div>\n\n\t\t\n\n\t\t<div class=\"section-content relative\">\n\t\t\t\n<div class=\"row\"  id=\"row-478517404\">\n\n\t<div id=\"col-1693767806\" class=\"col small-12 large-12\"  >\n\t\t\t\t<div class=\"col-inner\"  >\n\t\t\t\n\t\t\t\n\t<div id=\"text-3020876662\" class=\"text\">\n\t\t\n<p><a href=\"https:\/\/www.starremedies.com\/de\/madeleine\/#treat\">Menschen behandeln - nicht Krankheiten<\/a>\u00a0|\u00a0<a href=\"https:\/\/www.starremedies.com\/de\/madeleine\/#body\">Erholung von K\u00f6rper und Geist<\/a>\u00a0|\u00a0<a href=\"https:\/\/www.starremedies.com\/de\/madeleine\/#7bach\">7 Bach-Gruppen<\/a>\u00a0|\u00a0<a href=\"https:\/\/www.starremedies.com\/de\/madeleine\/#rescue\">Erste-Hilfe-Essenz<\/a>\u00a0|\u00a0<a href=\"https:\/\/www.starremedies.com\/de\/madeleine\/#practice\">Aus der Praxis<\/a><\/p>\n\t\t\n<style>\n#text-3020876662 {\n  text-align: center;\n}\n<\/style>\n\t<\/div>\n\t\n<span class=\"scroll-to\" data-label=\"Scroll to: #treat\" data-bullet=\"true\" data-link=\"#treat\" data-title=\"Treat People - not illness\"><a name=\"treat\"><\/a><\/span>\n<h2>Menschen behandeln und nicht ihre Krankheit<\/h2>\n<blockquote>\n<p>Krankheit ist keine grausame Strafe, sondern lediglich eine Korrektur; ein Instrument, das unsere eigene Psyche einsetzt, um uns auf unsere Fehler hinzuweisen, uns vor gr\u00f6\u00dferen Irrt\u00fcmern zu bewahren und uns vor weiterem Schaden zu bewahren - und um uns auf den Pfad der Wahrheit und des Lichts zur\u00fcckzubringen, den wir nie verlassen haben.\u00a0<em><strong>Edward Bach<\/strong><\/em><\/p>\n<\/blockquote>\n<p>Dr. Edward Bach glaubte damals, dass die Denkweise und die Einstellung zum Leben eine wichtige Rolle bei der Entstehung und Heilung von Krankheiten spielen. F\u00fcr ihn war Krankheit ein Mangel an Harmonie zwischen K\u00f6rper und Geist. Er ging davon aus, dass ein Mensch, der sich nicht gl\u00fccklich f\u00fchlt, nach einiger Zeit eine Krankheit entwickeln kann.<\/p>\n<p>Anhand eines Beispiels m\u00f6chte ich deutlich machen, wie dies in der Praxis funktioniert:<\/p>\n<p>Stellen Sie sich vor: Zwei Menschen, die in keiner Weise miteinander verwandt sind, erleben einen gro\u00dfen Schock. Der erste ist in einen Unfall verwickelt. Er ist furchtbar geschockt, hat aber k\u00f6rperlich nichts. Nach einigen Wochen leidet er unter Kopfschmerzen und wird krank. Die zweite Person, Direktor eines gro\u00dfen Unternehmens, muss sich pl\u00f6tzlich mit einer Finanzkrise auseinandersetzen. Als er diese Nachricht h\u00f6rt, bekommt er einen solchen Schock und nach einigen Tagen eine Nerveninfektion im linken Arm.<\/p>\n<p>Normalerweise w\u00fcrde man diese beiden Zust\u00e4nde unterschiedlich behandeln, aber wenn wir uns den psychologischen Zustand der Personen ansehen, ist es ganz klar, dass beide einen Schock erlitten haben, obwohl ihre K\u00f6rper sehr unterschiedlich auf diese Situation reagiert haben. Nach der Methode von Edward Bach gibt man die Essenz, die hilft, den Schock zu neutralisieren.<\/p>\n<p>Edward Bach suchte in der Natur, unter anderem in Wales, nach Mitteln f\u00fcr seine Heilmethoden, n\u00e4mlich den Gem\u00fctszustand des Menschen von einer negativen Lebenseinstellung oder Haltung in eine positive Haltung zu verwandeln.<\/p>\n<p>Er fand sie in Form von Bl\u00fcten von Wildpflanzen, Str\u00e4uchern, Stauden und B\u00e4umen. Daraus entwickelte er 37 Essenzen, die 38. wurde nicht aus Bl\u00fcten hergestellt, sondern aus einer Quelle, der die Anwohner seit jeher eine heilende Wirkung zuschreiben.<\/p>\n<div class=\"is-divider divider clearfix\" style=\"margin-top:35px;margin-bottom:35px;\"><\/div>\n\t\t<\/div>\n\t\t\t\t\t<\/div>\n\n\t\n\n\t<div id=\"col-1995139495\" class=\"col medium-9 small-12 large-9\"  >\n\t\t\t\t<div class=\"col-inner\"  >\n\t\t\t\n\t\t\t\n<span class=\"scroll-to\" data-label=\"Scroll to: #body\" data-bullet=\"true\" data-link=\"#body\" data-title=\"Body &amp; Mind Recovery\"><a name=\"body\"><\/a><\/span>\n<h3>Erholung von K\u00f6rper und Geist<\/h3>\n<blockquote>\n<p>Der Hom\u00f6opath Dr. Bach entdeckte in den 1930er Jahren, dass bestimmte Blumenarten den menschlichen Geist in Harmonie versetzen. Ihre positiven Kr\u00e4fte k\u00f6nnen negative Zust\u00e4nde aufl\u00f6sen. Er ging davon aus, dass, wenn sich ein Mensch nicht gl\u00fccklich f\u00fchlt, nach einiger Zeit eine Krankheit entstehen kann.<\/p>\n<\/blockquote>\n<p>Zum Beispiel kann eine Person mit Schuldgef\u00fchlen belastet sein oder sich zu sehr um das Wohlergehen anderer sorgen, man kann nicht \"nein\" sagen, weil man Angst vor Verlust hat. Es gibt viele Gem\u00fctszust\u00e4nde, die dazu f\u00fchren, dass man sich \"nicht wohlf\u00fchlt\". Dies kann zu St\u00f6rungen wie Haut-, Kopf- und Magenbeschwerden, Entz\u00fcndungen und Schmerzen ohne klare Ursache f\u00fchren. Sp\u00e4ter k\u00f6nnen daraus echte Krankheiten entstehen. Durch die Suche nach der Ursache, n\u00e4mlich dem fehlenden Lebensgl\u00fcck, erfolgt auch eine Heilung des K\u00f6rpers! Dr. Bach hat 38 Bl\u00fctentinkturen kreiert, von denen jede auf bestimmte Gem\u00fctszust\u00e4nde wirkt. Sie k\u00f6nnen zum Beispiel bei Sorgen, starken \u00c4ngsten, Gereiztheit, Traurigkeit und Unsicherheit helfen. Auch M\u00fcdigkeit, Pessimismus und Ungeduld k\u00f6nnen wirksam bek\u00e4mpft werden.<\/p>\n<p>Die Tinkturen werden in Form von Tropfen eingenommen.<\/p>\n<p>Gegebenenfalls werden sie auch in Salben verarbeitet, um Problemzonen im und am K\u00f6rper \u00fcberraschend wirksam zu behandeln. Die Menschen f\u00fchlen sich kurzfristig wohler und vor allem mehr sie selbst. \"Angeborene\" negative Charaktereigenschaften k\u00f6nnen durch die Bloesem-Therapie dauerhaft verschwinden, sie weichen einem positiven Gef\u00fchl, mehr Kraft, Vitalit\u00e4t und Lebensfreude. Krankheiten kann auf diese Weise vorgebeugt werden und daher ist dieses sehr einfach anzuwendende Medikament f\u00fcr jeden zu empfehlen, der sich geistig oder emotional nicht optimal f\u00fchlt.<\/p>\n<p>Die Bl\u00fctenessenzen k\u00f6nnen bei jedem Erwachsenen angewendet werden, auch bei quengelnden, besch\u00e4ftigten, eifers\u00fcchtigen oder aggressiven Kindern. Viele \u00e4ngstliche oder aggressive Hunde sind durch diese einfache Behandlung bereits zu einem angenehmen Haustier geworden. Die Wirkung von anderen Medikamenten wird in keiner Weise beeintr\u00e4chtigt.<\/p>\n<p>Dr. Bach hatte bei dieser Heilmethode im Sinn, dass sie leicht anwendbar sein sollte. Mit den Blossom-Essenzen im Haus lassen sich viele Beschwerden in vielen Situationen leicht abmildern.<\/p>\n<p>Bei Pr\u00fcfungsangst, Schock bei Unf\u00e4llen, schreienden Babys und Kindern mit Angst oder Heimweh ist es ein wirksames Mittel. Auch Traurigkeit und Angst vor Scheidung oder Tod, Resignation und Niedergeschlagenheit bei Arbeitslosigkeit k\u00f6nnen ver\u00e4ndert werden. Aggressive oder unzug\u00e4ngliche Jugendliche, nachtragende oder kritische Schwiegereltern, \u00fcberforderte oder ersch\u00f6pfte Familienmitglieder; Frieden und Harmonie k\u00f6nnen mit dieser nat\u00fcrlichen Methode zur\u00fcckkehren.<\/p>\n<p>Es ist fast wunderbar, denn auch wenn sich eine Situation scheinbar nicht von selbst \u00e4ndert, so kann doch etwas gegen all diese Stimmungen getan werden! Ganz einfach, weil sich die innere Einstellung mit der Heilkraft der Bl\u00fcte \u00e4ndert. Dr. Bach war mit dieser einzigartigen, innovativen Heilmethode seiner Zeit definitiv voraus.<\/p>\n<p>Er hat den Weg zu einer neuen Art des Gesundwerdens geebnet: der Genesung von K\u00f6rper und Geist.<\/p>\n\t\t<\/div>\n\t\t\t\t\t<\/div>\n\n\t\n\n\t<div id=\"col-111812955\" class=\"col medium-3 small-12 large-3\"  >\n\t\t\t\t<div class=\"col-inner\"  >\n\t\t\t\n\t\t\t\n\t<div class=\"img has-hover x md-x lg-x y md-y lg-y\" id=\"image_1128229370\">\n\t\t\t\t\t\t\t\t<div class=\"img-inner dark\" >\n\t\t\t<img decoding=\"async\" width=\"250\" height=\"250\" src=\"https:\/\/www.starremedies.com\/wp-content\/uploads\/2016\/02\/edward_bach-3.jpg\" class=\"attachment-large size-large\" alt=\"\" srcset=\"https:\/\/www.starremedies.com\/wp-content\/uploads\/2016\/02\/edward_bach-3.jpg 250w, https:\/\/www.starremedies.com\/wp-content\/uploads\/2016\/02\/edward_bach-3-80x80.jpg 80w, https:\/\/www.starremedies.com\/wp-content\/uploads\/2016\/02\/edward_bach-3-36x36.jpg 36w, https:\/\/www.starremedies.com\/wp-content\/uploads\/2016\/02\/edward_bach-3-180x180.jpg 180w, https:\/\/www.starremedies.com\/wp-content\/uploads\/2016\/02\/edward_bach-3-120x120.jpg 120w\" sizes=\"(max-width: 250px) 100vw, 250px\" \/>\t\t\t\t\t\t\n\t\t\t\t\t<\/div>\n\t\t\t\t\t\t\t\t\n<style>\n#image_1128229370 {\n  width: 100%;\n}\n<\/style>\n\t<\/div>\n\t\n\t\t<\/div>\n\t\t\t\t\t<\/div>\n\n\t\n\n\t<div id=\"col-28133492\" class=\"col small-12 large-12\"  >\n\t\t\t\t<div class=\"col-inner\"  >\n\t\t\t\n\t\t\t\n<span class=\"scroll-to\" data-label=\"Scroll to: #7bach\" data-bullet=\"true\" data-link=\"#7bach\" data-title=\"7 Bach Groups\"><a name=\"7bach\"><\/a><\/span>\n<div class=\"is-divider divider clearfix\" style=\"margin-top:35px;margin-bottom:35px;\"><\/div>\n<h4>7 Bach-Gruppen<\/h4>\n<p>Edward Bach hat seine Erkenntnisse in 7 Gruppen eingeteilt, die 7 Bach-Gruppen. Diese 7 Bach-Gruppen leiten sich direkt von den Bach-Nosoden ab, die er entwickelt hat.<\/p>\n<ol>\n<li>Furcht<\/li>\n<li>Ungewissheit<\/li>\n<li>Unzureichendes Interesse an der Gegenwart<\/li>\n<li>Einsamkeit<\/li>\n<li>\u00dcberempfindlich gegen\u00fcber Einfl\u00fcssen und Ideen<\/li>\n<li>Niedergeschlagenheit und Verzweiflung<\/li>\n<li>\u00dcberm\u00e4\u00dfige Sorge um das Wohlergehen der anderen.<\/li>\n<\/ol>\n<div class=\"is-divider divider clearfix\" style=\"margin-top:35px;margin-bottom:35px;\"><\/div>\n<span class=\"scroll-to\" data-label=\"Scroll to: #rescue\" data-bullet=\"true\" data-link=\"#rescue\" data-title=\"First Aid Essence\"><a name=\"rescue\"><\/a><\/span>\n<h4>Erste-Hilfe-Essenz; Rettung, Notfall-Essenz, F\u00fcnf-Bl\u00fcten-Essenz<\/h4>\n<p>Edward Bach entwickelte auch eine Erste-Hilfe-Essenz. Urspr\u00fcnglich bestand diese Erste-Hilfe-Essenz ausschlie\u00dflich aus Rock Rose. Sp\u00e4ter f\u00fcgte er weitere Bachbl\u00fcten hinzu, die ihm zu Hilfe kommen sollten.<\/p>\n<p>Die Erste-Hilfe-Essenz ist eine fertige Bl\u00fctenkombination, die in Notf\u00e4llen aller Art als Erste Hilfe verabreicht werden kann.<\/p>\n<p>Die Mischung enth\u00e4lt die folgenden Essenzen:<\/p>\n<ul>\n<li>Stern von Bethlehem<\/li>\n<li>Felsenrose<\/li>\n<li>Impatiens<\/li>\n<li>Kirschpflaume<\/li>\n<li>Clematis<\/li>\n<\/ul>\n<p>Bei schweren Unf\u00e4llen und in lebensbedrohlichen Situationen soll sie von jedem als Erste Hilfe verabreicht werden, sofern kein Arzt anwesend ist. Die Erste-Hilfe-Essenz ist jedoch keinesfalls ein \"Ersatz\" f\u00fcr einen Arzt. LASSEN SIE DIE ERSTE-HILFE-ESSENZ NICHT ZUR GEWOHNHEIT WERDEN. EINE ERSTE-HILFE-ESSENZ; RETTUNG, NOTFALL-ESSENZ, F\u00dcNF-BL\u00dcTEN-ESSENZ SIND AUSSCHLIESSLICH F\u00dcR EMOTIONALE NOTF\u00c4LLE GEDACHT. ERSTE-HILFE-ESSENZEN DIENEN NICHT ALS AUSGLEICH F\u00dcR EINEN UNKLUGEN LEBENSSTIL. BACH-BL\u00dcTENESSENZEN UND BACH-BL\u00dcTENTHERAPIE ERSETZEN KEINEN ARZT ODER FACHARZT. ES IST IMMER NOTWENDIG, ZUERST EINEN ARZT ZU KONSULTIEREN.<\/p>\n<div class=\"is-divider divider clearfix\" style=\"margin-top:35px;margin-bottom:35px;\"><\/div>\n<span class=\"scroll-to\" data-label=\"Scroll to: #practice\" data-bullet=\"true\" data-link=\"#practice\" data-title=\"From Practice\"><a name=\"practice\"><\/a><\/span>\n<h4>Aus der Praxis<\/h4>\n<p><em><strong>Zur Veranschaulichung der obigen Ausf\u00fchrungen:<\/strong><\/em><\/p>\n<p>Vor Jahren sagte mir einmal ein Mitarbeiter des bach center in England: \"Wenn ich eine Nacht durchgemacht habe, nehme ich morgens ein paar Tropfen davon, und ich komme wieder durch den Tag\". Ich war sehr \u00fcberrascht. Das war mir nie in den Sinn gekommen. Aber als ich weiter dar\u00fcber nachdachte, konnte ich mir vorstellen, dass dies auch der Fall sein k\u00f6nnte. Wenn man wirklich einmal sehr viel Alkohol getrunken hat, ist das meiner Meinung nach auch eine Art Schock. Der Begriff Schock bezieht sich auf alles, was das harmonische Gleichgewicht in unserem Energiesystem st\u00f6ren kann.<\/p>\n<p>Sie sehen also, dass die Erste-Hilfe-Essenz als eine Art Haarlemmer-\u00d6l verwendet wird, w\u00e4hrend diese Essenz, wenn n\u00f6tig, Leben retten kann. Ich behaupte sogar, dass eine l\u00e4ngere Anwendung der Erste-Hilfe-Essenz Unruhe stiften kann, von der man nicht wei\u00df, woher sie kommt. Zum Beispiel kam jemand \u00fcber einen l\u00e4ngeren Zeitraum hinweg jeden Monat zu mir, um die Erste-Hilfe-Essenz zu holen. Als ich sie fragte, warum sie so oft ein Fl\u00e4schchen nahm, antwortete sie, dass sie es schaffte, es durchzuhalten.<\/p>\n<p>Ich riet ihr, etwas f\u00fcr sich selbst zu tun, z.B. mit der Bach-Therapie zu beginnen (die sie 17 Jahre lang w\u00f6chentlich bei einem Psychiater gemacht hatte), aber sie fand das zu be\u00e4ngstigend, sie zog es vor, die Dinge, die sie besch\u00e4ftigten, nicht an die Oberfl\u00e4che kommen zu lassen. Ich wollte ihr keine Flasche mehr verkaufen und habe ihr deutlich versucht zu erkl\u00e4ren, was bei l\u00e4ngerem Konsum entstehen kann. Vielleicht h\u00e4tte ich das nicht sagen sollen, aber ich denke, man sollte klare Informationen geben, wenn man mit den Essenzen arbeitet. Leider habe ich sie nicht wieder gesehen.<\/p>\n<p><a href=\"https:\/\/blog.madeleinemeuwessen.nl\/de\/\" target=\"_blank\" rel=\"noopener\">Lesen Sie mehr \u00fcber Madeleines praktische Erfahrungen in ihrem Blog.<\/a><\/p>\n<div class=\"is-divider divider clearfix\" style=\"margin-top:35px;margin-bottom:35px;\"><\/div>\n\t\t<\/div>\n\t\t\t\t\t<\/div>\n\n\t\n\n\t<div id=\"col-1447151433\" class=\"col medium-6 small-12 large-3\"  >\n\t\t\t\t<div class=\"col-inner\"  >\n\t\t\t\n\t\t\t\n<h4>Unterst\u00fctzt mit<\/h4>\n<ul>\n<li>Emotionale Stimmungsschwankungen<\/li>\n<li>Probleme mit dem Wandel<\/li>\n<li>Sich an neue Situationen anpassen<\/li>\n<li>\u00c4ngste mit bekannter und unbekannter Ursache<\/li>\n<li>Emotionale \u00dcberlastung<\/li>\n<li>Negatives pers\u00f6nliches Selbstbild<\/li>\n<li>Emotionale Traumata<\/li>\n<\/ul>\n\t\t<\/div>\n\t\t\t\t\t<\/div>\n\n\t\n\n\t<div id=\"col-947935878\" class=\"col medium-6 small-12 large-3\"  >\n\t\t\t\t<div class=\"col-inner\"  >\n\t\t\t\n\t\t\t\n<h4>Behandlung und Ergebnis<\/h4>\n<p>Emotionale Ungleichgewichte, die sich im Laufe der Jahre aufgebaut haben, lassen sich nicht innerhalb weniger Tage beseitigen. Es gilt die Regel, dass die Anzahl der Jahre, in denen man sich mit etwas besch\u00e4ftigt hat, die Anzahl der Monate ist, die es dauert, bis das Problem gel\u00f6st ist.<\/p>\n\t\t<\/div>\n\t\t\t\t\t<\/div>\n\n\t\n\n\t<div id=\"col-404434340\" class=\"col medium-6 small-12 large-3\"  >\n\t\t\t\t<div class=\"col-inner\"  >\n\t\t\t\n\t\t\t\n<h4 id=\"headline-882-3573\" class=\"ct-headline\">Anamnese<\/h4>\n<div id=\"_rich_text-887-3573\" class=\"oxy-rich-text c-padding-xs\">\n<p>Es ist immer wichtig, eine gute Diagnose zu stellen und so die Ursache der emotionalen Probleme zu ermitteln. So kann man gr\u00fcndlich mit Emotionen arbeiten und die bestehenden emotionalen Probleme l\u00f6sen.<\/p>\n<\/div>\n\t\t<\/div>\n\t\t\t\t\t<\/div>\n\n\t\n\n\t<div id=\"col-619305911\" class=\"col medium-6 small-12 large-3\"  >\n\t\t\t\t<div class=\"col-inner\"  >\n\t\t\t\n\t\t\t\n<h4>Der Mensch im Mittelpunkt<\/h4>\n<p>Bei der Bachbl\u00fctentherapie steht der Mensch im Mittelpunkt und nicht das Symptom. Bachbl\u00fcten sind in der Lage, die zugrunde liegenden Probleme des Ungleichgewichts zu bek\u00e4mpfen. Bachbl\u00fctenessenzen und Bachbl\u00fctentherapie verwandeln negative Gem\u00fctszust\u00e4nde in positive Qualit\u00e4ten.<\/p>\n\t\t<\/div>\n\t\t\t\t\t<\/div>\n\n\t\n<\/div>\n\t\t<\/div>\n\n\t\t\n<style>\n#section_1956965958 {\n  padding-top: 30px;\n  padding-bottom: 30px;\n}\n<\/style>\n\t<\/section>","protected":false},"excerpt":{"rendered":"","protected":false},"author":1,"featured_media":0,"parent":0,"menu_order":0,"comment_status":"closed","ping_status":"closed","template":"page-blank.php","meta":{"footnotes":""},"class_list":["post-3573","page","type-page","status-publish","hentry"],"yoast_head":"<!-- This site is optimized with the Yoast SEO plugin v27.4 - https:\/\/yoast.com\/product\/yoast-seo-wordpress\/ -->\n<title>Bach flower therapy by Madeleine Meuwessen - Star Remedies<\/title>\n<meta name=\"description\" content=\"Bach flower therapy turns negative states of mind into positive traits. The bach flower therapy by Madeleine Meuwessen.\" \/>\n<meta name=\"robots\" content=\"index, follow, max-snippet:-1, max-image-preview:large, max-video-preview:-1\" \/>\n<link rel=\"canonical\" href=\"https:\/\/www.starremedies.com\/de\/madeleine\/\" \/>\n<meta property=\"og:locale\" content=\"de_DE\" \/>\n<meta property=\"og:type\" content=\"article\" \/>\n<meta property=\"og:title\" content=\"Bach flower therapy by Madeleine Meuwessen - Star Remedies\" \/>\n<meta property=\"og:description\" content=\"Bach flower therapy turns negative states of mind into positive traits. The bach flower therapy by Madeleine Meuwessen.\" \/>\n<meta property=\"og:url\" content=\"https:\/\/www.starremedies.com\/de\/madeleine\/\" \/>\n<meta property=\"og:site_name\" content=\"Star Remedies\" \/>\n<meta property=\"article:publisher\" content=\"https:\/\/www.facebook.com\/starremedies\/\" \/>\n<meta property=\"article:modified_time\" content=\"2025-02-05T09:31:03+00:00\" \/>\n<meta name=\"twitter:card\" content=\"summary_large_image\" \/>\n<script type=\"application\/ld+json\" class=\"yoast-schema-graph\">{\"@context\":\"https:\\\/\\\/schema.org\",\"@graph\":[{\"@type\":\"WebPage\",\"@id\":\"https:\\\/\\\/www.starremedies.com\\\/madeleine\\\/\",\"url\":\"https:\\\/\\\/www.starremedies.com\\\/madeleine\\\/\",\"name\":\"Bach flower therapy by Madeleine Meuwessen - Star Remedies\",\"isPartOf\":{\"@id\":\"https:\\\/\\\/www.starremedies.com\\\/#website\"},\"datePublished\":\"2016-02-21T10:29:28+00:00\",\"dateModified\":\"2025-02-05T09:31:03+00:00\",\"description\":\"Bach flower therapy turns negative states of mind into positive traits. The bach flower therapy by Madeleine Meuwessen.\",\"breadcrumb\":{\"@id\":\"https:\\\/\\\/www.starremedies.com\\\/madeleine\\\/#breadcrumb\"},\"inLanguage\":\"de\",\"potentialAction\":[{\"@type\":\"ReadAction\",\"target\":[\"https:\\\/\\\/www.starremedies.com\\\/madeleine\\\/\"]}]},{\"@type\":\"BreadcrumbList\",\"@id\":\"https:\\\/\\\/www.starremedies.com\\\/madeleine\\\/#breadcrumb\",\"itemListElement\":[{\"@type\":\"ListItem\",\"position\":1,\"name\":\"Home\",\"item\":\"https:\\\/\\\/www.starremedies.com\\\/\"},{\"@type\":\"ListItem\",\"position\":2,\"name\":\"Bach flower therapy by Madeleine Meuwessen\"}]},{\"@type\":\"WebSite\",\"@id\":\"https:\\\/\\\/www.starremedies.com\\\/#website\",\"url\":\"https:\\\/\\\/www.starremedies.com\\\/\",\"name\":\"Star Remedies\",\"description\":\"\",\"publisher\":{\"@id\":\"https:\\\/\\\/www.starremedies.com\\\/#organization\"},\"potentialAction\":[{\"@type\":\"SearchAction\",\"target\":{\"@type\":\"EntryPoint\",\"urlTemplate\":\"https:\\\/\\\/www.starremedies.com\\\/?s={search_term_string}\"},\"query-input\":{\"@type\":\"PropertyValueSpecification\",\"valueRequired\":true,\"valueName\":\"search_term_string\"}}],\"inLanguage\":\"de\"},{\"@type\":\"Organization\",\"@id\":\"https:\\\/\\\/www.starremedies.com\\\/#organization\",\"name\":\"Star Remedies\",\"url\":\"https:\\\/\\\/www.starremedies.com\\\/\",\"logo\":{\"@type\":\"ImageObject\",\"inLanguage\":\"de\",\"@id\":\"https:\\\/\\\/www.starremedies.com\\\/#\\\/schema\\\/logo\\\/image\\\/\",\"url\":\"https:\\\/\\\/www.starremedies.com\\\/wp-content\\\/uploads\\\/2016\\\/02\\\/srl.gif\",\"contentUrl\":\"https:\\\/\\\/www.starremedies.com\\\/wp-content\\\/uploads\\\/2016\\\/02\\\/srl.gif\",\"width\":250,\"height\":250,\"caption\":\"Star Remedies\"},\"image\":{\"@id\":\"https:\\\/\\\/www.starremedies.com\\\/#\\\/schema\\\/logo\\\/image\\\/\"},\"sameAs\":[\"https:\\\/\\\/www.facebook.com\\\/starremedies\\\/\",\"https:\\\/\\\/www.instagram.com\\\/starremedies\\\/\"]}]}<\/script>\n<!-- \/ Yoast SEO plugin. -->","yoast_head_json":{"title":"Bachbl\u00fctentherapie von Madeleine Meuwessen - Star Remedies","description":"Die Bachbl\u00fctentherapie verwandelt negative Gem\u00fctszust\u00e4nde in positive Eigenschaften. Die Bachbl\u00fctentherapie von Madeleine Meuwessen.","robots":{"index":"index","follow":"follow","max-snippet":"max-snippet:-1","max-image-preview":"max-image-preview:large","max-video-preview":"max-video-preview:-1"},"canonical":"https:\/\/www.starremedies.com\/de\/madeleine\/","og_locale":"de_DE","og_type":"article","og_title":"Bach flower therapy by Madeleine Meuwessen - Star Remedies","og_description":"Bach flower therapy turns negative states of mind into positive traits. The bach flower therapy by Madeleine Meuwessen.","og_url":"https:\/\/www.starremedies.com\/de\/madeleine\/","og_site_name":"Star Remedies","article_publisher":"https:\/\/www.facebook.com\/starremedies\/","article_modified_time":"2025-02-05T09:31:03+00:00","twitter_card":"summary_large_image","schema":{"@context":"https:\/\/schema.org","@graph":[{"@type":"WebPage","@id":"https:\/\/www.starremedies.com\/madeleine\/","url":"https:\/\/www.starremedies.com\/madeleine\/","name":"Bachbl\u00fctentherapie von Madeleine Meuwessen - Star Remedies","isPartOf":{"@id":"https:\/\/www.starremedies.com\/#website"},"datePublished":"2016-02-21T10:29:28+00:00","dateModified":"2025-02-05T09:31:03+00:00","description":"Die Bachbl\u00fctentherapie verwandelt negative Gem\u00fctszust\u00e4nde in positive Eigenschaften. Die Bachbl\u00fctentherapie von Madeleine Meuwessen.","breadcrumb":{"@id":"https:\/\/www.starremedies.com\/madeleine\/#breadcrumb"},"inLanguage":"de","potentialAction":[{"@type":"ReadAction","target":["https:\/\/www.starremedies.com\/madeleine\/"]}]},{"@type":"BreadcrumbList","@id":"https:\/\/www.starremedies.com\/madeleine\/#breadcrumb","itemListElement":[{"@type":"ListItem","position":1,"name":"Home","item":"https:\/\/www.starremedies.com\/"},{"@type":"ListItem","position":2,"name":"Bach flower therapy by Madeleine Meuwessen"}]},{"@type":"WebSite","@id":"https:\/\/www.starremedies.com\/#website","url":"https:\/\/www.starremedies.com\/","name":"Star Remedies","description":"","publisher":{"@id":"https:\/\/www.starremedies.com\/#organization"},"potentialAction":[{"@type":"SearchAction","target":{"@type":"EntryPoint","urlTemplate":"https:\/\/www.starremedies.com\/?s={search_term_string}"},"query-input":{"@type":"PropertyValueSpecification","valueRequired":true,"valueName":"search_term_string"}}],"inLanguage":"de"},{"@type":"Organization","@id":"https:\/\/www.starremedies.com\/#organization","name":"Star Remedies","url":"https:\/\/www.starremedies.com\/","logo":{"@type":"ImageObject","inLanguage":"de","@id":"https:\/\/www.starremedies.com\/#\/schema\/logo\/image\/","url":"https:\/\/www.starremedies.com\/wp-content\/uploads\/2016\/02\/srl.gif","contentUrl":"https:\/\/www.starremedies.com\/wp-content\/uploads\/2016\/02\/srl.gif","width":250,"height":250,"caption":"Star Remedies"},"image":{"@id":"https:\/\/www.starremedies.com\/#\/schema\/logo\/image\/"},"sameAs":["https:\/\/www.facebook.com\/starremedies\/","https:\/\/www.instagram.com\/starremedies\/"]}]}},"_links":{"self":[{"href":"https:\/\/www.starremedies.com\/de\/wp-json\/wp\/v2\/pages\/3573","targetHints":{"allow":["GET"]}}],"collection":[{"href":"https:\/\/www.starremedies.com\/de\/wp-json\/wp\/v2\/pages"}],"about":[{"href":"https:\/\/www.starremedies.com\/de\/wp-json\/wp\/v2\/types\/page"}],"author":[{"embeddable":true,"href":"https:\/\/www.starremedies.com\/de\/wp-json\/wp\/v2\/users\/1"}],"replies":[{"embeddable":true,"href":"https:\/\/www.starremedies.com\/de\/wp-json\/wp\/v2\/comments?post=3573"}],"version-history":[{"count":10,"href":"https:\/\/www.starremedies.com\/de\/wp-json\/wp\/v2\/pages\/3573\/revisions"}],"predecessor-version":[{"id":27965,"href":"https:\/\/www.starremedies.com\/de\/wp-json\/wp\/v2\/pages\/3573\/revisions\/27965"}],"wp:attachment":[{"href":"https:\/\/www.starremedies.com\/de\/wp-json\/wp\/v2\/media?parent=3573"}],"curies":[{"name":"wp","href":"https:\/\/api.w.org\/{rel}","templated":true}]}}