{"id":3386,"date":"2016-02-19T12:21:48","date_gmt":"2016-02-19T11:21:48","guid":{"rendered":"https:\/\/www.starremedies.com\/?page_id=3386"},"modified":"2025-02-04T13:19:30","modified_gmt":"2025-02-04T12:19:30","slug":"ainsworths","status":"publish","type":"page","link":"https:\/\/www.starremedies.com\/de\/brands\/ainsworths\/","title":{"rendered":"Ainsworths Bachbl\u00fcten Essenzen"},"content":{"rendered":"<section class=\"section section_breadcrumbs\" id=\"section_2133253692\">\n\t\t<div class=\"section-bg fill\" >\n\t\t\t\t\t\t\t\t\t\n\t\t\t\n\n\t\t<\/div>\n\n\t\t\n\n\t\t<div class=\"section-content relative\">\n\t\t\t\n<div class=\"row breadcrumbs-row\"  id=\"row-420425693\">\n\n\t<div id=\"col-1730094570\" class=\"col small-12 large-12\"  >\n\t\t\t\t<div class=\"col-inner\"  >\n\t\t\t\n\t\t\t\n\t<div id=\"text-3404044098\" class=\"text breadcrumbs\">\n\t\t\n<span><span><a href=\"https:\/\/www.starremedies.com\/de\/\">Startseite<\/a><\/span><\/span>\n\t\t\t<\/div>\n\t\n\t\t<\/div>\n\t\t\t\t\t<\/div>\n\n\t\n\n<style>\n#row-420425693 > .col > .col-inner {\n  padding: 0px 0px 0px 0px;\n}\n<\/style>\n<\/div>\n\t\t<\/div>\n\n\t\t\n<style>\n#section_2133253692 {\n  padding-top: 0px;\n  padding-bottom: 0px;\n  margin-bottom: 0px;\n}\n<\/style>\n\t<\/section>\n\t\n\n\t<section class=\"section products_row\" id=\"section_1931216295\">\n\t\t<div class=\"section-bg fill\" >\n\t\t\t\t\t\t\t\t\t\n\t\t\t\n\n\t\t<\/div>\n\n\t\t\n\n\t\t<div class=\"section-content relative\">\n\t\t\t\n<div class=\"row align-middle align-center\"  id=\"row-418341947\">\n\n\t<div id=\"col-2000498878\" class=\"col medium-4 small-8 large-2\"  >\n\t\t\t\t<div class=\"col-inner text-center\"  >\n\t\t\t\n\t\t\t\n\t<div class=\"img has-hover x md-x lg-x y md-y lg-y\" id=\"image_2133662176\">\n\t\t\t\t\t\t\t\t<div class=\"img-inner dark\" >\n\t\t\t<img decoding=\"async\" width=\"4186\" height=\"783\" src=\"https:\/\/www.starremedies.com\/wp-content\/uploads\/2016\/02\/Ainsworhts-logo.png\" class=\"attachment-original size-original\" alt=\"\" srcset=\"https:\/\/www.starremedies.com\/wp-content\/uploads\/2016\/02\/Ainsworhts-logo.png 4186w, https:\/\/www.starremedies.com\/wp-content\/uploads\/2016\/02\/Ainsworhts-logo-300x56.png 300w, https:\/\/www.starremedies.com\/wp-content\/uploads\/2016\/02\/Ainsworhts-logo-768x144.png 768w, https:\/\/www.starremedies.com\/wp-content\/uploads\/2016\/02\/Ainsworhts-logo-1030x193.png 1030w, https:\/\/www.starremedies.com\/wp-content\/uploads\/2016\/02\/Ainsworhts-logo-1500x281.png 1500w, https:\/\/www.starremedies.com\/wp-content\/uploads\/2016\/02\/Ainsworhts-logo-705x132.png 705w, https:\/\/www.starremedies.com\/wp-content\/uploads\/2016\/02\/Ainsworhts-logo-450x84.png 450w\" sizes=\"(max-width: 4186px) 100vw, 4186px\" \/>\t\t\t\t\t\t\n\t\t\t\t\t<\/div>\n\t\t\t\t\t\t\t\t\n<style>\n#image_2133662176 {\n  width: 100%;\n}\n<\/style>\n\t<\/div>\n\t\n\t\t<\/div>\n\t\t\t\t\n<style>\n#col-2000498878 > .col-inner {\n  padding: 50px 0px 0px 0px;\n}\n<\/style>\n\t<\/div>\n\n\t\n\n\t<div id=\"col-1840485113\" class=\"col small-12 large-12\"  >\n\t\t\t\t<div class=\"col-inner text-center\"  >\n\t\t\t\n\t\t\t\n\t<div id=\"text-2295285260\" class=\"text\">\n\t\t\n<h1>AINSWORTHS ORIGINAL BACH BL\u00dcTENESSENZEN<\/h1>\n<h2>nach edward bach<\/h2>\n<p><strong>1:240 Verd\u00fcnnung<\/strong><br \/>\n<strong>Original Stockbottles<\/strong><br \/>\n<strong>handgefertigt in England<\/strong><\/p>\n\t\t\n<style>\n#text-2295285260 {\n  text-align: center;\n}\n<\/style>\n\t<\/div>\n\t\n\t\t<\/div>\n\t\t\t\t\t<\/div>\n\n\t\n<\/div>\n\t\t<\/div>\n\n\t\t\n<style>\n#section_1931216295 {\n  padding-top: 30px;\n  padding-bottom: 30px;\n  background-color: rgb(247, 247, 247);\n}\n<\/style>\n\t<\/section>\n\t\n\n\t<section class=\"section\" id=\"section_1455305881\">\n\t\t<div class=\"section-bg fill\" >\n\t\t\t\t\t\t\t\t\t\n\t\t\t\n\n\t\t<\/div>\n\n\t\t\n\n\t\t<div class=\"section-content relative\">\n\t\t\t\n<div class=\"row\"  id=\"row-2025640990\">\n\n\t<div id=\"col-1770782018\" class=\"col medium-6 small-12 large-6\"  >\n\t\t\t\t<div class=\"col-inner\"  >\n\t\t\t\n\t\t\t\n<div class=\"row align-center\"  id=\"row-527367898\">\n\n\t<div id=\"col-2093926650\" class=\"col medium-4 small-4 large-2\"  >\n\t\t\t\t<div class=\"col-inner\"  >\n\t\t\t\n\t\t\t\n\t<div class=\"img has-hover x md-x lg-x y md-y lg-y\" id=\"image_1948190076\">\n\t\t\t\t\t\t\t\t<div class=\"img-inner dark\" >\n\t\t\t<img decoding=\"async\" width=\"100\" height=\"100\" src=\"https:\/\/www.starremedies.com\/wp-content\/uploads\/2016\/02\/gmp.png\" class=\"attachment-large size-large\" alt=\"\" srcset=\"https:\/\/www.starremedies.com\/wp-content\/uploads\/2016\/02\/gmp.png 100w, https:\/\/www.starremedies.com\/wp-content\/uploads\/2016\/02\/gmp-80x80.png 80w, https:\/\/www.starremedies.com\/wp-content\/uploads\/2016\/02\/gmp-36x36.png 36w\" sizes=\"(max-width: 100px) 100vw, 100px\" \/>\t\t\t\t\t\t\n\t\t\t\t\t<\/div>\n\t\t\t\t\t\t\t\t\n<style>\n#image_1948190076 {\n  width: 100%;\n}\n<\/style>\n\t<\/div>\n\t\n\t\t<\/div>\n\t\t\t\t\t<\/div>\n\n\t\n\n\t<div id=\"col-1006152624\" class=\"col small-12 large-12\"  >\n\t\t\t\t<div class=\"col-inner\"  >\n\t\t\t\n\t\t\t\n<h3>Anerkannte Qualit\u00e4t<\/h3>\n<p>Ihre Majest\u00e4t K\u00f6nigin Elizabeth, der Prinz von Wales - Prinz Charles und die verstorbene K\u00f6niginmutter haben Ainsworths pers\u00f6nlich mit dem Pr\u00e4dikat k\u00f6niglich \/ Hoflieferant ausgezeichnet. Seit Jahren werden die Bachbl\u00fctenessenzen von Ainsworths vom englischen K\u00f6nigshaus verwendet. Die Ainsworths Bachbl\u00fctenessenzen werden nach genau der gleichen Methode hergestellt, wie sie auch Dr. Edward Bach hergestellt hat und sind somit Original Bachbl\u00fctenessenzen.<\/p>\n\t\t<\/div>\n\t\t\t\t\t<\/div>\n\n\t\n<\/div>\n\t\t<\/div>\n\t\t\t\t\t<\/div>\n\n\t\n\n\t<div id=\"col-655971106\" class=\"col medium-6 small-12 large-6\"  >\n\t\t\t\t<div class=\"col-inner\"  >\n\t\t\t\n\t\t\t\n<div class=\"row align-center\"  id=\"row-1882080481\">\n\n\t<div id=\"col-1992325956\" class=\"col medium-6 small-6 large-3\"  >\n\t\t\t\t<div class=\"col-inner\"  >\n\t\t\t\n\t\t\t\n\t<div class=\"img has-hover x md-x lg-x y md-y lg-y\" id=\"image_1206759562\">\n\t\t\t\t\t\t\t\t<div class=\"img-inner dark\" >\n\t\t\t<img decoding=\"async\" width=\"172\" height=\"108\" src=\"https:\/\/www.starremedies.com\/wp-content\/uploads\/2016\/02\/warrants.png\" class=\"attachment-large size-large\" alt=\"\" \/>\t\t\t\t\t\t\n\t\t\t\t\t<\/div>\n\t\t\t\t\t\t\t\t\n<style>\n#image_1206759562 {\n  width: 100%;\n}\n<\/style>\n\t<\/div>\n\t\n\t\t<\/div>\n\t\t\t\t\t<\/div>\n\n\t\n\n\t<div id=\"col-23850837\" class=\"col small-12 large-12\"  >\n\t\t\t\t<div class=\"col-inner\"  >\n\t\t\t\n\t\t\t\n<h3>K\u00f6niglicher Lieferant<\/h3>\n<p>Ainsworths hat die Ehre, zum Royal Warrant Holder f\u00fcr die Lieferung ihrer hom\u00f6opathischen Arzneimittel an S.M. die K\u00f6nigin, S.M. die K\u00f6niginmutter und S.H. den Prinzen von Wales ernannt worden zu sein. Ainsworths wurde mit drei Anerkennungen als Lieferant des K\u00f6nigshauses durch Ernennung von S.H. Prinz Charles, S.H. der K\u00f6nigin und S.H. der K\u00f6niginmutter anerkannt. Diese Ernennung wird nur an Unternehmen vergeben, die vorbildliche Standards erf\u00fcllen.<\/p>\n\t\t<\/div>\n\t\t\t\t\t<\/div>\n\n\t\n<\/div>\n\t\t<\/div>\n\t\t\t\t\t<\/div>\n\n\t\n\n\t<div id=\"col-220578940\" class=\"col small-12 large-12\"  >\n\t\t\t\t<div class=\"col-inner\"  >\n\t\t\t\n\t\t\t\n<div class=\"row align-center\"  id=\"row-778074057\">\n\n\t<div id=\"col-621730105\" class=\"col medium-3 small-6 large-2\"  >\n\t\t\t\t<div class=\"col-inner text-center\"  >\n\t\t\t\n\t\t\t\n\t<div class=\"img has-hover x md-x lg-x y md-y lg-y\" id=\"image_1823618508\">\n\t\t\t\t\t\t\t\t<div class=\"img-inner dark\" >\n\t\t\t<img decoding=\"async\" width=\"150\" height=\"75\" src=\"https:\/\/www.starremedies.com\/wp-content\/uploads\/2016\/02\/1240.gif\" class=\"attachment-original size-original\" alt=\"\" \/>\t\t\t\t\t\t\n\t\t\t\t\t<\/div>\n\t\t\t\t\t\t\t\t\n<style>\n#image_1823618508 {\n  width: 90%;\n}\n<\/style>\n\t<\/div>\n\t\n\t\t<\/div>\n\t\t\t\t\t<\/div>\n\n\t\n\n\t<div id=\"col-873713501\" class=\"col small-12 large-12\"  >\n\t\t\t\t<div class=\"col-inner\"  >\n\t\t\t\n\t\t\t\n<h2>Original Bachbl\u00fcten Essenzen<\/h2>\n<p>Die Bachbl\u00fctenessenzen sind heute noch genauso wichtig wie damals, als sie entdeckt wurden. Bei Ainsworths werden die Essenzen aus denselben Pflanzen hergestellt, die auch Dr. Edward Bach verwendet hat. Es werden nur Arten verwendet, die in der freien Natur wachsen. Die Bachbl\u00fctenessenzen von Ainsworths werden auf der Basis von Brandy in einer Verd\u00fcnnung von 1:240 hergestellt. Edward Bach stellte seine Bachbl\u00fctenessenzen her. Ainsworths Bachbl\u00fcten Essenzen sind sowohl lose als auch im 10 ml Set erh\u00e4ltlich. Obwohl Dr. Edward Bach von Beruf Hom\u00f6opath war, stellte er klar, dass seine Bachbl\u00fctenessenzen absolut keine hom\u00f6opathischen Pr\u00e4parate waren und sind.<\/p>\n\t\t<\/div>\n\t\t\t\t\t<\/div>\n\n\t\n<\/div>\n\t\t<\/div>\n\t\t\t\t\t<\/div>\n\n\t\n\n\t<div id=\"col-1466363244\" class=\"col medium-6 small-12 large-6\"  >\n\t\t\t\t<div class=\"col-inner\"  >\n\t\t\t\n\t\t\t\n<div class=\"row align-center\"  id=\"row-1580706285\">\n\n\t<div id=\"col-83297178\" class=\"col medium-8 small-12 large-8\"  >\n\t\t\t\t<div class=\"col-inner\"  >\n\t\t\t\n\t\t\t\n\t<div class=\"img has-hover x md-x lg-x y md-y lg-y\" id=\"image_475749964\">\n\t\t\t\t\t\t\t\t<div class=\"img-inner dark\" >\n\t\t\t<img decoding=\"async\" width=\"500\" height=\"500\" src=\"https:\/\/www.starremedies.com\/wp-content\/uploads\/2021\/08\/Ainworths-Emergency-Cream.jpg\" class=\"attachment-original size-original\" alt=\"\" srcset=\"https:\/\/www.starremedies.com\/wp-content\/uploads\/2021\/08\/Ainworths-Emergency-Cream.jpg 500w, https:\/\/www.starremedies.com\/wp-content\/uploads\/2021\/08\/Ainworths-Emergency-Cream-300x300.jpg 300w, https:\/\/www.starremedies.com\/wp-content\/uploads\/2021\/08\/Ainworths-Emergency-Cream-80x80.jpg 80w\" sizes=\"(max-width: 500px) 100vw, 500px\" \/>\t\t\t\t\t\t\n\t\t\t\t\t<\/div>\n\t\t\t\t\t\t\t\t\n<style>\n#image_475749964 {\n  width: 100%;\n}\n<\/style>\n\t<\/div>\n\t\n\t\t<\/div>\n\t\t\t\t\t<\/div>\n\n\t\n\n\t<div id=\"col-806610082\" class=\"col small-12 large-12\"  >\n\t\t\t\t<div class=\"col-inner\"  >\n\t\t\t\n\t\t\t\n<h3>Ainsworths Notfall-Creme<\/h3>\n<p>Diese Creme wird nach einer einzigartigen Rezeptur hergestellt, die 100% nat\u00fcrlich ist und nur nat\u00fcrliche Konservierungsstoffe enth\u00e4lt. Dies ist besonders wichtig f\u00fcr eine Bachbl\u00fctencreme, die als milde \"ganzheitliche\" Creme gedacht ist. Durch die Verwendung nat\u00fcrlicher Konservierungsstoffe bleibt die nat\u00fcrliche Energie des Produkts erhalten.<\/p>\n<p>Ainsworths Notfallcreme enth\u00e4lt nur 100% nat\u00fcrliche Inhaltsstoffe!<\/p>\n<p>Zusammensetzung: Stern von Bethlehem, Steinrose, Impatiens, Kirschpflaume, Clematis, Mimulus, Espe, Wei\u00dfkastanie<\/p>\n\t\t<\/div>\n\t\t\t\t\t<\/div>\n\n\t\n<\/div>\n\t\t<\/div>\n\t\t\t\t\t<\/div>\n\n\t\n\n\t<div id=\"col-22577053\" class=\"col medium-6 small-12 large-6\"  >\n\t\t\t\t<div class=\"col-inner\"  >\n\t\t\t\n\t\t\t\n<div class=\"row align-center\"  id=\"row-1521709849\">\n\n\t<div id=\"col-1904004951\" class=\"col medium-8 small-12 large-8\"  >\n\t\t\t\t<div class=\"col-inner\"  >\n\t\t\t\n\t\t\t\n\t<div class=\"img has-hover x md-x lg-x y md-y lg-y\" id=\"image_961838335\">\n\t\t\t\t\t\t\t\t<div class=\"img-inner dark\" >\n\t\t\t<img decoding=\"async\" width=\"500\" height=\"500\" src=\"https:\/\/www.starremedies.com\/wp-content\/uploads\/2021\/08\/Recovery-Remedy.jpg\" class=\"attachment-original size-original\" alt=\"\" srcset=\"https:\/\/www.starremedies.com\/wp-content\/uploads\/2021\/08\/Recovery-Remedy.jpg 500w, https:\/\/www.starremedies.com\/wp-content\/uploads\/2021\/08\/Recovery-Remedy-300x300.jpg 300w, https:\/\/www.starremedies.com\/wp-content\/uploads\/2021\/08\/Recovery-Remedy-80x80.jpg 80w\" sizes=\"(max-width: 500px) 100vw, 500px\" \/>\t\t\t\t\t\t\n\t\t\t\t\t<\/div>\n\t\t\t\t\t\t\t\t\n<style>\n#image_961838335 {\n  width: 100%;\n}\n<\/style>\n\t<\/div>\n\t\n\t\t<\/div>\n\t\t\t\t\t<\/div>\n\n\t\n\n\t<div id=\"col-760253378\" class=\"col small-12 large-12\"  >\n\t\t\t\t<div class=\"col-inner\"  >\n\t\t\t\n\t\t\t\n<h3>Ainsworths Recovery Plus<\/h3>\n<p>Ainsworths' Recovery-Kombinationsessenz mit zus\u00e4tzlichen Bl\u00fctenessenzen<\/p>\n\t\t<\/div>\n\t\t\t\t\t<\/div>\n\n\t\n<\/div>\n\t\t<\/div>\n\t\t\t\t\t<\/div>\n\n\t\n\n\t<div id=\"col-749899656\" class=\"col small-12 large-12\"  >\n\t\t\t\t<div class=\"col-inner\"  >\n\t\t\t\n\t\t\t\n<div class=\"row align-center\"  id=\"row-1819554320\">\n\n\t<div id=\"col-1498465848\" class=\"col medium-3 small-6 large-2\"  >\n\t\t\t\t<div class=\"col-inner text-center\"  >\n\t\t\t\n\t\t\t\n\t<div class=\"img has-hover x md-x lg-x y md-y lg-y\" id=\"image_1626360805\">\n\t\t\t\t\t\t\t\t<div class=\"img-inner dark\" >\n\t\t\t<img decoding=\"async\" width=\"150\" height=\"75\" src=\"https:\/\/www.starremedies.com\/wp-content\/uploads\/2016\/02\/1240.gif\" class=\"attachment-original size-original\" alt=\"\" \/>\t\t\t\t\t\t\n\t\t\t\t\t<\/div>\n\t\t\t\t\t\t\t\t\n<style>\n#image_1626360805 {\n  width: 90%;\n}\n<\/style>\n\t<\/div>\n\t\n\t\t<\/div>\n\t\t\t\t\t<\/div>\n\n\t\n\n\t<div id=\"col-2044363526\" class=\"col small-12 large-12\"  >\n\t\t\t\t<div class=\"col-inner\"  >\n\t\t\t\n\t\t\t\n<h3>1:240 Verd\u00fcnnung<\/h3>\n<p>Ainsworths stellt Bachbl\u00fctenessenzen in \u00dcbereinstimmung mit den Schriften von Dr. med. Edward Bach her. Edward Bach mit einer Verd\u00fcnnung von 1 zu 240 her. Das bedeutet, dass 1 Tropfen der Urtinktur auf 240 Tropfen Brandy verd\u00fcnnt wird. Dies kennzeichnet eine starke Bachbl\u00fcte. HINWEIS : 1 zu 240 ist anders als 1 zu 240%!<\/p>\n<h4>Authentisch<\/h4>\n<p>Ainsworths stellt auf die gleiche Weise her, wie Dr. Edward Bach seine Bachbl\u00fcten hergestellt hat. Der Herstellungsprozess beinhaltet viel Handarbeit, wobei die Aufmerksamkeit f\u00fcr die Bachbl\u00fcten wesentlich ist. Ainsworths stellt Original Bachbl\u00fcten Essenzen genau so her wie und im Geiste von Dr. Edward Bach und Nora Weeks.<\/p>\n<h4>Natur<\/h4>\n<p>Ainsworths Bachbl\u00fctenessenzen werden aus Pflanzen, Str\u00e4uchern und B\u00e4umen hergestellt, die in Gebieten wachsen, in die keine Menschen kommen.<\/p>\n\t\t<\/div>\n\t\t\t\t\n<style>\n#col-2044363526 > .col-inner {\n  padding: 0px 0px 75px 0px;\n}\n<\/style>\n\t<\/div>\n\n\t\n\n\t<div id=\"col-1975941236\" class=\"col small-12 large-12\"  >\n\t\t\t\t<div class=\"col-inner\"  >\n\t\t\t\n\t\t\t\n<h2>BACH FLOWER ESSENCES kaufen<\/h2>\n<p>Ainsworths Bachbl\u00fcten Essenzen k\u00f6nnen separat bestellt werden bei\u00a0<a href=\"https:\/\/www.starremediesshop.com\/de\/bachfloweressences\/ainsworths\/\" target=\"_blank\" rel=\"noopener\">https:\/\/www.starremediesshop.com\/<\/a><\/p>\n<p>Sie sind Unternehmer, Fachmann oder Therapeut und interessieren sich f\u00fcr Star Remedies Produkte.\u00a0<a href=\"https:\/\/www.starremedies.com\/de\/companies\/\">Anmeldung \u00fcber das Anmeldeformular f\u00fcr Unternehmen<\/a>\u00a0und f\u00fcr Therapeuten und Fachleute,\u00a0<a href=\"https:\/\/www.starremedies.com\/de\/companies\/\">das Anmeldeformular f\u00fcr Fachleute<\/a>.<\/p>\n\t\t<\/div>\n\t\t\t\t\t<\/div>\n\n\t\n<\/div>\n\t\t<\/div>\n\t\t\t\t\t<\/div>\n\n\t\n<\/div>\n\t\t<\/div>\n\n\t\t\n<style>\n#section_1455305881 {\n  padding-top: 30px;\n  padding-bottom: 30px;\n}\n<\/style>\n\t<\/section>","protected":false},"excerpt":{"rendered":"","protected":false},"author":1,"featured_media":0,"parent":4107,"menu_order":0,"comment_status":"closed","ping_status":"closed","template":"page-blank.php","meta":{"footnotes":""},"class_list":["post-3386","page","type-page","status-publish","hentry"],"yoast_head":"<!-- This site is optimized with the Yoast SEO plugin v27.4 - https:\/\/yoast.com\/product\/yoast-seo-wordpress\/ -->\n<title>Ainsworths bach flower essences - original bach flowers<\/title>\n<meta name=\"description\" content=\"Ainsworths bach flower essences are made according to the method of Edward Bach and have the original dilution of 1 in 240. Bach flowers from England.\" \/>\n<meta name=\"robots\" content=\"index, follow, max-snippet:-1, max-image-preview:large, max-video-preview:-1\" \/>\n<link rel=\"canonical\" href=\"https:\/\/www.starremedies.com\/de\/brands\/ainsworths\/\" \/>\n<meta property=\"og:locale\" content=\"de_DE\" \/>\n<meta property=\"og:type\" content=\"article\" \/>\n<meta property=\"og:title\" content=\"Ainsworths bach flower essences - original bach flowers\" \/>\n<meta property=\"og:description\" content=\"Ainsworths bach flower essences are made according to the method of Edward Bach and have the original dilution of 1 in 240. Bach flowers from England.\" \/>\n<meta property=\"og:url\" content=\"https:\/\/www.starremedies.com\/de\/brands\/ainsworths\/\" \/>\n<meta property=\"og:site_name\" content=\"Star Remedies\" \/>\n<meta property=\"article:publisher\" content=\"https:\/\/www.facebook.com\/starremedies\/\" \/>\n<meta property=\"article:modified_time\" content=\"2025-02-04T12:19:30+00:00\" \/>\n<meta name=\"twitter:card\" content=\"summary_large_image\" \/>\n<script type=\"application\/ld+json\" class=\"yoast-schema-graph\">{\"@context\":\"https:\\\/\\\/schema.org\",\"@graph\":[{\"@type\":\"WebPage\",\"@id\":\"https:\\\/\\\/www.starremedies.com\\\/brands\\\/ainsworths\\\/\",\"url\":\"https:\\\/\\\/www.starremedies.com\\\/brands\\\/ainsworths\\\/\",\"name\":\"Ainsworths bach flower essences - original bach flowers\",\"isPartOf\":{\"@id\":\"https:\\\/\\\/www.starremedies.com\\\/#website\"},\"datePublished\":\"2016-02-19T11:21:48+00:00\",\"dateModified\":\"2025-02-04T12:19:30+00:00\",\"description\":\"Ainsworths bach flower essences are made according to the method of Edward Bach and have the original dilution of 1 in 240. Bach flowers from England.\",\"breadcrumb\":{\"@id\":\"https:\\\/\\\/www.starremedies.com\\\/brands\\\/ainsworths\\\/#breadcrumb\"},\"inLanguage\":\"de\",\"potentialAction\":[{\"@type\":\"ReadAction\",\"target\":[\"https:\\\/\\\/www.starremedies.com\\\/brands\\\/ainsworths\\\/\"]}]},{\"@type\":\"BreadcrumbList\",\"@id\":\"https:\\\/\\\/www.starremedies.com\\\/brands\\\/ainsworths\\\/#breadcrumb\",\"itemListElement\":[{\"@type\":\"ListItem\",\"position\":1,\"name\":\"Home\",\"item\":\"https:\\\/\\\/www.starremedies.com\\\/\"},{\"@type\":\"ListItem\",\"position\":2,\"name\":\"Our Brands\",\"item\":\"https:\\\/\\\/www.starremedies.com\\\/brands\\\/\"},{\"@type\":\"ListItem\",\"position\":3,\"name\":\"Ainsworths Bach Flowers Essences\"}]},{\"@type\":\"WebSite\",\"@id\":\"https:\\\/\\\/www.starremedies.com\\\/#website\",\"url\":\"https:\\\/\\\/www.starremedies.com\\\/\",\"name\":\"Star Remedies\",\"description\":\"\",\"publisher\":{\"@id\":\"https:\\\/\\\/www.starremedies.com\\\/#organization\"},\"potentialAction\":[{\"@type\":\"SearchAction\",\"target\":{\"@type\":\"EntryPoint\",\"urlTemplate\":\"https:\\\/\\\/www.starremedies.com\\\/?s={search_term_string}\"},\"query-input\":{\"@type\":\"PropertyValueSpecification\",\"valueRequired\":true,\"valueName\":\"search_term_string\"}}],\"inLanguage\":\"de\"},{\"@type\":\"Organization\",\"@id\":\"https:\\\/\\\/www.starremedies.com\\\/#organization\",\"name\":\"Star Remedies\",\"url\":\"https:\\\/\\\/www.starremedies.com\\\/\",\"logo\":{\"@type\":\"ImageObject\",\"inLanguage\":\"de\",\"@id\":\"https:\\\/\\\/www.starremedies.com\\\/#\\\/schema\\\/logo\\\/image\\\/\",\"url\":\"https:\\\/\\\/www.starremedies.com\\\/wp-content\\\/uploads\\\/2016\\\/02\\\/srl.gif\",\"contentUrl\":\"https:\\\/\\\/www.starremedies.com\\\/wp-content\\\/uploads\\\/2016\\\/02\\\/srl.gif\",\"width\":250,\"height\":250,\"caption\":\"Star Remedies\"},\"image\":{\"@id\":\"https:\\\/\\\/www.starremedies.com\\\/#\\\/schema\\\/logo\\\/image\\\/\"},\"sameAs\":[\"https:\\\/\\\/www.facebook.com\\\/starremedies\\\/\",\"https:\\\/\\\/www.instagram.com\\\/starremedies\\\/\"]}]}<\/script>\n<!-- \/ Yoast SEO plugin. -->","yoast_head_json":{"title":"Ainsworths Bachbl\u00fcten Essenzen - Original Bachbl\u00fcten","description":"Ainsworths Bachbl\u00fctenessenzen werden nach der Methode von Edward Bach hergestellt und haben die Originalverd\u00fcnnung von 1:240. Bachbl\u00fcten aus England.","robots":{"index":"index","follow":"follow","max-snippet":"max-snippet:-1","max-image-preview":"max-image-preview:large","max-video-preview":"max-video-preview:-1"},"canonical":"https:\/\/www.starremedies.com\/de\/brands\/ainsworths\/","og_locale":"de_DE","og_type":"article","og_title":"Ainsworths bach flower essences - original bach flowers","og_description":"Ainsworths bach flower essences are made according to the method of Edward Bach and have the original dilution of 1 in 240. Bach flowers from England.","og_url":"https:\/\/www.starremedies.com\/de\/brands\/ainsworths\/","og_site_name":"Star Remedies","article_publisher":"https:\/\/www.facebook.com\/starremedies\/","article_modified_time":"2025-02-04T12:19:30+00:00","twitter_card":"summary_large_image","schema":{"@context":"https:\/\/schema.org","@graph":[{"@type":"WebPage","@id":"https:\/\/www.starremedies.com\/brands\/ainsworths\/","url":"https:\/\/www.starremedies.com\/brands\/ainsworths\/","name":"Ainsworths Bachbl\u00fcten Essenzen - Original Bachbl\u00fcten","isPartOf":{"@id":"https:\/\/www.starremedies.com\/#website"},"datePublished":"2016-02-19T11:21:48+00:00","dateModified":"2025-02-04T12:19:30+00:00","description":"Ainsworths Bachbl\u00fctenessenzen werden nach der Methode von Edward Bach hergestellt und haben die Originalverd\u00fcnnung von 1:240. Bachbl\u00fcten aus England.","breadcrumb":{"@id":"https:\/\/www.starremedies.com\/brands\/ainsworths\/#breadcrumb"},"inLanguage":"de","potentialAction":[{"@type":"ReadAction","target":["https:\/\/www.starremedies.com\/brands\/ainsworths\/"]}]},{"@type":"BreadcrumbList","@id":"https:\/\/www.starremedies.com\/brands\/ainsworths\/#breadcrumb","itemListElement":[{"@type":"ListItem","position":1,"name":"Home","item":"https:\/\/www.starremedies.com\/"},{"@type":"ListItem","position":2,"name":"Our Brands","item":"https:\/\/www.starremedies.com\/brands\/"},{"@type":"ListItem","position":3,"name":"Ainsworths Bach Flowers Essences"}]},{"@type":"WebSite","@id":"https:\/\/www.starremedies.com\/#website","url":"https:\/\/www.starremedies.com\/","name":"Star Remedies","description":"","publisher":{"@id":"https:\/\/www.starremedies.com\/#organization"},"potentialAction":[{"@type":"SearchAction","target":{"@type":"EntryPoint","urlTemplate":"https:\/\/www.starremedies.com\/?s={search_term_string}"},"query-input":{"@type":"PropertyValueSpecification","valueRequired":true,"valueName":"search_term_string"}}],"inLanguage":"de"},{"@type":"Organization","@id":"https:\/\/www.starremedies.com\/#organization","name":"Star Remedies","url":"https:\/\/www.starremedies.com\/","logo":{"@type":"ImageObject","inLanguage":"de","@id":"https:\/\/www.starremedies.com\/#\/schema\/logo\/image\/","url":"https:\/\/www.starremedies.com\/wp-content\/uploads\/2016\/02\/srl.gif","contentUrl":"https:\/\/www.starremedies.com\/wp-content\/uploads\/2016\/02\/srl.gif","width":250,"height":250,"caption":"Star Remedies"},"image":{"@id":"https:\/\/www.starremedies.com\/#\/schema\/logo\/image\/"},"sameAs":["https:\/\/www.facebook.com\/starremedies\/","https:\/\/www.instagram.com\/starremedies\/"]}]}},"_links":{"self":[{"href":"https:\/\/www.starremedies.com\/de\/wp-json\/wp\/v2\/pages\/3386","targetHints":{"allow":["GET"]}}],"collection":[{"href":"https:\/\/www.starremedies.com\/de\/wp-json\/wp\/v2\/pages"}],"about":[{"href":"https:\/\/www.starremedies.com\/de\/wp-json\/wp\/v2\/types\/page"}],"author":[{"embeddable":true,"href":"https:\/\/www.starremedies.com\/de\/wp-json\/wp\/v2\/users\/1"}],"replies":[{"embeddable":true,"href":"https:\/\/www.starremedies.com\/de\/wp-json\/wp\/v2\/comments?post=3386"}],"version-history":[{"count":10,"href":"https:\/\/www.starremedies.com\/de\/wp-json\/wp\/v2\/pages\/3386\/revisions"}],"predecessor-version":[{"id":27929,"href":"https:\/\/www.starremedies.com\/de\/wp-json\/wp\/v2\/pages\/3386\/revisions\/27929"}],"up":[{"embeddable":true,"href":"https:\/\/www.starremedies.com\/de\/wp-json\/wp\/v2\/pages\/4107"}],"wp:attachment":[{"href":"https:\/\/www.starremedies.com\/de\/wp-json\/wp\/v2\/media?parent=3386"}],"curies":[{"name":"wp","href":"https:\/\/api.w.org\/{rel}","templated":true}]}}